{"id":985,"date":"2021-04-16T17:24:12","date_gmt":"2021-04-16T17:24:12","guid":{"rendered":"https:\/\/211md.org\/?page_id=985"},"modified":"2025-10-23T18:21:25","modified_gmt":"2025-10-23T22:21:25","slug":"beneficios-de-desempleado","status":"publish","type":"page","link":"https:\/\/211md.org\/es\/resources\/employment-search\/unemployment-benefits\/","title":{"rendered":"Beneficios de desempleo de Maryland"},"content":{"rendered":"<img decoding=\"async\" src=\"https:\/\/stg-maryland211-staging.kinsta.cloud\/wp-content\/uploads\/2025\/08\/5-1-scaled.png\" alt=\"5\" itemprop=\"image\" height=\"692\" width=\"2560\" title=\"5\" onerror=\"this.style.display='none'\" loading=\"lazy\" \/>\n\t\t<p>Los empleados de Maryland que pierden su empleo por causas ajenas a su voluntad pueden tener derecho a prestaciones por desempleo. El programa ofrece prestaciones temporales del Seguro de Desempleo (SD) para compensar parte de sus ingresos.<\/p>\n<p>En Maryland, las personas deben presentar una declaraci\u00f3n semanalmente y verificar que est\u00e1n buscando activamente trabajo.<\/p>\n<p>Aprenda c\u00f3mo solicitar beneficios, obtener seguro m\u00e9dico mientras est\u00e1 desempleado y c\u00f3mo reclamar beneficios en las declaraciones de impuestos.<\/p>\n\t\t\t<a href=\"#start\" target=\"_self\">\n\t\t\t\t\t\tEmpezar\n\t\t\t\t\t<\/a>\n\t\t\t\t<img decoding=\"async\" src=\"https:\/\/211md.org\/wp-content\/plugins\/bb-plugin\/img\/pixel.png\" alt=\"\" itemprop=\"image\" onerror=\"this.style.display='none'\" loading=\"lazy\" \/>\n\t\t\t\t<img decoding=\"async\" src=\"https:\/\/stg-maryland211-staging.kinsta.cloud\/wp-content\/uploads\/2025\/08\/16.png\" alt=\"16\" itemprop=\"image\" height=\"1000\" width=\"1000\" title=\"16\" onerror=\"this.style.display='none'\" loading=\"lazy\" \/>\n\t\t\t\t<img decoding=\"async\" src=\"http:\/\/211md.org\/wp-content\/uploads\/2021\/05\/Girl-Looking-At-Phone-scaled.jpg\" alt=\"Chica mirando el tel\u00e9fono con un bloc de notas y un bol\u00edgrafo\" itemprop=\"image\" title=\"Hispano, latino, joven, adolescente, chica, universitario, estudiante, sosteniendo, tel\u00e9fono inteligente, estudiando\" onerror=\"this.style.display='none'\" loading=\"lazy\" \/>\n<h2>\u00bfCu\u00e1l es la cifra de desempleo en Maryland?<\/h2>\n<p>Hay dos cifras principales de desempleo. Uno es un agente en vivo y el otro es el sistema telef\u00f3nico IVR. Tambi\u00e9n puede iniciar un <a href=\"http:\/\/www.labor.maryland.gov\/employment\/unemployment.shtml\" target=\"_blank\" rel=\"noopener\">chatear con un asistente virtual<\/a>.<\/p>\n<p>Nueva reclamaci\u00f3n o para obtener informaci\u00f3n sobre una reclamaci\u00f3n existente:<\/p>\n<img loading=\"lazy\" decoding=\"async\" src=\"http:\/\/211md.org\/wp-content\/uploads\/2025\/08\/2025_MdInfoNet_Icon-Sets_Phone-400x400.png\" alt=\"Icono de tel\u00e9fono\" width=\"50\" height=\"50\" \/>Llamar<br \/>\n667-206-6520. Para obtener una certificaci\u00f3n de reclamo semanal, restablecer un PIN o consultar el estado de un pago, llame al <img loading=\"lazy\" decoding=\"async\" src=\"http:\/\/211md.org\/wp-content\/uploads\/2025\/08\/2025_MdInfoNet_Icon-Sets_Phone-400x400.png\" alt=\"Icono de tel\u00e9fono\" width=\"50\" height=\"50\" \/>Llamar<br \/>\n410-949-0022.\n<p>&nbsp;<\/p>\n<p>Tambi\u00e9n existe la opci\u00f3n de <a href=\"http:\/\/www.labor.maryland.gov\/employment\/officenum.shtml\" target=\"_blank\" rel=\"noopener\">chatear en l\u00ednea<\/a>.<\/p>\n<h3>Cierre federal y desempleo<\/h3>\n<p>Si eres empleado federal, podr\u00edas tener derecho al subsidio por desempleo durante el cierre del gobierno. Depende de tu situaci\u00f3n. <a href=\"https:\/\/labor.maryland.gov\/unemployment-insurance\/claimants\/federal-employees\/frequently-asked-questions.shtml\" target=\"_blank\" rel=\"noopener\">Estas preguntas frecuentes<\/a> del Departamento de Trabajo de Maryland ayuda a responder preguntas comunes sobre los beneficios.<\/p>\n<p>Tambi\u00e9n hay un <a href=\"https:\/\/labor.maryland.gov\/federalworkers\/shutdownloan\/\" target=\"_blank\" rel=\"noopener\">Programa de pr\u00e9stamos para el cierre federal<\/a> que proporciona un pr\u00e9stamo de $700 sin intereses que se reembolsa una vez que finaliza el cierre y se recibe el pago atrasado.<\/p>\n<h3><b>\u00bfQu\u00e9 es BEACON 2.0?<\/b><\/h3>\n<p>El Departamento de Trabajo de Maryland, Divisi\u00f3n de Seguro de Desempleo, utiliza un programa llamado <a href=\"https:\/\/beacon.labor.maryland.gov\/beacon\/claimant-page.html\" target=\"_blank\" rel=\"noopener\">BALIZA 2.0<\/a> para ayudar a los residentes de Maryland a solicitar beneficios de desempleo y administrar reclamos de seguro de desempleo (WEBCERT).<\/p>\n<h3>\u00bfQu\u00e9 documentos necesitas para solicitar el desempleo?<\/h3>\n<p>Antes de solicitar el desempleo, re\u00fana los documentos que el estado necesitar\u00e1 para verificar su reclamo. Estos incluyen informaci\u00f3n personal e historial laboral de los \u00faltimos 18 meses. Necesitar\u00e1 el nombre, la direcci\u00f3n y el n\u00famero de tel\u00e9fono de todos sus empleadores durante ese tiempo.<\/p>\n<p>A los solicitantes se les pueden solicitar documentos como:<\/p>\n<ul>\n<li>talones de pago<\/li>\n<li>Formulario W-2<\/li>\n<li>Formularios 1099<\/li>\n<li>declaraci\u00f3n de impuestos<\/li>\n<\/ul>\n<p><a href=\"http:\/\/www.labor.maryland.gov\/employment\/uiclaimdocs.pdf\" target=\"_blank\" rel=\"noopener\">Conoce los documentos<\/a> que puedan requerirse para presentar una reclamaci\u00f3n.<\/p>\n<h3><b>C\u00f3mo certificar el reclamo cada semana<\/b><\/h3>\n<p>Cada semana, los beneficiarios del seguro de desempleo deben presentar una certificaci\u00f3n de solicitud. Puede hacerlo de tres maneras:<\/p>\n<ul>\n<li aria-level=\"1\">presentaci\u00f3n a trav\u00e9s\u00a0<a href=\"https:\/\/beacon.labor.maryland.gov\/beacon\/claimant-page.html\" target=\"_blank\" rel=\"noopener\">BALIZA 2.0<\/a><\/li>\n<li aria-level=\"1\">Usando la aplicaci\u00f3n llamada &quot;MD Unemployment for Claimants&quot;. Desc\u00e1rgalo en el\u00a0<a href=\"https:\/\/bit.ly\/AppleMDBEACON\" target=\"_blank\" rel=\"noopener\">Tienda iTunes de Apple<\/a>\u00a0o\u00a0<a href=\"https:\/\/bit.ly\/GoogleMDBEACON\" target=\"_blank\" rel=\"noopener\">Google Play<\/a>.<\/li>\n<li aria-level=\"1\">Llamando al 410-949-0022<\/li>\n<\/ul>\n\t\t<h2><a href=\"https:\/\/labor.maryland.gov\/unemployment-insurance\/claimants\/job-search.shtml\" target=\"_blank\" rel=\"noopener\">Actividades laborales semanales requeridas<\/a><\/h2><p>Para seguir siendo elegible para los beneficios de desempleo, los residentes de Maryland deben buscar trabajo activamente.<\/p>\n<p>Cada semana, quienes buscan empleo deben completar al menos tres actividades de reempleo v\u00e1lidas. Al menos una debe ser un contacto laboral.<\/p>\n<p>Un contacto de trabajo calificado implica ponerse en contacto con un empleador potencial. Puede ser en persona, en l\u00ednea oa trav\u00e9s de fax o correo electr\u00f3nico.<\/p>\n<p>El Departamento de Trabajo de Maryland tiene una lista de actividades que califican para este requisito.<\/p>\n<p>&nbsp;<\/p>\n\t\t\t<a href=\"https:\/\/labor.maryland.gov\/unemployment-insurance\/claimants\/job-search.shtml\" target=\"_blank\" rel=\"noopener\">\n\t\t\t\t\t\t\tAprende m\u00e1s\n\t\t\t\t\t<\/a>\n\t\t\t\t<a href=\"https:\/\/search.211md.org\/\" target=\"_blank\" rel=\"noopener\" itemprop=\"url\">\n\t\t\t\t<img decoding=\"async\" src=\"https:\/\/stg-maryland211-staging.kinsta.cloud\/wp-content\/uploads\/2025\/08\/2025_MdInfoNet_Icon-Sets-white_Locate.png\" alt=\"\" itemprop=\"image\" onerror=\"this.style.display='none'\" loading=\"lazy\" \/>\n\t\t\t\t<\/a>\n<h2><a href=\"https:\/\/search.211md.org\/\" target=\"_blank\" rel=\"noopener\">Encuentre recursos ahora<\/a><\/h2><p>Encontrar <strong>recursos comunitarios <\/strong>Para alimentaci\u00f3n, salud, vivienda y m\u00e1s en nuestra base de datos. Busque por c\u00f3digo postal.<\/p>\n\t\t\t<a href=\"https:\/\/search.211md.org\/\" target=\"_blank\" rel=\"noopener\">\n\t\t\t\t\t\t\tBuscar ahora\n\t\t\t<\/a>\n\t\t\t\t<img decoding=\"async\" src=\"http:\/\/211md.org\/wp-content\/uploads\/2025\/09\/person-doing-taxes.jpg\" alt=\"Persona que hace impuestos, llenando el formulario 1040\" itemprop=\"image\" title=\"persona que hace impuestos\" onerror=\"this.style.display='none'\" loading=\"lazy\" \/>\n\t\t<h2>C\u00f3mo presentar impuestos sobre el desempleo<\/h2>\n<p>Al presentar impuestos, los beneficiarios del seguro de desempleo (UI) proporcionan prueba de los beneficios (dinero) recibidos con el Formulario 1099-G.<\/p>\n<h3>\u00bfQu\u00e9 es el Formulario 1099-G?<\/h3>\n<p>Este formulario se llama Declaraci\u00f3n para destinatarios de ciertos pagos del gobierno.<\/p>\n<p>El formulario 1099-G incluye el beneficio total de desempleo de Maryland para cada a\u00f1o calendario.<\/p>\n<p>Puede ser diferente a lo recibido por la(s) semana(s) de desempleo pagado.<\/p>\n<p>Si tiene alguna pregunta, hable con un preparador de impuestos. En Maryland, ofrecemos servicios gratuitos de preparaci\u00f3n de impuestos para quienes califiquen.<\/p>\n\t\t\t<a href=\"https:\/\/211md.org\/es\/recursos\/servicios-de-impuestos\/\" target=\"_blank\" rel=\"noopener\">\n\t\t\t\t\t\t\tEncuentre ayuda fiscal gratuita\n\t\t\t\t\t<\/a>\n\t<h2>C\u00f3mo obtener un seguro m\u00e9dico estando desempleado<\/h2>\n<p>Cuando se pierde un trabajo, surgen preocupaciones adicionales m\u00e1s all\u00e1 de la posibilidad de quedarse sin sueldo. \u00bfQu\u00e9 pasa con el seguro m\u00e9dico?<\/p>\n<p>Aunque el empleo puede terminar con un empleador, los ex empleados pueden tener derecho a:<\/p>\n<ul>\n<li>Continuar con su seguro m\u00e9dico mientras est\u00e1n desempleados a trav\u00e9s de COBRA<\/li>\n<li>o compre un seguro a trav\u00e9s de Maryland Health Connection<\/li>\n<\/ul>\n<p>Inf\u00f3rmese sobre ambas opciones.<\/p>\n<h3>\u00bfQu\u00e9 es COBRA?<\/h3>\n<p>COBRA significa Ley \u00d3mnibus Consolidada de Reconciliaci\u00f3n Presupuestaria.<\/p>\n<p>Es un nombre grande, pero m\u00e1s com\u00fanmente se lo conoce como COBRA.<\/p>\n\t\t\t\t<img decoding=\"async\" src=\"http:\/\/211md.org\/wp-content\/uploads\/2022\/05\/woman-talking-to-her-doctor.jpg\" alt=\"mujer hablando con su doctor\" itemprop=\"image\" title=\"mujer-hablando-con-su-doctor\" onerror=\"this.style.display='none'\" loading=\"lazy\" \/>\n\t<p>Brinda a los trabajadores y sus familias acceso a un seguro de salud despu\u00e9s de un despido.<\/p>\n<p>COBRA normalmente est\u00e1 disponible para:<\/p>\n<ul>\n<li>empleados que son despedidos<\/li>\n<li>perder su trabajo, siempre y cuando no haya mala conducta grave<\/li>\n<li>para personas que abandonan voluntariamente un trabajo<\/li>\n<\/ul>\n<h4>\u00bfCu\u00e1nto dura COBRA?<\/h4>\n<p>Los beneficios de salud pueden continuar durante al menos 18 meses y hasta 36 meses en algunos casos.<\/p>\n<h4>\u00bfCual es el costo?<\/h4>\n<p>Por lo general, es m\u00e1s caro que la prima del seguro m\u00e9dico que se paga mientras se trabaja en la empresa.<\/p>\n<p>A veces el precio es significativamente m\u00e1s alto. \u00bfPor qu\u00e9? Porque el empleador ya no paga una parte del seguro m\u00e9dico.<\/p>\n<p>La persona que compra COBRA generalmente paga la prima completa del seguro.<\/p>\n<p>Hable con el ex empleador sobre si COBRA est\u00e1 disponible mientras est\u00e1 desempleado.<\/p>\n<h3>Conexi\u00f3n de salud de Maryland<\/h3>\n<p>Las personas desempleadas pueden solicitar cobertura de seguro a trav\u00e9s de Maryland Health Connection.<\/p>\n<p>Lea la gu\u00eda de 211 sobre seguros de salud.<\/p>\n\t\t\t<a href=\"https:\/\/211md.org\/es\/recursos\/cuidado-de-la-salud\/seguro-de-salud\/\" target=\"_self\">\n\t\t\t\t\t\t\tConozca las opciones de seguro m\u00e9dico\n\t\t\t\t\t<\/a>\n\t\t\t\t<img decoding=\"async\" src=\"https:\/\/211md.org\/wp-content\/plugins\/bb-plugin\/img\/pixel.png\" alt=\"\" itemprop=\"image\" onerror=\"this.style.display='none'\" loading=\"lazy\" \/>\n\t\t\t\t<img decoding=\"async\" src=\"https:\/\/211md.org\/wp-content\/uploads\/bb-plugin\/cache\/Call-center-specialst-circle-4e9ecd7b3425be4576416abc911049bb-.jpg\" alt=\"Especialista en centro de llamadas\" itemprop=\"image\" title=\"Especialista en call center\" onerror=\"this.style.display='none'\" loading=\"lazy\" \/>\n<h2>Marque 211<\/h2><p>Habla con una persona atenta y compasiva las 24 horas, los 7 d\u00edas de la semana. Tambi\u00e9n puede ponerte en contacto con recursos.\u00a0<\/p>\n\t\t\t<a href=\"tel:%20+211\" target=\"_blank\" rel=\"noopener\">\n\t\t\t\t\t\tMarca 211 (m\u00f3vil)\n\t\t\t\t\t<\/a>\n<h2>\n\t\t\tInformaci\u00f3n relacionada con las necesidades de empleo\t<\/h2>\n\t\t<h4><a href=\"\/es\/recursos\/envejecimiento-discapacidad\/?utm_source=Home&#038;utm_medium=Referral&#038;utm_campaign=211Resources&#038;utm_content=Aging\" target=\"_self\">Envejecimiento y discapacidad<\/a><\/h4>\n\t\t\t\t<a href=\"\/es\/recursos\/envejecimiento-discapacidad\/?utm_source=Home&#038;utm_medium=Referral&#038;utm_campaign=211Resources&#038;utm_content=Aging\"  target=\"_self\" itemprop=\"url\">\n\t\t\t\t<img decoding=\"async\" src=\"https:\/\/211md.org\/wp-content\/uploads\/bb-plugin\/cache\/2025_MdInfoNet_Icon-Sets_Aging-disability-square-c466727102cae71e5f27b8539bb51945-.png\" alt=\"\" itemprop=\"image\" onerror=\"this.style.display='none'\" loading=\"lazy\" \/>\n\t\t\t\t<\/a>\n\t\t<h4><a href=\"\/es\/recursos\/ninos-familias\/?utm_source=Home&#038;utm_medium=Referral&#038;utm_campaign=211Resources&#038;utm_content=Children\" target=\"_self\">Ni\u00f1os y familias<\/a><\/h4>\n\t\t\t\t<a href=\"\/es\/recursos\/ninos-familias\/?utm_source=Home&#038;utm_medium=Referral&#038;utm_campaign=211Resources&#038;utm_content=Children\"  target=\"_self\" itemprop=\"url\">\n\t\t\t\t<img decoding=\"async\" src=\"https:\/\/211md.org\/wp-content\/uploads\/bb-plugin\/cache\/2025_211_Icon-Sets_Child-care-square-f3b0d4edab3dcc467fadb5f55f4064c6-.png\" alt=\"2025_211_Conjuntos de iconos_Cuidado infantil\" itemprop=\"image\" height=\"417\" width=\"417\" title=\"2025_211_Conjuntos de iconos_Cuidado infantil\" onerror=\"this.style.display='none'\" loading=\"lazy\" \/>\n\t\t\t\t<\/a>\n\t\t<h4><a href=\"\/es\/recursos\/violencia-domestica-familiar\/?utm_source=Home&#038;utm_medium=Referral&#038;utm_campaign=211Resources&#038;utm_content=Domestic\" target=\"_self\">Violencia dom\u00e9stica<\/a><\/h4>\n\t\t\t\t<a href=\"\/es\/recursos\/violencia-domestica-familiar\/?utm_source=Home&#038;utm_medium=Referral&#038;utm_campaign=211Resources&#038;utm_content=Domestic\"  target=\"_self\" itemprop=\"url\">\n\t\t\t\t<img decoding=\"async\" src=\"https:\/\/211md.org\/wp-content\/uploads\/bb-plugin\/cache\/2025_211_Icon-Sets_Domestic-Violence-square-7b597694a6f05fe90cdc376aa573bc63-.png\" alt=\"Icono de violencia dom\u00e9stica\" itemprop=\"image\" height=\"417\" width=\"417\" title=\"2025_211_Conjuntos de iconos_Violencia dom\u00e9stica\" onerror=\"this.style.display='none'\" loading=\"lazy\" \/>\n\t\t\t\t<\/a>\n\t\t<h4><a href=\"\/es\/recursos\/busqueda-de-empleo\/?utm_source=Home&#038;utm_medium=Referral&#038;utm_campaign=211Resources&#038;utm_content=Employment\" target=\"_self\">Empleo<\/a><\/h4>\n\t\t\t\t<a href=\"\/es\/recursos\/busqueda-de-empleo\/?utm_source=Home&#038;utm_medium=Referral&#038;utm_campaign=211Resources&#038;utm_content=Employment\"  target=\"_self\" itemprop=\"url\">\n\t\t\t\t<img decoding=\"async\" src=\"https:\/\/211md.org\/wp-content\/uploads\/bb-plugin\/cache\/2025_MdInfoNet_Icon-Sets_Employment-square-44707bd410e4df10a470bf130ebcea86-.png\" alt=\"\" itemprop=\"image\" onerror=\"this.style.display='none'\" loading=\"lazy\" \/>\n\t\t\t\t<\/a>\n\t\t<h4><a href=\"\/es\/recursos\/cuidado-de-la-salud\/?utm_source=Home&#038;utm_medium=Referral&#038;utm_campaign=211Resources&#038;utm_content=Health%20Care\" target=\"_self\">Cuidado de la salud<\/a><\/h4>\n\t\t\t\t<a href=\"\/es\/recursos\/cuidado-de-la-salud\/?utm_source=Home&#038;utm_medium=Referral&#038;utm_campaign=211Resources&#038;utm_content=Health%20Care\"  target=\"_self\" itemprop=\"url\">\n\t\t\t\t<img decoding=\"async\" src=\"https:\/\/211md.org\/wp-content\/uploads\/bb-plugin\/cache\/2025_MdInfoNet_Icon-Sets_Health-Care-square-dee98a0060cbe0e7f27eda253fc12679-.png\" alt=\"\" itemprop=\"image\" onerror=\"this.style.display='none'\" loading=\"lazy\" \/>\n\t\t\t\t<\/a>\n\t\t<h4><a href=\"\/es\/recursos\/ninos-familias\/parentesco\/?utm_source=Home&#038;utm_medium=Referral&#038;utm_campaign=211Resources&#038;utm_content=Kinship\" target=\"_self\">Parentesco<\/a><\/h4>\n\t\t\t\t<a href=\"\/es\/recursos\/ninos-familias\/parentesco\/?utm_source=Home&#038;utm_medium=Referral&#038;utm_campaign=211Resources&#038;utm_content=Kinship\"  target=\"_self\" itemprop=\"url\">\n\t\t\t\t<img decoding=\"async\" src=\"https:\/\/211md.org\/wp-content\/uploads\/bb-plugin\/cache\/2025_211_Icon-Sets_Kinship-square-45bdf872866f5735f842c32071109267-.png\" alt=\"Icono de parentesco\" itemprop=\"image\" height=\"417\" width=\"417\" title=\"2025_211_Conjuntos de iconos_Parentesco\" onerror=\"this.style.display='none'\" loading=\"lazy\" \/>\n\t\t\t\t<\/a>\n\t\t<h4><a href=\"\/es\/recursos\/servicios-legales\/?utm_source=Home&#038;utm_medium=Referral&#038;utm_campaign=211Resources&#038;utm_content=Legal\" target=\"_self\">Servicios Legales<\/a><\/h4>\n\t\t\t\t<a href=\"\/es\/recursos\/servicios-legales\/?utm_source=Home&#038;utm_medium=Referral&#038;utm_campaign=211Resources&#038;utm_content=Legal\"  target=\"_self\" itemprop=\"url\">\n\t\t\t\t<img decoding=\"async\" src=\"https:\/\/211md.org\/wp-content\/uploads\/bb-plugin\/cache\/2025_MdInfoNet_Icon-Sets_Legal-square-18fdf438feb8435588174d9046463257-.png\" alt=\"\" itemprop=\"image\" onerror=\"this.style.display='none'\" loading=\"lazy\" \/>\n\t\t\t\t<\/a>\n\t\t<h4><a href=\"\/es\/recursos\/salud-mental\/?utm_source=Home&#038;utm_medium=Referral&#038;utm_campaign=211Resources&#038;utm_content=Mental\" target=\"_self\">Salud mental<\/a><\/h4>\n\t\t\t\t<a href=\"\/es\/recursos\/salud-mental\/?utm_source=Home&#038;utm_medium=Referral&#038;utm_campaign=211Resources&#038;utm_content=Mental\"  target=\"_self\" itemprop=\"url\">\n\t\t\t\t<img decoding=\"async\" src=\"https:\/\/211md.org\/wp-content\/uploads\/bb-plugin\/cache\/2025_MdInfoNet_Icon-Sets_Mental-Health-square-c59b38c4a993a947d4c9280fbe2d2fee-.png\" alt=\"\" itemprop=\"image\" onerror=\"this.style.display='none'\" loading=\"lazy\" \/>\n\t\t\t\t<\/a>\n\t\t<h4><a href=\"\/es\/recursos\/mdreentry\/?utm_source=Home&#038;utm_medium=Referral&#038;utm_campaign=211Resources&#038;utm_content=Reentry\" target=\"_self\">Reentrada<\/a><\/h4>\n\t\t\t\t<a href=\"\/es\/recursos\/mdreentry\/?utm_source=Home&#038;utm_medium=Referral&#038;utm_campaign=211Resources&#038;utm_content=Reentry\"  target=\"_self\" itemprop=\"url\">\n\t\t\t\t<img decoding=\"async\" src=\"https:\/\/211md.org\/wp-content\/uploads\/bb-plugin\/cache\/2025_211_Icon-Sets_Reentry-square-8676fea38abd920a832f45642fe31cca-.png\" alt=\"Icono de reentrada\" itemprop=\"image\" height=\"417\" width=\"417\" title=\"2025_211_Conjuntos de iconos_Reentrada\" onerror=\"this.style.display='none'\" loading=\"lazy\" \/>\n\t\t\t\t<\/a>\n\t\t<h4><a href=\"\/es\/recursos\/consumo-de-sustancias\/?utm_source=Home&#038;utm_medium=Referral&#038;utm_campaign=211Resources&#038;utm_content=Substance\" target=\"_self\">Uso de sustancias<\/a><\/h4>\n\t\t\t\t<a href=\"\/es\/recursos\/consumo-de-sustancias\/?utm_source=Home&#038;utm_medium=Referral&#038;utm_campaign=211Resources&#038;utm_content=Substance\"  target=\"_self\" itemprop=\"url\">\n\t\t\t\t<img decoding=\"async\" src=\"https:\/\/211md.org\/wp-content\/uploads\/bb-plugin\/cache\/2025_MdInfoNet_Icon-Sets_Substance-Abuse-square-9022fec9d18a64118ad685c101885b55-.png\" alt=\"\" itemprop=\"image\" onerror=\"this.style.display='none'\" loading=\"lazy\" \/>\n\t\t\t\t<\/a>\n\t\t<h4><a href=\"\/es\/recursos\/veteranos\/?utm_source=Home&#038;utm_medium=Referral&#038;utm_campaign=211Resources&#038;utm_content=Veterans\" target=\"_self\">veteranos<\/a><\/h4>\n\t\t\t\t<a href=\"\/es\/recursos\/veteranos\/?utm_source=Home&#038;utm_medium=Referral&#038;utm_campaign=211Resources&#038;utm_content=Veterans\"  target=\"_self\" itemprop=\"url\">\n\t\t\t\t<img decoding=\"async\" src=\"https:\/\/211md.org\/wp-content\/uploads\/bb-plugin\/cache\/2025_MdInfoNet_Icon-Sets_Rating-square-6e60d00cce4faa8e0a6d4ad7366aa733-.png\" alt=\"\" itemprop=\"image\" onerror=\"this.style.display='none'\" loading=\"lazy\" \/>\n\t\t\t\t<\/a>","protected":false},"excerpt":{"rendered":"<p>Los empleados de Maryland que pierden su empleo por causas ajenas a su voluntad pueden tener derecho a prestaciones por desempleo. El programa ofrece prestaciones temporales del Seguro de Desempleo (UI) para reemplazar parte de sus ingresos. En Maryland, las personas deben presentar su solicitud semanalmente y verificar que buscan empleo activamente. Aprenda a solicitar prestaciones, obtener seguro m\u00e9dico...<\/p>","protected":false},"author":8,"featured_media":33905,"parent":924,"menu_order":0,"comment_status":"closed","ping_status":"closed","template":"","meta":{"footnotes":""},"class_list":["post-985","page","type-page","status-publish","has-post-thumbnail","hentry"],"_links":{"self":[{"href":"https:\/\/211md.org\/es\/wp-json\/wp\/v2\/pages\/985","targetHints":{"allow":["GET"]}}],"collection":[{"href":"https:\/\/211md.org\/es\/wp-json\/wp\/v2\/pages"}],"about":[{"href":"https:\/\/211md.org\/es\/wp-json\/wp\/v2\/types\/page"}],"author":[{"embeddable":true,"href":"https:\/\/211md.org\/es\/wp-json\/wp\/v2\/users\/8"}],"replies":[{"embeddable":true,"href":"https:\/\/211md.org\/es\/wp-json\/wp\/v2\/comments?post=985"}],"version-history":[{"count":5,"href":"https:\/\/211md.org\/es\/wp-json\/wp\/v2\/pages\/985\/revisions"}],"predecessor-version":[{"id":34019,"href":"https:\/\/211md.org\/es\/wp-json\/wp\/v2\/pages\/985\/revisions\/34019"}],"up":[{"embeddable":true,"href":"https:\/\/211md.org\/es\/wp-json\/wp\/v2\/pages\/924"}],"wp:featuredmedia":[{"embeddable":true,"href":"https:\/\/211md.org\/es\/wp-json\/wp\/v2\/media\/33905"}],"wp:attachment":[{"href":"https:\/\/211md.org\/es\/wp-json\/wp\/v2\/media?parent=985"}],"curies":[{"name":"Gracias","href":"https:\/\/api.w.org\/{rel}","templated":true}]}}