{"id":999,"date":"2021-04-16T18:11:18","date_gmt":"2021-04-16T18:11:18","guid":{"rendered":"https:\/\/211md.org\/?page_id=999"},"modified":"2025-09-07T20:53:11","modified_gmt":"2025-09-08T00:53:11","slug":"programas-de-verano","status":"publish","type":"page","link":"https:\/\/211md.org\/es\/resources\/children-families\/summer-programs\/","title":{"rendered":"Campamentos de verano, programas y apoyo alimentario para ni\u00f1os"},"content":{"rendered":"<p>\u00bfSe pregunta c\u00f3mo mantener ocupado a su hijo durante las vacaciones de verano? Hay programas de recreaci\u00f3n gratuitos o de bajo costo disponibles en su \u00e1rea.\u00a0\u00a0<\/p>\n<p>Muchos departamentos y organizaciones locales de parques y recreaci\u00f3n ofrecen programas y campamentos para mantener a los ni\u00f1os activos durante el verano de una manera divertida y atractiva.<\/p>\n<h2>Encuentre un campamento de verano en Maryland<\/h2>\n<p><a href=\"https:\/\/search.211md.org\/search?query=PL-6400.1500-820&amp;query_type=taxonomy&amp;query_label=&amp;query_language=en\" target=\"_blank\" rel=\"noopener\">211 tiene una base de datos de casi 200 campamentos y recursos de verano.<\/a>. Puede buscar por ciudad o c\u00f3digo postal, idioma y edad del ni\u00f1o. <\/p>\n<p>Esta lista incluye programas de Parques y Recreaci\u00f3n, la YMCA y otras organizaciones. La base de datos 211 tambi\u00e9n incluye recursos para campamentos como el Directorio de campamentos de verano de Baltimore Family Alliance, que tiene campamentos en el \u00e1rea de Baltimore. Debes proporcionar tu nombre y correo electr\u00f3nico para descargar el <a href=\"https:\/\/www.baltimorefamilies.org\/summer-camp-directory.html\" target=\"_blank\" rel=\"noopener\">Directorio de campamentos de verano en Baltimore<\/a>.<\/p>\n<p>Tambi\u00e9n puedes buscar campamentos de verano y verificar que el que elegiste tenga licencia, con el <a href=\"https:\/\/mdhyouthcamps.force.com\/CampSearch\/s\/\" target=\"_blank\" rel=\"noopener\">Base de datos de campamentos del Departamento de Salud de Maryland<\/a>. La base de datos del Departamento de Salud le permite buscar por nombre del campamento, n\u00famero de licencia o condado.<\/p>\n\t\t\t\t<img decoding=\"async\" src=\"https:\/\/211md.org\/wp-content\/uploads\/2021\/05\/Diverse-Children.png\" alt=\"Un grupo de ni\u00f1os con las manos levantadas y sonriendo.\" itemprop=\"image\" height=\"348\" width=\"460\" title=\"ni\u00f1os diversos\" onerror=\"this.style.display='none'\" loading='lazy' \/>\n\t<h3>Programas de enriquecimiento<\/h3>\n<p>211 tambi\u00e9n proporciona una lista de programas de enriquecimiento juvenil para el verano. Estos pueden incluir tutor\u00eda, actividades educativas, apoyo acad\u00e9mico y otros programas especiales. <a href=\"https:\/\/search.211md.org\/search?query=PL-6400.1500-820&amp;query_type=taxonomy&amp;query_label=&amp;query_language=en\" target=\"_blank\" rel=\"noopener\">Busque programas de enriquecimiento en nuestra base de datos de recursos estatales<\/a>.<\/p>\n<h4>Otros apoyos para ni\u00f1os<\/h4>\n<p>211 tambi\u00e9n tiene recursos para ni\u00f1os que pueden ayudar con tutor\u00eda o tutor\u00eda. Tambi\u00e9n tenemos b\u00fasquedas de escuelas p\u00fablicas. Consulte con su distrito escolar local para ver si tienen un programa de verano o escuela de verano.<\/p>\n<p>Tambi\u00e9n puedes llamar al 211 para obtener ayuda para encontrar un campamento o programa de verano.<\/p>\n<p>Buscar:<\/p>\n<ul>\n<li><a href=\"https:\/\/search.211md.org\/search?query=HL-8700&amp;query_type=taxonomy&amp;query_label=&amp;query_language=en\" target=\"_blank\" rel=\"noopener\">Servicios de tutor\u00eda<\/a><\/li>\n<li><a href=\"https:\/\/search.211md.org\/search?query=HD-8000&amp;query_type=taxonomy&amp;query_label=&amp;query_language=en\" target=\"_blank\" rel=\"noopener\">Escuelas publicas<\/a><\/li>\n<li><a href=\"https:\/\/search.211md.org\/search?query=PH-1400.5000-100&amp;query_type=taxonomy&amp;query_label=&amp;query_language=en\" target=\"_blank\" rel=\"noopener\">Programas de mentores para adultos\/ni\u00f1os<\/a><\/li>\n<\/ul>\n\t<h2><b>Alimentos para ni\u00f1os en edad escolar durante el verano<\/b>\u00a0<\/h2>\n<p>Muchos distritos escolares ofrecen comidas saludables para los ni\u00f1os durante el verano como una extensi\u00f3n de los servicios ofrecidos durante el a\u00f1o escolar. No es necesario registrarse ni presentar identificaci\u00f3n para recibir la comida para ni\u00f1os menores de 18 a\u00f1os.\u00a0<\/p>\n<p>Los programas suelen realizarse en la biblioteca, la escuela, la organizaci\u00f3n religiosa, el centro recreativo u otro socio comunitario.<\/p>\n<p><a href=\"https:\/\/mars.msde.maryland.gov\/mars_sitesearch\/\" target=\"_blank\" rel=\"noopener\">Encuentre un sitio de comida de verano cerca de usted<\/a>.\u00a0<\/p>\n<h3>D\u00f3lares del sol de verano<\/h3>\n<p>A partir de este a\u00f1o, tambi\u00e9n habr\u00e1 un programa EBT de verano conocido como <a href=\"https:\/\/www.fns.usda.gov\/summer\/sunbucks\" target=\"_blank\" rel=\"noopener\">D\u00f3lares del sol<\/a> para reducir el hambre de verano.<\/p>\n<p>Las familias elegibles recibir\u00e1n $120 por ni\u00f1o para ayudar a comprar alimentos para sus hijos durante el verano cuando la escuela est\u00e9 cerrada. La mayor\u00eda de las familias de Maryland quedar\u00e1n inscritas autom\u00e1ticamente. No es necesario presentar la solicitud si:<\/p>\n<ul>\n<li>el hogar recibe comidas escolares gratuitas o a precio reducido<\/li>\n<li>el hogar participa en SNAP (cupones de alimentos), Asistencia Temporal en Efectivo (TCA) o Medicaid<\/li>\n<li>Los ni\u00f1os est\u00e1n en hogares de acogida, sin hogar, inmigrantes o fugitivos.<\/li>\n<\/ul>\n<p>Se espera que el programa ayude a alimentar a 50.000 ni\u00f1os en todo el estado.<\/p>\n<p>Este es un beneficio de comestibles financiado con fondos federales. En junio, julio y agosto, las familias recibir\u00e1n $40 al mes ($120 en total) por estudiante elegible. Los fondos vencen 122 d\u00edas despu\u00e9s de su emisi\u00f3n y no se pueden volver a emitir.<\/p>\n<p>Aprender m\u00e1s acerca de <a href=\"https:\/\/dhs.maryland.gov\/sunbucks\/\" target=\"_blank\" rel=\"noopener\">D\u00f3lares del sol de verano en Maryland<\/a>.<\/p>\n\t\t\t\t<img decoding=\"async\" src=\"http:\/\/211md.org\/wp-content\/uploads\/2024\/04\/School-aged-children-getting-free-lunch.jpg\" alt=\"Ni\u00f1os en edad escolar reciben almuerzo gratis\" itemprop=\"image\" title=\"Ni\u00f1os en edad escolar reciben almuerzo gratis\" onerror=\"this.style.display='none'\" loading='lazy' \/>\n<h2>Informaci\u00f3n relacionada<\/h2>\n<p><a title=\"ser padre\" href=\"https:\/\/211md.org\/es\/recursos\/ninos-familias\/ser-padre\/\">Apoyo para padres<\/a><\/p>\n<p><a title=\"Tener un beb\u00e9\" href=\"https:\/\/211md.org\/es\/recursos\/ninos-familias\/tener-un-bebe\/\">Tener un beb\u00e9<\/a><\/p>\n<p><a href=\"https:\/\/211md.org\/es\/recursos\/alimento\/wic\/\">Mujeres, beb\u00e9s y ni\u00f1os (WIC)<\/a><\/p>\n<p><a title=\"ACE\" href=\"https:\/\/211md.org\/es\/recursos\/ninos-familias\/ases\/\">ACE<\/a><\/p>\n<p><a title=\"Mi hijo est\u00e1 fuera de control\" href=\"https:\/\/211md.org\/es\/recursos\/ninos-familias\/comportamientos-infantiles\/\">Comportamientos de los ni\u00f1os<\/a><\/p>\n<p><a href=\"https:\/\/211md.org\/es\/recursos\/ninos-familias\/parentesco\/\" target=\"_blank\" rel=\"noopener\">Cuidado de parentesco<\/a><\/p>\n<p><a href=\"https:\/\/211md.org\/es\/recursos\/ninos-familias\/parentesco-navegacion\/\" target=\"_blank\" rel=\"noopener\">Navegaci\u00f3n de parentesco<\/a><\/p>\n<h2>\n\t\t\tBuscar recursos\t<\/h2>\n\t\t\t\t<a href=\"\/es\/recursos\/envejecimiento-discapacidad\/\"  target=\"_self\" itemprop=\"url\">\n\t\t\t\t<img decoding=\"async\" src=\"https:\/\/211md.org\/wp-content\/uploads\/bb-plugin\/cache\/Mask-Group-41@2x-circle-73eaadba4cad8269faa4720e25cf1c85-.png\" alt=\"Los pies de una mujer mayor y una mujer m\u00e1s joven caminando juntas\" itemprop=\"image\" height=\"500\" width=\"500\" title=\"Servicios para discapacitados\" onerror=\"this.style.display='none'\" loading='lazy' \/>\n\t\t\t\t<\/a>\n\t\t<h3><a href=\"\/es\/recursos\/envejecimiento-discapacidad\/\" target=\"_self\">Envejecimiento y discapacidad<\/a><\/h3>\t\n\t\t\t\t<a href=\"\/es\/recursos\/ninos-familias\/\"  target=\"_self\" itemprop=\"url\">\n\t\t\t\t<img decoding=\"async\" src=\"https:\/\/211md.org\/wp-content\/uploads\/bb-plugin\/cache\/Mask-Group-38@2x-circle-ac40d46265fbec62083cd27f6dcf23b0-.png\" alt=\"Un ni\u00f1o y una ni\u00f1a sonriendo y mirando a la c\u00e1mara.\" itemprop=\"image\" height=\"500\" width=\"500\" title=\"M\u00e1scara Grupo 38@2x\" onerror=\"this.style.display='none'\" loading='lazy' \/>\n\t\t\t\t<\/a>\n\t\t<h3><a href=\"\/es\/recursos\/ninos-familias\/\" target=\"_self\">Ni\u00f1os y familias<\/a><\/h3>\t\n\t\t\t\t<a href=\"\/es\/recursos\/violencia-domestica-familiar\/\"  target=\"_self\" itemprop=\"url\">\n\t\t\t\t<img decoding=\"async\" src=\"https:\/\/211md.org\/wp-content\/uploads\/bb-plugin\/cache\/Mask-Group-39@2x-circle-b2589197a13c791d910f46dd10b27a87-.png\" alt=\"Dos pares de manos abraz\u00e1ndose\" itemprop=\"image\" height=\"500\" width=\"500\" title=\"M\u00e1scara Grupo 39@2x\" onerror=\"this.style.display='none'\" loading='lazy' \/>\n\t\t\t\t<\/a>\n\t\t<h3><a href=\"\/es\/recursos\/violencia-domestica-familiar\/\" target=\"_self\">Violencia Dom\u00e9stica\/ Familiar<\/a><\/h3>\t\n\t\t\t\t<a href=\"\/es\/recursos\/busqueda-de-empleo\/\"  target=\"_self\" itemprop=\"url\">\n\t\t\t\t<img decoding=\"async\" src=\"https:\/\/211md.org\/wp-content\/uploads\/bb-plugin\/cache\/Employment-circle-bf72562329e950df948954f5d3f44b2e-.png\" alt=\"un mec\u00e1nico de autom\u00f3viles\" itemprop=\"image\" height=\"500\" width=\"500\" title=\"Empleo\" onerror=\"this.style.display='none'\" loading='lazy' \/>\n\t\t\t\t<\/a>\n\t\t<h3><a href=\"\/es\/recursos\/busqueda-de-empleo\/\" target=\"_self\">Empleo<\/a><\/h3>\t\n\t\t\t\t<a href=\"\/es\/recursos\/cuidado-de-la-salud\/\"  target=\"_self\" itemprop=\"url\">\n\t\t\t\t<img decoding=\"async\" src=\"https:\/\/211md.org\/wp-content\/uploads\/bb-plugin\/cache\/Mask-Group-35@2x-circle-94be10c13e4adae1683b4589dc2f5b2f-.png\" alt=\"doctor, el mirar, ni\u00f1os, pierna\" itemprop=\"image\" height=\"500\" width=\"500\" title=\"M\u00e1scara Grupo 35@2x\" onerror=\"this.style.display='none'\" loading='lazy' \/>\n\t\t\t\t<\/a>\n\t\t<h3><a href=\"\/es\/recursos\/cuidado-de-la-salud\/\" target=\"_self\">Cuidado de la salud<\/a><\/h3>\t\n\t\t\t\t<a href=\"\/es\/recursos\/alimento\/\"  target=\"_self\" itemprop=\"url\">\n\t\t\t\t<img decoding=\"async\" src=\"https:\/\/211md.org\/wp-content\/uploads\/bb-plugin\/cache\/Mask-Group-32@2x-circle-1c6d647dcaf998fa079d26735cedc92b-.png\" alt=\"Vegetales frescos\" itemprop=\"image\" height=\"500\" width=\"500\" title=\"M\u00e1scara Grupo 32@2x\" onerror=\"this.style.display='none'\" loading='lazy' \/>\n\t\t\t\t<\/a>\n\t\t<h3><a href=\"\/es\/recursos\/alimento\/\" target=\"_self\">Alimento<\/a><\/h3>\t\n\t\t\t\t<a href=\"\/es\/recursos\/vivienda-refugio\/\"  target=\"_self\" itemprop=\"url\">\n\t\t\t\t<img decoding=\"async\" src=\"https:\/\/211md.org\/wp-content\/uploads\/bb-plugin\/cache\/Mask-Group-34@2x-circle-b99c55fc16ef21f35e2f2a1f7cc37b9a-.png\" alt=\"Balc\u00f3n del complejo de apartamentos\" itemprop=\"image\" height=\"500\" width=\"500\" title=\"Complejo de apartamentos\" onerror=\"this.style.display='none'\" loading='lazy' \/>\n\t\t\t\t<\/a>\n\t\t<h3><a href=\"\/es\/recursos\/vivienda-refugio\/\" target=\"_self\">Vivienda y refugio<\/a><\/h3>\t\n\t\t\t\t<a href=\"\/es\/recursos\/nuevo-en-los-estados-unidos-y-maryland\/\"  target=\"_self\" itemprop=\"url\">\n\t\t\t\t<img decoding=\"async\" src=\"https:\/\/211md.org\/wp-content\/uploads\/bb-plugin\/cache\/American-flag-circle-0016cc327e27ef7aeb080f1da6c6e98b-.jpg\" alt=\"nuevo en los estados unidos\" itemprop=\"image\" height=\"364\" width=\"1366\" title=\"Bandera estadounidense\" onerror=\"this.style.display='none'\" loading='lazy' \/>\n\t\t\t\t<\/a>\n\t\t<h3><a href=\"\/es\/recursos\/nuevo-en-los-estados-unidos-y-maryland\/\" target=\"_self\">Inmigraci\u00f3n<\/a><\/h3>\t\n\t\t\t\t<a href=\"\/es\/recursos\/ninos-familias\/parentesco\/\"  target=\"_self\" itemprop=\"url\">\n\t\t\t\t<img decoding=\"async\" src=\"https:\/\/211md.org\/wp-content\/uploads\/bb-plugin\/cache\/kinship-family-navigating-a-computer-circle-045fee9d587aefb20221bfea41a2cf9b-.png\" alt=\"familia de parentesco navegando en una computadora\" itemprop=\"image\" title=\"familia de parentesco navegando en una computadora\" onerror=\"this.style.display='none'\" loading='lazy' \/>\n\t\t\t\t<\/a>\n\t\t<h3><a href=\"\/es\/recursos\/ninos-familias\/parentesco\/\" target=\"_self\">Parentesco<\/a><\/h3>\t\n\t\t\t\t<a href=\"\/es\/recursos\/servicios-legales\/\"  target=\"_self\" itemprop=\"url\">\n\t\t\t\t<img decoding=\"async\" src=\"https:\/\/211md.org\/wp-content\/uploads\/bb-plugin\/cache\/Housing-Legal-circle-9a8f3c1c72c54b6e1ce612d2993c1ad4-.png\" alt=\"Martillo legal con un modelo de pl\u00e1stico de una casa al lado\" itemprop=\"image\" height=\"348\" width=\"460\" title=\"vivienda legal\" onerror=\"this.style.display='none'\" loading='lazy' \/>\n\t\t\t\t<\/a>\n\t\t<h3><a href=\"\/es\/recursos\/servicios-legales\/\" target=\"_self\">Servicios Legales<\/a><\/h3>\t\n\t\t\t\t<a href=\"\/es\/recursos\/salud-mental\/\"  target=\"_self\" itemprop=\"url\">\n\t\t\t\t<img decoding=\"async\" src=\"https:\/\/211md.org\/wp-content\/uploads\/bb-plugin\/cache\/Mask-Group-40@2x-circle-7bd9426367852fb3d841bc4bdc57a550-.png\" alt=\"Los perfiles de un hombre y una mujer\" itemprop=\"image\" height=\"500\" width=\"500\" title=\"M\u00e1scara Grupo 40@2x\" onerror=\"this.style.display='none'\" loading='lazy' \/>\n\t\t\t\t<\/a>\n\t\t<h3><a href=\"\/es\/recursos\/salud-mental\/\" target=\"_self\">Salud mental<\/a><\/h3>\t\n\t\t\t\t<a href=\"\/es\/recursos\/mdreentry\/\"  target=\"_self\" itemprop=\"url\">\n\t\t\t\t<img decoding=\"async\" src=\"https:\/\/211md.org\/wp-content\/uploads\/bb-plugin\/cache\/Diverse-group-of-community-members-circle-4457c114cd48613bc79a0fb50060319c-.jpg\" alt=\"Grupo diverso de miembros de la comunidad.\" itemprop=\"image\" height=\"800\" width=\"1200\" title=\"Grupo diverso de miembros de la comunidad.\" onerror=\"this.style.display='none'\" loading='lazy' \/>\n\t\t\t\t<\/a>\n\t\t<h3><a href=\"\/es\/recursos\/mdreentry\/\" target=\"_self\">Reentrada<\/a><\/h3>\t\n\t\t\t\t<a href=\"\/es\/para-el-odio\/\"  target=\"_self\" itemprop=\"url\">\n\t\t\t\t<img decoding=\"async\" src=\"https:\/\/211md.org\/wp-content\/uploads\/bb-plugin\/cache\/Background-section-MDStophate-circle-08e2bae1cf9f2ad6cc83e01e23da8cb9-.jpg\" alt=\"Fondo-secci\u00f3n-MDStophate\" itemprop=\"image\" height=\"768\" width=\"1366\" title=\"Fondo-secci\u00f3n-MDStophate\" onerror=\"this.style.display='none'\" loading='lazy' \/>\n\t\t\t\t<\/a>\n\t\t<h3><a href=\"\/es\/para-el-odio\/\" target=\"_self\">Los cr\u00edmenes y incidentes de odio<\/a><\/h3>\t\n\t\t\t\t<a href=\"\/es\/recursos\/consumo-de-sustancias\/\"  target=\"_self\" itemprop=\"url\">\n\t\t\t\t<img decoding=\"async\" src=\"https:\/\/211md.org\/wp-content\/uploads\/bb-plugin\/cache\/Substance-Use-circle-ad2d564932dc31267e0c32a6fb2d915c-.png\" alt=\"Pastillas para romper a mano\" itemprop=\"image\" height=\"500\" width=\"500\" title=\"Uso de sustancias\" onerror=\"this.style.display='none'\" loading='lazy' \/>\n\t\t\t\t<\/a>\n\t\t<h3><a href=\"\/es\/recursos\/consumo-de-sustancias\/\" target=\"_self\">Uso de sustancias<\/a><\/h3>\t\n\t\t\t\t<a href=\"\/es\/recursos\/servicios-de-impuestos\/\"  target=\"_self\" itemprop=\"url\">\n\t\t\t\t<img decoding=\"async\" src=\"https:\/\/211md.org\/wp-content\/uploads\/bb-plugin\/cache\/Mask-Group-34-circle-166a606e37e61188c9a17d5e634cda3c-.png\" alt=\"Persona que llena el papeleo del impuesto sobre la renta\" itemprop=\"image\" height=\"500\" width=\"500\" title=\"M\u00e1scara Grupo 34\" onerror=\"this.style.display='none'\" loading='lazy' \/>\n\t\t\t\t<\/a>\n\t\t<h3><a href=\"\/es\/recursos\/servicios-de-impuestos\/\" target=\"_self\">Servicios de Impuestos<\/a><\/h3>\t\n\t\t\t\t<a href=\"\/es\/recursos\/asistencia-de-servicios-publicos\/\"  target=\"_self\" itemprop=\"url\">\n\t\t\t\t<img decoding=\"async\" src=\"https:\/\/211md.org\/wp-content\/uploads\/bb-plugin\/cache\/Mask-Group-37@2x-circle-9661a11b9c4082079c9a1f06bc539567-.png\" alt=\"Una bombilla encendida\" itemprop=\"image\" height=\"500\" width=\"500\" title=\"M\u00e1scara Grupo 37@2x\" onerror=\"this.style.display='none'\" loading='lazy' \/>\n\t\t\t\t<\/a>\n\t\t<h3><a href=\"\/es\/recursos\/asistencia-de-servicios-publicos\/\" target=\"_self\">Asistencia de servicios p\u00fablicos<\/a><\/h3>\t\n\t\t\t\t<a href=\"\/es\/recursos\/veteranos\/\"  target=\"_self\" itemprop=\"url\">\n\t\t\t\t<img decoding=\"async\" src=\"https:\/\/211md.org\/wp-content\/uploads\/bb-plugin\/cache\/Veterans-circle-7c6972a59826c74f1f658f61df785fc3-.png\" alt=\"Un soldado estrechando la mano de alguien y sonriendo.\" itemprop=\"image\" title=\"veteranos\" onerror=\"this.style.display='none'\" loading='lazy' \/>\n\t\t\t\t<\/a>\n\t\t<h3><a href=\"\/es\/recursos\/veteranos\/\" target=\"_self\">veteranos<\/a><\/h3>","protected":false},"excerpt":{"rendered":"<p>\u00bfSe pregunta c\u00f3mo mantener ocupado a su hijo durante las vacaciones de verano? Hay programas recreativos gratuitos o de bajo costo disponibles en su \u00e1rea.  Muchos departamentos y organizaciones locales de parques y recreaci\u00f3n ofrecen programas y campamentos para mantener a los ni\u00f1os activos durante el verano de una manera divertida y atractiva. Encuentre un verano en Maryland...<\/p>","protected":false},"author":8,"featured_media":3225,"parent":839,"menu_order":0,"comment_status":"closed","ping_status":"closed","template":"","meta":{"footnotes":""},"class_list":["post-999","page","type-page","status-publish","has-post-thumbnail","hentry"],"_links":{"self":[{"href":"https:\/\/211md.org\/es\/wp-json\/wp\/v2\/pages\/999","targetHints":{"allow":["GET"]}}],"collection":[{"href":"https:\/\/211md.org\/es\/wp-json\/wp\/v2\/pages"}],"about":[{"href":"https:\/\/211md.org\/es\/wp-json\/wp\/v2\/types\/page"}],"author":[{"embeddable":true,"href":"https:\/\/211md.org\/es\/wp-json\/wp\/v2\/users\/8"}],"replies":[{"embeddable":true,"href":"https:\/\/211md.org\/es\/wp-json\/wp\/v2\/comments?post=999"}],"version-history":[{"count":2,"href":"https:\/\/211md.org\/es\/wp-json\/wp\/v2\/pages\/999\/revisions"}],"predecessor-version":[{"id":4679,"href":"https:\/\/211md.org\/es\/wp-json\/wp\/v2\/pages\/999\/revisions\/4679"}],"up":[{"embeddable":true,"href":"https:\/\/211md.org\/es\/wp-json\/wp\/v2\/pages\/839"}],"wp:featuredmedia":[{"embeddable":true,"href":"https:\/\/211md.org\/es\/wp-json\/wp\/v2\/media\/3225"}],"wp:attachment":[{"href":"https:\/\/211md.org\/es\/wp-json\/wp\/v2\/media?parent=999"}],"curies":[{"name":"Gracias","href":"https:\/\/api.w.org\/{rel}","templated":true}]}}