{"id":1000,"date":"2021-04-16T18:12:42","date_gmt":"2021-04-16T18:12:42","guid":{"rendered":"https:\/\/211md.org\/?page_id=1000"},"modified":"2025-06-09T13:52:06","modified_gmt":"2025-06-09T17:52:06","slug":"soupconner-un-abus","status":"publish","type":"page","link":"https:\/\/211md.org\/fr\/resources\/aging-disability\/suspect-abuse\/","title":{"rendered":"Suspicion d&#039;abus\u00a0?"},"content":{"rendered":"<h2>Signaler un abus pr\u00e9sum\u00e9<\/h2>\n<p>Pour signaler un abus pr\u00e9sum\u00e9 : Appelez le 1-800-917-7383, 24 heures sur 24, de n&#039;importe o\u00f9 dans l&#039;\u00e9tat de MD ou\u00a0<a href=\"https:\/\/dhr.maryland.gov\/child-protective-services\/reporting-suspected-child-abuse-or-neglect\/local-offices\/\" target=\"_blank\" rel=\"noreferrer noopener\">Cliquez ici<\/a>\u00a0pour trouver le num\u00e9ro de votre d\u00e9partement local des services sociaux, bureau des services de protection des adultes.<\/p>\n<p>Les services de protection des adultes (APS) sont un programme qui s&#039;adresse aux adultes de 18 ans et plus qui sont en situation de vuln\u00e9rabilit\u00e9 et qui sont soit \u00e0 risque, soit victimes d&#039;exploitation et de pr\u00e9judice. Ils enqu\u00eatent sur les situations de maltraitance pr\u00e9sum\u00e9e et fournissent des services professionnels con\u00e7us pour prot\u00e9ger le bien-\u00eatre des adultes vuln\u00e9rables. Il existe une vari\u00e9t\u00e9 de types d&#039;abus et de n\u00e9gligence qui justifient un signalement aux Services de protection des adultes\u00a0:<\/p>\n<ul>\n<li><strong>Violence physique<\/strong>\u00a0\u2013 infliger une douleur ou une blessure physique \u00e0 une personne \u00e2g\u00e9e, par exemple en la giflant, en lui donnant des ecchymoses ou en la ma\u00eetrisant par des moyens physiques ou chimiques.<\/li>\n<li><strong>Abus sexuel<\/strong>\u00a0\u2013 contact sexuel non consensuel de quelque nature que ce soit.<\/li>\n<li><strong>N\u00e9gligence<\/strong>\u00a0\u2013 le manquement des responsables \u00e0 fournir de la nourriture, un abri, des soins de sant\u00e9 ou une protection \u00e0 un a\u00een\u00e9 vuln\u00e9rable.<\/li>\n<li><strong>Exploitation<\/strong>\u00a0\u2013 la prise ill\u00e9gale, l&#039;utilisation abusive ou la dissimulation de fonds, de biens ou d&#039;actifs d&#039;une personne \u00e2g\u00e9e au profit de quelqu&#039;un d&#039;autre.<\/li>\n<li><strong>Abus \u00e9motionnel<\/strong>\u00a0\u2013 infliger une douleur, une angoisse ou une d\u00e9tresse mentale \u00e0 une personne \u00e2g\u00e9e par des actes verbaux ou non verbaux, par exemple humiliants, intimidants ou mena\u00e7ants.<\/li>\n<li><strong>Abandon<\/strong>\u00a0\u2013 l&#039;abandon d&#039;un a\u00een\u00e9 vuln\u00e9rable par toute personne qui a assum\u00e9 la responsabilit\u00e9 des soins ou de la garde de cette personne.<\/li>\n<li><strong>N\u00e9gligence de soi<\/strong>\u00a0\u2013 caract\u00e9ris\u00e9e comme l&#039;\u00e9chec d&#039;une personne \u00e0 accomplir des t\u00e2ches essentielles d&#039;auto-soins et qu&#039;un tel \u00e9chec menace sa propre sant\u00e9 ou sa propre s\u00e9curit\u00e9.<\/li>\n<\/ul>\n<p><em>(tir\u00e9 du site Web de l&#039;Administration on Aging - National Center on Elder Abuse,\u00a0<a href=\"https:\/\/ncea.acl.gov\/\" target=\"_blank\" rel=\"noreferrer noopener\">Pour plus d&#039;informations, cliquez ici<\/a>)<\/em><\/p>\n\t<h2>Signes d&#039;abus<\/h2>\n<p>Tout comme il existe plusieurs types d&#039;abus, il existe une vari\u00e9t\u00e9 de signes d&#039;abus. Ceux-ci inclus:<\/p>\n\t<h3>Violence physique<\/h3>\n<ul>\n<li>coupures, contusions, marques ou blessures<\/li>\n<li>br\u00fblures<\/li>\n<li>avoir l&#039;air n\u00e9glig\u00e9, sale, malodorant<\/li>\n<li>mal nourri<\/li>\n<li>une condition m\u00e9dicale non trait\u00e9e<\/li>\n<li>des blessures qui semblent inhabituelles<\/li>\n<\/ul>\n<h3>Comportemental<\/h3>\n<ul>\n<li>col\u00e8re<\/li>\n<li>d\u00e9pression<\/li>\n<li>confusion<\/li>\n<li>peur<\/li>\n<li>impuissance<\/li>\n<li>honte<\/li>\n<\/ul>\n<ul>\n\n<\/ul>\n\t<h3>Social<\/h3>\n<ul>\n<li>isolement retrait des amis, de la famille et des activit\u00e9s<\/li>\n<li>toxicomanie, passage \u00e0 l&#039;acte<\/li>\n<li>difficult\u00e9 \u00e0 parler librement<\/li>\n<\/ul>\n<p>&nbsp;<\/p>\n<h3>Financier<\/h3>\n<ul>\n<li>activit\u00e9s de d\u00e9penses inhabituelles<\/li>\n<li>changer de compte bancaire<\/li>\n<li>factures impay\u00e9es<\/li>\n<li>les signatures sur les ch\u00e8ques et autres documents ne correspondent pas<\/li>\n\n<\/ul>\n\t<p><a href=\"https:\/\/dhr.maryland.gov\/child-protective-services\/reporting-suspected-child-abuse-or-neglect\/signs-neglect-abuse\/\" target=\"_blank\" rel=\"noreferrer noopener\">Cliquez ici pour consulter un document du D\u00e9partement des services sociaux du MD contenant des informations suppl\u00e9mentaires sur les signes de maltraitance.<\/a><\/p>\n<p>Alors que tout le monde peut et est encourag\u00e9 \u00e0 faire un rapport \u00e0 l&#039;APS concernant les abus pr\u00e9sum\u00e9s (n&#039;a pas besoin de preuve), il existe plusieurs groupes de personnes qui sont l\u00e9galement tenus de le faire. Il s&#039;agit notamment des professionnels de la sant\u00e9, des travailleurs des services sociaux et de la police et ils sont appel\u00e9s reporters mandat\u00e9s.<\/p>\n<p>Un signalement peut \u00eatre effectu\u00e9 de mani\u00e8re anonyme et toute personne effectuant un signalement de bonne foi est l\u00e9galement prot\u00e9g\u00e9e contre toute responsabilit\u00e9 civile et p\u00e9nale. Toutefois, si vous avez des questions ou si vous ne vous sentez pas \u00e0 l&#039;aise de le faire, veuillez composer le 211 pour obtenir des conseils et de l&#039;aide.<\/p>\n<p>Lors de la r\u00e9daction d&#039;un rapport, le travailleur APS demandera une vari\u00e9t\u00e9 d&#039;informations. Cela comprendra probablement\u00a0: le nom, l&#039;\u00e2ge, l&#039;adresse et l&#039;emplacement de l&#039;adulte vuln\u00e9rable, des informations sur la personne responsable de ses soins, une description de la \u00ab\u00a0nature et de l&#039;\u00e9tendue\u00a0\u00bb de l&#039;abus, ainsi que d&#039;autres informations pertinentes. M\u00eame si vous ne disposez pas de beaucoup d&#039;informations d\u00e9taill\u00e9es et que vous n&#039;\u00eates pas clair sur certaines parties de la situation, il est pr\u00e9f\u00e9rable d&#039;appeler APS et de leur fournir les informations dont vous disposez afin qu&#039;ils puissent \u00e9valuer le rapport et d\u00e9cider de la meilleure fa\u00e7on de proc\u00e9der.<\/p>\n<p>Il y a des situations dans lesquelles un rapport est fait \u00e0 l&#039;APS et parce qu&#039;ils ne r\u00e9pondent pas \u00e0 leur d\u00e9finition\/normes d&#039;abus, ils n&#039;enqu\u00eatent pas ou n&#039;interviennent pas. Si une assistance et des ressources suppl\u00e9mentaires sont encore n\u00e9cessaires dans ces situations, il peut \u00eatre avantageux de contacter certains des types d&#039;agences et de services suivants\u00a0:<\/p>\n<ul>\n<li>\n<ul>\n<li><em><strong>La gestion de cas -<\/strong><\/em>\u00a0Certains programmes travaillent avec des personnes \u00e2g\u00e9es et des adultes vuln\u00e9rables pour \u00e9valuer leurs besoins; \u00e9laborer des plans de soins; acc\u00e9der aux services\u00a0; coordonner la prestation des services n\u00e9cessaires; s&#039;assurer que les services sont obtenus et assurer le suivi et surveiller les progr\u00e8s.<\/li>\n<li><em><strong>Information et assistance aux seniors \u2013<\/strong><\/em>\u00a0Chaque comt\u00e9 du Maryland et de la ville de Baltimore a un bureau d&#039;information et d&#039;assistance aux personnes \u00e2g\u00e9es, con\u00e7u pour servir les personnes \u00e2g\u00e9es et fournir des informations et des r\u00e9f\u00e9rences aux ressources communautaires. Des sp\u00e9cialistes form\u00e9s \u00e9valueront les besoins et dirigeront les appelants de mani\u00e8re appropri\u00e9e.\u00a0<a href=\"http:\/\/www.aging.maryland.gov\/Pages\/ProgramsAndServices.aspx\" target=\"_blank\" rel=\"noreferrer noopener\">Cliquez pour une liste des bureaux d&#039;information et d&#039;assistance aux seniors\u00a0<\/a><\/li>\n<li><em><strong>Point d&#039;acc\u00e8s du Maryland (MAP) -<\/strong><\/em>\u00a0De nombreux comt\u00e9s du Maryland et de la ville de Baltimore ont un bureau Maryland Access Point. Ces bureaux sont con\u00e7us pour servir de point d&#039;entr\u00e9e unique \u00e0 de nombreux programmes et ressources con\u00e7us pour aider les personnes \u00e2g\u00e9es et les adultes (18 ans et plus) ayant un handicap. Des sp\u00e9cialistes \u00e9valueront les besoins et effectueront les renvois appropri\u00e9s.\u00a0<a href=\"https:\/\/www.marylandaccesspoint.info\/consumer\/connect.php\" target=\"_blank\" rel=\"noreferrer noopener\">Cliquez pour trouver un bureau MAP dans votre r\u00e9gion<\/a><\/li>\n<li><em><strong>211 &#8211;<\/strong><\/em> Nous sommes disponibles 24 heures sur 24, 7 jours sur 7, pour mettre en relation les personnes qui appellent avec un large \u00e9ventail de ressources sanitaires et humaines de leur communaut\u00e9. Des sp\u00e9cialistes qualifi\u00e9s \u00e9valueront vos besoins et vous orienteront vers les services appropri\u00e9s. Pour nous joindre, composez simplement le 211.<\/li>\n<\/ul>\n<\/li>\n<\/ul>\n<h2>Informations connexes<\/h2>\n<p><a href=\"https:\/\/211md.org\/fr\/ressources\/vieillissement-handicap\/assurance-maladie\/\">Prestations d&#039;assurance-maladie<\/a><\/p>\n<p><a href=\"https:\/\/211md.org\/fr\/ressources\/vieillissement-handicap\/soupconner-un-abus\/\">Suspicion d&#039;abus\u00a0?<\/a><\/p>\n<p><a href=\"https:\/\/marylandaccesspoint.211md.org\/\" target=\"_blank\" rel=\"noopener\">Point d&#039;acc\u00e8s du Maryland (MAP)<\/a><\/p>\n<p><a href=\"https:\/\/211md.org\/fr\/ressources\/vieillissement-handicap\/senior-housing\/\">Logement pour personnes \u00e2g\u00e9es<\/a><\/p>\n<h2>\n\t\t\tTrouver des ressources\t<\/h2>\n\t\t\t\t<a href=\"\/fr\/ressources\/vieillissement-handicap\/\"  target=\"_self\" itemprop=\"url\">\n\t\t\t\t<img decoding=\"async\" src=\"https:\/\/211md.org\/wp-content\/uploads\/bb-plugin\/cache\/Mask-Group-41@2x-circle-73eaadba4cad8269faa4720e25cf1c85-.png\" alt=\"Les pieds d&#039;une femme plus \u00e2g\u00e9e et d&#039;une femme plus jeune marchant ensemble\" itemprop=\"image\" height=\"500\" width=\"500\" title=\"Services aux personnes handicap\u00e9es\" onerror=\"this.style.display='none'\" loading='lazy' \/>\n\t\t\t\t<\/a>\n\t\t<h3><a href=\"\/fr\/ressources\/vieillissement-handicap\/\" target=\"_self\">Vieillissement &amp; Handicap<\/a><\/h3>\t\n\t\t\t\t<a href=\"\/fr\/ressources\/enfants-familles\/\"  target=\"_self\" itemprop=\"url\">\n\t\t\t\t<img decoding=\"async\" src=\"https:\/\/211md.org\/wp-content\/uploads\/bb-plugin\/cache\/Mask-Group-38@2x-circle-ac40d46265fbec62083cd27f6dcf23b0-.png\" alt=\"Un jeune gar\u00e7on et une fille souriant et regardant la cam\u00e9ra\" itemprop=\"image\" height=\"500\" width=\"500\" title=\"Groupe de masques 38@2x\" onerror=\"this.style.display='none'\" loading='lazy' \/>\n\t\t\t\t<\/a>\n\t\t<h3><a href=\"\/fr\/ressources\/enfants-familles\/\" target=\"_self\">Enfants et familles<\/a><\/h3>\t\n\t\t\t\t<a href=\"\/fr\/ressources\/violence-familiale-domestique\/\"  target=\"_self\" itemprop=\"url\">\n\t\t\t\t<img decoding=\"async\" src=\"https:\/\/211md.org\/wp-content\/uploads\/bb-plugin\/cache\/Mask-Group-39@2x-circle-b2589197a13c791d910f46dd10b27a87-.png\" alt=\"Deux paires de mains se tenant\" itemprop=\"image\" height=\"500\" width=\"500\" title=\"Groupe de masques 39@2x\" onerror=\"this.style.display='none'\" loading='lazy' \/>\n\t\t\t\t<\/a>\n\t\t<h3><a href=\"\/fr\/ressources\/violence-familiale-domestique\/\" target=\"_self\">Violence domestique\/familiale<\/a><\/h3>\t\n\t\t\t\t<a href=\"\/fr\/ressources\/recherche-demploi\/\"  target=\"_self\" itemprop=\"url\">\n\t\t\t\t<img decoding=\"async\" src=\"https:\/\/211md.org\/wp-content\/uploads\/bb-plugin\/cache\/Employment-circle-bf72562329e950df948954f5d3f44b2e-.png\" alt=\"Un m\u00e9canicien automobile\" itemprop=\"image\" height=\"500\" width=\"500\" title=\"Emploi\" onerror=\"this.style.display='none'\" loading='lazy' \/>\n\t\t\t\t<\/a>\n\t\t<h3><a href=\"\/fr\/ressources\/recherche-demploi\/\" target=\"_self\">Emploi<\/a><\/h3>\t\n\t\t\t\t<a href=\"\/fr\/ressources\/soins-de-sante\/\"  target=\"_self\" itemprop=\"url\">\n\t\t\t\t<img decoding=\"async\" src=\"https:\/\/211md.org\/wp-content\/uploads\/bb-plugin\/cache\/Mask-Group-35@2x-circle-94be10c13e4adae1683b4589dc2f5b2f-.png\" alt=\"Docteur regardant la jambe des gar\u00e7ons\" itemprop=\"image\" height=\"500\" width=\"500\" title=\"Groupe de masques 35@2x\" onerror=\"this.style.display='none'\" loading='lazy' \/>\n\t\t\t\t<\/a>\n\t\t<h3><a href=\"\/fr\/ressources\/soins-de-sante\/\" target=\"_self\">Soins de sant\u00e9<\/a><\/h3>\t\n\t\t\t\t<a href=\"\/fr\/ressources\/nourriture\/\"  target=\"_self\" itemprop=\"url\">\n\t\t\t\t<img decoding=\"async\" src=\"https:\/\/211md.org\/wp-content\/uploads\/bb-plugin\/cache\/Mask-Group-32@2x-circle-1c6d647dcaf998fa079d26735cedc92b-.png\" alt=\"L\u00e9gumes frais\" itemprop=\"image\" height=\"500\" width=\"500\" title=\"Groupe de masques 32@2x\" onerror=\"this.style.display='none'\" loading='lazy' \/>\n\t\t\t\t<\/a>\n\t\t<h3><a href=\"\/fr\/ressources\/nourriture\/\" target=\"_self\">Nourriture<\/a><\/h3>\t\n\t\t\t\t<a href=\"\/fr\/ressources\/logement-refuge\/\"  target=\"_self\" itemprop=\"url\">\n\t\t\t\t<img decoding=\"async\" src=\"https:\/\/211md.org\/wp-content\/uploads\/bb-plugin\/cache\/Mask-Group-34@2x-circle-b99c55fc16ef21f35e2f2a1f7cc37b9a-.png\" alt=\"Balcon complexe d&#039;appartements\" itemprop=\"image\" height=\"500\" width=\"500\" title=\"Complexe d&#039;appartements\" onerror=\"this.style.display='none'\" loading='lazy' \/>\n\t\t\t\t<\/a>\n\t\t<h3><a href=\"\/fr\/ressources\/logement-refuge\/\" target=\"_self\">Logement &amp; Abri<\/a><\/h3>\t\n\t\t\t\t<a href=\"\/fr\/ressources\/nouveau-aux-etats-unis-et-au-maryland\/\"  target=\"_self\" itemprop=\"url\">\n\t\t\t\t<img decoding=\"async\" src=\"https:\/\/211md.org\/wp-content\/uploads\/bb-plugin\/cache\/American-flag-circle-0016cc327e27ef7aeb080f1da6c6e98b-.jpg\" alt=\"nouveau aux \u00c9tats-Unis\" itemprop=\"image\" height=\"364\" width=\"1366\" title=\"Drapeau am\u00e9ricain\" onerror=\"this.style.display='none'\" loading='lazy' \/>\n\t\t\t\t<\/a>\n\t\t<h3><a href=\"\/fr\/ressources\/nouveau-aux-etats-unis-et-au-maryland\/\" target=\"_self\">Immigration<\/a><\/h3>\t\n\t\t\t\t<a href=\"\/fr\/ressources\/enfants-familles\/parente\/\"  target=\"_self\" itemprop=\"url\">\n\t\t\t\t<img decoding=\"async\" src=\"https:\/\/211md.org\/wp-content\/uploads\/bb-plugin\/cache\/kinship-family-navigating-a-computer-circle-045fee9d587aefb20221bfea41a2cf9b-.png\" alt=\"famille de parent\u00e9 naviguant sur un ordinateur\" itemprop=\"image\" title=\"famille de parent\u00e9 naviguant sur un ordinateur\" onerror=\"this.style.display='none'\" loading='lazy' \/>\n\t\t\t\t<\/a>\n\t\t<h3><a href=\"\/fr\/ressources\/enfants-familles\/parente\/\" target=\"_self\">Parent\u00e9<\/a><\/h3>\t\n\t\t\t\t<a href=\"\/fr\/ressources\/services-juridiques\/\"  target=\"_self\" itemprop=\"url\">\n\t\t\t\t<img decoding=\"async\" src=\"https:\/\/211md.org\/wp-content\/uploads\/bb-plugin\/cache\/Housing-Legal-circle-9a8f3c1c72c54b6e1ce612d2993c1ad4-.png\" alt=\"Marteau juridique avec un mod\u00e8le en plastique d&#039;une maison \u00e0 c\u00f4t\u00e9\" itemprop=\"image\" height=\"348\" width=\"460\" title=\"Juridique du logement\" onerror=\"this.style.display='none'\" loading='lazy' \/>\n\t\t\t\t<\/a>\n\t\t<h3><a href=\"\/fr\/ressources\/services-juridiques\/\" target=\"_self\">Services juridiques<\/a><\/h3>\t\n\t\t\t\t<a href=\"\/fr\/ressources\/sante-mentale\/\"  target=\"_self\" itemprop=\"url\">\n\t\t\t\t<img decoding=\"async\" src=\"https:\/\/211md.org\/wp-content\/uploads\/bb-plugin\/cache\/Mask-Group-40@2x-circle-7bd9426367852fb3d841bc4bdc57a550-.png\" alt=\"Les profils d&#039;un homme et d&#039;une femme\" itemprop=\"image\" height=\"500\" width=\"500\" title=\"Groupe de masques 40@2x\" onerror=\"this.style.display='none'\" loading='lazy' \/>\n\t\t\t\t<\/a>\n\t\t<h3><a href=\"\/fr\/ressources\/sante-mentale\/\" target=\"_self\">Sant\u00e9 mentale<\/a><\/h3>\t\n\t\t\t\t<a href=\"\/fr\/ressources\/mdreentry\/\"  target=\"_self\" itemprop=\"url\">\n\t\t\t\t<img decoding=\"async\" src=\"https:\/\/211md.org\/wp-content\/uploads\/bb-plugin\/cache\/Diverse-group-of-community-members-circle-4457c114cd48613bc79a0fb50060319c-.jpg\" alt=\"Groupe diversifi\u00e9 de membres de la communaut\u00e9\" itemprop=\"image\" height=\"800\" width=\"1200\" title=\"Groupe diversifi\u00e9 de membres de la communaut\u00e9\" onerror=\"this.style.display='none'\" loading='lazy' \/>\n\t\t\t\t<\/a>\n\t\t<h3><a href=\"\/fr\/ressources\/mdreentry\/\" target=\"_self\">Rentr\u00e9e<\/a><\/h3>\t\n\t\t\t\t<a href=\"\/fr\/arreter\/\"  target=\"_self\" itemprop=\"url\">\n\t\t\t\t<img decoding=\"async\" src=\"https:\/\/211md.org\/wp-content\/uploads\/bb-plugin\/cache\/Background-section-MDStophate-circle-08e2bae1cf9f2ad6cc83e01e23da8cb9-.jpg\" alt=\"Arri\u00e8re-plan-section-MDStophate\" itemprop=\"image\" height=\"768\" width=\"1366\" title=\"Arri\u00e8re-plan-section-MDStophate\" onerror=\"this.style.display='none'\" loading='lazy' \/>\n\t\t\t\t<\/a>\n\t\t<h3><a href=\"\/fr\/arreter\/\" target=\"_self\">Arr\u00eatez la haine<\/a><\/h3>\t\n\t\t\t\t<a href=\"\/fr\/ressources\/consommation-de-substances\/\"  target=\"_self\" itemprop=\"url\">\n\t\t\t\t<img decoding=\"async\" src=\"https:\/\/211md.org\/wp-content\/uploads\/bb-plugin\/cache\/Substance-Use-circle-ad2d564932dc31267e0c32a6fb2d915c-.png\" alt=\"Pilules cassantes \u00e0 la main\" itemprop=\"image\" height=\"500\" width=\"500\" title=\"Consommation de substances\" onerror=\"this.style.display='none'\" loading='lazy' \/>\n\t\t\t\t<\/a>\n\t\t<h3><a href=\"\/fr\/ressources\/consommation-de-substances\/\" target=\"_self\">Consommation de substances<\/a><\/h3>\t\n\t\t\t\t<a href=\"\/fr\/ressources\/services-fiscaux\/\"  target=\"_self\" itemprop=\"url\">\n\t\t\t\t<img decoding=\"async\" src=\"https:\/\/211md.org\/wp-content\/uploads\/bb-plugin\/cache\/Mask-Group-34-circle-166a606e37e61188c9a17d5e634cda3c-.png\" alt=\"Personne remplissant les formulaires d&#039;imp\u00f4t sur le revenu\" itemprop=\"image\" height=\"500\" width=\"500\" title=\"Groupe de masques 34\" onerror=\"this.style.display='none'\" loading='lazy' \/>\n\t\t\t\t<\/a>\n\t\t<h3><a href=\"\/fr\/ressources\/services-fiscaux\/\" target=\"_self\">Services fiscaux<\/a><\/h3>\t\n\t\t\t\t<a href=\"\/fr\/ressources\/assistance-utilitaire\/\"  target=\"_self\" itemprop=\"url\">\n\t\t\t\t<img decoding=\"async\" src=\"https:\/\/211md.org\/wp-content\/uploads\/bb-plugin\/cache\/Mask-Group-37@2x-circle-9661a11b9c4082079c9a1f06bc539567-.png\" alt=\"Une ampoule allum\u00e9e\" itemprop=\"image\" height=\"500\" width=\"500\" title=\"Masque Groupe 37@2x\" onerror=\"this.style.display='none'\" loading='lazy' \/>\n\t\t\t\t<\/a>\n\t\t<h3><a href=\"\/fr\/ressources\/assistance-utilitaire\/\" target=\"_self\">Assistance utilitaire<\/a><\/h3>\t\n\t\t\t\t<a href=\"\/fr\/ressources\/anciens-combattants\/\"  target=\"_self\" itemprop=\"url\">\n\t\t\t\t<img decoding=\"async\" src=\"https:\/\/211md.org\/wp-content\/uploads\/bb-plugin\/cache\/Veterans-circle-7c6972a59826c74f1f658f61df785fc3-.png\" alt=\"Un soldat serrant la main de quelqu&#039;un et souriant\" itemprop=\"image\" title=\"anciens combattants\" onerror=\"this.style.display='none'\" loading='lazy' \/>\n\t\t\t\t<\/a>\n\t\t<h3><a href=\"\/fr\/ressources\/anciens-combattants\/\" target=\"_self\">anciens combattants<\/a><\/h3>","protected":false},"excerpt":{"rendered":"<p>Signaler un abus suspect\u00e9 Pour signaler un abus suspect\u00e9 : Appelez le 1-800-917-7383, 24 heures sur 24, de n&#039;importe o\u00f9 dans l&#039;\u00e9tat de MD ou cliquez ici pour trouver le num\u00e9ro de votre d\u00e9partement local des services sociaux, bureau des services de protection des adultes. Les services de protection des adultes (APS) sont un programme qui dessert les adultes de 18 ans et plus qui sont en situation de\u2026<\/p>","protected":false},"author":8,"featured_media":1597,"parent":840,"menu_order":0,"comment_status":"closed","ping_status":"closed","template":"","meta":{"footnotes":""},"class_list":["post-1000","page","type-page","status-publish","has-post-thumbnail","hentry"],"_links":{"self":[{"href":"https:\/\/211md.org\/fr\/wp-json\/wp\/v2\/pages\/1000","targetHints":{"allow":["GET"]}}],"collection":[{"href":"https:\/\/211md.org\/fr\/wp-json\/wp\/v2\/pages"}],"about":[{"href":"https:\/\/211md.org\/fr\/wp-json\/wp\/v2\/types\/page"}],"author":[{"embeddable":true,"href":"https:\/\/211md.org\/fr\/wp-json\/wp\/v2\/users\/8"}],"replies":[{"embeddable":true,"href":"https:\/\/211md.org\/fr\/wp-json\/wp\/v2\/comments?post=1000"}],"version-history":[{"count":2,"href":"https:\/\/211md.org\/fr\/wp-json\/wp\/v2\/pages\/1000\/revisions"}],"predecessor-version":[{"id":4684,"href":"https:\/\/211md.org\/fr\/wp-json\/wp\/v2\/pages\/1000\/revisions\/4684"}],"up":[{"embeddable":true,"href":"https:\/\/211md.org\/fr\/wp-json\/wp\/v2\/pages\/840"}],"wp:featuredmedia":[{"embeddable":true,"href":"https:\/\/211md.org\/fr\/wp-json\/wp\/v2\/media\/1597"}],"wp:attachment":[{"href":"https:\/\/211md.org\/fr\/wp-json\/wp\/v2\/media?parent=1000"}],"curies":[{"name":"wp","href":"https:\/\/api.w.org\/{rel}","templated":true}]}}