{"id":1014,"date":"2021-04-16T18:37:05","date_gmt":"2021-04-16T18:37:05","guid":{"rendered":"https:\/\/211md.org\/?page_id=1014"},"modified":"2026-04-22T17:31:00","modified_gmt":"2026-04-22T21:31:00","slug":"assurance-maladie","status":"publish","type":"page","link":"https:\/\/211md.org\/fr\/resources\/health-care\/medicare\/","title":{"rendered":"Prestations d&#039;assurance-maladie"},"content":{"rendered":"<figure data-animation-delay=\"0\" data-animation-duration=\"1\" itemscope itemtype=\"https:\/\/schema.org\/ImageObject\">\n\t\t\t\t<img decoding=\"async\" src=\"https:\/\/stg-maryland211-staging.kinsta.cloud\/wp-content\/uploads\/2025\/08\/5-1-scaled.png\" alt=\"5\" height=\"692\" width=\"2560\" title=\"5\" onerror=\"this.style.display='none'\" loading=\"lazy\" \/>\n\t<\/figure>\n\t\t<p>Medicare est un programme d&#039;assurance maladie gouvernemental qui fournit une assistance aux personnes \u00e2g\u00e9es de 65 ans et plus, aux personnes de moins de 65 ans souffrant de certains handicaps et \u00e0 toute personne atteinte d&#039;une maladie r\u00e9nale terminale ou d&#039;une insuffisance r\u00e9nale permanente n\u00e9cessitant une dialyse ou une transplantation r\u00e9nale.<\/p>\n<p>Renseignez-vous sur les types de couverture Medicare et sur la mani\u00e8re d\u2019obtenir de l\u2019aide pour vous y retrouver dans un programme appel\u00e9 SHIP.<\/p>\n\t\t\t<a href=\"#start\"  target=\"_self\">\n\t\t\t\t\t\tCommencer\n\t\t\t\t\t<\/a>\n<figure data-animation-delay=\"0\" data-animation-duration=\"1\" itemscope itemtype=\"https:\/\/schema.org\/ImageObject\">\n\t\t\t\t<img decoding=\"async\" src=\"https:\/\/211md.org\/wp-content\/plugins\/bb-plugin\/img\/pixel.png\" alt=\"\" onerror=\"this.style.display='none'\" loading=\"lazy\" \/>\n\t<\/figure>\n<figure data-animation-delay=\"0\" data-animation-duration=\"1.3\" itemscope itemtype=\"https:\/\/schema.org\/ImageObject\">\n\t\t\t\t<img decoding=\"async\" src=\"https:\/\/stg-maryland211-staging.kinsta.cloud\/wp-content\/uploads\/2025\/08\/16.png\" alt=\"16\" height=\"1000\" width=\"1000\" title=\"16\" onerror=\"this.style.display='none'\" loading=\"lazy\" \/>\n\t<\/figure>\n<figure data-animation-delay=\"0\" data-animation-duration=\"1\" itemscope itemtype=\"https:\/\/schema.org\/ImageObject\">\n\t\t\t\t<img decoding=\"async\" src=\"http:\/\/211md.org\/wp-content\/uploads\/2023\/11\/Person-on-Medicare-at-the-doctor.jpg\" alt=\"Senior at doctor\" title=\"Personne b\u00e9n\u00e9ficiant de Medicare chez le m\u00e9decin\" onerror=\"this.style.display='none'\" loading=\"lazy\" \/>\n\t<\/figure>\n\t<h2>Types de couverture Medicare<\/h2>\n<p>Il existe trois types de couverture Medicare :<\/p>\n<ul>\n<li>Medicare Partie A : Assurance hospitalisation<\/li>\n<li>Medicare Partie B : Assurance m\u00e9dicale<\/li>\n<li>Medicare Part C: Plans d&#039;avantages<\/li>\n<li>Medicare Partie D\u00a0: R\u00e9gimes de m\u00e9dicaments sur ordonnance<\/li>\n<\/ul>\n<h3><strong>Partie A : Assurance hospitalisation<\/strong><\/h3>\n<p>La partie A de Medicare couvre les d\u00e9penses telles que :<\/p>\n<ul>\n<li>soins hospitaliers aux patients hospitalis\u00e9s<\/li>\n<li>\u00e9tablissements de soins infirmiers sp\u00e9cialis\u00e9s<\/li>\n<li>r\u00e9adaptation en milieu hospitalier<\/li>\n<li>soins palliatifs<\/li>\n<li>certains services de soins \u00e0 domicile<\/li>\n<\/ul>\n<p>Consultez la carte Medicare pour d\u00e9terminer si la couverture de la partie A est incluse.<\/p>\n<p>Si vous avez la partie A, vous verrez \u00ab H\u00d4PITAL (PARTIE A) \u00bb imprim\u00e9 sur la carte.<\/p>\n<p>La plupart des gens n\u2019ont pas \u00e0 payer pour la partie A.<\/p>\n<p>Il est bas\u00e9 sur l&#039;emploi couvert par Medicare, tel que d\u00e9termin\u00e9 par l&#039;Administration de la s\u00e9curit\u00e9 sociale.<\/p>\n\t<h3>Partie B : Assurance m\u00e9dicale<\/h3>\n<p>La partie B de Medicare est une assurance m\u00e9dicale qui aide \u00e0 couvrir les services m\u00e9dicalement n\u00e9cessaires tels que :<\/p>\n<ul>\n<li>visites chez le m\u00e9decin<\/li>\n<li>soins ambulatoires<\/li>\n<li>\u00e9quipement m\u00e9dical durable (DME)<\/li>\n<li>certains services de sant\u00e9 \u00e0 domicile<\/li>\n<li>autres soins m\u00e9dicaux non couverts par la partie A<\/li>\n<li>certains services pr\u00e9ventifs<\/li>\n<\/ul>\n<p>La plupart des gens paient mensuellement pour la partie B. Il existe \u00e9galement une franchise annuelle.<\/p>\n<p>Les <a href=\"https:\/\/www.cms.gov\/newsroom\/fact-sheets\/2024-medicare-parts-b-premiums-and-deductibles\" target=\"_blank\" rel=\"noopener\">Centres pour Medicare et Medicaid <\/a>Les services g\u00e8rent le programme et d\u00e9taillent les primes pr\u00e9vues pour la partie B.<\/p>\n<h3>Partie C : Couverture suppl\u00e9mentaire par les entreprises priv\u00e9es<\/h3>\n<p>Les entreprises priv\u00e9es approuv\u00e9es par Medicare proposent Medicare Part C et fournissent une couverture suppl\u00e9mentaire.<\/p>\n<p>Cela peut inclure :<\/p>\n<ul>\n<li>vision<\/li>\n<li>audience<\/li>\n<li>dentaire<\/li>\n<li>programmes de sant\u00e9 et de bien-\u00eatre<\/li>\n<\/ul>\n<p>La plupart incluent \u00e9galement la couverture des m\u00e9dicaments sur ordonnance de Medicare (partie D).<\/p>\n<h3>Partie D : Prescriptions<\/h3>\n<p>La partie D de Medicare offre une couverture des m\u00e9dicaments sur ordonnance \u00e0 toutes les personnes b\u00e9n\u00e9ficiant de Medicare.<\/p>\n<p>Pour b\u00e9n\u00e9ficier de la couverture des m\u00e9dicaments sur ordonnance de Medicare, vous devez adh\u00e9rer \u00e0 un r\u00e9gime g\u00e9r\u00e9 par une compagnie d\u2019assurance ou une autre soci\u00e9t\u00e9 priv\u00e9e approuv\u00e9e par Medicare.<\/p>\n<p>Chaque r\u00e9gime peut varier en termes de co\u00fbt et de m\u00e9dicaments couverts.<\/p>\n\t<h2>Maryland SHIP\u00a0: obtenez de l&#039;aide pour trouver le bon plan<\/h2>\n<p>Des b\u00e9n\u00e9voles form\u00e9s du Maryland State Health Insurance Assistance Program (SHIP) offrent des conseils gratuits pour aider les individus \u00e0 d\u00e9cider quel plan Medicare choisir.<\/p>\n<p>Les conseillers SHIP peuvent aider les particuliers \u00e0 :<\/p>\n<ul>\n<li>comprendre les co\u00fbts et la couverture<\/li>\n<li>comparer les options<\/li>\n<li>s&#039;inscrire ou changer de forfait<\/li>\n<li>corriger les erreurs ou probl\u00e8mes de facturation<\/li>\n<\/ul>\n<p>Les conseillers locaux du SHIP peuvent vous aider dans tous les aspects de Medicare, AD.<\/p>\n<p>En outre, ils peuvent apporter une aide financi\u00e8re aux b\u00e9n\u00e9ficiaires \u00e0 faible revenu et lutter contre la fraude et les abus li\u00e9s \u00e0 Medicare.<\/p>\n<h3>Contacter Maryland SHIP<\/h3>\n<p>Trouvez un conseiller SHIP local :<\/p>\n<ul>\n<li>Comt\u00e9 d&#039;Allegany \u2013 301-783-1710<\/li>\n<li>Comt\u00e9 d&#039;Anne Arundel \u2013 410-222-4257\u200b<\/li>\n<li>Ville de Baltimore \u2013 410-396-2273<\/li>\n<li>Comt\u00e9 de Baltimore \u2013 410-887-2059\u200b<\/li>\n<li>Comt\u00e9 de Calvert \u2013 410-535-4606<\/li>\n<li>Comt\u00e9 de Carroll \u2013 410-386-3800<\/li>\n<li>Comt\u00e9 de Caroline \u2013 410-479-2535<\/li>\n<li>Comt\u00e9 de Cecil \u2013 410-996-8174\u200b<\/li>\n<li>Comt\u00e9 de Charles \u2013 301-934-9305<\/li>\n<li>Comt\u00e9 de Dorchester \u2013 410-376-3662<\/li>\n<li>Comt\u00e9 de Frederick \u2013 301-600-1234<\/li>\n<li>Comt\u00e9 de Garrett \u2013 301-334-9431<\/li>\n<li>Comt\u00e9 de Harford \u2013 410-638-3025<\/li>\n<li>Comt\u00e9 de Howard \u2013 410-313-7392<\/li>\n<li>Comt\u00e9 de Kent \u2013 \u200b\u200b410-778-2564\u200b<\/li>\n<li>Comt\u00e9 de Montgomery \u2013 301-255-4250<\/li>\n<li>Comt\u00e9 de Prince George \u2013 301-265-8471<\/li>\n<li>Comt\u00e9 de St. Mary \u2013 301-475-4200 Ext. 1064<\/li>\n<li>Comt\u00e9 de Somerset \u2013 410-742-0505<\/li>\n<li>Comt\u00e9 de Talbot \u2013 301-475-4200, poste 301-475-4200 231<\/li>\n<li>Comt\u00e9 de Queen Anne \u2013 410-758-0848 Option 3<\/li>\n<li>Comt\u00e9 de Washington \u2013 301-790-0275<\/li>\n<li>Comt\u00e9 de Wicomico \u2013 410-742-0505<\/li>\n<li>Comt\u00e9 de Worcester \u2013 410-742-0505<\/li>\n<\/ul>\n\t\t\t<a href=\"https:\/\/aging.maryland.gov\/Pages\/state-health-insurance-program.aspx\" target=\"_blank\" rel=\"noopener\">\n\t\t\t\t\t\t\tContactez SHIP\n\t\t\t\t\t<\/a>\n<figure itemscope itemtype=\"https:\/\/schema.org\/ImageObject\">\n\t\t\t\t<img decoding=\"async\" src=\"https:\/\/211md.org\/wp-content\/plugins\/bb-plugin\/img\/pixel.png\" alt=\"\" onerror=\"this.style.display='none'\" loading=\"lazy\" \/>\n\t<\/figure>\n\t\t<figure itemscope itemtype=\"https:\/\/schema.org\/ImageObject\">\n\t\t\t\t<img decoding=\"async\" src=\"https:\/\/211md.org\/wp-content\/uploads\/bb-plugin\/cache\/Call-center-specialst-circle-4e9ecd7b3425be4576416abc911049bb-.jpg\" alt=\"Sp\u00e9cialiste des centres d&#039;appels\" title=\"Sp\u00e9cialiste des centres d&#039;appels\" onerror=\"this.style.display='none'\" loading=\"lazy\" \/>\n\t<\/figure>\n<h2>Composez le 211<\/h2><p>Parlez \u00e0 une personne attentionn\u00e9e et compatissante 24h\/24 et 7j\/7. Elle peut \u00e9galement vous orienter vers des ressources.\u00a0<\/p>\n\t\t\t<a href=\"tel:%20+211\"  target=\"_blank\" rel=\"noopener\">\n\t\t\t\t\t\tComposez le 211 (mobile)\n\t\t\t\t\t<\/a>\n<figure data-animation-delay=\"0\" data-animation-duration=\"1\" itemscope itemtype=\"https:\/\/schema.org\/ImageObject\">\n\t\t\t\t<img decoding=\"async\" src=\"http:\/\/211md.org\/wp-content\/uploads\/2025\/09\/Senior-couple-looking-at-Medicare-options-on-tablet.jpg\" alt=\"Un couple de personnes \u00e2g\u00e9es examine les options Medicare sur une tablette\" title=\"Un couple de personnes \u00e2g\u00e9es examine les options Medicare sur une tablette\" onerror=\"this.style.display='none'\" loading=\"lazy\" \/>\n\t<\/figure>\n\t<h2>Inscription ouverte \u00e0 Medicare<\/h2>\n<p>Chaque ann\u00e9e, les b\u00e9n\u00e9ficiaires doivent revoir leur couverture Medicare et\u00a0<a href=\"https:\/\/www.medicare.gov\/plan-compare\/#\/?year=2023&amp;lang=en\" target=\"_blank\" rel=\"noopener\">comparer les forfaits<\/a>\u00a0pendant l&#039;inscription ouverte sp\u00e9cifi\u00e9e \u00e0 l&#039;automne.<\/p>\n<p>Vous pouvez adh\u00e9rer \u00e0 un nouveau plan Medicare Advantage ou \u00e0 un plan de m\u00e9dicaments sur ordonnance de la partie D, passer d&#039;Original Medicare \u00e0 un plan Medicare Advantage ou passer d&#039;un plan Medicare Advantage \u00e0 Original Medicare (avec ou sans plan Part D).<\/p>\n<p>Vous pouvez \u00e9galement obtenir un plan Medigap (Medicare Supplement) dans le Maryland.<\/p>\n<h3>Comment revoir un plan Medicare<\/h3>\n<p>Posez-vous ces questions sur votre plan Medicare Advantage :<\/p>\n<ul>\n<li>\u00c0 combien s&#039;\u00e9l\u00e8vent les primes chaque mois, le cas \u00e9ch\u00e9ant\u00a0?<\/li>\n<li>Quel est le montant de la franchise et de la coassurance\/copaiement pour les services dont j&#039;ai besoin\u00a0?<\/li>\n<li>Quel est le d\u00e9bours annuel ?<\/li>\n<li>Quelle est la zone de service du plan ?<\/li>\n<li>Mes m\u00e9decins et h\u00f4pitaux sont-ils en r\u00e9seau\u00a0?<\/li>\n<li>Quelles r\u00e8gles dois-je suivre pour acc\u00e9der aux services de sant\u00e9 et \u00e0 mes m\u00e9dicaments sur ordonnance?<\/li>\n<li>Le plan couvre-t-il des prestations de soins de sant\u00e9 suppl\u00e9mentaires qui ne sont pas couvertes par Original Medicare\u00a0?<\/li>\n<li>Quel est le nombre d&#039;\u00e9toiles du plan\u00a0?<\/li>\n<li>Ce plan affectera-t-il la couverture suppl\u00e9mentaire dont je b\u00e9n\u00e9ficie\u00a0?<\/li>\n<\/ul>\n<p>Comparez votre plan \u00e0 d&#039;autres, estimez les d\u00e9penses personnelles et examinez le syst\u00e8me d&#039;\u00e9toiles pour comprendre la note du plan en termes de qualit\u00e9 et de performance.<\/p>\n\t<h3>P\u00e9riodes d&#039;inscription sp\u00e9ciales<\/h3>\n<p>En plus de l&#039;inscription ouverte, il existe des p\u00e9riodes d&#039;inscription sp\u00e9ciales en fonction des circonstances personnelles. Vous serez admissible \u00e0 vous inscrire \u00e0 Medicare si\u00a0:<\/p>\n<ul>\n<li>Tu bouges.<\/li>\n<li>Vous \u00eates \u00e9ligible \u00e0 Medicaid.<\/li>\n<li>Vous \u00eates admissible \u00e0 une aide suppl\u00e9mentaire pour les frais de m\u00e9dicaments de Medicare.<\/li>\n<li>Vous recevez des soins dans un \u00e9tablissement tel qu&#039;un \u00e9tablissement de soins infirmiers qualifi\u00e9 ou un h\u00f4pital de soins de longue dur\u00e9e.<\/li>\n<li>Vous souhaitez passer \u00e0 un plan avec une note de qualit\u00e9 globale de 5 \u00e9toiles.<\/li>\n<\/ul>\n\t\t\t<a href=\"https:\/\/www.medicare.gov\/basics\/get-started-with-medicare\" target=\"_blank\" rel=\"noopener\">\n\t\t\t\t\t\t\tGet started with medicare\n\t\t\t<\/a>\n<h2>\n\t\t\tInformations connexes\t<\/h2>\n\t\t<h4><a href=\"\/fr\/ressources\/vieillissement-handicap\/?utm_source=Home&#038;utm_medium=Referral&#038;utm_campaign=211Resources&#038;utm_content=Aging\" target=\"_self\">Vieillissement &amp; Handicap<\/a><\/h4><figure itemscope itemtype=\"https:\/\/schema.org\/ImageObject\">\n\t\t\t\t<a href=\"\/fr\/ressources\/vieillissement-handicap\/?utm_source=Home&#038;utm_medium=Referral&#038;utm_campaign=211Resources&#038;utm_content=Aging\"  target=\"_self\" itemprop=\"url\">\n\t\t\t\t<img decoding=\"async\" src=\"https:\/\/211md.org\/wp-content\/uploads\/bb-plugin\/cache\/2025_MdInfoNet_Icon-Sets_Aging-disability-square-c466727102cae71e5f27b8539bb51945-.png\" alt=\"\" onerror=\"this.style.display='none'\" loading=\"lazy\" \/>\n\t\t\t\t<\/a>\n\t<\/figure>\n\t\t<h4><a href=\"\/fr\/ressources\/enfants-familles\/?utm_source=Home&#038;utm_medium=Referral&#038;utm_campaign=211Resources&#038;utm_content=Children\" target=\"_self\">Enfants et familles<\/a><\/h4><figure itemscope itemtype=\"https:\/\/schema.org\/ImageObject\">\n\t\t\t\t<a href=\"\/fr\/ressources\/enfants-familles\/?utm_source=Home&#038;utm_medium=Referral&#038;utm_campaign=211Resources&#038;utm_content=Children\"  target=\"_self\" itemprop=\"url\">\n\t\t\t\t<img decoding=\"async\" src=\"https:\/\/211md.org\/wp-content\/uploads\/bb-plugin\/cache\/2025_211_Icon-Sets_Child-care-square-f3b0d4edab3dcc467fadb5f55f4064c6-.png\" alt=\"parent and child icon for child care\" height=\"417\" width=\"417\" title=\"2025_211_Ensembles d&#039;ic\u00f4nes_Garde d&#039;enfants\" onerror=\"this.style.display='none'\" loading=\"lazy\" \/>\n\t\t\t\t<\/a>\n\t<\/figure>\n\t\t<h4><a href=\"\/fr\/ressources\/violence-familiale-domestique\/?utm_source=Home&#038;utm_medium=Referral&#038;utm_campaign=211Resources&#038;utm_content=Domestic\" target=\"_self\">Violence Domestique<\/a><\/h4><figure itemscope itemtype=\"https:\/\/schema.org\/ImageObject\">\n\t\t\t\t<a href=\"\/fr\/ressources\/violence-familiale-domestique\/?utm_source=Home&#038;utm_medium=Referral&#038;utm_campaign=211Resources&#038;utm_content=Domestic\"  target=\"_self\" itemprop=\"url\">\n\t\t\t\t<img decoding=\"async\" src=\"https:\/\/211md.org\/wp-content\/uploads\/bb-plugin\/cache\/2025_211_Icon-Sets_Domestic-Violence-square-7b597694a6f05fe90cdc376aa573bc63-.png\" alt=\"House with a heart in the middle icon\" height=\"417\" width=\"417\" title=\"2025_211_Ensembles d&#039;ic\u00f4nes_Violence domestique\" onerror=\"this.style.display='none'\" loading=\"lazy\" \/>\n\t\t\t\t<\/a>\n\t<\/figure>\n\t\t<h4><a href=\"\/fr\/ressources\/recherche-demploi\/?utm_source=Home&#038;utm_medium=Referral&#038;utm_campaign=211Resources&#038;utm_content=Employment\" target=\"_self\">Emploi<\/a><\/h4><figure itemscope itemtype=\"https:\/\/schema.org\/ImageObject\">\n\t\t\t\t<a href=\"\/fr\/ressources\/recherche-demploi\/?utm_source=Home&#038;utm_medium=Referral&#038;utm_campaign=211Resources&#038;utm_content=Employment\"  target=\"_self\" itemprop=\"url\">\n\t\t\t\t<img decoding=\"async\" src=\"https:\/\/211md.org\/wp-content\/uploads\/bb-plugin\/cache\/2025_MdInfoNet_Icon-Sets_Employment-square-44707bd410e4df10a470bf130ebcea86-.png\" alt=\"\" onerror=\"this.style.display='none'\" loading=\"lazy\" \/>\n\t\t\t\t<\/a>\n\t<\/figure>\n\t\t<h4><a href=\"\/fr\/ressources\/soins-de-sante\/?utm_source=Home&#038;utm_medium=Referral&#038;utm_campaign=211Resources&#038;utm_content=Health%20Care\" target=\"_self\">Soins de sant\u00e9<\/a><\/h4><figure itemscope itemtype=\"https:\/\/schema.org\/ImageObject\">\n\t\t\t\t<a href=\"\/fr\/ressources\/soins-de-sante\/?utm_source=Home&#038;utm_medium=Referral&#038;utm_campaign=211Resources&#038;utm_content=Health%20Care\"  target=\"_self\" itemprop=\"url\">\n\t\t\t\t<img decoding=\"async\" src=\"https:\/\/211md.org\/wp-content\/uploads\/bb-plugin\/cache\/2025_MdInfoNet_Icon-Sets_Health-Care-square-dee98a0060cbe0e7f27eda253fc12679-.png\" alt=\"\" onerror=\"this.style.display='none'\" loading=\"lazy\" \/>\n\t\t\t\t<\/a>\n\t<\/figure>\n\t\t<h4><a href=\"\/fr\/ressources\/nouveau-aux-etats-unis-et-au-maryland\/?utm_source=Home&#038;utm_medium=Referral&#038;utm_campaign=211Resources&#038;utm_content=Immigration\" target=\"_self\">Immigration<\/a><\/h4><figure itemscope itemtype=\"https:\/\/schema.org\/ImageObject\">\n\t\t\t\t<a href=\"\/fr\/ressources\/nouveau-aux-etats-unis-et-au-maryland\/?utm_source=Home&#038;utm_medium=Referral&#038;utm_campaign=211Resources&#038;utm_content=Immigration\"  target=\"_self\" itemprop=\"url\">\n\t\t\t\t<img decoding=\"async\" src=\"https:\/\/211md.org\/wp-content\/uploads\/bb-plugin\/cache\/2025_MdInfoNet_Icon-Sets_Immigration-square-8b97b7fdfe5e6071405e216855065118-.png\" alt=\"ic\u00f4ne d&#039;immigration\" title=\"2025_MdInfoNet_Icon-Sets_Immigration\" onerror=\"this.style.display='none'\" loading=\"lazy\" \/>\n\t\t\t\t<\/a>\n\t<\/figure>\n\t\t<h4><a href=\"\/fr\/ressources\/enfants-familles\/parente\/?utm_source=Home&#038;utm_medium=Referral&#038;utm_campaign=211Resources&#038;utm_content=Kinship\" target=\"_self\">Parent\u00e9<\/a><\/h4><figure itemscope itemtype=\"https:\/\/schema.org\/ImageObject\">\n\t\t\t\t<a href=\"\/fr\/ressources\/enfants-familles\/parente\/?utm_source=Home&#038;utm_medium=Referral&#038;utm_campaign=211Resources&#038;utm_content=Kinship\"  target=\"_self\" itemprop=\"url\">\n\t\t\t\t<img decoding=\"async\" src=\"https:\/\/211md.org\/wp-content\/uploads\/bb-plugin\/cache\/2025_211_Icon-Sets_Kinship-square-45bdf872866f5735f842c32071109267-.png\" alt=\"Ic\u00f4ne de parent\u00e9\" height=\"417\" width=\"417\" title=\"2025_211_Ensembles d&#039;ic\u00f4nes_Parent\u00e9\" onerror=\"this.style.display='none'\" loading=\"lazy\" \/>\n\t\t\t\t<\/a>\n\t<\/figure>\n\t\t<h4><a href=\"\/fr\/ressources\/services-juridiques\/?utm_source=Home&#038;utm_medium=Referral&#038;utm_campaign=211Resources&#038;utm_content=Legal\" target=\"_self\">Services juridiques<\/a><\/h4><figure itemscope itemtype=\"https:\/\/schema.org\/ImageObject\">\n\t\t\t\t<a href=\"\/fr\/ressources\/services-juridiques\/?utm_source=Home&#038;utm_medium=Referral&#038;utm_campaign=211Resources&#038;utm_content=Legal\"  target=\"_self\" itemprop=\"url\">\n\t\t\t\t<img decoding=\"async\" src=\"https:\/\/211md.org\/wp-content\/uploads\/bb-plugin\/cache\/2025_MdInfoNet_Icon-Sets_Legal-square-18fdf438feb8435588174d9046463257-.png\" alt=\"\" onerror=\"this.style.display='none'\" loading=\"lazy\" \/>\n\t\t\t\t<\/a>\n\t<\/figure>\n\t\t<h4><a href=\"\/fr\/ressources\/sante-mentale\/?utm_source=Home&#038;utm_medium=Referral&#038;utm_campaign=211Resources&#038;utm_content=Mental\" target=\"_self\">Sant\u00e9 mentale<\/a><\/h4><figure itemscope itemtype=\"https:\/\/schema.org\/ImageObject\">\n\t\t\t\t<a href=\"\/fr\/ressources\/sante-mentale\/?utm_source=Home&#038;utm_medium=Referral&#038;utm_campaign=211Resources&#038;utm_content=Mental\"  target=\"_self\" itemprop=\"url\">\n\t\t\t\t<img decoding=\"async\" src=\"https:\/\/211md.org\/wp-content\/uploads\/bb-plugin\/cache\/2025_MdInfoNet_Icon-Sets_Mental-Health-square-c59b38c4a993a947d4c9280fbe2d2fee-.png\" alt=\"\" onerror=\"this.style.display='none'\" loading=\"lazy\" \/>\n\t\t\t\t<\/a>\n\t<\/figure>\n\t\t<h4><a href=\"\/fr\/ressources\/mdreentry\/?utm_source=Home&#038;utm_medium=Referral&#038;utm_campaign=211Resources&#038;utm_content=Reentry\" target=\"_self\">Rentr\u00e9e<\/a><\/h4><figure itemscope itemtype=\"https:\/\/schema.org\/ImageObject\">\n\t\t\t\t<a href=\"\/fr\/ressources\/mdreentry\/?utm_source=Home&#038;utm_medium=Referral&#038;utm_campaign=211Resources&#038;utm_content=Reentry\"  target=\"_self\" itemprop=\"url\">\n\t\t\t\t<img decoding=\"async\" src=\"https:\/\/211md.org\/wp-content\/uploads\/bb-plugin\/cache\/2025_211_Icon-Sets_Reentry-square-8676fea38abd920a832f45642fe31cca-.png\" alt=\"Ic\u00f4ne de rentr\u00e9e\" height=\"417\" width=\"417\" title=\"2025_211_Ensembles d&#039;ic\u00f4nes_R\u00e9entr\u00e9e\" onerror=\"this.style.display='none'\" loading=\"lazy\" \/>\n\t\t\t\t<\/a>\n\t<\/figure>\n\t\t<h4><a href=\"\/fr\/ressources\/consommation-de-substances\/?utm_source=Home&#038;utm_medium=Referral&#038;utm_campaign=211Resources&#038;utm_content=Substance\" target=\"_self\">Consommation de substances<\/a><\/h4><figure itemscope itemtype=\"https:\/\/schema.org\/ImageObject\">\n\t\t\t\t<a href=\"\/fr\/ressources\/consommation-de-substances\/?utm_source=Home&#038;utm_medium=Referral&#038;utm_campaign=211Resources&#038;utm_content=Substance\"  target=\"_self\" itemprop=\"url\">\n\t\t\t\t<img decoding=\"async\" src=\"https:\/\/211md.org\/wp-content\/uploads\/bb-plugin\/cache\/2025_MdInfoNet_Icon-Sets_Substance-Abuse-square-4f414f085e657267739c181957754f48-.png\" alt=\"Pills for substance Use icon\" title=\"2025_MdInfoNet_Icon-Sets_Substance-Abuse\" onerror=\"this.style.display='none'\" loading=\"lazy\" \/>\n\t\t\t\t<\/a>\n\t<\/figure>\n\t\t<h4><a href=\"\/fr\/ressources\/anciens-combattants\/?utm_source=Home&#038;utm_medium=Referral&#038;utm_campaign=211Resources&#038;utm_content=Veterans\" target=\"_self\">anciens combattants<\/a><\/h4><figure itemscope itemtype=\"https:\/\/schema.org\/ImageObject\">\n\t\t\t\t<a href=\"\/fr\/ressources\/anciens-combattants\/?utm_source=Home&#038;utm_medium=Referral&#038;utm_campaign=211Resources&#038;utm_content=Veterans\"  target=\"_self\" itemprop=\"url\">\n\t\t\t\t<img decoding=\"async\" src=\"https:\/\/211md.org\/wp-content\/uploads\/bb-plugin\/cache\/2025_MdInfoNet_Icon-Sets_Rating-square-6e60d00cce4faa8e0a6d4ad7366aa733-.png\" alt=\"\" onerror=\"this.style.display='none'\" loading=\"lazy\" \/>\n\t\t\t\t<\/a>\n\t<\/figure>","protected":false},"excerpt":{"rendered":"<p>Medicare is a government health insurance program, that provides assistance to people ages 65 and older, people under 65 with certain disabilities, and any age person with End-Stage Renal Disease or permanet kidney failure requiring dialysis or kidney transplant. Learn about the types of Medicare Coverage and how to get help navigating it through a&hellip;<\/p>","protected":false},"author":8,"featured_media":33836,"parent":838,"menu_order":0,"comment_status":"closed","ping_status":"closed","template":"","meta":{"footnotes":""},"class_list":["post-1014","page","type-page","status-publish","has-post-thumbnail","hentry"],"_links":{"self":[{"href":"https:\/\/211md.org\/fr\/wp-json\/wp\/v2\/pages\/1014","targetHints":{"allow":["GET"]}}],"collection":[{"href":"https:\/\/211md.org\/fr\/wp-json\/wp\/v2\/pages"}],"about":[{"href":"https:\/\/211md.org\/fr\/wp-json\/wp\/v2\/types\/page"}],"author":[{"embeddable":true,"href":"https:\/\/211md.org\/fr\/wp-json\/wp\/v2\/users\/8"}],"replies":[{"embeddable":true,"href":"https:\/\/211md.org\/fr\/wp-json\/wp\/v2\/comments?post=1014"}],"version-history":[{"count":11,"href":"https:\/\/211md.org\/fr\/wp-json\/wp\/v2\/pages\/1014\/revisions"}],"predecessor-version":[{"id":34544,"href":"https:\/\/211md.org\/fr\/wp-json\/wp\/v2\/pages\/1014\/revisions\/34544"}],"up":[{"embeddable":true,"href":"https:\/\/211md.org\/fr\/wp-json\/wp\/v2\/pages\/838"}],"wp:featuredmedia":[{"embeddable":true,"href":"https:\/\/211md.org\/fr\/wp-json\/wp\/v2\/media\/33836"}],"wp:attachment":[{"href":"https:\/\/211md.org\/fr\/wp-json\/wp\/v2\/media?parent=1014"}],"curies":[{"name":"wp","href":"https:\/\/api.w.org\/{rel}","templated":true}]}}