{"id":1021,"date":"2021-04-16T18:52:14","date_gmt":"2021-04-16T18:52:14","guid":{"rendered":"https:\/\/211md.org\/?page_id=1021"},"modified":"2025-12-10T11:35:32","modified_gmt":"2025-12-10T16:35:32","slug":"comportements-enfants","status":"publish","type":"page","link":"https:\/\/211md.org\/fr\/resources\/children-families\/child-behaviors\/","title":{"rendered":"Obtenir de l&#039;aide sur les comportements des enfants"},"content":{"rendered":"<p>Il peut \u00eatre difficile de savoir comment r\u00e9agir lorsqu\u2019un enfant \u00ab passe \u00e0 l\u2019acte \u00bb. Heureusement, il existe des moyens efficaces permettant aux parents et aux tuteurs de r\u00e9agir lorsqu&#039;un enfant crie, crie, frappe, donne des coups de pied, mord ou casse des objets.<\/p>\n<h3>Pour obtenir de l&#039;aide imm\u00e9diatement<\/h3>\n<p>Si vous avez une inqui\u00e9tude imm\u00e9diate concernant le comportement de votre enfant, ces lignes d&#039;assistance t\u00e9l\u00e9phonique peuvent vous aider\u00a0:<\/p>\n<ul>\n<li><strong>Arbre g\u00e9n\u00e9alogique Ligne d&#039;assistance parentale 24 heures sur 24<\/strong><br \/>\nAppelez le 1-800-243-7337 pour obtenir une assistance, des conseils et des ressources communautaires gratuites et confidentielles dans le Maryland.\u00a0<a href=\"https:\/\/www.familytreemd.org\/programs\/helpline\/\" target=\"_blank\" rel=\"noopener\">En savoir plus sur la ligne d&#039;assistance de l&#039;arbre g\u00e9n\u00e9alogique<\/a>.<\/li>\n<li><strong>Appelez le 9-8-8<\/strong><br \/>\nSi vous avez des inqui\u00e9tudes concernant la sant\u00e9 mentale ou la consommation de substances chez votre enfant, appelez le 9-8-8.<\/li>\n<\/ul>\n\t\t\t\t<img loading=\"lazy\" decoding=\"async\" src=\"https:\/\/211md.org\/wp-content\/uploads\/2021\/05\/Child-Holding-Ears.png\" alt=\"Un enfant en d\u00e9tresse tenant ses mains sur ses oreilles\" itemprop=\"image\" height=\"348\" width=\"460\" title=\"enfant, tenue, oreilles\" onerror=\"this.style.display='none'\"  \/>\n\t<h3>Si vous \u00eates pr\u00e9occup\u00e9 par le comportement de votre enfant<\/h3>\n<p>Si des comportements difficiles se produisent souvent, il est risqu\u00e9 de supposer que votre enfant \u00ab s\u2019en sortira en grandissant \u00bb. Agir t\u00f4t face aux pr\u00e9occupations est la meilleure fa\u00e7on d\u2019aider votre enfant.<\/p>\n<p>La plupart des probl\u00e8mes peuvent \u00eatre r\u00e9solus avec la bonne approche, mais il est g\u00e9n\u00e9ralement plus facile et plus efficace d\u2019agir plus t\u00f4t avant que le probl\u00e8me ne s\u2019aggrave.<\/p>\n<p>Une bonne premi\u00e8re \u00e9tape consiste \u00e0 parler au fournisseur de soins de sant\u00e9 de votre enfant, comme son p\u00e9diatre ou son infirmi\u00e8re praticienne. Notez vos questions, vos pr\u00e9occupations et quelques exemples\u00a0; apportez-les au rendez-vous. Informez le m\u00e9decin ou l&#039;infirmi\u00e8re au d\u00e9but du rendez-vous de vos inqui\u00e9tudes concernant le comportement et le d\u00e9veloppement de votre enfant. <a href=\"https:\/\/www.cdc.gov\/ncbddd\/actearly\/pdf\/help_pdfs\/How-Talk-Doctor-English-Spanish-508.pdf\" target=\"_blank\" rel=\"noopener\">Cette fiche peut vous aider \u00e0 pr\u00e9parer la conversation<\/a>.<\/p>\n\t<h3>Autres sources de soutien<\/h3>\n<p>G\u00e9rer ces comportements peut \u00eatre difficile pour l\u2019enfant et le parent. De l&#039;aide est disponible.<\/p>\n<ul>\n<li><strong>Appelez le 2-1-1<br \/>\n<\/strong>Si vous avez besoin d&#039;assistance, composez le 2-1-1. Nous pouvons vous aider \u00e0 d\u00e9terminer quel programme ou quelle ressource vous convient le mieux.<\/li>\n<li><strong>Coalition du Maryland pour le soutien par les pairs aux familles<\/strong><br \/>\nL&#039;agence peut vous aider \u00e0 g\u00e9rer les probl\u00e8mes de sant\u00e9 comportementale en famille gr\u00e2ce \u00e0 ses <a href=\"https:\/\/www.mdcoalition.org\/what-we-do\/family-peer-support\/\" target=\"_blank\" rel=\"noopener\">programme de soutien familial par les pairs<\/a>. Ils peuvent aider avec les IEP et d&#039;autres ressources n\u00e9cessaires pour soutenir la famille et l&#039;enfant.<\/li>\n<li><strong>Trousse de ressources familiales La sant\u00e9 mentale des enfants compte<\/strong><strong><br \/>\n<\/strong>T\u00e9l\u00e9chargez-le dans\u00a0<a href=\"https:\/\/www.childrensmentalhealthmatters.org\/files\/2021\/03\/CMHM-Family-Resource-Kit-2021.pdf\" target=\"_blank\" rel=\"noopener\">Anglais<\/a>\u00a0ou alors\u00a0<a href=\"https:\/\/www.childrensmentalhealthmatters.org\/files\/2021\/07\/CMHM-Family-Resource-Kit-2021_ES.pdf\" target=\"_blank\" rel=\"noopener\">Espagnol<\/a>. Vous y trouverez de l&#039;information sur plusieurs sujets, notamment les troubles de l&#039;alimentation, le trouble d\u00e9ficitaire de l&#039;attention avec hyperactivit\u00e9 (TDAH), l&#039;anxi\u00e9t\u00e9, la d\u00e9pression ou d&#039;autres probl\u00e8mes de sant\u00e9 mentale.<\/li>\n<\/ul>\n<p>&nbsp;<\/p>\n\t\t\t\t<img decoding=\"async\" src=\"http:\/\/211md.org\/wp-content\/uploads\/2024\/02\/mother-comforting-child.jpg\" alt=\"m\u00e8re r\u00e9confortant son enfant\" itemprop=\"image\" title=\"m\u00e8re r\u00e9confortant son enfant\" onerror=\"this.style.display='none'\"  \/>\n<h2>Informations connexes<\/h2>\n<p><a title=\"\u00catre parent\" href=\"https:\/\/211md.org\/fr\/ressources\/enfants-familles\/etre-parent\/\">Soutien parental<\/a><\/p>\n<p><a title=\"ACE\" href=\"https:\/\/211md.org\/fr\/ressources\/enfants-familles\/as\/\">ACE<\/a><\/p>\n<p><a href=\"https:\/\/211md.org\/fr\/ressources\/sante-mentale\/soutien-ado\/\">Soutien en sant\u00e9 mentale pour adolescents<\/a><\/p>\n<p><a href=\"https:\/\/211md.org\/fr\/ressources\/enfants-familles\/navigation-parente\/\" target=\"_blank\" rel=\"noopener\">Navigation de parent\u00e9<\/a><\/p>\n<h2>\n\t\tTrouver des ressources\n\t<\/h2>\n\t\t\t\t<a href=\"\/fr\/ressources\/vieillissement-handicap\/\" target=\"_self\" itemprop=\"url\" rel=\"noopener\">\n\t\t\t\t<img loading=\"lazy\" decoding=\"async\" src=\"https:\/\/211md.org\/wp-content\/uploads\/bb-plugin\/cache\/Mask-Group-41@2x-circle-73eaadba4cad8269faa4720e25cf1c85-.png\" alt=\"Les pieds d&#039;une femme plus \u00e2g\u00e9e et d&#039;une femme plus jeune marchant ensemble\" itemprop=\"image\" height=\"500\" width=\"500\" title=\"Services aux personnes handicap\u00e9es\" onerror=\"this.style.display='none'\"  \/>\n\t\t\t\t<\/a>\n\t\t<h3><a href=\"\/fr\/ressources\/vieillissement-handicap\/\" target=\"_self\" rel=\"noopener\">Vieillissement &amp; Handicap<\/a><\/h3>\t\n\t\t\t\t<a href=\"\/fr\/ressources\/enfants-familles\/\" target=\"_self\" itemprop=\"url\" rel=\"noopener\">\n\t\t\t\t<img loading=\"lazy\" decoding=\"async\" src=\"https:\/\/211md.org\/wp-content\/uploads\/bb-plugin\/cache\/Mask-Group-38@2x-circle-ac40d46265fbec62083cd27f6dcf23b0-.png\" alt=\"Un jeune gar\u00e7on et une fille souriant et regardant la cam\u00e9ra\" itemprop=\"image\" height=\"500\" width=\"500\" title=\"Groupe de masques 38@2x\" onerror=\"this.style.display='none'\"  \/>\n\t\t\t\t<\/a>\n\t\t<h3><a href=\"\/fr\/ressources\/enfants-familles\/\" target=\"_self\" rel=\"noopener\">Enfants et familles<\/a><\/h3>\t\n\t\t\t\t<a href=\"\/fr\/ressources\/centre-de-ressources-covid-19\/\" target=\"_self\" itemprop=\"url\" rel=\"noopener\">\n\t\t\t\t<img loading=\"lazy\" decoding=\"async\" src=\"https:\/\/211md.org\/wp-content\/uploads\/bb-plugin\/cache\/Mask-Group-35-circle-1d65595bca7a4e0f07d3d14ca4f42835-.png\" alt=\"Un homme et une femme qui se cognent le coude\" itemprop=\"image\" height=\"500\" width=\"500\" title=\"Groupe de masques 35\" onerror=\"this.style.display='none'\"  \/>\n\t\t\t\t<\/a>\n\t\t<h3><a href=\"\/fr\/ressources\/centre-de-ressources-covid-19\/\" target=\"_self\" rel=\"noopener\">Ressources COVID-19<\/a><\/h3>\t\n\t\t\t\t<a href=\"\/fr\/ressources\/violence-familiale-domestique\/\" target=\"_self\" itemprop=\"url\" rel=\"noopener\">\n\t\t\t\t<img loading=\"lazy\" decoding=\"async\" src=\"https:\/\/211md.org\/wp-content\/uploads\/bb-plugin\/cache\/Mask-Group-39@2x-circle-b2589197a13c791d910f46dd10b27a87-.png\" alt=\"Deux paires de mains se tenant\" itemprop=\"image\" height=\"500\" width=\"500\" title=\"Groupe de masques 39@2x\" onerror=\"this.style.display='none'\"  \/>\n\t\t\t\t<\/a>\n\t\t<h3><a href=\"\/fr\/ressources\/violence-familiale-domestique\/\" target=\"_self\" rel=\"noopener\">Violence domestique\/familiale<\/a><\/h3>\t\n\t\t\t\t<a href=\"\/fr\/ressources\/recherche-demploi\/\" target=\"_self\" itemprop=\"url\" rel=\"noopener\">\n\t\t\t\t<img loading=\"lazy\" decoding=\"async\" src=\"https:\/\/211md.org\/wp-content\/uploads\/bb-plugin\/cache\/Employment-circle-bf72562329e950df948954f5d3f44b2e-.png\" alt=\"Un m\u00e9canicien automobile\" itemprop=\"image\" height=\"500\" width=\"500\" title=\"Emploi\" onerror=\"this.style.display='none'\"  \/>\n\t\t\t\t<\/a>\n\t\t<h3><a href=\"\/fr\/ressources\/recherche-demploi\/\" target=\"_self\" rel=\"noopener\">Emploi<\/a><\/h3>\t\n\t\t\t\t<a href=\"\/fr\/ressources\/soins-de-sante\/\" target=\"_self\" itemprop=\"url\" rel=\"noopener\">\n\t\t\t\t<img loading=\"lazy\" decoding=\"async\" src=\"https:\/\/211md.org\/wp-content\/uploads\/bb-plugin\/cache\/Mask-Group-35@2x-circle-94be10c13e4adae1683b4589dc2f5b2f-.png\" alt=\"Docteur regardant la jambe des gar\u00e7ons\" itemprop=\"image\" height=\"500\" width=\"500\" title=\"Groupe de masques 35@2x\" onerror=\"this.style.display='none'\"  \/>\n\t\t\t\t<\/a>\n\t\t<h3><a href=\"\/fr\/ressources\/soins-de-sante\/\" target=\"_self\" rel=\"noopener\">Soins de sant\u00e9<\/a><\/h3>\t\n\t\t\t\t<a href=\"\/fr\/ressources\/nourriture\/\" target=\"_self\" itemprop=\"url\" rel=\"noopener\">\n\t\t\t\t<img loading=\"lazy\" decoding=\"async\" src=\"https:\/\/211md.org\/wp-content\/uploads\/bb-plugin\/cache\/Mask-Group-32@2x-circle-1c6d647dcaf998fa079d26735cedc92b-.png\" alt=\"L\u00e9gumes frais\" itemprop=\"image\" height=\"500\" width=\"500\" title=\"Groupe de masques 32@2x\" onerror=\"this.style.display='none'\"  \/>\n\t\t\t\t<\/a>\n\t\t<h3><a href=\"\/fr\/ressources\/nourriture\/\" target=\"_self\" rel=\"noopener\">Nourriture<\/a><\/h3>\t\n\t\t\t\t<a href=\"\/fr\/ressources\/logement-refuge\/\" target=\"_self\" itemprop=\"url\" rel=\"noopener\">\n\t\t\t\t<img loading=\"lazy\" decoding=\"async\" src=\"https:\/\/211md.org\/wp-content\/uploads\/bb-plugin\/cache\/Mask-Group-34@2x-circle-b99c55fc16ef21f35e2f2a1f7cc37b9a-.png\" alt=\"Balcon complexe d&#039;appartements\" itemprop=\"image\" height=\"500\" width=\"500\" title=\"Complexe d&#039;appartements\" onerror=\"this.style.display='none'\"  \/>\n\t\t\t\t<\/a>\n\t\t<h3><a href=\"\/fr\/ressources\/logement-refuge\/\" target=\"_self\" rel=\"noopener\">Logement &amp; Abri<\/a><\/h3>\t\n\t\t\t\t<a href=\"\/fr\/ressources\/nouveau-aux-etats-unis-et-au-maryland\/\" target=\"_self\" itemprop=\"url\" rel=\"noopener\">\n\t\t\t\t<img loading=\"lazy\" decoding=\"async\" src=\"https:\/\/211md.org\/wp-content\/uploads\/bb-plugin\/cache\/American-flag-circle-0016cc327e27ef7aeb080f1da6c6e98b-.jpg\" alt=\"nouveau aux \u00c9tats-Unis\" itemprop=\"image\" height=\"364\" width=\"1366\" title=\"Drapeau am\u00e9ricain\" onerror=\"this.style.display='none'\"  \/>\n\t\t\t\t<\/a>\n\t\t<h3><a href=\"\/fr\/ressources\/nouveau-aux-etats-unis-et-au-maryland\/\" target=\"_self\" rel=\"noopener\">Immigration<\/a><\/h3>\t\n\t\t\t\t<a href=\"\/fr\/ressources\/services-juridiques\/\" target=\"_self\" itemprop=\"url\" rel=\"noopener\">\n\t\t\t\t<img loading=\"lazy\" decoding=\"async\" src=\"https:\/\/211md.org\/wp-content\/uploads\/bb-plugin\/cache\/Housing-Legal-circle-9a8f3c1c72c54b6e1ce612d2993c1ad4-.png\" alt=\"Marteau juridique avec un mod\u00e8le en plastique d&#039;une maison \u00e0 c\u00f4t\u00e9\" itemprop=\"image\" height=\"348\" width=\"460\" title=\"Juridique du logement\" onerror=\"this.style.display='none'\"  \/>\n\t\t\t\t<\/a>\n\t\t<h3><a href=\"\/fr\/ressources\/services-juridiques\/\" target=\"_self\" rel=\"noopener\">Services juridiques<\/a><\/h3>\t\n\t\t\t\t<a href=\"\/fr\/ressources\/sante-mentale\/\" target=\"_self\" itemprop=\"url\" rel=\"noopener\">\n\t\t\t\t<img loading=\"lazy\" decoding=\"async\" src=\"https:\/\/211md.org\/wp-content\/uploads\/bb-plugin\/cache\/Mask-Group-40@2x-circle-7bd9426367852fb3d841bc4bdc57a550-.png\" alt=\"Les profils d&#039;un homme et d&#039;une femme\" itemprop=\"image\" height=\"500\" width=\"500\" title=\"Groupe de masques 40@2x\" onerror=\"this.style.display='none'\"  \/>\n\t\t\t\t<\/a>\n\t\t<h3><a href=\"\/fr\/ressources\/sante-mentale\/\" target=\"_self\" rel=\"noopener\">Sant\u00e9 mentale<\/a><\/h3>\t\n\t\t\t\t<a href=\"\/fr\/arreter\/\" target=\"_self\" itemprop=\"url\" rel=\"noopener\">\n\t\t\t\t<img loading=\"lazy\" decoding=\"async\" src=\"https:\/\/211md.org\/wp-content\/uploads\/bb-plugin\/cache\/Background-section-MDStophate-circle-08e2bae1cf9f2ad6cc83e01e23da8cb9-.jpg\" alt=\"Arri\u00e8re-plan-section-MDStophate\" itemprop=\"image\" height=\"768\" width=\"1366\" title=\"Arri\u00e8re-plan-section-MDStophate\" onerror=\"this.style.display='none'\"  \/>\n\t\t\t\t<\/a>\n\t\t<h3><a href=\"\/fr\/arreter\/\" target=\"_self\" rel=\"noopener\">Arr\u00eatez la haine<\/a><\/h3>\t\n\t\t\t\t<a href=\"\/fr\/ressources\/consommation-de-substances\/\" target=\"_self\" itemprop=\"url\" rel=\"noopener\">\n\t\t\t\t<img loading=\"lazy\" decoding=\"async\" src=\"https:\/\/211md.org\/wp-content\/uploads\/bb-plugin\/cache\/Substance-Use-circle-ad2d564932dc31267e0c32a6fb2d915c-.png\" alt=\"Pilules cassantes \u00e0 la main\" itemprop=\"image\" height=\"500\" width=\"500\" title=\"Consommation de substances\" onerror=\"this.style.display='none'\"  \/>\n\t\t\t\t<\/a>\n\t\t<h3><a href=\"\/fr\/ressources\/consommation-de-substances\/\" target=\"_self\" rel=\"noopener\">Consommation de substances<\/a><\/h3>\t\n\t\t\t\t<a href=\"\/fr\/ressources\/services-fiscaux\/\" target=\"_self\" itemprop=\"url\" rel=\"noopener\">\n\t\t\t\t<img loading=\"lazy\" decoding=\"async\" src=\"https:\/\/211md.org\/wp-content\/uploads\/bb-plugin\/cache\/Mask-Group-34-circle-166a606e37e61188c9a17d5e634cda3c-.png\" alt=\"Personne remplissant les formulaires d&#039;imp\u00f4t sur le revenu\" itemprop=\"image\" height=\"500\" width=\"500\" title=\"Groupe de masques 34\" onerror=\"this.style.display='none'\"  \/>\n\t\t\t\t<\/a>\n\t\t<h3><a href=\"\/fr\/ressources\/services-fiscaux\/\" target=\"_self\" rel=\"noopener\">Services fiscaux<\/a><\/h3>\t\n\t\t\t\t<a href=\"\/fr\/ressources\/assistance-utilitaire\/\" target=\"_self\" itemprop=\"url\" rel=\"noopener\">\n\t\t\t\t<img loading=\"lazy\" decoding=\"async\" src=\"https:\/\/211md.org\/wp-content\/uploads\/bb-plugin\/cache\/Mask-Group-37@2x-circle-9661a11b9c4082079c9a1f06bc539567-.png\" alt=\"Une ampoule allum\u00e9e\" itemprop=\"image\" height=\"500\" width=\"500\" title=\"Masque Groupe 37@2x\" onerror=\"this.style.display='none'\"  \/>\n\t\t\t\t<\/a>\n\t\t<h3><a href=\"\/fr\/ressources\/assistance-utilitaire\/\" target=\"_self\" rel=\"noopener\">Assistance utilitaire<\/a><\/h3>\t\n\t\t\t\t<a href=\"\/fr\/ressources\/anciens-combattants\/\" target=\"_self\" itemprop=\"url\" rel=\"noopener\">\n\t\t\t\t<img loading=\"lazy\" decoding=\"async\" src=\"https:\/\/211md.org\/wp-content\/uploads\/bb-plugin\/cache\/Veterans-circle-b5b2b017288a5af0f61a41d0f31d0f82-.png\" alt=\"Un soldat serrant la main de quelqu&#039;un et souriant\" itemprop=\"image\" height=\"500\" width=\"500\" title=\"anciens combattants\" onerror=\"this.style.display='none'\"  \/>\n\t\t\t\t<\/a>\n\t\t<h3><a href=\"\/fr\/ressources\/anciens-combattants\/\" target=\"_self\" rel=\"noopener\">anciens combattants<\/a><\/h3>","protected":false},"excerpt":{"rendered":"<p>Il peut \u00eatre difficile de savoir comment r\u00e9agir lorsqu\u2019un enfant \u00ab passe \u00e0 l\u2019acte \u00bb. Heureusement, il existe des moyens efficaces permettant aux parents et aux tuteurs de r\u00e9agir lorsqu&#039;un enfant crie, crie, frappe, donne des coups de pied, mord ou casse des objets. Pour obtenir de l&#039;aide imm\u00e9diatement Si vous avez une pr\u00e9occupation imm\u00e9diate concernant le comportement de votre enfant, ces lignes d&#039;assistance t\u00e9l\u00e9phonique peuvent vous proposer\u2026<\/p>","protected":false},"author":8,"featured_media":4025,"parent":839,"menu_order":0,"comment_status":"closed","ping_status":"closed","template":"","meta":{"footnotes":""},"class_list":["post-1021","page","type-page","status-publish","has-post-thumbnail","hentry"],"_links":{"self":[{"href":"https:\/\/211md.org\/fr\/wp-json\/wp\/v2\/pages\/1021","targetHints":{"allow":["GET"]}}],"collection":[{"href":"https:\/\/211md.org\/fr\/wp-json\/wp\/v2\/pages"}],"about":[{"href":"https:\/\/211md.org\/fr\/wp-json\/wp\/v2\/types\/page"}],"author":[{"embeddable":true,"href":"https:\/\/211md.org\/fr\/wp-json\/wp\/v2\/users\/8"}],"replies":[{"embeddable":true,"href":"https:\/\/211md.org\/fr\/wp-json\/wp\/v2\/comments?post=1021"}],"version-history":[{"count":2,"href":"https:\/\/211md.org\/fr\/wp-json\/wp\/v2\/pages\/1021\/revisions"}],"predecessor-version":[{"id":4709,"href":"https:\/\/211md.org\/fr\/wp-json\/wp\/v2\/pages\/1021\/revisions\/4709"}],"up":[{"embeddable":true,"href":"https:\/\/211md.org\/fr\/wp-json\/wp\/v2\/pages\/839"}],"wp:featuredmedia":[{"embeddable":true,"href":"https:\/\/211md.org\/fr\/wp-json\/wp\/v2\/media\/4025"}],"wp:attachment":[{"href":"https:\/\/211md.org\/fr\/wp-json\/wp\/v2\/media?parent=1021"}],"curies":[{"name":"wp","href":"https:\/\/api.w.org\/{rel}","templated":true}]}}