{"id":1030,"date":"2021-04-16T19:36:23","date_gmt":"2021-04-16T19:36:23","guid":{"rendered":"https:\/\/211md.org\/?page_id=1030"},"modified":"2026-04-08T18:45:25","modified_gmt":"2026-04-08T22:45:25","slug":"services-fiscaux","status":"publish","type":"page","link":"https:\/\/211md.org\/fr\/resources\/tax-services\/","title":{"rendered":"Trouver une assistance fiscale gratuite dans le Maryland"},"content":{"rendered":"<figure data-animation-delay=\"0\" data-animation-duration=\"1\" itemscope=\"\" itemtype=\"https:\/\/schema.org\/ImageObject\">\n\t\t\t\t<img decoding=\"async\" src=\"https:\/\/stg-maryland211-staging.kinsta.cloud\/wp-content\/uploads\/2025\/08\/5-1-scaled.png\" alt=\"5\" height=\"692\" width=\"2560\" title=\"5\" onerror=\"this.style.display='none'\" loading=\"lazy\">\n\t<\/figure>\n\t\t<p>Free tax preparation is available to help with federal and Maryland taxes. Get connected to trusted programs by searching the 211 Community Resource Database by ZIP code&nbsp;<\/p>\n\t\t\t<a href=\"https:\/\/search.211md.org\/search?query=DT-8800%2CDM-1800.8500%2CDM-1800.8500&amp;query_label=I%20need%20tax%20help.&amp;query_type=taxonomy\" target=\"_blank\" rel=\"noopener\">\n\t\t\t\t\t\tFind Tax Help near you\n\t\t\t\t\t<\/a>\n\t<p>Not sure which program is best for your situation? Learn about the programs, eligibility, and tax credits that many Marylanders miss.&nbsp;<\/p>\n\t<h2>Free Tax Preparation Programs<\/h2>\n<p>There are several reputable organizations that offer free tax assistance, each with their own adjusted gross income guidelines. There&#8217;s even a program just for seniors. Learn about programs.<\/p>\n\t\t<h3><a href=\"http:\/\/www.getyourrefund.org\/en\/vita_providers\" target=\"_blank\" rel=\"noopener\">\t\n\tVITA<\/a><\/h3><p>The IRS Volunteer Income Tax Assistance (VITA) offers help preparing taxes for people who:<\/p>\n<ul>\n<li>Generally make $69,000 or less<\/li>\n<li>Persons with disabilities; and<\/li>\n<li>Limited English-speaking taxpayers<\/li>\n<\/ul>\n\t\t\t<a href=\"http:\/\/www.getyourrefund.org\/en\/vita_providers\" target=\"_blank\" rel=\"noopener\">\n\t\t\t\t\t\t\tFind a VITA site\n\t\t\t<\/a>\n\t\t<h3><a href=\"https:\/\/cashmd.org\/free-tax-preparationresources\/\" target=\"_blank\" rel=\"noopener\">\t\n\tCASH Campaign<\/a><\/h3><p>The CASH (Creating Assets, Savings and Hope) Campaign of Maryland and its partners provide free tax preparation services for individuals or households who made under $69,000. Schedule an appointment or find a CASH Campaign partner tax site.<\/p>\n\t\t\t<a href=\"https:\/\/cashmd.org\/free-tax-preparationresources\/\" target=\"_blank\" rel=\"noopener\">\n\t\t\t\t\t\tFind a CASH Campaign Location\n\t\t\t\t\t<\/a>\n\t\t<h3><a href=\"https:\/\/www.marylandcomptroller.gov\/about\/locations.html\" target=\"_blank\" rel=\"noopener\">\t\n\tComptroller of Maryland<\/a><\/h3><p>Dial 1-800-MDTAXES for questions. Help is available Monday-Friday from 8:30 to 4:30 pm. Branch locations throughout the state provide help without an appointment for general tax questions, form requests, and to accept completed returns.<\/p>\n<p>For tax filing, schedule an appointment in person or virtually.<\/p>\n\t\t\t<a href=\"https:\/\/www.marylandcomptroller.gov\/about\/locations.html\" target=\"_blank\" rel=\"noopener\">\n\t\t\t\t\t\tFind a Location or Schedule an Appointment\n\t\t\t\t\t<\/a>\n\t\t<h3><a href=\"https:\/\/myfreetaxes.com\/\" target=\"_blank\" rel=\"noopener\">\t\n\tMyFreeTaxes par l&#039;interm\u00e9diaire de Centraide<\/a><\/h3><p>In partnership with VITA, the United Way offers free tax preparation and free DIY tax programs.<\/p>\n<ul>\n<li>Income less than $69,000 &#8211; Free tax preparation online or in-person<\/li>\n<li>Income less than $89,000 &#8211; DIY preparation with free tax software<\/li>\n<\/ul>\n\t\t\t<a href=\"https:\/\/myfreetaxes.com\/\" target=\"_blank\" rel=\"noopener\">\n\t\t\t\t\t\t\tUse MyFreeTaxes\n\t\t\t<\/a>\n\t\t<h3><a href=\"https:\/\/taxaide.aarpfoundation.org\/\" target=\"_blank\" rel=\"noopener\">\t\n\tPr\u00e9paration d&#039;imp\u00f4t gratuite AARP pour les personnes \u00e2g\u00e9es<\/a><\/h3><p>Free tax preparation for people over age 50, or you can prepare your own taxes for an adjusted gross income of $89,000 or less. If you make more money, you can still request help from Tax-Aide&#8217;s IRS-certified counselors.<\/p>\n\t\t\t<a href=\"https:\/\/taxaide.aarpfoundation.org\/\" target=\"_blank\" rel=\"noopener\">\n\t\t\t\t\t\tFind a Tax-Aide Provider\n\t\t\t\t\t<\/a>\n<figure itemscope=\"\" itemtype=\"https:\/\/schema.org\/ImageObject\">\n\t\t\t\t<img decoding=\"async\" src=\"http:\/\/211md.org\/wp-content\/uploads\/2026\/02\/High-rise-construction-worker-smiling.jpg\" alt=\"Construction worker smiling\" title=\"High rise construction worker smiling\" onerror=\"this.style.display='none'\" loading=\"lazy\">\n\t<\/figure>\n\t\t<h2>Maryland Earned Income Tax Credit (EITC)<\/h2>\n\t\t<p>When having your return prepared, ask about the Maryland Earned Income Tax Credit (EITC).<\/p>\n<p>If you&#8217;re using tax software to prepare taxes, make sure the platform verifies eligibility for the Maryland EITC. Some platforms don&#8217;t do this automatically.<\/p>\n<h3>What is it?<\/h3>\n<p>You earned it! Eligible taxpayers who work and have low to moderate income may qualify for up to $4,000 to reduce their taxes or increase their refund.&nbsp;The tax credit depends on income and family size.<\/p>\n<h3>Who qualifies?<\/h3>\n<p>Many people miss out on it because they didn&#8217;t know to ask about it. While everyone who qualifies for the federal EITC also qualifies for the state credit, there&#8217;s a group of people who qualify for the state credit but may not qualify federally. That includes individuals&nbsp;with an Individual Taxpayer Identification Number (ITIN) and childless adults aged 18-24.<\/p>\n<p>Seasonal gig workers, young adults, first-time workers, part-time employees, and caregivers may qualify for the Maryland EITC.<\/p>\n<p>The Comptroller has a screening tool to help determine if you qualify for the credit.<\/p>\n\t\t\t<a href=\"https:\/\/interactive2.marylandtaxes.gov\/EITCScreener\" target=\"_blank\" rel=\"noopener\">\n\t\t\t\t\t\tV\u00e9rifier l&#039;\u00e9ligibilit\u00e9\n\t\t\t\t\t<\/a>\n\t\t<h3>Other tax credits<\/h3>\n\t\t<p>There are also other Maryland tax credits to ask your preparer about, including the Maryland Child Tax Credit (CTC), Child and Dependent Care Credit, and Senior Tax Credit.<\/p>\n\t\t\t<a href=\"https:\/\/services.marylandcomptroller.gov\/taxes\/en\/tax-credits-deductions-and-subtractions?id=kb_article_view&amp;sysparm_article=KB0010131\" target=\"_blank\" rel=\"noopener\">\n\t\t\t\t\t\tLearn about other credits\n\t\t\t\t\t<\/a>\n<figure data-animation-delay=\"0\" data-animation-duration=\"1\" itemscope=\"\" itemtype=\"https:\/\/schema.org\/ImageObject\">\n\t\t\t\t<img decoding=\"async\" src=\"https:\/\/211md.org\/wp-content\/uploads\/2025\/09\/person-doing-taxes.jpg\" alt=\"personne faisant des imp\u00f4ts, remplissant le formulaire 1040\" height=\"1500\" width=\"2000\" title=\"personne qui fait les imp\u00f4ts\" onerror=\"this.style.display='none'\" loading=\"lazy\">\n\t<\/figure>\n\t\t<h2>Pr\u00e9paration des imp\u00f4ts vous-m\u00eame\u00a0: Fichier gratuit de l&#039;IRS<\/h2>\n\t\t<p>If you want to prepare your taxes on your own, the IRS Free File program links you to partner sites for free federal tax filing. IRS Free File is available to taxpayers with an adjusted gross income of $89,000 or less.<\/p>\n<p>Most sites are free if you meet the income requirements, but some may charge a small fee for state filing, depending on your income.<\/p>\n\t\t\t<a href=\"https:\/\/www.irs.gov\/e-file-do-your-taxes-for-free\" target=\"_blank\" rel=\"noopener\">\n\t\t\t\t\t\tUse Free Guided Tax Software\n\t\t\t\t\t<\/a>\n\t\t<h3>Free Military Tax Software<\/h3>\n\t\t<p>Members of the military and veterans may qualify for free tax filing through MilTax software, provided through the Department of Defense and Military OneSource. Access the tax preparation software through your Military OneSource account. You can file a federal return and up to three state returns for free.<\/p>\n<p>Une aide en personne est \u00e9galement disponible via VITA.<\/p>\n\t\t\t<a href=\"https:\/\/www.militaryonesource.mil\/financial-legal\/taxes\/miltax-military-tax-services\/\" target=\"_blank\" rel=\"noopener\">\n\t\t\t\t\t\tUse MilTax\n\t\t\t\t\t<\/a>\n\t<h2>Imp\u00f4ts du Maryland<\/h2>\n<p>You must complete your federal return before you file your Maryland tax return.<\/p>\n<p>Marylanders may be eligible to file directly with the IRS for free. The federal tool will transfer your information to Maryland&#8217;s state tax tool, making filing easier. However, <a href=\"https:\/\/directfile.irs.gov\/state\" target=\"_blank\" rel=\"noopener\">V\u00e9rifiez votre \u00e9ligibilit\u00e9<\/a>L\u2019IRS note que ce n\u2019est pas la meilleure option dans certaines situations.<\/p>\n<p>Si vous avez fait appel \u00e0 un partenaire du programme Free File de l&#039;IRS pour votre d\u00e9claration f\u00e9d\u00e9rale, ce partenaire de confiance pourra peut-\u00eatre remplir votre d\u00e9claration de revenus d&#039;\u00c9tat. Dans certains cas, cette proc\u00e9dure est incluse et dans d&#039;autres, des frais sont factur\u00e9s. <a href=\"https:\/\/apps.irs.gov\/app\/freeFile\/browse-all-offers\/\" target=\"_blank\" rel=\"noopener\">D\u00e9couvrez ce qui est inclus pour chaque partenaire de confiance<\/a>.<\/p>\n\t\t<h3>D\u00e9claration de revenus gratuite du Maryland<\/h3>\n\t\t<p>The Comptroller of Maryland can also help with state returns. They offer local tax help once you&#8217;ve completed your federal return.<\/p>\n<p>For help filing the Maryland Income Tax forms, local offices are located in Baltimore, Cumberland, Annapolis, Elkton, Frederick, Greenbelt, Hagerstown, Salisbury, Towson, Waldorf, and Wheaton.<\/p>\n<p>Schedule an appointment at one of these offices for free Maryland income tax assistance. You can get help filing an individual Maryland tax return, get an answer to a question, or get help with another type of Maryland tax.<\/p>\n<p>Vous pouvez \u00e9galement appeler les services aux contribuables au 410-260-7980 dans le centre du Maryland ou au 1-800-MD-TAXES.<\/p>\n\t\t\t<a href=\"https:\/\/www.marylandtaxes.gov\/locations.php\" target=\"_self\" rel=\"noopener\">\n\t\t\t\t\t\tGet Help with Maryland Taxes\n\t\t\t\t\t<\/a>\n\t\t<h3>O\u00f9 est mon remboursement de l&#039;\u00c9tat du Maryland\u00a0?<\/h3>\n\t\t<p>Are you looking for your Maryland tax refund? You can check the refund status through the Comptroller of Maryland. You&#8217;ll need your Social Security Number and the exact refund amount shown on your tax return.<\/p>\n<p>Le traitement des retours papier peut prendre 30 jours. Si vous avez d\u00e9pos\u00e9 votre d\u00e9claration par voie \u00e9lectronique aupr\u00e8s d&#039;un sp\u00e9cialiste en d\u00e9clarations de revenus professionnel, vous pouvez \u00e9galement v\u00e9rifier aupr\u00e8s de lui si vous n&#039;avez pas re\u00e7u votre remboursement.<\/p>\n\t\t\t<a href=\"https:\/\/interactive.marylandtaxes.gov\/INDIV\/refundstatus\/home.aspx\" target=\"_self\" rel=\"noopener\">\n\t\t\t\t\t\tCheck Refund status\n\t\t\t\t\t<\/a>\n\t<h2>Bring These Tax Documents<\/h2>\n<p>Si vous prenez rendez-vous avec un comptable ou un service gratuit de pr\u00e9paration de d\u00e9clarations de revenus, vous aurez besoin de certains documents d&#039;identification financi\u00e8re et personnelle. V\u00e9rifiez aupr\u00e8s de votre sp\u00e9cialiste en d\u00e9clarations de revenus pour plus de d\u00e9tails, mais en g\u00e9n\u00e9ral, apportez les documents suivants \u00e0 votre rendez-vous\u00a0:<\/p>\n<ul>\n<li>Carte de s\u00e9curit\u00e9 sociale et\/ou ITN pour chaque membre de la famille. Les d\u00e9clarations de revenus des ann\u00e9es pr\u00e9c\u00e9dentes ne peuvent pas \u00eatre utilis\u00e9es \u00e0 des fins de v\u00e9rification.<\/li>\n<li>Photo d&#039;identit\u00e9 pour chaque d\u00e9clarant<\/li>\n<li>W-2 pour tous les travaux<\/li>\n<li>Nom, adresse et num\u00e9ro d&#039;identification fiscale ou num\u00e9ro de s\u00e9curit\u00e9 sociale du fournisseur de services de garde d&#039;enfants<\/li>\n<li>Toutes les informations bancaires pour d\u00e9poser directement le remboursement, le cas \u00e9ch\u00e9ant (un ch\u00e8que annul\u00e9 ou un bordereau de d\u00e9p\u00f4t fonctionnera)<\/li>\n<li>La d\u00e9claration de revenus de l&#039;ann\u00e9e derni\u00e8re<\/li>\n<li>Documents li\u00e9s \u00e0 tout argent que vous avez re\u00e7u de l&#039;IRS ou de l&#039;\u00c9tat<\/li>\n<li>Formulaires 1099, le cas \u00e9ch\u00e9ant<\/li>\n<li>Tout autre document fiscal<\/li>\n<li>Formulaire 1095-A, B et\/ou C si vous avez souscrit une assurance via Marketplace, Medicare\/Medicaid ou votre employeur<\/li>\n<li>Certificat d&#039;exemption du march\u00e9, le cas \u00e9ch\u00e9ant<\/li>\n<\/ul>\n<p>Contactez l&#039;organisation avec des questions sp\u00e9cifiques.<\/p>\n<p>Si vous avez besoin d\u2019aide pour pr\u00e9parer vos imp\u00f4ts, composez le 211.<\/p>\n<figure itemscope=\"\" itemtype=\"https:\/\/schema.org\/ImageObject\">\n\t\t\t\t<img decoding=\"async\" src=\"https:\/\/211md.org\/wp-content\/plugins\/bb-plugin\/img\/pixel.png\" alt=\"\" onerror=\"this.style.display='none'\" loading=\"lazy\">\n\t<\/figure>\n\t\t<figure itemscope=\"\" itemtype=\"https:\/\/schema.org\/ImageObject\">\n\t\t\t\t<img decoding=\"async\" src=\"https:\/\/211md.org\/wp-content\/uploads\/bb-plugin\/cache\/Call-center-specialst-circle-4e9ecd7b3425be4576416abc911049bb-.jpg\" alt=\"Sp\u00e9cialiste des centres d&#039;appels\" title=\"Sp\u00e9cialiste des centres d&#039;appels\" onerror=\"this.style.display='none'\" loading=\"lazy\">\n\t<\/figure>\n<h2>Composez le 211<\/h2><p>Parlez \u00e0 une personne attentionn\u00e9e et compatissante 24h\/24 et 7j\/7. Elle peut \u00e9galement vous orienter vers des ressources.&nbsp;<\/p>\n\t\t\t<a href=\"tel:%20+211\" target=\"_blank\" rel=\"noopener\">\n\t\t\t\t\t\tComposez le 211 (mobile)\n\t\t\t\t\t<\/a>\n\t\t<h4><a href=\"\/fr\/ressources\/vieillissement-handicap\/?utm_source=Home&amp;utm_medium=Referral&amp;utm_campaign=211Resources&amp;utm_content=Aging\" target=\"_self\">Vieillissement &amp; Handicap<\/a><\/h4><figure itemscope=\"\" itemtype=\"https:\/\/schema.org\/ImageObject\">\n\t\t\t\t<a href=\"\/fr\/ressources\/vieillissement-handicap\/?utm_source=Home&amp;utm_medium=Referral&amp;utm_campaign=211Resources&amp;utm_content=Aging\" target=\"_self\" itemprop=\"url\">\n\t\t\t\t<img decoding=\"async\" src=\"https:\/\/211md.org\/wp-content\/uploads\/bb-plugin\/cache\/2025_MdInfoNet_Icon-Sets_Aging-disability-square-c466727102cae71e5f27b8539bb51945-.png\" alt=\"\" onerror=\"this.style.display='none'\" loading=\"lazy\">\n\t\t\t\t<\/a>\n\t<\/figure>\n\t\t<h4><a href=\"\/fr\/ressources\/enfants-familles\/?utm_source=Home&amp;utm_medium=Referral&amp;utm_campaign=211Resources&amp;utm_content=Children\" target=\"_self\">Enfants et familles<\/a><\/h4><figure itemscope=\"\" itemtype=\"https:\/\/schema.org\/ImageObject\">\n\t\t\t\t<a href=\"\/fr\/ressources\/enfants-familles\/?utm_source=Home&amp;utm_medium=Referral&amp;utm_campaign=211Resources&amp;utm_content=Children\" target=\"_self\" itemprop=\"url\">\n\t\t\t\t<img decoding=\"async\" src=\"https:\/\/211md.org\/wp-content\/uploads\/bb-plugin\/cache\/2025_211_Icon-Sets_Child-care-square-f3b0d4edab3dcc467fadb5f55f4064c6-.png\" alt=\"parent and child icon for child care\" height=\"417\" width=\"417\" title=\"2025_211_Ensembles d&#039;ic\u00f4nes_Garde d&#039;enfants\" onerror=\"this.style.display='none'\" loading=\"lazy\">\n\t\t\t\t<\/a>\n\t<\/figure>\n\t\t<h4><a href=\"\/fr\/ressources\/violence-familiale-domestique\/?utm_source=Home&amp;utm_medium=Referral&amp;utm_campaign=211Resources&amp;utm_content=Domestic\" target=\"_self\">Violence Domestique<\/a><\/h4><figure itemscope=\"\" itemtype=\"https:\/\/schema.org\/ImageObject\">\n\t\t\t\t<a href=\"\/fr\/ressources\/violence-familiale-domestique\/?utm_source=Home&amp;utm_medium=Referral&amp;utm_campaign=211Resources&amp;utm_content=Domestic\" target=\"_self\" itemprop=\"url\">\n\t\t\t\t<img decoding=\"async\" src=\"https:\/\/211md.org\/wp-content\/uploads\/bb-plugin\/cache\/2025_211_Icon-Sets_Domestic-Violence-square-7b597694a6f05fe90cdc376aa573bc63-.png\" alt=\"House with a heart in the middle icon\" height=\"417\" width=\"417\" title=\"2025_211_Ensembles d&#039;ic\u00f4nes_Violence domestique\" onerror=\"this.style.display='none'\" loading=\"lazy\">\n\t\t\t\t<\/a>\n\t<\/figure>\n\t\t<h4><a href=\"\/fr\/ressources\/recherche-demploi\/?utm_source=Home&amp;utm_medium=Referral&amp;utm_campaign=211Resources&amp;utm_content=Employment\" target=\"_self\">Emploi<\/a><\/h4><figure itemscope=\"\" itemtype=\"https:\/\/schema.org\/ImageObject\">\n\t\t\t\t<a href=\"\/fr\/ressources\/recherche-demploi\/?utm_source=Home&amp;utm_medium=Referral&amp;utm_campaign=211Resources&amp;utm_content=Employment\" target=\"_self\" itemprop=\"url\">\n\t\t\t\t<img decoding=\"async\" src=\"https:\/\/211md.org\/wp-content\/uploads\/bb-plugin\/cache\/2025_MdInfoNet_Icon-Sets_Employment-square-44707bd410e4df10a470bf130ebcea86-.png\" alt=\"\" onerror=\"this.style.display='none'\" loading=\"lazy\">\n\t\t\t\t<\/a>\n\t<\/figure>\n\t\t<h4><a href=\"\/fr\/ressources\/soins-de-sante\/?utm_source=Home&amp;utm_medium=Referral&amp;utm_campaign=211Resources&amp;utm_content=Health%20Care\" target=\"_self\">Soins de sant\u00e9<\/a><\/h4><figure itemscope=\"\" itemtype=\"https:\/\/schema.org\/ImageObject\">\n\t\t\t\t<a href=\"\/fr\/ressources\/soins-de-sante\/?utm_source=Home&amp;utm_medium=Referral&amp;utm_campaign=211Resources&amp;utm_content=Health%20Care\" target=\"_self\" itemprop=\"url\">\n\t\t\t\t<img decoding=\"async\" src=\"https:\/\/211md.org\/wp-content\/uploads\/bb-plugin\/cache\/2025_MdInfoNet_Icon-Sets_Health-Care-square-dee98a0060cbe0e7f27eda253fc12679-.png\" alt=\"\" onerror=\"this.style.display='none'\" loading=\"lazy\">\n\t\t\t\t<\/a>\n\t<\/figure>\n\t\t<h4><a href=\"\/fr\/ressources\/nouveau-aux-etats-unis-et-au-maryland\/?utm_source=Home&amp;utm_medium=Referral&amp;utm_campaign=211Resources&amp;utm_content=Immigration\" target=\"_self\">Immigration<\/a><\/h4><figure itemscope=\"\" itemtype=\"https:\/\/schema.org\/ImageObject\">\n\t\t\t\t<a href=\"\/fr\/ressources\/nouveau-aux-etats-unis-et-au-maryland\/?utm_source=Home&amp;utm_medium=Referral&amp;utm_campaign=211Resources&amp;utm_content=Immigration\" target=\"_self\" itemprop=\"url\">\n\t\t\t\t<img decoding=\"async\" src=\"https:\/\/211md.org\/wp-content\/uploads\/bb-plugin\/cache\/2025_MdInfoNet_Icon-Sets_Immigration-square-8b97b7fdfe5e6071405e216855065118-.png\" alt=\"ic\u00f4ne d&#039;immigration\" title=\"2025_MdInfoNet_Icon-Sets_Immigration\" onerror=\"this.style.display='none'\" loading=\"lazy\">\n\t\t\t\t<\/a>\n\t<\/figure>\n\t\t<h4><a href=\"\/fr\/ressources\/enfants-familles\/parente\/?utm_source=Home&amp;utm_medium=Referral&amp;utm_campaign=211Resources&amp;utm_content=Kinship\" target=\"_self\">Parent\u00e9<\/a><\/h4><figure itemscope=\"\" itemtype=\"https:\/\/schema.org\/ImageObject\">\n\t\t\t\t<a href=\"\/fr\/ressources\/enfants-familles\/parente\/?utm_source=Home&amp;utm_medium=Referral&amp;utm_campaign=211Resources&amp;utm_content=Kinship\" target=\"_self\" itemprop=\"url\">\n\t\t\t\t<img decoding=\"async\" src=\"https:\/\/211md.org\/wp-content\/uploads\/bb-plugin\/cache\/2025_211_Icon-Sets_Kinship-square-45bdf872866f5735f842c32071109267-.png\" alt=\"Ic\u00f4ne de parent\u00e9\" height=\"417\" width=\"417\" title=\"2025_211_Ensembles d&#039;ic\u00f4nes_Parent\u00e9\" onerror=\"this.style.display='none'\" loading=\"lazy\">\n\t\t\t\t<\/a>\n\t<\/figure>\n\t\t<h4><a href=\"\/fr\/ressources\/services-juridiques\/?utm_source=Home&amp;utm_medium=Referral&amp;utm_campaign=211Resources&amp;utm_content=Legal\" target=\"_self\">Services juridiques<\/a><\/h4><figure itemscope=\"\" itemtype=\"https:\/\/schema.org\/ImageObject\">\n\t\t\t\t<a href=\"\/fr\/ressources\/services-juridiques\/?utm_source=Home&amp;utm_medium=Referral&amp;utm_campaign=211Resources&amp;utm_content=Legal\" target=\"_self\" itemprop=\"url\">\n\t\t\t\t<img decoding=\"async\" src=\"https:\/\/211md.org\/wp-content\/uploads\/bb-plugin\/cache\/2025_MdInfoNet_Icon-Sets_Legal-square-18fdf438feb8435588174d9046463257-.png\" alt=\"\" onerror=\"this.style.display='none'\" loading=\"lazy\">\n\t\t\t\t<\/a>\n\t<\/figure>\n\t\t<h4><a href=\"\/fr\/ressources\/sante-mentale\/?utm_source=Home&amp;utm_medium=Referral&amp;utm_campaign=211Resources&amp;utm_content=Mental\" target=\"_self\">Sant\u00e9 mentale<\/a><\/h4><figure itemscope=\"\" itemtype=\"https:\/\/schema.org\/ImageObject\">\n\t\t\t\t<a href=\"\/fr\/ressources\/sante-mentale\/?utm_source=Home&amp;utm_medium=Referral&amp;utm_campaign=211Resources&amp;utm_content=Mental\" target=\"_self\" itemprop=\"url\">\n\t\t\t\t<img decoding=\"async\" src=\"https:\/\/211md.org\/wp-content\/uploads\/bb-plugin\/cache\/2025_MdInfoNet_Icon-Sets_Mental-Health-square-c59b38c4a993a947d4c9280fbe2d2fee-.png\" alt=\"\" onerror=\"this.style.display='none'\" loading=\"lazy\">\n\t\t\t\t<\/a>\n\t<\/figure>\n\t\t<h4><a href=\"\/fr\/ressources\/mdreentry\/?utm_source=Home&amp;utm_medium=Referral&amp;utm_campaign=211Resources&amp;utm_content=Reentry\" target=\"_self\">Rentr\u00e9e<\/a><\/h4><figure itemscope=\"\" itemtype=\"https:\/\/schema.org\/ImageObject\">\n\t\t\t\t<a href=\"\/fr\/ressources\/mdreentry\/?utm_source=Home&amp;utm_medium=Referral&amp;utm_campaign=211Resources&amp;utm_content=Reentry\" target=\"_self\" itemprop=\"url\">\n\t\t\t\t<img decoding=\"async\" src=\"https:\/\/211md.org\/wp-content\/uploads\/bb-plugin\/cache\/2025_211_Icon-Sets_Reentry-square-8676fea38abd920a832f45642fe31cca-.png\" alt=\"Ic\u00f4ne de rentr\u00e9e\" height=\"417\" width=\"417\" title=\"2025_211_Ensembles d&#039;ic\u00f4nes_R\u00e9entr\u00e9e\" onerror=\"this.style.display='none'\" loading=\"lazy\">\n\t\t\t\t<\/a>\n\t<\/figure>\n\t\t<h4><a href=\"\/fr\/ressources\/consommation-de-substances\/?utm_source=Home&amp;utm_medium=Referral&amp;utm_campaign=211Resources&amp;utm_content=Substance\" target=\"_self\">Consommation de substances<\/a><\/h4><figure itemscope=\"\" itemtype=\"https:\/\/schema.org\/ImageObject\">\n\t\t\t\t<a href=\"\/fr\/ressources\/consommation-de-substances\/?utm_source=Home&amp;utm_medium=Referral&amp;utm_campaign=211Resources&amp;utm_content=Substance\" target=\"_self\" itemprop=\"url\">\n\t\t\t\t<img decoding=\"async\" src=\"https:\/\/211md.org\/wp-content\/uploads\/bb-plugin\/cache\/2025_MdInfoNet_Icon-Sets_Substance-Abuse-square-4f414f085e657267739c181957754f48-.png\" alt=\"Pills for substance Use icon\" title=\"2025_MdInfoNet_Icon-Sets_Substance-Abuse\" onerror=\"this.style.display='none'\" loading=\"lazy\">\n\t\t\t\t<\/a>\n\t<\/figure>\n\t\t<h4><a href=\"\/fr\/ressources\/anciens-combattants\/?utm_source=Home&amp;utm_medium=Referral&amp;utm_campaign=211Resources&amp;utm_content=Veterans\" target=\"_self\">anciens combattants<\/a><\/h4><figure itemscope=\"\" itemtype=\"https:\/\/schema.org\/ImageObject\">\n\t\t\t\t<a href=\"\/fr\/ressources\/anciens-combattants\/?utm_source=Home&amp;utm_medium=Referral&amp;utm_campaign=211Resources&amp;utm_content=Veterans\" target=\"_self\" itemprop=\"url\">\n\t\t\t\t<img decoding=\"async\" src=\"https:\/\/211md.org\/wp-content\/uploads\/bb-plugin\/cache\/2025_MdInfoNet_Icon-Sets_Rating-square-6e60d00cce4faa8e0a6d4ad7366aa733-.png\" alt=\"\" onerror=\"this.style.display='none'\" loading=\"lazy\">\n\t\t\t\t<\/a>\n\t<\/figure>","protected":false},"excerpt":{"rendered":"<p>Free tax preparation is available to help with federal and Maryland taxes. Get connected to trusted programs by searching the 211 Community Resource Database by ZIP code&nbsp; Find Tax Help near you Not sure which program is best for your situation? Learn about the programs, eligibility, and tax credits that many Marylanders miss.&nbsp; Free Tax&hellip;<\/p>","protected":false},"author":8,"featured_media":1923,"parent":930,"menu_order":0,"comment_status":"closed","ping_status":"closed","template":"","meta":{"footnotes":""},"class_list":["post-1030","page","type-page","status-publish","has-post-thumbnail","hentry"],"_links":{"self":[{"href":"https:\/\/211md.org\/fr\/wp-json\/wp\/v2\/pages\/1030","targetHints":{"allow":["GET"]}}],"collection":[{"href":"https:\/\/211md.org\/fr\/wp-json\/wp\/v2\/pages"}],"about":[{"href":"https:\/\/211md.org\/fr\/wp-json\/wp\/v2\/types\/page"}],"author":[{"embeddable":true,"href":"https:\/\/211md.org\/fr\/wp-json\/wp\/v2\/users\/8"}],"replies":[{"embeddable":true,"href":"https:\/\/211md.org\/fr\/wp-json\/wp\/v2\/comments?post=1030"}],"version-history":[{"count":11,"href":"https:\/\/211md.org\/fr\/wp-json\/wp\/v2\/pages\/1030\/revisions"}],"predecessor-version":[{"id":34432,"href":"https:\/\/211md.org\/fr\/wp-json\/wp\/v2\/pages\/1030\/revisions\/34432"}],"up":[{"embeddable":true,"href":"https:\/\/211md.org\/fr\/wp-json\/wp\/v2\/pages\/930"}],"wp:featuredmedia":[{"embeddable":true,"href":"https:\/\/211md.org\/fr\/wp-json\/wp\/v2\/media\/1923"}],"wp:attachment":[{"href":"https:\/\/211md.org\/fr\/wp-json\/wp\/v2\/media?parent=1030"}],"curies":[{"name":"wp","href":"https:\/\/api.w.org\/{rel}","templated":true}]}}