{"id":1060,"date":"2021-04-16T22:07:54","date_gmt":"2021-04-16T22:07:54","guid":{"rendered":"https:\/\/211md.org\/?page_id=1060"},"modified":"2025-06-19T17:32:26","modified_gmt":"2025-06-19T21:32:26","slug":"factures-deau","status":"publish","type":"page","link":"https:\/\/211md.org\/fr\/resources\/utility-assistance\/water-bills\/","title":{"rendered":"Factures d&#039;eau"},"content":{"rendered":"<p>Si vous avez un avis d&#039;arr\u00eat, vous pourriez \u00eatre admissible \u00e0 l&#039;aide d&#039;organismes de bienfaisance locaux et d&#039;organisations confessionnelles. En savoir plus par\u00a0<a href=\"https:\/\/search.211md.org\/\" target=\"_blank\" rel=\"noopener\">recherche dans la base de donn\u00e9es des ressources 211 pour l&#039;assistance sur la facture d&#039;eau<\/a> pour trouver des organismes locaux qui peuvent vous aider. Vous pouvez \u00e9galement composer le 211 ou vous renseigner sur les programmes d&#039;aide aux factures d&#039;eau du Maryland.<\/p>\n\t<h2>Aide avec les factures d&#039;eau<\/h2>\n<p>Si vous avez besoin d&#039;aide pour payer votre facture d&#039;eau, il est important d&#039;obtenir de l&#039;aide d\u00e8s que vous r\u00e9alisez les difficult\u00e9s financi\u00e8res pour \u00e9viter de devoir couper votre eau.<\/p>\n<p>L&#039;aide est disponible via les programmes locaux d&#039;aide \u00e0 l&#039;eau, le programme de facturation d&#039;eau pour les faibles revenus disponible dans l&#039;\u00c9tat du Maryland, les organisations locales ou les programmes de paiement via votre compagnie des eaux.<\/p>\n<p>Tout d\u2019abord, discutez de votre situation financi\u00e8re avec votre fournisseur de services publics pour \u00e9viter que votre eau ne soit coup\u00e9e.<\/p>\n<p>Vous pourrez peut-\u00eatre prolonger la date d&#039;\u00e9ch\u00e9ance ou trouver un autre arrangement de paiement.<\/p>\n<p>Voici quelques exemples de programmes d&#039;aide \u00e0 l&#039;eau propos\u00e9s par des compagnies et des fournisseurs d&#039;eau dans le Maryland.<\/p>\n\t\t\t\t<img decoding=\"async\" src=\"https:\/\/211md.org\/wp-content\/uploads\/2022\/09\/children-drinking-water.jpg\" alt=\"eau-potable-pour-enfants\" itemprop=\"image\" height=\"667\" width=\"1000\" title=\"eau-potable-pour-enfants\" onerror=\"this.style.display='none'\" loading='lazy' \/>\n\t<h3>Programmes d&#039;aide \u00e0 l&#039;eau du WSSC<\/h3>\n<p>Par exemple, si WSSC Water (Montgomery et comt\u00e9 de Prince George) est votre compagnie des eaux, vous pourriez \u00eatre admissible \u00e0 plusieurs programmes d&#039;aide.<\/p>\n<p>Premi\u00e8rement la\u00a0<a href=\"https:\/\/www.wsscwater.com\/waterfund\" target=\"_blank\" rel=\"noopener\">Fonds de l&#039;eau<\/a>\u00a0fournit jusqu&#039;\u00e0 $500 par an aux clients \u00e9ligibles. L&#039;Arm\u00e9e du Salut g\u00e8re ce programme.<\/p>\n<p>Le Fonds pour l&#039;eau est un programme \u00e9ligible au revenu pour les familles \u00e0 moins de 200% du seuil de pauvret\u00e9 f\u00e9d\u00e9ral. Les fonds sont disponibles selon le principe du premier arriv\u00e9, premier servi. Si la capacit\u00e9 est atteinte pour un mois, le prochain rendez-vous est le premier lundi du mois suivant.<\/p>\n<p>Seconde,\u00a0<a href=\"https:\/\/www.wsscwater.com\/payplans\" target=\"_blank\" rel=\"noopener\">WSSC Water propose \u00e9galement des dates d&#039;\u00e9ch\u00e9ance prolong\u00e9es et des plans de paiement pratiques<\/a>. Les plans de paiement peuvent \u00eatre prolong\u00e9s entre 36 et 48 mois, selon que vous \u00eates un client agr\u00e9\u00e9 CAP (programme d&#039;assistance client).<\/p>\n<p>Si vous \u00eates locataire, vous avez besoin de l&#039;accord du propri\u00e9taire pour \u00e9tablir un \u00e9ch\u00e9ancier de paiement de votre facture d&#039;eau.<\/p>\n<p>Troisi\u00e8mement, il peut \u00e9galement y avoir des programmes sp\u00e9ciaux dans votre comt\u00e9 pour aider aux paiements.<\/p>\n<p>Par exemple, dans le comt\u00e9 de Montgomery, le\u00a0<a href=\"https:\/\/www.montgomerycountymd.gov\/HHS-Program\/SNHS\/rent-relief.html\" target=\"_blank\" rel=\"noopener\">Le programme d&#039;all\u00e9gement des loyers COVID-19 couvre \u00e9galement l&#039;assistance aux services publics<\/a>, comprenant\u00a0<a href=\"https:\/\/www.wsscwater.com\/assistance\" target=\"_blank\" rel=\"noopener\">Factures d&#039;eau du WSSC<\/a>\u00a0pour les m\u00e9nages \u00e9ligibles en difficult\u00e9 financi\u00e8re li\u00e9e \u00e0 la COVID-19.<\/p>\n<p>Ce ne sont que des exemples pour WSSC Water, mais d&#039;autres compagnies des eaux peuvent offrir des programmes d&#039;aide \u00e0 l&#039;eau similaires ou suppl\u00e9mentaires.<\/p>\n<p>Le 211 peut vous aider \u00e0 identifier les programmes qui aident \u00e0 payer les factures d&#039;eau dans votre communaut\u00e9.<\/p>\n<h3>Factures d&#039;eau de la ville de Baltimore<\/h3>\n<p>Si vous habitez dans\u00a0<a href=\"https:\/\/211md.org\/fr\/ressources-par-comte\/baltimore-ville\/\" target=\"_blank\" rel=\"noopener\">Ville de Baltimore<\/a>, le programme de r\u00e9duction Water4All aide \u00e0 cr\u00e9er un acc\u00e8s plus \u00e9quitable \u00e0 l&#039;aide \u00e0 l&#039;eau.<\/p>\n<p><a href=\"https:\/\/cityservices.baltimorecity.gov\/water\/\" target=\"_blank\" rel=\"noopener\">Eau pour tous<\/a>\u00a0est un programme \u00e9ligible au revenu pour les m\u00e9nages dont le revenu est inf\u00e9rieur \u00e0 200% du seuil de pauvret\u00e9 f\u00e9d\u00e9ral. Bien que les directives sur les revenus puissent changer, r\u00e9cemment, une famille de quatre personnes de la ville de Baltimore gagnant moins de $55 500 par an serait \u00e9ligible.<\/p>\n<p>Vous ne savez pas combien vous devez ?\u00a0<a href=\"https:\/\/cityservices.baltimorecity.gov\/water\/\" target=\"_blank\" rel=\"noopener\">Trouver une facture d&#039;eau \u00e0 Baltimore City<\/a>\u00a0avec le num\u00e9ro de compte ou l&#039;adresse du service.<\/p>\n<p>Vous pouvez \u00e9galement \u00eatre admissible \u00e0 une aide par le biais d&#039;un autre programme d&#039;aide \u00e0 l&#039;eau ou d&#039;un organisme communautaire.<\/p>\n<h3>211 Aide<\/h3>\n<p>Si vous habitez dans un autre comt\u00e9, vous pouvez composer le 211 \u00e0 tout moment. Les sp\u00e9cialistes du 211 peuvent identifier les programmes locaux d&#039;aide \u00e0 l&#039;eau pr\u00e8s de chez vous, ainsi que <a href=\"https:\/\/211md.org\/fr\/ressources\/assistance-utilitaire\/\">programmes pour d&#039;autres factures de services publics<\/a>.<\/p>\n<p><a href=\"https:\/\/211md.org\/fr\/ressources-par-comte\/\">Vous pouvez \u00e9galement rechercher la page de ressources de votre comt\u00e9<\/a>.<\/p>\n<h2>Informations connexes<\/h2>\n<p><a title=\"Obtenez une aide financi\u00e8re avec votre facture de chauffage dans le Maryland\" href=\"https:\/\/211md.org\/fr\/ressources\/assistance-utilitaire\/factures-de-chauffage\/\">Facture de chauffage<\/a><\/p>\n<p><a href=\"https:\/\/211md.org\/fr\/ressources\/assistance-utilitaire\/factures-delectricite\/\">Facture d&#039;\u00e9lectricit\u00e9<\/a><\/p>\n<p><a title=\"Services t\u00e9l\u00e9phoniques\" href=\"https:\/\/211md.org\/fr\/ressources\/assistance-utilitaire\/services-telephoniques\/\">Services t\u00e9l\u00e9phoniques et Internet<\/a><\/p>\n<p><a href=\"https:\/\/211md.org\/fr\/ressources\/assistance-utilitaire\/\">Toutes les factures de services publics<\/a><\/p>\n<h2>\n\t\t\tTrouver des ressources\t<\/h2>\n\t\t\t\t<a href=\"\/fr\/ressources\/vieillissement-handicap\/\"  target=\"_self\" itemprop=\"url\">\n\t\t\t\t<img decoding=\"async\" src=\"https:\/\/211md.org\/wp-content\/uploads\/bb-plugin\/cache\/Mask-Group-41@2x-circle-73eaadba4cad8269faa4720e25cf1c85-.png\" alt=\"Les pieds d&#039;une femme plus \u00e2g\u00e9e et d&#039;une femme plus jeune marchant ensemble\" itemprop=\"image\" height=\"500\" width=\"500\" title=\"Services aux personnes handicap\u00e9es\" onerror=\"this.style.display='none'\" loading='lazy' \/>\n\t\t\t\t<\/a>\n\t\t<h3><a href=\"\/fr\/ressources\/vieillissement-handicap\/\" target=\"_self\">Vieillissement &amp; Handicap<\/a><\/h3>\t\n\t\t\t\t<a href=\"\/fr\/ressources\/enfants-familles\/\"  target=\"_self\" itemprop=\"url\">\n\t\t\t\t<img decoding=\"async\" src=\"https:\/\/211md.org\/wp-content\/uploads\/bb-plugin\/cache\/Mask-Group-38@2x-circle-ac40d46265fbec62083cd27f6dcf23b0-.png\" alt=\"Un jeune gar\u00e7on et une fille souriant et regardant la cam\u00e9ra\" itemprop=\"image\" height=\"500\" width=\"500\" title=\"Groupe de masques 38@2x\" onerror=\"this.style.display='none'\" loading='lazy' \/>\n\t\t\t\t<\/a>\n\t\t<h3><a href=\"\/fr\/ressources\/enfants-familles\/\" target=\"_self\">Enfants et familles<\/a><\/h3>\t\n\t\t\t\t<a href=\"\/fr\/ressources\/violence-familiale-domestique\/\"  target=\"_self\" itemprop=\"url\">\n\t\t\t\t<img decoding=\"async\" src=\"https:\/\/211md.org\/wp-content\/uploads\/bb-plugin\/cache\/Mask-Group-39@2x-circle-b2589197a13c791d910f46dd10b27a87-.png\" alt=\"Deux paires de mains se tenant\" itemprop=\"image\" height=\"500\" width=\"500\" title=\"Groupe de masques 39@2x\" onerror=\"this.style.display='none'\" loading='lazy' \/>\n\t\t\t\t<\/a>\n\t\t<h3><a href=\"\/fr\/ressources\/violence-familiale-domestique\/\" target=\"_self\">Violence domestique\/familiale<\/a><\/h3>\t\n\t\t\t\t<a href=\"\/fr\/ressources\/recherche-demploi\/\"  target=\"_self\" itemprop=\"url\">\n\t\t\t\t<img decoding=\"async\" src=\"https:\/\/211md.org\/wp-content\/uploads\/bb-plugin\/cache\/Employment-circle-bf72562329e950df948954f5d3f44b2e-.png\" alt=\"Un m\u00e9canicien automobile\" itemprop=\"image\" height=\"500\" width=\"500\" title=\"Emploi\" onerror=\"this.style.display='none'\" loading='lazy' \/>\n\t\t\t\t<\/a>\n\t\t<h3><a href=\"\/fr\/ressources\/recherche-demploi\/\" target=\"_self\">Emploi<\/a><\/h3>\t\n\t\t\t\t<a href=\"\/fr\/ressources\/soins-de-sante\/\"  target=\"_self\" itemprop=\"url\">\n\t\t\t\t<img decoding=\"async\" src=\"https:\/\/211md.org\/wp-content\/uploads\/bb-plugin\/cache\/Mask-Group-35@2x-circle-94be10c13e4adae1683b4589dc2f5b2f-.png\" alt=\"Docteur regardant la jambe des gar\u00e7ons\" itemprop=\"image\" height=\"500\" width=\"500\" title=\"Groupe de masques 35@2x\" onerror=\"this.style.display='none'\" loading='lazy' \/>\n\t\t\t\t<\/a>\n\t\t<h3><a href=\"\/fr\/ressources\/soins-de-sante\/\" target=\"_self\">Soins de sant\u00e9<\/a><\/h3>\t\n\t\t\t\t<a href=\"\/fr\/ressources\/nourriture\/\"  target=\"_self\" itemprop=\"url\">\n\t\t\t\t<img decoding=\"async\" src=\"https:\/\/211md.org\/wp-content\/uploads\/bb-plugin\/cache\/Mask-Group-32@2x-circle-1c6d647dcaf998fa079d26735cedc92b-.png\" alt=\"L\u00e9gumes frais\" itemprop=\"image\" height=\"500\" width=\"500\" title=\"Groupe de masques 32@2x\" onerror=\"this.style.display='none'\" loading='lazy' \/>\n\t\t\t\t<\/a>\n\t\t<h3><a href=\"\/fr\/ressources\/nourriture\/\" target=\"_self\">Nourriture<\/a><\/h3>\t\n\t\t\t\t<a href=\"\/fr\/ressources\/logement-refuge\/\"  target=\"_self\" itemprop=\"url\">\n\t\t\t\t<img decoding=\"async\" src=\"https:\/\/211md.org\/wp-content\/uploads\/bb-plugin\/cache\/Mask-Group-34@2x-circle-b99c55fc16ef21f35e2f2a1f7cc37b9a-.png\" alt=\"Balcon complexe d&#039;appartements\" itemprop=\"image\" height=\"500\" width=\"500\" title=\"Complexe d&#039;appartements\" onerror=\"this.style.display='none'\" loading='lazy' \/>\n\t\t\t\t<\/a>\n\t\t<h3><a href=\"\/fr\/ressources\/logement-refuge\/\" target=\"_self\">Logement &amp; Abri<\/a><\/h3>\t\n\t\t\t\t<a href=\"\/fr\/ressources\/nouveau-aux-etats-unis-et-au-maryland\/\"  target=\"_self\" itemprop=\"url\">\n\t\t\t\t<img decoding=\"async\" src=\"https:\/\/211md.org\/wp-content\/uploads\/bb-plugin\/cache\/American-flag-circle-0016cc327e27ef7aeb080f1da6c6e98b-.jpg\" alt=\"nouveau aux \u00c9tats-Unis\" itemprop=\"image\" height=\"364\" width=\"1366\" title=\"Drapeau am\u00e9ricain\" onerror=\"this.style.display='none'\" loading='lazy' \/>\n\t\t\t\t<\/a>\n\t\t<h3><a href=\"\/fr\/ressources\/nouveau-aux-etats-unis-et-au-maryland\/\" target=\"_self\">Immigration<\/a><\/h3>\t\n\t\t\t\t<a href=\"\/fr\/ressources\/enfants-familles\/parente\/\"  target=\"_self\" itemprop=\"url\">\n\t\t\t\t<img decoding=\"async\" src=\"https:\/\/211md.org\/wp-content\/uploads\/bb-plugin\/cache\/kinship-family-navigating-a-computer-circle-045fee9d587aefb20221bfea41a2cf9b-.png\" alt=\"famille de parent\u00e9 naviguant sur un ordinateur\" itemprop=\"image\" title=\"famille de parent\u00e9 naviguant sur un ordinateur\" onerror=\"this.style.display='none'\" loading='lazy' \/>\n\t\t\t\t<\/a>\n\t\t<h3><a href=\"\/fr\/ressources\/enfants-familles\/parente\/\" target=\"_self\">Parent\u00e9<\/a><\/h3>\t\n\t\t\t\t<a href=\"\/fr\/ressources\/services-juridiques\/\"  target=\"_self\" itemprop=\"url\">\n\t\t\t\t<img decoding=\"async\" src=\"https:\/\/211md.org\/wp-content\/uploads\/bb-plugin\/cache\/Housing-Legal-circle-9a8f3c1c72c54b6e1ce612d2993c1ad4-.png\" alt=\"Marteau juridique avec un mod\u00e8le en plastique d&#039;une maison \u00e0 c\u00f4t\u00e9\" itemprop=\"image\" height=\"348\" width=\"460\" title=\"Juridique du logement\" onerror=\"this.style.display='none'\" loading='lazy' \/>\n\t\t\t\t<\/a>\n\t\t<h3><a href=\"\/fr\/ressources\/services-juridiques\/\" target=\"_self\">Services juridiques<\/a><\/h3>\t\n\t\t\t\t<a href=\"\/fr\/ressources\/sante-mentale\/\"  target=\"_self\" itemprop=\"url\">\n\t\t\t\t<img decoding=\"async\" src=\"https:\/\/211md.org\/wp-content\/uploads\/bb-plugin\/cache\/Mask-Group-40@2x-circle-7bd9426367852fb3d841bc4bdc57a550-.png\" alt=\"Les profils d&#039;un homme et d&#039;une femme\" itemprop=\"image\" height=\"500\" width=\"500\" title=\"Groupe de masques 40@2x\" onerror=\"this.style.display='none'\" loading='lazy' \/>\n\t\t\t\t<\/a>\n\t\t<h3><a href=\"\/fr\/ressources\/sante-mentale\/\" target=\"_self\">Sant\u00e9 mentale<\/a><\/h3>\t\n\t\t\t\t<a href=\"\/fr\/ressources\/mdreentry\/\"  target=\"_self\" itemprop=\"url\">\n\t\t\t\t<img decoding=\"async\" src=\"https:\/\/211md.org\/wp-content\/uploads\/bb-plugin\/cache\/Diverse-group-of-community-members-circle-4457c114cd48613bc79a0fb50060319c-.jpg\" alt=\"Groupe diversifi\u00e9 de membres de la communaut\u00e9\" itemprop=\"image\" height=\"800\" width=\"1200\" title=\"Groupe diversifi\u00e9 de membres de la communaut\u00e9\" onerror=\"this.style.display='none'\" loading='lazy' \/>\n\t\t\t\t<\/a>\n\t\t<h3><a href=\"\/fr\/ressources\/mdreentry\/\" target=\"_self\">Rentr\u00e9e<\/a><\/h3>\t\n\t\t\t\t<a href=\"\/fr\/arreter\/\"  target=\"_self\" itemprop=\"url\">\n\t\t\t\t<img decoding=\"async\" src=\"https:\/\/211md.org\/wp-content\/uploads\/bb-plugin\/cache\/Background-section-MDStophate-circle-08e2bae1cf9f2ad6cc83e01e23da8cb9-.jpg\" alt=\"Arri\u00e8re-plan-section-MDStophate\" itemprop=\"image\" height=\"768\" width=\"1366\" title=\"Arri\u00e8re-plan-section-MDStophate\" onerror=\"this.style.display='none'\" loading='lazy' \/>\n\t\t\t\t<\/a>\n\t\t<h3><a href=\"\/fr\/arreter\/\" target=\"_self\">Arr\u00eatez la haine<\/a><\/h3>\t\n\t\t\t\t<a href=\"\/fr\/ressources\/consommation-de-substances\/\"  target=\"_self\" itemprop=\"url\">\n\t\t\t\t<img decoding=\"async\" src=\"https:\/\/211md.org\/wp-content\/uploads\/bb-plugin\/cache\/Substance-Use-circle-ad2d564932dc31267e0c32a6fb2d915c-.png\" alt=\"Pilules cassantes \u00e0 la main\" itemprop=\"image\" height=\"500\" width=\"500\" title=\"Consommation de substances\" onerror=\"this.style.display='none'\" loading='lazy' \/>\n\t\t\t\t<\/a>\n\t\t<h3><a href=\"\/fr\/ressources\/consommation-de-substances\/\" target=\"_self\">Consommation de substances<\/a><\/h3>\t\n\t\t\t\t<a href=\"\/fr\/ressources\/services-fiscaux\/\"  target=\"_self\" itemprop=\"url\">\n\t\t\t\t<img decoding=\"async\" src=\"https:\/\/211md.org\/wp-content\/uploads\/bb-plugin\/cache\/Mask-Group-34-circle-166a606e37e61188c9a17d5e634cda3c-.png\" alt=\"Personne remplissant les formulaires d&#039;imp\u00f4t sur le revenu\" itemprop=\"image\" height=\"500\" width=\"500\" title=\"Groupe de masques 34\" onerror=\"this.style.display='none'\" loading='lazy' \/>\n\t\t\t\t<\/a>\n\t\t<h3><a href=\"\/fr\/ressources\/services-fiscaux\/\" target=\"_self\">Services fiscaux<\/a><\/h3>\t\n\t\t\t\t<a href=\"\/fr\/ressources\/assistance-utilitaire\/\"  target=\"_self\" itemprop=\"url\">\n\t\t\t\t<img decoding=\"async\" src=\"https:\/\/211md.org\/wp-content\/uploads\/bb-plugin\/cache\/Mask-Group-37@2x-circle-9661a11b9c4082079c9a1f06bc539567-.png\" alt=\"Une ampoule allum\u00e9e\" itemprop=\"image\" height=\"500\" width=\"500\" title=\"Masque Groupe 37@2x\" onerror=\"this.style.display='none'\" loading='lazy' \/>\n\t\t\t\t<\/a>\n\t\t<h3><a href=\"\/fr\/ressources\/assistance-utilitaire\/\" target=\"_self\">Assistance utilitaire<\/a><\/h3>\t\n\t\t\t\t<a href=\"\/fr\/ressources\/anciens-combattants\/\"  target=\"_self\" itemprop=\"url\">\n\t\t\t\t<img decoding=\"async\" src=\"https:\/\/211md.org\/wp-content\/uploads\/bb-plugin\/cache\/Veterans-circle-7c6972a59826c74f1f658f61df785fc3-.png\" alt=\"Un soldat serrant la main de quelqu&#039;un et souriant\" itemprop=\"image\" title=\"anciens combattants\" onerror=\"this.style.display='none'\" loading='lazy' \/>\n\t\t\t\t<\/a>\n\t\t<h3><a href=\"\/fr\/ressources\/anciens-combattants\/\" target=\"_self\">anciens combattants<\/a><\/h3>","protected":false},"excerpt":{"rendered":"<p>Si vous avez re\u00e7u un avis de coupure d&#039;eau, vous pourriez avoir droit \u00e0 l&#039;aide d&#039;organismes caritatifs et d&#039;organisations confessionnelles locaux. Pour en savoir plus, consultez la base de donn\u00e9es 211 pour trouver des organismes locaux qui peuvent vous aider. Vous pouvez \u00e9galement composer le 211 ou vous renseigner sur les programmes d&#039;aide aux factures d&#039;eau du Maryland. Aide pour les factures d&#039;eau Si vous\u2026<\/p>","protected":false},"author":8,"featured_media":3287,"parent":932,"menu_order":0,"comment_status":"closed","ping_status":"closed","template":"","meta":{"footnotes":""},"class_list":["post-1060","page","type-page","status-publish","has-post-thumbnail","hentry"],"_links":{"self":[{"href":"https:\/\/211md.org\/fr\/wp-json\/wp\/v2\/pages\/1060","targetHints":{"allow":["GET"]}}],"collection":[{"href":"https:\/\/211md.org\/fr\/wp-json\/wp\/v2\/pages"}],"about":[{"href":"https:\/\/211md.org\/fr\/wp-json\/wp\/v2\/types\/page"}],"author":[{"embeddable":true,"href":"https:\/\/211md.org\/fr\/wp-json\/wp\/v2\/users\/8"}],"replies":[{"embeddable":true,"href":"https:\/\/211md.org\/fr\/wp-json\/wp\/v2\/comments?post=1060"}],"version-history":[{"count":2,"href":"https:\/\/211md.org\/fr\/wp-json\/wp\/v2\/pages\/1060\/revisions"}],"predecessor-version":[{"id":4787,"href":"https:\/\/211md.org\/fr\/wp-json\/wp\/v2\/pages\/1060\/revisions\/4787"}],"up":[{"embeddable":true,"href":"https:\/\/211md.org\/fr\/wp-json\/wp\/v2\/pages\/932"}],"wp:featuredmedia":[{"embeddable":true,"href":"https:\/\/211md.org\/fr\/wp-json\/wp\/v2\/media\/3287"}],"wp:attachment":[{"href":"https:\/\/211md.org\/fr\/wp-json\/wp\/v2\/media?parent=1060"}],"curies":[{"name":"wp","href":"https:\/\/api.w.org\/{rel}","templated":true}]}}