{"id":1092,"date":"2021-04-19T13:26:39","date_gmt":"2021-04-19T13:26:39","guid":{"rendered":"https:\/\/211md.org\/?page_id=1092"},"modified":"2025-10-09T11:21:56","modified_gmt":"2025-10-09T15:21:56","slug":"veteran-aide-financiere","status":"publish","type":"page","link":"https:\/\/211md.org\/fr\/resources\/veterans\/veteran-financial-help\/","title":{"rendered":"Aide financi\u00e8re aux v\u00e9t\u00e9rans"},"content":{"rendered":"<img decoding=\"async\" src=\"https:\/\/stg-maryland211-staging.kinsta.cloud\/wp-content\/uploads\/2025\/08\/5-1-scaled.png\" alt=\"5\" itemprop=\"image\" height=\"692\" width=\"2560\" title=\"5\" onerror=\"this.style.display='none'\" loading=\"lazy\" \/>\n\t\t<p>Les organisations d\u2019anciens combattants peuvent fournir un soutien financier \u00e0 ceux qui en ont besoin. <\/p>\n<p>Composez le 211 pour parler \u00e0 un sp\u00e9cialiste de l&#039;information et de l&#039;orientation 24\/7\/365. <\/p>\n<p>Continuez \u00e0 lire sur les organisations de soutien aux anciens combattants qui peuvent vous aider avec des pr\u00eats, des subventions et des paiements financiers.<\/p>\n\t\t\t<a href=\"#start\" target=\"_self\">\n\t\t\t\t\t\tCommencer\n\t\t\t\t\t<\/a>\n\t\t\t\t<img decoding=\"async\" src=\"https:\/\/211md.org\/wp-content\/plugins\/bb-plugin\/img\/pixel.png\" alt=\"\" itemprop=\"image\" onerror=\"this.style.display='none'\" loading=\"lazy\" \/>\n\t\t\t\t<img decoding=\"async\" src=\"https:\/\/stg-maryland211-staging.kinsta.cloud\/wp-content\/uploads\/2025\/08\/16.png\" alt=\"16\" itemprop=\"image\" height=\"1000\" width=\"1000\" title=\"16\" onerror=\"this.style.display='none'\" loading=\"lazy\" \/>\n\t<h2 aria-level=\"3\"><b>Pr\u00eats et subventions\u00a0<\/b>\u00a0<\/h2>\n<p>Les\u00a0<b><a href=\"https:\/\/veterans.maryland.gov\/maryland-department-of-veterans-affairs-veterans-trust-fund\/\" target=\"_blank\" rel=\"noopener\">Fiducie des anciens combattants du Maryland<\/a>\u202f\u00a0<\/b>offre des subventions et des pr\u00eats aux v\u00e9t\u00e9rans en difficult\u00e9. L&#039;objectif est d&#039;aider les v\u00e9t\u00e9rans qui seront autonomes apr\u00e8s avoir re\u00e7u de l&#039;aide. \u00a0<\/p>\n<p>Veterans of Foreign Wars (VFW) fournit un soutien en cas de situations financi\u00e8res impr\u00e9vues r\u00e9sultant d&#039;un d\u00e9ploiement ou d&#039;autres activit\u00e9s ou blessures li\u00e9es \u00e0 l&#039;arm\u00e9e. Des subventions allant jusqu&#039;\u00e0 $1 500 sont disponibles pour r\u00e9pondre aux besoins vitaux de base. Le remboursement n&#039;est pas exig\u00e9.\u00a0<\/p>\n<p>Les d\u00e9penses admissibles comprennent le loyer, l&#039;hypoth\u00e8que, les r\u00e9parations domiciliaires, les assurances, les frais de v\u00e9hicule, les services publics, la nourriture, les v\u00eatements, les d\u00e9penses des enfants et les soins m\u00e9dicaux d&#039;urgence. En savoir plus sur le\u00a0<a href=\"https:\/\/www.vfw.org\/assistance\/financial-grants\" target=\"_blank\" rel=\"noopener\">Programme Besoins non satisfaits de VFW<\/a>.\u00a0<\/p>\n<h3>Pr\u00eats \u00e0 court terme par l&#039;interm\u00e9diaire de l&#039;arm\u00e9e<\/h3>\n<p>La plupart des branches militaires proposent \u00e9galement une aide sous forme de pr\u00eats \u00e0 court terme sans int\u00e9r\u00eat, de subventions, d&#039;orientations et d&#039;autres moyens similaires. Ces pr\u00eats et subventions sont g\u00e9n\u00e9ralement destin\u00e9s aux situations d&#039;urgence impr\u00e9vues. Ils sont accord\u00e9s au cas par cas. Contactez votre branche pour savoir si vous \u00eates admissible.\u00a0<\/p>\n<ul>\n<li><b>Aviation: <\/b>800-769-8951\u00a0<\/li>\n<li><b>Fondation des Forces Arm\u00e9es : <\/b>202-547-4713\u00a0<\/li>\n<li><b>Aide d&#039;urgence de l&#039;arm\u00e9e : <\/b>1-866-878-6378<\/li>\n<li><b>Assistance mutuelle des garde-c\u00f4tes : <\/b>410-636-4078\u00a0<\/li>\n<li><b>Soci\u00e9t\u00e9 de secours de la Marine et du Corps des Marines : <\/b>703-696-4904\u00a0<\/li>\n<\/ul>\n\t\t\t\t<img decoding=\"async\" src=\"http:\/\/211md.org\/wp-content\/uploads\/2025\/06\/Hopeful-looking-Veteran.jpg\" alt=\"Un v\u00e9t\u00e9ran plein d&#039;espoir\" itemprop=\"image\" title=\"Un v\u00e9t\u00e9ran plein d&#039;espoir\" onerror=\"this.style.display='none'\" loading=\"lazy\" \/>\n\t<h2 aria-level=\"3\">Aide temporaire de la L\u00e9gion am\u00e9ricaine<\/h2>\n<p>La L\u00e9gion am\u00e9ricaine peut fournir une aide financi\u00e8re temporaire (TFA) aux enfants mineurs en service actif ou aux membres de la L\u00e9gion am\u00e9ricaine. L&#039;argent couvre les besoins de base tels que le logement, la nourriture, les services publics et les d\u00e9penses de sant\u00e9.\u00a0<a href=\"https:\/\/www.legion.org\/financialassistance\/about\" target=\"_blank\" rel=\"noopener\">En savoir plus sur les crit\u00e8res d&#039;\u00e9ligibilit\u00e9<\/a>. Contactez votre\u00a0<a href=\"http:\/\/www.mdlegion.org\/\" target=\"_blank\" rel=\"noopener\"><b>poste local de la L\u00e9gion am\u00e9ricaine<\/b><\/a>\u00a0pour demander de l&#039;aide.\u00a0\u00a0<\/p>\n<p>Operation Homefront a \u00e9galement un programme d&#039;aide financi\u00e8re essentielle. Il prend en charge le service actif \u00e9ligible, d\u00e9ploy\u00e9, un v\u00e9t\u00e9ran, ou un militaire bless\u00e9, malade ou bless\u00e9 ou un v\u00e9t\u00e9ran avec une blessure, une maladie ou une blessure li\u00e9e au service.\u00a0<a href=\"https:\/\/operationhomefront.org\/critical-financial-assistance\/\" target=\"_blank\" rel=\"noopener\">Voyez si vous \u00eates admissible \u00e0 l&#039;aide.<\/a>\u00a0<\/p>\n\t\t\t\t<a href=\"https:\/\/search.211md.org\/\" target=\"_blank\" rel=\"noopener\" itemprop=\"url\">\n\t\t\t\t<img decoding=\"async\" src=\"https:\/\/stg-maryland211-staging.kinsta.cloud\/wp-content\/uploads\/2025\/08\/2025_MdInfoNet_Icon-Sets-white_Locate.png\" alt=\"\" itemprop=\"image\" onerror=\"this.style.display='none'\" loading=\"lazy\" \/>\n\t\t\t\t<\/a>\n<h2><a href=\"https:\/\/search.211md.org\/\" target=\"_blank\" rel=\"noopener\">Trouver des ressources maintenant<\/a><\/h2><p>Trouver <strong>ressources communautaires <\/strong>Pour l&#039;alimentation, les soins de sant\u00e9, le logement et plus encore, consultez notre base de donn\u00e9es. Recherchez par code postal.<\/p>\n\t\t\t<a href=\"https:\/\/search.211md.org\/\" target=\"_blank\" rel=\"noopener\">\n\t\t\t\t\t\t\tRechercher maintenant\n\t\t\t<\/a>\n<h2>\n\t\t\tInformations connexes sur les anciens combattants\t<\/h2>\n\t\t\t\t<img decoding=\"async\" src=\"https:\/\/211md.org\/wp-content\/plugins\/bb-plugin\/img\/pixel.png\" alt=\"\" itemprop=\"image\" onerror=\"this.style.display='none'\" loading=\"lazy\" \/>\n\t\t\t\t<img decoding=\"async\" src=\"https:\/\/211md.org\/wp-content\/uploads\/bb-plugin\/cache\/Call-center-specialst-circle-eeffe277a2415307db9e1df3ed658a58-.jpg\" alt=\"Sp\u00e9cialiste des centres d&#039;appels\" itemprop=\"image\" height=\"800\" width=\"1200\" title=\"Sp\u00e9cialiste des centres d&#039;appels\" onerror=\"this.style.display='none'\" loading=\"lazy\" \/>\n<h2>Composez le 211<\/h2><p>Les associations locales et les groupes communautaires aident \u00e9galement les anciens combattants. Composez le 211 et contactez la ressource pour anciens combattants la plus proche.<\/p>\n\t\t\t<a href=\"tel:%20+211\" target=\"_blank\" rel=\"noopener\">\n\t\t\t\t\t\tComposez le 211 (mobile)\n\t\t\t\t\t<\/a>\n\t\t<h4><a href=\"\/fr\/ressources\/vieillissement-handicap\/?utm_source=Home&#038;utm_medium=Referral&#038;utm_campaign=211Resources&#038;utm_content=Aging\" target=\"_self\">Vieillissement &amp; Handicap<\/a><\/h4>\n\t\t\t\t<a href=\"\/fr\/ressources\/vieillissement-handicap\/?utm_source=Home&#038;utm_medium=Referral&#038;utm_campaign=211Resources&#038;utm_content=Aging\"  target=\"_self\" itemprop=\"url\">\n\t\t\t\t<img decoding=\"async\" src=\"https:\/\/211md.org\/wp-content\/uploads\/bb-plugin\/cache\/2025_MdInfoNet_Icon-Sets_Aging-disability-square-c466727102cae71e5f27b8539bb51945-.png\" alt=\"\" itemprop=\"image\" onerror=\"this.style.display='none'\" loading=\"lazy\" \/>\n\t\t\t\t<\/a>\n\t\t<h4><a href=\"\/fr\/ressources\/enfants-familles\/?utm_source=Home&#038;utm_medium=Referral&#038;utm_campaign=211Resources&#038;utm_content=Children\" target=\"_self\">Enfants et familles<\/a><\/h4>\n\t\t\t\t<a href=\"\/fr\/ressources\/enfants-familles\/?utm_source=Home&#038;utm_medium=Referral&#038;utm_campaign=211Resources&#038;utm_content=Children\"  target=\"_self\" itemprop=\"url\">\n\t\t\t\t<img decoding=\"async\" src=\"https:\/\/211md.org\/wp-content\/uploads\/bb-plugin\/cache\/2025_211_Icon-Sets_Child-care-square-f3b0d4edab3dcc467fadb5f55f4064c6-.png\" alt=\"2025_211_Ensembles d&#039;ic\u00f4nes_Garde d&#039;enfants\" itemprop=\"image\" height=\"417\" width=\"417\" title=\"2025_211_Ensembles d&#039;ic\u00f4nes_Garde d&#039;enfants\" onerror=\"this.style.display='none'\" loading=\"lazy\" \/>\n\t\t\t\t<\/a>\n\t\t<h4><a href=\"\/fr\/ressources\/violence-familiale-domestique\/?utm_source=Home&#038;utm_medium=Referral&#038;utm_campaign=211Resources&#038;utm_content=Domestic\" target=\"_self\">Violence Domestique<\/a><\/h4>\n\t\t\t\t<a href=\"\/fr\/ressources\/violence-familiale-domestique\/?utm_source=Home&#038;utm_medium=Referral&#038;utm_campaign=211Resources&#038;utm_content=Domestic\"  target=\"_self\" itemprop=\"url\">\n\t\t\t\t<img decoding=\"async\" src=\"https:\/\/211md.org\/wp-content\/uploads\/bb-plugin\/cache\/2025_211_Icon-Sets_Domestic-Violence-square-7b597694a6f05fe90cdc376aa573bc63-.png\" alt=\"Ic\u00f4ne de violence domestique\" itemprop=\"image\" height=\"417\" width=\"417\" title=\"2025_211_Ensembles d&#039;ic\u00f4nes_Violence domestique\" onerror=\"this.style.display='none'\" loading=\"lazy\" \/>\n\t\t\t\t<\/a>\n\t\t<h4><a href=\"\/fr\/ressources\/recherche-demploi\/?utm_source=Home&#038;utm_medium=Referral&#038;utm_campaign=211Resources&#038;utm_content=Employment\" target=\"_self\">Emploi<\/a><\/h4>\n\t\t\t\t<a href=\"\/fr\/ressources\/recherche-demploi\/?utm_source=Home&#038;utm_medium=Referral&#038;utm_campaign=211Resources&#038;utm_content=Employment\"  target=\"_self\" itemprop=\"url\">\n\t\t\t\t<img decoding=\"async\" src=\"https:\/\/211md.org\/wp-content\/uploads\/bb-plugin\/cache\/2025_MdInfoNet_Icon-Sets_Employment-square-44707bd410e4df10a470bf130ebcea86-.png\" alt=\"\" itemprop=\"image\" onerror=\"this.style.display='none'\" loading=\"lazy\" \/>\n\t\t\t\t<\/a>\n\t\t<h4><a href=\"\/fr\/ressources\/soins-de-sante\/?utm_source=Home&#038;utm_medium=Referral&#038;utm_campaign=211Resources&#038;utm_content=Health%20Care\" target=\"_self\">Soins de sant\u00e9<\/a><\/h4>\n\t\t\t\t<a href=\"\/fr\/ressources\/soins-de-sante\/?utm_source=Home&#038;utm_medium=Referral&#038;utm_campaign=211Resources&#038;utm_content=Health%20Care\"  target=\"_self\" itemprop=\"url\">\n\t\t\t\t<img decoding=\"async\" src=\"https:\/\/211md.org\/wp-content\/uploads\/bb-plugin\/cache\/2025_MdInfoNet_Icon-Sets_Health-Care-square-dee98a0060cbe0e7f27eda253fc12679-.png\" alt=\"\" itemprop=\"image\" onerror=\"this.style.display='none'\" loading=\"lazy\" \/>\n\t\t\t\t<\/a>\n\t\t<h4><a href=\"\/fr\/ressources\/enfants-familles\/parente\/?utm_source=Home&#038;utm_medium=Referral&#038;utm_campaign=211Resources&#038;utm_content=Kinship\" target=\"_self\">Parent\u00e9<\/a><\/h4>\n\t\t\t\t<a href=\"\/fr\/ressources\/enfants-familles\/parente\/?utm_source=Home&#038;utm_medium=Referral&#038;utm_campaign=211Resources&#038;utm_content=Kinship\"  target=\"_self\" itemprop=\"url\">\n\t\t\t\t<img decoding=\"async\" src=\"https:\/\/211md.org\/wp-content\/uploads\/bb-plugin\/cache\/2025_211_Icon-Sets_Kinship-square-45bdf872866f5735f842c32071109267-.png\" alt=\"Ic\u00f4ne de parent\u00e9\" itemprop=\"image\" height=\"417\" width=\"417\" title=\"2025_211_Ensembles d&#039;ic\u00f4nes_Parent\u00e9\" onerror=\"this.style.display='none'\" loading=\"lazy\" \/>\n\t\t\t\t<\/a>\n\t\t<h4><a href=\"\/fr\/ressources\/services-juridiques\/?utm_source=Home&#038;utm_medium=Referral&#038;utm_campaign=211Resources&#038;utm_content=Legal\" target=\"_self\">Services juridiques<\/a><\/h4>\n\t\t\t\t<a href=\"\/fr\/ressources\/services-juridiques\/?utm_source=Home&#038;utm_medium=Referral&#038;utm_campaign=211Resources&#038;utm_content=Legal\"  target=\"_self\" itemprop=\"url\">\n\t\t\t\t<img decoding=\"async\" src=\"https:\/\/211md.org\/wp-content\/uploads\/bb-plugin\/cache\/2025_MdInfoNet_Icon-Sets_Legal-square-18fdf438feb8435588174d9046463257-.png\" alt=\"\" itemprop=\"image\" onerror=\"this.style.display='none'\" loading=\"lazy\" \/>\n\t\t\t\t<\/a>\n\t\t<h4><a href=\"\/fr\/ressources\/sante-mentale\/?utm_source=Home&#038;utm_medium=Referral&#038;utm_campaign=211Resources&#038;utm_content=Mental\" target=\"_self\">Sant\u00e9 mentale<\/a><\/h4>\n\t\t\t\t<a href=\"\/fr\/ressources\/sante-mentale\/?utm_source=Home&#038;utm_medium=Referral&#038;utm_campaign=211Resources&#038;utm_content=Mental\"  target=\"_self\" itemprop=\"url\">\n\t\t\t\t<img decoding=\"async\" src=\"https:\/\/211md.org\/wp-content\/uploads\/bb-plugin\/cache\/2025_MdInfoNet_Icon-Sets_Mental-Health-square-c59b38c4a993a947d4c9280fbe2d2fee-.png\" alt=\"\" itemprop=\"image\" onerror=\"this.style.display='none'\" loading=\"lazy\" \/>\n\t\t\t\t<\/a>\n\t\t<h4><a href=\"\/fr\/ressources\/mdreentry\/?utm_source=Home&#038;utm_medium=Referral&#038;utm_campaign=211Resources&#038;utm_content=Reentry\" target=\"_self\">Rentr\u00e9e<\/a><\/h4>\n\t\t\t\t<a href=\"\/fr\/ressources\/mdreentry\/?utm_source=Home&#038;utm_medium=Referral&#038;utm_campaign=211Resources&#038;utm_content=Reentry\"  target=\"_self\" itemprop=\"url\">\n\t\t\t\t<img decoding=\"async\" src=\"https:\/\/211md.org\/wp-content\/uploads\/bb-plugin\/cache\/2025_211_Icon-Sets_Reentry-square-8676fea38abd920a832f45642fe31cca-.png\" alt=\"Ic\u00f4ne de rentr\u00e9e\" itemprop=\"image\" height=\"417\" width=\"417\" title=\"2025_211_Ensembles d&#039;ic\u00f4nes_R\u00e9entr\u00e9e\" onerror=\"this.style.display='none'\" loading=\"lazy\" \/>\n\t\t\t\t<\/a>\n\t\t<h4><a href=\"\/fr\/ressources\/consommation-de-substances\/?utm_source=Home&#038;utm_medium=Referral&#038;utm_campaign=211Resources&#038;utm_content=Substance\" target=\"_self\">Consommation de substances<\/a><\/h4>\n\t\t\t\t<a href=\"\/fr\/ressources\/consommation-de-substances\/?utm_source=Home&#038;utm_medium=Referral&#038;utm_campaign=211Resources&#038;utm_content=Substance\"  target=\"_self\" itemprop=\"url\">\n\t\t\t\t<img decoding=\"async\" src=\"https:\/\/211md.org\/wp-content\/uploads\/bb-plugin\/cache\/2025_MdInfoNet_Icon-Sets_Substance-Abuse-square-9022fec9d18a64118ad685c101885b55-.png\" alt=\"\" itemprop=\"image\" onerror=\"this.style.display='none'\" loading=\"lazy\" \/>\n\t\t\t\t<\/a>\n\t\t<h4><a href=\"\/fr\/ressources\/anciens-combattants\/?utm_source=Home&#038;utm_medium=Referral&#038;utm_campaign=211Resources&#038;utm_content=Veterans\" target=\"_self\">anciens combattants<\/a><\/h4>\n\t\t\t\t<a href=\"\/fr\/ressources\/anciens-combattants\/?utm_source=Home&#038;utm_medium=Referral&#038;utm_campaign=211Resources&#038;utm_content=Veterans\"  target=\"_self\" itemprop=\"url\">\n\t\t\t\t<img decoding=\"async\" src=\"https:\/\/211md.org\/wp-content\/uploads\/bb-plugin\/cache\/2025_MdInfoNet_Icon-Sets_Rating-square-6e60d00cce4faa8e0a6d4ad7366aa733-.png\" alt=\"\" itemprop=\"image\" onerror=\"this.style.display='none'\" loading=\"lazy\" \/>\n\t\t\t\t<\/a>","protected":false},"excerpt":{"rendered":"<p>Les associations d&#039;anciens combattants peuvent apporter un soutien financier \u00e0 ceux qui en ont besoin. Composez le 211 pour parler \u00e0 un sp\u00e9cialiste de l&#039;information et de l&#039;orientation, 24h\/24, 7j\/7 et 365j\/an. Poursuivez votre lecture sur les associations d&#039;aide aux anciens combattants qui peuvent vous aider avec les pr\u00eats, les subventions et les paiements. Pr\u00eats et subventions\u00a0: Le Maryland Veterans Trust accorde des subventions et des pr\u00eats aux anciens combattants en difficult\u00e9. Son objectif est de\u2026<\/p>","protected":false},"author":8,"featured_media":2063,"parent":958,"menu_order":0,"comment_status":"closed","ping_status":"closed","template":"","meta":{"footnotes":""},"class_list":["post-1092","page","type-page","status-publish","has-post-thumbnail","hentry"],"_links":{"self":[{"href":"https:\/\/211md.org\/fr\/wp-json\/wp\/v2\/pages\/1092","targetHints":{"allow":["GET"]}}],"collection":[{"href":"https:\/\/211md.org\/fr\/wp-json\/wp\/v2\/pages"}],"about":[{"href":"https:\/\/211md.org\/fr\/wp-json\/wp\/v2\/types\/page"}],"author":[{"embeddable":true,"href":"https:\/\/211md.org\/fr\/wp-json\/wp\/v2\/users\/8"}],"replies":[{"embeddable":true,"href":"https:\/\/211md.org\/fr\/wp-json\/wp\/v2\/comments?post=1092"}],"version-history":[{"count":5,"href":"https:\/\/211md.org\/fr\/wp-json\/wp\/v2\/pages\/1092\/revisions"}],"predecessor-version":[{"id":33949,"href":"https:\/\/211md.org\/fr\/wp-json\/wp\/v2\/pages\/1092\/revisions\/33949"}],"up":[{"embeddable":true,"href":"https:\/\/211md.org\/fr\/wp-json\/wp\/v2\/pages\/958"}],"wp:featuredmedia":[{"embeddable":true,"href":"https:\/\/211md.org\/fr\/wp-json\/wp\/v2\/media\/2063"}],"wp:attachment":[{"href":"https:\/\/211md.org\/fr\/wp-json\/wp\/v2\/media?parent=1092"}],"curies":[{"name":"wp","href":"https:\/\/api.w.org\/{rel}","templated":true}]}}