{"id":1093,"date":"2021-04-19T13:31:59","date_gmt":"2021-04-19T13:31:59","guid":{"rendered":"https:\/\/211md.org\/?page_id=1093"},"modified":"2026-03-04T10:43:49","modified_gmt":"2026-03-04T15:43:49","slug":"sante-mentale-pour-anciens-combattants","status":"publish","type":"page","link":"https:\/\/211md.org\/fr\/resources\/veterans\/mental-health-for-veterans\/","title":{"rendered":"Sant\u00e9 mentale pour les v\u00e9t\u00e9rans"},"content":{"rendered":"<figure data-animation-delay=\"0\" data-animation-duration=\"1\" itemscope itemtype=\"https:\/\/schema.org\/ImageObject\">\n\t\t\t\t<img decoding=\"async\" src=\"https:\/\/stg-maryland211-staging.kinsta.cloud\/wp-content\/uploads\/2025\/08\/5-1-scaled.png\" alt=\"5\" height=\"692\" width=\"2560\" title=\"5\" onerror=\"this.style.display='none'\" loading=\"lazy\" \/>\n\t<\/figure>\n\t\t<p>Une aide gratuite et confidentielle est disponible pour les anciens combattants aux prises avec un trouble de stress post-traumatique (TSPT), une d\u00e9pression, de l\u2019anxi\u00e9t\u00e9, des pens\u00e9es suicidaires, une toxicomanie ou tout autre probl\u00e8me mental ou li\u00e9 \u00e0 la consommation de substances.<\/p>\n<p>Get connected to resources, specifically for Maryland Veterans.<\/p>\n<p>&nbsp;<\/p>\n\t\t\t<a href=\"#start\"  target=\"_self\">\n\t\t\t\t\t\tCommencer\n\t\t\t\t\t<\/a>\n<figure data-animation-delay=\"0\" data-animation-duration=\"1\" itemscope itemtype=\"https:\/\/schema.org\/ImageObject\">\n\t\t\t\t<img decoding=\"async\" src=\"https:\/\/211md.org\/wp-content\/plugins\/bb-plugin\/img\/pixel.png\" alt=\"\" onerror=\"this.style.display='none'\" loading=\"lazy\" \/>\n\t<\/figure>\n<figure data-animation-delay=\"0\" data-animation-duration=\"1.3\" itemscope itemtype=\"https:\/\/schema.org\/ImageObject\">\n\t\t\t\t<img decoding=\"async\" src=\"https:\/\/stg-maryland211-staging.kinsta.cloud\/wp-content\/uploads\/2025\/08\/16.png\" alt=\"16\" height=\"1000\" width=\"1000\" title=\"16\" onerror=\"this.style.display='none'\" loading=\"lazy\" \/>\n\t<\/figure>\n\t\t<h2><a href=\"https:\/\/www.veteranscrisisline.net\/get-help-now\/chat\/\" target=\"_self\" rel=\"noopener\">Lignes de soutien aux v\u00e9t\u00e9rans<\/a><\/h2><p>There are several ways for Veterans to get connected to help.<\/p>\n<p>Plusieurs de ces lignes aident les v\u00e9t\u00e9rans \u00e0 s\u2019adapter \u00e0 la vie civile, \u00e0 la vie militaire et \u00e0 leur famille.<\/p>\n<h3>Ligne de crise pour les v\u00e9t\u00e9rans<\/h3>\n<p>There&#8217;s also the Veterans Crisis Line, which offers confidential help for anyone in crisis and needing to talk now.<\/p>\n<p>Il est disponible via le 988 en appuyant sur 1.<\/p>\n<p>En savoir plus sur le <a href=\"https:\/\/www.veteranscrisisline.net\/\" target=\"_blank\" rel=\"noopener\">Ligne de crise pour les v\u00e9t\u00e9rans<\/a>.<\/p>\n\t\t\t<a href=\"https:\/\/www.veteranscrisisline.net\/get-help-now\/chat\/\" target=\"_self\" rel=\"noopener\">\n\t\t\t\t\t\t\tsupport de chat v\u00e9t\u00e9ran\n\t\t\t\t\t<\/a>\n<figure data-animation-delay=\"0\" data-animation-duration=\"1\" itemscope itemtype=\"https:\/\/schema.org\/ImageObject\">\n\t\t\t\t<img decoding=\"async\" src=\"http:\/\/211md.org\/wp-content\/uploads\/2025\/10\/Veteran-talking-to-the-crisis-line-on-his-computer.jpg\" alt=\"Un v\u00e9t\u00e9ran parle \u00e0 la ligne de crise sur son ordinateur\" title=\"Un v\u00e9t\u00e9ran parle \u00e0 la ligne de crise sur son ordinateur\" onerror=\"this.style.display='none'\" loading=\"lazy\" \/>\n\t<\/figure>\n\t<h3>Parlez \u00e0 un v\u00e9t\u00e9ran<\/h3>\n<p>Les anciens combattants et les membres de leur famille peuvent \u00e9galement appeler le\u00a0<a href=\"https:\/\/www.vetcenter.va.gov\/media\/Call-Center-PSA.asp\" target=\"_blank\" rel=\"noopener\">Ligne d&#039;appel de combat<\/a>. <\/p>\n<p>Combat Veterans and their family members answer the phone and can talk about military concerns or adjusting to civilian life.<\/p>\n<p>Appelez le 1-877-WAR-VETS pour recevoir une assistance confidentielle 24 heures sur 24, 7 jours sur 7, 365 jours par an.\u00a0<\/p>\n<h3>Soutien aux soignants<\/h3>\n<p>Les <a href=\"https:\/\/www.caregiver.va.gov\/Care_Caregivers.asp\" target=\"_blank\" rel=\"noopener\">Ligne d&#039;assistance aux soignants<\/a> understands the strain that caring for a Veteran can place on families, both mentally and physically. <\/p>\n<p>Les membres de la famille peuvent soudainement devenir des aidants et avoir besoin de soutien. <\/p>\n<p>Appelez le 855-260-3274 pour parler \u00e0 quelqu&#039;un et trouver des solutions.\u00a0<\/p>\n\t\t<figure itemscope itemtype=\"https:\/\/schema.org\/ImageObject\">\n\t\t\t\t<img decoding=\"async\" src=\"https:\/\/stg-maryland211-staging.kinsta.cloud\/wp-content\/uploads\/2025\/08\/2025_MdInfoNet_Icon-Sets-white_Locate.png\" alt=\"\" onerror=\"this.style.display='none'\" loading=\"lazy\" \/>\n\t<\/figure>\n<h2>Utilisez ces recherches d&#039;anciens combattants<\/h2><p>The 211 Community Resource Database has Veteran resources. Use these common searches to find resources in your community.<\/p>\n<p>&nbsp;<\/p>\n\t\t\t<a href=\"https:\/\/search.211md.org\/search?query=LN-9000&#038;query_type=taxonomy&#038;query_label=\" target=\"_blank\" rel=\"noopener\">\n\t\t\t\t\t\t\tCliniques externes pour anciens combattants\n\t\t\t\t\t<\/a>\n\t\t\t<a href=\"https:\/\/search.211md.org\/search?query=RP-1400.8000-900&#038;query_type=taxonomy&#038;query_label=\" target=\"_blank\" rel=\"noopener\">\n\t\t\t\t\t\t\tsoutien \u00e0 la r\u00e9int\u00e9gration\n\t\t\t\t\t<\/a>\n\t\t\t<a href=\"https:\/\/search.211md.org\/search?query=PN-8100.4500-850&#038;query_type=taxonomy&#038;query_label=\" target=\"_blank\" rel=\"noopener\">\n\t\t\t\t\t\t\tGroupes de soutien\n\t\t\t\t\t<\/a>\n<figure data-animation-delay=\"0\" data-animation-duration=\"1\" itemscope itemtype=\"https:\/\/schema.org\/ImageObject\">\n\t\t\t\t<img decoding=\"async\" src=\"http:\/\/211md.org\/wp-content\/uploads\/2025\/10\/Veteran-receiving-health-care.jpg\" alt=\"Un v\u00e9t\u00e9ran re\u00e7oit des soins de sant\u00e9\" title=\"Un v\u00e9t\u00e9ran re\u00e7oit des soins de sant\u00e9\" onerror=\"this.style.display='none'\" loading=\"lazy\" \/>\n\t<\/figure>\n\t<h2 aria-level=\"3\">Conseil aux anciens combattants du VA<\/h2>\n<p>Veteran Centers provide mental health services through the Veterans Affairs to Veterans and their families. <\/p>\n<p>Each center provides mental health services, including:<\/p>\n<ul>\n<li>conseil de r\u00e9adaptation<\/li>\n<li>conseil familial et de groupe<\/li>\n<li>conseil en mati\u00e8re de traumatisme sexuel<\/li>\n<li>Conseils pour le SSPT <\/li>\n<\/ul>\n<p>If you were in combat or experienced any sexual trauma during your military service, bring your DD214 to your local Veteran Center and speak with a counselor or therapist for free, without an appointment, regardless of your enrollment status with VA. Many of the therapists understand, as they are also Veterans. <\/p>\n<p>Ces centres sont situ\u00e9s dans tout l&#039;\u00c9tat du Maryland. Dans certains cas, le transport peut \u00eatre fourni par le biais de vos prestations VA. \u00a0<\/p>\n\t\t\t<a href=\"https:\/\/va.gov\/directory\/guide\/vetcenter.asp\" target=\"_blank\" rel=\"noopener\">\n\t\t\t\t\t\t\tTrouver un centre pour v\u00e9t\u00e9rans\n\t\t\t\t\t<\/a>\n\t\t<h2>Programme de pr\u00e9vention du suicide de Sheppard Pratt<\/h2>\nSheppard Pratt collabore avec le minist\u00e8re des Anciens Combattants pour mettre en place des programmes communautaires de pr\u00e9vention du suicide gr\u00e2ce au programme de subventions pour la pr\u00e9vention du suicide du sergent-chef Parker Gordon Fox. Ce programme offre\u00a0:\n<ul>\n<li aria-level=\"3\">D\u00e9pistages de sant\u00e9 mentale<\/li>\n<li aria-level=\"3\">Fourniture de services cliniques pour les traitements d\u2019urgence<\/li>\n<li aria-level=\"3\">La gestion de cas<\/li>\n<li aria-level=\"3\">Aide aux prestations VA pour les personnes et les familles \u00e9ligibles<\/li>\n<li aria-level=\"3\">Aide pour obtenir des prestations du gouvernement (\u00e9tatique, local ou f\u00e9d\u00e9ral) ou d&#039;un programme \u00e9ligible.<\/li>\n<li aria-level=\"3\">Aide aux besoins urgents pouvant contribuer au risque de suicide. Ces besoins peuvent inclure les soins de sant\u00e9, les activit\u00e9s de la vie quotidienne, le logement, l&#039;emploi, la planification financi\u00e8re personnelle, le conseil, le transport, les services de soutien temporaire du revenu, les services fiduciaires et de mandataire, ainsi que les questions juridiques.<\/li>\n<li aria-level=\"3\">Sensibilisation pour identifier les personnes \u00e0 risque de suicide<\/li>\n<\/ul>\nAppelez le 410-938-4357 pour vous connecter au programme.\n<p>&nbsp;<\/p>\n\t\t\t<a href=\"https:\/\/www.mentalhealth.va.gov\/ssgfox-grants\/\" target=\"_blank\" rel=\"noopener\">\n\t\t\t\t\t\t\tse connecter avec Sheppard Pratt\n\t\t\t\t\t<\/a>\n<figure data-animation-delay=\"0\" data-animation-duration=\"1\" itemscope itemtype=\"https:\/\/schema.org\/ImageObject\">\n\t\t\t\t<img decoding=\"async\" src=\"http:\/\/211md.org\/wp-content\/uploads\/2025\/10\/Marylands-Commitment-to-Veterans.jpg\" alt=\"Une m\u00e8re v\u00e9t\u00e9ran fait ses devoirs avec son fils\" title=\"L&#039;engagement du Maryland envers les v\u00e9t\u00e9rans\" onerror=\"this.style.display='none'\" loading=\"lazy\" \/>\n\t<\/figure>\n\t<h3 aria-level=\"3\">Engagement du Maryland envers les anciens combattants (MVC)<\/h3>\n<p>Veterans can also get support\u00a0through\u00a0Maryland&#8217;s\u00a0Commitment to Veterans (MCV). Resource coordinators work with Veterans and family members to access essential services through the VA system or private providers. These services can include crisis intervention, emergency services, substance misuse, family &amp; group counseling, and other behavioral health services.\u00a0\u00a0<\/p>\n<p>Additionally, the program supports Veterans who are ineligible for VA services, helping them address their behavioral health needs.\u00a0<\/p>\n<p>Appelez le num\u00e9ro sans frais au 1-877-770-4801.\u00a0<\/p>\n\t\t\t<a href=\"https:\/\/veterans.health.maryland.gov\/Pages\/home.aspx\" target=\"_blank\" rel=\"noopener\">\n\t\t\t\t\t\t\tse connecter avec Mcv\n\t\t\t\t\t<\/a>\n\t<h3>Outil d&#039;auto-\u00e9valuation<\/h3>\n<p>Les v\u00e9t\u00e9rans ne savent peut-\u00eatre m\u00eame pas par o\u00f9 commencer, et ce n\u2019est pas grave.<\/p>\n<p>Communiquez avec le VA pour trouver les meilleures ressources pour la situation que vous vivez.<\/p>\n<p>The self-assessment tool helps Veterans find the right support.<\/p>\n\t\t\t<a href=\"https:\/\/www.va.gov\/REACH\/\" target=\"_self\" rel=\"noopener\">\n\t\t\t\t\t\t\tAuto-\u00e9valuation des anciens combattants\n\t\t\t\t\t<\/a>\n<figure itemscope itemtype=\"https:\/\/schema.org\/ImageObject\">\n\t\t\t\t<img decoding=\"async\" src=\"https:\/\/211md.org\/wp-content\/plugins\/bb-plugin\/img\/pixel.png\" alt=\"\" onerror=\"this.style.display='none'\" loading=\"lazy\" \/>\n\t<\/figure>\n\t\t<figure itemscope itemtype=\"https:\/\/schema.org\/ImageObject\">\n\t\t\t\t<img decoding=\"async\" src=\"https:\/\/211md.org\/wp-content\/uploads\/bb-plugin\/cache\/Call-center-specialst-circle-4e9ecd7b3425be4576416abc911049bb-.jpg\" alt=\"Sp\u00e9cialiste des centres d&#039;appels\" title=\"Sp\u00e9cialiste des centres d&#039;appels\" onerror=\"this.style.display='none'\" loading=\"lazy\" \/>\n\t<\/figure>\n<h2>Composez le 211<\/h2><p>Parlez \u00e0 une personne attentionn\u00e9e et compatissante 24h\/24 et 7j\/7. Elle peut \u00e9galement vous orienter vers des ressources.\u00a0<\/p>\n\t\t\t<a href=\"tel:%20+211\"  target=\"_blank\" rel=\"noopener\">\n\t\t\t\t\t\tComposez le 211 (mobile)\n\t\t\t\t\t<\/a>\n<h2>\n\t\t\tInformations suppl\u00e9mentaires pour les anciens combattants\t<\/h2>\n\t\t<h4><a href=\"\/fr\/ressources\/vieillissement-handicap\/?utm_source=Home&#038;utm_medium=Referral&#038;utm_campaign=211Resources&#038;utm_content=Aging\" target=\"_self\">Vieillissement &amp; Handicap<\/a><\/h4><figure itemscope itemtype=\"https:\/\/schema.org\/ImageObject\">\n\t\t\t\t<a href=\"\/fr\/ressources\/vieillissement-handicap\/?utm_source=Home&#038;utm_medium=Referral&#038;utm_campaign=211Resources&#038;utm_content=Aging\"  target=\"_self\" itemprop=\"url\">\n\t\t\t\t<img decoding=\"async\" src=\"https:\/\/211md.org\/wp-content\/uploads\/bb-plugin\/cache\/2025_MdInfoNet_Icon-Sets_Aging-disability-square-c466727102cae71e5f27b8539bb51945-.png\" alt=\"\" onerror=\"this.style.display='none'\" loading=\"lazy\" \/>\n\t\t\t\t<\/a>\n\t<\/figure>\n\t\t<h4><a href=\"\/fr\/ressources\/enfants-familles\/?utm_source=Home&#038;utm_medium=Referral&#038;utm_campaign=211Resources&#038;utm_content=Children\" target=\"_self\">Enfants et familles<\/a><\/h4><figure itemscope itemtype=\"https:\/\/schema.org\/ImageObject\">\n\t\t\t\t<a href=\"\/fr\/ressources\/enfants-familles\/?utm_source=Home&#038;utm_medium=Referral&#038;utm_campaign=211Resources&#038;utm_content=Children\"  target=\"_self\" itemprop=\"url\">\n\t\t\t\t<img decoding=\"async\" src=\"https:\/\/211md.org\/wp-content\/uploads\/bb-plugin\/cache\/2025_211_Icon-Sets_Child-care-square-f3b0d4edab3dcc467fadb5f55f4064c6-.png\" alt=\"parent and child icon for child care\" height=\"417\" width=\"417\" title=\"2025_211_Ensembles d&#039;ic\u00f4nes_Garde d&#039;enfants\" onerror=\"this.style.display='none'\" loading=\"lazy\" \/>\n\t\t\t\t<\/a>\n\t<\/figure>\n\t\t<h4><a href=\"\/fr\/ressources\/violence-familiale-domestique\/?utm_source=Home&#038;utm_medium=Referral&#038;utm_campaign=211Resources&#038;utm_content=Domestic\" target=\"_self\">Violence Domestique<\/a><\/h4><figure itemscope itemtype=\"https:\/\/schema.org\/ImageObject\">\n\t\t\t\t<a href=\"\/fr\/ressources\/violence-familiale-domestique\/?utm_source=Home&#038;utm_medium=Referral&#038;utm_campaign=211Resources&#038;utm_content=Domestic\"  target=\"_self\" itemprop=\"url\">\n\t\t\t\t<img decoding=\"async\" src=\"https:\/\/211md.org\/wp-content\/uploads\/bb-plugin\/cache\/2025_211_Icon-Sets_Domestic-Violence-square-7b597694a6f05fe90cdc376aa573bc63-.png\" alt=\"House with a heart in the middle icon\" height=\"417\" width=\"417\" title=\"2025_211_Ensembles d&#039;ic\u00f4nes_Violence domestique\" onerror=\"this.style.display='none'\" loading=\"lazy\" \/>\n\t\t\t\t<\/a>\n\t<\/figure>\n\t\t<h4><a href=\"\/fr\/ressources\/recherche-demploi\/?utm_source=Home&#038;utm_medium=Referral&#038;utm_campaign=211Resources&#038;utm_content=Employment\" target=\"_self\">Emploi<\/a><\/h4><figure itemscope itemtype=\"https:\/\/schema.org\/ImageObject\">\n\t\t\t\t<a href=\"\/fr\/ressources\/recherche-demploi\/?utm_source=Home&#038;utm_medium=Referral&#038;utm_campaign=211Resources&#038;utm_content=Employment\"  target=\"_self\" itemprop=\"url\">\n\t\t\t\t<img decoding=\"async\" src=\"https:\/\/211md.org\/wp-content\/uploads\/bb-plugin\/cache\/2025_MdInfoNet_Icon-Sets_Employment-square-44707bd410e4df10a470bf130ebcea86-.png\" alt=\"\" onerror=\"this.style.display='none'\" loading=\"lazy\" \/>\n\t\t\t\t<\/a>\n\t<\/figure>\n\t\t<h4><a href=\"\/fr\/ressources\/soins-de-sante\/?utm_source=Home&#038;utm_medium=Referral&#038;utm_campaign=211Resources&#038;utm_content=Health%20Care\" target=\"_self\">Soins de sant\u00e9<\/a><\/h4><figure itemscope itemtype=\"https:\/\/schema.org\/ImageObject\">\n\t\t\t\t<a href=\"\/fr\/ressources\/soins-de-sante\/?utm_source=Home&#038;utm_medium=Referral&#038;utm_campaign=211Resources&#038;utm_content=Health%20Care\"  target=\"_self\" itemprop=\"url\">\n\t\t\t\t<img decoding=\"async\" src=\"https:\/\/211md.org\/wp-content\/uploads\/bb-plugin\/cache\/2025_MdInfoNet_Icon-Sets_Health-Care-square-dee98a0060cbe0e7f27eda253fc12679-.png\" alt=\"\" onerror=\"this.style.display='none'\" loading=\"lazy\" \/>\n\t\t\t\t<\/a>\n\t<\/figure>\n\t\t<h4><a href=\"\/fr\/ressources\/nouveau-aux-etats-unis-et-au-maryland\/?utm_source=Home&#038;utm_medium=Referral&#038;utm_campaign=211Resources&#038;utm_content=Immigration\" target=\"_self\">Immigration<\/a><\/h4><figure itemscope itemtype=\"https:\/\/schema.org\/ImageObject\">\n\t\t\t\t<a href=\"\/fr\/ressources\/nouveau-aux-etats-unis-et-au-maryland\/?utm_source=Home&#038;utm_medium=Referral&#038;utm_campaign=211Resources&#038;utm_content=Immigration\"  target=\"_self\" itemprop=\"url\">\n\t\t\t\t<img decoding=\"async\" src=\"https:\/\/211md.org\/wp-content\/uploads\/bb-plugin\/cache\/2025_MdInfoNet_Icon-Sets_Immigration-square-8b97b7fdfe5e6071405e216855065118-.png\" alt=\"ic\u00f4ne d&#039;immigration\" title=\"2025_MdInfoNet_Icon-Sets_Immigration\" onerror=\"this.style.display='none'\" loading=\"lazy\" \/>\n\t\t\t\t<\/a>\n\t<\/figure>\n\t\t<h4><a href=\"\/fr\/ressources\/enfants-familles\/parente\/?utm_source=Home&#038;utm_medium=Referral&#038;utm_campaign=211Resources&#038;utm_content=Kinship\" target=\"_self\">Parent\u00e9<\/a><\/h4><figure itemscope itemtype=\"https:\/\/schema.org\/ImageObject\">\n\t\t\t\t<a href=\"\/fr\/ressources\/enfants-familles\/parente\/?utm_source=Home&#038;utm_medium=Referral&#038;utm_campaign=211Resources&#038;utm_content=Kinship\"  target=\"_self\" itemprop=\"url\">\n\t\t\t\t<img decoding=\"async\" src=\"https:\/\/211md.org\/wp-content\/uploads\/bb-plugin\/cache\/2025_211_Icon-Sets_Kinship-square-45bdf872866f5735f842c32071109267-.png\" alt=\"Ic\u00f4ne de parent\u00e9\" height=\"417\" width=\"417\" title=\"2025_211_Ensembles d&#039;ic\u00f4nes_Parent\u00e9\" onerror=\"this.style.display='none'\" loading=\"lazy\" \/>\n\t\t\t\t<\/a>\n\t<\/figure>\n\t\t<h4><a href=\"\/fr\/ressources\/services-juridiques\/?utm_source=Home&#038;utm_medium=Referral&#038;utm_campaign=211Resources&#038;utm_content=Legal\" target=\"_self\">Services juridiques<\/a><\/h4><figure itemscope itemtype=\"https:\/\/schema.org\/ImageObject\">\n\t\t\t\t<a href=\"\/fr\/ressources\/services-juridiques\/?utm_source=Home&#038;utm_medium=Referral&#038;utm_campaign=211Resources&#038;utm_content=Legal\"  target=\"_self\" itemprop=\"url\">\n\t\t\t\t<img decoding=\"async\" src=\"https:\/\/211md.org\/wp-content\/uploads\/bb-plugin\/cache\/2025_MdInfoNet_Icon-Sets_Legal-square-18fdf438feb8435588174d9046463257-.png\" alt=\"\" onerror=\"this.style.display='none'\" loading=\"lazy\" \/>\n\t\t\t\t<\/a>\n\t<\/figure>\n\t\t<h4><a href=\"\/fr\/ressources\/sante-mentale\/?utm_source=Home&#038;utm_medium=Referral&#038;utm_campaign=211Resources&#038;utm_content=Mental\" target=\"_self\">Sant\u00e9 mentale<\/a><\/h4><figure itemscope itemtype=\"https:\/\/schema.org\/ImageObject\">\n\t\t\t\t<a href=\"\/fr\/ressources\/sante-mentale\/?utm_source=Home&#038;utm_medium=Referral&#038;utm_campaign=211Resources&#038;utm_content=Mental\"  target=\"_self\" itemprop=\"url\">\n\t\t\t\t<img decoding=\"async\" src=\"https:\/\/211md.org\/wp-content\/uploads\/bb-plugin\/cache\/2025_MdInfoNet_Icon-Sets_Mental-Health-square-c59b38c4a993a947d4c9280fbe2d2fee-.png\" alt=\"\" onerror=\"this.style.display='none'\" loading=\"lazy\" \/>\n\t\t\t\t<\/a>\n\t<\/figure>\n\t\t<h4><a href=\"\/fr\/ressources\/mdreentry\/?utm_source=Home&#038;utm_medium=Referral&#038;utm_campaign=211Resources&#038;utm_content=Reentry\" target=\"_self\">Rentr\u00e9e<\/a><\/h4><figure itemscope itemtype=\"https:\/\/schema.org\/ImageObject\">\n\t\t\t\t<a href=\"\/fr\/ressources\/mdreentry\/?utm_source=Home&#038;utm_medium=Referral&#038;utm_campaign=211Resources&#038;utm_content=Reentry\"  target=\"_self\" itemprop=\"url\">\n\t\t\t\t<img decoding=\"async\" src=\"https:\/\/211md.org\/wp-content\/uploads\/bb-plugin\/cache\/2025_211_Icon-Sets_Reentry-square-8676fea38abd920a832f45642fe31cca-.png\" alt=\"Ic\u00f4ne de rentr\u00e9e\" height=\"417\" width=\"417\" title=\"2025_211_Ensembles d&#039;ic\u00f4nes_R\u00e9entr\u00e9e\" onerror=\"this.style.display='none'\" loading=\"lazy\" \/>\n\t\t\t\t<\/a>\n\t<\/figure>\n\t\t<h4><a href=\"\/fr\/ressources\/consommation-de-substances\/?utm_source=Home&#038;utm_medium=Referral&#038;utm_campaign=211Resources&#038;utm_content=Substance\" target=\"_self\">Consommation de substances<\/a><\/h4><figure itemscope itemtype=\"https:\/\/schema.org\/ImageObject\">\n\t\t\t\t<a href=\"\/fr\/ressources\/consommation-de-substances\/?utm_source=Home&#038;utm_medium=Referral&#038;utm_campaign=211Resources&#038;utm_content=Substance\"  target=\"_self\" itemprop=\"url\">\n\t\t\t\t<img decoding=\"async\" src=\"https:\/\/211md.org\/wp-content\/uploads\/bb-plugin\/cache\/2025_MdInfoNet_Icon-Sets_Substance-Abuse-square-4f414f085e657267739c181957754f48-.png\" alt=\"Pills for substance Use icon\" title=\"2025_MdInfoNet_Icon-Sets_Substance-Abuse\" onerror=\"this.style.display='none'\" loading=\"lazy\" \/>\n\t\t\t\t<\/a>\n\t<\/figure>\n\t\t<h4><a href=\"\/fr\/ressources\/anciens-combattants\/?utm_source=Home&#038;utm_medium=Referral&#038;utm_campaign=211Resources&#038;utm_content=Veterans\" target=\"_self\">anciens combattants<\/a><\/h4><figure itemscope itemtype=\"https:\/\/schema.org\/ImageObject\">\n\t\t\t\t<a href=\"\/fr\/ressources\/anciens-combattants\/?utm_source=Home&#038;utm_medium=Referral&#038;utm_campaign=211Resources&#038;utm_content=Veterans\"  target=\"_self\" itemprop=\"url\">\n\t\t\t\t<img decoding=\"async\" src=\"https:\/\/211md.org\/wp-content\/uploads\/bb-plugin\/cache\/2025_MdInfoNet_Icon-Sets_Rating-square-6e60d00cce4faa8e0a6d4ad7366aa733-.png\" alt=\"\" onerror=\"this.style.display='none'\" loading=\"lazy\" \/>\n\t\t\t\t<\/a>\n\t<\/figure>","protected":false},"excerpt":{"rendered":"<p>Free and confidential help is available for veterans struggling with Post Traumatic Stress Disorder (PTSD), depression, anxiety, thoughts of suicide, substance misuse or any other mental or substance use concerns. Get connected to resources, specifically for Maryland Veterans. &nbsp; Get Started Veteran Support Lines There are several ways for Veterans to get connected to help.&hellip;<\/p>","protected":false},"author":8,"featured_media":4756,"parent":958,"menu_order":0,"comment_status":"closed","ping_status":"closed","template":"","meta":{"footnotes":""},"class_list":["post-1093","page","type-page","status-publish","has-post-thumbnail","hentry"],"_links":{"self":[{"href":"https:\/\/211md.org\/fr\/wp-json\/wp\/v2\/pages\/1093","targetHints":{"allow":["GET"]}}],"collection":[{"href":"https:\/\/211md.org\/fr\/wp-json\/wp\/v2\/pages"}],"about":[{"href":"https:\/\/211md.org\/fr\/wp-json\/wp\/v2\/types\/page"}],"author":[{"embeddable":true,"href":"https:\/\/211md.org\/fr\/wp-json\/wp\/v2\/users\/8"}],"replies":[{"embeddable":true,"href":"https:\/\/211md.org\/fr\/wp-json\/wp\/v2\/comments?post=1093"}],"version-history":[{"count":7,"href":"https:\/\/211md.org\/fr\/wp-json\/wp\/v2\/pages\/1093\/revisions"}],"predecessor-version":[{"id":34408,"href":"https:\/\/211md.org\/fr\/wp-json\/wp\/v2\/pages\/1093\/revisions\/34408"}],"up":[{"embeddable":true,"href":"https:\/\/211md.org\/fr\/wp-json\/wp\/v2\/pages\/958"}],"wp:featuredmedia":[{"embeddable":true,"href":"https:\/\/211md.org\/fr\/wp-json\/wp\/v2\/media\/4756"}],"wp:attachment":[{"href":"https:\/\/211md.org\/fr\/wp-json\/wp\/v2\/media?parent=1093"}],"curies":[{"name":"wp","href":"https:\/\/api.w.org\/{rel}","templated":true}]}}