{"id":1103,"date":"2021-04-19T14:37:20","date_gmt":"2021-04-19T14:37:20","guid":{"rendered":"https:\/\/211md.org\/?page_id=1103"},"modified":"2025-11-11T13:49:26","modified_gmt":"2025-11-11T18:49:26","slug":"soins-dentaires","status":"publish","type":"page","link":"https:\/\/211md.org\/fr\/resources\/health-care\/dental-care\/","title":{"rendered":"Find Dental Clinics in Maryland"},"content":{"rendered":"<img decoding=\"async\" src=\"https:\/\/stg-maryland211-staging.kinsta.cloud\/wp-content\/uploads\/2025\/08\/5-1-scaled.png\" alt=\"5\" itemprop=\"image\" height=\"692\" width=\"2560\" title=\"5\" onerror=\"this.style.display='none'\" loading=\"lazy\" \/>\n\t\t<p>Avez-vous besoin de soins dentaires? Les cliniques dentaires gratuites et \u00e0 faible co\u00fbt peuvent \u00eatre une option si vous avez besoin de soins dentaires et que vous n&#039;avez pas d&#039;assurance. Des bons peuvent \u00e9galement \u00eatre disponibles pour r\u00e9duire le co\u00fbt des soins dans un cabinet dentaire priv\u00e9.<\/p>\n\t\t\t<a href=\"#start\" target=\"_self\">\n\t\t\t\t\t\tCommencer\n\t\t\t\t\t<\/a>\n\t\t\t\t<img decoding=\"async\" src=\"https:\/\/211md.org\/wp-content\/plugins\/bb-plugin\/img\/pixel.png\" alt=\"\" itemprop=\"image\" onerror=\"this.style.display='none'\" loading=\"lazy\" \/>\n\t\t\t\t<img decoding=\"async\" src=\"https:\/\/stg-maryland211-staging.kinsta.cloud\/wp-content\/uploads\/2025\/08\/16.png\" alt=\"16\" itemprop=\"image\" height=\"1000\" width=\"1000\" title=\"16\" onerror=\"this.style.display='none'\" loading=\"lazy\" \/>\n\t\t\t\t<img decoding=\"async\" src=\"http:\/\/211md.org\/wp-content\/uploads\/2025\/11\/Dentist-showing-patient-xrays-of-tooth-at-dental-clinic.jpg\" alt=\"Dentist showing patient xrays of tooth at dental clinic\" itemprop=\"image\" title=\"Dentist showing patient xrays of tooth at dental clinic\" onerror=\"this.style.display='none'\" loading=\"lazy\" \/>\n\t<h2>Maryland Medicaid Dental Program<\/h2>\n<p>Eligible full-time Medicaid beneficiaries may be eligible for dental services through the Maryland Healthy Smiles Dental Program.<\/p>\n<p>This program helps eligible Medicaid recipients:<\/p>\n<ul>\n<li>adults aged 21 to 64<\/li>\n<li>children under age 21<\/li>\n<li>former foster care children through age 25<\/li>\n<li>pregnant and postpartum adults through age 21<\/li>\n<\/ul>\n<p>The Maryland Healthy Smiles Dental Program covers:<\/p>\n<ul>\n<li>routine dental checkups and cleaning<\/li>\n<li>fluoride treatments<\/li>\n<li>X-rays<\/li>\n<li>root canals<\/li>\n<li>crowns<\/li>\n<li>extractions<\/li>\n<li>anesthesia<\/li>\n<li>denture adjustments (adults only)<\/li>\n<\/ul>\n<p>For children under 21 years old, the program also covers orthodontics, fluoride, and sealants.<\/p>\n<p>Get more information on the <a href=\"https:\/\/mmcp.health.maryland.gov\/Pages\/maryland-healthy-smiles-dental-program.aspx\" target=\"_blank\" rel=\"noopener\">Programme dentaire Maryland Healthy Smiles<\/a> or find a <a href=\"https:\/\/mdmwp.sciondental.com\/MWP\/Landing\" target=\"_blank\" rel=\"noopener\">participating Medicaid dentist<\/a>.<\/p>\n\t<h2>Free and low-cost Clinics<\/h2>\n<p>Dental colleges and some health departments offer free and low-cost dental clinics throughout Maryland.<\/p>\n<p>The Dental Hygiene Center at Howard Community College provides affordable dental services, including screenings, X-rays, sealants, non-surgical periodontal treatment, deep cleaning, fluoride treatment, and follow-up care.<\/p>\n<p>The cost is $20 for adults in the community and $10 for children.<\/p>\n<p>The clinic does not provide fillings, extractions, root canals, orthodontics, or other dental treatments. Connect with the <a href=\"https:\/\/www.howardcc.edu\/programs-courses\/academics\/academic-divisions\/health-sciences\/dental-hygiene\/dental-hygiene-center.html\" target=\"_blank\" rel=\"noopener\">Dental Hygiene Center<\/a>.<\/p>\n<p><a href=\"https:\/\/www.allegany.edu\/health-clinics\/dental-hygiene-clinic\/index.html\" target=\"_blank\" rel=\"noopener\">Coll\u00e8ge Allegany du Maryland<\/a> fournit \u00e9galement des services dentaires communautaires \u00e0 faible co\u00fbt par le biais de sa clinique d&#039;hygi\u00e8ne dentaire. Ils se concentrent sur les soins pr\u00e9ventifs et sont disponibles pendant les semestres d&#039;automne et de printemps.<\/p>\n<p>There are also community dental programs at <a href=\"https:\/\/www.ccbcmd.edu\/Programs-and-Courses\/Schools-and-Academic-Departments\/School-of-Health-Professions\/Dental-Hygiene.aspx\" target=\"_blank\" rel=\"noopener\">Coll\u00e8ge communautaire du comt\u00e9 de Baltimore<\/a>, le <a href=\"https:\/\/www.dental.umaryland.edu\/\" target=\"_blank\" rel=\"noopener\">\u00c9cole de m\u00e9decine dentaire de l&#039;Universit\u00e9 du Maryland<\/a>, et le <a href=\"https:\/\/www.ccbcmd.edu\/Programs-and-Courses\/Schools-and-Academic-Departments\/School-of-Health-Professions\/Dental-Hygiene.aspx\" target=\"_blank\" rel=\"noopener\">Coll\u00e8ge communautaire du comt\u00e9 de Baltimore<\/a>. Communiquez avec le coll\u00e8ge pr\u00e8s de chez vous pour conna\u00eetre les d\u00e9tails du programme.<\/p>\n<h3>Programmes dentaires du D\u00e9partement de la sant\u00e9<\/h3>\n<p>Il existe \u00e9galement des cliniques dentaires dans certains d\u00e9partements de sant\u00e9 du comt\u00e9.<\/p>\n<p>A Berlin, le <a href=\"https:\/\/www.worcesterhealth.org\/dental-sidebar\" target=\"_blank\" rel=\"noopener\">D\u00e9partement de la sant\u00e9 du comt\u00e9 de Worcester<\/a> fournit des soins aux enfants de moins de 21 ans ou enceintes et qui ne sont pas assur\u00e9s, sous-assur\u00e9s ou inscrits au programme Maryland Health Smiles.<\/p>\n<p>Les <a href=\"https:\/\/health.baltimorecity.gov\/node\/89\" target=\"_blank\" rel=\"noopener\">D\u00e9partement de la sant\u00e9 de la ville de Baltimore<\/a> fournit des soins dentaires de base et urgents \u00e0 la Druid Dental Clinic et \u00e0 la Eastern Dental Clinic. Des frais sont associ\u00e9s aux soins et les cliniques acceptent Maryland Health Smiles, la plupart des plans d&#039;assistance m\u00e9dicale \/ m\u00e9dicale et quelques autres plans susceptibles de changer.<\/p>\n<p>Il y a aussi une clinique dentaire p\u00e9diatrique au <a href=\"https:\/\/health.frederickcountymd.gov\/DocumentCenter\/View\/3560\/DENTAL-BrochureEnglish?bidId=\" target=\"_blank\" rel=\"noopener\">D\u00e9partement de la sant\u00e9 du comt\u00e9 de Frederick<\/a> pour les enfants non assur\u00e9s et ceux b\u00e9n\u00e9ficiant d&#039;une assistance m\u00e9dicale. Le d\u00e9partement de la sant\u00e9 a \u00e9galement des bons dentaires pour les adultes qui ont besoin d&#039;une chirurgie buccale chez un chirurgien buccal priv\u00e9.<\/p>\n<p>Ce ne sont l\u00e0 que quelques-uns des programmes des services de sant\u00e9 du Maryland. Contactez votre d\u00e9partement local pour obtenir plus d&#039;informations sur les cliniques dentaires et les services \u00e0 co\u00fbt r\u00e9duit, s&#039;ils sont disponibles dans la communaut\u00e9.<\/p>\n<h3>Soins dentaires pour personnes \u00e2g\u00e9es<\/h3>\n<p>Dans le comt\u00e9 de Frederick, il existe un programme d&#039;assistance dentaire d&#039;urgence pour les probl\u00e8mes d&#039;urgence courants tels que les extractions et les obturations dentaires via le <a href=\"https:\/\/thereligiouscoalition.org\/need-help\/healthcare-programs\/\" target=\"_blank\" rel=\"noopener\">Coalition religieuse pour les besoins humains d&#039;urgence<\/a>. Il est uniquement disponible pour les r\u00e9sidents du comt\u00e9 de Frederick \u00e2g\u00e9s de 51 ans et plus.<\/p>\n\t\t\t\t<a href=\"https:\/\/search.211md.org\/\" target=\"_blank\" rel=\"noopener\" itemprop=\"url\">\n\t\t\t\t<img decoding=\"async\" src=\"https:\/\/stg-maryland211-staging.kinsta.cloud\/wp-content\/uploads\/2025\/08\/2025_MdInfoNet_Icon-Sets-white_Locate.png\" alt=\"\" itemprop=\"image\" onerror=\"this.style.display='none'\" loading=\"lazy\" \/>\n\t\t\t\t<\/a>\n<h2><a href=\"https:\/\/search.211md.org\/\" target=\"_blank\" rel=\"noopener\">Trouver des ressources maintenant<\/a><\/h2><p>Trouver <strong>ressources communautaires <\/strong>Pour l&#039;alimentation, les soins de sant\u00e9, le logement et plus encore, consultez notre base de donn\u00e9es. Recherchez par code postal.<\/p>\n\t\t\t<a href=\"https:\/\/search.211md.org\/\" target=\"_blank\" rel=\"noopener\">\n\t\t\t\t\t\t\tRechercher maintenant\n\t\t\t<\/a>\n\t\t\t\t<img decoding=\"async\" src=\"http:\/\/211md.org\/wp-content\/uploads\/2025\/11\/dad-and-daughter-brushing-teeth.jpg\" alt=\"dad and daughter brushing teeth\" itemprop=\"image\" title=\"dad and daughter brushing teeth\" onerror=\"this.style.display='none'\" loading=\"lazy\" \/>\n\t<h3><b>Assurance dentaire<\/b><\/h3>\n<p>Pour couvrir les soins et traitements dentaires de base, vous pouvez souscrire une assurance dentaire lors d&#039;un \u00e9v\u00e9nement de la vie admissible ou lors d&#039;une inscription ouverte du 1er novembre au 15 d\u00e9cembre. La couverture commence le 1er janvier.<\/p>\n<p>Vous vous demandez combien co\u00fbtera une assurance dentaire?\u00a0<a href=\"https:\/\/secure.marylandhealthconnection.gov\/hixui\/public\/home.html#\/getEstimate?lang=en_US&amp;firstTime=1\" target=\"_blank\" rel=\"noopener\">Obtenez une estimation de Maryland Health Connection<\/a>, puis trouvez un plan qui vous convient, \u00e0 vous et \u00e0 votre famille.<\/p>\n<p>Certaines mutuelles peuvent \u00e9galement proposer des soins dentaires.<\/p>\n<p>Il existe \u00e9galement des programmes dentaires dans tout l&#039;\u00c9tat du Maryland qui fournissent des soins dans les coll\u00e8ges, le d\u00e9partement de la sant\u00e9 et les cliniques communautaires.<\/p>\n\t<h2>Connect with other Health-Related Resources<\/h2>\n\t\t<h4><a href=\"\/fr\/ressources\/vieillissement-handicap\/?utm_source=Home&#038;utm_medium=Referral&#038;utm_campaign=211Resources&#038;utm_content=Aging\" target=\"_self\">Vieillissement &amp; Handicap<\/a><\/h4>\n\t\t\t\t<a href=\"\/fr\/ressources\/vieillissement-handicap\/?utm_source=Home&#038;utm_medium=Referral&#038;utm_campaign=211Resources&#038;utm_content=Aging\"  target=\"_self\" itemprop=\"url\">\n\t\t\t\t<img decoding=\"async\" src=\"https:\/\/211md.org\/wp-content\/uploads\/bb-plugin\/cache\/2025_MdInfoNet_Icon-Sets_Aging-disability-square-c466727102cae71e5f27b8539bb51945-.png\" alt=\"\" itemprop=\"image\" onerror=\"this.style.display='none'\" loading=\"lazy\" \/>\n\t\t\t\t<\/a>\n\t\t<h4><a href=\"\/fr\/ressources\/enfants-familles\/?utm_source=Home&#038;utm_medium=Referral&#038;utm_campaign=211Resources&#038;utm_content=Children\" target=\"_self\">Enfants et familles<\/a><\/h4>\n\t\t\t\t<a href=\"\/fr\/ressources\/enfants-familles\/?utm_source=Home&#038;utm_medium=Referral&#038;utm_campaign=211Resources&#038;utm_content=Children\"  target=\"_self\" itemprop=\"url\">\n\t\t\t\t<img decoding=\"async\" src=\"https:\/\/211md.org\/wp-content\/uploads\/bb-plugin\/cache\/2025_211_Icon-Sets_Child-care-square-f3b0d4edab3dcc467fadb5f55f4064c6-.png\" alt=\"2025_211_Ensembles d&#039;ic\u00f4nes_Garde d&#039;enfants\" itemprop=\"image\" height=\"417\" width=\"417\" title=\"2025_211_Ensembles d&#039;ic\u00f4nes_Garde d&#039;enfants\" onerror=\"this.style.display='none'\" loading=\"lazy\" \/>\n\t\t\t\t<\/a>\n\t\t<h4><a href=\"\/fr\/ressources\/violence-familiale-domestique\/?utm_source=Home&#038;utm_medium=Referral&#038;utm_campaign=211Resources&#038;utm_content=Domestic\" target=\"_self\">Violence Domestique<\/a><\/h4>\n\t\t\t\t<a href=\"\/fr\/ressources\/violence-familiale-domestique\/?utm_source=Home&#038;utm_medium=Referral&#038;utm_campaign=211Resources&#038;utm_content=Domestic\"  target=\"_self\" itemprop=\"url\">\n\t\t\t\t<img decoding=\"async\" src=\"https:\/\/211md.org\/wp-content\/uploads\/bb-plugin\/cache\/2025_211_Icon-Sets_Domestic-Violence-square-7b597694a6f05fe90cdc376aa573bc63-.png\" alt=\"Ic\u00f4ne de violence domestique\" itemprop=\"image\" height=\"417\" width=\"417\" title=\"2025_211_Ensembles d&#039;ic\u00f4nes_Violence domestique\" onerror=\"this.style.display='none'\" loading=\"lazy\" \/>\n\t\t\t\t<\/a>\n\t\t<h4><a href=\"\/fr\/ressources\/recherche-demploi\/?utm_source=Home&#038;utm_medium=Referral&#038;utm_campaign=211Resources&#038;utm_content=Employment\" target=\"_self\">Emploi<\/a><\/h4>\n\t\t\t\t<a href=\"\/fr\/ressources\/recherche-demploi\/?utm_source=Home&#038;utm_medium=Referral&#038;utm_campaign=211Resources&#038;utm_content=Employment\"  target=\"_self\" itemprop=\"url\">\n\t\t\t\t<img decoding=\"async\" src=\"https:\/\/211md.org\/wp-content\/uploads\/bb-plugin\/cache\/2025_MdInfoNet_Icon-Sets_Employment-square-44707bd410e4df10a470bf130ebcea86-.png\" alt=\"\" itemprop=\"image\" onerror=\"this.style.display='none'\" loading=\"lazy\" \/>\n\t\t\t\t<\/a>\n\t\t<h4><a href=\"\/fr\/ressources\/soins-de-sante\/?utm_source=Home&#038;utm_medium=Referral&#038;utm_campaign=211Resources&#038;utm_content=Health%20Care\" target=\"_self\">Soins de sant\u00e9<\/a><\/h4>\n\t\t\t\t<a href=\"\/fr\/ressources\/soins-de-sante\/?utm_source=Home&#038;utm_medium=Referral&#038;utm_campaign=211Resources&#038;utm_content=Health%20Care\"  target=\"_self\" itemprop=\"url\">\n\t\t\t\t<img decoding=\"async\" src=\"https:\/\/211md.org\/wp-content\/uploads\/bb-plugin\/cache\/2025_MdInfoNet_Icon-Sets_Health-Care-square-dee98a0060cbe0e7f27eda253fc12679-.png\" alt=\"\" itemprop=\"image\" onerror=\"this.style.display='none'\" loading=\"lazy\" \/>\n\t\t\t\t<\/a>\n\t\t<h4><a href=\"\/fr\/ressources\/enfants-familles\/parente\/?utm_source=Home&#038;utm_medium=Referral&#038;utm_campaign=211Resources&#038;utm_content=Kinship\" target=\"_self\">Parent\u00e9<\/a><\/h4>\n\t\t\t\t<a href=\"\/fr\/ressources\/enfants-familles\/parente\/?utm_source=Home&#038;utm_medium=Referral&#038;utm_campaign=211Resources&#038;utm_content=Kinship\"  target=\"_self\" itemprop=\"url\">\n\t\t\t\t<img decoding=\"async\" src=\"https:\/\/211md.org\/wp-content\/uploads\/bb-plugin\/cache\/2025_211_Icon-Sets_Kinship-square-45bdf872866f5735f842c32071109267-.png\" alt=\"Ic\u00f4ne de parent\u00e9\" itemprop=\"image\" height=\"417\" width=\"417\" title=\"2025_211_Ensembles d&#039;ic\u00f4nes_Parent\u00e9\" onerror=\"this.style.display='none'\" loading=\"lazy\" \/>\n\t\t\t\t<\/a>\n\t\t<h4><a href=\"\/fr\/ressources\/services-juridiques\/?utm_source=Home&#038;utm_medium=Referral&#038;utm_campaign=211Resources&#038;utm_content=Legal\" target=\"_self\">Services juridiques<\/a><\/h4>\n\t\t\t\t<a href=\"\/fr\/ressources\/services-juridiques\/?utm_source=Home&#038;utm_medium=Referral&#038;utm_campaign=211Resources&#038;utm_content=Legal\"  target=\"_self\" itemprop=\"url\">\n\t\t\t\t<img decoding=\"async\" src=\"https:\/\/211md.org\/wp-content\/uploads\/bb-plugin\/cache\/2025_MdInfoNet_Icon-Sets_Legal-square-18fdf438feb8435588174d9046463257-.png\" alt=\"\" itemprop=\"image\" onerror=\"this.style.display='none'\" loading=\"lazy\" \/>\n\t\t\t\t<\/a>\n\t\t<h4><a href=\"\/fr\/ressources\/sante-mentale\/?utm_source=Home&#038;utm_medium=Referral&#038;utm_campaign=211Resources&#038;utm_content=Mental\" target=\"_self\">Sant\u00e9 mentale<\/a><\/h4>\n\t\t\t\t<a href=\"\/fr\/ressources\/sante-mentale\/?utm_source=Home&#038;utm_medium=Referral&#038;utm_campaign=211Resources&#038;utm_content=Mental\"  target=\"_self\" itemprop=\"url\">\n\t\t\t\t<img decoding=\"async\" src=\"https:\/\/211md.org\/wp-content\/uploads\/bb-plugin\/cache\/2025_MdInfoNet_Icon-Sets_Mental-Health-square-c59b38c4a993a947d4c9280fbe2d2fee-.png\" alt=\"\" itemprop=\"image\" onerror=\"this.style.display='none'\" loading=\"lazy\" \/>\n\t\t\t\t<\/a>\n\t\t<h4><a href=\"\/fr\/ressources\/mdreentry\/?utm_source=Home&#038;utm_medium=Referral&#038;utm_campaign=211Resources&#038;utm_content=Reentry\" target=\"_self\">Rentr\u00e9e<\/a><\/h4>\n\t\t\t\t<a href=\"\/fr\/ressources\/mdreentry\/?utm_source=Home&#038;utm_medium=Referral&#038;utm_campaign=211Resources&#038;utm_content=Reentry\"  target=\"_self\" itemprop=\"url\">\n\t\t\t\t<img decoding=\"async\" src=\"https:\/\/211md.org\/wp-content\/uploads\/bb-plugin\/cache\/2025_211_Icon-Sets_Reentry-square-8676fea38abd920a832f45642fe31cca-.png\" alt=\"Ic\u00f4ne de rentr\u00e9e\" itemprop=\"image\" height=\"417\" width=\"417\" title=\"2025_211_Ensembles d&#039;ic\u00f4nes_R\u00e9entr\u00e9e\" onerror=\"this.style.display='none'\" loading=\"lazy\" \/>\n\t\t\t\t<\/a>\n\t\t<h4><a href=\"\/fr\/ressources\/consommation-de-substances\/?utm_source=Home&#038;utm_medium=Referral&#038;utm_campaign=211Resources&#038;utm_content=Substance\" target=\"_self\">Consommation de substances<\/a><\/h4>\n\t\t\t\t<a href=\"\/fr\/ressources\/consommation-de-substances\/?utm_source=Home&#038;utm_medium=Referral&#038;utm_campaign=211Resources&#038;utm_content=Substance\"  target=\"_self\" itemprop=\"url\">\n\t\t\t\t<img decoding=\"async\" src=\"https:\/\/211md.org\/wp-content\/uploads\/bb-plugin\/cache\/2025_MdInfoNet_Icon-Sets_Substance-Abuse-square-9022fec9d18a64118ad685c101885b55-.png\" alt=\"\" itemprop=\"image\" onerror=\"this.style.display='none'\" loading=\"lazy\" \/>\n\t\t\t\t<\/a>\n\t\t<h4><a href=\"\/fr\/ressources\/anciens-combattants\/?utm_source=Home&#038;utm_medium=Referral&#038;utm_campaign=211Resources&#038;utm_content=Veterans\" target=\"_self\">anciens combattants<\/a><\/h4>\n\t\t\t\t<a href=\"\/fr\/ressources\/anciens-combattants\/?utm_source=Home&#038;utm_medium=Referral&#038;utm_campaign=211Resources&#038;utm_content=Veterans\"  target=\"_self\" itemprop=\"url\">\n\t\t\t\t<img decoding=\"async\" src=\"https:\/\/211md.org\/wp-content\/uploads\/bb-plugin\/cache\/2025_MdInfoNet_Icon-Sets_Rating-square-6e60d00cce4faa8e0a6d4ad7366aa733-.png\" alt=\"\" itemprop=\"image\" onerror=\"this.style.display='none'\" loading=\"lazy\" \/>\n\t\t\t\t<\/a>","protected":false},"excerpt":{"rendered":"<p>Do you need dental care? Free and low-cost dental clinics may be an option if you need dental care and do not have insurance. Vouchers may also be available to reduce the cost of care at a private dentist&#8217;s office. Get Started Maryland Medicaid Dental Program Eligible full-time Medicaid beneficiaries may be eligible for dental&hellip;<\/p>","protected":false},"author":8,"featured_media":2081,"parent":838,"menu_order":0,"comment_status":"closed","ping_status":"closed","template":"","meta":{"footnotes":""},"class_list":["post-1103","page","type-page","status-publish","has-post-thumbnail","hentry"],"_links":{"self":[{"href":"https:\/\/211md.org\/fr\/wp-json\/wp\/v2\/pages\/1103","targetHints":{"allow":["GET"]}}],"collection":[{"href":"https:\/\/211md.org\/fr\/wp-json\/wp\/v2\/pages"}],"about":[{"href":"https:\/\/211md.org\/fr\/wp-json\/wp\/v2\/types\/page"}],"author":[{"embeddable":true,"href":"https:\/\/211md.org\/fr\/wp-json\/wp\/v2\/users\/8"}],"replies":[{"embeddable":true,"href":"https:\/\/211md.org\/fr\/wp-json\/wp\/v2\/comments?post=1103"}],"version-history":[{"count":4,"href":"https:\/\/211md.org\/fr\/wp-json\/wp\/v2\/pages\/1103\/revisions"}],"predecessor-version":[{"id":34235,"href":"https:\/\/211md.org\/fr\/wp-json\/wp\/v2\/pages\/1103\/revisions\/34235"}],"up":[{"embeddable":true,"href":"https:\/\/211md.org\/fr\/wp-json\/wp\/v2\/pages\/838"}],"wp:featuredmedia":[{"embeddable":true,"href":"https:\/\/211md.org\/fr\/wp-json\/wp\/v2\/media\/2081"}],"wp:attachment":[{"href":"https:\/\/211md.org\/fr\/wp-json\/wp\/v2\/media?parent=1103"}],"curies":[{"name":"wp","href":"https:\/\/api.w.org\/{rel}","templated":true}]}}