{"id":1104,"date":"2021-04-19T14:40:22","date_gmt":"2021-04-19T14:40:22","guid":{"rendered":"https:\/\/211md.org\/?page_id=1104"},"modified":"2026-01-28T09:04:55","modified_gmt":"2026-01-28T14:04:55","slug":"assistance-frais-medicaux","status":"publish","type":"page","link":"https:\/\/211md.org\/fr\/resources\/health-care\/medical-expense-assistance\/","title":{"rendered":"Obtenez de l&#039;aide pour les factures et d\u00e9penses m\u00e9dicales"},"content":{"rendered":"<p>Vous avez des frais m\u00e9dicaux que vous ne pouvez pas payer ? Tu n&#039;es pas seul. Le Maryland et les organisations nationales peuvent \u00eatre en mesure de vous aider \u00e0 compenser certains de vos frais m\u00e9dicaux, \u00e0 arbitrer les litiges de facturation ou les refus de soins, ou \u00e0 fournir du mat\u00e9riel m\u00e9dical gratuit.<\/p>\n<h2>Aide financi\u00e8re<\/h2>\n<p>Tout d\u2019abord, discutez avec votre professionnel de la sant\u00e9 des programmes d\u2019aide financi\u00e8re. De nombreux h\u00f4pitaux disposent de programmes destin\u00e9s aux patients pour les aider \u00e0 r\u00e9duire les factures m\u00e9dicales. Renseignez-vous sur la politique d&#039;aide financi\u00e8re du fournisseur pour en savoir plus sur les d\u00e9tails et les conditions d&#039;\u00e9ligibilit\u00e9 aux soins.<\/p>\n<p>Par exemple, le <a href=\"https:\/\/www.umms.org\/ummc\/patients-visitors\/for-patients\/financial-assistance\" target=\"_blank\" rel=\"noopener\">Centre m\u00e9dical de l&#039;Universit\u00e9 du Maryland<\/a> peut aider les patients \u00e0 obtenir des services gratuits ou \u00e0 moindre co\u00fbt s&#039;ils ne peuvent pas payer tout ou partie de leurs soins hospitaliers.<\/p>\n<p>L&#039;h\u00f4pital examine votre capacit\u00e9 \u00e0 payer les soins, y compris le revenu du m\u00e9nage et la taille de la famille.<\/p>\n<p>L&#039;h\u00f4pital peut \u00e9galement \u00eatre en mesure de vous aider \u00e0 demander une couverture via Medicaid ou <a href=\"https:\/\/211md.org\/fr\/ressources\/soins-de-sante\/assurance-sante\/\">Connexion de sant\u00e9 du Maryland.<\/a><\/p>\n<p>En plus des frais m\u00e9dicaux, les m\u00e9dicaments sur ordonnance peuvent \u00e9galement \u00eatre co\u00fbteux. Si votre m\u00e9decin vous prescrit un m\u00e9dicament que vous ne pouvez pas vous permettre, il existe <a href=\"https:\/\/211md.org\/fr\/ressources\/soins-de-sante\/ordonnances\/\">programmes de m\u00e9dicaments sur ordonnance qui peuvent aider dans les pharmacies participantes du Maryland<\/a>.<\/p>\n<p>Vous pouvez \u00e9galement rechercher dans la base de donn\u00e9es des ressources 211 les programmes et les organisations locales qui peuvent vous aider.<\/p>\n<ul>\n<li><a href=\"https:\/\/search.211md.org\/search?query=Medical%20Bill%20Assistance&amp;query_type=text\" target=\"_blank\" rel=\"noopener\">Assistance facture m\u00e9dicale<\/a><\/li>\n<li><a href=\"https:\/\/search.211md.org\/search?query=LH-5100.6500&amp;query_type=taxonomy&amp;query_label=\" target=\"_blank\" rel=\"noopener\">Aide aux m\u00e9dicaments sur ordonnance<\/a><\/li>\n<\/ul>\n<figure itemscope itemtype=\"https:\/\/schema.org\/ImageObject\">\n\t\t\t\t<img decoding=\"async\" src=\"https:\/\/211md.org\/wp-content\/uploads\/2021\/05\/Elderly-Couple-Medication.png\" alt=\"Couple de personnes \u00e2g\u00e9es regardant inquiet les papiers de m\u00e9dicaments\" height=\"348\" width=\"460\" title=\"M\u00e9dicaments pour couples de personnes \u00e2g\u00e9es\" onerror=\"this.style.display='none'\" loading=\"lazy\" \/>\n\t<\/figure>\n\t<h3>\u00a0M\u00e9diation d&#039;un diff\u00e9rend m\u00e9dical<\/h3>\n<p>Si vous ne parvenez pas \u00e0 r\u00e9soudre la facture m\u00e9dicale avec votre prestataire ou si vous avez un autre probl\u00e8me m\u00e9dical, l&#039;unit\u00e9 d&#039;\u00e9ducation et de d\u00e9fense de la sant\u00e9 (HEAU) du procureur g\u00e9n\u00e9ral du Maryland peut \u00eatre en mesure d&#039;arbitrer la situation gratuitement. Ils peuvent vous aider avec\u00a0:<\/p>\n<ul>\n<li>litiges de facturation m\u00e9dicale<\/li>\n<li>facture m\u00e9dicale surprise d&#039;un \u00e9tablissement de soins d&#039;urgence hors r\u00e9seau ou d&#039;un fournisseur dans un h\u00f4pital ou un centre de chirurgie du r\u00e9seau<\/li>\n<li>a re\u00e7u une facture sup\u00e9rieure \u00e0 l&#039;estimation de bonne foi<\/li>\n<li>factur\u00e9 pour des frais d&#039;\u00e9tablissement ambulatoire par un h\u00f4pital du Maryland, mais n&#039;a pas \u00e9t\u00e9 inform\u00e9 des frais avant le rendez-vous m\u00e9dical<\/li>\n<li>contentieux mat\u00e9riel m\u00e9dical<\/li>\n<li>incapacit\u00e9 d&#039;obtenir des dossiers m\u00e9dicaux ou des copies de ceux-ci<\/li>\n<li>refus de prise en charge par le r\u00e9gime priv\u00e9 d&#039;assurance maladie pour tout ou partie des soins<\/li>\n<li>naviguer dans le programme d&#039;aide financi\u00e8re d&#039;un h\u00f4pital<\/li>\n<li>refus\u00e9 une aide financi\u00e8re ou des options de paiement raisonnables d&#039;un h\u00f4pital du Maryland<\/li>\n<li>r\u00e9siliation d&#039;un r\u00e9gime priv\u00e9 d&#039;assurance-maladie<\/li>\n<li>refus d&#039;inscription \u00e0 un plan de sant\u00e9 qualifi\u00e9 ou refus des cr\u00e9dits d&#039;imp\u00f4t sur les primes avanc\u00e9es ou des r\u00e9ductions de partage des co\u00fbts par Maryland Health Connection<\/li>\n<\/ul>\n<p><a href=\"https:\/\/www.marylandattorneygeneral.gov\/Pages\/CPD\/HEAU\/default.aspx\" target=\"_blank\" rel=\"noopener\">D\u00e9couvrez si votre situation m\u00e9dicale est admissible aux services de m\u00e9diation gratuits<\/a>.<\/p>\n<h3>Aide financi\u00e8re maladies chroniques et rares<\/h3>\n<p>Si vous pr\u00e9voyez d&#039;engager des d\u00e9penses m\u00e9dicales continues en raison d&#039;une maladie chronique ou rare, vous pouvez demander de l&#039;aide aupr\u00e8s de votre fournisseur et \u00e9galement contacter des organisations nationales \u00e0 but non lucratif susceptibles de vous aider.<\/p>\n<p>Les <a href=\"https:\/\/www.panfoundation.org\/about-pan\/\" target=\"_blank\" rel=\"noopener\">Fondation PAN<\/a> aide les patients assur\u00e9s au niveau f\u00e9d\u00e9ral et commercial \u00e0 obtenir les m\u00e9dicaments et les soins dont ils ont besoin pour les maladies potentiellement mortelles, chroniques et rares. L&#039;organisation aide avec les frais de m\u00e9dicaments sur ordonnance et les traitements.<\/p>\n<p>Depuis 2004, ils ont fourni $4 milliards d&#039;aide financi\u00e8re \u00e0 plus d&#039;un million de patients sous-assur\u00e9s.<\/p>\n<p>Les <a href=\"https:\/\/www.healthwellfoundation.org\/patients\/\" target=\"_blank\" rel=\"noopener\">Fondation HealthWell<\/a> peut \u00e9galement aider les personnes \u00e9ligibles avec les quotes-parts, les primes, les franchises et autres frais remboursables pour les chirurgies, les suppl\u00e9ments et les fournitures. L&#039;organisation dispose d&#039;un certain nombre de <a href=\"https:\/\/www.healthwellfoundation.org\/disease-funds\/\" target=\"_blank\" rel=\"noopener\">Fonds de maladie<\/a> qui soutiennent les personnes atteintes de certaines maladies.<\/p>\n<p><a href=\"https:\/\/www.cancercare.org\/financial_assistance\" target=\"_blank\" rel=\"noopener\">Cancer<em>Se soucier<\/em><\/a> fournit \u00e9galement une aide financi\u00e8re et travaille avec des organisations \u00e0 travers le pays qui peuvent aider \u00e0 couvrir les co\u00fbts des soins contre le cancer. <a href=\"https:\/\/www.cancercare.org\/financial\" target=\"_blank\" rel=\"noopener\">Programmes financiers<\/a> varient en fonction du type de cancer dont vous souffrez et de la r\u00e9gion. Le <a href=\"https:\/\/www.cancercare.org\/copayfoundation\" target=\"_blank\" rel=\"noopener\">programme d&#039;aide au co-paiement<\/a> couvre certains diagnostics de cancer.<\/p>\n<p>Vous pouvez \u00e9galement demander \u00e0 votre fournisseur s&#039;il a une politique d&#039;aide financi\u00e8re pour couvrir les frais de soins continus.<\/p>\n<h2>Mat\u00e9riel m\u00e9dical gratuit<\/h2>\n<p>Un \u00e9quipement m\u00e9dical durable peut co\u00fbter cher si vous devez l\u2019acheter. Lorsque vous n\u2019en avez besoin que pour une courte p\u00e9riode, cela ne vaut peut-\u00eatre pas la peine de l\u2019acheter, ou vous ne pourrez peut-\u00eatre pas en payer le co\u00fbt si votre assureur ne le couvre pas.<\/p>\n<p>Lorsque l&#039;\u00e9quipement m\u00e9dical est n\u00e9cessaire \u00e0 long terme, Medicare, Medicaid, votre assureur devrait aider \u00e0 compenser le co\u00fbt.<\/p>\n<p>Si ce n&#039;est pas le cas, vous pouvez vous procurer du mat\u00e9riel m\u00e9dical d&#039;occasion et remis \u00e0 neuf via le <a href=\"https:\/\/aging.maryland.gov\/pages\/DME.aspx\" target=\"_blank\" rel=\"noopener\">Programme de r\u00e9utilisation des \u00e9quipements m\u00e9dicaux durables du Maryland<\/a> (DME). Il est g\u00e9r\u00e9 par le D\u00e9partement du vieillissement, mais il est accessible \u00e0 tous dans le Maryland, quel que soit son \u00e2ge.<\/p>\n<p>Le d\u00e9partement du vieillissement du Maryland a expliqu\u00e9 comment ce programme fonctionne sur <a href=\"https:\/\/211md.org\/fr\/episode-16-md-departement-of-aging\/\">\u00c9pisode 16 de C&#039;est quoi le 211 ? podcast<\/a>.<\/p>\n<p>L&#039;agence a d\u00e9clar\u00e9 qu&#039;elle faisait appel \u00e0 des ergoth\u00e9rapeutes et \u00e0 des physioth\u00e9rapeutes pour faire correspondre correctement l&#039;\u00e9quipement avec un individu. Ils s&#039;assurent que la taille est appropri\u00e9e pour un individu en fonction de ses besoins, de sa taille, de son poids et de tout autre facteur. Cela contribue \u00e0 assurer la s\u00e9curit\u00e9.<\/p>\n<p>Vous pouvez demander des \u00e9quipements tels que des cannes, des b\u00e9quilles, des d\u00e9ambulateurs, des barri\u00e8res de lit, des chaises de douche, des fauteuils roulants, des \u00e9l\u00e9vateurs m\u00e9caniques, des scooters \u00e9lectriques et des lits d&#039;h\u00f4pitaux \u00e0 domicile. L&#039;inventaire varie, vous devez donc soumettre une demande.<\/p>\n<p><a href=\"https:\/\/aging.maryland.gov\/pages\/DME.aspx\" target=\"_blank\" rel=\"noopener\">Trouver des emplacements DME dans le Maryland et demander des formulaires pour l&#039;\u00e9quipement<\/a>.<\/p>\n\t<h3>Placards de pr\u00eat du Maryland<\/h3>\n<p>Vous pouvez \u00e9galement obtenir temporairement du mat\u00e9riel m\u00e9dical ou des technologies d&#039;assistance, par le biais d&#039;un placard de pr\u00eat communautaire.<\/p>\n<p>Vous pouvez trouver des fauteuils roulants, des lits d&#039;h\u00f4pitaux, des chaises de douche, des \u00e9l\u00e9vateurs de toilettes, des barri\u00e8res de lit, des d\u00e9ambulateurs, des b\u00e9quilles, des cannes et d&#039;autres \u00e9quipements m\u00e9dicaux durables dont vous pourriez avoir besoin.<\/p>\n<p>Les articles varient et la plupart sont fournis gratuitement ou pr\u00eat\u00e9s avec un d\u00e9p\u00f4t de garantie remboursable.<\/p>\n<p>Par exemple, dans\u00a0<a href=\"https:\/\/www.charlescountymd.gov\/services\/aging-and-senior-services\/loan-closet-for-durable-medical-equipment\" target=\"_blank\" rel=\"noopener\">Comt\u00e9 de Charles<\/a>, le placard de pr\u00eat permet aux particuliers d&#039;emprunter du mat\u00e9riel pendant 90 jours. Les extensions sont accord\u00e9es au cas par cas, en fonction de l&#039;inventaire du placard de pr\u00eat.<\/p>\n<p>Dans\u00a0<a href=\"https:\/\/www.howardcountymd.gov\/disability-services\" target=\"_blank\" rel=\"noopener\">Comt\u00e9 d&#039;Howard<\/a>, le D\u00e9partement du vieillissement du Maryland fournit des lits d&#039;h\u00f4pitaux et des fauteuils motoris\u00e9s via le placard de pr\u00eat du comt\u00e9 de Howard. L&#039;\u00e9quipement est \u00e9galement accessible aux r\u00e9sidents d&#039;autres comt\u00e9s, notamment Anne Arundel, Baltimore, Carroll, Frederick, Montgomery et le comt\u00e9 de Prince George.<\/p>\n<p>Si vous ne pouvez pas r\u00e9cup\u00e9rer le mat\u00e9riel, la livraison gratuite est disponible via\u00a0<a href=\"https:\/\/www.howardcountymd.gov\/News051822d\" target=\"_blank\" rel=\"noopener\">Balade voisine<\/a> dans le comt\u00e9 d&#039;Howard.<\/p>\n<p>Depuis son ouverture en 2004, le Howard County Loan Closet a distribu\u00e9 plus de 35 000 pi\u00e8ces d&#039;\u00e9quipement.\u00a0<a href=\"https:\/\/www.howardcountymd.gov\/disability-services\/loan-closet-equipment\" target=\"_blank\" rel=\"noopener\">Voir l&#039;\u00e9quipement m\u00e9dical actuel dans le placard de pr\u00eat du comt\u00e9 de Howard<\/a>.<\/p>\n<p>Trouvez un fournisseur local en cherchant dans la base de donn\u00e9es 211 :<\/p>\n<ul>\n<li><a href=\"https:\/\/search.211md.org\/search?query=Medical%20Equipment%20Supplies&amp;query_type=text\" target=\"_blank\" rel=\"noopener\">\u00c9quipement\/fournitures m\u00e9dicales<\/a><\/li>\n<li><a href=\"https:\/\/search.211md.org\/search?query=Loan%20Closet&amp;query_type=text\" target=\"_blank\" rel=\"noopener\">Cabinet de pr\u00eat m\u00e9dical<\/a> (emprunter du mat\u00e9riel m\u00e9dical)<\/li>\n<\/ul>\n<h3>Faire un don de mat\u00e9riel m\u00e9dical<\/h3>\n<p>Si un membre de la famille n&#039;a plus besoin d&#039;\u00e9quipement m\u00e9dical durable comme une canne, des b\u00e9quilles ou un d\u00e9ambulateur, vous pouvez en faire don pour aider une autre personne dans le besoin. Faites un don \u00e0 un cabinet de pr\u00eat communautaire ou au programme de r\u00e9utilisation d&#039;\u00e9quipement m\u00e9dical durable (DME) du Maryland par l&#039;interm\u00e9diaire du D\u00e9partement du vieillissement.<\/p>\n<p>Une fois que le D\u00e9partement du vieillissement re\u00e7oit un don, l&#039;\u00e9quipement est d\u00e9sinfect\u00e9, r\u00e9par\u00e9 et redistribu\u00e9.<\/p>\n<figure itemscope itemtype=\"https:\/\/schema.org\/ImageObject\">\n\t\t\t\t<img decoding=\"async\" src=\"https:\/\/211md.org\/wp-content\/uploads\/2022\/09\/howard-county-loan-closet-for-medical-equipment.jpg\" alt=\"placard de pr\u00eat du comt\u00e9 de howard pour l&#039;\u00e9quipement m\u00e9dical\" height=\"683\" width=\"1024\" title=\"howard-county-pr\u00eat-placard-pour-\u00e9quipement-m\u00e9dical\" onerror=\"this.style.display='none'\" loading=\"lazy\" \/>\n\t\t<figcaption>Avec l&#039;aimable autorisation du gouvernement du comt\u00e9 de Howard<\/figcaption>\n\t<\/figure>\n<h2>Informations connexes<\/h2>\n<p><a href=\"\/fr\/ressources\/soins-de-sante\/assurance-maladie\/\">Assurance-maladie<\/a><\/p>\n<p><a href=\"\/fr\/ressources\/soins-de-sante\/elimination-des-medicaments\/\">\u00c9limination des m\u00e9dicaments sur ordonnance dans le Maryland<\/a><\/p>\n<p><a title=\"Soins dentaires\" href=\"\/fr\/ressources\/soins-de-sante\/soins-dentaires\/\">Soins dentaires<\/a><\/p>\n<p><a title=\"Ordonnances\" href=\"\/fr\/ressources\/soins-de-sante\/ordonnances\/\">Ordonnances<\/a><\/p>\n<p><a href=\"\/fr\/ressources\/soins-de-sante\/aide-medicale\/\">Aide m\u00e9dicale<\/a><\/p>\n<p><a title=\"Assurance sant\u00e9\" href=\"\/fr\/ressources\/soins-de-sante\/assurance-sante\/\">Assurance sant\u00e9<\/a><\/p>\n<p><a title=\"Assistance Frais M\u00e9dicaux\" href=\"\/fr\/ressources\/soins-de-sante\/assistance-frais-medicaux\/\">Assistance Frais M\u00e9dicaux<\/a><\/p>\n\t\t<h4><a href=\"\/fr\/ressources\/vieillissement-handicap\/?utm_source=Home&#038;utm_medium=Referral&#038;utm_campaign=211Resources&#038;utm_content=Aging\" target=\"_self\">Vieillissement &amp; Handicap<\/a><\/h4><figure itemscope itemtype=\"https:\/\/schema.org\/ImageObject\">\n\t\t\t\t<a href=\"\/fr\/ressources\/vieillissement-handicap\/?utm_source=Home&#038;utm_medium=Referral&#038;utm_campaign=211Resources&#038;utm_content=Aging\"  target=\"_self\" itemprop=\"url\">\n\t\t\t\t<img decoding=\"async\" src=\"https:\/\/211md.org\/wp-content\/uploads\/bb-plugin\/cache\/2025_MdInfoNet_Icon-Sets_Aging-disability-square-c466727102cae71e5f27b8539bb51945-.png\" alt=\"\" onerror=\"this.style.display='none'\" loading=\"lazy\" \/>\n\t\t\t\t<\/a>\n\t<\/figure>\n\t\t<h4><a href=\"\/fr\/ressources\/enfants-familles\/?utm_source=Home&#038;utm_medium=Referral&#038;utm_campaign=211Resources&#038;utm_content=Children\" target=\"_self\">Enfants et familles<\/a><\/h4><figure itemscope itemtype=\"https:\/\/schema.org\/ImageObject\">\n\t\t\t\t<a href=\"\/fr\/ressources\/enfants-familles\/?utm_source=Home&#038;utm_medium=Referral&#038;utm_campaign=211Resources&#038;utm_content=Children\"  target=\"_self\" itemprop=\"url\">\n\t\t\t\t<img decoding=\"async\" src=\"https:\/\/211md.org\/wp-content\/uploads\/bb-plugin\/cache\/2025_211_Icon-Sets_Child-care-square-f3b0d4edab3dcc467fadb5f55f4064c6-.png\" alt=\"parent and child icon for child care\" height=\"417\" width=\"417\" title=\"2025_211_Ensembles d&#039;ic\u00f4nes_Garde d&#039;enfants\" onerror=\"this.style.display='none'\" loading=\"lazy\" \/>\n\t\t\t\t<\/a>\n\t<\/figure>\n\t\t<h4><a href=\"\/fr\/ressources\/violence-familiale-domestique\/?utm_source=Home&#038;utm_medium=Referral&#038;utm_campaign=211Resources&#038;utm_content=Domestic\" target=\"_self\">Violence Domestique<\/a><\/h4><figure itemscope itemtype=\"https:\/\/schema.org\/ImageObject\">\n\t\t\t\t<a href=\"\/fr\/ressources\/violence-familiale-domestique\/?utm_source=Home&#038;utm_medium=Referral&#038;utm_campaign=211Resources&#038;utm_content=Domestic\"  target=\"_self\" itemprop=\"url\">\n\t\t\t\t<img decoding=\"async\" src=\"https:\/\/211md.org\/wp-content\/uploads\/bb-plugin\/cache\/2025_211_Icon-Sets_Domestic-Violence-square-7b597694a6f05fe90cdc376aa573bc63-.png\" alt=\"House with a heart in the middle icon\" height=\"417\" width=\"417\" title=\"2025_211_Ensembles d&#039;ic\u00f4nes_Violence domestique\" onerror=\"this.style.display='none'\" loading=\"lazy\" \/>\n\t\t\t\t<\/a>\n\t<\/figure>\n\t\t<h4><a href=\"\/fr\/ressources\/recherche-demploi\/?utm_source=Home&#038;utm_medium=Referral&#038;utm_campaign=211Resources&#038;utm_content=Employment\" target=\"_self\">Emploi<\/a><\/h4><figure itemscope itemtype=\"https:\/\/schema.org\/ImageObject\">\n\t\t\t\t<a href=\"\/fr\/ressources\/recherche-demploi\/?utm_source=Home&#038;utm_medium=Referral&#038;utm_campaign=211Resources&#038;utm_content=Employment\"  target=\"_self\" itemprop=\"url\">\n\t\t\t\t<img decoding=\"async\" src=\"https:\/\/211md.org\/wp-content\/uploads\/bb-plugin\/cache\/2025_MdInfoNet_Icon-Sets_Employment-square-44707bd410e4df10a470bf130ebcea86-.png\" alt=\"\" onerror=\"this.style.display='none'\" loading=\"lazy\" \/>\n\t\t\t\t<\/a>\n\t<\/figure>\n\t\t<h4><a href=\"\/fr\/ressources\/soins-de-sante\/?utm_source=Home&#038;utm_medium=Referral&#038;utm_campaign=211Resources&#038;utm_content=Health%20Care\" target=\"_self\">Soins de sant\u00e9<\/a><\/h4><figure itemscope itemtype=\"https:\/\/schema.org\/ImageObject\">\n\t\t\t\t<a href=\"\/fr\/ressources\/soins-de-sante\/?utm_source=Home&#038;utm_medium=Referral&#038;utm_campaign=211Resources&#038;utm_content=Health%20Care\"  target=\"_self\" itemprop=\"url\">\n\t\t\t\t<img decoding=\"async\" src=\"https:\/\/211md.org\/wp-content\/uploads\/bb-plugin\/cache\/2025_MdInfoNet_Icon-Sets_Health-Care-square-dee98a0060cbe0e7f27eda253fc12679-.png\" alt=\"\" onerror=\"this.style.display='none'\" loading=\"lazy\" \/>\n\t\t\t\t<\/a>\n\t<\/figure>\n\t\t<h4><a href=\"\/fr\/ressources\/enfants-familles\/parente\/?utm_source=Home&#038;utm_medium=Referral&#038;utm_campaign=211Resources&#038;utm_content=Kinship\" target=\"_self\">Parent\u00e9<\/a><\/h4><figure itemscope itemtype=\"https:\/\/schema.org\/ImageObject\">\n\t\t\t\t<a href=\"\/fr\/ressources\/enfants-familles\/parente\/?utm_source=Home&#038;utm_medium=Referral&#038;utm_campaign=211Resources&#038;utm_content=Kinship\"  target=\"_self\" itemprop=\"url\">\n\t\t\t\t<img decoding=\"async\" src=\"https:\/\/211md.org\/wp-content\/uploads\/bb-plugin\/cache\/2025_211_Icon-Sets_Kinship-square-45bdf872866f5735f842c32071109267-.png\" alt=\"Ic\u00f4ne de parent\u00e9\" height=\"417\" width=\"417\" title=\"2025_211_Ensembles d&#039;ic\u00f4nes_Parent\u00e9\" onerror=\"this.style.display='none'\" loading=\"lazy\" \/>\n\t\t\t\t<\/a>\n\t<\/figure>\n\t\t<h4><a href=\"\/fr\/ressources\/services-juridiques\/?utm_source=Home&#038;utm_medium=Referral&#038;utm_campaign=211Resources&#038;utm_content=Legal\" target=\"_self\">Services juridiques<\/a><\/h4><figure itemscope itemtype=\"https:\/\/schema.org\/ImageObject\">\n\t\t\t\t<a href=\"\/fr\/ressources\/services-juridiques\/?utm_source=Home&#038;utm_medium=Referral&#038;utm_campaign=211Resources&#038;utm_content=Legal\"  target=\"_self\" itemprop=\"url\">\n\t\t\t\t<img decoding=\"async\" src=\"https:\/\/211md.org\/wp-content\/uploads\/bb-plugin\/cache\/2025_MdInfoNet_Icon-Sets_Legal-square-18fdf438feb8435588174d9046463257-.png\" alt=\"\" onerror=\"this.style.display='none'\" loading=\"lazy\" \/>\n\t\t\t\t<\/a>\n\t<\/figure>\n\t\t<h4><a href=\"\/fr\/ressources\/sante-mentale\/?utm_source=Home&#038;utm_medium=Referral&#038;utm_campaign=211Resources&#038;utm_content=Mental\" target=\"_self\">Sant\u00e9 mentale<\/a><\/h4><figure itemscope itemtype=\"https:\/\/schema.org\/ImageObject\">\n\t\t\t\t<a href=\"\/fr\/ressources\/sante-mentale\/?utm_source=Home&#038;utm_medium=Referral&#038;utm_campaign=211Resources&#038;utm_content=Mental\"  target=\"_self\" itemprop=\"url\">\n\t\t\t\t<img decoding=\"async\" src=\"https:\/\/211md.org\/wp-content\/uploads\/bb-plugin\/cache\/2025_MdInfoNet_Icon-Sets_Mental-Health-square-c59b38c4a993a947d4c9280fbe2d2fee-.png\" alt=\"\" onerror=\"this.style.display='none'\" loading=\"lazy\" \/>\n\t\t\t\t<\/a>\n\t<\/figure>\n\t\t<h4><a href=\"\/fr\/ressources\/mdreentry\/?utm_source=Home&#038;utm_medium=Referral&#038;utm_campaign=211Resources&#038;utm_content=Reentry\" target=\"_self\">Rentr\u00e9e<\/a><\/h4><figure itemscope itemtype=\"https:\/\/schema.org\/ImageObject\">\n\t\t\t\t<a href=\"\/fr\/ressources\/mdreentry\/?utm_source=Home&#038;utm_medium=Referral&#038;utm_campaign=211Resources&#038;utm_content=Reentry\"  target=\"_self\" itemprop=\"url\">\n\t\t\t\t<img decoding=\"async\" src=\"https:\/\/211md.org\/wp-content\/uploads\/bb-plugin\/cache\/2025_211_Icon-Sets_Reentry-square-8676fea38abd920a832f45642fe31cca-.png\" alt=\"Ic\u00f4ne de rentr\u00e9e\" height=\"417\" width=\"417\" title=\"2025_211_Ensembles d&#039;ic\u00f4nes_R\u00e9entr\u00e9e\" onerror=\"this.style.display='none'\" loading=\"lazy\" \/>\n\t\t\t\t<\/a>\n\t<\/figure>\n\t\t<h4><a href=\"\/fr\/ressources\/consommation-de-substances\/?utm_source=Home&#038;utm_medium=Referral&#038;utm_campaign=211Resources&#038;utm_content=Substance\" target=\"_self\">Consommation de substances<\/a><\/h4><figure itemscope itemtype=\"https:\/\/schema.org\/ImageObject\">\n\t\t\t\t<a href=\"\/fr\/ressources\/consommation-de-substances\/?utm_source=Home&#038;utm_medium=Referral&#038;utm_campaign=211Resources&#038;utm_content=Substance\"  target=\"_self\" itemprop=\"url\">\n\t\t\t\t<img decoding=\"async\" src=\"https:\/\/211md.org\/wp-content\/uploads\/bb-plugin\/cache\/2025_MdInfoNet_Icon-Sets_Substance-Abuse-square-9022fec9d18a64118ad685c101885b55-.png\" alt=\"\" onerror=\"this.style.display='none'\" loading=\"lazy\" \/>\n\t\t\t\t<\/a>\n\t<\/figure>\n\t\t<h4><a href=\"\/fr\/ressources\/anciens-combattants\/?utm_source=Home&#038;utm_medium=Referral&#038;utm_campaign=211Resources&#038;utm_content=Veterans\" target=\"_self\">anciens combattants<\/a><\/h4><figure itemscope itemtype=\"https:\/\/schema.org\/ImageObject\">\n\t\t\t\t<a href=\"\/fr\/ressources\/anciens-combattants\/?utm_source=Home&#038;utm_medium=Referral&#038;utm_campaign=211Resources&#038;utm_content=Veterans\"  target=\"_self\" itemprop=\"url\">\n\t\t\t\t<img decoding=\"async\" src=\"https:\/\/211md.org\/wp-content\/uploads\/bb-plugin\/cache\/2025_MdInfoNet_Icon-Sets_Rating-square-6e60d00cce4faa8e0a6d4ad7366aa733-.png\" alt=\"\" onerror=\"this.style.display='none'\" loading=\"lazy\" \/>\n\t\t\t\t<\/a>\n\t<\/figure>\n\t<h2>Trouver les bonnes ressources<\/h2>\n<p>En quoi pouvons-nous vous aider aujourd\u2019hui ?<\/p>\n\t<meta name=\"algolia-site-verification\"  content=\"577A0FE2E1B79863\" \/>","protected":false},"excerpt":{"rendered":"<p>Vous avez des frais m\u00e9dicaux que vous ne pouvez pas payer ? Tu n&#039;es pas seul. Le Maryland et les organisations nationales peuvent \u00eatre en mesure de vous aider \u00e0 compenser certains de vos frais m\u00e9dicaux, \u00e0 arbitrer les litiges de facturation ou les refus de soins, ou \u00e0 fournir du mat\u00e9riel m\u00e9dical gratuit. Aide financi\u00e8re Tout d&#039;abord, discutez avec votre fournisseur de soins de sant\u00e9 des programmes d&#039;aide financi\u00e8re. De nombreux h\u00f4pitaux ont\u2026<\/p>","protected":false},"author":8,"featured_media":2105,"parent":838,"menu_order":0,"comment_status":"closed","ping_status":"closed","template":"","meta":{"footnotes":""},"class_list":["post-1104","page","type-page","status-publish","has-post-thumbnail","hentry"],"_links":{"self":[{"href":"https:\/\/211md.org\/fr\/wp-json\/wp\/v2\/pages\/1104","targetHints":{"allow":["GET"]}}],"collection":[{"href":"https:\/\/211md.org\/fr\/wp-json\/wp\/v2\/pages"}],"about":[{"href":"https:\/\/211md.org\/fr\/wp-json\/wp\/v2\/types\/page"}],"author":[{"embeddable":true,"href":"https:\/\/211md.org\/fr\/wp-json\/wp\/v2\/users\/8"}],"replies":[{"embeddable":true,"href":"https:\/\/211md.org\/fr\/wp-json\/wp\/v2\/comments?post=1104"}],"version-history":[{"count":4,"href":"https:\/\/211md.org\/fr\/wp-json\/wp\/v2\/pages\/1104\/revisions"}],"predecessor-version":[{"id":34219,"href":"https:\/\/211md.org\/fr\/wp-json\/wp\/v2\/pages\/1104\/revisions\/34219"}],"up":[{"embeddable":true,"href":"https:\/\/211md.org\/fr\/wp-json\/wp\/v2\/pages\/838"}],"wp:featuredmedia":[{"embeddable":true,"href":"https:\/\/211md.org\/fr\/wp-json\/wp\/v2\/media\/2105"}],"wp:attachment":[{"href":"https:\/\/211md.org\/fr\/wp-json\/wp\/v2\/media?parent=1104"}],"curies":[{"name":"wp","href":"https:\/\/api.w.org\/{rel}","templated":true}]}}