{"id":1105,"date":"2021-04-19T14:42:46","date_gmt":"2021-04-19T14:42:46","guid":{"rendered":"https:\/\/211md.org\/?page_id=1105"},"modified":"2025-10-03T22:52:11","modified_gmt":"2025-10-04T02:52:11","slug":"ordonnances","status":"publish","type":"page","link":"https:\/\/211md.org\/fr\/resources\/health-care\/prescriptions\/","title":{"rendered":"Ordonnances"},"content":{"rendered":"<p>Si vous avez besoin d&#039;aide pour remplir une ordonnance, il existe des programmes d&#039;aide aux patients pharmaceutiques et des groupes locaux \u00e0 but non lucratif qui peuvent r\u00e9duire le co\u00fbt des m\u00e9dicaments. Composez le 211 pour trouver la meilleure ressource pour votre situation.<\/p>\n<p>Vous pouvez \u00e9galement&nbsp;<a href=\"https:\/\/search.211md.org\/search?query=prescription+medication&amp;query_type=text&amp;query_language=en\" target=\"_blank\" rel=\"noopener\">trouver des programmes d&#039;aide aux m\u00e9dicaments sur ordonnance dans la base de donn\u00e9es 211<\/a>.<\/p>\n\t<h3><b>Rabais sur les m\u00e9dicaments<\/b><\/h3>\n<p>La Maryland Rx Card est un programme de rabais gratuit qui offre des rabais sur les m\u00e9dicaments dans les pharmacies participantes.<\/p>\n<p>Il n&#039;y a aucun frais d&#039;inscription, aucune condition d&#039;admissibilit\u00e9 et aucun formulaire \u00e0 remplir. Imprimez, textez ou envoyez-vous les cartes par e-mail.&nbsp;<a href=\"https:\/\/marylandrxcard.com\/create\" target=\"_blank\" rel=\"noopener\">Obtenez une carte Maryland Rx<\/a>.<\/p>\n<p>Il existe \u00e9galement d&#039;autres cartes d&#039;\u00e9pargne pour les m\u00e9dicaments sur ordonnance disponibles dans tout le Maryland. Parlez-en \u00e0 votre m\u00e9decin, pharmacien ou&nbsp;<a href=\"https:\/\/search.211md.org\/search?query=prescription+medication&amp;query_type=text&amp;query_language=en\" target=\"_blank\" rel=\"noopener\">rechercher la base de donn\u00e9es 211 Maryland pour trouver d&#039;autres programmes<\/a>.<\/p>\n<p>Si vous \u00eates une personne \u00e2g\u00e9e, le Senior Prescription Drug Assistance Program (SPDAP) est une subvention offerte aux r\u00e9sidents du Maryland \u00e0 revenu mod\u00e9r\u00e9 \u00e9ligibles \u00e0 Medicare et inscrits \u00e0 un plan de m\u00e9dicaments sur ordonnance.&nbsp;<a href=\"http:\/\/marylandspdap.com\/\" target=\"_blank\" rel=\"noopener\">Apprendre encore plus<\/a>&nbsp;sur les directives de qualification pour ce programme.<\/p>\n\t\t\t\t<img loading=\"lazy\" decoding=\"async\" src=\"https:\/\/211md.org\/wp-content\/uploads\/2021\/05\/Pharmacist.png\" alt=\"Pharmacien tenant des m\u00e9dicaments et un t\u00e9l\u00e9phone\" itemprop=\"image\" height=\"348\" width=\"460\" title=\"Pharmacien\" onerror=\"this.style.display='none'\">\n\t<h3><b>Trouver des programmes d&#039;aide aux patients&nbsp;<\/b><\/h3>\n<p>Pour trouver d&#039;autres programmes d&#039;aide publics et priv\u00e9s, recherchez le&nbsp;<a href=\"https:\/\/medicineassistancetool.org\/\" target=\"_blank\" rel=\"noopener\">Outil d&#039;aide \u00e0 la m\u00e9decine<\/a>&nbsp;(TAPIS). L&#039;outil associe les patients \u00e0 des ressources et \u00e0 des programmes de partage des co\u00fbts qui peuvent r\u00e9duire les frais remboursables, m\u00eame si vous avez une assurance.<\/p>\n<p>De nombreuses soci\u00e9t\u00e9s pharmaceutiques proposent des m\u00e9dicaments gratuits ou \u00e0 faible co\u00fbt aux personnes non assur\u00e9es qui n&#039;ont pas les moyens de se les procurer. Vous devrez contacter chaque programme d&#039;assistance aux patients pour conna\u00eetre les directives de qualification.<\/p>\n<p>&nbsp;<\/p>\n<h3><b>Aide financi\u00e8re pour les ordonnances<\/b><\/h3>\n<p>Les \u00e9glises locales et les groupes \u00e0 but non lucratif peuvent \u00e9galement \u00eatre en mesure de fournir une aide financi\u00e8re pour compenser les co\u00fbts des m\u00e9dicaments. Composez le 211 pour trouver un programme local ou <a href=\"https:\/\/search.211md.org\/search?query=Financial%20Assistance%20Health%20Conditions&amp;query_type=text&amp;query_language=en\" target=\"_blank\" rel=\"noopener\">rechercher dans la base de donn\u00e9es.<\/a><\/p>\n<h2>Informations connexes<\/h2>\n<p><a href=\"\/fr\/ressources\/soins-de-sante\/assurance-maladie\/\">Assurance-maladie<\/a><\/p>\n<p><a href=\"\/fr\/ressources\/soins-de-sante\/elimination-des-medicaments\/\">\u00c9limination des m\u00e9dicaments sur ordonnance dans le Maryland<\/a><\/p>\n<p><a title=\"Soins dentaires\" href=\"\/fr\/ressources\/soins-de-sante\/soins-dentaires\/\">Soins dentaires<\/a><\/p>\n<p><a title=\"Ordonnances\" href=\"\/fr\/ressources\/soins-de-sante\/ordonnances\/\">Ordonnances<\/a><\/p>\n<p><a href=\"\/fr\/ressources\/soins-de-sante\/aide-medicale\/\">Aide m\u00e9dicale<\/a><\/p>\n<p><a title=\"Assurance sant\u00e9\" href=\"\/fr\/ressources\/soins-de-sante\/assurance-sante\/\">Assurance sant\u00e9<\/a><\/p>\n<p><a title=\"Assistance Frais M\u00e9dicaux\" href=\"\/fr\/ressources\/soins-de-sante\/assistance-frais-medicaux\/\">Assistance Frais M\u00e9dicaux<\/a><\/p>\n<h2>\n\t\tTrouver des ressources\n\t<\/h2>\n\t\t\t\t<a href=\"\/fr\/ressources\/vieillissement-handicap\/\" target=\"_self\" itemprop=\"url\" rel=\"noopener\">\n\t\t\t\t<img loading=\"lazy\" decoding=\"async\" src=\"https:\/\/211md.org\/wp-content\/uploads\/bb-plugin\/cache\/Mask-Group-41@2x-circle-73eaadba4cad8269faa4720e25cf1c85-.png\" alt=\"Les pieds d&#039;une femme plus \u00e2g\u00e9e et d&#039;une femme plus jeune marchant ensemble\" itemprop=\"image\" height=\"500\" width=\"500\" title=\"Services aux personnes handicap\u00e9es\" onerror=\"this.style.display='none'\">\n\t\t\t\t<\/a>\n\t\t<h3><a href=\"\/fr\/ressources\/vieillissement-handicap\/\" target=\"_self\" rel=\"noopener\">Vieillissement &amp; Handicap<\/a><\/h3>\t\t\n\t\t\t\t<a href=\"\/fr\/ressources\/enfants-familles\/\" target=\"_self\" itemprop=\"url\" rel=\"noopener\">\n\t\t\t\t<img loading=\"lazy\" decoding=\"async\" src=\"https:\/\/211md.org\/wp-content\/uploads\/bb-plugin\/cache\/Mask-Group-38@2x-circle-ac40d46265fbec62083cd27f6dcf23b0-.png\" alt=\"Un jeune gar\u00e7on et une fille souriant et regardant la cam\u00e9ra\" itemprop=\"image\" height=\"500\" width=\"500\" title=\"Groupe de masques 38@2x\" onerror=\"this.style.display='none'\">\n\t\t\t\t<\/a>\n\t\t<h3><a href=\"\/fr\/ressources\/enfants-familles\/\" target=\"_self\" rel=\"noopener\">Enfants et familles<\/a><\/h3>\t\t\n\t\t\t\t<a href=\"\/fr\/ressources\/centre-de-ressources-covid-19\/\" target=\"_self\" itemprop=\"url\" rel=\"noopener\">\n\t\t\t\t<img loading=\"lazy\" decoding=\"async\" src=\"https:\/\/211md.org\/wp-content\/uploads\/bb-plugin\/cache\/Mask-Group-35-circle-1d65595bca7a4e0f07d3d14ca4f42835-.png\" alt=\"Un homme et une femme qui se cognent le coude\" itemprop=\"image\" height=\"500\" width=\"500\" title=\"Groupe de masques 35\" onerror=\"this.style.display='none'\">\n\t\t\t\t<\/a>\n\t\t<h3><a href=\"\/fr\/ressources\/centre-de-ressources-covid-19\/\" target=\"_self\" rel=\"noopener\">Ressources COVID-19<\/a><\/h3>\t\t\n\t\t\t\t<a href=\"\/fr\/ressources\/violence-familiale-domestique\/\" target=\"_self\" itemprop=\"url\" rel=\"noopener\">\n\t\t\t\t<img loading=\"lazy\" decoding=\"async\" src=\"https:\/\/211md.org\/wp-content\/uploads\/bb-plugin\/cache\/Mask-Group-39@2x-circle-b2589197a13c791d910f46dd10b27a87-.png\" alt=\"Deux paires de mains se tenant\" itemprop=\"image\" height=\"500\" width=\"500\" title=\"Groupe de masques 39@2x\" onerror=\"this.style.display='none'\">\n\t\t\t\t<\/a>\n\t\t<h3><a href=\"\/fr\/ressources\/violence-familiale-domestique\/\" target=\"_self\" rel=\"noopener\">Violence domestique\/familiale<\/a><\/h3>\t\t\n\t\t\t\t<a href=\"\/fr\/ressources\/recherche-demploi\/\" target=\"_self\" itemprop=\"url\" rel=\"noopener\">\n\t\t\t\t<img loading=\"lazy\" decoding=\"async\" src=\"https:\/\/211md.org\/wp-content\/uploads\/bb-plugin\/cache\/Employment-circle-bf72562329e950df948954f5d3f44b2e-.png\" alt=\"Un m\u00e9canicien automobile\" itemprop=\"image\" height=\"500\" width=\"500\" title=\"Emploi\" onerror=\"this.style.display='none'\">\n\t\t\t\t<\/a>\n\t\t<h3><a href=\"\/fr\/ressources\/recherche-demploi\/\" target=\"_self\" rel=\"noopener\">Emploi<\/a><\/h3>\t\t\n\t\t\t\t<a href=\"\/fr\/ressources\/soins-de-sante\/\" target=\"_self\" itemprop=\"url\" rel=\"noopener\">\n\t\t\t\t<img loading=\"lazy\" decoding=\"async\" src=\"https:\/\/211md.org\/wp-content\/uploads\/bb-plugin\/cache\/Mask-Group-35@2x-circle-94be10c13e4adae1683b4589dc2f5b2f-.png\" alt=\"Docteur regardant la jambe des gar\u00e7ons\" itemprop=\"image\" height=\"500\" width=\"500\" title=\"Groupe de masques 35@2x\" onerror=\"this.style.display='none'\">\n\t\t\t\t<\/a>\n\t\t<h3><a href=\"\/fr\/ressources\/soins-de-sante\/\" target=\"_self\" rel=\"noopener\">Soins de sant\u00e9<\/a><\/h3>\t\t\n\t\t\t\t<a href=\"\/fr\/ressources\/nourriture\/\" target=\"_self\" itemprop=\"url\" rel=\"noopener\">\n\t\t\t\t<img loading=\"lazy\" decoding=\"async\" src=\"https:\/\/211md.org\/wp-content\/uploads\/bb-plugin\/cache\/Mask-Group-32@2x-circle-1c6d647dcaf998fa079d26735cedc92b-.png\" alt=\"L\u00e9gumes frais\" itemprop=\"image\" height=\"500\" width=\"500\" title=\"Groupe de masques 32@2x\" onerror=\"this.style.display='none'\">\n\t\t\t\t<\/a>\n\t\t<h3><a href=\"\/fr\/ressources\/nourriture\/\" target=\"_self\" rel=\"noopener\">Nourriture<\/a><\/h3>\t\t\n\t\t\t\t<a href=\"\/fr\/ressources\/logement-refuge\/\" target=\"_self\" itemprop=\"url\" rel=\"noopener\">\n\t\t\t\t<img loading=\"lazy\" decoding=\"async\" src=\"https:\/\/211md.org\/wp-content\/uploads\/bb-plugin\/cache\/Mask-Group-34@2x-circle-b99c55fc16ef21f35e2f2a1f7cc37b9a-.png\" alt=\"Balcon complexe d&#039;appartements\" itemprop=\"image\" height=\"500\" width=\"500\" title=\"Complexe d&#039;appartements\" onerror=\"this.style.display='none'\">\n\t\t\t\t<\/a>\n\t\t<h3><a href=\"\/fr\/ressources\/logement-refuge\/\" target=\"_self\" rel=\"noopener\">Logement &amp; Abri<\/a><\/h3>\t\t\n\t\t\t\t<a href=\"\/fr\/nouveau-aux-etats-unis-et-au-maryland\/\" target=\"_self\" itemprop=\"url\" rel=\"noopener\">\n\t\t\t\t<img loading=\"lazy\" decoding=\"async\" src=\"https:\/\/211md.org\/wp-content\/uploads\/bb-plugin\/cache\/American-flag-circle-0016cc327e27ef7aeb080f1da6c6e98b-.jpg\" alt=\"drapeau am\u00e9ricain\" itemprop=\"image\" height=\"364\" width=\"1366\" title=\"Drapeau am\u00e9ricain\" onerror=\"this.style.display='none'\">\n\t\t\t\t<\/a>\n\t\t<h3><a href=\"\/fr\/nouveau-aux-etats-unis-et-au-maryland\/\" target=\"_self\" rel=\"noopener\">Immigration<\/a><\/h3>\t\t\n\t\t\t\t<a href=\"\/fr\/ressources\/services-juridiques\/\" target=\"_self\" itemprop=\"url\" rel=\"noopener\">\n\t\t\t\t<img loading=\"lazy\" decoding=\"async\" src=\"https:\/\/211md.org\/wp-content\/uploads\/bb-plugin\/cache\/Housing-Legal-circle-9a8f3c1c72c54b6e1ce612d2993c1ad4-.png\" alt=\"Marteau juridique avec un mod\u00e8le en plastique d&#039;une maison \u00e0 c\u00f4t\u00e9\" itemprop=\"image\" height=\"348\" width=\"460\" title=\"Juridique du logement\" onerror=\"this.style.display='none'\">\n\t\t\t\t<\/a>\n\t\t<h3><a href=\"\/fr\/ressources\/services-juridiques\/\" target=\"_self\" rel=\"noopener\">Services juridiques<\/a><\/h3>\t\t\n\t\t\t\t<a href=\"\/fr\/ressources\/sante-mentale\/\" target=\"_self\" itemprop=\"url\" rel=\"noopener\">\n\t\t\t\t<img loading=\"lazy\" decoding=\"async\" src=\"https:\/\/211md.org\/wp-content\/uploads\/bb-plugin\/cache\/Mask-Group-40@2x-circle-7bd9426367852fb3d841bc4bdc57a550-.png\" alt=\"Les profils d&#039;un homme et d&#039;une femme\" itemprop=\"image\" height=\"500\" width=\"500\" title=\"Groupe de masques 40@2x\" onerror=\"this.style.display='none'\">\n\t\t\t\t<\/a>\n\t\t<h3><a href=\"\/fr\/ressources\/sante-mentale\/\" target=\"_self\" rel=\"noopener\">Sant\u00e9 mentale<\/a><\/h3>\t\t\n\t\t\t\t<a href=\"\/fr\/arreter\/\" target=\"_self\" itemprop=\"url\" rel=\"noopener\">\n\t\t\t\t<img loading=\"lazy\" decoding=\"async\" src=\"https:\/\/211md.org\/wp-content\/uploads\/bb-plugin\/cache\/Background-section-MDStophate-circle-08e2bae1cf9f2ad6cc83e01e23da8cb9-.jpg\" alt=\"Arri\u00e8re-plan-section-MDStophate\" itemprop=\"image\" height=\"768\" width=\"1366\" title=\"Arri\u00e8re-plan-section-MDStophate\" onerror=\"this.style.display='none'\">\n\t\t\t\t<\/a>\n\t\t<h3><a href=\"\/fr\/arreter\/\" target=\"_self\" rel=\"noopener\">Arr\u00eatez la haine<\/a><\/h3>\t\t\n\t\t\t\t<a href=\"\/fr\/ressources\/consommation-de-substances\/\" target=\"_self\" itemprop=\"url\" rel=\"noopener\">\n\t\t\t\t<img loading=\"lazy\" decoding=\"async\" src=\"https:\/\/211md.org\/wp-content\/uploads\/bb-plugin\/cache\/Substance-Use-circle-ad2d564932dc31267e0c32a6fb2d915c-.png\" alt=\"Pilules cassantes \u00e0 la main\" itemprop=\"image\" height=\"500\" width=\"500\" title=\"Consommation de substances\" onerror=\"this.style.display='none'\">\n\t\t\t\t<\/a>\n\t\t<h3><a href=\"\/fr\/ressources\/consommation-de-substances\/\" target=\"_self\" rel=\"noopener\">Consommation de substances<\/a><\/h3>\t\t\n\t\t\t\t<a href=\"\/fr\/ressources\/services-fiscaux\/\" target=\"_self\" itemprop=\"url\" rel=\"noopener\">\n\t\t\t\t<img loading=\"lazy\" decoding=\"async\" src=\"https:\/\/211md.org\/wp-content\/uploads\/bb-plugin\/cache\/Mask-Group-34-circle-166a606e37e61188c9a17d5e634cda3c-.png\" alt=\"Personne remplissant les formulaires d&#039;imp\u00f4t sur le revenu\" itemprop=\"image\" height=\"500\" width=\"500\" title=\"Groupe de masques 34\" onerror=\"this.style.display='none'\">\n\t\t\t\t<\/a>\n\t\t<h3><a href=\"\/fr\/ressources\/services-fiscaux\/\" target=\"_self\" rel=\"noopener\">Services fiscaux<\/a><\/h3>\t\t\n\t\t\t\t<a href=\"\/fr\/ressources\/assistance-utilitaire\/\" target=\"_self\" itemprop=\"url\" rel=\"noopener\">\n\t\t\t\t<img loading=\"lazy\" decoding=\"async\" src=\"https:\/\/211md.org\/wp-content\/uploads\/bb-plugin\/cache\/Mask-Group-37@2x-circle-9661a11b9c4082079c9a1f06bc539567-.png\" alt=\"Une ampoule allum\u00e9e\" itemprop=\"image\" height=\"500\" width=\"500\" title=\"Masque Groupe 37@2x\" onerror=\"this.style.display='none'\">\n\t\t\t\t<\/a>\n\t\t<h3><a href=\"\/fr\/ressources\/assistance-utilitaire\/\" target=\"_self\" rel=\"noopener\">Assistance utilitaire<\/a><\/h3>\t\t\n\t\t\t\t<a href=\"\/fr\/ressources\/anciens-combattants\/\" target=\"_self\" itemprop=\"url\" rel=\"noopener\">\n\t\t\t\t<img loading=\"lazy\" decoding=\"async\" src=\"https:\/\/211md.org\/wp-content\/uploads\/bb-plugin\/cache\/Veterans-circle-b5b2b017288a5af0f61a41d0f31d0f82-.png\" alt=\"Un soldat serrant la main de quelqu&#039;un et souriant\" itemprop=\"image\" height=\"500\" width=\"500\" title=\"anciens combattants\" onerror=\"this.style.display='none'\">\n\t\t\t\t<\/a>\n\t\t<h3><a href=\"\/fr\/ressources\/anciens-combattants\/\" target=\"_self\" rel=\"noopener\">anciens combattants<\/a><\/h3>","protected":false},"excerpt":{"rendered":"<p>Si vous avez besoin d&#039;aide pour remplir une ordonnance, il existe des programmes publics d&#039;aide aux patients pharmaceutiques et des groupes locaux \u00e0 but non lucratif qui peuvent r\u00e9duire le co\u00fbt des m\u00e9dicaments. Composez le 211 pour trouver la meilleure ressource pour votre situation. Vous pouvez \u00e9galement trouver des programmes d\u2019assistance pour m\u00e9dicaments sur ordonnance dans la base de donn\u00e9es 211. Remises sur les m\u00e9dicaments La Maryland Rx Card est un service gratuit\u2026<\/p>","protected":false},"author":8,"featured_media":1119,"parent":838,"menu_order":0,"comment_status":"closed","ping_status":"closed","template":"","meta":{"footnotes":""},"class_list":["post-1105","page","type-page","status-publish","has-post-thumbnail","hentry"],"_links":{"self":[{"href":"https:\/\/211md.org\/fr\/wp-json\/wp\/v2\/pages\/1105","targetHints":{"allow":["GET"]}}],"collection":[{"href":"https:\/\/211md.org\/fr\/wp-json\/wp\/v2\/pages"}],"about":[{"href":"https:\/\/211md.org\/fr\/wp-json\/wp\/v2\/types\/page"}],"author":[{"embeddable":true,"href":"https:\/\/211md.org\/fr\/wp-json\/wp\/v2\/users\/8"}],"replies":[{"embeddable":true,"href":"https:\/\/211md.org\/fr\/wp-json\/wp\/v2\/comments?post=1105"}],"version-history":[{"count":1,"href":"https:\/\/211md.org\/fr\/wp-json\/wp\/v2\/pages\/1105\/revisions"}],"predecessor-version":[{"id":33910,"href":"https:\/\/211md.org\/fr\/wp-json\/wp\/v2\/pages\/1105\/revisions\/33910"}],"up":[{"embeddable":true,"href":"https:\/\/211md.org\/fr\/wp-json\/wp\/v2\/pages\/838"}],"wp:featuredmedia":[{"embeddable":true,"href":"https:\/\/211md.org\/fr\/wp-json\/wp\/v2\/media\/1119"}],"wp:attachment":[{"href":"https:\/\/211md.org\/fr\/wp-json\/wp\/v2\/media?parent=1105"}],"curies":[{"name":"wp","href":"https:\/\/api.w.org\/{rel}","templated":true}]}}