{"id":1115,"date":"2021-04-19T16:17:02","date_gmt":"2021-04-19T16:17:02","guid":{"rendered":"https:\/\/211md.org\/?page_id=1115"},"modified":"2024-12-20T12:32:06","modified_gmt":"2024-12-20T17:32:06","slug":"droits-des-locataires","status":"publish","type":"page","link":"https:\/\/211md.org\/fr\/resources\/legal-services\/tenants-rights\/","title":{"rendered":"Comment les locataires peuvent obtenir de l&#039;aide en cas de litige avec un propri\u00e9taire"},"content":{"rendered":"<img loading=\"lazy\" decoding=\"async\" src=\"https:\/\/211md.org\/wp-content\/uploads\/2021\/05\/Key-Handoff.png\" alt=\"Propri\u00e9taire remettant les cl\u00e9s au locataire\" itemprop=\"image\" height=\"348\" width=\"460\" title=\"Remise des cl\u00e9s\" onerror=\"this.style.display='none'\"  \/>\n\t<p>Les litiges entre propri\u00e9taire et locataire sont l&#039;une des plaintes les plus courantes adress\u00e9es au bureau du procureur g\u00e9n\u00e9ral du Maryland. En tant que locataire, vous disposez de certains droits, obligations et recours disponibles en vertu de la loi du Maryland. Il peut \u00e9galement exister des protections locales ou des processus l\u00e9g\u00e8rement diff\u00e9rents pour r\u00e9soudre un litige entre propri\u00e9taire.<\/p>\n<h2>Conflits courants entre propri\u00e9taires et locataires<\/h2>\n<p>Les locataires et les propri\u00e9taires peuvent \u00eatre en d\u00e9saccord sur :<\/p>\n<ul>\n<li>frais d&#039;inscription<\/li>\n<li>baux<\/li>\n<li>louer<\/li>\n<li>d\u00e9p\u00f4ts de garantie<\/li>\n<li>le droit de prendre possession<\/li>\n<li>renouvellements de bail<\/li>\n<li>rompre un bail<\/li>\n<li>loyer s\u00e9questre<\/li>\n<li>d\u00e9faut de r\u00e9paration<\/li>\n<li>repr\u00e9sailles du propri\u00e9taire<\/li>\n<li>dangers de la peinture \u00e0 base de plomb<\/li>\n<li>expulsion<\/li>\n<\/ul>\n<p><a href=\"https:\/\/www.marylandattorneygeneral.gov\/CPD%20Documents\/Tips-Publications\/landlordTenantPDF.pdf\" target=\"_blank\" rel=\"noopener\"><strong>Ce guide du procureur g\u00e9n\u00e9ral<\/strong><\/a> propose des conseils pour \u00e9viter et g\u00e9rer les conflits courants. Il comprend des sc\u00e9narios courants et propose des moyens potentiels de g\u00e9rer la situation.<\/p>\n<h2>Comment g\u00e9rer les r\u00e9parations dangereuses dans les logements et les locations<\/h2>\n<p>Si vous avez un d\u00e9faut grave ou dangereux dans votre appartement ou votre immeuble lou\u00e9, les locataires ont certains droits car les propri\u00e9taires ont certaines obligations en vertu de la loi.<\/p>\n<p>Vous pourrez peut-\u00eatre :<\/p>\n<ul>\n<li>Utilisez un compte s\u00e9questre s&#039;il est \u00e9tabli par le tribunal de district.<\/li>\n<li>Obtenez une injonction.<\/li>\n<\/ul>\n<h4>Compte s\u00e9questre<\/h4>\n<p>Si le tribunal de district \u00e9tablit un compte s\u00e9questre, vous d\u00e9posez l&#039;argent du loyer au lieu de payer le loyer au propri\u00e9taire chaque mois. Cependant, il existe des conditions sp\u00e9cifiques et des exigences de pr\u00e9avis pour lesquelles vous pouvez utiliser le compte s\u00e9questre.<\/p>\n<p>Bien que le tribunal d\u00e9cide si une situation justifie un compte s\u00e9questre, celui-ci est g\u00e9n\u00e9ralement utilis\u00e9 pour des d\u00e9fauts graves et dangereux. Cela peut inclure, sans toutefois s&#039;y limiter :<\/p>\n<ul>\n<li>infestation de rongeurs dans deux ou plusieurs unit\u00e9s<\/li>\n<li>danger de la peinture \u00e0 base de plomb<\/li>\n<li>manque d&#039;\u00e9vacuation ad\u00e9quate des eaux us\u00e9es<\/li>\n<li>manque de chauffage, de lumi\u00e8re, d&#039;\u00e9lectricit\u00e9 ou d&#039;eau si le propri\u00e9taire est responsable de son entretien.<\/li>\n<\/ul>\n<p>Il ne couvre pas le manque de climatisation, l&#039;usure normale ou d&#039;autres violations non dangereuses du code du logement.<\/p>\n<h4>Injonction<\/h4>\n<p>Une injonction peut \u00eatre une autre option. Il s&#039;agit d&#039;une requ\u00eate demandant au tribunal d&#039;ordonner au propri\u00e9taire de r\u00e9parer ou de corriger les conditions concern\u00e9es.<\/p>\n<p>Pour plus d&#039;informations, y compris le processus d\u00e9taill\u00e9 de notification et de d\u00e9p\u00f4t aupr\u00e8s du tribunal, consultez le\u00a0<a href=\"https:\/\/mvlslaw.org\/wp-content\/uploads\/2018\/09\/Unsafe-Housing-Conditions-Remedies.pdf\" target=\"_blank\" rel=\"noopener\">Service des avocats b\u00e9n\u00e9voles du Maryland<\/a>\u00a0fiche descriptive.<\/p>\n<h2><b>Obtenir de l&#039;aide<\/b><\/h2>\n<p>En g\u00e9n\u00e9ral, consignez les litiges par \u00e9crit et prenez des photos chaque fois que possible afin d\u2019avoir une trace \u00e9crite.<\/p>\n<p>Les\u00a0<a href=\"https:\/\/www.peoples-law.org\/cat\/landlord-tenant\" target=\"_blank\" rel=\"noopener\">Biblioth\u00e8que de droit populaire du Maryland<\/a>\u00a0propose \u00e9galement plusieurs guides et informations pour les propri\u00e9taires\/locataires sur les d\u00e9p\u00f4ts de garantie, les expulsions et le non-paiement du loyer, des services publics et des protections en mati\u00e8re de logement pour <a href=\"https:\/\/211md.org\/fr\/ressources\/violence-familiale-domestique\/\">victimes de violences conjugales<\/a>.<\/p>\n<p>Vous pouvez \u00e9galement parler gratuitement \u00e0 un avocat de votre affaire de droit civil par l&#039;interm\u00e9diaire du Maryland Court Help Center. Composez le 410-260-1392 pendant les heures d&#039;ouverture. Vous pouvez trouver plus d&#039;informations sur cette ressource \u00e0 partir de\u00a0<a href=\"https:\/\/www.peoples-law.org\/\" target=\"_blank\" rel=\"noopener\">La biblioth\u00e8que de droit populaire du Maryland<\/a>.<\/p>\n<p>Si vous rencontrez un litige, vous pourrez peut-\u00eatre obtenir de l&#039;aide aupr\u00e8s de l&#039;unit\u00e9 de m\u00e9diation du bureau du procureur g\u00e9n\u00e9ral du Maryland. Ils aideront \u00e0 r\u00e9soudre les litiges entre un propri\u00e9taire et un locataire. Vous pouvez d\u00e9poser un\u00a0<a href=\"https:\/\/web.oag.state.md.us\/editor\/customer\/onlineformhelpers\/formviewer.aspx?filename=landlordtenant.htm\" target=\"_blank\" rel=\"noopener\">r\u00e9clamation propri\u00e9taire\/locataire en ligne<\/a>\u00a0ou alors\u00a0<a href=\"https:\/\/www.marylandattorneygeneral.gov\/Pages\/contactus.aspx\" target=\"_blank\" rel=\"noopener\">appeler le procureur g\u00e9n\u00e9ral du Maryland.<\/a><\/p>\n<p>Ce qui pr\u00e9c\u00e8de n&#039;est pas un avis juridique et vous devriez consulter un avocat pour obtenir de l&#039;aide concernant votre litige particulier entre propri\u00e9taire et locataire.<\/p>\n<h2>Informations connexes<\/h2>\n<p><a title=\"\u00catre propri\u00e9taire\" href=\"https:\/\/211md.org\/fr\/ressources\/services-juridiques\/etre-proprietaire\/\">\u00catre propri\u00e9taire<\/a><\/p>\n<p><a title=\"Pension alimentaire\" href=\"https:\/\/211md.org\/fr\/ressources\/services-juridiques\/pension-alimentaire\/\">Pension alimentaire<\/a><\/p>\n<p><a title=\"Droits des locataires\" href=\"https:\/\/211md.org\/fr\/ressources\/services-juridiques\/droits-des-locataires\/\">Droits des locataires<\/a><\/p>\n<h2>\n\t\tTrouver des ressources\n\t<\/h2>\n\t\t\t\t<a href=\"\/fr\/ressources\/vieillissement-handicap\/\" target=\"_self\" itemprop=\"url\">\n\t\t\t\t<img loading=\"lazy\" decoding=\"async\" src=\"https:\/\/211md.org\/wp-content\/uploads\/bb-plugin\/cache\/Mask-Group-41@2x-circle-73eaadba4cad8269faa4720e25cf1c85-.png\" alt=\"Les pieds d&#039;une femme plus \u00e2g\u00e9e et d&#039;une femme plus jeune marchant ensemble\" itemprop=\"image\" height=\"500\" width=\"500\" title=\"Services aux personnes handicap\u00e9es\" onerror=\"this.style.display='none'\"  \/>\n\t\t\t\t<\/a>\n\t\t<h3><a href=\"\/fr\/ressources\/vieillissement-handicap\/\" target=\"_self\">Vieillissement &amp; Handicap<\/a><\/h3>\t\n\t\t\t\t<a href=\"\/fr\/ressources\/enfants-familles\/\" target=\"_self\" itemprop=\"url\">\n\t\t\t\t<img loading=\"lazy\" decoding=\"async\" src=\"https:\/\/211md.org\/wp-content\/uploads\/bb-plugin\/cache\/Mask-Group-38@2x-circle-ac40d46265fbec62083cd27f6dcf23b0-.png\" alt=\"Un jeune gar\u00e7on et une fille souriant et regardant la cam\u00e9ra\" itemprop=\"image\" height=\"500\" width=\"500\" title=\"Groupe de masques 38@2x\" onerror=\"this.style.display='none'\"  \/>\n\t\t\t\t<\/a>\n\t\t<h3><a href=\"\/fr\/ressources\/enfants-familles\/\" target=\"_self\">Enfants et familles<\/a><\/h3>\t\n\t\t\t\t<a href=\"\/fr\/ressources\/centre-de-ressources-covid-19\/\" target=\"_self\" itemprop=\"url\">\n\t\t\t\t<img decoding=\"async\" src=\"https:\/\/211md.org\/wp-content\/uploads\/bb-plugin\/cache\/Data-Post-Image-COVID-circle-abdf7e097c6f7781a4f84df775b7857e-.png\" alt=\"Une cellule COVID-19\" itemprop=\"image\" title=\"Image de poste de donn\u00e9es - COVID\" onerror=\"this.style.display='none'\"  \/>\n\t\t\t\t<\/a>\n\t\t<h3><a href=\"\/fr\/ressources\/centre-de-ressources-covid-19\/\" target=\"_self\">COVID<\/a><\/h3>\t\n\t\t\t\t<a href=\"\/fr\/ressources\/violence-familiale-domestique\/\" target=\"_self\" itemprop=\"url\">\n\t\t\t\t<img loading=\"lazy\" decoding=\"async\" src=\"https:\/\/211md.org\/wp-content\/uploads\/bb-plugin\/cache\/Mask-Group-39@2x-circle-b2589197a13c791d910f46dd10b27a87-.png\" alt=\"Deux paires de mains se tenant\" itemprop=\"image\" height=\"500\" width=\"500\" title=\"Groupe de masques 39@2x\" onerror=\"this.style.display='none'\"  \/>\n\t\t\t\t<\/a>\n\t\t<h3><a href=\"\/fr\/ressources\/violence-familiale-domestique\/\" target=\"_self\">Violence domestique\/familiale<\/a><\/h3>\t\n\t\t\t\t<a href=\"\/fr\/ressources\/recherche-demploi\/\" target=\"_self\" itemprop=\"url\">\n\t\t\t\t<img loading=\"lazy\" decoding=\"async\" src=\"https:\/\/211md.org\/wp-content\/uploads\/bb-plugin\/cache\/Employment-circle-bf72562329e950df948954f5d3f44b2e-.png\" alt=\"Un m\u00e9canicien automobile\" itemprop=\"image\" height=\"500\" width=\"500\" title=\"Emploi\" onerror=\"this.style.display='none'\"  \/>\n\t\t\t\t<\/a>\n\t\t<h3><a href=\"\/fr\/ressources\/recherche-demploi\/\" target=\"_self\">Emploi<\/a><\/h3>\t\n\t\t\t\t<a href=\"\/fr\/ressources\/soins-de-sante\/\" target=\"_self\" itemprop=\"url\">\n\t\t\t\t<img loading=\"lazy\" decoding=\"async\" src=\"https:\/\/211md.org\/wp-content\/uploads\/bb-plugin\/cache\/Mask-Group-35@2x-circle-94be10c13e4adae1683b4589dc2f5b2f-.png\" alt=\"Docteur regardant la jambe des gar\u00e7ons\" itemprop=\"image\" height=\"500\" width=\"500\" title=\"Groupe de masques 35@2x\" onerror=\"this.style.display='none'\"  \/>\n\t\t\t\t<\/a>\n\t\t<h3><a href=\"\/fr\/ressources\/soins-de-sante\/\" target=\"_self\">Soins de sant\u00e9<\/a><\/h3>\t\n\t\t\t\t<a href=\"\/fr\/ressources\/nourriture\/\" target=\"_self\" itemprop=\"url\">\n\t\t\t\t<img loading=\"lazy\" decoding=\"async\" src=\"https:\/\/211md.org\/wp-content\/uploads\/bb-plugin\/cache\/Mask-Group-32@2x-circle-1c6d647dcaf998fa079d26735cedc92b-.png\" alt=\"L\u00e9gumes frais\" itemprop=\"image\" height=\"500\" width=\"500\" title=\"Groupe de masques 32@2x\" onerror=\"this.style.display='none'\"  \/>\n\t\t\t\t<\/a>\n\t\t<h3><a href=\"\/fr\/ressources\/nourriture\/\" target=\"_self\">Nourriture<\/a><\/h3>\t\n\t\t\t\t<a href=\"\/fr\/ressources\/logement-refuge\/\" target=\"_self\" itemprop=\"url\">\n\t\t\t\t<img loading=\"lazy\" decoding=\"async\" src=\"https:\/\/211md.org\/wp-content\/uploads\/bb-plugin\/cache\/Mask-Group-34@2x-circle-b99c55fc16ef21f35e2f2a1f7cc37b9a-.png\" alt=\"Balcon complexe d&#039;appartements\" itemprop=\"image\" height=\"500\" width=\"500\" title=\"Complexe d&#039;appartements\" onerror=\"this.style.display='none'\"  \/>\n\t\t\t\t<\/a>\n\t\t<h3><a href=\"\/fr\/ressources\/logement-refuge\/\" target=\"_self\">Logement &amp; Abri<\/a><\/h3>\t\n\t\t\t\t<a href=\"\/fr\/ressources\/nouveau-aux-etats-unis-et-au-maryland\/\" target=\"_self\" itemprop=\"url\">\n\t\t\t\t<img loading=\"lazy\" decoding=\"async\" src=\"https:\/\/211md.org\/wp-content\/uploads\/bb-plugin\/cache\/American-flag-circle-0016cc327e27ef7aeb080f1da6c6e98b-.jpg\" alt=\"nouveau aux \u00c9tats-Unis\" itemprop=\"image\" height=\"364\" width=\"1366\" title=\"Drapeau am\u00e9ricain\" onerror=\"this.style.display='none'\"  \/>\n\t\t\t\t<\/a>\n\t\t<h3><a href=\"\/fr\/ressources\/nouveau-aux-etats-unis-et-au-maryland\/\" target=\"_self\">Immigration<\/a><\/h3>\t\n\t\t\t\t<a href=\"\/fr\/ressources\/enfants-familles\/parente\/\" target=\"_self\" itemprop=\"url\">\n\t\t\t\t<img decoding=\"async\" src=\"https:\/\/211md.org\/wp-content\/uploads\/bb-plugin\/cache\/kinship-family-navigating-a-computer-circle-045fee9d587aefb20221bfea41a2cf9b-.png\" alt=\"famille de parent\u00e9 naviguant sur un ordinateur\" itemprop=\"image\" title=\"famille de parent\u00e9 naviguant sur un ordinateur\" onerror=\"this.style.display='none'\"  \/>\n\t\t\t\t<\/a>\n\t\t<h3><a href=\"\/fr\/ressources\/enfants-familles\/parente\/\" target=\"_self\">Parent\u00e9<\/a><\/h3>\t\n\t\t\t\t<a href=\"\/fr\/ressources\/services-juridiques\/\" target=\"_self\" itemprop=\"url\">\n\t\t\t\t<img loading=\"lazy\" decoding=\"async\" src=\"https:\/\/211md.org\/wp-content\/uploads\/bb-plugin\/cache\/Housing-Legal-circle-9a8f3c1c72c54b6e1ce612d2993c1ad4-.png\" alt=\"Marteau juridique avec un mod\u00e8le en plastique d&#039;une maison \u00e0 c\u00f4t\u00e9\" itemprop=\"image\" height=\"348\" width=\"460\" title=\"Juridique du logement\" onerror=\"this.style.display='none'\"  \/>\n\t\t\t\t<\/a>\n\t\t<h3><a href=\"\/fr\/ressources\/services-juridiques\/\" target=\"_self\">Services juridiques<\/a><\/h3>\t\n\t\t\t\t<a href=\"\/fr\/ressources\/sante-mentale\/\" target=\"_self\" itemprop=\"url\">\n\t\t\t\t<img loading=\"lazy\" decoding=\"async\" src=\"https:\/\/211md.org\/wp-content\/uploads\/bb-plugin\/cache\/Mask-Group-40@2x-circle-7bd9426367852fb3d841bc4bdc57a550-.png\" alt=\"Les profils d&#039;un homme et d&#039;une femme\" itemprop=\"image\" height=\"500\" width=\"500\" title=\"Groupe de masques 40@2x\" onerror=\"this.style.display='none'\"  \/>\n\t\t\t\t<\/a>\n\t\t<h3><a href=\"\/fr\/ressources\/sante-mentale\/\" target=\"_self\">Sant\u00e9 mentale<\/a><\/h3>\t\n\t\t\t\t<a href=\"\/fr\/ressources\/mdreentry\/\" target=\"_self\" itemprop=\"url\">\n\t\t\t\t<img loading=\"lazy\" decoding=\"async\" src=\"https:\/\/211md.org\/wp-content\/uploads\/bb-plugin\/cache\/Diverse-group-of-community-members-circle-4457c114cd48613bc79a0fb50060319c-.jpg\" alt=\"Groupe diversifi\u00e9 de membres de la communaut\u00e9\" itemprop=\"image\" height=\"800\" width=\"1200\" title=\"Groupe diversifi\u00e9 de membres de la communaut\u00e9\" onerror=\"this.style.display='none'\"  \/>\n\t\t\t\t<\/a>\n\t\t<h3><a href=\"\/fr\/ressources\/mdreentry\/\" target=\"_self\">Rentr\u00e9e<\/a><\/h3>\t\n\t\t\t\t<a href=\"\/fr\/arreter\/\" target=\"_self\" itemprop=\"url\">\n\t\t\t\t<img loading=\"lazy\" decoding=\"async\" src=\"https:\/\/211md.org\/wp-content\/uploads\/bb-plugin\/cache\/Background-section-MDStophate-circle-08e2bae1cf9f2ad6cc83e01e23da8cb9-.jpg\" alt=\"Arri\u00e8re-plan-section-MDStophate\" itemprop=\"image\" height=\"768\" width=\"1366\" title=\"Arri\u00e8re-plan-section-MDStophate\" onerror=\"this.style.display='none'\"  \/>\n\t\t\t\t<\/a>\n\t\t<h3><a href=\"\/fr\/arreter\/\" target=\"_self\">Arr\u00eatez la haine<\/a><\/h3>\t\n\t\t\t\t<a href=\"\/fr\/ressources\/consommation-de-substances\/\" target=\"_self\" itemprop=\"url\">\n\t\t\t\t<img loading=\"lazy\" decoding=\"async\" src=\"https:\/\/211md.org\/wp-content\/uploads\/bb-plugin\/cache\/Substance-Use-circle-ad2d564932dc31267e0c32a6fb2d915c-.png\" alt=\"Pilules cassantes \u00e0 la main\" itemprop=\"image\" height=\"500\" width=\"500\" title=\"Consommation de substances\" onerror=\"this.style.display='none'\"  \/>\n\t\t\t\t<\/a>\n\t\t<h3><a href=\"\/fr\/ressources\/consommation-de-substances\/\" target=\"_self\">Consommation de substances<\/a><\/h3>\t\n\t\t\t\t<a href=\"\/fr\/ressources\/services-fiscaux\/\" target=\"_self\" itemprop=\"url\">\n\t\t\t\t<img loading=\"lazy\" decoding=\"async\" src=\"https:\/\/211md.org\/wp-content\/uploads\/bb-plugin\/cache\/Mask-Group-34-circle-166a606e37e61188c9a17d5e634cda3c-.png\" alt=\"Personne remplissant les formulaires d&#039;imp\u00f4t sur le revenu\" itemprop=\"image\" height=\"500\" width=\"500\" title=\"Groupe de masques 34\" onerror=\"this.style.display='none'\"  \/>\n\t\t\t\t<\/a>\n\t\t<h3><a href=\"\/fr\/ressources\/services-fiscaux\/\" target=\"_self\">Services fiscaux<\/a><\/h3>\t\n\t\t\t\t<a href=\"\/fr\/ressources\/assistance-utilitaire\/\" target=\"_self\" itemprop=\"url\">\n\t\t\t\t<img loading=\"lazy\" decoding=\"async\" src=\"https:\/\/211md.org\/wp-content\/uploads\/bb-plugin\/cache\/Mask-Group-37@2x-circle-9661a11b9c4082079c9a1f06bc539567-.png\" alt=\"Une ampoule allum\u00e9e\" itemprop=\"image\" height=\"500\" width=\"500\" title=\"Masque Groupe 37@2x\" onerror=\"this.style.display='none'\"  \/>\n\t\t\t\t<\/a>\n\t\t<h3><a href=\"\/fr\/ressources\/assistance-utilitaire\/\" target=\"_self\">Assistance utilitaire<\/a><\/h3>\t\n\t\t\t\t<a href=\"\/fr\/ressources\/anciens-combattants\/\" target=\"_self\" itemprop=\"url\">\n\t\t\t\t<img decoding=\"async\" src=\"https:\/\/211md.org\/wp-content\/uploads\/bb-plugin\/cache\/Veterans-circle-7c6972a59826c74f1f658f61df785fc3-.png\" alt=\"Un soldat serrant la main de quelqu&#039;un et souriant\" itemprop=\"image\" title=\"anciens combattants\" onerror=\"this.style.display='none'\"  \/>\n\t\t\t\t<\/a>\n\t\t<h3><a href=\"\/fr\/ressources\/anciens-combattants\/\" target=\"_self\">anciens combattants<\/a><\/h3>","protected":false},"excerpt":{"rendered":"<p>Les litiges entre propri\u00e9taires et locataires sont l&#039;une des plaintes les plus courantes adress\u00e9es au bureau du procureur g\u00e9n\u00e9ral du Maryland. En tant que locataire, vous disposez de certains droits, obligations et recours en vertu de la loi du Maryland. Il peut \u00e9galement exister des protections locales ou des processus l\u00e9g\u00e8rement diff\u00e9rents pour r\u00e9soudre un litige entre propri\u00e9taires. Litiges courants entre propri\u00e9taires et locataires Les locataires et les propri\u00e9taires peuvent \u00eatre en d\u00e9saccord sur : la demande\u2026<\/p>","protected":false},"author":8,"featured_media":1905,"parent":928,"menu_order":0,"comment_status":"closed","ping_status":"closed","template":"","meta":{"footnotes":""},"class_list":["post-1115","page","type-page","status-publish","has-post-thumbnail","hentry"],"_links":{"self":[{"href":"https:\/\/211md.org\/fr\/wp-json\/wp\/v2\/pages\/1115","targetHints":{"allow":["GET"]}}],"collection":[{"href":"https:\/\/211md.org\/fr\/wp-json\/wp\/v2\/pages"}],"about":[{"href":"https:\/\/211md.org\/fr\/wp-json\/wp\/v2\/types\/page"}],"author":[{"embeddable":true,"href":"https:\/\/211md.org\/fr\/wp-json\/wp\/v2\/users\/8"}],"replies":[{"embeddable":true,"href":"https:\/\/211md.org\/fr\/wp-json\/wp\/v2\/comments?post=1115"}],"version-history":[{"count":0,"href":"https:\/\/211md.org\/fr\/wp-json\/wp\/v2\/pages\/1115\/revisions"}],"up":[{"embeddable":true,"href":"https:\/\/211md.org\/fr\/wp-json\/wp\/v2\/pages\/928"}],"wp:featuredmedia":[{"embeddable":true,"href":"https:\/\/211md.org\/fr\/wp-json\/wp\/v2\/media\/1905"}],"wp:attachment":[{"href":"https:\/\/211md.org\/fr\/wp-json\/wp\/v2\/media?parent=1115"}],"curies":[{"name":"wp","href":"https:\/\/api.w.org\/{rel}","templated":true}]}}