{"id":1116,"date":"2021-04-19T16:19:54","date_gmt":"2021-04-19T16:19:54","guid":{"rendered":"https:\/\/211md.org\/?page_id=1116"},"modified":"2025-09-09T11:30:22","modified_gmt":"2025-09-09T15:30:22","slug":"elimination-des-medicaments","status":"publish","type":"page","link":"https:\/\/211md.org\/fr\/resources\/substance-use\/drug-disposal\/","title":{"rendered":"Que faire des anciens m\u00e9dicaments sur ordonnance"},"content":{"rendered":"<img decoding=\"async\" src=\"https:\/\/stg-maryland211-staging.kinsta.cloud\/wp-content\/uploads\/2025\/08\/5-1-scaled.png\" alt=\"5\" itemprop=\"image\" height=\"692\" width=\"2560\" title=\"5\" onerror=\"this.style.display='none'\" loading=\"lazy\" \/>\n\t\t<h1><a href=\"#start\" target=\"_self\">En-t\u00eate de page par d\u00e9faut<\/a><\/h1><p>Avez-vous des ordonnances ou des m\u00e9dicaments en vente libre anciens, p\u00e9rim\u00e9s, ind\u00e9sirables ou inutilis\u00e9s dans votre armoire \u00e0 pharmacie ?<\/p>\n<p>L\u2019\u00e9limination s\u00e9curitaire des m\u00e9dicaments peut aider \u00e0 pr\u00e9venir la consommation d\u2019opio\u00efdes.<\/p>\n<p>9,9 millions d&#039;Am\u00e9ricains abusent des m\u00e9dicaments sur ordonnance, selon le\u00a0<a href=\"https:\/\/www.samhsa.gov\/data\/release\/2018-national-survey-drug-use-and-health-nsduh-releases\" target=\"_blank\" rel=\"noopener\">Enqu\u00eate nationale 2018 sur la consommation de drogues et la sant\u00e9<\/a>, la majorit\u00e9 provenant de la famille, des amis et de l&#039;armoire \u00e0 pharmacie \u00e0 domicile.<\/p>\n<p>Les m\u00e9dicaments peuvent \u00e9galement causer des probl\u00e8mes environnementaux lorsqu\u2019ils sont jet\u00e9s de mani\u00e8re inappropri\u00e9e \u00e0 la poubelle ou dans les toilettes.<\/p>\n<p>Apprenez-en davantage sur les fa\u00e7ons d\u2019\u00e9liminer correctement les m\u00e9dicaments.<\/p>\n\t\t\t<a href=\"#start\" target=\"_self\">\n\t\t\t\t\t\tCommencer\n\t\t\t\t\t<\/a>\n\t\t\t\t<img decoding=\"async\" src=\"https:\/\/211md.org\/wp-content\/plugins\/bb-plugin\/img\/pixel.png\" alt=\"\" itemprop=\"image\" onerror=\"this.style.display='none'\" loading=\"lazy\" \/>\n\t\t\t\t<img decoding=\"async\" src=\"https:\/\/stg-maryland211-staging.kinsta.cloud\/wp-content\/uploads\/2025\/08\/16.png\" alt=\"16\" itemprop=\"image\" height=\"1000\" width=\"1000\" title=\"16\" onerror=\"this.style.display='none'\" loading=\"lazy\" \/>\n\t\t\t\t<img decoding=\"async\" src=\"http:\/\/211md.org\/wp-content\/uploads\/2021\/04\/safely-get-rid-of-prescription-medicine-in-maryland.jpg\" alt=\"Pilules roses, bleues et vertes d\u00e9bordant de flacons de pilules\" itemprop=\"image\" title=\"se d\u00e9barrasser en toute s\u00e9curit\u00e9 des m\u00e9dicaments sur ordonnance dans le maryland\" onerror=\"this.style.display='none'\" loading=\"lazy\" \/>\n\t<h2>Pourquoi avez-vous besoin de jeter des m\u00e9dicaments\u00a0?<\/h2>\n<p>211 Le Maryland a connu une augmentation de 57 % des appels li\u00e9s aux opio\u00efdes au cours des trois derni\u00e8res ann\u00e9es. De tous les appels de toxicomanie, la majorit\u00e9 sont \u00e0 la recherche de conseils et de traitements hospitaliers.<\/p>\n<p>Nos sp\u00e9cialistes des appels utilisent notre vaste base de donn\u00e9es de ressources essentielles pour connecter les appelants aux meilleurs programmes pour leurs besoins non satisfaits.<\/p>\n<p>Emp\u00eacher l&#039;abus de drogues de se produire est l&#039;un des meilleurs moyens de faire une diff\u00e9rence dans l&#039;\u00e9pid\u00e9mie d&#039;opio\u00efdes.<\/p>\nPourquoi se d\u00e9barrasser des m\u00e9dicaments en toute s\u00e9curit\u00e9 ?<br \/>\n1. Garde les drogues hors de port\u00e9e des adolescents ou des adultes.<br \/>\n2. Emp\u00eache qu&#039;ils soient vol\u00e9s ou vendus ill\u00e9galement.<br \/>\n2. Emp\u00eache l&#039;empoisonnement des enfants et des animaux domestiques.<br \/>\n3. Prot\u00e8ge l&#039;environnement\n\t<p>Les sites de repas d&#039;\u00e9t\u00e9 peuvent changer chaque ann\u00e9e, alors v\u00e9rifiez le\u00a0<a href=\"https:\/\/mars.msde.maryland.gov\/mars_sitesearch\/\" target=\"_blank\" rel=\"noopener\">Site de restauration du Maryland<\/a>\u00a0chaque ann\u00e9e pour les derni\u00e8res informations. Ou, v\u00e9rifiez aupr\u00e8s de votre district scolaire local pour trouver les organisations offrant des repas d&#039;\u00e9t\u00e9 gratuits pour les enfants.<\/p>\n<p>En outre, les familles peuvent \u00eatre \u00e9ligibles aux Maryland SUN Bucks. Si vous b\u00e9n\u00e9ficiez d&#039;autres prestations, vous pourriez \u00eatre automatiquement inscrit au programme $40 par mois en juin, juillet et ao\u00fbt (total $120). <a href=\"https:\/\/stg-maryland211-staging.kinsta.cloud\/resources\/children-families\/summer-programs\/\" target=\"_blank\" rel=\"noopener\">En savoir plus sur les Maryland SUN Bucks<\/a>.<\/p>\n<h2>Comment se d\u00e9barrasser des m\u00e9dicaments sur ordonnance dans le Maryland<\/h2>\n<p>Que vous ayez de vieux m\u00e9dicaments (sur ordonnance ou en vente libre) chez vous ou qu&#039;un membre de votre famille d\u00e9c\u00e9d\u00e9 ait des m\u00e9dicaments chez lui, il existe des moyens gratuits de s&#039;en d\u00e9barrasser sans les jeter \u00e0 la poubelle.<\/p>\n<h3>Obtenez un sac d&#039;\u00e9limination des m\u00e9dicaments gratuit<\/h3>\n<p>Vous pouvez vous d\u00e9barrasser des m\u00e9dicaments sur ordonnance \u00e0 la maison en prenant certaines pr\u00e9cautions, par le biais d\u2019un programme de reprise en pharmacie ou \u00e0 l\u2019aide d\u2019une pochette d\u2019\u00e9limination.<\/p>\n<p>Remplissez la pochette refermable avec le m\u00e9dicament, ajoutez un peu d\u2019eau, secouez-la et jetez la pochette.<\/p>\n<p>Le sac contient du charbon qui d\u00e9sactive le m\u00e9dicament, le rendant ainsi s\u00fbr \u00e0 jeter \u00e0 la poubelle.<\/p>\n<p><strong>LISTE<\/strong><\/p>\n<h3>Journ\u00e9e de reprise des m\u00e9dicaments<\/h3>\n<p>Chaque ann\u00e9e, il y a des \u00e9v\u00e9nements de reprise de m\u00e9dicaments o\u00f9 vous pouvez d\u00e9poser vos m\u00e9dicaments sur ordonnance pour les \u00e9liminer en toute s\u00e9curit\u00e9. Ils ont lieu chaque automne et printemps.<\/p>\n<p><a href=\"https:\/\/apps2.deadiversion.usdoj.gov\/NTBI\/NTBI-PUB.pub;jsessionid=eok_7496ISLHX1XN6KwiBJs1LFug_LlU3VoWHx7U.web1?_flowExecutionKey=_c8710170A-AC86-0E50-1E2F-F12DE4152607_k050F69E5-77E8-5CE1-21C4-8AF29D72BB29\" target=\"_blank\" rel=\"noopener\">Rechercher dans la base de donn\u00e9es de la Drug Enforcement Agency<\/a>\u00a0par code postal pour trouver un site local de reprise de m\u00e9dicaments dans le Maryland.<\/p>\n<p>Certaines pharmacies et services de police ont des bo\u00eetes \u00e0 pilules que vous pouvez utiliser \u00e0 tout moment de l&#039;ann\u00e9e.<\/p>\n<p>Les\u00a0<a href=\"https:\/\/safe.pharmacy\/drug-disposal\/results\/?address=21601&amp;distance=100\" target=\"_blank\" rel=\"noopener\">Association nationale des conseils de pharmacie<\/a>\u00a0a une recherche de code postal pour trouver une bo\u00eete d&#039;\u00e9limination locale qui est toujours disponible.<\/p>\n<p><a href=\"https:\/\/www.walgreens.com\/storelocator\/find.jsp?RxDisposal=true\" target=\"_blank\" rel=\"noopener\">Walgreens a \u00e9galement sa propre recherche de kiosques \u00e0 drogue<\/a>\u00a0qui sont disponibles pendant les heures d&#039;ouverture de la pharmacie.<\/p>\n<p>Plusieurs services de police du Maryland ont des bo\u00eetes \u00e0 m\u00e9dicaments qui permettent \u00e0 une personne d&#039;entrer et de se d\u00e9barrasser de ses m\u00e9dicaments \u00e0 tout moment.\u00a0<a href=\"https:\/\/www.rxdrugdropbox.org\/loc\/maryland\/page\/2\/\" target=\"_blank\" rel=\"noopener\">Rechercher une bo\u00eete de m\u00e9dicaments du Maryland<\/a>.<\/p>\n<p>Vous pouvez \u00e9galement\u00a0<a href=\"https:\/\/apps.deadiversion.usdoj.gov\/pubdispsearch\/spring\/main;jsessionid=fq7vl3mOzhqOw4Y5iIIJPgoCw7tEg_83X0rygMp5.web1?execution=e1s1\" target=\"_blank\" rel=\"noopener\">rechercher dans la base de donn\u00e9es sur l&#039;\u00e9limination publique des substances contr\u00f4l\u00e9es<\/a>\u00a0pour trouver un endroit pr\u00e8s de chez vous qui accepte les m\u00e9dicaments sur ordonnance.<\/p>\n\t\t\t\t<img decoding=\"async\" src=\"http:\/\/211md.org\/wp-content\/uploads\/2025\/09\/Closeup-of-pills-to-throw-away.jpg\" alt=\"Gros plan de pilules \u00e0 jeter\" itemprop=\"image\" title=\"Gros plan de pilules \u00e0 jeter\" onerror=\"this.style.display='none'\" loading=\"lazy\" \/>\n\t<h3>Comment jeter les vieux m\u00e9dicaments<\/h3>\n<p>Si vous ne trouvez pas de site d&#039;\u00e9limination des m\u00e9dicaments en cours pr\u00e8s de chez vous, que vous ne pouvez pas attendre le prochain jour de reprise et que vous n&#039;avez pas acc\u00e8s \u00e0 une pochette d&#039;\u00e9limination des m\u00e9dicaments - vous pouvez jeter certains m\u00e9dicaments dans les toilettes ou les jeter dans la poubelle.<\/p>\n<p>Encore une fois, il est pr\u00e9f\u00e9rable de les \u00e9liminer correctement si possible.<\/p>\n<p>Les m\u00e9dicaments sont achemin\u00e9s vers une usine de traitement des eaux us\u00e9es lorsqu&#039;ils sont vers\u00e9s dans l&#039;\u00e9vier ou jet\u00e9s dans les toilettes. Ces plantes ne sont pas con\u00e7ues pour \u00e9liminer syst\u00e9matiquement les m\u00e9dicaments. En cons\u00e9quence, les m\u00e9dicaments peuvent s&#039;infiltrer dans les eaux souterraines, les rivi\u00e8res et les ruisseaux et p\u00e9n\u00e9trer dans les sources d&#039;eau potable.<\/p>\n<h3>Liste de rin\u00e7age de la FDA<\/h3>\n<p>Certains m\u00e9dicaments sont si dangereux lorsqu&#039;ils sont entre de mauvaises mains et si souvent mal utilis\u00e9s que la Food and Drug Administration a cr\u00e9\u00e9 un\u00a0<a href=\"https:\/\/www.fda.gov\/drugs\/disposal-unused-medicines-what-you-should-know\/drug-disposal-fdas-flush-list-certain-medicines#FlushList\" target=\"_blank\" rel=\"noopener\">liste de rin\u00e7age approuv\u00e9e<\/a>. Ne rincez que les m\u00e9dicaments de cette liste si aucune autre option n&#039;est disponible.<\/p>\n<p>Ces m\u00e9dicaments peuvent entra\u00eener la mort \u00e0 partir d&#039;une seule dose s&#039;ils sont pris de mani\u00e8re inappropri\u00e9e. La FDA estime que le risque d&#039;exposition accidentelle l&#039;emporte de loin sur les pr\u00e9occupations environnementales pour certains m\u00e9dicaments. Il est donc pr\u00e9f\u00e9rable de vider ces m\u00e9dicaments plut\u00f4t que d&#039;attendre un jour de reprise.<\/p>\n<p>L&#039;autre option consiste \u00e0 m\u00e9langer le m\u00e9dicament avec de la liti\u00e8re pour chat ou du marc de caf\u00e9 et \u00e0 le sceller dans un r\u00e9cipient jetable. Il peut s&#039;agir d&#039;un contenant de yaourt vide ou d&#039;un sac refermable. Retirez l&#039;autocollant sur le flacon de m\u00e9dicament ou utilisez un marqueur permanent pour supprimer les informations identifiables et jetez le flacon vide s\u00e9par\u00e9ment.<\/p>\n<p>&nbsp;<\/p>\n<p>&nbsp;<\/p>\n<h2>Besoin d&#039;autre chose ?<\/h2>\n<p>Le 211 propose des milliers de ressources pour r\u00e9pondre \u00e0 d&#039;autres besoins essentiels. Obtenez de l&#039;aide pour la nourriture, le logement, les services publics et bien plus encore\u00a0!<\/p>\n<p>&nbsp;<\/p>\n\t\t\t<a href=\"\/fr\/ressources\/nourriture\/\" target=\"_self\">\n\t\t\t\t\t\ttrouver de la nourriture\n\t\t\t\t\t<\/a>\n\t\t\t<a href=\"\/fr\/ressources\/logement-refuge\/\" target=\"_self\">\n\t\t\t\t\t\ttrouver un logement\n\t\t\t\t\t<\/a>\n\t\t\t<a href=\"\/fr\/ressources\/utilities\/\" target=\"_self\">\n\t\t\t\t\t\tobtenir une aide aux services publics\n\t\t\t\t\t<\/a>\n\t\t\t<a href=\"\/fr\/ressources-par-comte\/\" target=\"_self\">\n\t\t\t\t\t\tressources par comt\u00e9\n\t\t\t\t\t<\/a>\n<h2>\n\t\t\tInformations connexes \t<\/h2>\n\t<h2>explorer les programmes d&#039;assistance<\/h2>\n<p>Renseignez-vous sur les programmes d\u2019avantages sociaux et sur la fa\u00e7on d\u2019obtenir de l\u2019aide.<\/p>\n\t\t<h3><a href=\"\/fr\/ressources\/nourriture\/\" target=\"_self\">Nourriture<\/a><\/h3><p>Nourriture gratuite pr\u00e8s de chez moi, garde-manger, SNAP, WIC, \u00e9conomies sur les courses<\/p>\n<a href=\"\/fr\/ressources\/nourriture\/\"  target=\"_self\">Apprendre encore plus<\/a>\t\n\t\t\t\t<a href=\"\/fr\/ressources\/nourriture\/\"  target=\"_self\" itemprop=\"url\">\n\t\t\t\t<img decoding=\"async\" src=\"https:\/\/211md.org\/wp-content\/uploads\/bb-plugin\/cache\/2025_MdInfoNet_Icon-Sets-white_food-square-dfa1c607bcdb6b34735ae61e84e21386-.png\" alt=\"2025_MdInfoNet_Ensembles d&#039;ic\u00f4nes-blanc_alimentaire\" itemprop=\"image\" title=\"2025_MdInfoNet_Ensembles d&#039;ic\u00f4nes-blanc_alimentaire\" onerror=\"this.style.display='none'\" loading=\"lazy\" \/>\n\t\t\t\t<\/a>\n\t\t<h3><a href=\"\/fr\/ressources\/assistance-utilitaire\/\" target=\"_self\">Utilitaires<\/a><\/h3><p>Programmes d&#039;aide aux factures d&#039;\u00e9lectricit\u00e9, de gaz et d&#039;eau<\/p>\n<a href=\"\/fr\/ressources\/assistance-utilitaire\/\"  target=\"_self\">Apprendre encore plus<\/a>\t\n\t\t\t\t<a href=\"\/fr\/ressources\/assistance-utilitaire\/\"  target=\"_self\" itemprop=\"url\">\n\t\t\t\t<img decoding=\"async\" src=\"https:\/\/211md.org\/wp-content\/uploads\/bb-plugin\/cache\/2025_MdInfoNet_Icon-Sets-white_Utilities-square-485aa1950491235898117da61fd0a70a-.png\" alt=\"2025_MdInfoNet_Ensembles d&#039;ic\u00f4nes-blanc_Utilitaires\" itemprop=\"image\" title=\"2025_MdInfoNet_Ensembles d&#039;ic\u00f4nes-blanc_Utilitaires\" onerror=\"this.style.display='none'\" loading=\"lazy\" \/>\n\t\t\t\t<\/a>\n\t\t\t\t<a href=\"\/fr\/ressources\/logement-refuge\/\"  target=\"_self\" itemprop=\"url\">\n\t\t\t\t<img decoding=\"async\" src=\"https:\/\/211md.org\/wp-content\/uploads\/bb-plugin\/cache\/2025_MdInfoNet_Icon-Sets-white_Housing-square-5b4ab26c33cdf5bd88fd6164be4cc0b8-.png\" alt=\"2025_MdInfoNet_Ensembles d&#039;ic\u00f4nes-blanc_Logement\" itemprop=\"image\" title=\"2025_MdInfoNet_Ensembles d&#039;ic\u00f4nes-blanc_Logement\" onerror=\"this.style.display='none'\" loading=\"lazy\" \/>\n\t\t\t\t<\/a>\n\t\t<h3><a href=\"\/fr\/ressources\/logement-refuge\/\" target=\"_self\">Logement<\/a><\/h3><p>Paiements de loyer, pr\u00e9vention des expulsions, refuges pour sans-abri<\/p>\n<a href=\"\/fr\/ressources\/logement-refuge\/\"  target=\"_self\">Apprendre encore plus<\/a>\t\n\t\t\t\t<a href=\"\/fr\/ressources\/nouveau-aux-etats-unis-et-au-maryland\/\"  target=\"_self\" itemprop=\"url\">\n\t\t\t\t<img decoding=\"async\" src=\"https:\/\/211md.org\/wp-content\/uploads\/bb-plugin\/cache\/2025_MdInfoNet_Icon-Sets-white_Immigration-square-71ef90812193ac6d0e3edc3e61891f7f-.png\" alt=\"2025_MdInfoNet_Ensembles d&#039;ic\u00f4nes-blanc_Immigration\" itemprop=\"image\" title=\"2025_MdInfoNet_Ensembles d&#039;ic\u00f4nes-blanc_Immigration\" onerror=\"this.style.display='none'\" loading=\"lazy\" \/>\n\t\t\t\t<\/a>\n\t\t<h3><a href=\"\/fr\/ressources\/nouveau-aux-etats-unis-et-au-maryland\/\" target=\"_self\">Immigration<\/a><\/h3><p>Aide \u00e0 l&#039;immigration pour les nouveaux Am\u00e9ricains et les r\u00e9fugi\u00e9s<\/p>\n<a href=\"\/fr\/ressources\/nouveau-aux-etats-unis-et-au-maryland\/\"  target=\"_self\">Apprendre encore plus<\/a>\t\n\t\t<h4><a href=\"\/fr\/ressources\/vieillissement-handicap\/\" target=\"_self\">Vieillissement &amp; Handicap<\/a><\/h4>\n\t\t\t\t<a href=\"\/fr\/ressources\/vieillissement-handicap\/\"  target=\"_self\" itemprop=\"url\">\n\t\t\t\t<img decoding=\"async\" src=\"https:\/\/211md.org\/wp-content\/uploads\/bb-plugin\/cache\/2025_MdInfoNet_Icon-Sets_Aging-disability-square-c466727102cae71e5f27b8539bb51945-.png\" alt=\"2025_MdInfoNet_Ensembles d&#039;ic\u00f4nes_Vieillissement-handicap\" itemprop=\"image\" title=\"2025_MdInfoNet_Ensembles d&#039;ic\u00f4nes_Vieillissement-handicap\" onerror=\"this.style.display='none'\" loading=\"lazy\" \/>\n\t\t\t\t<\/a>\n\t\t<h4><a href=\"https:\/\/211md.org\/fr\/ressources\/enfants-familles\/\" target=\"_blank\" rel=\"noopener\">Enfants et familles<\/a><\/h4>\n\t\t\t\t<a href=\"https:\/\/211md.org\/fr\/ressources\/enfants-familles\/\" target=\"_blank\" rel=\"noopener\" itemprop=\"url\">\n\t\t\t\t<img decoding=\"async\" src=\"https:\/\/211md.org\/wp-content\/uploads\/bb-plugin\/cache\/2025_211_Icon-Sets_Child-care-square-a8953c7678f51ed443764342b64ee948-.png\" alt=\"2025_211_Ensembles d&#039;ic\u00f4nes_Garde d&#039;enfants\" itemprop=\"image\" title=\"2025_211_Ensembles d&#039;ic\u00f4nes_Garde d&#039;enfants\" onerror=\"this.style.display='none'\" loading=\"lazy\" \/>\n\t\t\t\t<\/a>\n\t\t<h4><a href=\"\/fr\/ressources\/violence-familiale-domestique\/\" target=\"_self\">Violence Domestique<\/a><\/h4>\n\t\t\t\t<a href=\"\/fr\/ressources\/violence-familiale-domestique\/\"  target=\"_self\" itemprop=\"url\">\n\t\t\t\t<img decoding=\"async\" src=\"https:\/\/211md.org\/wp-content\/uploads\/bb-plugin\/cache\/2025_211_Icon-Sets_Domestic-Violence-square-e6e48b12d9d44dadd394e0d40debfd96-.png\" alt=\"Ic\u00f4ne de violence domestique\" itemprop=\"image\" title=\"2025_211_Ensembles d&#039;ic\u00f4nes_Violence domestique\" onerror=\"this.style.display='none'\" loading=\"lazy\" \/>\n\t\t\t\t<\/a>\n\t\t<h4><a href=\"\/fr\/ressources\/recherche-demploi\/\" target=\"_self\">Emploi<\/a><\/h4>\n\t\t\t\t<a href=\"\/fr\/ressources\/recherche-demploi\/\"  target=\"_self\" itemprop=\"url\">\n\t\t\t\t<img decoding=\"async\" src=\"https:\/\/211md.org\/wp-content\/uploads\/bb-plugin\/cache\/2025_MdInfoNet_Icon-Sets_Employment-square-44707bd410e4df10a470bf130ebcea86-.png\" alt=\"2025_MdInfoNet_Ensembles d&#039;ic\u00f4nes_Emploi\" itemprop=\"image\" title=\"2025_MdInfoNet_Ensembles d&#039;ic\u00f4nes_Emploi\" onerror=\"this.style.display='none'\" loading=\"lazy\" \/>\n\t\t\t\t<\/a>\n\t\t<h4><a href=\"\/fr\/ressources\/soins-de-sante\/\" target=\"_self\">Soins de sant\u00e9<\/a><\/h4>\n\t\t\t\t<a href=\"\/fr\/ressources\/soins-de-sante\/\"  target=\"_self\" itemprop=\"url\">\n\t\t\t\t<img decoding=\"async\" src=\"https:\/\/211md.org\/wp-content\/uploads\/bb-plugin\/cache\/2025_MdInfoNet_Icon-Sets_Health-Care-square-dee98a0060cbe0e7f27eda253fc12679-.png\" alt=\"2025_MdInfoNet_Ensembles d&#039;ic\u00f4nes_Soins de sant\u00e9\" itemprop=\"image\" title=\"2025_MdInfoNet_Ensembles d&#039;ic\u00f4nes_Soins de sant\u00e9\" onerror=\"this.style.display='none'\" loading=\"lazy\" \/>\n\t\t\t\t<\/a>\n\t\t<h4><a href=\"\/fr\/ressources\/enfants-familles\/parente\/\" target=\"_self\">Parent\u00e9<\/a><\/h4>\n\t\t\t\t<a href=\"\/fr\/ressources\/enfants-familles\/parente\/\"  target=\"_self\" itemprop=\"url\">\n\t\t\t\t<img decoding=\"async\" src=\"https:\/\/211md.org\/wp-content\/uploads\/bb-plugin\/cache\/2025_211_Icon-Sets_Kinship-square-21d4c353354c53c083c80118abb066f2-.png\" alt=\"Ic\u00f4ne de parent\u00e9\" itemprop=\"image\" title=\"2025_211_Ensembles d&#039;ic\u00f4nes_Parent\u00e9\" onerror=\"this.style.display='none'\" loading=\"lazy\" \/>\n\t\t\t\t<\/a>\n\t\t<h4><a href=\"\/fr\/ressources\/services-juridiques\/\" target=\"_self\">Services juridiques<\/a><\/h4>\n\t\t\t\t<a href=\"\/fr\/ressources\/services-juridiques\/\"  target=\"_self\" itemprop=\"url\">\n\t\t\t\t<img decoding=\"async\" src=\"https:\/\/211md.org\/wp-content\/uploads\/bb-plugin\/cache\/2025_MdInfoNet_Icon-Sets_Legal-square-18fdf438feb8435588174d9046463257-.png\" alt=\"2025_MdInfoNet_Ensembles d&#039;ic\u00f4nes_L\u00e9gal\" itemprop=\"image\" title=\"2025_MdInfoNet_Ensembles d&#039;ic\u00f4nes_L\u00e9gal\" onerror=\"this.style.display='none'\" loading=\"lazy\" \/>\n\t\t\t\t<\/a>\n\t\t<h4><a href=\"\/fr\/ressources\/sante-mentale\/\" target=\"_self\">Sant\u00e9 mentale<\/a><\/h4>\n\t\t\t\t<a href=\"\/fr\/ressources\/sante-mentale\/\"  target=\"_self\" itemprop=\"url\">\n\t\t\t\t<img decoding=\"async\" src=\"https:\/\/211md.org\/wp-content\/uploads\/bb-plugin\/cache\/2025_MdInfoNet_Icon-Sets_Mental-Health-square-c59b38c4a993a947d4c9280fbe2d2fee-.png\" alt=\"2025_MdInfoNet_Ensembles d&#039;ic\u00f4nes_Sant\u00e9 mentale\" itemprop=\"image\" title=\"2025_MdInfoNet_Ensembles d&#039;ic\u00f4nes_Sant\u00e9 mentale\" onerror=\"this.style.display='none'\" loading=\"lazy\" \/>\n\t\t\t\t<\/a>\n\t\t<h4><a href=\"\/fr\/ressources\/mdreentry\/\" target=\"_self\">Rentr\u00e9e<\/a><\/h4>\n\t\t\t\t<a href=\"\/fr\/ressources\/mdreentry\/\"  target=\"_self\" itemprop=\"url\">\n\t\t\t\t<img decoding=\"async\" src=\"https:\/\/211md.org\/wp-content\/uploads\/bb-plugin\/cache\/2025_211_Icon-Sets_Reentry-square-f36b65d903a62fd4c3819ff05988ca60-.png\" alt=\"Ic\u00f4ne de rentr\u00e9e\" itemprop=\"image\" title=\"2025_211_Ensembles d&#039;ic\u00f4nes_R\u00e9entr\u00e9e\" onerror=\"this.style.display='none'\" loading=\"lazy\" \/>\n\t\t\t\t<\/a>\n\t\t<h4><a href=\"\/fr\/ressources\/consommation-de-substances\/\" target=\"_self\">Consommation de substances<\/a><\/h4>\n\t\t\t\t<a href=\"\/fr\/ressources\/consommation-de-substances\/\"  target=\"_self\" itemprop=\"url\">\n\t\t\t\t<img decoding=\"async\" src=\"https:\/\/211md.org\/wp-content\/uploads\/bb-plugin\/cache\/2025_MdInfoNet_Icon-Sets_Substance-Abuse-square-9022fec9d18a64118ad685c101885b55-.png\" alt=\"2025_MdInfoNet_Ensembles d&#039;ic\u00f4nes_Abus de substances\" itemprop=\"image\" title=\"2025_MdInfoNet_Ensembles d&#039;ic\u00f4nes_Abus de substances\" onerror=\"this.style.display='none'\" loading=\"lazy\" \/>\n\t\t\t\t<\/a>\n\t\t<h4><a href=\"\/fr\/ressources\/anciens-combattants\/\" target=\"_self\">anciens combattants<\/a><\/h4>\n\t\t\t\t<a href=\"\/fr\/ressources\/anciens-combattants\/\"  target=\"_self\" itemprop=\"url\">\n\t\t\t\t<img decoding=\"async\" src=\"https:\/\/211md.org\/wp-content\/uploads\/bb-plugin\/cache\/2025_MdInfoNet_Icon-Sets_Rating-square-6e60d00cce4faa8e0a6d4ad7366aa733-.png\" alt=\"2025_MdInfoNet_Ensembles d&#039;ic\u00f4nes_\u00c9valuation\" itemprop=\"image\" title=\"2025_MdInfoNet_Ensembles d&#039;ic\u00f4nes_\u00c9valuation\" onerror=\"this.style.display='none'\" loading=\"lazy\" \/>\n\t\t\t\t<\/a>","protected":false},"excerpt":{"rendered":"<p>Avez-vous des m\u00e9dicaments sur ordonnance ou en vente libre p\u00e9rim\u00e9s, non utilis\u00e9s ou non utilis\u00e9s dans votre armoire \u00e0 pharmacie\u00a0? Une \u00e9limination s\u00fbre des m\u00e9dicaments peut contribuer \u00e0 pr\u00e9venir la consommation d&#039;opio\u00efdes. Selon l&#039;Enqu\u00eate nationale sur la consommation de drogues et la sant\u00e9 de 2018, 9,9 millions d&#039;Am\u00e9ricains abusent des m\u00e9dicaments sur ordonnance, la majorit\u00e9 provenant de leur famille, de leurs amis et du personnel soignant\u2026<\/p>","protected":false},"author":8,"featured_media":2105,"parent":837,"menu_order":0,"comment_status":"closed","ping_status":"closed","template":"","meta":{"footnotes":""},"class_list":["post-1116","page","type-page","status-publish","has-post-thumbnail","hentry"],"_links":{"self":[{"href":"https:\/\/211md.org\/fr\/wp-json\/wp\/v2\/pages\/1116","targetHints":{"allow":["GET"]}}],"collection":[{"href":"https:\/\/211md.org\/fr\/wp-json\/wp\/v2\/pages"}],"about":[{"href":"https:\/\/211md.org\/fr\/wp-json\/wp\/v2\/types\/page"}],"author":[{"embeddable":true,"href":"https:\/\/211md.org\/fr\/wp-json\/wp\/v2\/users\/8"}],"replies":[{"embeddable":true,"href":"https:\/\/211md.org\/fr\/wp-json\/wp\/v2\/comments?post=1116"}],"version-history":[{"count":6,"href":"https:\/\/211md.org\/fr\/wp-json\/wp\/v2\/pages\/1116\/revisions"}],"predecessor-version":[{"id":33798,"href":"https:\/\/211md.org\/fr\/wp-json\/wp\/v2\/pages\/1116\/revisions\/33798"}],"up":[{"embeddable":true,"href":"https:\/\/211md.org\/fr\/wp-json\/wp\/v2\/pages\/837"}],"wp:featuredmedia":[{"embeddable":true,"href":"https:\/\/211md.org\/fr\/wp-json\/wp\/v2\/media\/2105"}],"wp:attachment":[{"href":"https:\/\/211md.org\/fr\/wp-json\/wp\/v2\/media?parent=1116"}],"curies":[{"name":"wp","href":"https:\/\/api.w.org\/{rel}","templated":true}]}}