{"id":1130,"date":"2021-04-19T16:48:43","date_gmt":"2021-04-19T16:48:43","guid":{"rendered":"https:\/\/211md.org\/?page_id=1130"},"modified":"2025-09-10T12:47:04","modified_gmt":"2025-09-10T16:47:04","slug":"prevention-du-suicide","status":"publish","type":"page","link":"https:\/\/211md.org\/fr\/resources\/mental-health\/suicide-prevention\/","title":{"rendered":"Comment pr\u00e9venir le suicide en en parlant avec des adolescents et des adultes"},"content":{"rendered":"<img decoding=\"async\" src=\"https:\/\/stg-maryland211-staging.kinsta.cloud\/wp-content\/uploads\/2025\/08\/5-1-scaled.png\" alt=\"5\" itemprop=\"image\" height=\"692\" width=\"2560\" title=\"5\" onerror=\"this.style.display='none'\" loading=\"lazy\" \/>\n\t\t<h1><a href=\"#start\" target=\"_self\">En-t\u00eate de page par d\u00e9faut<\/a><\/h1><p>Des conversations franches peuvent contribuer \u00e0 pr\u00e9venir le suicide. En parler contribue \u00e0 briser les stigmates et les obstacles li\u00e9s \u00e0 la sant\u00e9 mentale.<\/p>\n<p>Apprenez les questions \u00e0 poser et si quelqu&#039;un a besoin d&#039;aide imm\u00e9diate, appelez le 988 pour parler \u00e0 quelqu&#039;un 24h\/24 et 7j\/7.<\/p>\n\t\t\t<a href=\"#start\" target=\"_self\">\n\t\t\t\t\t\tCommencer\n\t\t\t\t\t<\/a>\n\t\t\t\t<img decoding=\"async\" src=\"https:\/\/211md.org\/wp-content\/plugins\/bb-plugin\/img\/pixel.png\" alt=\"\" itemprop=\"image\" onerror=\"this.style.display='none'\" loading=\"lazy\" \/>\n\t\t\t\t<img decoding=\"async\" src=\"https:\/\/stg-maryland211-staging.kinsta.cloud\/wp-content\/uploads\/2025\/08\/16.png\" alt=\"16\" itemprop=\"image\" height=\"1000\" width=\"1000\" title=\"16\" onerror=\"this.style.display='none'\" loading=\"lazy\" \/>\n\t\t\t\t<img decoding=\"async\" src=\"http:\/\/211md.org\/wp-content\/uploads\/2023\/09\/Mom-comforting-daughter-struggling-with-mental-health.jpg\" alt=\"Maman r\u00e9conforte sa fille aux prises avec des probl\u00e8mes de sant\u00e9 physique\" itemprop=\"image\" title=\"Une m\u00e8re r\u00e9conforte sa fille aux prises avec des probl\u00e8mes de sant\u00e9 mentale\" onerror=\"this.style.display='none'\" loading=\"lazy\" \/>\n\t<h2>Parler du suicide<\/h2>\n<p>Il peut sembler difficile de parler de suicide, mais en parler peut le pr\u00e9venir.<\/p>\n<p>Commencez une conversation avec toute personne qui semble :<\/p>\n<ul>\n<li>vers le bas<\/li>\n<li>triste<\/li>\n<li>solitaire<\/li>\n<li>peu int\u00e9ress\u00e9 par les activit\u00e9s normales ou les r\u00e9unions<\/li>\n<\/ul>\n<p>Contactez-les et demandez-leur comment ils vont.<\/p>\n<p>Sur \u00ab\u00a0Qu&#039;est-ce que le 211\u00a0?\u00a0\u00bb podcast, Brandon Johnson, MSH,\u00a0<a href=\"https:\/\/211md.org\/fr\/podcast\/black-mental-wellness-lounge\/\" target=\"_blank\" rel=\"noopener\">h\u00f4te de The Black Mental Wellness Lounge sur YouTube<\/a>, a parl\u00e9 de la r\u00e9ticence \u00e0 parler du suicide.<\/p>\n<blockquote><p>Le suicide est un sujet tellement lourd. Je le comprends parfaitement, mais comme nous constatons une augmentation continue des taux dans certaines communaut\u00e9s, il est important de comprendre que les id\u00e9es suicidaires sont bien r\u00e9elles.<\/p><\/blockquote>\n\t<p>Lorsque vous parlez de suicide, choisissez vos mots avec soin. En adaptant le langage, vous vous assurez que les gens se sentent \u00e0 l&#039;aise pour aborder le sujet et ressentent de l&#039;espoir.<\/p>\n<blockquote><p>\u00ab \u2026nous voulons changer le langage. Pour que les gens aient le sentiment de pouvoir discuter en toute s\u00e9curit\u00e9, sans \u00eatre bless\u00e9s, d&#039;abord par le langage, avant m\u00eame d&#039;avoir l&#039;occasion de d\u00e9couvrir le potentiel d&#039;espoir et de gu\u00e9rison \u00bb, a expliqu\u00e9 Johnson.<\/p><\/blockquote>\n<p>\u00c9vitez \u00e9galement les caract\u00e9risations g\u00e9n\u00e9rales et l&#039;argot. Johnson a expliqu\u00e9\u00a0:<\/p>\n<blockquote><p>On peut donc dire que cette personne souffre de TOC, qu&#039;elle est bipolaire ou schizophr\u00e8ne, sans vraiment prendre en compte ce que cela signifie r\u00e9ellement et \u00e0 quel point cela est stigmatisant pour une personne potentiellement bipolaire. Qui pourrait \u00eatre schizophr\u00e8ne ou souffrant de TOC\u00a0? Banaliser leurs exp\u00e9riences en utilisant un terme d&#039;argot, g\u00e9n\u00e9ralement interrogatif, peut \u00eatre pr\u00e9judiciable, allant jusqu&#039;aux id\u00e9es suicidaires.<\/p><\/blockquote>\n\t<h2>Besoin de parler?\u00a0<\/h2>\n<p>&nbsp;<\/p>\n\t<h3><img loading=\"lazy\" decoding=\"async\" src=\"http:\/\/211md.org\/wp-content\/uploads\/2025\/08\/2025_MdInfoNet_Icon-Sets-white_Phone-150x150.png\" alt=\"\" width=\"150\" height=\"150\" \/>Appelez ou envoyez un SMS au 988<\/h3>\n\t\t\t<a href=\"https:\/\/988lifeline.org\/chat\/\" target=\"_blank\" rel=\"noopener\">\n\t\t\t\t\t\t\tDiscutez maintenant (anglais)\n\t\t\t\t\t<\/a>\n\t\t\t<a href=\"https:\/\/988lifeline.org\/es\/chat\/\" target=\"_blank\" rel=\"noopener\">\n\t\t\t\t\t\t\tCh\u00e2teau Ahora (espagnol)\n\t\t\t\t\t<\/a>\n\t<p>Toute personne ayant besoin d\u2019aide en mati\u00e8re de sant\u00e9 mentale ou de toxicomanie peut appeler le 988. <a href=\"https:\/\/health.maryland.gov\/bha\/Pages\/988md.aspx\" target=\"_blank\" rel=\"noopener\">En savoir plus sur le 988 dans le Maryland<\/a>.<\/p>\n\t<h2>Parler aux adolescents<\/h2>\n<p>Il peut \u00eatre difficile de parler avec un adolescent car il traverse beaucoup de difficult\u00e9s sociales, \u00e9motionnelles et mentales.<\/p>\n<p>S\u2019ils ont du mal \u00e0 g\u00e9rer ce qu\u2019ils ressentent \u00e0 propos d\u2019eux-m\u00eames, il peut \u00eatre encore plus difficile d\u2019avoir ces conversations.<\/p>\n<p><a href=\"https:\/\/211md.org\/fr\/blog\/episode-11-prevention-du-suicide-avec-la-fondation-liveforthomas\/\" target=\"_blank\" rel=\"noopener\">Amy Ocasio de la Fondation LIVEFORTHOMAS<\/a> a parl\u00e9 de la difficult\u00e9 de parler \u00e0 ses enfants.<\/p>\n<blockquote><p>J&#039;ai donc eu du mal \u00e0 trouver cet \u00e9quilibre, car j&#039;ai appris avec mes deux enfants que si je les laissais venir \u00e0 moi, ils parleraient. Si je commen\u00e7ais \u00e0 poser des questions, ils se fermaient.<\/p>\n<p>Il s&#039;agissait donc de trouver l&#039;\u00e9quilibre\u00a0: \u00e0 quel point je pousse et quand je me retire\u00a0?<\/p><\/blockquote>\n<p>Elle a soulign\u00e9 l&#039;importance du langage et de l&#039;empathie en tant que parent. Elle a expliqu\u00e9 qu&#039;il \u00e9tait important de ne pas sous-estimer, minimiser ou minimiser les propos de son enfant. Parfois, ce qui peut para\u00eetre anodin pour un adulte peut avoir une importance capitale pour un enfant.<\/p>\n<blockquote><p>\u00ab Vous savez, \u00e9coutez simplement. Vous n&#039;avez m\u00eame pas besoin de comprendre, d&#039;accord, je ne comprends pas pourquoi c&#039;est si grave, mais vous savez que c&#039;est le cas pour mon enfant. Alors laissez-moi en savoir plus sur ce qui se passe et leur demander, vous savez, qu&#039;est-ce que vous attendez de moi ? Par exemple, qu\u2019est-ce qui vous sera utile dans cette situation\u00a0?\u00a0\u00bb Ocasio a expliqu\u00e9.<\/p><\/blockquote>\n<p>L&#039;adolescence est une p\u00e9riode de risques et d&#039;opportunit\u00e9s. Le suicide est l&#039;un de ces risques. Selon les Centres pour le contr\u00f4le et la pr\u00e9vention des maladies (CDC), il est la deuxi\u00e8me cause de d\u00e9c\u00e8s chez les jeunes de 10 \u00e0 24 ans.<\/p>\n<p>Un enfant qui n&#039;a jamais eu \u00e0 g\u00e9rer sa sant\u00e9 mentale auparavant peut rencontrer des difficult\u00e9s \u00e0 l&#039;adolescence. Les pressions sociales, le harc\u00e8lement et la sexualit\u00e9 en sont autant de raisons.<\/p>\n<p>Parlez \u00e0 vos adolescents de leur sant\u00e9 mentale et recherchez les signes avant-coureurs d\u2019un probl\u00e8me de sant\u00e9 comportementale.<\/p>\n<p>S&#039;ils ont besoin d&#039;aide, contactez-les au 988.<\/p>\n\t\t\t\t<a href=\"https:\/\/search.988.mdinfonet.org\/\" target=\"_blank\" rel=\"noopener\" itemprop=\"url\">\n\t\t\t\t<img decoding=\"async\" src=\"https:\/\/stg-maryland211-staging.kinsta.cloud\/wp-content\/uploads\/2025\/08\/2025_MdInfoNet_Icon-Sets-white_Locate.png\" alt=\"\" itemprop=\"image\" onerror=\"this.style.display='none'\" loading=\"lazy\" \/>\n\t\t\t\t<\/a>\n<h2><a href=\"https:\/\/search.988.mdinfonet.org\/\" target=\"_blank\" rel=\"noopener\">Trouver des ressources en sant\u00e9 mentale<\/a><\/h2><p>Recherchez dans la base de donn\u00e9es de ressources en mati\u00e8re de sant\u00e9 comportementale la plus compl\u00e8te de l&#039;\u00c9tat, qui propose des filtres disponibles par type de paiement, \u00e2ge, type de support et langue.<\/p>\n\t\t\t<a href=\"https:\/\/search.988.mdinfonet.org\/\" target=\"_blank\" rel=\"noopener\">\n\t\t\t\t\t\t\tRechercher maintenant\n\t\t\t<\/a>\n<h2>Questions \u00e0 poser sur la sant\u00e9 mentale<\/h2>\n<p>Avant de commencer la conversation, cr\u00e9ez un espace de discussion s\u00fbr et soyez pr\u00eat \u00e0 \u00e9couter.<\/p>\n<p>Posez des questions ouvertes et d\u00e9marrez la conversation avec une phrase comme \u00ab J\u2019ai remarqu\u00e9 \u00bb.<\/p>\n<p>Le Maryland Department of Health et le Maryland Office of Suicide Prevention recommandent des phrases comme celles-ci :<\/p>\n<ul>\n<li>Nous n&#039;avons pas parl\u00e9 depuis un moment. Comment vas-tu?<\/li>\n<li>Vous semblez d\u00e9prim\u00e9 ces derniers temps. Que se passe-t-il?<\/li>\n<li>Je m&#039;inqui\u00e8te pour toi. Quelque chose ne va pas? Je veux \u00eatre l\u00e0 pour toi.<\/li>\n<li>Tu n&#039;es plus toi-m\u00eame ces derniers temps. \u00cates-vous ok?<\/li>\n<li>Y a-t-il quelque chose dont vous voudriez parler ?<\/li>\n<\/ul>\n<p>Il est essentiel d&#039;\u00e9couter et de montrer que vous vous souciez de vous. Soutenez un membre de votre famille ou un ami en vous r\u00e9unissant avec eux ou en prenant de leurs nouvelles.<\/p>\n<p>On ne s&#039;attend pas \u00e0 ce que vous donniez des conseils, mais vous pouvez les orienter vers des professionnels ou des ressources gratuites et confidentielles comme le 988.<\/p>\n<p>&nbsp;<\/p>\n\t\t\t\t<img decoding=\"async\" src=\"http:\/\/211md.org\/wp-content\/uploads\/2025\/06\/Dad-talking-and-supporting-his-teen.jpg\" alt=\"Un p\u00e8re parle et soutient son adolescent\" itemprop=\"image\" title=\"Un p\u00e8re parle et soutient son adolescent\" onerror=\"this.style.display='none'\" loading=\"lazy\" \/>\n\t\t\t\t<img decoding=\"async\" src=\"http:\/\/211md.org\/wp-content\/uploads\/2025\/09\/Diverse-and-LGBTQ-teens.jpg\" alt=\"Adolescents divers et LGBTQ\" itemprop=\"image\" title=\"Adolescents divers et LGBTQ\" onerror=\"this.style.display='none'\" loading=\"lazy\" \/>\n\t<h3>Comment parler aux jeunes LGBTQ+<\/h3>\n<p>Au moins un jeune LGBTQ+ \u00e2g\u00e9 de 13 \u00e0 24 ans tente de se suicider toutes les 45 secondes aux \u00c9tats-Unis.<\/p>\n<p>Lorsque quelqu&#039;un vient \u00e0 vous, soutenez-le, montrez-lui de l&#039;amour et soyez pr\u00e9sent.<\/p>\n<p>Le Maryland Department of Health, Office of Suicide Prevention sugg\u00e8re des phrases de soutien telles que\u00a0:<\/p>\n<ul>\n<li>\u00abMerci d&#039;avoir partag\u00e9 avec moi. Que signifie pour vous votre identit\u00e9 ?<\/li>\n<li>&quot;Je suis tellement heureuse que tu me l&#039;aies dit, et je veux que tu saches que cela ne changera en rien notre relation.&quot;<\/li>\n<li>&quot;Je suis vraiment excit\u00e9 pour toi.&quot;<\/li>\n<\/ul>\n<p>Assurez-vous d&#039;envoyer du soutien, plut\u00f4t que de nier ce que la personne vous a dit. Ne l&#039;appelez pas une phase. Montrez votre soutien et \u00e9coutez.<\/p>\n<p>Utilisez \u00e9galement un langage d\u2019affirmation LGBTQ+ dans vos conversations avec les autres. \u00c9liminez le langage genr\u00e9 comme \u00ab vous les gars \u00bb et remplacez-le par \u00ab vous tous \u00bb.<\/p>\n\t<h3>Obtenez de l&#039;aide aupr\u00e8s de th\u00e9rapeutes professionnels<\/h3>\n<p>Bien qu\u2019il soit essentiel de communiquer avec ses amis et de v\u00e9rifier leur sant\u00e9 mentale, consultez un expert si vous avez une inqui\u00e9tude.<\/p>\n<p>La psychoth\u00e9rapie, ou \u00ab th\u00e9rapie par la parole \u00bb, peut r\u00e9duire efficacement le risque de suicide. Un type est appel\u00e9 th\u00e9rapie cognitivo-comportementale (TCC). La TCC peut aider les gens \u00e0 apprendre de nouvelles fa\u00e7ons de g\u00e9rer les exp\u00e9riences stressantes en les entra\u00eenant \u00e0 envisager des actions alternatives lorsque des pens\u00e9es suicidaires surgissent.<\/p>\n<p>Un autre type de psychoth\u00e9rapie, appel\u00e9 th\u00e9rapie comportementale dialectique (TCD), s&#039;est av\u00e9r\u00e9 efficace pour r\u00e9duire le taux de suicide chez les personnes atteintes de trouble de la personnalit\u00e9 limite, une maladie mentale grave caract\u00e9ris\u00e9e par des humeurs, des relations, une image de soi et un comportement instables.<\/p>\n<p>Un th\u00e9rapeute form\u00e9 en TCD aide une personne \u00e0 reconna\u00eetre quand ses sentiments ou ses actions sont perturbateurs ou malsains et lui enseigne les comp\u00e9tences n\u00e9cessaires pour mieux g\u00e9rer les situations bouleversantes.<\/p>\n<p>&nbsp;<\/p>\n<h2>Vous avez une autre pr\u00e9occupation?<\/h2>\n<p>Le 211 propose des informations et des orientations pour d&#039;autres probl\u00e8mes de sant\u00e9 mentale et besoins essentiels. D\u00e9couvrez ces autres programmes d&#039;aide.<\/p>\n<p>&nbsp;<\/p>\n\t\t\t<a href=\"\/fr\/ressources\/consommation-de-substances\/\" target=\"_self\">\n\t\t\t\t\t\tConsommation de substances\n\t\t\t\t\t<\/a>\n\t\t\t<a href=\"\/fr\/ressources\/sante-mentale\/depression\/\" target=\"_self\">\n\t\t\t\t\t\tInformations sur la d\u00e9pression\n\t\t\t\t\t<\/a>\n\t\t\t<a href=\"\/fr\/ressources\/anciens-combattants\/sante-mentale-pour-anciens-combattants\/\" target=\"_self\">\n\t\t\t\t\t\tSant\u00e9 mentale des v\u00e9t\u00e9rans \n\t\t\t\t\t<\/a>\n\t\t\t<a href=\"\/fr\/ressources\/nourriture\/\" target=\"_self\">\n\t\t\t\t\t\tNourriture\n\t\t\t\t\t<\/a>\n\t\t\t<a href=\"\/fr\/ressources\/logement-refuge\/\" target=\"_self\">\n\t\t\t\t\t\tLogement\n\t\t\t\t\t<\/a>\n<h2>Trouver du soutien en mati\u00e8re de sant\u00e9 mentale<\/h2>\n<p>Appelez ou envoyez un SMS au 988 pour une assistance imm\u00e9diate.<\/p>\n<p>Vous pouvez \u00e9galement trouver un soutien professionnel en mati\u00e8re de sant\u00e9 mentale \u00e0 proximit\u00e9 en recherchant dans la base de donn\u00e9es de ressources de sant\u00e9 comportementale 988, aliment\u00e9e par Maryland Information Network.<\/p>\n\t\t\t<a href=\"https:\/\/search.988.mdinfonet.org\/\" target=\"_blank\" rel=\"noopener\">\n\t\t\t\t\t\tRechercher des ressources en sant\u00e9 mentale\n\t\t\t\t\t<\/a>\n\t\t\t\t<img decoding=\"async\" src=\"http:\/\/211md.org\/wp-content\/uploads\/2023\/07\/Black-man-talking-to-a-mental-health-counselor.jpg\" alt=\"Homme noir parlant \u00e0 un conseiller en sant\u00e9 mentale\" itemprop=\"image\" title=\"Homme noir parlant \u00e0 un conseiller en sant\u00e9 mentale\" onerror=\"this.style.display='none'\" loading=\"lazy\" \/>\n\t\t\t\t<img decoding=\"async\" src=\"http:\/\/211md.org\/wp-content\/uploads\/2025\/09\/Teen-texting.jpg\" alt=\"SMS pour adolescents\" itemprop=\"image\" title=\"SMS pour adolescents\" onerror=\"this.style.display='none'\" loading=\"lazy\" \/>\n<h3>Soutien continu<\/h3>\n<p>Les jeunes peuvent trouver du soutien dans un programme g\u00e9n\u00e9ral de sant\u00e9 comportementale ou <a href=\"https:\/\/211md.org\/fr\/healthcheck\/\">programme de pr\u00e9vention du suicide<\/a>\u00a0ou via un programme destin\u00e9 aux adolescents comme MDYoungMinds ou Taking Flight.<\/p>\n<h3>Jeunesse<\/h3>\n<p><a href=\"https:\/\/211md.org\/fr\/about\/des-messages-texte\/mdyoungminds\/\">MDYoungMinds<\/a> est un programme de soutien textuel par le biais du 211 et du Maryland Department of Health, Office of Suicide Prevention. Il envoie des messages texte de soutien ax\u00e9s sur les probl\u00e8mes de sant\u00e9 mentale et les facteurs de stress des adolescents et des adolescents.<\/p>\n<p><a href=\"https:\/\/www.mdcoalition.org\/who-we-help\/youth-helping-youth\/\" target=\"_blank\" rel=\"noopener\">Prendre l&#039;avion<\/a> est un programme de soutien par les pairs avec de jeunes leaders adultes (\u00e2g\u00e9s de 18 \u00e0 26 ans) qui ont une exp\u00e9rience personnelle avec des probl\u00e8mes de sant\u00e9 comportementaux ou des traumatismes. Ils permettent aux jeunes adultes de se rencontrer virtuellement chaque semaine et <a href=\"https:\/\/www.facebook.com\/TakingFlightMD\/\" target=\"_blank\" rel=\"noopener\">soutien par les pairs sur les r\u00e9seaux sociaux<\/a>.<\/p>\n<h3>Adultes<\/h3>\n<p><a href=\"https:\/\/211md.org\/fr\/about\/des-messages-texte\/md-sante-de-lesprit\/\">MDMindHealth<\/a> Envoie des messages de motivation et des ressources pour les services de sant\u00e9 mentale. Les SMS sont \u00e9galement disponibles en espagnol sur MDSaludMental.<\/p>\n<p>Sur mobile, vous pouvez cliquer sur les boutons ci-dessous pour vous inscrire.<\/p>\n<p><em>En envoyant MDMindHealth au 898-211, vous acceptez de recevoir des messages automatis\u00e9s r\u00e9currents.<\/em><\/p>\n\t\t\t<a href=\"sms:\/\/898-211;?&#038;body=MDMINDHEALTH\" target=\"_blank\" rel=\"noopener\">\n\t\t\t\t\t\t\tTexte MDMindHealth\n\t\t\t\t\t<\/a>\n\t\t\t<a href=\"sms:\/\/898-211;?&#038;body=MDSALUDMENTAL\" target=\"_blank\" rel=\"noopener\">\n\t\t\t\t\t\t\tTexte MDSALUDMENTAL\n\t\t\t\t\t<\/a>\n<h3>Apprenez des experts<\/h3>\n<p>Consultez \u00e9galement d&#039;autres ressources pour trouver des id\u00e9es sur la sant\u00e9 mentale et le suicide, comme les discussions d&#039;experts en sant\u00e9 mentale comme Johnson. Il a un<a href=\"https:\/\/www.youtube.com\/watch?v=TFt9EvzgB_4&amp;list=PLtVQyUpVKidoX87oH35VxHwUqOH5X6aeY\" target=\"_blank\" rel=\"noopener\">\u00a0s\u00e9rie de discussions avec les conseillers scolaires<\/a>, un psychiatre pour enfants et d&#039;autres experts couvrant des sujets tels que le soutien \u00e0 un membre de la famille avec sa sant\u00e9 mentale, l&#039;utilisation de la m\u00e9ditation de pleine conscience pour soutenir votre bien-\u00eatre mental, les traumatismes raciaux et la transformation de votre douleur en passion.<\/p>\n\t\t<iframe loading=\"lazy\" width=\"560\" height=\"315\" src=\"https:\/\/www.youtube.com\/embed\/TFt9EvzgB_4\" title=\"Lecteur vid\u00e9o YouTube\" frameborder=\"0\" allow=\"accelerometer; autoplay; clipboard-write; encrypted-media; gyroscope; picture-in-picture\" allowfullscreen><\/iframe>\t\n<h2>\n\t\t\tInformations connexes\t<\/h2>\n\t\t<h4><a href=\"\/fr\/ressources\/vieillissement-handicap\/\" target=\"_self\">Vieillissement &amp; Handicap<\/a><\/h4>\n\t\t\t\t<a href=\"\/fr\/ressources\/vieillissement-handicap\/\"  target=\"_self\" itemprop=\"url\">\n\t\t\t\t<img decoding=\"async\" src=\"https:\/\/211md.org\/wp-content\/uploads\/bb-plugin\/cache\/2025_MdInfoNet_Icon-Sets_Aging-disability-square-c466727102cae71e5f27b8539bb51945-.png\" alt=\"2025_MdInfoNet_Ensembles d&#039;ic\u00f4nes_Vieillissement-handicap\" itemprop=\"image\" title=\"2025_MdInfoNet_Ensembles d&#039;ic\u00f4nes_Vieillissement-handicap\" onerror=\"this.style.display='none'\" loading=\"lazy\" \/>\n\t\t\t\t<\/a>\n\t\t<h4><a href=\"https:\/\/211md.org\/fr\/ressources\/enfants-familles\/\" target=\"_blank\" rel=\"noopener\">Enfants et familles<\/a><\/h4>\n\t\t\t\t<a href=\"https:\/\/211md.org\/fr\/ressources\/enfants-familles\/\" target=\"_blank\" rel=\"noopener\" itemprop=\"url\">\n\t\t\t\t<img decoding=\"async\" src=\"https:\/\/211md.org\/wp-content\/uploads\/bb-plugin\/cache\/2025_211_Icon-Sets_Child-care-square-a8953c7678f51ed443764342b64ee948-.png\" alt=\"2025_211_Ensembles d&#039;ic\u00f4nes_Garde d&#039;enfants\" itemprop=\"image\" title=\"2025_211_Ensembles d&#039;ic\u00f4nes_Garde d&#039;enfants\" onerror=\"this.style.display='none'\" loading=\"lazy\" \/>\n\t\t\t\t<\/a>\n\t\t<h4><a href=\"\/fr\/ressources\/violence-familiale-domestique\/\" target=\"_self\">Violence Domestique<\/a><\/h4>\n\t\t\t\t<a href=\"\/fr\/ressources\/violence-familiale-domestique\/\"  target=\"_self\" itemprop=\"url\">\n\t\t\t\t<img decoding=\"async\" src=\"https:\/\/211md.org\/wp-content\/uploads\/bb-plugin\/cache\/2025_211_Icon-Sets_Domestic-Violence-square-e6e48b12d9d44dadd394e0d40debfd96-.png\" alt=\"Ic\u00f4ne de violence domestique\" itemprop=\"image\" title=\"2025_211_Ensembles d&#039;ic\u00f4nes_Violence domestique\" onerror=\"this.style.display='none'\" loading=\"lazy\" \/>\n\t\t\t\t<\/a>\n\t\t<h4><a href=\"\/fr\/ressources\/recherche-demploi\/\" target=\"_self\">Emploi<\/a><\/h4>\n\t\t\t\t<a href=\"\/fr\/ressources\/recherche-demploi\/\"  target=\"_self\" itemprop=\"url\">\n\t\t\t\t<img decoding=\"async\" src=\"https:\/\/211md.org\/wp-content\/uploads\/bb-plugin\/cache\/2025_MdInfoNet_Icon-Sets_Employment-square-44707bd410e4df10a470bf130ebcea86-.png\" alt=\"2025_MdInfoNet_Ensembles d&#039;ic\u00f4nes_Emploi\" itemprop=\"image\" title=\"2025_MdInfoNet_Ensembles d&#039;ic\u00f4nes_Emploi\" onerror=\"this.style.display='none'\" loading=\"lazy\" \/>\n\t\t\t\t<\/a>\n\t\t<h4><a href=\"\/fr\/ressources\/soins-de-sante\/\" target=\"_self\">Soins de sant\u00e9<\/a><\/h4>\n\t\t\t\t<a href=\"\/fr\/ressources\/soins-de-sante\/\"  target=\"_self\" itemprop=\"url\">\n\t\t\t\t<img decoding=\"async\" src=\"https:\/\/211md.org\/wp-content\/uploads\/bb-plugin\/cache\/2025_MdInfoNet_Icon-Sets_Health-Care-square-dee98a0060cbe0e7f27eda253fc12679-.png\" alt=\"2025_MdInfoNet_Ensembles d&#039;ic\u00f4nes_Soins de sant\u00e9\" itemprop=\"image\" title=\"2025_MdInfoNet_Ensembles d&#039;ic\u00f4nes_Soins de sant\u00e9\" onerror=\"this.style.display='none'\" loading=\"lazy\" \/>\n\t\t\t\t<\/a>\n\t\t<h4><a href=\"\/fr\/ressources\/enfants-familles\/parente\/\" target=\"_self\">Parent\u00e9<\/a><\/h4>\n\t\t\t\t<a href=\"\/fr\/ressources\/enfants-familles\/parente\/\"  target=\"_self\" itemprop=\"url\">\n\t\t\t\t<img decoding=\"async\" src=\"https:\/\/211md.org\/wp-content\/uploads\/bb-plugin\/cache\/2025_211_Icon-Sets_Kinship-square-21d4c353354c53c083c80118abb066f2-.png\" alt=\"Ic\u00f4ne de parent\u00e9\" itemprop=\"image\" title=\"2025_211_Ensembles d&#039;ic\u00f4nes_Parent\u00e9\" onerror=\"this.style.display='none'\" loading=\"lazy\" \/>\n\t\t\t\t<\/a>\n\t\t<h4><a href=\"\/fr\/ressources\/services-juridiques\/\" target=\"_self\">Services juridiques<\/a><\/h4>\n\t\t\t\t<a href=\"\/fr\/ressources\/services-juridiques\/\"  target=\"_self\" itemprop=\"url\">\n\t\t\t\t<img decoding=\"async\" src=\"https:\/\/211md.org\/wp-content\/uploads\/bb-plugin\/cache\/2025_MdInfoNet_Icon-Sets_Legal-square-18fdf438feb8435588174d9046463257-.png\" alt=\"2025_MdInfoNet_Ensembles d&#039;ic\u00f4nes_L\u00e9gal\" itemprop=\"image\" title=\"2025_MdInfoNet_Ensembles d&#039;ic\u00f4nes_L\u00e9gal\" onerror=\"this.style.display='none'\" loading=\"lazy\" \/>\n\t\t\t\t<\/a>\n\t\t<h4><a href=\"\/fr\/ressources\/sante-mentale\/\" target=\"_self\">Sant\u00e9 mentale<\/a><\/h4>\n\t\t\t\t<a href=\"\/fr\/ressources\/sante-mentale\/\"  target=\"_self\" itemprop=\"url\">\n\t\t\t\t<img decoding=\"async\" src=\"https:\/\/211md.org\/wp-content\/uploads\/bb-plugin\/cache\/2025_MdInfoNet_Icon-Sets_Mental-Health-square-c59b38c4a993a947d4c9280fbe2d2fee-.png\" alt=\"2025_MdInfoNet_Ensembles d&#039;ic\u00f4nes_Sant\u00e9 mentale\" itemprop=\"image\" title=\"2025_MdInfoNet_Ensembles d&#039;ic\u00f4nes_Sant\u00e9 mentale\" onerror=\"this.style.display='none'\" loading=\"lazy\" \/>\n\t\t\t\t<\/a>\n\t\t<h4><a href=\"\/fr\/ressources\/mdreentry\/\" target=\"_self\">Rentr\u00e9e<\/a><\/h4>\n\t\t\t\t<a href=\"\/fr\/ressources\/mdreentry\/\"  target=\"_self\" itemprop=\"url\">\n\t\t\t\t<img decoding=\"async\" src=\"https:\/\/211md.org\/wp-content\/uploads\/bb-plugin\/cache\/2025_211_Icon-Sets_Reentry-square-f36b65d903a62fd4c3819ff05988ca60-.png\" alt=\"Ic\u00f4ne de rentr\u00e9e\" itemprop=\"image\" title=\"2025_211_Ensembles d&#039;ic\u00f4nes_R\u00e9entr\u00e9e\" onerror=\"this.style.display='none'\" loading=\"lazy\" \/>\n\t\t\t\t<\/a>\n\t\t<h4><a href=\"\/fr\/ressources\/consommation-de-substances\/\" target=\"_self\">Consommation de substances<\/a><\/h4>\n\t\t\t\t<a href=\"\/fr\/ressources\/consommation-de-substances\/\"  target=\"_self\" itemprop=\"url\">\n\t\t\t\t<img decoding=\"async\" src=\"https:\/\/211md.org\/wp-content\/uploads\/bb-plugin\/cache\/2025_MdInfoNet_Icon-Sets_Substance-Abuse-square-9022fec9d18a64118ad685c101885b55-.png\" alt=\"2025_MdInfoNet_Ensembles d&#039;ic\u00f4nes_Abus de substances\" itemprop=\"image\" title=\"2025_MdInfoNet_Ensembles d&#039;ic\u00f4nes_Abus de substances\" onerror=\"this.style.display='none'\" loading=\"lazy\" \/>\n\t\t\t\t<\/a>\n\t\t<h4><a href=\"\/fr\/ressources\/anciens-combattants\/\" target=\"_self\">anciens combattants<\/a><\/h4>\n\t\t\t\t<a href=\"\/fr\/ressources\/anciens-combattants\/\"  target=\"_self\" itemprop=\"url\">\n\t\t\t\t<img decoding=\"async\" src=\"https:\/\/211md.org\/wp-content\/uploads\/bb-plugin\/cache\/2025_MdInfoNet_Icon-Sets_Rating-square-6e60d00cce4faa8e0a6d4ad7366aa733-.png\" alt=\"2025_MdInfoNet_Ensembles d&#039;ic\u00f4nes_\u00c9valuation\" itemprop=\"image\" title=\"2025_MdInfoNet_Ensembles d&#039;ic\u00f4nes_\u00c9valuation\" onerror=\"this.style.display='none'\" loading=\"lazy\" \/>\n\t\t\t\t<\/a>","protected":false},"excerpt":{"rendered":"<p>Titre de page par d\u00e9faut\u00a0: Des conversations franches peuvent contribuer \u00e0 pr\u00e9venir le suicide. En parler permet de briser les stigmates et les obstacles li\u00e9s \u00e0 la sant\u00e9 mentale. Apprenez les questions \u00e0 poser et, si vous avez besoin d\u2019aide imm\u00e9diate, appelez le 988 pour parler \u00e0 quelqu\u2019un 24\u00a0h\/24 et 7\u00a0j\/7. Commencer \u00e0 parler du suicide. Il peut sembler difficile de parler du suicide, mais en parler peut pr\u00e9venir\u2026<\/p>","protected":false},"author":8,"featured_media":4020,"parent":836,"menu_order":0,"comment_status":"closed","ping_status":"closed","template":"","meta":{"footnotes":""},"class_list":["post-1130","page","type-page","status-publish","has-post-thumbnail","hentry"],"_links":{"self":[{"href":"https:\/\/211md.org\/fr\/wp-json\/wp\/v2\/pages\/1130","targetHints":{"allow":["GET"]}}],"collection":[{"href":"https:\/\/211md.org\/fr\/wp-json\/wp\/v2\/pages"}],"about":[{"href":"https:\/\/211md.org\/fr\/wp-json\/wp\/v2\/types\/page"}],"author":[{"embeddable":true,"href":"https:\/\/211md.org\/fr\/wp-json\/wp\/v2\/users\/8"}],"replies":[{"embeddable":true,"href":"https:\/\/211md.org\/fr\/wp-json\/wp\/v2\/comments?post=1130"}],"version-history":[{"count":9,"href":"https:\/\/211md.org\/fr\/wp-json\/wp\/v2\/pages\/1130\/revisions"}],"predecessor-version":[{"id":33825,"href":"https:\/\/211md.org\/fr\/wp-json\/wp\/v2\/pages\/1130\/revisions\/33825"}],"up":[{"embeddable":true,"href":"https:\/\/211md.org\/fr\/wp-json\/wp\/v2\/pages\/836"}],"wp:featuredmedia":[{"embeddable":true,"href":"https:\/\/211md.org\/fr\/wp-json\/wp\/v2\/media\/4020"}],"wp:attachment":[{"href":"https:\/\/211md.org\/fr\/wp-json\/wp\/v2\/media?parent=1130"}],"curies":[{"name":"wp","href":"https:\/\/api.w.org\/{rel}","templated":true}]}}