{"id":1133,"date":"2021-04-19T16:54:37","date_gmt":"2021-04-19T16:54:37","guid":{"rendered":"https:\/\/211md.org\/?page_id=1133"},"modified":"2025-09-11T08:50:21","modified_gmt":"2025-09-11T12:50:21","slug":"depression","status":"publish","type":"page","link":"https:\/\/211md.org\/fr\/resources\/mental-health\/depression\/","title":{"rendered":"D\u00e9pression chez l&#039;adulte et l&#039;adolescent\u00a0: signes, sympt\u00f4mes et soutien"},"content":{"rendered":"<img decoding=\"async\" src=\"https:\/\/stg-maryland211-staging.kinsta.cloud\/wp-content\/uploads\/2025\/08\/5-1-scaled.png\" alt=\"5\" itemprop=\"image\" height=\"692\" width=\"2560\" title=\"5\" onerror=\"this.style.display='none'\" loading=\"lazy\" \/>\n\t\t<h1><a href=\"#start\" target=\"_self\">En-t\u00eate de page par d\u00e9faut<\/a><\/h1><p>Comment te sens-tu? Soit honn\u00eate avec toi. Vous sentez-vous \u00ab d\u00e9prim\u00e9 \u00bb, d\u00e9prim\u00e9 ou triste parfois\u00a0? Il est normal de ressentir toute une gamme d&#039;\u00e9motions, mais lorsque ces sentiments ont un impact sur votre vie quotidienne, cela pourrait \u00eatre le signe d&#039;une maladie plus grave appel\u00e9e d\u00e9pression.<\/p>\n<p>Renseignez-vous sur les signes avant-coureurs et sur la fa\u00e7on d\u2019obtenir de l\u2019aide.<\/p>\n<p>Appelez le 988 pour une assistance imm\u00e9diate.<\/p>\n\t\t\t<a href=\"#start\" target=\"_self\">\n\t\t\t\t\t\tCommencer\n\t\t\t\t\t<\/a>\n\t\t\t\t<img decoding=\"async\" src=\"https:\/\/211md.org\/wp-content\/plugins\/bb-plugin\/img\/pixel.png\" alt=\"\" itemprop=\"image\" onerror=\"this.style.display='none'\" loading=\"lazy\" \/>\n\t\t\t\t<img decoding=\"async\" src=\"https:\/\/stg-maryland211-staging.kinsta.cloud\/wp-content\/uploads\/2025\/08\/16.png\" alt=\"16\" itemprop=\"image\" height=\"1000\" width=\"1000\" title=\"16\" onerror=\"this.style.display='none'\" loading=\"lazy\" \/>\n\t\t\t\t<img decoding=\"async\" src=\"http:\/\/211md.org\/wp-content\/uploads\/2025\/09\/Man-looking-out-window-thinking.jpg\" alt=\"Un homme regardant par la fen\u00eatre en train de r\u00e9fl\u00e9chir\" itemprop=\"image\" title=\"Un homme regardant par la fen\u00eatre en train de r\u00e9fl\u00e9chir\" onerror=\"this.style.display='none'\" loading=\"lazy\" \/>\n\t<h2>D\u00e9pression 101<\/h2>\n<p>La d\u00e9pression peut affecter n&#039;importe qui et peut sembler diff\u00e9rente chez les enfants, les adolescents, les jeunes adultes et les adultes. Elle peut survenir seule ou en combinaison avec d&#039;autres probl\u00e8mes de sant\u00e9 mentale et maladies chroniques. Par exemple, un diagnostic ou une bataille contre le cancer, le diab\u00e8te ou une maladie cardiaque peut d\u00e9clencher une d\u00e9pression.<\/p>\n<p>Les \u00e9v\u00e9nements de la vie peuvent \u00e9galement d\u00e9clencher des sympt\u00f4mes. Par exemple, la grossesse peut entra\u00eener des sympt\u00f4mes de d\u00e9pression \u00e0 la fois pendant la grossesse et apr\u00e8s.<\/p>\n<p>Les saisons peuvent vous donner le cafard, surtout pendant un hiver long et froid. Cela peut aussi arriver \u00e0 n&#039;importe quel moment de l&#039;ann\u00e9e.<\/p>\n\t<h3>Ai-je une d\u00e9pression\u00a0?<\/h3>\n<p>Il existe plusieurs signes et sympt\u00f4mes de d\u00e9pression et ils peuvent varier en fonction de l\u2019\u00e2ge. M\u00eame si se sentir triste est un sympt\u00f4me de la d\u00e9pression, c&#039;est bien plus que cela. C&#039;est aussi un sentiment de d\u00e9sespoir et d&#039;inutilit\u00e9 pendant plus de deux semaines, ainsi qu&#039;un changement dans les activit\u00e9s que vous aimiez auparavant.<\/p>\n<p>Les\u00a0<a href=\"https:\/\/www.nimh.nih.gov\/health\/publications\/depression\" target=\"_blank\" rel=\"noopener\">Institut national de la sant\u00e9 mentale<\/a>\u00a0sugg\u00e8re de vous poser ces questions.<\/p>\n<p>Est-ce que je me sens\u2026.?<\/p>\n<ul>\n<li>Constamment triste, anxieux, sans valeur ou \u00ab vide \u00bb ?<\/li>\n<li>D\u00e9sesp\u00e9r\u00e9 ou pessimiste ?<\/li>\n<li>Facilement frustr\u00e9, en col\u00e8re, irritable ou agit\u00e9\u00a0?<\/li>\n<li>Pas int\u00e9ress\u00e9 par les passe-temps ou les activit\u00e9s que j&#039;aimais autrefois?<\/li>\n<li>Je me retire de mes amis et de ma famille ?<\/li>\n<li>Vous vous sentez coupable, inutile ou impuissant ?<\/li>\n<li>Il est plus difficile de prendre des d\u00e9cisions, de se souvenir ou de se concentrer ?<\/li>\n<li>Mes habitudes quotidiennes d&#039;alimentation et de sommeil ont chang\u00e9?<\/li>\n<li>Fatigu\u00e9, fatigu\u00e9 ou avez subi des pertes de m\u00e9moire?<\/li>\n<li>Des douleurs, des maux de t\u00eate, des crampes ou des probl\u00e8mes digestifs qui n&#039;ont pas de cause ou qui ne s&#039;arr\u00eatent pas avec le traitement.<\/li>\n<li>Comme me faire du mal ou me suicider ?<\/li>\n<\/ul>\n<p>Les adultes peuvent \u00e9galement \u00e9prouver d&#039;autres sympt\u00f4mes comme l&#039;insomnie nocturne, une diminution de la libido, des sympt\u00f4mes gastro-intestinaux, de la tristesse ou du chagrin.<\/p>\n<p>Vos sympt\u00f4mes peuvent diff\u00e9rer de ceux d\u2019un ami ou d\u2019un membre de votre famille.<\/p>\n<p>Les adolescents\/adolescents devraient \u00e9galement se demander s\u2019ils se sentent\u2026\u00a0?<\/p>\n<ul>\n<li>Qu&#039;ils ne r\u00e9ussissent pas aussi bien \u00e0 l&#039;\u00e9cole ?<\/li>\n<\/ul>\n<p>Bien que les sympt\u00f4mes de la d\u00e9pression soient similaires chez les adolescents et les adultes, il existe certaines diff\u00e9rences. Conna\u00eetre les signes avant-coureurs de la d\u00e9pression et d&#039;autres probl\u00e8mes de sant\u00e9 mentale chez les adolescents, et <a href=\"https:\/\/211md.org\/fr\/ressources\/sante-mentale\/soutien-ado\/\" rel=\"noopener\">comment obtenir du soutien pour les adolescents<\/a>. Tu n&#039;es pas seul. L&#039;aide est disponible.<\/p>\n<h3>Comment diagnostique-t-on la d\u00e9pression ?<\/h3>\n<p>La d\u00e9pression est diagnostiqu\u00e9e par le nombre de sympt\u00f4mes que vous avez chaque jour. Si vous pr\u00e9sentez cinq sympt\u00f4mes de d\u00e9pression par jour, presque toute la journ\u00e9e, et que ce sch\u00e9ma persiste pendant au moins deux semaines, vous souffrez peut-\u00eatre de d\u00e9pression. L&#039;Institut national de la sant\u00e9 mentale affirme que l&#039;un des sympt\u00f4mes doit \u00eatre une humeur d\u00e9pressive ou une perte d&#039;int\u00e9r\u00eat pour presque toutes les activit\u00e9s.<\/p>\n<p>Un sp\u00e9cialiste de la sant\u00e9 comportementale peut diagnostiquer votre \u00e9tat et fournir un soutien et un traitement. Si vous ne pouvez pas obtenir de rendez-vous, vous pouvez \u00e9galement obtenir de l&#039;aide et du soutien aupr\u00e8s de votre fournisseur de soins primaires.<\/p>\n\t<h2>Besoin de parler?\u00a0<\/h2>\n<p><strong>Appelez ou envoyez un SMS au 988<\/strong><\/p>\n<p>&nbsp;<\/p>\n\t\t\t<a href=\"https:\/\/988lifeline.org\/chat\/\" target=\"_blank\" rel=\"noopener\">\n\t\t\t\t\t\t\tDiscutez maintenant (anglais)\n\t\t\t\t\t<\/a>\n\t\t\t<a href=\"https:\/\/988lifeline.org\/es\/chat\/\" target=\"_blank\" rel=\"noopener\">\n\t\t\t\t\t\t\tCh\u00e2teau Ahora (espagnol)\n\t\t\t\t\t<\/a>\n\t<p>Toute personne ayant besoin d\u2019aide en mati\u00e8re de sant\u00e9 mentale ou de toxicomanie peut appeler le 988. <a href=\"https:\/\/health.maryland.gov\/bha\/Pages\/988md.aspx\" target=\"_blank\" rel=\"noopener\">En savoir plus sur le 988 dans le Maryland<\/a>.<\/p>\n<h2>Aide en sant\u00e9 mentale<\/h2>\n<p>Si vous vous sentez d\u00e9prim\u00e9 et que cela a un impact sur votre vie quotidienne, vous devriez demander l&#039;aide d&#039;un professionnel de la sant\u00e9 comportementale. Si vous avez besoin d&#039;aide pour en trouver un\u00a0:<\/p>\n<ul>\n<li>Composez le 211<\/li>\n<li>Recherchez une ressource en sant\u00e9 mentale pr\u00e8s de chez vous dans la base de donn\u00e9es la plus compl\u00e8te du Maryland sur les ressources locales en mati\u00e8re de sant\u00e9 comportementale, aliment\u00e9e par Maryland Information Network.<\/li>\n<\/ul>\n\t\t\t<a href=\"https:\/\/search.988.mdinfonet.org\/\" target=\"_blank\" rel=\"noopener\">\n\t\t\t\t\t\t\tRechercher des prestataires de sant\u00e9 mentale\n\t\t\t\t\t<\/a>\n\t<p>Si vous \u00eates un parent ou un soignant, renseignez-vous sur <a href=\"https:\/\/211md.org\/fr\/ressources\/sante-mentale\/soutien-ado\/\">programmes de sant\u00e9 mentale sp\u00e9cialement con\u00e7us pour les adolescents<\/a>.<\/p>\n<p>Si vous avez besoin d\u2019une assistance imm\u00e9diate, appelez le 988 et parlez \u00e0 un professionnel qualifi\u00e9.<\/p>\n\t\t\t\t<img decoding=\"async\" src=\"https:\/\/211md.org\/wp-content\/uploads\/2023\/04\/Woman-in-wheelchair-getting-mental-health-support.jpg\" alt=\"Femme en fauteuil roulant recevant un soutien en sant\u00e9 mentale\" itemprop=\"image\" height=\"800\" width=\"1200\" title=\"Femme en fauteuil roulant recevant un soutien en sant\u00e9 mentale\" onerror=\"this.style.display='none'\" loading=\"lazy\" \/>\n<h3>Trouver un th\u00e9rapeute<\/h3>\n<p>Le 211 comprend qu&#039;il est difficile d&#039;obtenir un rendez-vous en mati\u00e8re de sant\u00e9 comportementale, et parfois, lorsque vous obtenez ce rendez-vous, ce n&#039;est pas avec une personne avec qui vous cliquez ou qui ne vous sentez pas \u00e0 l&#039;aise pour partager ce que vous ressentez vraiment.<\/p>\n<p>Au cours d&#039;une <a href=\"https:\/\/211md.org\/fr\/objectifs-de-sante-mentale\/\" target=\"_blank\" rel=\"noopener\">discussion<\/a> Avec 92Q et des professionnels de la sant\u00e9 mentale sur la d\u00e9finition d&#039;objectifs de sant\u00e9 mentale, 211 et d&#039;autres intervenants ont \u00e9voqu\u00e9 la difficult\u00e9 de trouver un th\u00e9rapeute racis\u00e9 ou quelqu&#039;un qui vous comprenne. Si vous n&#039;\u00eates pas \u00e0 l&#039;aise avec cette personne, vous pourriez \u00eatre moins enclin \u00e0 tout partager.<\/p>\n<p>Mais n\u2019attendez pas pour trouver le th\u00e9rapeute id\u00e9al.<\/p>\n<p>Si vous ne parvenez pas \u00e0 obtenir un rendez-vous avec votre premier choix, pensez \u00e0 vous inscrire sur sa liste d&#039;attente et \u00e0 prendre rendez-vous avec quelqu&#039;un d&#039;autre. Entamez la conversation avec quelqu&#039;un et vous finirez par trouver le th\u00e9rapeute avec lequel vous vous sentirez vraiment bien.<\/p>\n<p>En plus du d\u00e9fi que repr\u00e9sente l\u2019obtention d\u2019un rendez-vous, il peut \u00eatre difficile de trouver une connexion par essais et erreurs. Si vous trouvez quelqu&#039;un avec qui vous n&#039;\u00eates pas connect\u00e9, ce n&#039;est pas grave. Cherchez quelqu&#039;un d&#039;autre.<\/p>\n<p>Le 211 est toujours l\u00e0 pour vous aider. Nos programmes sont gratuits et confidentiels et vous mettent en contact avec un professionnel qualifi\u00e9, attentionn\u00e9 et bienveillant.<\/p>\n<h3>Prise en charge du texte libre<\/h3>\n<p>MDMindHealth\/MDSaludMental propose un soutien inspirant et motivant par SMS pour les adultes. Disponible en anglais et en espagnol.<\/p>\n<p>Ces deux programmes sont disponibles lorsque vous en avez besoin.<\/p>\n<p>Tu n&#039;es pas seul! Une aide gratuite et confidentielle est disponible.<\/p>\n\t\t\t<a href=\"https:\/\/211md.org\/fr\/about\/des-messages-texte\/md-sante-de-lesprit\/\" target=\"_blank\" rel=\"noopener\">\n\t\t\t\t\t\t\tApprendre encore plus\n\t\t\t\t\t<\/a>\n\t<h3>Soutien en sant\u00e9 mentale pour les jeunes<\/h3>\n<p>N&#039;oubliez pas que la sant\u00e9 mentale peut varier selon les enfants, les adolescents et les jeunes adultes. Sachez reconna\u00eetre les signes avant-coureurs et sollicitez l&#039;aide des programmes de sant\u00e9 mentale pour adolescents du Maryland.<\/p>\n<p>Le 211 propose un service de soutien gratuit par SMS destin\u00e9 aux jeunes. Les adolescents peuvent s&#039;inscrire \u00e0 MDYoungMinds. Ce service propose des SMS de soutien, notamment des ressources sur la d\u00e9pression, la sant\u00e9 mentale des adolescents et des programmes de soutien.<\/p>\n\t\t\t<a href=\"https:\/\/211md.org\/fr\/about\/des-messages-texte\/mdyoungminds\/\" target=\"_self\">\n\t\t\t\t\t\t\tEn savoir plus sur mdyoungminds\n\t\t\t\t\t<\/a>\n\t<p>Les adolescents peuvent \u00e9galement entrer en contact avec des pairs qui ont v\u00e9cu un probl\u00e8me de sant\u00e9 mentale ou un traumatisme gr\u00e2ce au\u00a0<a href=\"https:\/\/www.mdcoalition.org\/who-we-help\/youth-helping-youth\/\" target=\"_blank\" rel=\"noopener\">Programme Prendre son envol<\/a>.<\/p>\n<p>Vous pouvez \u00e9galement\u00a0<a href=\"https:\/\/www.childrensmentalhealthmatters.org\/files\/2021\/03\/CMHM-Family-Resource-Kit-2021.pdf\" target=\"_blank\" rel=\"noopener\">t\u00e9l\u00e9chargez la trousse de ressources familiales Children&#039;s Health Matters<\/a>. Il s&#039;agit d&#039;un guide complet sur les sympt\u00f4mes et les signes de sant\u00e9 mentale tout en fournissant \u00e9galement des options de traitement et un soutien dans le Maryland.<\/p>\n\t\t\t\t<img decoding=\"async\" src=\"http:\/\/211md.org\/wp-content\/uploads\/2025\/09\/teenage-skateboarder-thinking.jpg\" alt=\"skateboarder adolescent r\u00e9fl\u00e9chissant\" itemprop=\"image\" title=\"skateboarder adolescent r\u00e9fl\u00e9chissant\" onerror=\"this.style.display='none'\" loading=\"lazy\" \/>\n<h2>Fa\u00e7ons d&#039;am\u00e9liorer la sant\u00e9 mentale<\/h2>\n<p>En plus de ces programmes gratuits et confidentiels, vous pouvez soutenir votre sant\u00e9 mentale en parlant \u00e0 un adulte de confiance. Il peut s&#039;agir d&#039;un professionnel qualifi\u00e9, d&#039;un parent, d&#039;un membre de la famille, d&#039;un tuteur, d&#039;un enseignant, d&#039;un conseiller scolaire ou d&#039;un m\u00e9decin, y compris des p\u00e9diatres.<\/p>\n<p>En plus d&#039;obtenir l&#039;aide dont vous avez besoin aupr\u00e8s de professionnels, il est important de passer du temps avec vos amis et les membres de votre famille et de rester actif, en suivant une routine de sommeil r\u00e9guli\u00e8re et en mangeant des aliments sains.<\/p>\n<h3><strong>Pr\u00e9venir le suicide avec la pleine conscience<\/strong><\/h3>\n<p>Vous pouvez \u00e9galement essayer des exercices corps-esprit comme la pleine conscience pour vous aider \u00e0 rechercher du soutien et de l&#039;aide lorsque vous avez des pens\u00e9es suicidaires ou que vous vous sentez d\u00e9prim\u00e9. Ce sont des vid\u00e9os p\u00e9dagogiques sur la pleine conscience de\u00a0<a href=\"https:\/\/nowmattersnow.org\/skill\/mindfulness\" target=\"_blank\" rel=\"noopener\">Maintenant compte maintenant<\/a>, une collection de ressources ax\u00e9es sur la pr\u00e9vention du suicide avec des recherches, des ressources et des r\u00e9cits de premi\u00e8re main de pens\u00e9es suicidaires.<\/p>\n<p>Now Matters Now fournit des comp\u00e9tences de pleine conscience et souligne qu&#039;une pratique de pleine conscience est \u00ab votre pire ennemi \u00bb lorsque vous avez des pens\u00e9es suicidaires.<\/p>\n<p>N&#039;oubliez pas qu&#039;un soutien individuel en mati\u00e8re de sant\u00e9 mentale est \u00e9galement toujours disponible en appelant ou en envoyant un SMS au 988.<\/p>\n\t\t<iframe loading=\"lazy\" src=\"https:\/\/player.vimeo.com\/video\/101372253?h=961480ee68&#038;title=0&#038;byline=0\" width=\"640\" height=\"360\" frameborder=\"0\" allow=\"autoplay; fullscreen; picture-in-picture\" allowfullscreen><\/iframe>\t\n<h2>\n\t\t\tInformations connexes\t<\/h2>\n\t\t<h4><a href=\"\/fr\/ressources\/vieillissement-handicap\/\" target=\"_self\">Vieillissement &amp; Handicap<\/a><\/h4>\n\t\t\t\t<a href=\"\/fr\/ressources\/vieillissement-handicap\/\"  target=\"_self\" itemprop=\"url\">\n\t\t\t\t<img decoding=\"async\" src=\"https:\/\/211md.org\/wp-content\/uploads\/bb-plugin\/cache\/2025_MdInfoNet_Icon-Sets_Aging-disability-square-c466727102cae71e5f27b8539bb51945-.png\" alt=\"2025_MdInfoNet_Ensembles d&#039;ic\u00f4nes_Vieillissement-handicap\" itemprop=\"image\" title=\"2025_MdInfoNet_Ensembles d&#039;ic\u00f4nes_Vieillissement-handicap\" onerror=\"this.style.display='none'\" loading=\"lazy\" \/>\n\t\t\t\t<\/a>\n\t\t<h4><a href=\"https:\/\/211md.org\/fr\/ressources\/enfants-familles\/\" target=\"_blank\" rel=\"noopener\">Enfants et familles<\/a><\/h4>\n\t\t\t\t<a href=\"https:\/\/211md.org\/fr\/ressources\/enfants-familles\/\" target=\"_blank\" rel=\"noopener\" itemprop=\"url\">\n\t\t\t\t<img decoding=\"async\" src=\"https:\/\/211md.org\/wp-content\/uploads\/bb-plugin\/cache\/2025_211_Icon-Sets_Child-care-square-a8953c7678f51ed443764342b64ee948-.png\" alt=\"2025_211_Ensembles d&#039;ic\u00f4nes_Garde d&#039;enfants\" itemprop=\"image\" title=\"2025_211_Ensembles d&#039;ic\u00f4nes_Garde d&#039;enfants\" onerror=\"this.style.display='none'\" loading=\"lazy\" \/>\n\t\t\t\t<\/a>\n\t\t<h4><a href=\"\/fr\/ressources\/violence-familiale-domestique\/\" target=\"_self\">Violence Domestique<\/a><\/h4>\n\t\t\t\t<a href=\"\/fr\/ressources\/violence-familiale-domestique\/\"  target=\"_self\" itemprop=\"url\">\n\t\t\t\t<img decoding=\"async\" src=\"https:\/\/211md.org\/wp-content\/uploads\/bb-plugin\/cache\/2025_211_Icon-Sets_Domestic-Violence-square-e6e48b12d9d44dadd394e0d40debfd96-.png\" alt=\"Ic\u00f4ne de violence domestique\" itemprop=\"image\" title=\"2025_211_Ensembles d&#039;ic\u00f4nes_Violence domestique\" onerror=\"this.style.display='none'\" loading=\"lazy\" \/>\n\t\t\t\t<\/a>\n\t\t<h4><a href=\"\/fr\/ressources\/recherche-demploi\/\" target=\"_self\">Emploi<\/a><\/h4>\n\t\t\t\t<a href=\"\/fr\/ressources\/recherche-demploi\/\"  target=\"_self\" itemprop=\"url\">\n\t\t\t\t<img decoding=\"async\" src=\"https:\/\/211md.org\/wp-content\/uploads\/bb-plugin\/cache\/2025_MdInfoNet_Icon-Sets_Employment-square-44707bd410e4df10a470bf130ebcea86-.png\" alt=\"2025_MdInfoNet_Ensembles d&#039;ic\u00f4nes_Emploi\" itemprop=\"image\" title=\"2025_MdInfoNet_Ensembles d&#039;ic\u00f4nes_Emploi\" onerror=\"this.style.display='none'\" loading=\"lazy\" \/>\n\t\t\t\t<\/a>\n\t\t<h4><a href=\"\/fr\/ressources\/soins-de-sante\/\" target=\"_self\">Soins de sant\u00e9<\/a><\/h4>\n\t\t\t\t<a href=\"\/fr\/ressources\/soins-de-sante\/\"  target=\"_self\" itemprop=\"url\">\n\t\t\t\t<img decoding=\"async\" src=\"https:\/\/211md.org\/wp-content\/uploads\/bb-plugin\/cache\/2025_MdInfoNet_Icon-Sets_Health-Care-square-dee98a0060cbe0e7f27eda253fc12679-.png\" alt=\"2025_MdInfoNet_Ensembles d&#039;ic\u00f4nes_Soins de sant\u00e9\" itemprop=\"image\" title=\"2025_MdInfoNet_Ensembles d&#039;ic\u00f4nes_Soins de sant\u00e9\" onerror=\"this.style.display='none'\" loading=\"lazy\" \/>\n\t\t\t\t<\/a>\n\t\t<h4><a href=\"\/fr\/ressources\/enfants-familles\/parente\/\" target=\"_self\">Parent\u00e9<\/a><\/h4>\n\t\t\t\t<a href=\"\/fr\/ressources\/enfants-familles\/parente\/\"  target=\"_self\" itemprop=\"url\">\n\t\t\t\t<img decoding=\"async\" src=\"https:\/\/211md.org\/wp-content\/uploads\/bb-plugin\/cache\/2025_211_Icon-Sets_Kinship-square-21d4c353354c53c083c80118abb066f2-.png\" alt=\"Ic\u00f4ne de parent\u00e9\" itemprop=\"image\" title=\"2025_211_Ensembles d&#039;ic\u00f4nes_Parent\u00e9\" onerror=\"this.style.display='none'\" loading=\"lazy\" \/>\n\t\t\t\t<\/a>\n\t\t<h4><a href=\"\/fr\/ressources\/services-juridiques\/\" target=\"_self\">Services juridiques<\/a><\/h4>\n\t\t\t\t<a href=\"\/fr\/ressources\/services-juridiques\/\"  target=\"_self\" itemprop=\"url\">\n\t\t\t\t<img decoding=\"async\" src=\"https:\/\/211md.org\/wp-content\/uploads\/bb-plugin\/cache\/2025_MdInfoNet_Icon-Sets_Legal-square-18fdf438feb8435588174d9046463257-.png\" alt=\"2025_MdInfoNet_Ensembles d&#039;ic\u00f4nes_L\u00e9gal\" itemprop=\"image\" title=\"2025_MdInfoNet_Ensembles d&#039;ic\u00f4nes_L\u00e9gal\" onerror=\"this.style.display='none'\" loading=\"lazy\" \/>\n\t\t\t\t<\/a>\n\t\t<h4><a href=\"\/fr\/ressources\/sante-mentale\/\" target=\"_self\">Sant\u00e9 mentale<\/a><\/h4>\n\t\t\t\t<a href=\"\/fr\/ressources\/sante-mentale\/\"  target=\"_self\" itemprop=\"url\">\n\t\t\t\t<img decoding=\"async\" src=\"https:\/\/211md.org\/wp-content\/uploads\/bb-plugin\/cache\/2025_MdInfoNet_Icon-Sets_Mental-Health-square-c59b38c4a993a947d4c9280fbe2d2fee-.png\" alt=\"2025_MdInfoNet_Ensembles d&#039;ic\u00f4nes_Sant\u00e9 mentale\" itemprop=\"image\" title=\"2025_MdInfoNet_Ensembles d&#039;ic\u00f4nes_Sant\u00e9 mentale\" onerror=\"this.style.display='none'\" loading=\"lazy\" \/>\n\t\t\t\t<\/a>\n\t\t<h4><a href=\"\/fr\/ressources\/mdreentry\/\" target=\"_self\">Rentr\u00e9e<\/a><\/h4>\n\t\t\t\t<a href=\"\/fr\/ressources\/mdreentry\/\"  target=\"_self\" itemprop=\"url\">\n\t\t\t\t<img decoding=\"async\" src=\"https:\/\/211md.org\/wp-content\/uploads\/bb-plugin\/cache\/2025_211_Icon-Sets_Reentry-square-f36b65d903a62fd4c3819ff05988ca60-.png\" alt=\"Ic\u00f4ne de rentr\u00e9e\" itemprop=\"image\" title=\"2025_211_Ensembles d&#039;ic\u00f4nes_R\u00e9entr\u00e9e\" onerror=\"this.style.display='none'\" loading=\"lazy\" \/>\n\t\t\t\t<\/a>\n\t\t<h4><a href=\"\/fr\/ressources\/consommation-de-substances\/\" target=\"_self\">Consommation de substances<\/a><\/h4>\n\t\t\t\t<a href=\"\/fr\/ressources\/consommation-de-substances\/\"  target=\"_self\" itemprop=\"url\">\n\t\t\t\t<img decoding=\"async\" src=\"https:\/\/211md.org\/wp-content\/uploads\/bb-plugin\/cache\/2025_MdInfoNet_Icon-Sets_Substance-Abuse-square-9022fec9d18a64118ad685c101885b55-.png\" alt=\"2025_MdInfoNet_Ensembles d&#039;ic\u00f4nes_Abus de substances\" itemprop=\"image\" title=\"2025_MdInfoNet_Ensembles d&#039;ic\u00f4nes_Abus de substances\" onerror=\"this.style.display='none'\" loading=\"lazy\" \/>\n\t\t\t\t<\/a>\n\t\t<h4><a href=\"\/fr\/ressources\/anciens-combattants\/\" target=\"_self\">anciens combattants<\/a><\/h4>\n\t\t\t\t<a href=\"\/fr\/ressources\/anciens-combattants\/\"  target=\"_self\" itemprop=\"url\">\n\t\t\t\t<img decoding=\"async\" src=\"https:\/\/211md.org\/wp-content\/uploads\/bb-plugin\/cache\/2025_MdInfoNet_Icon-Sets_Rating-square-6e60d00cce4faa8e0a6d4ad7366aa733-.png\" alt=\"2025_MdInfoNet_Ensembles d&#039;ic\u00f4nes_\u00c9valuation\" itemprop=\"image\" title=\"2025_MdInfoNet_Ensembles d&#039;ic\u00f4nes_\u00c9valuation\" onerror=\"this.style.display='none'\" loading=\"lazy\" \/>\n\t\t\t\t<\/a>","protected":false},"excerpt":{"rendered":"<p>Comment vous sentez-vous\u00a0? Soyez honn\u00eate avec vous-m\u00eame. Vous sentez-vous parfois d\u00e9prim\u00e9, d\u00e9prim\u00e9 ou triste\u00a0? Il est normal de ressentir diverses \u00e9motions, mais lorsque ces sentiments impactent votre quotidien, cela pourrait \u00eatre le signe d&#039;un trouble plus grave appel\u00e9 d\u00e9pression. Apprenez-en plus sur les signes avant-coureurs et\u2026<\/p>","protected":false},"author":8,"featured_media":3766,"parent":836,"menu_order":0,"comment_status":"closed","ping_status":"closed","template":"","meta":{"footnotes":""},"class_list":["post-1133","page","type-page","status-publish","has-post-thumbnail","hentry"],"_links":{"self":[{"href":"https:\/\/211md.org\/fr\/wp-json\/wp\/v2\/pages\/1133","targetHints":{"allow":["GET"]}}],"collection":[{"href":"https:\/\/211md.org\/fr\/wp-json\/wp\/v2\/pages"}],"about":[{"href":"https:\/\/211md.org\/fr\/wp-json\/wp\/v2\/types\/page"}],"author":[{"embeddable":true,"href":"https:\/\/211md.org\/fr\/wp-json\/wp\/v2\/users\/8"}],"replies":[{"embeddable":true,"href":"https:\/\/211md.org\/fr\/wp-json\/wp\/v2\/comments?post=1133"}],"version-history":[{"count":9,"href":"https:\/\/211md.org\/fr\/wp-json\/wp\/v2\/pages\/1133\/revisions"}],"predecessor-version":[{"id":33830,"href":"https:\/\/211md.org\/fr\/wp-json\/wp\/v2\/pages\/1133\/revisions\/33830"}],"up":[{"embeddable":true,"href":"https:\/\/211md.org\/fr\/wp-json\/wp\/v2\/pages\/836"}],"wp:featuredmedia":[{"embeddable":true,"href":"https:\/\/211md.org\/fr\/wp-json\/wp\/v2\/media\/3766"}],"wp:attachment":[{"href":"https:\/\/211md.org\/fr\/wp-json\/wp\/v2\/media?parent=1133"}],"curies":[{"name":"wp","href":"https:\/\/api.w.org\/{rel}","templated":true}]}}