{"id":1143,"date":"2021-04-19T17:49:39","date_gmt":"2021-04-19T17:49:39","guid":{"rendered":"https:\/\/211md.org\/?page_id=1143"},"modified":"2024-12-10T09:08:43","modified_gmt":"2024-12-10T14:08:43","slug":"podcast","status":"publish","type":"page","link":"https:\/\/211md.org\/fr\/podcast\/","title":{"rendered":"Podcast"},"content":{"rendered":"<h2>\n\t\tPodcasts mettant en vedette 211 Maryland\n\t<\/h2>\n\t<p>\u00c9coutez le podcast What&#039;s the 211 ? ou le podcast o\u00f9 211 Maryland est invit\u00e9.<\/p>\n<p>Renseignez-vous sur les programmes et services du 211 Maryland et sur les programmes offerts par les partenaires communautaires.<\/p>\n<h2>\n\t\t\u00c9pisodes\n\t<\/h2>\n<h2>\n\t\tT\u00e9l\u00e9charger ce Podcast\n\t<\/h2>\n\t\t\t\t<a href=\"https:\/\/apps.apple.com\/app\/apple-store\/id973361050\" target=\"_blank\" rel=\"noopener\" itemprop=\"url\">\n\t\t\t\t<img loading=\"lazy\" decoding=\"async\" src=\"https:\/\/211md.org\/wp-content\/uploads\/2022\/11\/app-store-download.png\" alt=\"app-store-t\u00e9l\u00e9chargement\" itemprop=\"image\" height=\"414\" width=\"1200\" title=\"app-store-t\u00e9l\u00e9chargement\" onerror=\"this.style.display='none'\"  \/>\n\t\t\t\t<\/a>\n\t\t\t\t<a href=\"https:\/\/play.google.com\/store\/apps\/details?id=com.podbean.app.podcast&#038;referrer=utm_source%3Dpodbean_web%26utm_campaign%3Dpb_usersite\" target=\"_blank\" rel=\"noopener\" itemprop=\"url\">\n\t\t\t\t<img loading=\"lazy\" decoding=\"async\" src=\"https:\/\/211md.org\/wp-content\/uploads\/2022\/11\/get-it-on-google-play.png\" alt=\"obtenez le sur Google Play\" itemprop=\"image\" height=\"250\" width=\"646\" title=\"obtenez le sur Google Play\" onerror=\"this.style.display='none'\"  \/>\n\t\t\t\t<\/a>\n<h2>Informations connexes<\/h2>\n<p><a title=\"Podcast\u00a0: Qu&#039;est-ce que le 211\u00a0? \" href=\"\/fr\/podcast\/\">Podcast\u00a0:\u00a0Qu\u2019est-ce que le 211\u00a0?<\/a><\/p>\n<p><a href=\"\/fr\/podcast\/nami-podcast\/\" rel=\"noopener\">Podcast NAMI<\/a><\/p>\n<p><a title=\"Bo\u00eete \u00e0 outils 211 Maryland\" href=\"\/fr\/boite-a-outils-marketing\/\">Bo\u00eete \u00e0 outils 211 Maryland<\/a><\/p>\n<p><a title=\"Campagne d&#039;\u00e9ducation sur les opio\u00efdes &quot;Stop \u00e0 la stigmatisation&quot;\" href=\"\/fr\/stop-la-stigmatisation\/\">Campagne d&#039;\u00e9ducation sur les opio\u00efdes \u00ab Stop \u00e0 la stigmatisation \u00bb<\/a><\/p>","protected":false},"excerpt":{"rendered":"<p>Podcasts mettant en vedette 211 Maryland \u00c9coutez le podcast What&#039;s the 211? ou le podcast dans lequel 211 Maryland est invit\u00e9. D\u00e9couvrez les programmes et services de 211 Maryland et les programmes offerts par les partenaires communautaires. \u00c9pisodes T\u00e9l\u00e9chargez ce podcast Informations connexes Podcast : What&#039;s The 211 ? Podcast NAMI Bo\u00eete \u00e0 outils 211 Maryland Campagne d&#039;\u00e9ducation sur les opio\u00efdes \u00ab Stop the Stigma \u00bb<\/p>","protected":false},"author":8,"featured_media":2104,"parent":0,"menu_order":0,"comment_status":"closed","ping_status":"closed","template":"","meta":{"footnotes":""},"class_list":["post-1143","page","type-page","status-publish","has-post-thumbnail","hentry"],"_links":{"self":[{"href":"https:\/\/211md.org\/fr\/wp-json\/wp\/v2\/pages\/1143","targetHints":{"allow":["GET"]}}],"collection":[{"href":"https:\/\/211md.org\/fr\/wp-json\/wp\/v2\/pages"}],"about":[{"href":"https:\/\/211md.org\/fr\/wp-json\/wp\/v2\/types\/page"}],"author":[{"embeddable":true,"href":"https:\/\/211md.org\/fr\/wp-json\/wp\/v2\/users\/8"}],"replies":[{"embeddable":true,"href":"https:\/\/211md.org\/fr\/wp-json\/wp\/v2\/comments?post=1143"}],"version-history":[{"count":0,"href":"https:\/\/211md.org\/fr\/wp-json\/wp\/v2\/pages\/1143\/revisions"}],"wp:featuredmedia":[{"embeddable":true,"href":"https:\/\/211md.org\/fr\/wp-json\/wp\/v2\/media\/2104"}],"wp:attachment":[{"href":"https:\/\/211md.org\/fr\/wp-json\/wp\/v2\/media?parent=1143"}],"curies":[{"name":"wp","href":"https:\/\/api.w.org\/{rel}","templated":true}]}}