{"id":1168,"date":"2021-04-19T21:42:40","date_gmt":"2021-04-19T21:42:40","guid":{"rendered":"https:\/\/211md.org\/?page_id=1168"},"modified":"2025-10-03T16:21:59","modified_gmt":"2025-10-03T20:21:59","slug":"pension-alimentaire","status":"publish","type":"page","link":"https:\/\/211md.org\/fr\/resources\/legal-services\/child-support\/","title":{"rendered":"Pension alimentaire"},"content":{"rendered":"<p>Dans le Maryland, les deux parents ont l&#039;obligation l\u00e9gale de subvenir aux besoins de leur enfant en fonction de leur capacit\u00e9 \u00e0 fournir ce soutien.<\/p>\n<h3><b>Calculatrice de pension alimentaire pour enfants\u00a0<\/b><\/h3>\n<p>Les directives du Maryland en mati\u00e8re de pension alimentaire pour enfants basent la pension alimentaire pour enfants sur une proportion du revenu brut de chaque parent.<\/p>\n<p>Le D\u00e9partement des ressources humaines dispose d&#039;un\u00a0<a href=\"https:\/\/mydhrbenefits.dhr.state.md.us\/dashboardclient\/#\/csocDisclaimer\" target=\"_blank\" rel=\"noopener\">calculateur gratuit de pension alimentaire pour enfants<\/a>\u00a0pour aider \u00e0 estimer le montant de la pension alimentaire pour enfants qu&#039;un tribunal peut approuver.<\/p>\n<p>&nbsp;<\/p>\n<h3><b>Aide juridique\u00a0<\/b><\/h3>\n<p>Les\u00a0<a href=\"https:\/\/peoples-law.org\/\" target=\"_blank\" rel=\"noopener\">Biblioth\u00e8que de droit populaire du Maryland<\/a>\u00a0fournit \u00e9galement une\u00a0<a href=\"https:\/\/peoples-law.org\/node\/258\" target=\"_blank\" rel=\"noopener\">aper\u00e7u juridique de la loi sur les pensions alimentaires pour enfants dans le Maryland<\/a>.<\/p>\n<p>Si vous devez modifier une commande d\u00e9j\u00e0 en place,\u00a0<a href=\"https:\/\/mvlslaw.org\/wp-content\/uploads\/2021\/03\/Child-Support.pdf\" target=\"_blank\" rel=\"noopener\">Service des avocats b\u00e9n\u00e9voles du Maryland<\/a> fournit des informations g\u00e9n\u00e9rales sur le processus de pension alimentaire pour enfants.<\/p>\n<p>Pour parler \u00e0 un avocat de votre situation, appelez la hotline du droit de la famille au 1-800-845-8550.<\/p>\n<p>Si vous avez besoin d&#039;un avocat pro bono ou \u00e0 bas prix,\u00a0<a href=\"https:\/\/search.211md.org\/search?query=FT-3200&amp;query_type=taxonomy&amp;query_label=&amp;query_language=en\" target=\"_blank\" rel=\"noopener\">vous pouvez trouver des organisations qui offrent des services juridiques dans la base de donn\u00e9es 211<\/a>. Il peut y avoir des conditions d&#039;\u00e9ligibilit\u00e9 en mati\u00e8re de revenu, de situation g\u00e9ographique et de type de cas.<\/p>\n<p>Pour plus d&#039;informations sur ces programmes, composez le 211.<\/p>\n\t\t\t\t<img decoding=\"async\" src=\"https:\/\/211md.org\/wp-content\/uploads\/2021\/05\/Children-With-Rainbow.png\" alt=\"Deux enfants regardant par une fen\u00eatre avec un arc-en-ciel peint sur la fen\u00eatre au-dessus d&#039;eux\" itemprop=\"image\" height=\"348\" width=\"460\" title=\"Enfants avec arc-en-ciel\" onerror=\"this.style.display='none'\" loading=\"lazy\" \/>\n<h2>Informations connexes<\/h2>\n<a href=\"https:\/\/211md.org\/fr\/ressources\/services-juridiques\/\">Aide juridique<\/a>\n<p><a href=\"https:\/\/211md.org\/fr\/ressources\/services-juridiques\/droits-des-locataires\/\">Litiges entre propri\u00e9taires<\/a><\/p>\n<a href=\"https:\/\/211md.org\/fr\/ressources\/enfants-familles\/\">Soutien aux enfants et aux familles<\/a>","protected":false},"excerpt":{"rendered":"<p>Dans le Maryland, les deux parents ont l&#039;obligation l\u00e9gale de subvenir aux besoins de leur enfant en fonction de leur capacit\u00e9 \u00e0 le faire. Calculateur de pension alimentaire pour enfants Les directives du Maryland en mati\u00e8re de pension alimentaire pour enfants basent la pension alimentaire sur une proportion du revenu brut de chaque parent. Le minist\u00e8re des Ressources humaines dispose d&#039;un calculateur de pension alimentaire gratuit pour enfants qui permet d&#039;estimer le montant de la pension alimentaire pour enfants\u2026<\/p>","protected":false},"author":8,"featured_media":1905,"parent":928,"menu_order":0,"comment_status":"closed","ping_status":"closed","template":"","meta":{"footnotes":""},"class_list":["post-1168","page","type-page","status-publish","has-post-thumbnail","hentry"],"_links":{"self":[{"href":"https:\/\/211md.org\/fr\/wp-json\/wp\/v2\/pages\/1168","targetHints":{"allow":["GET"]}}],"collection":[{"href":"https:\/\/211md.org\/fr\/wp-json\/wp\/v2\/pages"}],"about":[{"href":"https:\/\/211md.org\/fr\/wp-json\/wp\/v2\/types\/page"}],"author":[{"embeddable":true,"href":"https:\/\/211md.org\/fr\/wp-json\/wp\/v2\/users\/8"}],"replies":[{"embeddable":true,"href":"https:\/\/211md.org\/fr\/wp-json\/wp\/v2\/comments?post=1168"}],"version-history":[{"count":3,"href":"https:\/\/211md.org\/fr\/wp-json\/wp\/v2\/pages\/1168\/revisions"}],"predecessor-version":[{"id":33887,"href":"https:\/\/211md.org\/fr\/wp-json\/wp\/v2\/pages\/1168\/revisions\/33887"}],"up":[{"embeddable":true,"href":"https:\/\/211md.org\/fr\/wp-json\/wp\/v2\/pages\/928"}],"wp:featuredmedia":[{"embeddable":true,"href":"https:\/\/211md.org\/fr\/wp-json\/wp\/v2\/media\/1905"}],"wp:attachment":[{"href":"https:\/\/211md.org\/fr\/wp-json\/wp\/v2\/media?parent=1168"}],"curies":[{"name":"wp","href":"https:\/\/api.w.org\/{rel}","templated":true}]}}