{"id":1176,"date":"2021-04-19T22:49:37","date_gmt":"2021-04-19T22:49:37","guid":{"rendered":"https:\/\/211md.org\/?page_id=1176"},"modified":"2025-05-01T10:01:31","modified_gmt":"2025-05-01T14:01:31","slug":"md-espoir","status":"publish","type":"page","link":"https:\/\/211md.org\/fr\/about\/text-messages\/md-hope\/","title":{"rendered":"MDHope\u00a0: prise en charge des messages texte li\u00e9s aux opio\u00efdes"},"content":{"rendered":"<h2><strong>Qu&#039;est-ce que MDHope ?<\/strong><\/h2>\n<p>MDHope est un nouveau programme d&#039;envoi de SMS sur les opio\u00efdes qui relie les familles du Maryland aux ressources essentielles li\u00e9es aux opio\u00efdes, notamment les prestataires de traitement, l&#039;\u00e9limination s\u00fbre des m\u00e9dicaments et les messages de soutien. Les particuliers, les membres de la famille, les amis et les professionnels peuvent utiliser le programme de SMS pour recevoir des informations \u00e0 la demande. Des affirmations de soutien continues sont \u00e9galement propos\u00e9es pour soutenir une personne sur la voie de la gu\u00e9rison.<\/p>\n<p><strong>Textez MDHope au 898-211<\/strong><\/p>\n<p><em>211 Maryland propose des programmes d&#039;alerte par SMS qui fournissent des informations sur les ressources sp\u00e9cifiques \u00e0 la r\u00e9gion ou fournissent des alertes en cas de catastrophe. Envoyez STOP au m\u00eame num\u00e9ro pour vous d\u00e9sinscrire. Termes SMS complets \u00e0 <a href=\"https:\/\/211md.org\/fr\/sms\/\">https:\/\/211md.org\/sms\/<\/a> s&#039;appliquera \u00e9galement.<\/em><\/p>\n<h3>Comment MDHope aide \u00e0 lutter contre la consommation d&#039;opio\u00efdes<\/h3>\n<p>Apr\u00e8s avoir envoy\u00e9 un SMS \u00e0 MDHope au 898-211, la personne se verra poser des questions pour la guider vers les meilleures ressources pour une situation donn\u00e9e.<\/p>\n<p>Des informations sont propos\u00e9es \u00e0 toute personne du Maryland pr\u00e9occup\u00e9e par la consommation d&#039;opio\u00efdes, y compris la famille, les amis, les professionnels et les prestataires de services.<\/p>\n<p>Les messages texte peuvent inclure\u00a0:<\/p>\n<ul>\n<li>Informations sur les m\u00e9dicaments d&#039;inversion de surdosage.<\/li>\n<li>Conseils de pr\u00e9vention des surdoses.<\/li>\n<li>Informations g\u00e9n\u00e9rales sur la consommation d&#039;opio\u00efdes.<\/li>\n<li>Options de traitement.<\/li>\n<li>Signes de surdosage.<\/li>\n<li>\u00c9limination s\u00e9curitaire des m\u00e9dicaments sur ordonnance.<\/li>\n<li>Soutien et affirmations bihebdomadaires.<\/li>\n<\/ul>\n<p>La personne peut parler imm\u00e9diatement avec un professionnel qualifi\u00e9 \u00e0 tout moment en appelant le 988. Vous parlerez avec Suicide &amp; Crisis Lifeline, qui fournit un soutien en mati\u00e8re de sant\u00e9 mentale et de toxicomanie. <a href=\"https:\/\/health.maryland.gov\/bha\/Pages\/988md.aspx\" target=\"_blank\" rel=\"noopener\">En savoir plus sur le 988 dans le Maryland<\/a>.<\/p>\n<p>Vous pouvez en apprendre davantage sur les autres fa\u00e7ons dont 211 Maryland aide\u00a0<a href=\"https:\/\/211md.org\/fr\/stop-la-stigmatisation\/\" target=\"_blank\" rel=\"noopener\">arr\u00eater la stigmatisation<\/a>.<\/p>\n\t<h2>\u00c9limination s\u00e9curitaire des m\u00e9dicaments sur ordonnance<\/h2>\n<p>Vous n&#039;avez pas besoin de conna\u00eetre quelqu&#039;un aux prises avec une d\u00e9pendance pour faire une diff\u00e9rence dans votre communaut\u00e9. L\u2019\u00e9limination s\u00e9curitaire des m\u00e9dicaments sur ordonnance pr\u00e9vient les abus et prot\u00e8ge l\u2019environnement. Deux fois par an, les habitants du Maryland peuvent participer \u00e0 la Prescription Drug Take-Back Initiative. Ils ont lieu au printemps et \u00e0 l&#039;automne. Cet \u00e9v\u00e9nement d&#039;une journ\u00e9e permet aux r\u00e9sidents du Maryland de se d\u00e9barrasser en toute s\u00e9curit\u00e9 des m\u00e9dicaments dont ils ne veulent plus.<\/p>\n<p>RALI Maryland a fait don\u00a0<a href=\"https:\/\/www.ralimd.org\/safedisposal\" target=\"_blank\" rel=\"noopener\">kits d&#039;\u00e9limination des m\u00e9dicaments<\/a>\u00a0qui facilitent l&#039;\u00e9limination des anciens m\u00e9dicaments. Il vous suffit de verser votre m\u00e9dicament dans le sachet, d&#039;ajouter de l&#039;eau, de le sceller et de le jeter.<\/p>\n<p>Trouver un\u00a0<a href=\"https:\/\/211md.org\/fr\/elimination-des-medicaments\/\">Site de r\u00e9cup\u00e9ration de m\u00e9dicaments pr\u00e8s de chez vous ou recherchez un site d&#039;\u00e9limination de m\u00e9dicaments 24\/7\/365<\/a>.<\/p>\n<p>&nbsp;<\/p>\n<h2>Comment vous pouvez aider \u00e0 arr\u00eater la consommation d\u2019opio\u00efdes<\/h2>\n<p>Partagez les d\u00e9tails du programme avec votre famille, vos amis ou une personne dont vous vous occupez. T\u00e9l\u00e9chargez le d\u00e9pliant ci-dessous ou partagez les vid\u00e9os de l\u00e9gislateurs d&#039;\u00c9tat bien connus.<\/p>\n<p>Plusieurs l\u00e9gislateurs de l&#039;\u00c9tat du Maryland partagent ce message d&#039;espoir. D\u00e9l\u00e9gu\u00e9s\u00a0<a href=\"https:\/\/msa.maryland.gov\/msa\/mdmanual\/06hse\/html\/msa14629.html\" target=\"_blank\" rel=\"noopener\">Joseline Pe\u00f1a-Melnyk<\/a>,\u00a0<a href=\"https:\/\/msa.maryland.gov\/msa\/mdmanual\/06hse\/html\/msa15452.html\" target=\"_blank\" rel=\"noopener\">Bonnie Cullison<\/a>,\u00a0<a href=\"https:\/\/msa.maryland.gov\/msa\/mdmanual\/06hse\/html\/msa18109.html\" target=\"_blank\" rel=\"noopener\">Shaneka Henson<\/a>, et\u00a0<a href=\"https:\/\/msa.maryland.gov\/msa\/mdmanual\/06hse\/html\/msa18011.html\" target=\"_blank\" rel=\"noopener\">Ken Kerr<\/a>\u00a0ainsi que\u00a0<a href=\"https:\/\/msa.maryland.gov\/msa\/mdmanual\/05sen\/html\/msa12255.html\" target=\"_blank\" rel=\"noopener\">La s\u00e9natrice Kathy Klausmeier<\/a>\u00a0encouragent les habitants du Maryland \u00e0 envoyer un SMS \u00e0 MDHope au 898-211.<\/p>\n<p>L&#039;aide est juste un texte loin.<\/p>\n\t<iframe loading=\"lazy\" frameborder=\"0\" width=\"560\" height=\"314\" scrolling=\"no\" src=\"https:\/\/video.wixstatic.com\/video\/a0c76e_6223838a57fd4401a54771ed041a8f95\/720p\/mp4\/file.mp4\" sandbox><\/iframe>","protected":false},"excerpt":{"rendered":"<p>Qu\u2019est-ce que MDHope ? MDHope est un nouveau programme d&#039;envoi de SMS sur les opio\u00efdes qui relie les familles du Maryland aux ressources essentielles li\u00e9es aux opio\u00efdes, notamment aux prestataires de traitement, \u00e0 l&#039;\u00e9limination s\u00fbre des m\u00e9dicaments et aux messages de soutien. Les particuliers, les membres de la famille, les amis et les professionnels peuvent utiliser le programme de SMS pour recevoir des informations \u00e0 la demande. Des affirmations continues et encourageantes sont \u00e9galement propos\u00e9es pour soutenir une personne sur le chemin du r\u00e9tablissement.\u2026<\/p>","protected":false},"author":8,"featured_media":1925,"parent":962,"menu_order":0,"comment_status":"closed","ping_status":"closed","template":"","meta":{"footnotes":""},"class_list":["post-1176","page","type-page","status-publish","has-post-thumbnail","hentry"],"_links":{"self":[{"href":"https:\/\/211md.org\/fr\/wp-json\/wp\/v2\/pages\/1176","targetHints":{"allow":["GET"]}}],"collection":[{"href":"https:\/\/211md.org\/fr\/wp-json\/wp\/v2\/pages"}],"about":[{"href":"https:\/\/211md.org\/fr\/wp-json\/wp\/v2\/types\/page"}],"author":[{"embeddable":true,"href":"https:\/\/211md.org\/fr\/wp-json\/wp\/v2\/users\/8"}],"replies":[{"embeddable":true,"href":"https:\/\/211md.org\/fr\/wp-json\/wp\/v2\/comments?post=1176"}],"version-history":[{"count":2,"href":"https:\/\/211md.org\/fr\/wp-json\/wp\/v2\/pages\/1176\/revisions"}],"predecessor-version":[{"id":4426,"href":"https:\/\/211md.org\/fr\/wp-json\/wp\/v2\/pages\/1176\/revisions\/4426"}],"up":[{"embeddable":true,"href":"https:\/\/211md.org\/fr\/wp-json\/wp\/v2\/pages\/962"}],"wp:featuredmedia":[{"embeddable":true,"href":"https:\/\/211md.org\/fr\/wp-json\/wp\/v2\/media\/1925"}],"wp:attachment":[{"href":"https:\/\/211md.org\/fr\/wp-json\/wp\/v2\/media?parent=1176"}],"curies":[{"name":"wp","href":"https:\/\/api.w.org\/{rel}","templated":true}]}}