{"id":1340,"date":"2021-04-28T01:30:35","date_gmt":"2021-04-28T01:30:35","guid":{"rendered":"https:\/\/211md.org\/?page_id=1340"},"modified":"2026-02-02T08:43:37","modified_gmt":"2026-02-02T13:43:37","slug":"obtenir-de-laide","status":"publish","type":"page","link":"https:\/\/211md.org\/fr\/about\/get-help\/","title":{"rendered":"Comment obtenir de l&#039;aide pour les besoins essentiels dans le Maryland"},"content":{"rendered":"<figure data-animation-delay=\"0\" data-animation-duration=\"1\" itemscope itemtype=\"https:\/\/schema.org\/ImageObject\">\n\t\t\t\t<img decoding=\"async\" src=\"https:\/\/stg-maryland211-staging.kinsta.cloud\/wp-content\/uploads\/2025\/08\/5-1-scaled.png\" alt=\"5\" height=\"692\" width=\"2560\" title=\"5\" onerror=\"this.style.display='none'\" loading=\"lazy\" \/>\n\t<\/figure>\n\t\t<p>211 Maryland est le syst\u00e8me d&#039;information et d&#039;orientation en mati\u00e8re de sant\u00e9 et de services sociaux le plus complet de l&#039;\u00c9tat.<\/p>\n<p>211 has many ways to get help, depending on what works best for your situation. We have your back when needed most, including the federal shutdown.<\/p>\n<p>Learn about the ways to get help and get connected to information and resources.<\/p>\n\t\t\t<a href=\"#start\"  target=\"_self\">\n\t\t\t\t\t\tCommencer\n\t\t\t\t\t<\/a>\n<figure data-animation-delay=\"0\" data-animation-duration=\"1\" itemscope itemtype=\"https:\/\/schema.org\/ImageObject\">\n\t\t\t\t<img decoding=\"async\" src=\"https:\/\/211md.org\/wp-content\/plugins\/bb-plugin\/img\/pixel.png\" alt=\"\" onerror=\"this.style.display='none'\" loading=\"lazy\" \/>\n\t<\/figure>\n<figure data-animation-delay=\"0\" data-animation-duration=\"1.3\" itemscope itemtype=\"https:\/\/schema.org\/ImageObject\">\n\t\t\t\t<img decoding=\"async\" src=\"https:\/\/stg-maryland211-staging.kinsta.cloud\/wp-content\/uploads\/2025\/08\/16.png\" alt=\"16\" height=\"1000\" width=\"1000\" title=\"16\" onerror=\"this.style.display='none'\" loading=\"lazy\" \/>\n\t<\/figure>\n<figure itemscope itemtype=\"https:\/\/schema.org\/ImageObject\">\n\t\t\t\t<img decoding=\"async\" src=\"http:\/\/211md.org\/wp-content\/uploads\/2025\/10\/two-older-veterans-helping-each-other-at-park.jpg\" alt=\"deux v\u00e9t\u00e9rans plus \u00e2g\u00e9s s&#039;entraident au parc\" title=\"deux v\u00e9t\u00e9rans plus \u00e2g\u00e9s s&#039;entraident au parc\" onerror=\"this.style.display='none'\" loading=\"lazy\" \/>\n\t<\/figure>\n\t\t\n\t\t<h2>Comment le 211 peut-il m\u2019aider ?<\/h2>\n<p>211 is a way to get connected to essential needs, such as:<\/p>\n<ul>\n<li><a href=\"\/fr\/ressources\/logement-refuge\/\">logement<\/a><\/li>\n<li><a href=\"https:\/\/211md.org\/fr\/ressources\/nourriture\/\">nourriture<\/a><\/li>\n<li><a href=\"http:\/\/resources\/utility-assistance\/\">arr\u00eat des services publics<\/a><\/li>\n<li><a href=\"https:\/\/211md.org\/fr\/ressources\/sante-mentale\/\">sant\u00e9 mentale<\/a><\/li>\n<li><a href=\"https:\/\/211md.org\/fr\/ressources\/enfants-familles\/\">enfants et familles<\/a><\/li>\n<li><a href=\"\/fr\/ressources\/services-juridiques\/\">questions juridiques et aide<\/a><\/li>\n<li><a href=\"\/fr\/ressources\/recherche-demploi\/\">emploi<\/a><\/li>\n<\/ul>\n<p>Individuals and families can search for help or dial 211 to speak to a caring and compassionate person.<\/p>\n<p>The Maryland Information Network powers 211, and is the state-authorized administrator of the 211 system. We work with many state and local organizations to connect Marylanders to health and human services.<\/p>\n<p>Have another question? Read our frequently asked questions.<\/p>\n<h3>Does It Cost Anything to Use 211?<\/h3>\n<p>No. The service is free and confidential.<\/p>\n<p>Si vous appelez l&#039;un de nos num\u00e9ros locaux depuis l&#039;ext\u00e9rieur de la zone, les tarifs interurbains de votre op\u00e9rateur t\u00e9l\u00e9phonique peuvent s&#039;appliquer. Si vous appelez depuis un t\u00e9l\u00e9phone portable, des frais de communication et autres frais de t\u00e9l\u00e9phonie mobile peuvent s&#039;appliquer.<\/p>\n\t\t\t<a href=\"https:\/\/211md.org\/fr\/about\/faq\/\"  target=\"_self\">\n\t\t\t\t\t\t\tLisez notre FAQ\n\t\t\t\t\t<\/a>\n\t\t<h2>How to Find 211 Help<\/h2>\n\t\t<p>There are 3 main ways to navigate the 211 website, and they&#8217;re always available in the menu at the top under &#8220;Get Help.&#8221;<\/p>\n<h3>I need to find local resources that can help.<\/h3>\n<p>Search our Community Resource database, the state&#8217;s most comprehensive for health and human services. This will connect you directly to organizations that can help. Choose a category like food pantries, and you&#8217;ll get a list and map of local help.<\/p>\n<p>With over 8,500 community resources, find what you need nearby. Enter a ZIP code and use the filters to narrow options.<\/p>\n<p>For Spanish, go to the upper right-hand corner and select Spanish. Then, search in Spanish.<\/p>\n\t\t\t<a href=\"https:\/\/search.211md.org\/\"  target=\"_blank\" rel=\"noopener\">\n\t\t\t\t\t\tFind Resources by ZIP code\n\t\t\t\t\t<\/a>\n\t\t<h3>I want to see the top community resources in my county.<\/h3>\n\t\t<p>Every county in the state has unique resources and needs. 211&#8217;s county pages make it easy to find top resources in a geographic area, with a focus on food pantries, utility assistance, and mental health.<\/p>\n\t\t\t<a href=\"https:\/\/211md.org\/fr\/ressources-par-comte\/\"  target=\"_blank\" rel=\"noopener\">\n\t\t\t\t\t\tSearch your county for help\n\t\t\t\t\t<\/a>\n\t\t<h3>I need information About Benefit Programs<\/h3>\n\t\t<p>Start with our resource categories, like food or health care, and learn about available assistance programs and available benefits, as well as common community resources.<\/p>\n<p>Get the information you need, then link directly to our Community Resource Database for that need using our common resource searches.<\/p>\n\t\t\t<a href=\"https:\/\/211md.org\/fr\/ressources\/\"  target=\"_self\">\n\t\t\t\t\t\t\tGet information and resources\n\t\t\t\t\t<\/a>\n\t\t<h3>I want to talk to someone.<\/h3>\n\t\t<p>Dial 211, and a caring and compassionate person will talk with you and help you navigate and connect with help. 211 is also accessible for the deaf and hard of hearing through Maryland Relay (dial 7-1-1).<\/p>\n\t\t\t<a href=\"tel:%20+211\"  target=\"_self\">\n\t\t\t\t\t\t\tComposez le 211\n\t\t\t\t\t<\/a>\n\t<h3>Traduction<\/h3>\n<p>Le site Web peut \u00eatre traduit en plusieurs langues, notamment l&#039;espagnol, le cr\u00e9ole ha\u00eftien, le yoruba, le fran\u00e7ais, etc. Cliquez sur Anglais dans le coin sup\u00e9rieur droit et choisissez votre langue dans le menu d\u00e9roulant.<\/p>\n<p>Translation is also available by phone in 150+ languages.<\/p>\n<figure itemscope itemtype=\"https:\/\/schema.org\/ImageObject\">\n\t\t\t\t<img decoding=\"async\" src=\"http:\/\/211md.org\/wp-content\/uploads\/2025\/10\/Couple-looking-for-help-on-phone-in-park.jpg\" alt=\"Couple cherchant de l&#039;aide par t\u00e9l\u00e9phone dans un parc\" title=\"Couple cherchant de l&#039;aide par t\u00e9l\u00e9phone dans un parc\" onerror=\"this.style.display='none'\" loading=\"lazy\" \/>\n\t<\/figure>\n\t<h2>Autres fa\u00e7ons dont 211 peut vous aider<\/h2>\n<p>211 s&#039;associe \u00e9galement \u00e0 des agences d&#039;\u00c9tat et \u00e0 des groupes communautaires pour proposer des programmes de messagerie texte qui fournissent des informations et de l&#039;inspiration par le biais de messages texte.<\/p>\n<h3>Connexions de texte<\/h3>\n<p>Vous pouvez \u00e9galement vous inscrire \u00e0 l&#039;un de nos programmes de messagerie texte, qui vous connecte \u00e0 des informations, des ressources et du soutien en cas de menace\/urgence de sant\u00e9 publique ou de m\u00e9t\u00e9o, de parent\u00e9, de ressources Mid Shore, de sant\u00e9 mentale, d&#039;opio\u00efdes et plus encore.<\/p>\n\t\t<h2>V\u00e9rification des prestations dans le Maryland<\/h2>\n\t\t<p>Maryland Benefits is a one-stop location to check eligibility and to apply for multiple benefits like food benefits, housing and energy assistance, health and disability services, unemployment, and more.<\/p>\n<p>With basic information like the number of people in your household, their incomes, and your household costs, you can quickly check your eligibility.<\/p>\n\t\t\t<a href=\"https:\/\/benefits.maryland.gov\/home\/#\/\" target=\"_self\" rel=\"noopener\">\n\t\t\t\t\t\t\tCheck Maryland Benefits\n\t\t\t\t\t<\/a>\n\t\t<h3>Personnes \u00e2g\u00e9es et d\u00e9pistage des prestations d\u2019invalidit\u00e9<\/h3>\n\t\t<p>Si vous \u00eates une personne \u00e2g\u00e9e ou si vous avez un handicap, vous pouvez utiliser <a href=\"https:\/\/benefitscheckup.org\/\" target=\"_blank\" rel=\"noopener\">AvantagesCheckUp<\/a>\u00ae du Conseil national sur le vieillissement. Il vous aide \u00e0 trouver des programmes auxquels vous pourriez \u00eatre admissible.<\/p>\n<p>Vous r\u00e9pondrez aux questions de mani\u00e8re anonyme pour savoir si vous \u00eates admissible aux programmes d&#039;avantages sociaux communs. Il peut s&#039;agir de services sociaux pour l&#039;alimentation ou de Medicare. Vous pouvez \u00e9galement trouver des programmes d\u2019aide aux patients pour les m\u00e9dicaments.<\/p>\n<p>D\u00e9couvrez les programmes et services auxquels vous pourriez \u00eatre admissible via BenefitsCheckUp.<\/p>\n\t\t\t<a href=\"https:\/\/benefitscheckup.org\/\" target=\"_self\" rel=\"noopener\">\n\t\t\t\t\t\t\tUse Benefits Checkup\n\t\t\t\t\t<\/a>\n\t\t<h4><a href=\"\/fr\/ressources\/vieillissement-handicap\/?utm_source=Home&#038;utm_medium=Referral&#038;utm_campaign=211Resources&#038;utm_content=Aging\" target=\"_self\">Vieillissement &amp; Handicap<\/a><\/h4><figure itemscope itemtype=\"https:\/\/schema.org\/ImageObject\">\n\t\t\t\t<a href=\"\/fr\/ressources\/vieillissement-handicap\/?utm_source=Home&#038;utm_medium=Referral&#038;utm_campaign=211Resources&#038;utm_content=Aging\"  target=\"_self\" itemprop=\"url\">\n\t\t\t\t<img decoding=\"async\" src=\"https:\/\/211md.org\/wp-content\/uploads\/bb-plugin\/cache\/2025_MdInfoNet_Icon-Sets_Aging-disability-square-c466727102cae71e5f27b8539bb51945-.png\" alt=\"\" onerror=\"this.style.display='none'\" loading=\"lazy\" \/>\n\t\t\t\t<\/a>\n\t<\/figure>\n\t\t<h4><a href=\"\/fr\/ressources\/enfants-familles\/?utm_source=Home&#038;utm_medium=Referral&#038;utm_campaign=211Resources&#038;utm_content=Children\" target=\"_self\">Enfants et familles<\/a><\/h4><figure itemscope itemtype=\"https:\/\/schema.org\/ImageObject\">\n\t\t\t\t<a href=\"\/fr\/ressources\/enfants-familles\/?utm_source=Home&#038;utm_medium=Referral&#038;utm_campaign=211Resources&#038;utm_content=Children\"  target=\"_self\" itemprop=\"url\">\n\t\t\t\t<img decoding=\"async\" src=\"https:\/\/211md.org\/wp-content\/uploads\/bb-plugin\/cache\/2025_211_Icon-Sets_Child-care-square-f3b0d4edab3dcc467fadb5f55f4064c6-.png\" alt=\"parent and child icon for child care\" height=\"417\" width=\"417\" title=\"2025_211_Ensembles d&#039;ic\u00f4nes_Garde d&#039;enfants\" onerror=\"this.style.display='none'\" loading=\"lazy\" \/>\n\t\t\t\t<\/a>\n\t<\/figure>\n\t\t<h4><a href=\"\/fr\/ressources\/violence-familiale-domestique\/?utm_source=Home&#038;utm_medium=Referral&#038;utm_campaign=211Resources&#038;utm_content=Domestic\" target=\"_self\">Violence Domestique<\/a><\/h4><figure itemscope itemtype=\"https:\/\/schema.org\/ImageObject\">\n\t\t\t\t<a href=\"\/fr\/ressources\/violence-familiale-domestique\/?utm_source=Home&#038;utm_medium=Referral&#038;utm_campaign=211Resources&#038;utm_content=Domestic\"  target=\"_self\" itemprop=\"url\">\n\t\t\t\t<img decoding=\"async\" src=\"https:\/\/211md.org\/wp-content\/uploads\/bb-plugin\/cache\/2025_211_Icon-Sets_Domestic-Violence-square-7b597694a6f05fe90cdc376aa573bc63-.png\" alt=\"House with a heart in the middle icon\" height=\"417\" width=\"417\" title=\"2025_211_Ensembles d&#039;ic\u00f4nes_Violence domestique\" onerror=\"this.style.display='none'\" loading=\"lazy\" \/>\n\t\t\t\t<\/a>\n\t<\/figure>\n\t\t<h4><a href=\"\/fr\/ressources\/recherche-demploi\/?utm_source=Home&#038;utm_medium=Referral&#038;utm_campaign=211Resources&#038;utm_content=Employment\" target=\"_self\">Emploi<\/a><\/h4><figure itemscope itemtype=\"https:\/\/schema.org\/ImageObject\">\n\t\t\t\t<a href=\"\/fr\/ressources\/recherche-demploi\/?utm_source=Home&#038;utm_medium=Referral&#038;utm_campaign=211Resources&#038;utm_content=Employment\"  target=\"_self\" itemprop=\"url\">\n\t\t\t\t<img decoding=\"async\" src=\"https:\/\/211md.org\/wp-content\/uploads\/bb-plugin\/cache\/2025_MdInfoNet_Icon-Sets_Employment-square-44707bd410e4df10a470bf130ebcea86-.png\" alt=\"\" onerror=\"this.style.display='none'\" loading=\"lazy\" \/>\n\t\t\t\t<\/a>\n\t<\/figure>\n\t\t<h4><a href=\"\/fr\/ressources\/soins-de-sante\/?utm_source=Home&#038;utm_medium=Referral&#038;utm_campaign=211Resources&#038;utm_content=Health%20Care\" target=\"_self\">Soins de sant\u00e9<\/a><\/h4><figure itemscope itemtype=\"https:\/\/schema.org\/ImageObject\">\n\t\t\t\t<a href=\"\/fr\/ressources\/soins-de-sante\/?utm_source=Home&#038;utm_medium=Referral&#038;utm_campaign=211Resources&#038;utm_content=Health%20Care\"  target=\"_self\" itemprop=\"url\">\n\t\t\t\t<img decoding=\"async\" src=\"https:\/\/211md.org\/wp-content\/uploads\/bb-plugin\/cache\/2025_MdInfoNet_Icon-Sets_Health-Care-square-dee98a0060cbe0e7f27eda253fc12679-.png\" alt=\"\" onerror=\"this.style.display='none'\" loading=\"lazy\" \/>\n\t\t\t\t<\/a>\n\t<\/figure>\n\t\t<h4><a href=\"\/fr\/ressources\/enfants-familles\/parente\/?utm_source=Home&#038;utm_medium=Referral&#038;utm_campaign=211Resources&#038;utm_content=Kinship\" target=\"_self\">Parent\u00e9<\/a><\/h4><figure itemscope itemtype=\"https:\/\/schema.org\/ImageObject\">\n\t\t\t\t<a href=\"\/fr\/ressources\/enfants-familles\/parente\/?utm_source=Home&#038;utm_medium=Referral&#038;utm_campaign=211Resources&#038;utm_content=Kinship\"  target=\"_self\" itemprop=\"url\">\n\t\t\t\t<img decoding=\"async\" src=\"https:\/\/211md.org\/wp-content\/uploads\/bb-plugin\/cache\/2025_211_Icon-Sets_Kinship-square-45bdf872866f5735f842c32071109267-.png\" alt=\"Ic\u00f4ne de parent\u00e9\" height=\"417\" width=\"417\" title=\"2025_211_Ensembles d&#039;ic\u00f4nes_Parent\u00e9\" onerror=\"this.style.display='none'\" loading=\"lazy\" \/>\n\t\t\t\t<\/a>\n\t<\/figure>\n\t\t<h4><a href=\"\/fr\/ressources\/services-juridiques\/?utm_source=Home&#038;utm_medium=Referral&#038;utm_campaign=211Resources&#038;utm_content=Legal\" target=\"_self\">Services juridiques<\/a><\/h4><figure itemscope itemtype=\"https:\/\/schema.org\/ImageObject\">\n\t\t\t\t<a href=\"\/fr\/ressources\/services-juridiques\/?utm_source=Home&#038;utm_medium=Referral&#038;utm_campaign=211Resources&#038;utm_content=Legal\"  target=\"_self\" itemprop=\"url\">\n\t\t\t\t<img decoding=\"async\" src=\"https:\/\/211md.org\/wp-content\/uploads\/bb-plugin\/cache\/2025_MdInfoNet_Icon-Sets_Legal-square-18fdf438feb8435588174d9046463257-.png\" alt=\"\" onerror=\"this.style.display='none'\" loading=\"lazy\" \/>\n\t\t\t\t<\/a>\n\t<\/figure>\n\t\t<h4><a href=\"\/fr\/ressources\/sante-mentale\/?utm_source=Home&#038;utm_medium=Referral&#038;utm_campaign=211Resources&#038;utm_content=Mental\" target=\"_self\">Sant\u00e9 mentale<\/a><\/h4><figure itemscope itemtype=\"https:\/\/schema.org\/ImageObject\">\n\t\t\t\t<a href=\"\/fr\/ressources\/sante-mentale\/?utm_source=Home&#038;utm_medium=Referral&#038;utm_campaign=211Resources&#038;utm_content=Mental\"  target=\"_self\" itemprop=\"url\">\n\t\t\t\t<img decoding=\"async\" src=\"https:\/\/211md.org\/wp-content\/uploads\/bb-plugin\/cache\/2025_MdInfoNet_Icon-Sets_Mental-Health-square-c59b38c4a993a947d4c9280fbe2d2fee-.png\" alt=\"\" onerror=\"this.style.display='none'\" loading=\"lazy\" \/>\n\t\t\t\t<\/a>\n\t<\/figure>\n\t\t<h4><a href=\"\/fr\/ressources\/mdreentry\/?utm_source=Home&#038;utm_medium=Referral&#038;utm_campaign=211Resources&#038;utm_content=Reentry\" target=\"_self\">Rentr\u00e9e<\/a><\/h4><figure itemscope itemtype=\"https:\/\/schema.org\/ImageObject\">\n\t\t\t\t<a href=\"\/fr\/ressources\/mdreentry\/?utm_source=Home&#038;utm_medium=Referral&#038;utm_campaign=211Resources&#038;utm_content=Reentry\"  target=\"_self\" itemprop=\"url\">\n\t\t\t\t<img decoding=\"async\" src=\"https:\/\/211md.org\/wp-content\/uploads\/bb-plugin\/cache\/2025_211_Icon-Sets_Reentry-square-8676fea38abd920a832f45642fe31cca-.png\" alt=\"Ic\u00f4ne de rentr\u00e9e\" height=\"417\" width=\"417\" title=\"2025_211_Ensembles d&#039;ic\u00f4nes_R\u00e9entr\u00e9e\" onerror=\"this.style.display='none'\" loading=\"lazy\" \/>\n\t\t\t\t<\/a>\n\t<\/figure>\n\t\t<h4><a href=\"\/fr\/ressources\/consommation-de-substances\/?utm_source=Home&#038;utm_medium=Referral&#038;utm_campaign=211Resources&#038;utm_content=Substance\" target=\"_self\">Consommation de substances<\/a><\/h4><figure itemscope itemtype=\"https:\/\/schema.org\/ImageObject\">\n\t\t\t\t<a href=\"\/fr\/ressources\/consommation-de-substances\/?utm_source=Home&#038;utm_medium=Referral&#038;utm_campaign=211Resources&#038;utm_content=Substance\"  target=\"_self\" itemprop=\"url\">\n\t\t\t\t<img decoding=\"async\" src=\"https:\/\/211md.org\/wp-content\/uploads\/bb-plugin\/cache\/2025_MdInfoNet_Icon-Sets_Substance-Abuse-square-9022fec9d18a64118ad685c101885b55-.png\" alt=\"\" onerror=\"this.style.display='none'\" loading=\"lazy\" \/>\n\t\t\t\t<\/a>\n\t<\/figure>\n\t\t<h4><a href=\"\/fr\/ressources\/anciens-combattants\/?utm_source=Home&#038;utm_medium=Referral&#038;utm_campaign=211Resources&#038;utm_content=Veterans\" target=\"_self\">anciens combattants<\/a><\/h4><figure itemscope itemtype=\"https:\/\/schema.org\/ImageObject\">\n\t\t\t\t<a href=\"\/fr\/ressources\/anciens-combattants\/?utm_source=Home&#038;utm_medium=Referral&#038;utm_campaign=211Resources&#038;utm_content=Veterans\"  target=\"_self\" itemprop=\"url\">\n\t\t\t\t<img decoding=\"async\" src=\"https:\/\/211md.org\/wp-content\/uploads\/bb-plugin\/cache\/2025_MdInfoNet_Icon-Sets_Rating-square-6e60d00cce4faa8e0a6d4ad7366aa733-.png\" alt=\"\" onerror=\"this.style.display='none'\" loading=\"lazy\" \/>\n\t\t\t\t<\/a>\n\t<\/figure>\n\t<h2>Obtenez de l&#039;aide du 211 dans d&#039;autres \u00c9tats<\/h2>\n<p>Le 2-1-1 est disponible dans tous les \u00c9tats, le district de Columbia, Porto Rico et une grande partie du Canada. Nos voisins:<\/p>\n<p><a href=\"http:\/\/www.delaware211.org\/\" target=\"_blank\" rel=\"noreferrer noopener\">Delaware<\/a>\u00a0|\u00a0<a href=\"http:\/\/answersplease.dc.gov\/\" target=\"_blank\" rel=\"noreferrer noopener\">District de Colombie<\/a>\u00a0|\u00a0<a href=\"http:\/\/www.nj211.org\/\" target=\"_blank\" rel=\"noreferrer noopener\">New Jersey<\/a>\u00a0|\u00a0<a href=\"http:\/\/www.pa211.org\/\" target=\"_blank\" rel=\"noreferrer noopener\">Pennsylvanie<\/a>\u00a0|\u00a0<a href=\"http:\/\/wv211.org\/\" target=\"_blank\" rel=\"noreferrer noopener\">Virginie-Occidentale<\/a>\u00a0|\u00a0<a href=\"http:\/\/www.211virginia.org\/\" target=\"_blank\" rel=\"noreferrer noopener\">Virginie<\/a><\/p>\n<h6>\n\t\t\tobtenir de l&#039;aide\t<\/h6>","protected":false},"excerpt":{"rendered":"<p>211 Maryland is the state&#8217;s most comprehensive health and human services Information and Referral System. 211 has many ways to get help, depending on what works best for your situation. We have your back when needed most, including the federal shutdown. Learn about the ways to get help and get connected to information and resources.&hellip;<\/p>","protected":false},"author":8,"featured_media":1980,"parent":521,"menu_order":0,"comment_status":"closed","ping_status":"closed","template":"","meta":{"footnotes":""},"class_list":["post-1340","page","type-page","status-publish","has-post-thumbnail","hentry"],"_links":{"self":[{"href":"https:\/\/211md.org\/fr\/wp-json\/wp\/v2\/pages\/1340","targetHints":{"allow":["GET"]}}],"collection":[{"href":"https:\/\/211md.org\/fr\/wp-json\/wp\/v2\/pages"}],"about":[{"href":"https:\/\/211md.org\/fr\/wp-json\/wp\/v2\/types\/page"}],"author":[{"embeddable":true,"href":"https:\/\/211md.org\/fr\/wp-json\/wp\/v2\/users\/8"}],"replies":[{"embeddable":true,"href":"https:\/\/211md.org\/fr\/wp-json\/wp\/v2\/comments?post=1340"}],"version-history":[{"count":11,"href":"https:\/\/211md.org\/fr\/wp-json\/wp\/v2\/pages\/1340\/revisions"}],"predecessor-version":[{"id":34200,"href":"https:\/\/211md.org\/fr\/wp-json\/wp\/v2\/pages\/1340\/revisions\/34200"}],"up":[{"embeddable":true,"href":"https:\/\/211md.org\/fr\/wp-json\/wp\/v2\/pages\/521"}],"wp:featuredmedia":[{"embeddable":true,"href":"https:\/\/211md.org\/fr\/wp-json\/wp\/v2\/media\/1980"}],"wp:attachment":[{"href":"https:\/\/211md.org\/fr\/wp-json\/wp\/v2\/media?parent=1340"}],"curies":[{"name":"wp","href":"https:\/\/api.w.org\/{rel}","templated":true}]}}