{"id":1481,"date":"2021-05-03T12:27:26","date_gmt":"2021-05-03T16:27:26","guid":{"rendered":"https:\/\/211md.org\/?page_id=1481"},"modified":"2026-02-02T08:36:05","modified_gmt":"2026-02-02T13:36:05","slug":"politique-de-confidentialite","status":"publish","type":"page","link":"https:\/\/211md.org\/fr\/privacy-policy\/","title":{"rendered":"Politique de confidentialit\u00e9"},"content":{"rendered":"<p><a href=\"\/fr\/sms\/\">Consultez les conditions d&#039;utilisation de la messagerie texte.<\/a><\/p>\n<p><strong>En vigueur depuis le 29 avril 2022<\/strong><\/p>\n<p>211 Maryland respecte votre vie priv\u00e9e. 211 Maryland peut collecter des informations aupr\u00e8s des utilisateurs de son site Web (\u00ab Site Web \u00bb). Cette politique d\u00e9crit\u00a0:<\/p>\n<ul>\n<li>Les types d&#039;informations que nous pouvons collecter ou que vous pouvez fournir via le site Web.<\/li>\n<li>Nos pratiques de collecte, d&#039;utilisation et de divulgation de ces informations.<\/li>\n<\/ul>\n<p>Cette politique s&#039;applique uniquement aux informations que nous recueillons aupr\u00e8s de vous via notre site Web et dans d&#039;autres communications \u00e9lectroniques envoy\u00e9es via ou en relation avec notre site Web. Cette politique ne s&#039;applique pas aux informations qui\u00a0:<\/p>\n<ul>\n<li>Sont collect\u00e9es sur ou par des sites Web ou applications tiers auxquels vous pouvez acc\u00e9der via notre site Web ou autrement.<\/li>\n<li>Vous fournissez ou sont collect\u00e9es par un tiers. Ces tiers peuvent avoir leurs propres politiques de confidentialit\u00e9, que nous vous encourageons \u00e0 lire avant de leur fournir des informations.<\/li>\n<\/ul>\n<p>Veuillez lire attentivement cette politique pour comprendre nos politiques et pratiques concernant vos informations et comment nous les traiterons. Si vous avez des questions sur cette politique ou sur des sujets qui s&#039;y rapportent, vous pouvez nous contacter \u00e0\u00a0<a href=\"mailto:info@211md.org\">info@211md.org<\/a>.<\/p>\n<h3><strong>Informations que nous recueillons et comment nous les recueillons<\/strong><\/h3>\n<p>Nous pouvons collecter des informations aupr\u00e8s de vous et \u00e0 votre sujet lorsque vous interagissez avec notre site Web\u00a0:<\/p>\n<ul>\n<li>Directement de vous lorsque vous nous le fournissez.<\/li>\n<li>D&#039;autres tiers\u00a0; par exemple, nos partenaires commerciaux.<\/li>\n<li>Automatiquement lorsque vous utilisez certaines fonctionnalit\u00e9s de notre site Web.<\/li>\n<\/ul>\n\n<h3><strong>Informations que vous nous fournissez<\/strong><\/h3>\n<p>Vous pouvez fournir des informations personnelles\u00a0:<\/p>\n<ul>\n<li>Cela vous identifie, y compris, sans s&#039;y limiter, votre nom, adresse postale, adresse e-mail, num\u00e9ro de t\u00e9l\u00e9phone, tout autre identifiant par lequel vous pouvez \u00eatre contact\u00e9 en ligne ou hors ligne, \u00e9tat de r\u00e9sidence, \u00e2ge, sexe, \u00e9cole, langues parl\u00e9es, comptes de m\u00e9dias sociaux , informations de carte de cr\u00e9dit et photographies.<\/li>\n<li>Cela identifie les autres, y compris, sans s&#039;y limiter, les noms des victimes, des t\u00e9moins ou des auteurs de crimes de haine ou d&#039;incidents similaires et les d\u00e9tails des incidents qui affectent ces personnes.<\/li>\n<\/ul>\n<p>Ces informations comprennent\u00a0:<\/p>\n<ul>\n<li>Informations que vous fournissez en remplissant des formulaires. Cela inclut les informations fournies au moment de l&#039;inscription, les informations \u00e9crites sur les candidatures, les informations fournies lors d&#039;un entretien, les informations que vous fournissez lors du signalement d&#039;un incident ou d&#039;un crime de haine et\/ou les informations que vous fournissez lors de la demande de services suppl\u00e9mentaires.<\/li>\n<li>Informations confirmant votre identit\u00e9, votre autorit\u00e9 ou d&#039;autres caract\u00e9ristiques.<\/li>\n<li>Vos r\u00e9ponses aux enqu\u00eates ou questionnaires que nous pouvons vous demander de remplir.<\/li>\n<li>D\u00e9tails des transactions que vous effectuez via notre site Web.<\/li>\n<li>Les informations li\u00e9es \u00e0 votre profil d&#039;utilisateur, y compris votre nom d&#039;utilisateur, votre mot de passe, les questions et r\u00e9ponses de rappel de mot de passe, les int\u00e9r\u00eats, les pr\u00e9f\u00e9rences de communication et toute correspondance que vous nous envoyez.<\/li>\n<li>Informations facultatives que vous pouvez choisir de fournir, pour vous permettre d&#039;avoir une exp\u00e9rience personnalis\u00e9e avec notre site Web et pour nous permettre de vous donner les informations que vous d\u00e9sirez.<\/li>\n<\/ul>\n<p>Vous et d&#039;autres pouvez \u00e9galement fournir des informations \u00e0 publier dans les zones publiques du site Web ou \u00e0 transmettre \u00e0 d&#039;autres utilisateurs du site Web ou \u00e0 des tiers (collectivement, les \u00ab\u00a0Contributions des utilisateurs\u00a0\u00bb). Si vous divulguez des informations dans une contribution utilisateur, ces informations peuvent \u00eatre consult\u00e9es, collect\u00e9es et utilis\u00e9es par d&#039;autres.<\/p>\n\n<h3><strong>Collecte et suivi automatiques des informations<\/strong><\/h3>\n<p>Lorsque vous acc\u00e9dez ou utilisez notre site Web, nous pouvons utiliser la technologie pour collecter automatiquement des informations, notamment\u00a0:<\/p>\n<ul>\n<li><strong>D\u00e9tails d&#039;utilisation.<\/strong>\u00a0Lorsque vous acc\u00e9dez et utilisez le site Web, nous pouvons collecter automatiquement certains d\u00e9tails de votre acc\u00e8s et de votre utilisation du site Web, y compris les donn\u00e9es de localisation, la dur\u00e9e de votre visite sur notre site, les pages vues, les informations sur le flux de clics, l&#039;URL de r\u00e9f\u00e9rence, les journaux et autres les donn\u00e9es de communication et les ressources auxquelles vous acc\u00e9dez et que vous utilisez sur ou via le site Web.<\/li>\n<li><strong>Informations sur l&#039;appareil.<\/strong>\u00a0Nous pouvons collecter des informations sur votre appareil et votre connexion Internet, notamment l&#039;identifiant unique de l&#039;appareil, l&#039;adresse IP, le syst\u00e8me d&#039;exploitation, le type de navigateur et les informations r\u00e9seau.<\/li>\n<\/ul>\n\n<h3><strong>Technologies de collecte et de suivi des informations<\/strong><\/h3>\n<p>Nous pouvons collaborer avec des r\u00e9seaux publicitaires et d&#039;autres fournisseurs de services de diffusion d&#039;annonces (\u00ab Fournisseurs de Publicit\u00e9 \u00bb) qui diffusent des publicit\u00e9s pour notre compte et celui d&#039;autres utilisateurs sur des plateformes non affili\u00e9es. Certaines de ces publicit\u00e9s peuvent \u00eatre personnalis\u00e9es, c&#039;est-\u00e0-dire qu&#039;elles sont con\u00e7ues pour vous int\u00e9resser en fonction des informations que les Fournisseurs de Publicit\u00e9 collectent sur votre utilisation du Site et d&#039;autres sites ou applications au fil du temps, notamment des informations sur les interactions entre les diff\u00e9rents navigateurs et appareils. Ce type de publicit\u00e9 est appel\u00e9 publicit\u00e9 cibl\u00e9e par centres d&#039;int\u00e9r\u00eat.<\/p>\n<p>Nous pouvons \u00e9galement travailler avec des tiers qui collectent des donn\u00e9es sur votre utilisation du site Web et d&#039;autres sites ou applications au fil du temps \u00e0 des fins non publicitaires. Les technologies que nous utilisons pour la collecte automatique d&#039;informations sur notre site Web peuvent inclure\u00a0:<\/p>\n<ul>\n<li><strong>Biscuits.<\/strong>\u00a0Comme la plupart des sites Web, 211 Maryland et nos fournisseurs d&#039;analyse tiers peuvent utiliser des cookies sur le site Web. Un cookie est un petit fichier d\u00e9pos\u00e9 sur votre appareil pour permettre une analyse de votre utilisation du Site. Par exemple, les cookies peuvent \u00eatre utilis\u00e9s pour fournir un contenu personnalis\u00e9 ou surveiller l&#039;efficacit\u00e9 du site Web.<\/li>\n<li><strong>Cookies Flash.<\/strong>\u00a0Certaines fonctionnalit\u00e9s du site Web peuvent utiliser des objets stock\u00e9s locaux (ou cookies Flash) pour collecter et stocker des informations sur vos pr\u00e9f\u00e9rences et votre navigation vers, depuis et sur le site Web.<\/li>\n<li><strong>Balises Web et autres technologies.<\/strong>\u00a0Nous pouvons utiliser la technologie Internet standard, telle que les balises Web (\u00e9galement appel\u00e9es gifs clairs, pixels invisibles et gifs \u00e0 pixel unique) et d&#039;autres technologies similaires, pour suivre votre utilisation du site Web, compter les utilisateurs qui ont visit\u00e9 certaines pages et v\u00e9rifier l&#039;int\u00e9grit\u00e9 du syst\u00e8me et du serveur.<\/li>\n<li><strong>Google.<\/strong>\u00a0211 Maryland utilise Google Analytics et d&#039;autres services tiers pour am\u00e9liorer les performances du Site et \u00e0 des fins d&#039;analyse et de marketing. Pour plus d&#039;informations sur la mani\u00e8re dont Google Analytics collecte et utilise les donn\u00e9es lorsque vous utilisez notre site, visitez\u00a0<a href=\"https:\/\/policies.google.com\/technologies\/partner-sites\" target=\"_blank\" rel=\"noopener\">www.google.com\/policies\/privacy\/partners<\/a>, et pour d\u00e9sactiver Google Analytics, visitez\u00a0<a href=\"https:\/\/tools.google.com\/dlpage\/gaoptout\" target=\"_blank\" rel=\"noopener\">tools.google.com\/dlpage\/gaoptout<\/a>\u00a0Nous pouvons utiliser Google Analytics, un service d&#039;analyse Web fourni par un tiers.<\/li>\n<\/ul>\n<p>Votre navigateur peut offrir des outils pour limiter l&#039;utilisation des cookies ou pour supprimer les cookies, cependant, si vous utilisez ces outils, notre site Web peut ne pas fonctionner comme pr\u00e9vu.<\/p>\n\n<h3><strong>Comment nous utilisons vos informations<\/strong><\/h3>\n<p>Les informations d&#039;utilisation du site Web et les informations que nous recueillons automatiquement nous aident \u00e0 am\u00e9liorer le site Web et \u00e0 offrir une exp\u00e9rience meilleure et plus personnalis\u00e9e en nous permettant de\u00a0:<\/p>\n<ul>\n<li>Estimez nos mod\u00e8les d&#039;utilisation.<\/li>\n<li>Stocker des informations sur vos pr\u00e9f\u00e9rences, nous permettant de personnaliser le site Web.<\/li>\n<li>Compilez des informations sur les crimes haineux et les incidents similaires.<\/li>\n<li>Acc\u00e9l\u00e9rez vos recherches et vous aide \u00e0 acc\u00e9der efficacement \u00e0 l&#039;information.<\/li>\n<li>Vous reconna\u00eetre lorsque vous utilisez le site Web.<\/li>\n<li>Aider \u00e0 diagnostiquer les probl\u00e8mes avec nos serveurs et \u00e0 administrer le site Web.<\/li>\n<li>Suivre les entr\u00e9es, les soumissions et le statut dans toutes les parties interactives du site Web.<\/li>\n<li>Surveiller l&#039;efficacit\u00e9 du site Web et des mesures agr\u00e9g\u00e9es.<\/li>\n<\/ul>\n<p>Nous utilisons les informations que nous recueillons \u00e0 votre sujet ou que vous nous fournissez, y compris toute information personnelle, pour\u00a0:<\/p>\n<ul>\n<li>Vous fournir le site Web et toute autre information, produit ou service que vous nous demandez.<\/li>\n<li>Vous fournir le contenu du site Web et ses fonctionnalit\u00e9s interactives.<\/li>\n<li>Vous contacter au sujet des crimes haineux et des incidents similaires que vous nous signalez.<\/li>\n<li>Vous permettre de travailler, de consulter ou de faire du b\u00e9n\u00e9volat pour nous.<\/li>\n<li>Traiter votre don.<\/li>\n<li>D\u00e9velopper des statistiques.<\/li>\n<li>\u00c9valuez votre candidature ou votre inscription pour recevoir des programmes et des services de notre part.<\/li>\n<li>Vous informer de votre compte ou de votre inscription.<\/li>\n<li>Vous fournir des communications marketing ou des newsletters.<\/li>\n<li>Ex\u00e9cuter nos obligations et faire valoir nos droits d\u00e9coulant de tout contrat conclu entre vous et nous.<\/li>\n<li>Vous avertir lorsque des mises \u00e0 jour de notre site Web sont disponibles et vous informer des modifications apport\u00e9es aux services que nous offrons ou fournissons.<\/li>\n<li>Pour remplir le but pour lequel vous le fournissez. Par exemple, si vous nous donnez une adresse e-mail pour utiliser une fonctionnalit\u00e9 de messagerie du site Web.<\/li>\n<li>\u00c0 des fins internes, si n\u00e9cessaire.<\/li>\n<li>Pour se conformer aux lois applicables.<\/li>\n<li>Pour toute autre fin avec votre consentement.<\/li>\n<\/ul>\n\n<h3><strong>Divulgation de vos informations<\/strong><\/h3>\n<p>Nous pouvons divulguer des informations agr\u00e9g\u00e9es sur nos utilisateurs et des informations qui n&#039;identifient aucun individu ou appareil, sans restriction.<\/p>\n<p>En outre, nous pouvons divulguer les informations que nous collectons ou que vous fournissez\u00a0:<\/p>\n<ul>\n<li>\u00c0 nos filiales, soci\u00e9t\u00e9s affili\u00e9es et agents.<\/li>\n<li>Aux sous-traitants, prestataires de services et autres tiers que nous utilisons pour soutenir nos activit\u00e9s.<\/li>\n<li>Au Bureau des affaires d&#039;immigration, aux forces de l&#039;ordre locales ou \u00e0 d&#039;autres agences pour signaler des incidents, y compris des crimes haineux, ou au Bureau des initiatives communautaires du gouverneur, au Centre de coordination et d&#039;analyse du Maryland (MCAC) ou \u00e0 des entit\u00e9s similaires pour le partage de donn\u00e9es et la sensibilisation du public.<\/li>\n<li>\u00c0 un acheteur ou autre successeur en cas de fusion, cession, restructuration, r\u00e9organisation, dissolution ou autre vente ou transfert de tout ou partie des actifs de 211 Maryland, que ce soit dans le cadre d&#039;une activit\u00e9 en activit\u00e9 ou dans le cadre d&#039;une faillite, liquidation ou similaire proc\u00e9dure, dans laquelle les informations personnelles d\u00e9tenues par 211 Maryland sur les utilisateurs de notre site Web font partie des actifs transf\u00e9r\u00e9s.<\/li>\n<li>Pour se conformer \u00e0 toute ordonnance d&#039;un tribunal, loi ou proc\u00e9dure judiciaire, y compris pour r\u00e9pondre \u00e0 toute demande de coop\u00e9ration de la part d&#039;un organisme d&#039;application de la loi, de r\u00e9glementation ou d&#039;un autre organisme gouvernemental, ou pour \u00e9tablir, faire respecter ou appliquer nos conditions d&#039;utilisation ou nos droits ou recours d\u00e9coulant de tout les contrats conclus entre vous et nous, et d&#039;autres accords, y compris pour la facturation et la collecte. Dans de tels cas, nous pouvons soulever ou renoncer \u00e0 toute objection l\u00e9gale ou droit \u00e0 notre disposition, \u00e0 notre seule discr\u00e9tion.<\/li>\n<li>Si nous pensons que la divulgation est n\u00e9cessaire ou appropri\u00e9e dans le cadre des efforts visant \u00e0 enqu\u00eater, pr\u00e9venir, signaler ou prendre d&#039;autres mesures concernant une activit\u00e9 ill\u00e9gale, une fraude pr\u00e9sum\u00e9e ou d&#039;autres actes r\u00e9pr\u00e9hensibles\u00a0; pour prot\u00e9ger ou d\u00e9fendre les droits, la propri\u00e9t\u00e9 ou la s\u00e9curit\u00e9 de 211 Maryland ou d&#039;autres personnes. Cela inclut l&#039;\u00e9change d&#039;informations avec d&#039;autres soci\u00e9t\u00e9s et organisations \u00e0 des fins de protection contre la fraude et de r\u00e9duction du risque de cr\u00e9dit.<\/li>\n<li>Pour signaler des soup\u00e7ons de maltraitance, de n\u00e9gligence, de maltraitance d&#039;enfants, de crimes haineux ou d&#039;incidents similaires.<\/li>\n<li>Aux personnes divulgu\u00e9es par nous lorsque vous fournissez les informations.<\/li>\n<li>\u00c0 d&#039;autres personnes ou entit\u00e9s avec votre consentement ou autrement divulgu\u00e9 au moment de la collecte.<\/li>\n<\/ul>\n\n<h3><strong>Vos choix<\/strong><\/h3>\n<p>Lorsque vous vous inscrivez ou nous contactez via le site Web, vous pouvez \u00eatre configur\u00e9 pour recevoir des e-mails, sauf si vous indiquez que vous ne souhaitez pas recevoir d&#039;e-mails. \u00c0 tout moment, vous pouvez choisir de ne plus recevoir de tels e-mails en suivant les instructions figurant dans les e-mails, ou en nous envoyant un e-mail indiquant votre demande \u00e0\u00a0<u>info@211md.org<\/u><\/p>\n<p>Si vous ne souhaitez pas que vos coordonn\u00e9es soient utilis\u00e9es par 211 Maryland pour promouvoir nos programmes ou services, vous pouvez vous d\u00e9sinscrire en nous envoyant une lettre ou un e-mail indiquant votre demande.<\/p>\n<p>Pour conna\u00eetre les choix concernant les activit\u00e9s publicitaires et les analyses de tiers bas\u00e9es sur les int\u00e9r\u00eats, veuillez consulter la section \u00ab\u00a0Technologies de collecte et de suivi des informations\u00a0\u00bb ci-dessus.<\/p>\n\n<h3><strong>Liens tiers<\/strong><\/h3>\n<p>Le site Web peut fournir des liens vers des sites Web ou des applications tiers. Nous ne contr\u00f4lons pas les pratiques de confidentialit\u00e9 de ces sites Web ou applications, et ils ne sont pas couverts par cette politique de confidentialit\u00e9. Vous devriez consulter les politiques de confidentialit\u00e9 des autres sites Web ou applications que vous utilisez pour en savoir plus sur leurs pratiques en mati\u00e8re de donn\u00e9es.<\/p>\n\n<h3><strong>Acc\u00e8s et correction de vos informations personnelles<\/strong><\/h3>\n<p>Vous pouvez nous appeler, nous envoyer un e-mail ou nous contacter d&#039;une autre mani\u00e8re pour demander l&#039;acc\u00e8s, la correction ou la suppression des informations personnelles que vous nous avez fournies. Dans certains cas, nous ne pouvons pas supprimer vos informations personnelles, sauf en supprimant \u00e9galement votre compte d&#039;utilisateur ou en mettant fin \u00e0 tous les services que vous utilisez actuellement ou que vous recevez de 211 Maryland. Nous pouvons ne pas accepter une demande de modification d&#039;informations si nous pensons que la modification violerait une loi ou une exigence l\u00e9gale ou rendrait les informations incorrectes.<\/p>\n\n<h3><strong>Collecte d&#039;informations pour les enfants\u00a0<\/strong><\/h3>\n<p>Nous ne recueillons des informations sur les personnes de moins de 13 ans qu&#039;avec le consentement parental. Si nous apprenons que nous avons collect\u00e9 ou re\u00e7u des informations personnelles d&#039;un enfant de moins de 13 ans, nous supprimerons ces informations \u00e0 la demande des parents.<\/p>\n\n<h3><strong>Modifications de notre politique de confidentialit\u00e9<\/strong><\/h3>\n<p>Nous pouvons mettre \u00e0 jour notre politique de confidentialit\u00e9 de temps \u00e0 autre. Nous vous encourageons \u00e0 visiter cette page p\u00e9riodiquement pour prendre connaissance des mises \u00e0 jour.<\/p>\n\n<h3><strong>Coordonn\u00e9es<\/strong><\/h3>\n<p>Pour poser des questions ou obtenir plus d&#039;informations sur cette politique de confidentialit\u00e9 et nos pratiques de confidentialit\u00e9, veuillez nous contacter \u00e0 :<\/p>\n211 Maryland<br \/>\n9770 promenade Patuxent Woods<br \/>\nBureau 334<br \/>\nColombie, MD 21046<br \/>\nT\u00e9l\u00e9phone : 301-970-9888<br \/>\nE-mail:\u00a0<a href=\"mailto:info@211md.org\">info@211md.org<\/a>\n<p>Derni\u00e8re r\u00e9vision le 02\/05\/2022<\/p>\n\t<h2><strong>211 Politique de sollicitations et de dons volontaires du Maryland<\/strong><\/h2>\n<p>Les contributeurs les plus r\u00e9actifs sont ceux qui ont la possibilit\u00e9 de s&#039;informer et de s&#039;impliquer. Nous encourageons donc le don volontaire dans nos relations avec les donateurs, les employ\u00e9s, les b\u00e9n\u00e9voles et les fournisseurs.<\/p>\n<p>Nous respecterons les droits des donateurs \u00e0 :<\/p>\n<ul>\n<li>Soyez inform\u00e9 de la mission de 211 Maryland, de la mani\u00e8re dont les ressources seront utilis\u00e9es et du fait que les dons sont utilis\u00e9s efficacement aux fins pr\u00e9vues.<\/li>\n<li>\u00catre inform\u00e9 de l&#039;identit\u00e9 des personnes si\u00e9geant au conseil d&#039;administration et s&#039;attendre \u00e0 ce que le conseil exerce un jugement prudent dans ses responsabilit\u00e9s de g\u00e9rance.<\/li>\n<li>Acc\u00e9dez aux rapports financiers les plus r\u00e9cents de 211 Maryland.<\/li>\n<li>Recevoir la reconnaissance et la reconnaissance appropri\u00e9es.<\/li>\n<li>Soyez assur\u00e9 que les informations sur leurs cadeaux sont trait\u00e9es avec respect et confidentialit\u00e9 dans la mesure pr\u00e9vue par la loi.<\/li>\n<li>Attendez-vous \u00e0 ce que toutes les relations avec les personnes employ\u00e9es par 211 Maryland envers le donateur soient de nature professionnelle.<\/li>\n<li>Avoir la possibilit\u00e9 de faire supprimer leur nom des listes de distribution.<\/li>\n<li>N&#039;h\u00e9sitez pas \u00e0 poser des questions lorsque vous faites un don et \u00e0 recevoir des r\u00e9ponses rapides et v\u00e9ridiques.<\/li>\n<\/ul>\n<p>Les donateurs ayant des inqui\u00e9tudes doivent contacter notre ligne d&#039;assistance aux donateurs par\u00a0: e-mail \u00e0\u00a0<a href=\"mailto:info@211md.org\">info@211md.org<\/a>.<\/p>","protected":false},"excerpt":{"rendered":"<p>Consultez les conditions g\u00e9n\u00e9rales de messagerie texte. \u00c0 compter du 29 avril 2022, 211 Maryland respecte votre vie priv\u00e9e. 211 Maryland peut collecter des informations aupr\u00e8s des utilisateurs de son site Web (\u00ab Site Web \u00bb). Cette politique d\u00e9crit\u00a0: Les types d&#039;informations que nous pouvons collecter ou que vous pouvez fournir via le site Web. Nos pratiques en mati\u00e8re de collecte, d\u2019utilisation et de divulgation de ces informations\u2026<\/p>","protected":false},"author":8,"featured_media":0,"parent":0,"menu_order":0,"comment_status":"closed","ping_status":"closed","template":"","meta":{"footnotes":""},"class_list":["post-1481","page","type-page","status-publish","hentry"],"_links":{"self":[{"href":"https:\/\/211md.org\/fr\/wp-json\/wp\/v2\/pages\/1481","targetHints":{"allow":["GET"]}}],"collection":[{"href":"https:\/\/211md.org\/fr\/wp-json\/wp\/v2\/pages"}],"about":[{"href":"https:\/\/211md.org\/fr\/wp-json\/wp\/v2\/types\/page"}],"author":[{"embeddable":true,"href":"https:\/\/211md.org\/fr\/wp-json\/wp\/v2\/users\/8"}],"replies":[{"embeddable":true,"href":"https:\/\/211md.org\/fr\/wp-json\/wp\/v2\/comments?post=1481"}],"version-history":[{"count":0,"href":"https:\/\/211md.org\/fr\/wp-json\/wp\/v2\/pages\/1481\/revisions"}],"wp:attachment":[{"href":"https:\/\/211md.org\/fr\/wp-json\/wp\/v2\/media?parent=1481"}],"curies":[{"name":"wp","href":"https:\/\/api.w.org\/{rel}","templated":true}]}}