{"id":1684,"date":"2021-05-12T00:22:30","date_gmt":"2021-05-12T00:22:30","guid":{"rendered":"https:\/\/211md.org\/?page_id=1684"},"modified":"2025-10-29T07:02:09","modified_gmt":"2025-10-29T11:02:09","slug":"comte-de-worcester","status":"publish","type":"page","link":"https:\/\/211md.org\/fr\/resources-by-county\/worcester-county\/","title":{"rendered":"Trouver de l&#039;aide dans le comt\u00e9 de Worcester"},"content":{"rendered":"<p>Cherchez-vous de l&#039;aide \u00e0 Ocean City, Berlin, Ocean Pines, Sinepuxent, Newark, Whiteburg, Newark, Pocomoke City ou dans une autre communaut\u00e9 du comt\u00e9 de Worcester ? Connectez-vous au soutien communautaire en recherchant dans la base de donn\u00e9es 211 ou en appelant et en parlant \u00e0 une personne attentionn\u00e9e et compatissante qui peut identifier vos besoins et vous mettre en contact avec le soutien communautaire.<\/p>\n\t\t<h2>\t\n\tComposez le 211<\/h2><p>R\u00e9sidents du comt\u00e9 de Worcester\u00a0: composez le 211 si vous avez besoin d&#039;aide pour trouver de la nourriture, des services publics ou une aide financi\u00e8re. Nous vous mettrons en contact avec des ressources communautaires. Le 211 est disponible quand vous en avez le plus besoin. Appelez-le 24\u00a0h\/24, 7\u00a0j\/7, 365\u00a0j\/an.<\/p>\n<p>&nbsp;<\/p>\n\t\t\t\t<img decoding=\"async\" src=\"http:\/\/211md.org\/wp-content\/uploads\/2022\/09\/Woman-holding-utility-bill-and-needing-help-paying-it.jpg\" alt=\"Femme tenant une facture de services publics et additionnant les co\u00fbts\" itemprop=\"image\" title=\"Femme-tenant-une-facture-d&#039;utilit\u00e9-et-ayant-besoin-d&#039;aide-pour-la-payer\" onerror=\"this.style.display='none'\" loading=\"lazy\" \/>\n\t\t\t\t<img decoding=\"async\" src=\"https:\/\/211md.org\/wp-content\/plugins\/bb-plugin\/img\/pixel.png\" alt=\"\" itemprop=\"image\" onerror=\"this.style.display='none'\" loading=\"lazy\" \/>\n\t<h2>Assistance utilitaire<\/h2>\n<p>Si vous avez besoin d&#039;aide pour payer votre facture d&#039;\u00e9lectricit\u00e9, contactez <a href=\"https:\/\/search.211md.org\/search\/c4973704d435d8a3a48d69c75180c661\" target=\"_blank\" rel=\"noopener\">RENFORCEZ-VOUS\u00a0! Comt\u00e9 de Worcester<\/a>. L&#039;organisme peut vous aider \u00e0 demander une aide \u00e9nerg\u00e9tique aupr\u00e8s de l&#039;\u00c9tat. <\/p>\n<p>Il existe plusieurs programmes qui peuvent vous aider \u00e0 payer vos factures de services publics, notamment\u00a0:<\/p>\n<ul>\n<li>Chauffage domestique \u2013 Programme d\u2019assistance \u00e9nerg\u00e9tique du Maryland (MEAP)<\/li>\n<li>Pr\u00e9vention des coupures de courant pour les personnes \u00e0 faible revenu pendant la saison de chauffage \u2013 Programme de protection des services publics (USPP)<\/li>\n<li>\u00c9lectricit\u00e9 \u2013 Programme de service universel \u00e9lectrique (EUSP)<\/li>\n<li>Factures en souffrance \u2013 Aide \u00e0 la retraite en cas d\u2019arri\u00e9r\u00e9s<\/li>\n<\/ul>\n<p>Le 211 fournit \u00e9galement des d\u00e9tails sur les qualifications et la bonne fa\u00e7on de remplir les formulaires afin que votre candidature ne soit pas retard\u00e9e. <a href=\"https:\/\/211md.org\/fr\/ressources\/assistance-utilitaire\/\" target=\"_blank\" rel=\"noopener\">En savoir plus sur les programmes d&#039;assistance aux services publics<\/a>.<\/p>\n<p>Vous pouvez d\u00e9poser vos candidatures \u00e0 SHORE UP! \u00e0 Newark, Maryland, ou dans des endroits dans les comt\u00e9s voisins, notamment Salisbury dans le comt\u00e9 de Wicomico et Princess Anne dans le comt\u00e9 de Somerset. <a href=\"https:\/\/shoreup.org\/housing\/energy-assistance\/\" target=\"_blank\" rel=\"noopener\">Trouver un emplacement pr\u00e8s de chez vous<\/a>.<\/p>\n<p>Vous devez pr\u00e9senter une nouvelle demande chaque ann\u00e9e fiscale, qui s&#039;\u00e9tend de juillet \u00e0 juin.<\/p>\n<h3>Am\u00e9liorations r\u00e9sidentielles \u00e9conomes en \u00e9nergie<\/h3>\n<p>R\u00e9tablissez-vous\u00a0! peut aussi aider <a href=\"https:\/\/shoreup.org\/housing\/energy-efficiency-improvement\/\" target=\"_blank\" rel=\"noopener\">r\u00e9f\u00e9rer<\/a> les propri\u00e9taires \u00e9ligibles \u00e0 revenus faibles \u00e0 mod\u00e9r\u00e9s aux programmes d&#039;am\u00e9lioration de l&#039;efficacit\u00e9 \u00e9nerg\u00e9tique de l&#039;habitat par l&#039;interm\u00e9diaire du minist\u00e8re du Logement et du D\u00e9veloppement communautaire du Maryland.<\/p>\n<p>Ces am\u00e9liorations peuvent r\u00e9duire votre consommation, vos pertes et votre efficacit\u00e9 \u00e9nerg\u00e9tique.<\/p>\n\t<h2><strong>Aide financi\u00e8re d&#039;urgence<\/strong> <\/h2>\n<p>Une aide financi\u00e8re d&#039;urgence est disponible dans le comt\u00e9 de Worcester aupr\u00e8s du <a href=\"https:\/\/worcestergold.org\/\" target=\"_blank\" rel=\"noopener\">Donner la dignit\u00e9 aux autres vies (OR)<\/a> \u00c0 but non lucratif. Cependant, vous devez acc\u00e9der \u00e0 ce soutien par l&#039;interm\u00e9diaire du 211 ou d&#039;un partenaire communautaire, car le programme GOLD n&#039;est pas ouvert au public.<\/p>\n<p>Les programmes disponibles comprennent\u00a0:<\/p>\n<ul>\n<li>pr\u00e9vention des expulsions<\/li>\n<li>premier mois de loyer pour les personnes sans abri permanent qui d\u00e9m\u00e9nagent dans un logement \u00e0 long terme.<\/li>\n<li>assistance utilitaire<\/li>\n<li>besoins de soins de sant\u00e9 d&#039;urgence<\/li>\n<li>nourriture<\/li>\n<li>articles m\u00e9nagers<\/li>\n<li>v\u00eatements<\/li>\n<li>aide \u00e0 l&#039;emploi d&#039;urgence (minutes t\u00e9l\u00e9phoniques, v\u00eatements\/\u00e9quipement, frais de permis)<\/li>\n<\/ul>\n<p>Si vous avez besoin d&#039;aide pour r\u00e9pondre \u00e0 l&#039;un de ces besoins essentiels, connectez-vous au 2-1-1 ou \u00e0 un partenaire communautaire du comt\u00e9 de Worcester.<\/p>\n<p>&nbsp;<\/p>\n<h2>Services sociaux du comt\u00e9 de Worcester<\/h2>\n<p>Contacter le <a href=\"https:\/\/dhs.maryland.gov\/local-offices\/worcester-county\/\" target=\"_blank\" rel=\"noopener\">D\u00e9partement des services sociaux du comt\u00e9 de Worcester<\/a> si vous avez besoin d&#039;aide pour demander des prestations gouvernementales telles que des bons d&#039;alimentation ou SNAP, une bourse de garde d&#039;enfants ou un autre programme<\/p>\n<h2><b><br \/>\nAide juridique<\/b><\/h2>\n<p>Si vous avez un probl\u00e8me juridique, que vous n&#039;\u00eates pas repr\u00e9sent\u00e9 et que vous avez besoin d&#039;aide, vous pouvez \u00eatre admissible aux services \u00e0 la famille. <a href=\"https:\/\/mdcourts.gov\/circuit\/worcester\/family#prose\" target=\"_blank\" rel=\"noopener\">Pro<\/a><a href=\"https:\/\/mdcourts.gov\/circuit\/worcester\/family#prose\" target=\"_blank\" rel=\"noopener\"> Se<\/a><a href=\"https:\/\/mdcourts.gov\/circuit\/worcester\/family#prose\" target=\"_blank\" rel=\"noopener\"> Assistant<\/a><a href=\"https:\/\/mdcourts.gov\/circuit\/worcester\/family#prose\" target=\"_blank\" rel=\"noopener\">ce<\/a><a href=\"https:\/\/mdcourts.gov\/circuit\/worcester\/family#prose\" target=\"_blank\" rel=\"noopener\"> Clinique<\/a>.<\/p>\n<p>Le projet Pro Se sur le droit de la famille fournit une aide et des conseils juridiques, il est donc plus facile de remplir des formulaires d&#039;auto-repr\u00e9sentation en cas de divorce, de violence domestique, de garde, de changement de nom, de visite et de modification de la pension alimentaire pour enfants. Appelez le 410-632-5638.<\/p>\n<p><a href=\"https:\/\/www.mdlab.org\/contact-us\/\" target=\"_blank\" rel=\"noopener\">L&#039;aide juridique<\/a> Le bureau de Salisbury propose \u00e9galement une assistance pour les questions de droit civil, notamment le logement, le droit de la famille, l&#039;emploi, les prestations sociales et les questions de consommation et financi\u00e8res. Le bureau de Salisbury dessert la Basse-C\u00f4te Est, y compris le comt\u00e9 de Worcester.<\/p>\n<p>&nbsp;<\/p>\n<h3><b>Rechercher de l&#039;aide par cat\u00e9gorie\u00a0<\/b><\/h3>\n<p>Vous pouvez \u00e9galement trouver des ressources pour d\u2019autres besoins essentiels en choisissant une cat\u00e9gorie ci-dessous. <\/p>\n<p>Vous pouvez \u00e9galement composer le 211 \u00e0 tout moment de la journ\u00e9e pour qu&#039;un sp\u00e9cialiste de l&#039;information et de l&#039;orientation vous mette en contact avec la meilleure ressource du comt\u00e9 de Worcester et des environs.<\/p>\n\t\t<h4><a href=\"\/fr\/ressources\/vieillissement-handicap\/?utm_source=Home&#038;utm_medium=Referral&#038;utm_campaign=211Resources&#038;utm_content=Aging\" target=\"_self\">Vieillissement &amp; Handicap<\/a><\/h4>\n\t\t\t\t<a href=\"\/fr\/ressources\/vieillissement-handicap\/?utm_source=Home&#038;utm_medium=Referral&#038;utm_campaign=211Resources&#038;utm_content=Aging\"  target=\"_self\" itemprop=\"url\">\n\t\t\t\t<img decoding=\"async\" src=\"https:\/\/211md.org\/wp-content\/uploads\/bb-plugin\/cache\/2025_MdInfoNet_Icon-Sets_Aging-disability-square-c466727102cae71e5f27b8539bb51945-.png\" alt=\"\" itemprop=\"image\" onerror=\"this.style.display='none'\" loading=\"lazy\" \/>\n\t\t\t\t<\/a>\n\t\t<h4><a href=\"\/fr\/ressources\/enfants-familles\/?utm_source=Home&#038;utm_medium=Referral&#038;utm_campaign=211Resources&#038;utm_content=Children\" target=\"_self\">Enfants et familles<\/a><\/h4>\n\t\t\t\t<a href=\"\/fr\/ressources\/enfants-familles\/?utm_source=Home&#038;utm_medium=Referral&#038;utm_campaign=211Resources&#038;utm_content=Children\"  target=\"_self\" itemprop=\"url\">\n\t\t\t\t<img decoding=\"async\" src=\"https:\/\/211md.org\/wp-content\/uploads\/bb-plugin\/cache\/2025_211_Icon-Sets_Child-care-square-f3b0d4edab3dcc467fadb5f55f4064c6-.png\" alt=\"2025_211_Ensembles d&#039;ic\u00f4nes_Garde d&#039;enfants\" itemprop=\"image\" height=\"417\" width=\"417\" title=\"2025_211_Ensembles d&#039;ic\u00f4nes_Garde d&#039;enfants\" onerror=\"this.style.display='none'\" loading=\"lazy\" \/>\n\t\t\t\t<\/a>\n\t\t<h4><a href=\"\/fr\/ressources\/violence-familiale-domestique\/?utm_source=Home&#038;utm_medium=Referral&#038;utm_campaign=211Resources&#038;utm_content=Domestic\" target=\"_self\">Violence Domestique<\/a><\/h4>\n\t\t\t\t<a href=\"\/fr\/ressources\/violence-familiale-domestique\/?utm_source=Home&#038;utm_medium=Referral&#038;utm_campaign=211Resources&#038;utm_content=Domestic\"  target=\"_self\" itemprop=\"url\">\n\t\t\t\t<img decoding=\"async\" src=\"https:\/\/211md.org\/wp-content\/uploads\/bb-plugin\/cache\/2025_211_Icon-Sets_Domestic-Violence-square-7b597694a6f05fe90cdc376aa573bc63-.png\" alt=\"Ic\u00f4ne de violence domestique\" itemprop=\"image\" height=\"417\" width=\"417\" title=\"2025_211_Ensembles d&#039;ic\u00f4nes_Violence domestique\" onerror=\"this.style.display='none'\" loading=\"lazy\" \/>\n\t\t\t\t<\/a>\n\t\t<h4><a href=\"\/fr\/ressources\/recherche-demploi\/?utm_source=Home&#038;utm_medium=Referral&#038;utm_campaign=211Resources&#038;utm_content=Employment\" target=\"_self\">Emploi<\/a><\/h4>\n\t\t\t\t<a href=\"\/fr\/ressources\/recherche-demploi\/?utm_source=Home&#038;utm_medium=Referral&#038;utm_campaign=211Resources&#038;utm_content=Employment\"  target=\"_self\" itemprop=\"url\">\n\t\t\t\t<img decoding=\"async\" src=\"https:\/\/211md.org\/wp-content\/uploads\/bb-plugin\/cache\/2025_MdInfoNet_Icon-Sets_Employment-square-44707bd410e4df10a470bf130ebcea86-.png\" alt=\"\" itemprop=\"image\" onerror=\"this.style.display='none'\" loading=\"lazy\" \/>\n\t\t\t\t<\/a>\n\t\t<h4><a href=\"\/fr\/ressources\/soins-de-sante\/?utm_source=Home&#038;utm_medium=Referral&#038;utm_campaign=211Resources&#038;utm_content=Health%20Care\" target=\"_self\">Soins de sant\u00e9<\/a><\/h4>\n\t\t\t\t<a href=\"\/fr\/ressources\/soins-de-sante\/?utm_source=Home&#038;utm_medium=Referral&#038;utm_campaign=211Resources&#038;utm_content=Health%20Care\"  target=\"_self\" itemprop=\"url\">\n\t\t\t\t<img decoding=\"async\" src=\"https:\/\/211md.org\/wp-content\/uploads\/bb-plugin\/cache\/2025_MdInfoNet_Icon-Sets_Health-Care-square-dee98a0060cbe0e7f27eda253fc12679-.png\" alt=\"\" itemprop=\"image\" onerror=\"this.style.display='none'\" loading=\"lazy\" \/>\n\t\t\t\t<\/a>\n\t\t<h4><a href=\"\/fr\/ressources\/enfants-familles\/parente\/?utm_source=Home&#038;utm_medium=Referral&#038;utm_campaign=211Resources&#038;utm_content=Kinship\" target=\"_self\">Parent\u00e9<\/a><\/h4>\n\t\t\t\t<a href=\"\/fr\/ressources\/enfants-familles\/parente\/?utm_source=Home&#038;utm_medium=Referral&#038;utm_campaign=211Resources&#038;utm_content=Kinship\"  target=\"_self\" itemprop=\"url\">\n\t\t\t\t<img decoding=\"async\" src=\"https:\/\/211md.org\/wp-content\/uploads\/bb-plugin\/cache\/2025_211_Icon-Sets_Kinship-square-45bdf872866f5735f842c32071109267-.png\" alt=\"Ic\u00f4ne de parent\u00e9\" itemprop=\"image\" height=\"417\" width=\"417\" title=\"2025_211_Ensembles d&#039;ic\u00f4nes_Parent\u00e9\" onerror=\"this.style.display='none'\" loading=\"lazy\" \/>\n\t\t\t\t<\/a>\n\t\t<h4><a href=\"\/fr\/ressources\/services-juridiques\/?utm_source=Home&#038;utm_medium=Referral&#038;utm_campaign=211Resources&#038;utm_content=Legal\" target=\"_self\">Services juridiques<\/a><\/h4>\n\t\t\t\t<a href=\"\/fr\/ressources\/services-juridiques\/?utm_source=Home&#038;utm_medium=Referral&#038;utm_campaign=211Resources&#038;utm_content=Legal\"  target=\"_self\" itemprop=\"url\">\n\t\t\t\t<img decoding=\"async\" src=\"https:\/\/211md.org\/wp-content\/uploads\/bb-plugin\/cache\/2025_MdInfoNet_Icon-Sets_Legal-square-18fdf438feb8435588174d9046463257-.png\" alt=\"\" itemprop=\"image\" onerror=\"this.style.display='none'\" loading=\"lazy\" \/>\n\t\t\t\t<\/a>\n\t\t<h4><a href=\"\/fr\/ressources\/sante-mentale\/?utm_source=Home&#038;utm_medium=Referral&#038;utm_campaign=211Resources&#038;utm_content=Mental\" target=\"_self\">Sant\u00e9 mentale<\/a><\/h4>\n\t\t\t\t<a href=\"\/fr\/ressources\/sante-mentale\/?utm_source=Home&#038;utm_medium=Referral&#038;utm_campaign=211Resources&#038;utm_content=Mental\"  target=\"_self\" itemprop=\"url\">\n\t\t\t\t<img decoding=\"async\" src=\"https:\/\/211md.org\/wp-content\/uploads\/bb-plugin\/cache\/2025_MdInfoNet_Icon-Sets_Mental-Health-square-c59b38c4a993a947d4c9280fbe2d2fee-.png\" alt=\"\" itemprop=\"image\" onerror=\"this.style.display='none'\" loading=\"lazy\" \/>\n\t\t\t\t<\/a>\n\t\t<h4><a href=\"\/fr\/ressources\/mdreentry\/?utm_source=Home&#038;utm_medium=Referral&#038;utm_campaign=211Resources&#038;utm_content=Reentry\" target=\"_self\">Rentr\u00e9e<\/a><\/h4>\n\t\t\t\t<a href=\"\/fr\/ressources\/mdreentry\/?utm_source=Home&#038;utm_medium=Referral&#038;utm_campaign=211Resources&#038;utm_content=Reentry\"  target=\"_self\" itemprop=\"url\">\n\t\t\t\t<img decoding=\"async\" src=\"https:\/\/211md.org\/wp-content\/uploads\/bb-plugin\/cache\/2025_211_Icon-Sets_Reentry-square-8676fea38abd920a832f45642fe31cca-.png\" alt=\"Ic\u00f4ne de rentr\u00e9e\" itemprop=\"image\" height=\"417\" width=\"417\" title=\"2025_211_Ensembles d&#039;ic\u00f4nes_R\u00e9entr\u00e9e\" onerror=\"this.style.display='none'\" loading=\"lazy\" \/>\n\t\t\t\t<\/a>\n\t\t<h4><a href=\"\/fr\/ressources\/consommation-de-substances\/?utm_source=Home&#038;utm_medium=Referral&#038;utm_campaign=211Resources&#038;utm_content=Substance\" target=\"_self\">Consommation de substances<\/a><\/h4>\n\t\t\t\t<a href=\"\/fr\/ressources\/consommation-de-substances\/?utm_source=Home&#038;utm_medium=Referral&#038;utm_campaign=211Resources&#038;utm_content=Substance\"  target=\"_self\" itemprop=\"url\">\n\t\t\t\t<img decoding=\"async\" src=\"https:\/\/211md.org\/wp-content\/uploads\/bb-plugin\/cache\/2025_MdInfoNet_Icon-Sets_Substance-Abuse-square-9022fec9d18a64118ad685c101885b55-.png\" alt=\"\" itemprop=\"image\" onerror=\"this.style.display='none'\" loading=\"lazy\" \/>\n\t\t\t\t<\/a>\n\t\t<h4><a href=\"\/fr\/ressources\/anciens-combattants\/?utm_source=Home&#038;utm_medium=Referral&#038;utm_campaign=211Resources&#038;utm_content=Veterans\" target=\"_self\">anciens combattants<\/a><\/h4>\n\t\t\t\t<a href=\"\/fr\/ressources\/anciens-combattants\/?utm_source=Home&#038;utm_medium=Referral&#038;utm_campaign=211Resources&#038;utm_content=Veterans\"  target=\"_self\" itemprop=\"url\">\n\t\t\t\t<img decoding=\"async\" src=\"https:\/\/211md.org\/wp-content\/uploads\/bb-plugin\/cache\/2025_MdInfoNet_Icon-Sets_Rating-square-6e60d00cce4faa8e0a6d4ad7366aa733-.png\" alt=\"\" itemprop=\"image\" onerror=\"this.style.display='none'\" loading=\"lazy\" \/>\n\t\t\t\t<\/a>","protected":false},"excerpt":{"rendered":"<p>Are you looking for help in Ocean City, Berlin, Ocean Pines, Sinepuxent, Newark, Whiteburg, Newark, Pocomoke City or another Worcester County community? Get connected to community supporting by searching the 211 database or calling and speaking to a caring and compassionate person who can identify your needs and connect you to community support. Dial 211&hellip;<\/p>","protected":false},"author":8,"featured_media":4096,"parent":750,"menu_order":0,"comment_status":"closed","ping_status":"closed","template":"","meta":{"footnotes":""},"class_list":["post-1684","page","type-page","status-publish","has-post-thumbnail","hentry"],"_links":{"self":[{"href":"https:\/\/211md.org\/fr\/wp-json\/wp\/v2\/pages\/1684","targetHints":{"allow":["GET"]}}],"collection":[{"href":"https:\/\/211md.org\/fr\/wp-json\/wp\/v2\/pages"}],"about":[{"href":"https:\/\/211md.org\/fr\/wp-json\/wp\/v2\/types\/page"}],"author":[{"embeddable":true,"href":"https:\/\/211md.org\/fr\/wp-json\/wp\/v2\/users\/8"}],"replies":[{"embeddable":true,"href":"https:\/\/211md.org\/fr\/wp-json\/wp\/v2\/comments?post=1684"}],"version-history":[{"count":3,"href":"https:\/\/211md.org\/fr\/wp-json\/wp\/v2\/pages\/1684\/revisions"}],"predecessor-version":[{"id":34079,"href":"https:\/\/211md.org\/fr\/wp-json\/wp\/v2\/pages\/1684\/revisions\/34079"}],"up":[{"embeddable":true,"href":"https:\/\/211md.org\/fr\/wp-json\/wp\/v2\/pages\/750"}],"wp:featuredmedia":[{"embeddable":true,"href":"https:\/\/211md.org\/fr\/wp-json\/wp\/v2\/media\/4096"}],"wp:attachment":[{"href":"https:\/\/211md.org\/fr\/wp-json\/wp\/v2\/media?parent=1684"}],"curies":[{"name":"wp","href":"https:\/\/api.w.org\/{rel}","templated":true}]}}