{"id":1685,"date":"2021-05-12T00:22:40","date_gmt":"2021-05-12T00:22:40","guid":{"rendered":"https:\/\/211md.org\/?page_id=1685"},"modified":"2025-10-29T07:09:20","modified_gmt":"2025-10-29T11:09:20","slug":"comte-de-somerset","status":"publish","type":"page","link":"https:\/\/211md.org\/fr\/resources-by-county\/somerset-county\/","title":{"rendered":"Comt\u00e9 de Somerset"},"content":{"rendered":"<p>L&#039;aide est disponible dans le comt\u00e9 de Somerset. Recherchez dans la base de donn\u00e9es 211 des ressources \u00e0 Princess Anne, Crisfield, Westover, Deal Island, Marion et d&#039;autres communaut\u00e9s du comt\u00e9 de Somerset.<\/p>\n<p>Vous pouvez \u00e9galement composer le 2-1-1 \u00e0 toute heure du jour ou de la nuit. Nous avons \u00e9galement dress\u00e9 cette liste de ressources avec les agences commun\u00e9ment r\u00e9f\u00e9renc\u00e9es.<\/p>\n<h3><b>Soutien aux besoins essentiels<\/b><\/h3>\n<p><a href=\"https:\/\/shoreup.org\/about-us\/offices-facilities\/\" target=\"_blank\" rel=\"noopener\">RENFORCEZ-VOUS\u00a0!<\/a>\u00a0\u00e0 Princess Anne offre de l&#039;aide pour les demandes de programme d&#039;aide \u00e9nerg\u00e9tique du Maryland, le logement et\u00a0<a href=\"https:\/\/shoreup.org\/family-support\/free-tax-preparation\/\" target=\"_blank\" rel=\"noopener\">pr\u00e9paration fiscale gratuite<\/a>.<\/p>\n<p>Si vous vivez dans le comt\u00e9 de Somerset, il peut y avoir d&#039;autres ressources dans les comt\u00e9s environnants.<\/p>\n<p>211 Les sp\u00e9cialistes de l&#039;information et de l&#039;aiguillage orientent souvent les r\u00e9sidents vers\u00a0<a href=\"https:\/\/thejosephhouse.org\/if-you-need-help\/\" target=\"_blank\" rel=\"noopener\">Centre de crise de la maison Joseph<\/a>\u00a0dans la ville voisine de Salisbury. Il n&#039;y a aucune condition de r\u00e9sidence pour obtenir de l&#039;aide. Vous devez cependant faire la demande en personne pour obtenir de l&#039;aide pour la nourriture ou pour payer une facture.<\/p>\n<p>Si vous avez besoin de nourriture, le\u00a0<a href=\"https:\/\/mdfoodbank.org\/find-food\/\" target=\"_blank\" rel=\"noopener\">Banque alimentaire du Maryland<\/a>\u00a0a une succursale Eastern Shore \u00e0 Salisbury, y compris un programme de garde-manger scolaire.\u00a0<a href=\"https:\/\/mdfoodbank.org\/find-food\/?post%5B0%5D=partner_locations&amp;address%5B0%5D=Somerset%20County%2C%20MD%2C%20USA&amp;distance=100&amp;units=imperial&amp;per_page=50&amp;lat=38.086233&amp;lng=-75.853395&amp;form=1&amp;action=fs\" target=\"_blank\" rel=\"noopener\">Trouver un garde-manger dans le comt\u00e9 de Somerset<\/a>.<\/p>\n<p>&nbsp;<\/p>\n<h3><b>Centre de crise de la vie<\/b><\/h3>\n<p><a href=\"https:\/\/www.lifecrisiscenter.org\/\" target=\"_blank\" rel=\"noopener\">Centre de crise de la vie<\/a>, qui fait partie du r\u00e9seau de centres d&#039;appels 211, r\u00e9pond aux besoins en sant\u00e9 mentale dans le comt\u00e9 de Somerset et dans les communaut\u00e9s environnantes.<\/p>\n<p>Ils proposent des programmes d&#039;intervention en cas de crise et de pr\u00e9vention de la violence pour les victimes de violence domestique, d&#039;agression sexuelle et de maltraitance sur enfants. Les services comprennent un foyer s\u00fbr, une gestion de cas intensive, des visites supervis\u00e9es, des conseils,\u00a0<a href=\"https:\/\/www.lifecrisiscenter.org\/services\/Legal-Services-and-Advocacy.htm\" target=\"_blank\" rel=\"noopener\">services juridiques<\/a>, soutien aux victimes, groupes d&#039;agresseurs et sensibilisation. Ils desservent les comt\u00e9s de Wicomico, Worcester et Somerset.<\/p>\n<p><a href=\"https:\/\/www.lifecrisiscenter.org\/services\/Counseling.htm\" target=\"_blank\" rel=\"noopener\">Th\u00e9rapie<\/a> est offert gratuitement aux victimes de violences conjugales, d&#039;agressions sexuelles et de maltraitance d&#039;enfants. Une th\u00e9rapie est \u00e9galement disponible pour les membres survivants de la famille touch\u00e9s par un homicide dans la r\u00e9gion des trois comt\u00e9s de la c\u00f4te est du Maryland.<\/p>\n<p>Composez le 988 ou envoyez un SMS si vous avez besoin d&#039;une aide imm\u00e9diate en mati\u00e8re de sant\u00e9 mentale, de pens\u00e9es suicidaires, de d\u00e9pression ou de toxicomanie. Vous pouvez \u00e9galement <a href=\"https:\/\/search.988.mdinfonet.org\/\" target=\"_blank\" rel=\"noopener\">rechercher d&#039;autres prestataires de soins de sant\u00e9 mentale<\/a> dans la base de donn\u00e9es de ressources 988 aliment\u00e9e par Maryland Information Network.<\/p>\n<h3><b>Rechercher de l&#039;aide par cat\u00e9gorie\u00a0<\/b><\/h3>\n<p>Besoin d&#039;aide pour autre chose ? Nous vous soutenons. Composez le 2-1-1 pour parler imm\u00e9diatement \u00e0 quelqu&#039;un. Ou effectuez une recherche par cat\u00e9gorie pour trouver une ressource pr\u00e8s de chez vous dans le comt\u00e9 de Somerset.<\/p>\n\t\t<h4><a href=\"\/fr\/ressources\/vieillissement-handicap\/?utm_source=Home&#038;utm_medium=Referral&#038;utm_campaign=211Resources&#038;utm_content=Aging\" target=\"_self\">Vieillissement &amp; Handicap<\/a><\/h4>\n\t\t\t\t<a href=\"\/fr\/ressources\/vieillissement-handicap\/?utm_source=Home&#038;utm_medium=Referral&#038;utm_campaign=211Resources&#038;utm_content=Aging\"  target=\"_self\" itemprop=\"url\">\n\t\t\t\t<img decoding=\"async\" src=\"https:\/\/211md.org\/wp-content\/uploads\/bb-plugin\/cache\/2025_MdInfoNet_Icon-Sets_Aging-disability-square-c466727102cae71e5f27b8539bb51945-.png\" alt=\"\" itemprop=\"image\" onerror=\"this.style.display='none'\" loading=\"lazy\" \/>\n\t\t\t\t<\/a>\n\t\t<h4><a href=\"\/fr\/ressources\/enfants-familles\/?utm_source=Home&#038;utm_medium=Referral&#038;utm_campaign=211Resources&#038;utm_content=Children\" target=\"_self\">Enfants et familles<\/a><\/h4>\n\t\t\t\t<a href=\"\/fr\/ressources\/enfants-familles\/?utm_source=Home&#038;utm_medium=Referral&#038;utm_campaign=211Resources&#038;utm_content=Children\"  target=\"_self\" itemprop=\"url\">\n\t\t\t\t<img decoding=\"async\" src=\"https:\/\/211md.org\/wp-content\/uploads\/bb-plugin\/cache\/2025_211_Icon-Sets_Child-care-square-f3b0d4edab3dcc467fadb5f55f4064c6-.png\" alt=\"2025_211_Ensembles d&#039;ic\u00f4nes_Garde d&#039;enfants\" itemprop=\"image\" height=\"417\" width=\"417\" title=\"2025_211_Ensembles d&#039;ic\u00f4nes_Garde d&#039;enfants\" onerror=\"this.style.display='none'\" loading=\"lazy\" \/>\n\t\t\t\t<\/a>\n\t\t<h4><a href=\"\/fr\/ressources\/violence-familiale-domestique\/?utm_source=Home&#038;utm_medium=Referral&#038;utm_campaign=211Resources&#038;utm_content=Domestic\" target=\"_self\">Violence Domestique<\/a><\/h4>\n\t\t\t\t<a href=\"\/fr\/ressources\/violence-familiale-domestique\/?utm_source=Home&#038;utm_medium=Referral&#038;utm_campaign=211Resources&#038;utm_content=Domestic\"  target=\"_self\" itemprop=\"url\">\n\t\t\t\t<img decoding=\"async\" src=\"https:\/\/211md.org\/wp-content\/uploads\/bb-plugin\/cache\/2025_211_Icon-Sets_Domestic-Violence-square-7b597694a6f05fe90cdc376aa573bc63-.png\" alt=\"Ic\u00f4ne de violence domestique\" itemprop=\"image\" height=\"417\" width=\"417\" title=\"2025_211_Ensembles d&#039;ic\u00f4nes_Violence domestique\" onerror=\"this.style.display='none'\" loading=\"lazy\" \/>\n\t\t\t\t<\/a>\n\t\t<h4><a href=\"\/fr\/ressources\/recherche-demploi\/?utm_source=Home&#038;utm_medium=Referral&#038;utm_campaign=211Resources&#038;utm_content=Employment\" target=\"_self\">Emploi<\/a><\/h4>\n\t\t\t\t<a href=\"\/fr\/ressources\/recherche-demploi\/?utm_source=Home&#038;utm_medium=Referral&#038;utm_campaign=211Resources&#038;utm_content=Employment\"  target=\"_self\" itemprop=\"url\">\n\t\t\t\t<img decoding=\"async\" src=\"https:\/\/211md.org\/wp-content\/uploads\/bb-plugin\/cache\/2025_MdInfoNet_Icon-Sets_Employment-square-44707bd410e4df10a470bf130ebcea86-.png\" alt=\"\" itemprop=\"image\" onerror=\"this.style.display='none'\" loading=\"lazy\" \/>\n\t\t\t\t<\/a>\n\t\t<h4><a href=\"\/fr\/ressources\/soins-de-sante\/?utm_source=Home&#038;utm_medium=Referral&#038;utm_campaign=211Resources&#038;utm_content=Health%20Care\" target=\"_self\">Soins de sant\u00e9<\/a><\/h4>\n\t\t\t\t<a href=\"\/fr\/ressources\/soins-de-sante\/?utm_source=Home&#038;utm_medium=Referral&#038;utm_campaign=211Resources&#038;utm_content=Health%20Care\"  target=\"_self\" itemprop=\"url\">\n\t\t\t\t<img decoding=\"async\" src=\"https:\/\/211md.org\/wp-content\/uploads\/bb-plugin\/cache\/2025_MdInfoNet_Icon-Sets_Health-Care-square-dee98a0060cbe0e7f27eda253fc12679-.png\" alt=\"\" itemprop=\"image\" onerror=\"this.style.display='none'\" loading=\"lazy\" \/>\n\t\t\t\t<\/a>\n\t\t<h4><a href=\"\/fr\/ressources\/enfants-familles\/parente\/?utm_source=Home&#038;utm_medium=Referral&#038;utm_campaign=211Resources&#038;utm_content=Kinship\" target=\"_self\">Parent\u00e9<\/a><\/h4>\n\t\t\t\t<a href=\"\/fr\/ressources\/enfants-familles\/parente\/?utm_source=Home&#038;utm_medium=Referral&#038;utm_campaign=211Resources&#038;utm_content=Kinship\"  target=\"_self\" itemprop=\"url\">\n\t\t\t\t<img decoding=\"async\" src=\"https:\/\/211md.org\/wp-content\/uploads\/bb-plugin\/cache\/2025_211_Icon-Sets_Kinship-square-45bdf872866f5735f842c32071109267-.png\" alt=\"Ic\u00f4ne de parent\u00e9\" itemprop=\"image\" height=\"417\" width=\"417\" title=\"2025_211_Ensembles d&#039;ic\u00f4nes_Parent\u00e9\" onerror=\"this.style.display='none'\" loading=\"lazy\" \/>\n\t\t\t\t<\/a>\n\t\t<h4><a href=\"\/fr\/ressources\/services-juridiques\/?utm_source=Home&#038;utm_medium=Referral&#038;utm_campaign=211Resources&#038;utm_content=Legal\" target=\"_self\">Services juridiques<\/a><\/h4>\n\t\t\t\t<a href=\"\/fr\/ressources\/services-juridiques\/?utm_source=Home&#038;utm_medium=Referral&#038;utm_campaign=211Resources&#038;utm_content=Legal\"  target=\"_self\" itemprop=\"url\">\n\t\t\t\t<img decoding=\"async\" src=\"https:\/\/211md.org\/wp-content\/uploads\/bb-plugin\/cache\/2025_MdInfoNet_Icon-Sets_Legal-square-18fdf438feb8435588174d9046463257-.png\" alt=\"\" itemprop=\"image\" onerror=\"this.style.display='none'\" loading=\"lazy\" \/>\n\t\t\t\t<\/a>\n\t\t<h4><a href=\"\/fr\/ressources\/sante-mentale\/?utm_source=Home&#038;utm_medium=Referral&#038;utm_campaign=211Resources&#038;utm_content=Mental\" target=\"_self\">Sant\u00e9 mentale<\/a><\/h4>\n\t\t\t\t<a href=\"\/fr\/ressources\/sante-mentale\/?utm_source=Home&#038;utm_medium=Referral&#038;utm_campaign=211Resources&#038;utm_content=Mental\"  target=\"_self\" itemprop=\"url\">\n\t\t\t\t<img decoding=\"async\" src=\"https:\/\/211md.org\/wp-content\/uploads\/bb-plugin\/cache\/2025_MdInfoNet_Icon-Sets_Mental-Health-square-c59b38c4a993a947d4c9280fbe2d2fee-.png\" alt=\"\" itemprop=\"image\" onerror=\"this.style.display='none'\" loading=\"lazy\" \/>\n\t\t\t\t<\/a>\n\t\t<h4><a href=\"\/fr\/ressources\/mdreentry\/?utm_source=Home&#038;utm_medium=Referral&#038;utm_campaign=211Resources&#038;utm_content=Reentry\" target=\"_self\">Rentr\u00e9e<\/a><\/h4>\n\t\t\t\t<a href=\"\/fr\/ressources\/mdreentry\/?utm_source=Home&#038;utm_medium=Referral&#038;utm_campaign=211Resources&#038;utm_content=Reentry\"  target=\"_self\" itemprop=\"url\">\n\t\t\t\t<img decoding=\"async\" src=\"https:\/\/211md.org\/wp-content\/uploads\/bb-plugin\/cache\/2025_211_Icon-Sets_Reentry-square-8676fea38abd920a832f45642fe31cca-.png\" alt=\"Ic\u00f4ne de rentr\u00e9e\" itemprop=\"image\" height=\"417\" width=\"417\" title=\"2025_211_Ensembles d&#039;ic\u00f4nes_R\u00e9entr\u00e9e\" onerror=\"this.style.display='none'\" loading=\"lazy\" \/>\n\t\t\t\t<\/a>\n\t\t<h4><a href=\"\/fr\/ressources\/consommation-de-substances\/?utm_source=Home&#038;utm_medium=Referral&#038;utm_campaign=211Resources&#038;utm_content=Substance\" target=\"_self\">Consommation de substances<\/a><\/h4>\n\t\t\t\t<a href=\"\/fr\/ressources\/consommation-de-substances\/?utm_source=Home&#038;utm_medium=Referral&#038;utm_campaign=211Resources&#038;utm_content=Substance\"  target=\"_self\" itemprop=\"url\">\n\t\t\t\t<img decoding=\"async\" src=\"https:\/\/211md.org\/wp-content\/uploads\/bb-plugin\/cache\/2025_MdInfoNet_Icon-Sets_Substance-Abuse-square-9022fec9d18a64118ad685c101885b55-.png\" alt=\"\" itemprop=\"image\" onerror=\"this.style.display='none'\" loading=\"lazy\" \/>\n\t\t\t\t<\/a>\n\t\t<h4><a href=\"\/fr\/ressources\/anciens-combattants\/?utm_source=Home&#038;utm_medium=Referral&#038;utm_campaign=211Resources&#038;utm_content=Veterans\" target=\"_self\">anciens combattants<\/a><\/h4>\n\t\t\t\t<a href=\"\/fr\/ressources\/anciens-combattants\/?utm_source=Home&#038;utm_medium=Referral&#038;utm_campaign=211Resources&#038;utm_content=Veterans\"  target=\"_self\" itemprop=\"url\">\n\t\t\t\t<img decoding=\"async\" src=\"https:\/\/211md.org\/wp-content\/uploads\/bb-plugin\/cache\/2025_MdInfoNet_Icon-Sets_Rating-square-6e60d00cce4faa8e0a6d4ad7366aa733-.png\" alt=\"\" itemprop=\"image\" onerror=\"this.style.display='none'\" loading=\"lazy\" \/>\n\t\t\t\t<\/a>","protected":false},"excerpt":{"rendered":"<p>Help is available in Somerset County. Search the 211 database for resources in Princess Anne, Crisfield, Westover, Deal Island, Marion and other Somerset County communities. You can also dial 2-1-1 any time of day or night. We&#8217;ve also put together this resource list with commonly referred to agencies. Support For Essential Needs SHORE UP!\u00a0in Princess&hellip;<\/p>","protected":false},"author":8,"featured_media":0,"parent":750,"menu_order":0,"comment_status":"closed","ping_status":"closed","template":"","meta":{"footnotes":""},"class_list":["post-1685","page","type-page","status-publish","hentry"],"_links":{"self":[{"href":"https:\/\/211md.org\/fr\/wp-json\/wp\/v2\/pages\/1685","targetHints":{"allow":["GET"]}}],"collection":[{"href":"https:\/\/211md.org\/fr\/wp-json\/wp\/v2\/pages"}],"about":[{"href":"https:\/\/211md.org\/fr\/wp-json\/wp\/v2\/types\/page"}],"author":[{"embeddable":true,"href":"https:\/\/211md.org\/fr\/wp-json\/wp\/v2\/users\/8"}],"replies":[{"embeddable":true,"href":"https:\/\/211md.org\/fr\/wp-json\/wp\/v2\/comments?post=1685"}],"version-history":[{"count":3,"href":"https:\/\/211md.org\/fr\/wp-json\/wp\/v2\/pages\/1685\/revisions"}],"predecessor-version":[{"id":34092,"href":"https:\/\/211md.org\/fr\/wp-json\/wp\/v2\/pages\/1685\/revisions\/34092"}],"up":[{"embeddable":true,"href":"https:\/\/211md.org\/fr\/wp-json\/wp\/v2\/pages\/750"}],"wp:attachment":[{"href":"https:\/\/211md.org\/fr\/wp-json\/wp\/v2\/media?parent=1685"}],"curies":[{"name":"wp","href":"https:\/\/api.w.org\/{rel}","templated":true}]}}