{"id":1688,"date":"2021-05-12T00:23:17","date_gmt":"2021-05-12T00:23:17","guid":{"rendered":"https:\/\/211md.org\/?page_id=1688"},"modified":"2025-11-07T06:55:17","modified_gmt":"2025-11-07T11:55:17","slug":"comte-de-talbot","status":"publish","type":"page","link":"https:\/\/211md.org\/fr\/resources-by-county\/talbot-county\/","title":{"rendered":"Comt\u00e9 de Talbot"},"content":{"rendered":"<h2><a href=\"https:\/\/search.211md.org\/\" target=\"_blank\"  rel=\"noopener\">Trouver des ressources pr\u00e8s de chez moi<\/a><\/h2>\n\t\t\t<a href=\"https:\/\/search.211md.org\/\" target=\"_blank\" rel=\"noopener\">\n\t\t\t\t\t\t\tRechercher maintenant\n\t\t\t<\/a>\n\t<p><strong><a href=\"\/fr\/rejoignez-notre-base-de-donnees\/\">Ajoutez votre agence ou organisation \u00e0 notre base de donn\u00e9es de ressources.<\/a><\/strong><\/p>\n<p>Le 211 peut vous connecter aux ressources du comt\u00e9 de Talbot. Que vous habitiez \u00e0 Easton, Trappe, Wye Mills, Wye Landing, Saint Michaels ou dans une autre communaut\u00e9, de l&#039;aide est disponible.<\/p>\n<p>Recherchez des ressources ci-dessus ou composez le 211 pour parler \u00e0 un sp\u00e9cialiste de l&#039;information et de l&#039;orientation attentionn\u00e9 et compatissant.<\/p>\n\t\t<h2>\t\n\tComposez le 211<\/h2><p>Connectez-vous aux ressources communautaires et b\u00e9n\u00e9ficiez d&#039;une assistance 24 heures sur 24, 7 jours sur 7 et 365 jours par an.<\/p>\n\t<h2>Talbot County Food<\/h2>\n<p>In Talbot County, there&#8217;s a mobile mini grocery store that brings low-cost groceries like fresh produce and prepared meals to <a href=\"https:\/\/www.carolineculinaryarts.org\/shogo-mobile\" target=\"_blank\" rel=\"noopener\">planned stops<\/a> throughout Talbot, Caroline, and Dorchester Counties.<\/p>\n<h3>Garde-manger<\/h3>\n<p>Si tu as besoin de nourriture,\u00a0<a href=\"https:\/\/search.211md.org\/search?query=BD-1800.2000&amp;query_type=taxonomy&amp;query_label=&amp;query_language=en\" target=\"_blank\" rel=\"noopener\">chercher un garde-manger<\/a> pr\u00e8s de chez vous dans le comt\u00e9 de Talbot. Notre base de donn\u00e9es de ressources \u00e0 l&#039;\u00e9chelle de l&#039;\u00c9tat propose plusieurs ressources locales.<\/p>\n<p><a href=\"https:\/\/healthytalbot.org\/about\/talbot-county-hunger-coalition\/\" target=\"_blank\" rel=\"noopener\">Coalition contre la faim du comt\u00e9 de Talbot<\/a> poss\u00e8de \u00e9galement des garde-manger locaux \u00e0 Easton, Royal Oak, St. Michaels, Wittman et Tilghman. Il existe \u00e9galement une ligne d\u2019assistance pour ceux qui ne trouvent pas les ressources alimentaires n\u00e9cessaires.<\/p>\n<p>Dans quel quartier habitez-vous ? Cliquez sur cette ville pour trouver les garde-manger de votre r\u00e9gion.<\/p>\n<ul>\n<li><a href=\"#Easton\">Easton<\/a><\/li>\n<li><a href=\"#Trappe\">Trapp\u00e9e<\/a><\/li>\n<li><a href=\"#Bay\">Zone des Cent Baies<\/a><\/li>\n<li><a href=\"#Wye\">Moulins \u00e0 Wye<\/a><\/li>\n<\/ul>\n\t\t\t\t<img decoding=\"async\" src=\"http:\/\/211md.org\/wp-content\/uploads\/2023\/11\/food-pantry-distribution.jpg\" alt=\"bo\u00eete de nourriture provenant de la distribution du garde-manger\" itemprop=\"image\" title=\"distribution de garde-manger\" onerror=\"this.style.display='none'\" loading=\"lazy\" \/>\n\t<h3>Easton<\/h3>\n\t\t<h3>Centre de services de quartier<\/h3><p>126, rue du Port<\/p>\n<p>410-822-5015<\/p>\n<p>Allez dans le hall pour obtenir un formulaire.<\/p>\n<p>&nbsp;<\/p>\n<p><strong>Du lundi au vendredi de 9h \u00e0 12h et de 13h30 \u00e0 16h<\/strong><\/p>\n\t<iframe src=\"https:\/\/www.google.com\/maps\/embed\/v1\/place?q=126+Port+Street%0AEaston%2C+MD+21601&#038;key=AIzaSyD09zQ9PNDNNy9TadMuzRV_UsPUoWKntt8\" aria-hidden=\"true\" title=\"Garde-manger du centre de services de quartier \u00e0 Easton\"><\/iframe>\n\t\t<h3>Saint Vincent de Paul<\/h3><p>29533, promenade Canvasback<\/p>\n<p>410-770-4505<\/p>\n<p><a href=\"https:\/\/svdpeastonmd.org\/\" target=\"_blank\" rel=\"noopener\">Apprendre encore plus<\/a><\/p>\n<p>&nbsp;<\/p>\n<p><strong>mardi 13h-16h, samedi 9h-12h<\/strong><\/p>\n\t<iframe src=\"https:\/\/www.google.com\/maps\/embed\/v1\/place?q=29533+Canvasback+Drive%0AEaston%2C+MD+21601&#038;key=AIzaSyD09zQ9PNDNNy9TadMuzRV_UsPUoWKntt8\" aria-hidden=\"true\" title=\"Saint Vincent de Paul\"><\/iframe>\n\t\t<h3>R\u00e9colte de l&#039;espoir \u2013 \u00c9glise de Dieu<\/h3><p>1009, rue N.Washington<\/p>\n<p>410-822-3088<\/p>\n<p>&nbsp;<\/p>\n<strong>Jeudi 12h-13h30<br \/>\nAppelez Life si vous avez un besoin urgent un autre jour.<\/strong>\n<p>&nbsp;<\/p>\n\t<iframe src=\"https:\/\/www.google.com\/maps\/embed\/v1\/place?q=1009+N.+Washington+Street%0AEaston%2C+MD+21601&#038;key=AIzaSyD09zQ9PNDNNy9TadMuzRV_UsPUoWKntt8\" aria-hidden=\"true\" title=\"R\u00e9colte de l&#039;espoir\"><\/iframe>\n\t\t<h3>Garde-manger Saint-Marc au Brookletts Senior Center<\/h3><p>400, avenue Brookletts<\/p>\n<p>410-822-2869<\/p>\n<p>&nbsp;<\/p>\n<b>Vendredi 9h-11h<br \/>\nRepas disponibles lundi, mercredi et vendredi<\/b>\n<p>&nbsp;<\/p>\n\t<iframe src=\"https:\/\/www.google.com\/maps\/embed\/v1\/place?q=400+Brookletts+Avenue%0AEaston%2C+MD+21601&#038;key=AIzaSyD09zQ9PNDNNy9TadMuzRV_UsPUoWKntt8\" aria-hidden=\"true\" title=\"Garde-manger de Saint-Marc\"><\/iframe>\n\t<h3>Trappe, MD<\/h3>\n\t\t<h3>\u00c9glise M\u00e9thodiste Unie de Scott<\/h3><p>3748, rue Principale<\/p>\n<p>410-476-3980<\/p>\n<p>&nbsp;<\/p>\n<b>Le 4\u00e8me jeudi du mois \u00e0 8h30<br \/>\n(Les dates peuvent varier)<\/b>\n<p>&nbsp;<\/p>\n\t<iframe src=\"https:\/\/www.google.com\/maps\/embed\/v1\/place?q=3748+Main+Street%0ATrappe%2C+MD+21673%0A&#038;key=AIzaSyD09zQ9PNDNNy9TadMuzRV_UsPUoWKntt8\" aria-hidden=\"true\" title=\"\u00c9glise M\u00e9thodiste Unie de Scott\"><\/iframe>\n\t<h3>Zone des Cent Baies<\/h3>\n\t\t<h3>Royal Oak M\u00e9thodiste Unie<\/h3><p>6968, chemin Bellevue<\/p>\n<p>Royal Oak, MD<\/p>\n<p>&nbsp;<\/p>\n<p>&nbsp;<\/p>\n<b>24\/7<br \/>\n<\/b><b>Sans pilote \u00e0 l&#039;int\u00e9rieur<\/b>\n\t<iframe src=\"https:\/\/www.google.com\/maps\/embed\/v1\/place?q=6968+Bellevue+Road%0ARoyal+Oak%2C+MD+21662&#038;key=AIzaSyD09zQ9PNDNNy9TadMuzRV_UsPUoWKntt8\" aria-hidden=\"true\" title=\"Royal Oak M\u00e9thodiste Unie\"><\/iframe>\n\t\t<h3>Centre communautaire St.Michaels<\/h3><p>207, rue N. Talbot<\/p>\n<p>Saint-Michaels, MD<\/p>\n<p>&nbsp;<\/p>\n<p><b>Lundi 15h-17h | Mercredi 13h30-15h30 | Vendredi 12h-15h<\/b><\/p>\n<p><strong>Repas \u00e9galement disponibles ces jours-l\u00e0<\/strong><\/p>\n\t<iframe src=\"https:\/\/www.google.com\/maps\/embed\/v1\/place?q=207+N.+Talbot+Street%0ASt.+Michael%27s%2C+MD+21663&#038;key=AIzaSyD09zQ9PNDNNy9TadMuzRV_UsPUoWKntt8\" aria-hidden=\"true\" title=\"Centre communautaire St.Michaels\"><\/iframe>\n\t\t<h3>Garde-manger Tilghman<\/h3><p>5731, chemin de l&#039;\u00eele Tilghman<\/p>\n<p>Tilghman, MD<\/p>\n<p>410-886-9863<\/p>\n<p>&nbsp;<\/p>\n<p><b>mercredi 15h-16h30<\/b><\/p>\n<p><strong>Appelez si vous avez besoin d\u2019y acc\u00e9der \u00e0 un autre moment.<\/strong><\/p>\n\t<iframe src=\"https:\/\/www.google.com\/maps\/embed\/v1\/place?q=5731+Tilghman+Island+Road%0ATilghman%2C+MD+21671&#038;key=AIzaSyD09zQ9PNDNNy9TadMuzRV_UsPUoWKntt8\" aria-hidden=\"true\" title=\"Garde-manger Tilghman\"><\/iframe>\n\t<h3>Moulins \u00e0 Wye<\/h3>\n\t\t<h3>Coin de soins \u2013 Chesapeake College<\/h3><p>1000 Cercle du Coll\u00e8ge<\/p>\n<p>Wye Mills, MD<\/p>\n<p>\u00c9difice du Centre Caroline<\/p>\n<p>&nbsp;<\/p>\n<p><b>Lundi-vendredi, 8h30 \u2013 16h30<\/b><\/p>\n\t<iframe src=\"https:\/\/www.google.com\/maps\/embed\/v1\/place?q=1000+College+Circle%0AWye+Mills%2C+MD+21678&#038;key=AIzaSyD09zQ9PNDNNy9TadMuzRV_UsPUoWKntt8\" aria-hidden=\"true\" title=\"Garde-manger coin de soins\"><\/iframe>\n\t<p>Si vous avez besoin d&#039;autres ressources li\u00e9es \u00e0 l&#039;alimentation comme <a href=\"https:\/\/211md.org\/fr\/ressources\/nourriture\/bons-alimentaires\/\">comment faire une demande de bons d&#039;alimentation<\/a> ou d&#039;autres ressources alimentaires, obtenez des informations sur <a href=\"https:\/\/211md.org\/fr\/ressources\/nourriture\/\">La page alimentaire du 211<\/a>.<\/p>\n<h2>Besoins essentiels<\/h2>\n<p>En plus de la nourriture, le <strong><a href=\"https:\/\/www.nsctalbotmd.org\/programs\" target=\"_blank\" rel=\"noopener\">Centre de services de quartier<\/a><\/strong> \u00e0 Easton propose un programme d&#039;allocation de logement (RAP), un refuge de transition pour sans-abri, des articles m\u00e9nagers et des v\u00eatements, ainsi que des services d&#039;urgence aux personnes menac\u00e9es d&#039;expulsion ou de coupure de services publics dans le comt\u00e9 de Talbot.<\/p>\n<p>Lorsque les fonds sont disponibles, le programme des services d\u2019urgence peut \u00e9galement aider avec les m\u00e9dicaments sur ordonnance et d\u2019autres urgences.<\/p>\n<h2>Examens de sant\u00e9<\/h2>\n<p>Le d\u00e9partement de sant\u00e9 du comt\u00e9 de Talbot peut aider les individus et les familles avec des examens de sant\u00e9, des vaccins et bien plus encore. Renseignez-vous sur le <a href=\"https:\/\/talbothealth.org\/\" target=\"_blank\" rel=\"noopener\">programmes de sant\u00e9 disponibles<\/a>.<\/p>\n<p>La Mid Shore Health Improvement Coalition travaille \u00e0 pr\u00e9venir le diab\u00e8te et le pr\u00e9diab\u00e8te. 1 adulte sur 3 souffre de pr\u00e9diab\u00e8te, mais la plupart ne le savent pas. <a href=\"https:\/\/www.midshorehealth.org\/diabetesrisk\" target=\"_blank\" rel=\"noopener\">Passer l&#039;examen<\/a> de la Mid Shore Health Improvement Coalition pour savoir si vous \u00eates \u00e0 risque.<\/p>\n<h2>M\u00e9diation et soutien juridique<\/h2>\n<p>Si vous rencontrez un probl\u00e8me avec un propri\u00e9taire, un colocataire ou un voisin, un plan parental\/un accord de garde, des soins aux personnes \u00e2g\u00e9es, un probl\u00e8me d&#039;emploi, une affaire de petites cr\u00e9ances ou toute autre situation qui pourrait b\u00e9n\u00e9ficier d&#039;une m\u00e9diation, contactez le\u00a0<strong><a href=\"https:\/\/midshoremediation.org\/mediation\/\" target=\"_blank\" rel=\"noopener\">Centre de m\u00e9diation interm\u00e9diaire<\/a>.\u00a0<\/strong><\/p>\n<p>La m\u00e9diation volontaire, confidentielle et sans jugement peut aider \u00e0 r\u00e9soudre les conflits. Le service est gratuit dans ses sites des comt\u00e9s de Dorchester, Talbot et Caroline.<\/p>\n<p>Pour une aide juridique,\u00a0<strong><a href=\"https:\/\/midshoreprobono.org\/how-we-help\/\" target=\"_blank\" rel=\"noopener\">Pro Bono Mid-Shore<\/a><\/strong>\u00a0peut offrir une solution. Ils aident les r\u00e9sidents de la c\u00f4te Est en mati\u00e8re de tutelle d&#039;adulte, de divorce, de forclusion, de s\u00e9paration de corps, de procuration, de garde d&#039;enfants, de faillite et d&#039;autres litiges juridiques. Ils facturent des frais uniques de $25 pour traiter les demandes. Vous pouvez demander une dispense de ces frais. Ils sont situ\u00e9s \u00e0 Easton avec des bureaux satellites \u00e0 Chestertown et Salisbury.<\/p>\n\t\t\t\t<img decoding=\"async\" src=\"http:\/\/211md.org\/wp-content\/uploads\/2024\/01\/Whats-the-211-hon.jpg\" alt=\"Qu&#039;est-ce que le rappel par SMS du 211\u00a0Hon\u00a0?\" itemprop=\"image\" title=\"Quel est le 211 honorable\" onerror=\"this.style.display='none'\" loading=\"lazy\" \/>\n\t<h2>Ressources du comt\u00e9 de Talbot<\/h2>\n<p>En savoir plus <a href=\"https:\/\/211md.org\/fr\/whats-the-211\/\">C&#039;est quoi le 211, ch\u00e9rie ?<\/a> \u2013 un effort populaire visant \u00e0 sensibiliser la population \u00e0 la mani\u00e8re dont le 211 peut aider les r\u00e9sidents du comt\u00e9 de Talbot \u00e0 trouver des ressources locales en mati\u00e8re de sant\u00e9 et de services sociaux. Le 211 est disponible 24 heures sur 24, 7 jours sur 7, 365 jours par an.<\/p>\n<p>Vous pouvez \u00e9galement recevoir des mises \u00e0 jour par SMS avec les ressources de sant\u00e9 Mid Shore. Inscrivez-vous en envoyant un SMS \u00e0 MidShore au 898-211.<\/p>\n\t\t<h3>\t\n\tRecevez des alertes textuelles MidShore<\/h3><p>Recevez des mises \u00e0 jour par SMS avec les ressources de la communaut\u00e9. Inscrivez-vous en envoyant un SMS \u00e0 MidShore au 898-211.<\/p>\n\t\t<h4><a href=\"\/fr\/ressources\/vieillissement-handicap\/?utm_source=Home&#038;utm_medium=Referral&#038;utm_campaign=211Resources&#038;utm_content=Aging\" target=\"_self\">Vieillissement &amp; Handicap<\/a><\/h4>\n\t\t\t\t<a href=\"\/fr\/ressources\/vieillissement-handicap\/?utm_source=Home&#038;utm_medium=Referral&#038;utm_campaign=211Resources&#038;utm_content=Aging\"  target=\"_self\" itemprop=\"url\">\n\t\t\t\t<img decoding=\"async\" src=\"https:\/\/211md.org\/wp-content\/uploads\/bb-plugin\/cache\/2025_MdInfoNet_Icon-Sets_Aging-disability-square-c466727102cae71e5f27b8539bb51945-.png\" alt=\"\" itemprop=\"image\" onerror=\"this.style.display='none'\" loading=\"lazy\" \/>\n\t\t\t\t<\/a>\n\t\t<h4><a href=\"\/fr\/ressources\/enfants-familles\/?utm_source=Home&#038;utm_medium=Referral&#038;utm_campaign=211Resources&#038;utm_content=Children\" target=\"_self\">Enfants et familles<\/a><\/h4>\n\t\t\t\t<a href=\"\/fr\/ressources\/enfants-familles\/?utm_source=Home&#038;utm_medium=Referral&#038;utm_campaign=211Resources&#038;utm_content=Children\"  target=\"_self\" itemprop=\"url\">\n\t\t\t\t<img decoding=\"async\" src=\"https:\/\/211md.org\/wp-content\/uploads\/bb-plugin\/cache\/2025_211_Icon-Sets_Child-care-square-f3b0d4edab3dcc467fadb5f55f4064c6-.png\" alt=\"2025_211_Ensembles d&#039;ic\u00f4nes_Garde d&#039;enfants\" itemprop=\"image\" height=\"417\" width=\"417\" title=\"2025_211_Ensembles d&#039;ic\u00f4nes_Garde d&#039;enfants\" onerror=\"this.style.display='none'\" loading=\"lazy\" \/>\n\t\t\t\t<\/a>\n\t\t<h4><a href=\"\/fr\/ressources\/violence-familiale-domestique\/?utm_source=Home&#038;utm_medium=Referral&#038;utm_campaign=211Resources&#038;utm_content=Domestic\" target=\"_self\">Violence Domestique<\/a><\/h4>\n\t\t\t\t<a href=\"\/fr\/ressources\/violence-familiale-domestique\/?utm_source=Home&#038;utm_medium=Referral&#038;utm_campaign=211Resources&#038;utm_content=Domestic\"  target=\"_self\" itemprop=\"url\">\n\t\t\t\t<img decoding=\"async\" src=\"https:\/\/211md.org\/wp-content\/uploads\/bb-plugin\/cache\/2025_211_Icon-Sets_Domestic-Violence-square-7b597694a6f05fe90cdc376aa573bc63-.png\" alt=\"Ic\u00f4ne de violence domestique\" itemprop=\"image\" height=\"417\" width=\"417\" title=\"2025_211_Ensembles d&#039;ic\u00f4nes_Violence domestique\" onerror=\"this.style.display='none'\" loading=\"lazy\" \/>\n\t\t\t\t<\/a>\n\t\t<h4><a href=\"\/fr\/ressources\/recherche-demploi\/?utm_source=Home&#038;utm_medium=Referral&#038;utm_campaign=211Resources&#038;utm_content=Employment\" target=\"_self\">Emploi<\/a><\/h4>\n\t\t\t\t<a href=\"\/fr\/ressources\/recherche-demploi\/?utm_source=Home&#038;utm_medium=Referral&#038;utm_campaign=211Resources&#038;utm_content=Employment\"  target=\"_self\" itemprop=\"url\">\n\t\t\t\t<img decoding=\"async\" src=\"https:\/\/211md.org\/wp-content\/uploads\/bb-plugin\/cache\/2025_MdInfoNet_Icon-Sets_Employment-square-44707bd410e4df10a470bf130ebcea86-.png\" alt=\"\" itemprop=\"image\" onerror=\"this.style.display='none'\" loading=\"lazy\" \/>\n\t\t\t\t<\/a>\n\t\t<h4><a href=\"\/fr\/ressources\/soins-de-sante\/?utm_source=Home&#038;utm_medium=Referral&#038;utm_campaign=211Resources&#038;utm_content=Health%20Care\" target=\"_self\">Soins de sant\u00e9<\/a><\/h4>\n\t\t\t\t<a href=\"\/fr\/ressources\/soins-de-sante\/?utm_source=Home&#038;utm_medium=Referral&#038;utm_campaign=211Resources&#038;utm_content=Health%20Care\"  target=\"_self\" itemprop=\"url\">\n\t\t\t\t<img decoding=\"async\" src=\"https:\/\/211md.org\/wp-content\/uploads\/bb-plugin\/cache\/2025_MdInfoNet_Icon-Sets_Health-Care-square-dee98a0060cbe0e7f27eda253fc12679-.png\" alt=\"\" itemprop=\"image\" onerror=\"this.style.display='none'\" loading=\"lazy\" \/>\n\t\t\t\t<\/a>\n\t\t<h4><a href=\"\/fr\/ressources\/enfants-familles\/parente\/?utm_source=Home&#038;utm_medium=Referral&#038;utm_campaign=211Resources&#038;utm_content=Kinship\" target=\"_self\">Parent\u00e9<\/a><\/h4>\n\t\t\t\t<a href=\"\/fr\/ressources\/enfants-familles\/parente\/?utm_source=Home&#038;utm_medium=Referral&#038;utm_campaign=211Resources&#038;utm_content=Kinship\"  target=\"_self\" itemprop=\"url\">\n\t\t\t\t<img decoding=\"async\" src=\"https:\/\/211md.org\/wp-content\/uploads\/bb-plugin\/cache\/2025_211_Icon-Sets_Kinship-square-45bdf872866f5735f842c32071109267-.png\" alt=\"Ic\u00f4ne de parent\u00e9\" itemprop=\"image\" height=\"417\" width=\"417\" title=\"2025_211_Ensembles d&#039;ic\u00f4nes_Parent\u00e9\" onerror=\"this.style.display='none'\" loading=\"lazy\" \/>\n\t\t\t\t<\/a>\n\t\t<h4><a href=\"\/fr\/ressources\/services-juridiques\/?utm_source=Home&#038;utm_medium=Referral&#038;utm_campaign=211Resources&#038;utm_content=Legal\" target=\"_self\">Services juridiques<\/a><\/h4>\n\t\t\t\t<a href=\"\/fr\/ressources\/services-juridiques\/?utm_source=Home&#038;utm_medium=Referral&#038;utm_campaign=211Resources&#038;utm_content=Legal\"  target=\"_self\" itemprop=\"url\">\n\t\t\t\t<img decoding=\"async\" src=\"https:\/\/211md.org\/wp-content\/uploads\/bb-plugin\/cache\/2025_MdInfoNet_Icon-Sets_Legal-square-18fdf438feb8435588174d9046463257-.png\" alt=\"\" itemprop=\"image\" onerror=\"this.style.display='none'\" loading=\"lazy\" \/>\n\t\t\t\t<\/a>\n\t\t<h4><a href=\"\/fr\/ressources\/sante-mentale\/?utm_source=Home&#038;utm_medium=Referral&#038;utm_campaign=211Resources&#038;utm_content=Mental\" target=\"_self\">Sant\u00e9 mentale<\/a><\/h4>\n\t\t\t\t<a href=\"\/fr\/ressources\/sante-mentale\/?utm_source=Home&#038;utm_medium=Referral&#038;utm_campaign=211Resources&#038;utm_content=Mental\"  target=\"_self\" itemprop=\"url\">\n\t\t\t\t<img decoding=\"async\" src=\"https:\/\/211md.org\/wp-content\/uploads\/bb-plugin\/cache\/2025_MdInfoNet_Icon-Sets_Mental-Health-square-c59b38c4a993a947d4c9280fbe2d2fee-.png\" alt=\"\" itemprop=\"image\" onerror=\"this.style.display='none'\" loading=\"lazy\" \/>\n\t\t\t\t<\/a>\n\t\t<h4><a href=\"\/fr\/ressources\/mdreentry\/?utm_source=Home&#038;utm_medium=Referral&#038;utm_campaign=211Resources&#038;utm_content=Reentry\" target=\"_self\">Rentr\u00e9e<\/a><\/h4>\n\t\t\t\t<a href=\"\/fr\/ressources\/mdreentry\/?utm_source=Home&#038;utm_medium=Referral&#038;utm_campaign=211Resources&#038;utm_content=Reentry\"  target=\"_self\" itemprop=\"url\">\n\t\t\t\t<img decoding=\"async\" src=\"https:\/\/211md.org\/wp-content\/uploads\/bb-plugin\/cache\/2025_211_Icon-Sets_Reentry-square-8676fea38abd920a832f45642fe31cca-.png\" alt=\"Ic\u00f4ne de rentr\u00e9e\" itemprop=\"image\" height=\"417\" width=\"417\" title=\"2025_211_Ensembles d&#039;ic\u00f4nes_R\u00e9entr\u00e9e\" onerror=\"this.style.display='none'\" loading=\"lazy\" \/>\n\t\t\t\t<\/a>\n\t\t<h4><a href=\"\/fr\/ressources\/consommation-de-substances\/?utm_source=Home&#038;utm_medium=Referral&#038;utm_campaign=211Resources&#038;utm_content=Substance\" target=\"_self\">Consommation de substances<\/a><\/h4>\n\t\t\t\t<a href=\"\/fr\/ressources\/consommation-de-substances\/?utm_source=Home&#038;utm_medium=Referral&#038;utm_campaign=211Resources&#038;utm_content=Substance\"  target=\"_self\" itemprop=\"url\">\n\t\t\t\t<img decoding=\"async\" src=\"https:\/\/211md.org\/wp-content\/uploads\/bb-plugin\/cache\/2025_MdInfoNet_Icon-Sets_Substance-Abuse-square-9022fec9d18a64118ad685c101885b55-.png\" alt=\"\" itemprop=\"image\" onerror=\"this.style.display='none'\" loading=\"lazy\" \/>\n\t\t\t\t<\/a>\n\t\t<h4><a href=\"\/fr\/ressources\/anciens-combattants\/?utm_source=Home&#038;utm_medium=Referral&#038;utm_campaign=211Resources&#038;utm_content=Veterans\" target=\"_self\">anciens combattants<\/a><\/h4>\n\t\t\t\t<a href=\"\/fr\/ressources\/anciens-combattants\/?utm_source=Home&#038;utm_medium=Referral&#038;utm_campaign=211Resources&#038;utm_content=Veterans\"  target=\"_self\" itemprop=\"url\">\n\t\t\t\t<img decoding=\"async\" src=\"https:\/\/211md.org\/wp-content\/uploads\/bb-plugin\/cache\/2025_MdInfoNet_Icon-Sets_Rating-square-6e60d00cce4faa8e0a6d4ad7366aa733-.png\" alt=\"\" itemprop=\"image\" onerror=\"this.style.display='none'\" loading=\"lazy\" \/>\n\t\t\t\t<\/a>","protected":false},"excerpt":{"rendered":"<p>Trouvez des ressources pr\u00e8s de chez vous. Recherchez maintenant. Ajoutez votre agence ou organisation \u00e0 notre base de donn\u00e9es. Le 211 peut vous mettre en contact avec des ressources dans le comt\u00e9 de Talbot. Que vous habitiez \u00e0 Easton, Trappe, Wye Mills, Wye Landing, Saint Michaels ou ailleurs, de l&#039;aide est disponible. Recherchez les ressources ci-dessus ou composez le 211 pour parler \u00e0 un professionnel bienveillant et\u2026<\/p>","protected":false},"author":8,"featured_media":3918,"parent":750,"menu_order":0,"comment_status":"closed","ping_status":"closed","template":"","meta":{"footnotes":""},"class_list":["post-1688","page","type-page","status-publish","has-post-thumbnail","hentry"],"_links":{"self":[{"href":"https:\/\/211md.org\/fr\/wp-json\/wp\/v2\/pages\/1688","targetHints":{"allow":["GET"]}}],"collection":[{"href":"https:\/\/211md.org\/fr\/wp-json\/wp\/v2\/pages"}],"about":[{"href":"https:\/\/211md.org\/fr\/wp-json\/wp\/v2\/types\/page"}],"author":[{"embeddable":true,"href":"https:\/\/211md.org\/fr\/wp-json\/wp\/v2\/users\/8"}],"replies":[{"embeddable":true,"href":"https:\/\/211md.org\/fr\/wp-json\/wp\/v2\/comments?post=1688"}],"version-history":[{"count":5,"href":"https:\/\/211md.org\/fr\/wp-json\/wp\/v2\/pages\/1688\/revisions"}],"predecessor-version":[{"id":34195,"href":"https:\/\/211md.org\/fr\/wp-json\/wp\/v2\/pages\/1688\/revisions\/34195"}],"up":[{"embeddable":true,"href":"https:\/\/211md.org\/fr\/wp-json\/wp\/v2\/pages\/750"}],"wp:featuredmedia":[{"embeddable":true,"href":"https:\/\/211md.org\/fr\/wp-json\/wp\/v2\/media\/3918"}],"wp:attachment":[{"href":"https:\/\/211md.org\/fr\/wp-json\/wp\/v2\/media?parent=1688"}],"curies":[{"name":"wp","href":"https:\/\/api.w.org\/{rel}","templated":true}]}}