{"id":1689,"date":"2021-05-12T00:23:27","date_gmt":"2021-05-12T00:23:27","guid":{"rendered":"https:\/\/211md.org\/?page_id=1689"},"modified":"2025-11-07T06:52:19","modified_gmt":"2025-11-07T11:52:19","slug":"comte-de-caroline","status":"publish","type":"page","link":"https:\/\/211md.org\/fr\/resources-by-county\/caroline-county\/","title":{"rendered":"Comt\u00e9 de Caroline"},"content":{"rendered":"<h2><a href=\"https:\/\/search.211md.org\/\" target=\"_blank\"  rel=\"noopener\">Trouver des ressources pr\u00e8s de chez moi<\/a><\/h2>\n\t\t\t<a href=\"https:\/\/search.211md.org\/\" target=\"_blank\" rel=\"noopener\">\n\t\t\t\t\t\t\tRechercher maintenant\n\t\t\t<\/a>\n\t<p><strong><a href=\"\/fr\/rejoignez-notre-base-de-donnees\/\">Ajoutez votre agence ou organisation \u00e0 notre base de donn\u00e9es de ressources.<\/a><\/strong><\/p>\n\t<p>L&#039;aide est disponible si vous vivez \u00e0 Denton, Ridgely, Greensboro, Federalsburg, Hobbs, Asbury, Anthony, Agner, White Oak Manor, Reliance ou une autre ville du comt\u00e9 de Caroline.<\/p>\n<p>Composez le 211 pour parler \u00e0 un sp\u00e9cialiste de l&#039;information et de l&#039;orientation. Vous pouvez \u00e9galement effectuer une recherche dans la base de donn\u00e9es.<\/p>\n\t\t<h2>\t\n\tComposez le 211<\/h2><p>Connectez-vous aux ressources communautaires et b\u00e9n\u00e9ficiez d&#039;une assistance 24 heures sur 24, 7 jours sur 7 et 365 jours par an.<\/p>\n<h2>Factures de services publics<\/h2>\n<p>Si vous avez besoin d&#039;aide pour payer votre facture d&#039;\u00e9lectricit\u00e9, contactez <strong><a href=\"https:\/\/choptankelectric.coop\/energy-assistance\" target=\"_blank\" rel=\"noopener\">Coop\u00e9rative \u00e9lectrique Choptank<\/a><\/strong> et renseignez-vous sur un plan de paiement pour \u00e9viter la d\u00e9connexion. Appelez le 1-877-892-0001 du lundi au vendredi entre 8h et 16h30<\/p>\n<p>Les r\u00e9sidents ayant droit aux revenus peuvent \u00e9galement demander une aide \u00e9nerg\u00e9tique aupr\u00e8s du Maryland Office of Home Energy Programs. Le <strong><a href=\"https:\/\/dhs.maryland.gov\/local-offices\/caroline-county\/\" target=\"_blank\" rel=\"noopener\">D\u00e9partement des services sociaux<\/a><\/strong> peut aider avec le processus de demande.<\/p>\n<p>Apprenez-en davantage sur le processus de candidature, les documents dont vous pourriez avoir besoin, les directives de qualification et les programmes d&#039;assistance disponibles avec <a href=\"https:\/\/211md.org\/fr\/ressources\/assistance-utilitaire\/\">Guide d&#039;assistance utilitaire du 211<\/a>.<\/p>\n<h2>Nourriture<\/h2>\n<p>The ShoGo Mobile food service brings the market to you, with <a href=\"https:\/\/www.carolineculinaryarts.org\/shogo-mobile\" target=\"_blank\" rel=\"noopener\">planned stops<\/a> throughout Caroline, Talbot, and Dorchester Counties. Get fresh, low-cost groceries including produce and prepared meals.<\/p>\n<p>Il existe des garde-manger dans tout le comt\u00e9 de Caroline. En outre, certains garde-manger soutiennent \u00e9galement les individus et les familles ayant d\u2019autres besoins essentiels.<\/p>\n<p><a href=\"https:\/\/www.martinshouseandbarn.org\/\" target=\"_blank\" rel=\"noopener\">Maison et grange de Martin<\/a> (St. Martin&#039;s Barn) \u00e0 Ridgely, Maryland, poss\u00e8de un garde-manger, une friperie de v\u00eatements et d&#039;articles m\u00e9nagers \u00e0 bas prix et un refuge familial.<\/p>\n<p><a href=\"http:\/\/aaronsplaceinc.org\/\" target=\"_blank\" rel=\"noopener\">La place d&#039;Aaron<\/a> \u00e0 Denton, dans le Maryland, propose \u00e9galement de la nourriture, des v\u00eatements, des cours de musique pour maman et moi et des activit\u00e9s de sensibilisation aux sans-abri.<\/p>\n<p>Ce sont les garde-manger du comt\u00e9 de Caroline. Les horaires peuvent varier. Appelez le garde-manger pour confirmer.<\/p>\n\t\t<h3>Donner la gr\u00e2ce<\/h3><p>302, all\u00e9e de l&#039;\u00c9glise<\/p>\n<p>Goldsboro, Maryland 21636<\/p>\n<p>410-829-3158<\/p>\n<p>&nbsp;<\/p>\n<p><strong>Deuxi\u00e8me samedi de chaque mois<\/strong><\/p>\n\t<iframe src=\"https:\/\/www.google.com\/maps\/embed\/v1\/place?q=302+Church+Lane%0AGoldsboro%2C+MD%C2%A021636&#038;key=AIzaSyD09zQ9PNDNNy9TadMuzRV_UsPUoWKntt8\" aria-hidden=\"true\" title=\"Donner la gr\u00e2ce\"><\/iframe>\n\t\t<h3>La place d&#039;Aaron<\/h3><p>401, promenade Aldersgate<\/p>\n<p>Denton, Maryland 21629<\/p>\n<p>443-243-5906<\/p>\n<p>&nbsp;<\/p>\n<p><strong>Mardi et mercredi 9h-14h<\/strong><\/p>\n<p><strong>Jeudi 9h-13h<\/strong><\/p>\n\t<iframe src=\"https:\/\/www.google.com\/maps\/embed\/v1\/place?q=401+Aldersgate+Drive%0ADenton%2C+MD+21629&#038;key=AIzaSyD09zQ9PNDNNy9TadMuzRV_UsPUoWKntt8\" aria-hidden=\"true\" title=\"Chez Aaron\"><\/iframe>\n\t\t<h3>La place d&#039;Aaron 2<\/h3><p>435, rue Principale<\/p>\n<p>Goldsboro, Maryland 21636<\/p>\n<p>443-243-5906<\/p>\n<p>&nbsp;<\/p>\n<p><b>dimanche 16h-17h<\/b><\/p>\n<p><strong>Lundi 9h \u2013 14h<\/strong><\/p>\n\t<iframe src=\"https:\/\/www.google.com\/maps\/embed\/v1\/place?q=435+Main+Street%0AGoldsboro%2C+MD+21636&#038;key=AIzaSyD09zQ9PNDNNy9TadMuzRV_UsPUoWKntt8\" aria-hidden=\"true\" title=\"La place d&#039;Aaron 2\"><\/iframe>\n\t\t<h3>\u00c9glise M\u00e9thodiste Unie de Ridgely<\/h3><p>109, avenue centrale<\/p>\n<p>Ridgely, Maryland 21660<\/p>\n<p>410-634-2527<\/p>\n<p>&nbsp;<\/p>\n<p><b>Mercredi 16h15-17h<\/b><\/p>\n\t<iframe src=\"https:\/\/www.google.com\/maps\/embed\/v1\/place?q=109+Central+Avenue%0ARidgely%2C+MD+21660&#038;key=AIzaSyD09zQ9PNDNNy9TadMuzRV_UsPUoWKntt8\" aria-hidden=\"true\" title=\"\u00c9glise M\u00e9thodiste Unie de Ridgely\"><\/iframe>\n\t\t<h3>Trinit\u00e9 AME<\/h3><p>12100, rue de l&#039;\u00c9cole<\/p>\n<p>Ridgely, Maryland 21660<\/p>\n<p>302-270-7083<\/p>\n<p>&nbsp;<\/p>\n<p><b>Sur rendez-vous<\/b><\/p>\n\t<iframe src=\"https:\/\/www.google.com\/maps\/embed\/v1\/place?q=12100+School+Street%0ARidgely%2C+MD+21660&#038;key=AIzaSyD09zQ9PNDNNy9TadMuzRV_UsPUoWKntt8\" aria-hidden=\"true\" title=\"Trinit\u00e9 AME\"><\/iframe>\n\t\t<h3>\u00c9glise M\u00e9thodiste Unie Saint-Paul<\/h3><p>300, avenue du Coucher du Soleil<\/p>\n<p>Greensboro, Maryland 21639<\/p>\n<p>410-482-8170<\/p>\n<p>&nbsp;<\/p>\n<p><b>Tous les samedis de 10h \u00e0 12h<\/b><\/p>\n\t<iframe src=\"https:\/\/www.google.com\/maps\/embed\/v1\/place?q=300+Sunset+Avenue%0AGreensboro%2C+MD+21639&#038;key=AIzaSyD09zQ9PNDNNy9TadMuzRV_UsPUoWKntt8\" aria-hidden=\"true\" title=\"\u00c9glise M\u00e9thodiste Unie Saint-Paul\"><\/iframe>\n\t\t<h3>\u00c9glise chr\u00e9tienne de Denton<\/h3><p>8680, chemin Mitchell<\/p>\n<p>Denton, Maryland 21629<\/p>\n<p>410-479-9519<\/p>\n<p>&nbsp;<\/p>\n<p><b>Tous les deux mois, le 3\u00e8me jeudi de 15h \u00e0 16h<\/b><\/p>\n\t<iframe src=\"https:\/\/www.google.com\/maps\/embed\/v1\/place?q=8680+Mitchell+Road%0ADenton%2C+MD+21629&#038;key=AIzaSyD09zQ9PNDNNy9TadMuzRV_UsPUoWKntt8\" aria-hidden=\"true\" title=\"\u00c9glise chr\u00e9tienne de Denton\"><\/iframe>\n\t\t<h3>Grange Saint-Martin<\/h3><p>14376, all\u00e9e B\u00e9n\u00e9dictine<\/p>\n<p>Ridgely, Maryland 21660<\/p>\n<p>410-634-1140<\/p>\n<p>&nbsp;<\/p>\n<p><b>Mardi, jeudi et vendredi<\/b><\/p>\n<p><strong>8h30 \u2013 11h30\u00a0<\/strong><\/p>\n\t<iframe src=\"https:\/\/www.google.com\/maps\/embed\/v1\/place?q=14376+Benedictine+Lane%0ARidgely%2C+MD+21660&#038;key=AIzaSyD09zQ9PNDNNy9TadMuzRV_UsPUoWKntt8\" aria-hidden=\"true\" title=\"Grange Saint-Martin\"><\/iframe>\n\t\t<h3>Je pense \u00e0 ton garde-manger<\/h3><p>9058, chemin Double Hills<\/p>\n<p>Denton, Maryland 21629<\/p>\n<p>443-243-5906<\/p>\n<p>&nbsp;<\/p>\n<p><strong>jeudi 18h-19h<\/strong><\/p>\n\t<iframe src=\"https:\/\/www.google.com\/maps\/embed\/v1\/place?q=9058+Double+Hills+Road%0ADenton%2C+MD+21629&#038;key=AIzaSyD09zQ9PNDNNy9TadMuzRV_UsPUoWKntt8\" aria-hidden=\"true\" title=\"Je pense \u00e0 ton garde-manger\"><\/iframe>\n\t\t<h3>\u00c9glise comm\u00e9morative Abrams<\/h3><p>300 N. 4e rue<\/p>\n<p>Denton, Maryland 21629<\/p>\n<p>&nbsp;<\/p>\n<p><b>1er samedi du mois 9h-11h<\/b><\/p>\n\t<iframe src=\"https:\/\/www.google.com\/maps\/embed\/v1\/place?q=300+N.+4th+Street%0ADenton%2C+MD+21629&#038;key=AIzaSyD09zQ9PNDNNy9TadMuzRV_UsPUoWKntt8\" aria-hidden=\"true\" title=\"\u00c9glise comm\u00e9morative Abrams\"><\/iframe>\n\t\t<h3>Maison Samaritaine<\/h3><p>12 N. Cinqui\u00e8me rue<\/p>\n<p>Denton, Maryland 21629<\/p>\n<p>410-479-1251<\/p>\n<p>&nbsp;<\/p>\n<p><b>Mercredi, jeudi, vendredi 10h-14h<\/b><\/p>\n<p><strong>Samedi 9h-12h<\/strong><\/p>\n\t<iframe src=\"https:\/\/www.google.com\/maps\/embed\/v1\/place?q=12+N.+Fifth+Street%0ADenton%2C+MD+21629&#038;key=AIzaSyD09zQ9PNDNNy9TadMuzRV_UsPUoWKntt8\" aria-hidden=\"true\" title=\"Maison Samaritaine\"><\/iframe>\n\t\t<h3>\u00c9glise baptiste du Calvaire<\/h3><p>120, rue du march\u00e9<\/p>\n<p>Denton, Maryland 21629<\/p>\n<p>410-924-6404<\/p>\n<p>&nbsp;<\/p>\n<p><b>mercredi et dimanche 19h<\/b><\/p>\n\t<iframe src=\"https:\/\/www.google.com\/maps\/embed\/v1\/place?q=120+Market+Street%0ADenton%2C+MD+21629&#038;key=AIzaSyD09zQ9PNDNNy9TadMuzRV_UsPUoWKntt8\" aria-hidden=\"true\" title=\"\u00c9glise baptiste du Calvaire\"><\/iframe>\n\t\t<h3>Parole de vie<\/h3><p>3835, chemin Old Denton<\/p>\n<p>Federalsburg, Maryland 21632<\/p>\n<p>410-690-2001<\/p>\n<p>&nbsp;<\/p>\n<p><b>Mardi et vendredi de 9h \u00e0 11h<\/b><\/p>\n\t<iframe src=\"https:\/\/www.google.com\/maps\/embed\/v1\/place?q=3835+Old+Denton+Road%0AFederalsburg%2C+MD+21632&#038;key=AIzaSyD09zQ9PNDNNy9TadMuzRV_UsPUoWKntt8\" aria-hidden=\"true\" title=\"Parole de vie\"><\/iframe>\n\t\t<h3>Nouvel UMC de Sion<\/h3><p>12496, chemin Newtown Village<\/p>\n<p>Cordoue, MD 21625<\/p>\n<p>443-534-3905<\/p>\n<p>&nbsp;<\/p>\n<p><b>1er vendredi tous les 3 mois de 15h30 \u00e0 18h30<\/b><\/p>\n\t<iframe src=\"https:\/\/www.google.com\/maps\/embed\/v1\/place?q=3835+Old+Denton+Road%0AFederalsburg%2C+MD+21632&#038;key=AIzaSyD09zQ9PNDNNy9TadMuzRV_UsPUoWKntt8\" aria-hidden=\"true\" title=\"Parole de vie\"><\/iframe>\n\t\t<h3>Chapelle de Ross AME<\/h3><p>6830, chemin State<\/p>\n<p>Preston, Maryland 21655<\/p>\n<p>410-673-1079<\/p>\n<p>&nbsp;<\/p>\n<p><b>4\u00e8me mercredi bimensuel 15h-17h<\/b><\/p>\n\t<iframe src=\"https:\/\/www.google.com\/maps\/embed\/v1\/place?q=6830+Statum+Road%0APreston%2C+MD+21655&#038;key=AIzaSyD09zQ9PNDNNy9TadMuzRV_UsPUoWKntt8\" aria-hidden=\"true\" title=\"Chapelle de Ross AME\"><\/iframe>\n<h2>Aide juridique<\/h2>\n<p>Si vous avez besoin d&#039;aide pour une affaire de droit civil, vous pouvez demander l&#039;aide de Mid-Shore Pro Bono. L&#039;agence travaille avec des avocats b\u00e9n\u00e9voles sur toute la c\u00f4te Est, y compris le comt\u00e9 de Caroline.<\/p>\n<p>L\u2019organisation peut vous aider avec :<\/p>\n<ul>\n<li>la faillite<\/li>\n<li>garde d&#039;enfant ou visite<\/li>\n<li>dette \u00e0 la consommation<\/li>\n<li>litiges contractuels<\/li>\n<li>divorce<\/li>\n<li>forclusion<\/li>\n<li>probl\u00e8mes propri\u00e9taire\/locataire<\/li>\n<\/ul>\n<p>Ils pourront peut-\u00eatre vous aider pour d&#039;autres probl\u00e8mes juridiques, mais ne peuvent pas vous aider pour tous les types, alors assurez-vous <a href=\"https:\/\/midshoreprobono.org\/how-we-help\/\" target=\"_blank\" rel=\"noopener\">ils vous assistent pour votre affaire juridique<\/a> avant de demander de l&#039;aide.<\/p>\n<p>Commencez par remplir le <a href=\"https:\/\/www.legal-trak.com\/CaseManagement\/OnlineInTake\/OnlineInTake\/2?skipPayment=true\" target=\"_blank\" rel=\"noopener\">Formulaire d&#039;admission Mid-Shore Pro Bono<\/a>.<\/p>\n<h2>Besoins li\u00e9s \u00e0 la sant\u00e9<\/h2>\n<p>Si vous avez besoin de vaccins, d&#039;examens de sant\u00e9, d&#039;un soutien en mati\u00e8re de sant\u00e9 comportementale ou si vous avez d&#039;autres probl\u00e8mes de sant\u00e9, contactez le <a href=\"https:\/\/www.carolinehd.org\/health-services\/\" target=\"_blank\" rel=\"noopener\">D\u00e9partement de la sant\u00e9 du comt\u00e9 de Caroline<\/a>.<\/p>\n<p>La Mid Shore Health Improvement Coalition sensibilise \u00e9galement au pr\u00e9diab\u00e8te, qui touche 1 adulte sur 3 dans toute la r\u00e9gion Mid Shore. <a href=\"https:\/\/www.midshorehealth.org\/diabetesrisk\" target=\"_blank\" rel=\"noopener\">Faites ce test rapide du diab\u00e8te<\/a> pour voir si vous courez un risque.<\/p>\n<p>Vous pouvez \u00e9galement vous connecter en assistant \u00e0 un \u00e9v\u00e9nement li\u00e9 \u00e0 la sant\u00e9. <a href=\"https:\/\/www.midshorehealth.org\/events\" target=\"_blank\" rel=\"noopener\">Consultez le calendrier des \u00e9v\u00e9nements<\/a>\u00a0de la Mid Shore Health Improvement Coalition.<\/p>\n\t\t\t\t<img decoding=\"async\" src=\"http:\/\/211md.org\/wp-content\/uploads\/2024\/01\/Whats-the-211-hon.jpg\" alt=\"Qu&#039;est-ce que le rappel par SMS du 211\u00a0Hon\u00a0?\" itemprop=\"image\" title=\"Quel est le 211 honorable\" onerror=\"this.style.display='none'\" loading=\"lazy\" \/>\n\t<h2>Ressources du comt\u00e9 de Caroline<\/h2>\n<p>En savoir plus <a href=\"https:\/\/211md.org\/fr\/whats-the-211\/\">C&#039;est quoi le 211, ch\u00e9rie ?<\/a> \u2013 un effort populaire visant \u00e0 sensibiliser la population \u00e0 la mani\u00e8re dont le 211 peut aider les r\u00e9sidents du comt\u00e9 de Caroline \u00e0 trouver des ressources locales en mati\u00e8re de sant\u00e9 et de services sociaux. Le 211 est disponible 24 heures sur 24, 7 jours sur 7, 365 jours par an.<\/p>\n<p>Vous pouvez \u00e9galement recevoir des mises \u00e0 jour par SMS avec les ressources de sant\u00e9 Mid Shore. Inscrivez-vous en envoyant un SMS \u00e0 MidShore au 898-211.<\/p>\n\t\t<h3>\t\n\tRecevez des alertes textuelles MidShore<\/h3><p>Recevez des mises \u00e0 jour par SMS avec les ressources de la communaut\u00e9. Inscrivez-vous en envoyant un SMS \u00e0 MidShore au 898-211.<\/p>\n\t\t<h4><a href=\"\/fr\/ressources\/vieillissement-handicap\/?utm_source=Home&#038;utm_medium=Referral&#038;utm_campaign=211Resources&#038;utm_content=Aging\" target=\"_self\">Vieillissement &amp; Handicap<\/a><\/h4>\n\t\t\t\t<a href=\"\/fr\/ressources\/vieillissement-handicap\/?utm_source=Home&#038;utm_medium=Referral&#038;utm_campaign=211Resources&#038;utm_content=Aging\"  target=\"_self\" itemprop=\"url\">\n\t\t\t\t<img decoding=\"async\" src=\"https:\/\/211md.org\/wp-content\/uploads\/bb-plugin\/cache\/2025_MdInfoNet_Icon-Sets_Aging-disability-square-c466727102cae71e5f27b8539bb51945-.png\" alt=\"\" itemprop=\"image\" onerror=\"this.style.display='none'\" loading=\"lazy\" \/>\n\t\t\t\t<\/a>\n\t\t<h4><a href=\"\/fr\/ressources\/enfants-familles\/?utm_source=Home&#038;utm_medium=Referral&#038;utm_campaign=211Resources&#038;utm_content=Children\" target=\"_self\">Enfants et familles<\/a><\/h4>\n\t\t\t\t<a href=\"\/fr\/ressources\/enfants-familles\/?utm_source=Home&#038;utm_medium=Referral&#038;utm_campaign=211Resources&#038;utm_content=Children\"  target=\"_self\" itemprop=\"url\">\n\t\t\t\t<img decoding=\"async\" src=\"https:\/\/211md.org\/wp-content\/uploads\/bb-plugin\/cache\/2025_211_Icon-Sets_Child-care-square-f3b0d4edab3dcc467fadb5f55f4064c6-.png\" alt=\"2025_211_Ensembles d&#039;ic\u00f4nes_Garde d&#039;enfants\" itemprop=\"image\" height=\"417\" width=\"417\" title=\"2025_211_Ensembles d&#039;ic\u00f4nes_Garde d&#039;enfants\" onerror=\"this.style.display='none'\" loading=\"lazy\" \/>\n\t\t\t\t<\/a>\n\t\t<h4><a href=\"\/fr\/ressources\/violence-familiale-domestique\/?utm_source=Home&#038;utm_medium=Referral&#038;utm_campaign=211Resources&#038;utm_content=Domestic\" target=\"_self\">Violence Domestique<\/a><\/h4>\n\t\t\t\t<a href=\"\/fr\/ressources\/violence-familiale-domestique\/?utm_source=Home&#038;utm_medium=Referral&#038;utm_campaign=211Resources&#038;utm_content=Domestic\"  target=\"_self\" itemprop=\"url\">\n\t\t\t\t<img decoding=\"async\" src=\"https:\/\/211md.org\/wp-content\/uploads\/bb-plugin\/cache\/2025_211_Icon-Sets_Domestic-Violence-square-7b597694a6f05fe90cdc376aa573bc63-.png\" alt=\"Ic\u00f4ne de violence domestique\" itemprop=\"image\" height=\"417\" width=\"417\" title=\"2025_211_Ensembles d&#039;ic\u00f4nes_Violence domestique\" onerror=\"this.style.display='none'\" loading=\"lazy\" \/>\n\t\t\t\t<\/a>\n\t\t<h4><a href=\"\/fr\/ressources\/recherche-demploi\/?utm_source=Home&#038;utm_medium=Referral&#038;utm_campaign=211Resources&#038;utm_content=Employment\" target=\"_self\">Emploi<\/a><\/h4>\n\t\t\t\t<a href=\"\/fr\/ressources\/recherche-demploi\/?utm_source=Home&#038;utm_medium=Referral&#038;utm_campaign=211Resources&#038;utm_content=Employment\"  target=\"_self\" itemprop=\"url\">\n\t\t\t\t<img decoding=\"async\" src=\"https:\/\/211md.org\/wp-content\/uploads\/bb-plugin\/cache\/2025_MdInfoNet_Icon-Sets_Employment-square-44707bd410e4df10a470bf130ebcea86-.png\" alt=\"\" itemprop=\"image\" onerror=\"this.style.display='none'\" loading=\"lazy\" \/>\n\t\t\t\t<\/a>\n\t\t<h4><a href=\"\/fr\/ressources\/soins-de-sante\/?utm_source=Home&#038;utm_medium=Referral&#038;utm_campaign=211Resources&#038;utm_content=Health%20Care\" target=\"_self\">Soins de sant\u00e9<\/a><\/h4>\n\t\t\t\t<a href=\"\/fr\/ressources\/soins-de-sante\/?utm_source=Home&#038;utm_medium=Referral&#038;utm_campaign=211Resources&#038;utm_content=Health%20Care\"  target=\"_self\" itemprop=\"url\">\n\t\t\t\t<img decoding=\"async\" src=\"https:\/\/211md.org\/wp-content\/uploads\/bb-plugin\/cache\/2025_MdInfoNet_Icon-Sets_Health-Care-square-dee98a0060cbe0e7f27eda253fc12679-.png\" alt=\"\" itemprop=\"image\" onerror=\"this.style.display='none'\" loading=\"lazy\" \/>\n\t\t\t\t<\/a>\n\t\t<h4><a href=\"\/fr\/ressources\/enfants-familles\/parente\/?utm_source=Home&#038;utm_medium=Referral&#038;utm_campaign=211Resources&#038;utm_content=Kinship\" target=\"_self\">Parent\u00e9<\/a><\/h4>\n\t\t\t\t<a href=\"\/fr\/ressources\/enfants-familles\/parente\/?utm_source=Home&#038;utm_medium=Referral&#038;utm_campaign=211Resources&#038;utm_content=Kinship\"  target=\"_self\" itemprop=\"url\">\n\t\t\t\t<img decoding=\"async\" src=\"https:\/\/211md.org\/wp-content\/uploads\/bb-plugin\/cache\/2025_211_Icon-Sets_Kinship-square-45bdf872866f5735f842c32071109267-.png\" alt=\"Ic\u00f4ne de parent\u00e9\" itemprop=\"image\" height=\"417\" width=\"417\" title=\"2025_211_Ensembles d&#039;ic\u00f4nes_Parent\u00e9\" onerror=\"this.style.display='none'\" loading=\"lazy\" \/>\n\t\t\t\t<\/a>\n\t\t<h4><a href=\"\/fr\/ressources\/services-juridiques\/?utm_source=Home&#038;utm_medium=Referral&#038;utm_campaign=211Resources&#038;utm_content=Legal\" target=\"_self\">Services juridiques<\/a><\/h4>\n\t\t\t\t<a href=\"\/fr\/ressources\/services-juridiques\/?utm_source=Home&#038;utm_medium=Referral&#038;utm_campaign=211Resources&#038;utm_content=Legal\"  target=\"_self\" itemprop=\"url\">\n\t\t\t\t<img decoding=\"async\" src=\"https:\/\/211md.org\/wp-content\/uploads\/bb-plugin\/cache\/2025_MdInfoNet_Icon-Sets_Legal-square-18fdf438feb8435588174d9046463257-.png\" alt=\"\" itemprop=\"image\" onerror=\"this.style.display='none'\" loading=\"lazy\" \/>\n\t\t\t\t<\/a>\n\t\t<h4><a href=\"\/fr\/ressources\/sante-mentale\/?utm_source=Home&#038;utm_medium=Referral&#038;utm_campaign=211Resources&#038;utm_content=Mental\" target=\"_self\">Sant\u00e9 mentale<\/a><\/h4>\n\t\t\t\t<a href=\"\/fr\/ressources\/sante-mentale\/?utm_source=Home&#038;utm_medium=Referral&#038;utm_campaign=211Resources&#038;utm_content=Mental\"  target=\"_self\" itemprop=\"url\">\n\t\t\t\t<img decoding=\"async\" src=\"https:\/\/211md.org\/wp-content\/uploads\/bb-plugin\/cache\/2025_MdInfoNet_Icon-Sets_Mental-Health-square-c59b38c4a993a947d4c9280fbe2d2fee-.png\" alt=\"\" itemprop=\"image\" onerror=\"this.style.display='none'\" loading=\"lazy\" \/>\n\t\t\t\t<\/a>\n\t\t<h4><a href=\"\/fr\/ressources\/mdreentry\/?utm_source=Home&#038;utm_medium=Referral&#038;utm_campaign=211Resources&#038;utm_content=Reentry\" target=\"_self\">Rentr\u00e9e<\/a><\/h4>\n\t\t\t\t<a href=\"\/fr\/ressources\/mdreentry\/?utm_source=Home&#038;utm_medium=Referral&#038;utm_campaign=211Resources&#038;utm_content=Reentry\"  target=\"_self\" itemprop=\"url\">\n\t\t\t\t<img decoding=\"async\" src=\"https:\/\/211md.org\/wp-content\/uploads\/bb-plugin\/cache\/2025_211_Icon-Sets_Reentry-square-8676fea38abd920a832f45642fe31cca-.png\" alt=\"Ic\u00f4ne de rentr\u00e9e\" itemprop=\"image\" height=\"417\" width=\"417\" title=\"2025_211_Ensembles d&#039;ic\u00f4nes_R\u00e9entr\u00e9e\" onerror=\"this.style.display='none'\" loading=\"lazy\" \/>\n\t\t\t\t<\/a>\n\t\t<h4><a href=\"\/fr\/ressources\/consommation-de-substances\/?utm_source=Home&#038;utm_medium=Referral&#038;utm_campaign=211Resources&#038;utm_content=Substance\" target=\"_self\">Consommation de substances<\/a><\/h4>\n\t\t\t\t<a href=\"\/fr\/ressources\/consommation-de-substances\/?utm_source=Home&#038;utm_medium=Referral&#038;utm_campaign=211Resources&#038;utm_content=Substance\"  target=\"_self\" itemprop=\"url\">\n\t\t\t\t<img decoding=\"async\" src=\"https:\/\/211md.org\/wp-content\/uploads\/bb-plugin\/cache\/2025_MdInfoNet_Icon-Sets_Substance-Abuse-square-9022fec9d18a64118ad685c101885b55-.png\" alt=\"\" itemprop=\"image\" onerror=\"this.style.display='none'\" loading=\"lazy\" \/>\n\t\t\t\t<\/a>\n\t\t<h4><a href=\"\/fr\/ressources\/anciens-combattants\/?utm_source=Home&#038;utm_medium=Referral&#038;utm_campaign=211Resources&#038;utm_content=Veterans\" target=\"_self\">anciens combattants<\/a><\/h4>\n\t\t\t\t<a href=\"\/fr\/ressources\/anciens-combattants\/?utm_source=Home&#038;utm_medium=Referral&#038;utm_campaign=211Resources&#038;utm_content=Veterans\"  target=\"_self\" itemprop=\"url\">\n\t\t\t\t<img decoding=\"async\" src=\"https:\/\/211md.org\/wp-content\/uploads\/bb-plugin\/cache\/2025_MdInfoNet_Icon-Sets_Rating-square-6e60d00cce4faa8e0a6d4ad7366aa733-.png\" alt=\"\" itemprop=\"image\" onerror=\"this.style.display='none'\" loading=\"lazy\" \/>\n\t\t\t\t<\/a>","protected":false},"excerpt":{"rendered":"<p>Trouvez des ressources pr\u00e8s de chez vous. Recherchez maintenant. Ajoutez votre agence ou organisation \u00e0 notre base de donn\u00e9es. Nous pouvons vous aider si vous habitez \u00e0 Denton, Ridgely, Greensboro, Federalsburg, Hobbs, Asbury, Anthony, Agner, White Oak Manor, Reliance ou dans une autre ville du comt\u00e9 de Caroline. Composez le 211 pour parler \u00e0 un sp\u00e9cialiste de l&#039;information et de l&#039;orientation. Vous pouvez \u00e9galement effectuer une recherche dans la base de donn\u00e9es.<\/p>","protected":false},"author":8,"featured_media":0,"parent":750,"menu_order":0,"comment_status":"closed","ping_status":"closed","template":"","meta":{"footnotes":""},"class_list":["post-1689","page","type-page","status-publish","hentry"],"_links":{"self":[{"href":"https:\/\/211md.org\/fr\/wp-json\/wp\/v2\/pages\/1689","targetHints":{"allow":["GET"]}}],"collection":[{"href":"https:\/\/211md.org\/fr\/wp-json\/wp\/v2\/pages"}],"about":[{"href":"https:\/\/211md.org\/fr\/wp-json\/wp\/v2\/types\/page"}],"author":[{"embeddable":true,"href":"https:\/\/211md.org\/fr\/wp-json\/wp\/v2\/users\/8"}],"replies":[{"embeddable":true,"href":"https:\/\/211md.org\/fr\/wp-json\/wp\/v2\/comments?post=1689"}],"version-history":[{"count":4,"href":"https:\/\/211md.org\/fr\/wp-json\/wp\/v2\/pages\/1689\/revisions"}],"predecessor-version":[{"id":34193,"href":"https:\/\/211md.org\/fr\/wp-json\/wp\/v2\/pages\/1689\/revisions\/34193"}],"up":[{"embeddable":true,"href":"https:\/\/211md.org\/fr\/wp-json\/wp\/v2\/pages\/750"}],"wp:attachment":[{"href":"https:\/\/211md.org\/fr\/wp-json\/wp\/v2\/media?parent=1689"}],"curies":[{"name":"wp","href":"https:\/\/api.w.org\/{rel}","templated":true}]}}