{"id":1690,"date":"2021-05-12T00:23:36","date_gmt":"2021-05-12T00:23:36","guid":{"rendered":"https:\/\/211md.org\/?page_id=1690"},"modified":"2025-10-29T07:08:26","modified_gmt":"2025-10-29T11:08:26","slug":"comte-de-queen-annes","status":"publish","type":"page","link":"https:\/\/211md.org\/fr\/resources-by-county\/queen-annes-county\/","title":{"rendered":"Comt\u00e9 de la Reine Anne"},"content":{"rendered":"<h2><a href=\"https:\/\/search.211md.org\/\" target=\"_blank\"  rel=\"noopener\">Trouver des ressources pr\u00e8s de chez moi<\/a><\/h2>\n\t\t\t<a href=\"https:\/\/search.211md.org\/\" target=\"_blank\" rel=\"noopener\">\n\t\t\t\t\t\t\tRechercher maintenant\n\t\t\t<\/a>\n\t<p><strong><a href=\"\/fr\/rejoignez-notre-base-de-donnees\/\">Ajoutez votre agence ou organisation \u00e0 notre base de donn\u00e9es de ressources.<\/a><\/strong><\/p>\n\t<p>Besoin de nourriture ou d&#039;une aide financi\u00e8re d&#039;urgence pour le logement ou les factures de services publics\u00a0? Le 211 peut r\u00e9pondre \u00e0 ces besoins et \u00e0 d&#039;autres. Consultez plus de 7\u00a0000 ressources dans tout le Maryland ou composez le 211 pour parler \u00e0 un sp\u00e9cialiste de l&#039;information et de l&#039;orientation du 211 et trouver les meilleures ressources locales.<\/p>\n<p>De l&#039;aide est disponible si vous habitez \u00e0 Sudlersville, Church Hill, Queenstown, Grasonville, Stevensville ou Centreville ou dans l&#039;une des autres communaut\u00e9s de Queen Anne&#039;s.<\/p>\n\t\t<h2>\t\n\tComposez le 211<\/h2><p>Connectez-vous aux ressources communautaires et b\u00e9n\u00e9ficiez d&#039;une assistance 24 heures sur 24, 7 jours sur 7 et 365 jours par an.<\/p>\n<h2>Havre Minist\u00e8res<\/h2>\n<p><a href=\"https:\/\/haven-ministries.org\/\" target=\"_blank\" rel=\"noopener\">Havre Minist\u00e8res<\/a>, une coalition d&#039;\u00e9glises chr\u00e9tiennes du comt\u00e9 de Queen Anne, offre une aide au logement, de la nourriture, des v\u00eatements et un abri aux familles dans le besoin.<\/p>\n<p>Il y a un centre de ressources et un garde-manger \u00e0 Queenstown derri\u00e8re Royal Farms. Les r\u00e9sidents de Queen Anne peuvent utiliser le garde-manger une fois par mois, avec une pi\u00e8ce d&#039;identit\u00e9 valide avec photo. Vous pouvez prendre rendez-vous en appelant le 410-827-7194.<\/p>\n<p>Il existe \u00e9galement un camion de garde-manger mobile \u00e0 Sudlersville, dans le Maryland. Le camion de restauration propose des aliments non cuits aux personnes ayant des besoins alimentaires d&#039;urgence dans le nord du comt\u00e9 de Queen Anne.<\/p>\n<p>Haven Ministries peut \u00e9galement aider \u00e0 trouver des logements abordables, ce qui manque dans le comt\u00e9 de Queen Anne. Ils offrent un abri d&#039;hiver d&#039;urgence et\u00a0<a href=\"https:\/\/haven-ministries.org\/2020\/11\/haven-ministries-expands-housing-assistance-program-2\/\" target=\"_blank\" rel=\"noopener\">Programme d&#039;aide au logement<\/a>.<\/p>\n<p>Un financement peut \u00eatre disponible aupr\u00e8s de l&#039;\u00e9glise catholique St. Christopher&#039;s, de Haven Ministries et de l&#039;\u00e9glise m\u00e9thodiste unie de Kent Island pour le paiement du loyer et des services publics, lorsqu&#039;ils sont disponibles.<\/p>\n<p>Vous pouvez contacter ces agences ou appeler le 211 pour trouver des ressources dans le comt\u00e9 de Queen Anne qui peuvent vous aider avec les factures de services publics et la pr\u00e9vention des expulsions.<\/p>\n<h2><b>Aide au logement\u00a0<\/b><\/h2>\n<p>Si vous avez besoin d&#039;aide pour vous loger, Queen Anne&#039;s Housing &amp; Community Services propose une gamme de programmes aidant \u00e0 la pr\u00e9vention des expulsions, \u00e0 l&#039;itin\u00e9rance, aux premiers acheteurs de maison et aux r\u00e9parations d&#039;urgence du logement. Vous pouvez \u00e9galement consulter leur <a href=\"https:\/\/www.qac.org\/1210\/Homeless-Assistance\" target=\"_blank\" rel=\"noopener\">page de ressources<\/a> pour obtenir des informations sur les lieux de logement dans tout le comt\u00e9, les logements pour personnes \u00e2g\u00e9es, les r\u00e9sidences-services et les refuges.<\/p>\n<h2><b>Aide utilitaire<\/b><\/h2>\n<p>Si vous avez besoin d&#039;aide pour payer votre facture d&#039;\u00e9lectricit\u00e9, le\u00a0<a href=\"https:\/\/search.211md.org\/search\/6308c2bd4994ec149dfa74324ebccfde\" target=\"_blank\" rel=\"noopener\">D\u00e9partement des services sociaux du comt\u00e9 de Queen Anne<\/a>\u00a0peut aider avec des subventions \u00e9nerg\u00e9tiques de l&#039;\u00c9tat telles que le Maryland Energy Assistance Program (MEAP) pour les co\u00fbts de chauffage, le Electric Universal Service Program (EUSP) pour les factures d&#039;\u00e9lectricit\u00e9 et d&#039;autres subventions par l&#039;interm\u00e9diaire de l&#039;Office of Home Energy Programs (OHEP).<\/p>\n<p><a href=\"\/fr\/ressources\/assistance-utilitaire\/\" rel=\"noopener\">Le 211 dispose d&#039;un guide d&#039;assistance \u00e9nerg\u00e9tique<\/a>\u00a0avec des informations d\u00e9taill\u00e9es sur les directives en mati\u00e8re de revenus et sur la mani\u00e8re de remplir correctement le formulaire.<\/p>\n<p>Vous pouvez \u00e9galement contacter <a href=\"https:\/\/www.delmarva.com\/MyAccount\/CustomerSupport\/Pages\/MD\/BillPaymentAssistance.aspx\" target=\"_blank\" rel=\"noopener\">Puissance Delmarva<\/a> ou alors <a href=\"https:\/\/www.choptankelectric.coop\/energy-assistance\" target=\"_blank\" rel=\"noopener\">Choptank \u00e9lectrique<\/a> pour \u00e9tablir un plan de paiement.<\/p>\n<h2>Garde-manger<\/h2>\n<p>Avant de visiter un garde-manger, v\u00e9rifiez les conditions d&#039;\u00e9ligibilit\u00e9 et confirmez les heures car elles sont susceptibles de changer.<\/p>\n<p>Pour certains garde-manger, vous aurez peut-\u00eatre besoin d&#039;un rendez-vous et\/ou d&#039;une pi\u00e8ce d&#039;identit\u00e9 valide avec photo<\/p>\n\t\t<h3>Haven Ministries, Inc.<\/h3>206, avenue Del Rhodes<br \/>\nQueenstown, MD 21658<br \/>\n(derri\u00e8re Royal Farms)<br \/>\nT\u00e9l\u00e9phone : (410) 827-7194\n<p>Doit \u00eatre un r\u00e9sident du CAQ avec photo Les r\u00e9sidents sont les bienvenus une fois par mois.<\/p>\n<p>&nbsp;<\/p>\n<strong>Garde-manger | L, W, Je, F de 8h30 \u00e0 16h30<br \/>\nT de 7h \u00e0 19h\u00a0<\/strong>\n\t<iframe src=\"https:\/\/www.google.com\/maps\/embed\/v1\/place?q=Haven+Ministries%0A206+Del+Rhodes+Avenue%0AQueenstown%2C+MD+21658&#038;key=AIzaSyD09zQ9PNDNNy9TadMuzRV_UsPUoWKntt8\" aria-hidden=\"true\" title=\"Havre Minist\u00e8res\"><\/iframe>\n\t\t<h3>Haven Ministries, Inc. Camion alimentaire mobile<\/h3>407, chemin Dudley Corner<br \/>\nSudlersville, MD 21668<br \/>\n410-827-7194\n<p>&nbsp;<\/p>\n<p>R\u00e9sidents du Nord du CAQ ayant des besoins alimentaires d&#039;urgence, un rendez-vous et une pi\u00e8ce d&#039;identit\u00e9 avec photo<\/p>\n<p>&nbsp;<\/p>\n<p><b>Camion de nourriture mobile | Sur rendez-vous le mardi 12h \u2013 19h et\u00a0<\/b><strong>Vendredi 9h \u2013 19h<\/strong><\/p>\n\t<iframe src=\"https:\/\/www.google.com\/maps\/embed\/v1\/place?q=407+Dudley+Corner+Road%0ASudersville%2C+MD+21668&#038;key=AIzaSyD09zQ9PNDNNy9TadMuzRV_UsPUoWKntt8\" aria-hidden=\"true\" title=\"Camion-restaurant Haven Ministries\"><\/iframe>\n\t\t<h3>\u00c9glise m\u00e9thodiste unie de Centerville<\/h3>608, chemin de la Colline de l&#039;\u00c9glise<br \/>\nCentreville, MD 21617<br \/>\n410-758-0868\n<p>&nbsp;<\/p>\n<p><strong>Garde-manger | 1er et 3\u00e8me mercredi de chaque mois de 10h \u00e0 12h<\/strong><\/p>\n\t<iframe src=\"https:\/\/www.google.com\/maps\/embed\/v1\/place?q=Centreville+United+Methodist+Church+%0A608+Church+Hill+Road%0ACentreville%2C+MD+21617&#038;key=AIzaSyD09zQ9PNDNNy9TadMuzRV_UsPUoWKntt8\" aria-hidden=\"true\" title=\"\u00c9glise m\u00e9thodiste unie de Centerville \"><\/iframe>\n\t\t<h3>\u00c9glise catholique Saint-Christophe<\/h3>1861, promenade du port<br \/>\nChester, MD 21619<br \/>\n410-643-6220\n<p>Le garde-manger est ferm\u00e9 si les \u00e9coles sont ferm\u00e9es pour la m\u00e9t\u00e9o.<\/p>\n<strong><br \/>\nGarde-manger | MWF 9h30 \u00e0 12h<\/strong>\n\t<iframe src=\"https:\/\/www.google.com\/maps\/embed\/v1\/place?q=St.+Christopher%27s+Catholic+Church%0A1861+Harbor+Drive%0AChester%2C+MD+21619&#038;key=AIzaSyD09zQ9PNDNNy9TadMuzRV_UsPUoWKntt8\" aria-hidden=\"true\" title=\"\u00c9glise catholique Saint-Christophe\"><\/iframe>\n\t\t<h3>\u00c9glise B\u00e9thel AME<\/h3>102, rue Washington<br \/>\nCentreville, MD 21617<br \/>\n410-758-3748\n<p>&nbsp;<\/p>\n<p><strong>Garde-manger | Appelez pour plus d&#039;informations<\/strong><\/p>\n\t<iframe src=\"https:\/\/www.google.com\/maps\/embed\/v1\/place?q=Bethel+AME+Church+%0A102+Washington+Street%0ACentreville%2C+MD+21617&#038;key=AIzaSyD09zQ9PNDNNy9TadMuzRV_UsPUoWKntt8\" aria-hidden=\"true\" title=\"\u00c9glise B\u00e9thel AME\"><\/iframe>\n\t\t<h3>Centre Communautaire de Grassonville<\/h3>5601, rue Principale<br \/>\nGrassonville, MD 21638<br \/>\n410-827-9215\n<p>&nbsp;<\/p>\n<p><strong>Garde-manger | Mardi 11h30 \u2013 16h et vendredi 10h \u2013 16h<\/strong><\/p>\n\t<iframe src=\"https:\/\/www.google.com\/maps\/embed\/v1\/place?q=Grasonville+Community+Center%0A5601+Main+Street%0AGrasonville%2C+MD+21638&#038;key=AIzaSyD09zQ9PNDNNy9TadMuzRV_UsPUoWKntt8\" aria-hidden=\"true\" title=\"Centre Communautaire de Grassonville\"><\/iframe>\n\t\t<h3>\u00c9glise Adventiste du Septi\u00e8me Jour de Grasonville<\/h3>208, promenade du centre m\u00e9dical<br \/>\nGrassonville, MD 21638<br \/>\n410-827-8461\n<p>&nbsp;<\/p>\n<p>Doit \u00eatre un r\u00e9sident du CAQ avec une pi\u00e8ce d&#039;identit\u00e9 avec photo<\/p>\n<p>&nbsp;<\/p>\n<p><strong>Garde-manger | Tous les lundis de 10h \u00e0 13h\u00a0<\/strong><\/p>\n\t<iframe src=\"https:\/\/www.google.com\/maps\/embed\/v1\/place?q=Grasonville+Seventh+Day+Adventist+Church+%0A208+Medical+Center+Drive%0AGrasonville%2C+MD+21638&#038;key=AIzaSyD09zQ9PNDNNy9TadMuzRV_UsPUoWKntt8\" aria-hidden=\"true\" title=\"\u00c9glise Adventiste du Septi\u00e8me Jour de Grasonville \"><\/iframe>\n\t\t<h3>\u00c9glise UM de Sudlersville<\/h3>103, rue de l&#039;\u00c9glise Nord<br \/>\nSudlersville, MD 21668<br \/>\n410-438-3816<br \/>\n<a href=\"http:\/\/www.sudlersvilleumc.org\/sudlersville-charge-food-pantry.html\" target=\"_blank\" rel=\"noopener\">En savoir plus sur le garde-manger<\/a>.\n<p>Doit \u00eatre r\u00e9sident du CAQ. Exigence de revenu.<\/p>\n<strong><br \/>\nGarde-manger | Appel \u00e0 dates<\/strong>\n\t<iframe src=\"https:\/\/www.google.com\/maps\/embed\/v1\/place?q=Sudlersville+UM+Church%0A103+North+Church+Street%0ASudlersville%2C+MD+21668&#038;key=AIzaSyD09zQ9PNDNNy9TadMuzRV_UsPUoWKntt8\" aria-hidden=\"true\" title=\"Garde-manger de l&#039;\u00e9glise de Sudlersville UM\"><\/iframe>\n\t\t<h3>Notre minist\u00e8re d&#039;\u00e9vang\u00e9lisation de la M\u00e8re des Douleurs<\/h3>301, avenue Homewood<br \/>\nCentreville, MD 21617<br \/>\n410-758-6833<br \/>\n<a href=\"https:\/\/sorrowsparish.org\/outreach\" target=\"_blank\" rel=\"noopener\">En savoir plus sur le garde-manger<\/a>.\n<p>Rendez-vous requis.<\/p>\n<p>&nbsp;<\/p>\n<p><strong>Garde-manger | Deuxi\u00e8me et quatri\u00e8me jeudi de chaque mois entre 16h et 18h selon disponibilit\u00e9 et sur rendez-vous.<\/strong><\/p>\n\t<iframe src=\"https:\/\/www.google.com\/maps\/embed\/v1\/place?q=Our+Mother+of+Sorrows+Outreach+Ministry%0A301+Homewood+Avenue%0ACentreville%2C+MD+21617&#038;key=AIzaSyD09zQ9PNDNNy9TadMuzRV_UsPUoWKntt8\" aria-hidden=\"true\" title=\"Notre minist\u00e8re d&#039;\u00e9vang\u00e9lisation de la M\u00e8re des Douleurs\"><\/iframe>\n\t<p>Si vous habitez dans un autre comt\u00e9 de la c\u00f4te est, vous pouvez trouver d&#039;autres garde-manger en <a href=\"https:\/\/211md.org\/fr\/ressources-par-comte\/\">s\u00e9lection du comt\u00e9.<\/a><\/p>\n<p>D\u00e9couvrez d&#039;autres ressources alimentaires comme <a href=\"https:\/\/211md.org\/fr\/ressources\/nourriture\/\">Avantages de SNAP et comment \u00e9conomiser sur la nourriture<\/a>.<\/p>\n\t\t\t\t<img decoding=\"async\" src=\"http:\/\/211md.org\/wp-content\/uploads\/2024\/01\/Whats-the-211-hon.jpg\" alt=\"Qu&#039;est-ce que le rappel par SMS du 211\u00a0Hon\u00a0?\" itemprop=\"image\" title=\"Quel est le 211 honorable\" onerror=\"this.style.display='none'\" loading=\"lazy\" \/>\n\t<h2>Ressources du comt\u00e9 de Queen Anne<\/h2>\n<p>En savoir plus <a href=\"https:\/\/211md.org\/fr\/whats-the-211\/\">C&#039;est quoi le 211, ch\u00e9rie ?<\/a> \u2013 un effort local visant \u00e0 sensibiliser la population \u00e0 la mani\u00e8re dont le 211 peut aider les r\u00e9sidents du comt\u00e9 de Queen Anne \u00e0 trouver des ressources locales en mati\u00e8re de sant\u00e9 et de services sociaux. Le 211 est disponible 24 heures sur 24, 7 jours sur 7, 365 jours par an.<\/p>\n<p>Vous pouvez \u00e9galement recevoir des mises \u00e0 jour par SMS avec les ressources de sant\u00e9 Mid Shore. Inscrivez-vous en envoyant un SMS \u00e0 MidShore au 898-211.<\/p>\n\t\t<h3>\t\n\tRecevez des alertes textuelles MidShore<\/h3><p>Recevez des mises \u00e0 jour par SMS avec les ressources de la communaut\u00e9. Inscrivez-vous en envoyant un SMS \u00e0 MidShore au 898-211.<\/p>\n\t\t<h4><a href=\"\/fr\/ressources\/vieillissement-handicap\/?utm_source=Home&#038;utm_medium=Referral&#038;utm_campaign=211Resources&#038;utm_content=Aging\" target=\"_self\">Vieillissement &amp; Handicap<\/a><\/h4>\n\t\t\t\t<a href=\"\/fr\/ressources\/vieillissement-handicap\/?utm_source=Home&#038;utm_medium=Referral&#038;utm_campaign=211Resources&#038;utm_content=Aging\"  target=\"_self\" itemprop=\"url\">\n\t\t\t\t<img decoding=\"async\" src=\"https:\/\/211md.org\/wp-content\/uploads\/bb-plugin\/cache\/2025_MdInfoNet_Icon-Sets_Aging-disability-square-c466727102cae71e5f27b8539bb51945-.png\" alt=\"\" itemprop=\"image\" onerror=\"this.style.display='none'\" loading=\"lazy\" \/>\n\t\t\t\t<\/a>\n\t\t<h4><a href=\"\/fr\/ressources\/enfants-familles\/?utm_source=Home&#038;utm_medium=Referral&#038;utm_campaign=211Resources&#038;utm_content=Children\" target=\"_self\">Enfants et familles<\/a><\/h4>\n\t\t\t\t<a href=\"\/fr\/ressources\/enfants-familles\/?utm_source=Home&#038;utm_medium=Referral&#038;utm_campaign=211Resources&#038;utm_content=Children\"  target=\"_self\" itemprop=\"url\">\n\t\t\t\t<img decoding=\"async\" src=\"https:\/\/211md.org\/wp-content\/uploads\/bb-plugin\/cache\/2025_211_Icon-Sets_Child-care-square-f3b0d4edab3dcc467fadb5f55f4064c6-.png\" alt=\"2025_211_Ensembles d&#039;ic\u00f4nes_Garde d&#039;enfants\" itemprop=\"image\" height=\"417\" width=\"417\" title=\"2025_211_Ensembles d&#039;ic\u00f4nes_Garde d&#039;enfants\" onerror=\"this.style.display='none'\" loading=\"lazy\" \/>\n\t\t\t\t<\/a>\n\t\t<h4><a href=\"\/fr\/ressources\/violence-familiale-domestique\/?utm_source=Home&#038;utm_medium=Referral&#038;utm_campaign=211Resources&#038;utm_content=Domestic\" target=\"_self\">Violence Domestique<\/a><\/h4>\n\t\t\t\t<a href=\"\/fr\/ressources\/violence-familiale-domestique\/?utm_source=Home&#038;utm_medium=Referral&#038;utm_campaign=211Resources&#038;utm_content=Domestic\"  target=\"_self\" itemprop=\"url\">\n\t\t\t\t<img decoding=\"async\" src=\"https:\/\/211md.org\/wp-content\/uploads\/bb-plugin\/cache\/2025_211_Icon-Sets_Domestic-Violence-square-7b597694a6f05fe90cdc376aa573bc63-.png\" alt=\"Ic\u00f4ne de violence domestique\" itemprop=\"image\" height=\"417\" width=\"417\" title=\"2025_211_Ensembles d&#039;ic\u00f4nes_Violence domestique\" onerror=\"this.style.display='none'\" loading=\"lazy\" \/>\n\t\t\t\t<\/a>\n\t\t<h4><a href=\"\/fr\/ressources\/recherche-demploi\/?utm_source=Home&#038;utm_medium=Referral&#038;utm_campaign=211Resources&#038;utm_content=Employment\" target=\"_self\">Emploi<\/a><\/h4>\n\t\t\t\t<a href=\"\/fr\/ressources\/recherche-demploi\/?utm_source=Home&#038;utm_medium=Referral&#038;utm_campaign=211Resources&#038;utm_content=Employment\"  target=\"_self\" itemprop=\"url\">\n\t\t\t\t<img decoding=\"async\" src=\"https:\/\/211md.org\/wp-content\/uploads\/bb-plugin\/cache\/2025_MdInfoNet_Icon-Sets_Employment-square-44707bd410e4df10a470bf130ebcea86-.png\" alt=\"\" itemprop=\"image\" onerror=\"this.style.display='none'\" loading=\"lazy\" \/>\n\t\t\t\t<\/a>\n\t\t<h4><a href=\"\/fr\/ressources\/soins-de-sante\/?utm_source=Home&#038;utm_medium=Referral&#038;utm_campaign=211Resources&#038;utm_content=Health%20Care\" target=\"_self\">Soins de sant\u00e9<\/a><\/h4>\n\t\t\t\t<a href=\"\/fr\/ressources\/soins-de-sante\/?utm_source=Home&#038;utm_medium=Referral&#038;utm_campaign=211Resources&#038;utm_content=Health%20Care\"  target=\"_self\" itemprop=\"url\">\n\t\t\t\t<img decoding=\"async\" src=\"https:\/\/211md.org\/wp-content\/uploads\/bb-plugin\/cache\/2025_MdInfoNet_Icon-Sets_Health-Care-square-dee98a0060cbe0e7f27eda253fc12679-.png\" alt=\"\" itemprop=\"image\" onerror=\"this.style.display='none'\" loading=\"lazy\" \/>\n\t\t\t\t<\/a>\n\t\t<h4><a href=\"\/fr\/ressources\/enfants-familles\/parente\/?utm_source=Home&#038;utm_medium=Referral&#038;utm_campaign=211Resources&#038;utm_content=Kinship\" target=\"_self\">Parent\u00e9<\/a><\/h4>\n\t\t\t\t<a href=\"\/fr\/ressources\/enfants-familles\/parente\/?utm_source=Home&#038;utm_medium=Referral&#038;utm_campaign=211Resources&#038;utm_content=Kinship\"  target=\"_self\" itemprop=\"url\">\n\t\t\t\t<img decoding=\"async\" src=\"https:\/\/211md.org\/wp-content\/uploads\/bb-plugin\/cache\/2025_211_Icon-Sets_Kinship-square-45bdf872866f5735f842c32071109267-.png\" alt=\"Ic\u00f4ne de parent\u00e9\" itemprop=\"image\" height=\"417\" width=\"417\" title=\"2025_211_Ensembles d&#039;ic\u00f4nes_Parent\u00e9\" onerror=\"this.style.display='none'\" loading=\"lazy\" \/>\n\t\t\t\t<\/a>\n\t\t<h4><a href=\"\/fr\/ressources\/services-juridiques\/?utm_source=Home&#038;utm_medium=Referral&#038;utm_campaign=211Resources&#038;utm_content=Legal\" target=\"_self\">Services juridiques<\/a><\/h4>\n\t\t\t\t<a href=\"\/fr\/ressources\/services-juridiques\/?utm_source=Home&#038;utm_medium=Referral&#038;utm_campaign=211Resources&#038;utm_content=Legal\"  target=\"_self\" itemprop=\"url\">\n\t\t\t\t<img decoding=\"async\" src=\"https:\/\/211md.org\/wp-content\/uploads\/bb-plugin\/cache\/2025_MdInfoNet_Icon-Sets_Legal-square-18fdf438feb8435588174d9046463257-.png\" alt=\"\" itemprop=\"image\" onerror=\"this.style.display='none'\" loading=\"lazy\" \/>\n\t\t\t\t<\/a>\n\t\t<h4><a href=\"\/fr\/ressources\/sante-mentale\/?utm_source=Home&#038;utm_medium=Referral&#038;utm_campaign=211Resources&#038;utm_content=Mental\" target=\"_self\">Sant\u00e9 mentale<\/a><\/h4>\n\t\t\t\t<a href=\"\/fr\/ressources\/sante-mentale\/?utm_source=Home&#038;utm_medium=Referral&#038;utm_campaign=211Resources&#038;utm_content=Mental\"  target=\"_self\" itemprop=\"url\">\n\t\t\t\t<img decoding=\"async\" src=\"https:\/\/211md.org\/wp-content\/uploads\/bb-plugin\/cache\/2025_MdInfoNet_Icon-Sets_Mental-Health-square-c59b38c4a993a947d4c9280fbe2d2fee-.png\" alt=\"\" itemprop=\"image\" onerror=\"this.style.display='none'\" loading=\"lazy\" \/>\n\t\t\t\t<\/a>\n\t\t<h4><a href=\"\/fr\/ressources\/mdreentry\/?utm_source=Home&#038;utm_medium=Referral&#038;utm_campaign=211Resources&#038;utm_content=Reentry\" target=\"_self\">Rentr\u00e9e<\/a><\/h4>\n\t\t\t\t<a href=\"\/fr\/ressources\/mdreentry\/?utm_source=Home&#038;utm_medium=Referral&#038;utm_campaign=211Resources&#038;utm_content=Reentry\"  target=\"_self\" itemprop=\"url\">\n\t\t\t\t<img decoding=\"async\" src=\"https:\/\/211md.org\/wp-content\/uploads\/bb-plugin\/cache\/2025_211_Icon-Sets_Reentry-square-8676fea38abd920a832f45642fe31cca-.png\" alt=\"Ic\u00f4ne de rentr\u00e9e\" itemprop=\"image\" height=\"417\" width=\"417\" title=\"2025_211_Ensembles d&#039;ic\u00f4nes_R\u00e9entr\u00e9e\" onerror=\"this.style.display='none'\" loading=\"lazy\" \/>\n\t\t\t\t<\/a>\n\t\t<h4><a href=\"\/fr\/ressources\/consommation-de-substances\/?utm_source=Home&#038;utm_medium=Referral&#038;utm_campaign=211Resources&#038;utm_content=Substance\" target=\"_self\">Consommation de substances<\/a><\/h4>\n\t\t\t\t<a href=\"\/fr\/ressources\/consommation-de-substances\/?utm_source=Home&#038;utm_medium=Referral&#038;utm_campaign=211Resources&#038;utm_content=Substance\"  target=\"_self\" itemprop=\"url\">\n\t\t\t\t<img decoding=\"async\" src=\"https:\/\/211md.org\/wp-content\/uploads\/bb-plugin\/cache\/2025_MdInfoNet_Icon-Sets_Substance-Abuse-square-9022fec9d18a64118ad685c101885b55-.png\" alt=\"\" itemprop=\"image\" onerror=\"this.style.display='none'\" loading=\"lazy\" \/>\n\t\t\t\t<\/a>\n\t\t<h4><a href=\"\/fr\/ressources\/anciens-combattants\/?utm_source=Home&#038;utm_medium=Referral&#038;utm_campaign=211Resources&#038;utm_content=Veterans\" target=\"_self\">anciens combattants<\/a><\/h4>\n\t\t\t\t<a href=\"\/fr\/ressources\/anciens-combattants\/?utm_source=Home&#038;utm_medium=Referral&#038;utm_campaign=211Resources&#038;utm_content=Veterans\"  target=\"_self\" itemprop=\"url\">\n\t\t\t\t<img decoding=\"async\" src=\"https:\/\/211md.org\/wp-content\/uploads\/bb-plugin\/cache\/2025_MdInfoNet_Icon-Sets_Rating-square-6e60d00cce4faa8e0a6d4ad7366aa733-.png\" alt=\"\" itemprop=\"image\" onerror=\"this.style.display='none'\" loading=\"lazy\" \/>\n\t\t\t\t<\/a>","protected":false},"excerpt":{"rendered":"<p>Trouvez des ressources pr\u00e8s de chez vous. Ajoutez votre agence ou organisation \u00e0 notre base de donn\u00e9es. Besoin de nourriture ou d&#039;une aide financi\u00e8re d&#039;urgence pour le logement ou les factures de services publics\u00a0? Le 211 peut r\u00e9pondre \u00e0 ces besoins et \u00e0 d&#039;autres. Recherchez parmi plus de 7\u00a0000 ressources dans tout le Maryland, ou composez le 211 pour parler \u00e0 un sp\u00e9cialiste de l&#039;information et de l&#039;orientation du 211 et trouver\u2026<\/p>","protected":false},"author":8,"featured_media":0,"parent":750,"menu_order":0,"comment_status":"closed","ping_status":"closed","template":"","meta":{"footnotes":""},"class_list":["post-1690","page","type-page","status-publish","hentry"],"_links":{"self":[{"href":"https:\/\/211md.org\/fr\/wp-json\/wp\/v2\/pages\/1690","targetHints":{"allow":["GET"]}}],"collection":[{"href":"https:\/\/211md.org\/fr\/wp-json\/wp\/v2\/pages"}],"about":[{"href":"https:\/\/211md.org\/fr\/wp-json\/wp\/v2\/types\/page"}],"author":[{"embeddable":true,"href":"https:\/\/211md.org\/fr\/wp-json\/wp\/v2\/users\/8"}],"replies":[{"embeddable":true,"href":"https:\/\/211md.org\/fr\/wp-json\/wp\/v2\/comments?post=1690"}],"version-history":[{"count":3,"href":"https:\/\/211md.org\/fr\/wp-json\/wp\/v2\/pages\/1690\/revisions"}],"predecessor-version":[{"id":34088,"href":"https:\/\/211md.org\/fr\/wp-json\/wp\/v2\/pages\/1690\/revisions\/34088"}],"up":[{"embeddable":true,"href":"https:\/\/211md.org\/fr\/wp-json\/wp\/v2\/pages\/750"}],"wp:attachment":[{"href":"https:\/\/211md.org\/fr\/wp-json\/wp\/v2\/media?parent=1690"}],"curies":[{"name":"wp","href":"https:\/\/api.w.org\/{rel}","templated":true}]}}