{"id":1692,"date":"2021-05-12T00:23:57","date_gmt":"2021-05-12T00:23:57","guid":{"rendered":"https:\/\/211md.org\/?page_id=1692"},"modified":"2025-10-29T07:09:44","modified_gmt":"2025-10-29T11:09:44","slug":"comte-de-st-marys","status":"publish","type":"page","link":"https:\/\/211md.org\/fr\/resources-by-county\/st-marys-county\/","title":{"rendered":"Comt\u00e9 de Sainte-Marie"},"content":{"rendered":"<h2><a href=\"https:\/\/search.211md.org\/\" target=\"_blank\"  rel=\"noopener\">Trouver des ressources pr\u00e8s de chez moi<\/a><\/h2>\n\t\t\t<a href=\"https:\/\/search.211md.org\/\" target=\"_blank\" rel=\"noopener\">\n\t\t\t\t\t\t\tRechercher maintenant\n\t\t\t<\/a>\n\t<p><strong><a href=\"\/fr\/rejoignez-notre-base-de-donnees\/\">Ajoutez votre agence ou organisation \u00e0 notre base de donn\u00e9es de ressources.<\/a><\/strong><\/p>\n<p>Que vous habitiez \u00e0 Leonardtown, en Californie, Lexington Park, Mechanicsville, Charlotte Hall, Golden Beach, Oakley, Abell ou dans une autre ville du comt\u00e9 de St. Mary&#039;s, l&#039;aide est disponible 24 heures sur 24, 7 jours sur 7, 365 jours par an.<\/p>\n<p>Composez le 2-1-1 ou effectuez une recherche dans la base de donn\u00e9es.<\/p>\n<h3><b>Besoins g\u00e9n\u00e9raux\u00a0: nourriture, loyer, services publics<\/b><\/h3>\n<p>Il existe plusieurs garde-manger dans le comt\u00e9 de St. Mary&#039;s.\u00a0<a href=\"https:\/\/www.firstsaints.org\/food-crisis\" target=\"_blank\" rel=\"noopener\">Pains et poissons de l\u2019\u00e9glise communautaire des premiers saints<\/a>\u00a0La soupe populaire et le garde-manger fournissent des repas chauds et des conserves \u00e0 ceux qui en ont besoin.<\/p>\n<p>Si vous avez besoin de nourriture, vous pouvez \u00e9galement consulter la derni\u00e8re liste de fournisseurs sur le site\u00a0<a href=\"https:\/\/southernmarylandfoodbank.com\/st-marys-pantries\/\" target=\"_blank\" rel=\"noopener\">Banque alimentaire et services de sensibilisation du sud du Maryland<\/a>\u00a0et le\u00a0<a href=\"https:\/\/search.211md.org\/search\/c299058c5843602dfddd64b40166f0e2\" target=\"_blank\" rel=\"noopener\">base de donn\u00e9es 211<\/a>.<\/p>\n<p>Si vous avez besoin d&#039;aide pour payer votre facture de services publics ou votre loyer, pour acheter des m\u00e9dicaments sur ordonnance ou de la nourriture, ou si vous avez un autre besoin d&#039;urgence, contactez\u00a0<a href=\"https:\/\/search.211md.org\/search\/c299058c5843602dfddd64b40166f0e2\" target=\"_blank\" rel=\"noopener\">Aider \u00e0 surmonter efficacement les probl\u00e8mes<\/a>\u00a0(ESPOIR) de St. Mary&#039;s.<\/p>\n<p>Pour obtenir de l&#039;aide sur la facture de services publics, vous pouvez \u00e9galement contacter le\u00a0<a href=\"https:\/\/www.smtccac.org\/\" target=\"_blank\" rel=\"noopener\">Comit\u00e9 d&#039;action communautaire des trois comt\u00e9s du sud du Maryland<\/a>\u00a0(SMTCCAC, Inc.). Ils peuvent r\u00e9pondre aux questions et aider \u00e0 remplir les demandes des r\u00e9sidents admissibles aux revenus qui demandent un\u00a0<a href=\"https:\/\/www.smtccac.org\/office-of-home-energy-program.aspx\" target=\"_blank\" rel=\"noopener\">subvention d&#039;aide \u00e9nerg\u00e9tique pour le chauffage ou l&#039;\u00e9lectricit\u00e9<\/a>\u00a0dans le comt\u00e9 de St. Mary.<\/p>\n<p>L&#039;agence propose \u00e9galement des conseils en mati\u00e8re de logement, de logements abordables, de COVID-19\u00a0<a href=\"https:\/\/www.smtccac.org\/covid19-emergency-assistance.aspx\" target=\"_blank\" rel=\"noopener\">aide d&#039;urgence pour le loyer et les factures d&#039;eau<\/a>\u00a0pour les personnes touch\u00e9es par la pand\u00e9mie et un\u00a0<a href=\"https:\/\/www.smtccac.org\/documents\/StMaryCountyFoodpantries.pdf\" target=\"_blank\" rel=\"noopener\">liste des garde-manger et des soupes populaires du comt\u00e9 de St. Mary&#039;s<\/a>.<\/p>\n<p>&nbsp;<\/p>\n<h3><b>Rechercher de l&#039;aide par cat\u00e9gorie\u00a0<\/b><\/h3>\n<p>Si vous ne trouvez pas ce que vous cherchez, recherchez un comt\u00e9 voisin, car il y a un chevauchement dans la r\u00e9gion de Tri-County.<\/p>\n<p>Un sp\u00e9cialiste de l&#039;information et de l&#039;orientation du r\u00e9seau de centres d&#039;appels 211 Maryland peut \u00e9galement \u00e9couter votre histoire et vous mettre en contact avec la meilleure ressource. Composez le 2-1-1.<\/p>\n<p>Vous pouvez \u00e9galement rechercher une ressource par cat\u00e9gorie.<\/p>\n\t\t<h4><a href=\"\/fr\/ressources\/vieillissement-handicap\/?utm_source=Home&#038;utm_medium=Referral&#038;utm_campaign=211Resources&#038;utm_content=Aging\" target=\"_self\">Vieillissement &amp; Handicap<\/a><\/h4>\n\t\t\t\t<a href=\"\/fr\/ressources\/vieillissement-handicap\/?utm_source=Home&#038;utm_medium=Referral&#038;utm_campaign=211Resources&#038;utm_content=Aging\"  target=\"_self\" itemprop=\"url\">\n\t\t\t\t<img decoding=\"async\" src=\"https:\/\/211md.org\/wp-content\/uploads\/bb-plugin\/cache\/2025_MdInfoNet_Icon-Sets_Aging-disability-square-c466727102cae71e5f27b8539bb51945-.png\" alt=\"\" itemprop=\"image\" onerror=\"this.style.display='none'\" loading=\"lazy\" \/>\n\t\t\t\t<\/a>\n\t\t<h4><a href=\"\/fr\/ressources\/enfants-familles\/?utm_source=Home&#038;utm_medium=Referral&#038;utm_campaign=211Resources&#038;utm_content=Children\" target=\"_self\">Enfants et familles<\/a><\/h4>\n\t\t\t\t<a href=\"\/fr\/ressources\/enfants-familles\/?utm_source=Home&#038;utm_medium=Referral&#038;utm_campaign=211Resources&#038;utm_content=Children\"  target=\"_self\" itemprop=\"url\">\n\t\t\t\t<img decoding=\"async\" src=\"https:\/\/211md.org\/wp-content\/uploads\/bb-plugin\/cache\/2025_211_Icon-Sets_Child-care-square-f3b0d4edab3dcc467fadb5f55f4064c6-.png\" alt=\"2025_211_Ensembles d&#039;ic\u00f4nes_Garde d&#039;enfants\" itemprop=\"image\" height=\"417\" width=\"417\" title=\"2025_211_Ensembles d&#039;ic\u00f4nes_Garde d&#039;enfants\" onerror=\"this.style.display='none'\" loading=\"lazy\" \/>\n\t\t\t\t<\/a>\n\t\t<h4><a href=\"\/fr\/ressources\/violence-familiale-domestique\/?utm_source=Home&#038;utm_medium=Referral&#038;utm_campaign=211Resources&#038;utm_content=Domestic\" target=\"_self\">Violence Domestique<\/a><\/h4>\n\t\t\t\t<a href=\"\/fr\/ressources\/violence-familiale-domestique\/?utm_source=Home&#038;utm_medium=Referral&#038;utm_campaign=211Resources&#038;utm_content=Domestic\"  target=\"_self\" itemprop=\"url\">\n\t\t\t\t<img decoding=\"async\" src=\"https:\/\/211md.org\/wp-content\/uploads\/bb-plugin\/cache\/2025_211_Icon-Sets_Domestic-Violence-square-7b597694a6f05fe90cdc376aa573bc63-.png\" alt=\"Ic\u00f4ne de violence domestique\" itemprop=\"image\" height=\"417\" width=\"417\" title=\"2025_211_Ensembles d&#039;ic\u00f4nes_Violence domestique\" onerror=\"this.style.display='none'\" loading=\"lazy\" \/>\n\t\t\t\t<\/a>\n\t\t<h4><a href=\"\/fr\/ressources\/recherche-demploi\/?utm_source=Home&#038;utm_medium=Referral&#038;utm_campaign=211Resources&#038;utm_content=Employment\" target=\"_self\">Emploi<\/a><\/h4>\n\t\t\t\t<a href=\"\/fr\/ressources\/recherche-demploi\/?utm_source=Home&#038;utm_medium=Referral&#038;utm_campaign=211Resources&#038;utm_content=Employment\"  target=\"_self\" itemprop=\"url\">\n\t\t\t\t<img decoding=\"async\" src=\"https:\/\/211md.org\/wp-content\/uploads\/bb-plugin\/cache\/2025_MdInfoNet_Icon-Sets_Employment-square-44707bd410e4df10a470bf130ebcea86-.png\" alt=\"\" itemprop=\"image\" onerror=\"this.style.display='none'\" loading=\"lazy\" \/>\n\t\t\t\t<\/a>\n\t\t<h4><a href=\"\/fr\/ressources\/soins-de-sante\/?utm_source=Home&#038;utm_medium=Referral&#038;utm_campaign=211Resources&#038;utm_content=Health%20Care\" target=\"_self\">Soins de sant\u00e9<\/a><\/h4>\n\t\t\t\t<a href=\"\/fr\/ressources\/soins-de-sante\/?utm_source=Home&#038;utm_medium=Referral&#038;utm_campaign=211Resources&#038;utm_content=Health%20Care\"  target=\"_self\" itemprop=\"url\">\n\t\t\t\t<img decoding=\"async\" src=\"https:\/\/211md.org\/wp-content\/uploads\/bb-plugin\/cache\/2025_MdInfoNet_Icon-Sets_Health-Care-square-dee98a0060cbe0e7f27eda253fc12679-.png\" alt=\"\" itemprop=\"image\" onerror=\"this.style.display='none'\" loading=\"lazy\" \/>\n\t\t\t\t<\/a>\n\t\t<h4><a href=\"\/fr\/ressources\/enfants-familles\/parente\/?utm_source=Home&#038;utm_medium=Referral&#038;utm_campaign=211Resources&#038;utm_content=Kinship\" target=\"_self\">Parent\u00e9<\/a><\/h4>\n\t\t\t\t<a href=\"\/fr\/ressources\/enfants-familles\/parente\/?utm_source=Home&#038;utm_medium=Referral&#038;utm_campaign=211Resources&#038;utm_content=Kinship\"  target=\"_self\" itemprop=\"url\">\n\t\t\t\t<img decoding=\"async\" src=\"https:\/\/211md.org\/wp-content\/uploads\/bb-plugin\/cache\/2025_211_Icon-Sets_Kinship-square-45bdf872866f5735f842c32071109267-.png\" alt=\"Ic\u00f4ne de parent\u00e9\" itemprop=\"image\" height=\"417\" width=\"417\" title=\"2025_211_Ensembles d&#039;ic\u00f4nes_Parent\u00e9\" onerror=\"this.style.display='none'\" loading=\"lazy\" \/>\n\t\t\t\t<\/a>\n\t\t<h4><a href=\"\/fr\/ressources\/services-juridiques\/?utm_source=Home&#038;utm_medium=Referral&#038;utm_campaign=211Resources&#038;utm_content=Legal\" target=\"_self\">Services juridiques<\/a><\/h4>\n\t\t\t\t<a href=\"\/fr\/ressources\/services-juridiques\/?utm_source=Home&#038;utm_medium=Referral&#038;utm_campaign=211Resources&#038;utm_content=Legal\"  target=\"_self\" itemprop=\"url\">\n\t\t\t\t<img decoding=\"async\" src=\"https:\/\/211md.org\/wp-content\/uploads\/bb-plugin\/cache\/2025_MdInfoNet_Icon-Sets_Legal-square-18fdf438feb8435588174d9046463257-.png\" alt=\"\" itemprop=\"image\" onerror=\"this.style.display='none'\" loading=\"lazy\" \/>\n\t\t\t\t<\/a>\n\t\t<h4><a href=\"\/fr\/ressources\/sante-mentale\/?utm_source=Home&#038;utm_medium=Referral&#038;utm_campaign=211Resources&#038;utm_content=Mental\" target=\"_self\">Sant\u00e9 mentale<\/a><\/h4>\n\t\t\t\t<a href=\"\/fr\/ressources\/sante-mentale\/?utm_source=Home&#038;utm_medium=Referral&#038;utm_campaign=211Resources&#038;utm_content=Mental\"  target=\"_self\" itemprop=\"url\">\n\t\t\t\t<img decoding=\"async\" src=\"https:\/\/211md.org\/wp-content\/uploads\/bb-plugin\/cache\/2025_MdInfoNet_Icon-Sets_Mental-Health-square-c59b38c4a993a947d4c9280fbe2d2fee-.png\" alt=\"\" itemprop=\"image\" onerror=\"this.style.display='none'\" loading=\"lazy\" \/>\n\t\t\t\t<\/a>\n\t\t<h4><a href=\"\/fr\/ressources\/mdreentry\/?utm_source=Home&#038;utm_medium=Referral&#038;utm_campaign=211Resources&#038;utm_content=Reentry\" target=\"_self\">Rentr\u00e9e<\/a><\/h4>\n\t\t\t\t<a href=\"\/fr\/ressources\/mdreentry\/?utm_source=Home&#038;utm_medium=Referral&#038;utm_campaign=211Resources&#038;utm_content=Reentry\"  target=\"_self\" itemprop=\"url\">\n\t\t\t\t<img decoding=\"async\" src=\"https:\/\/211md.org\/wp-content\/uploads\/bb-plugin\/cache\/2025_211_Icon-Sets_Reentry-square-8676fea38abd920a832f45642fe31cca-.png\" alt=\"Ic\u00f4ne de rentr\u00e9e\" itemprop=\"image\" height=\"417\" width=\"417\" title=\"2025_211_Ensembles d&#039;ic\u00f4nes_R\u00e9entr\u00e9e\" onerror=\"this.style.display='none'\" loading=\"lazy\" \/>\n\t\t\t\t<\/a>\n\t\t<h4><a href=\"\/fr\/ressources\/consommation-de-substances\/?utm_source=Home&#038;utm_medium=Referral&#038;utm_campaign=211Resources&#038;utm_content=Substance\" target=\"_self\">Consommation de substances<\/a><\/h4>\n\t\t\t\t<a href=\"\/fr\/ressources\/consommation-de-substances\/?utm_source=Home&#038;utm_medium=Referral&#038;utm_campaign=211Resources&#038;utm_content=Substance\"  target=\"_self\" itemprop=\"url\">\n\t\t\t\t<img decoding=\"async\" src=\"https:\/\/211md.org\/wp-content\/uploads\/bb-plugin\/cache\/2025_MdInfoNet_Icon-Sets_Substance-Abuse-square-9022fec9d18a64118ad685c101885b55-.png\" alt=\"\" itemprop=\"image\" onerror=\"this.style.display='none'\" loading=\"lazy\" \/>\n\t\t\t\t<\/a>\n\t\t<h4><a href=\"\/fr\/ressources\/anciens-combattants\/?utm_source=Home&#038;utm_medium=Referral&#038;utm_campaign=211Resources&#038;utm_content=Veterans\" target=\"_self\">anciens combattants<\/a><\/h4>\n\t\t\t\t<a href=\"\/fr\/ressources\/anciens-combattants\/?utm_source=Home&#038;utm_medium=Referral&#038;utm_campaign=211Resources&#038;utm_content=Veterans\"  target=\"_self\" itemprop=\"url\">\n\t\t\t\t<img decoding=\"async\" src=\"https:\/\/211md.org\/wp-content\/uploads\/bb-plugin\/cache\/2025_MdInfoNet_Icon-Sets_Rating-square-6e60d00cce4faa8e0a6d4ad7366aa733-.png\" alt=\"\" itemprop=\"image\" onerror=\"this.style.display='none'\" loading=\"lazy\" \/>\n\t\t\t\t<\/a>","protected":false},"excerpt":{"rendered":"<p>Trouver des ressources pr\u00e8s de chez moi Rechercher maintenant Ajoutez votre agence ou organisation \u00e0 notre base de donn\u00e9es de ressources. Que vous habitiez \u00e0 Leonardtown, en Californie, Lexington Park, Mechanicsville, Charlotte Hall, Golden Beach, Oakley, Abell ou dans une autre ville du comt\u00e9 de St. Mary&#039;s, l&#039;aide est disponible 24 heures sur 24, 7 jours sur 7, 365 jours par an. Composez le 2-1-1 ou effectuez une recherche dans la base de donn\u00e9es. Besoins g\u00e9n\u00e9raux\u00a0: nourriture, loyer, services publics Il existe plusieurs\u2026<\/p>","protected":false},"author":8,"featured_media":0,"parent":750,"menu_order":0,"comment_status":"closed","ping_status":"closed","template":"","meta":{"footnotes":""},"class_list":["post-1692","page","type-page","status-publish","hentry"],"_links":{"self":[{"href":"https:\/\/211md.org\/fr\/wp-json\/wp\/v2\/pages\/1692","targetHints":{"allow":["GET"]}}],"collection":[{"href":"https:\/\/211md.org\/fr\/wp-json\/wp\/v2\/pages"}],"about":[{"href":"https:\/\/211md.org\/fr\/wp-json\/wp\/v2\/types\/page"}],"author":[{"embeddable":true,"href":"https:\/\/211md.org\/fr\/wp-json\/wp\/v2\/users\/8"}],"replies":[{"embeddable":true,"href":"https:\/\/211md.org\/fr\/wp-json\/wp\/v2\/comments?post=1692"}],"version-history":[{"count":2,"href":"https:\/\/211md.org\/fr\/wp-json\/wp\/v2\/pages\/1692\/revisions"}],"predecessor-version":[{"id":34093,"href":"https:\/\/211md.org\/fr\/wp-json\/wp\/v2\/pages\/1692\/revisions\/34093"}],"up":[{"embeddable":true,"href":"https:\/\/211md.org\/fr\/wp-json\/wp\/v2\/pages\/750"}],"wp:attachment":[{"href":"https:\/\/211md.org\/fr\/wp-json\/wp\/v2\/media?parent=1692"}],"curies":[{"name":"wp","href":"https:\/\/api.w.org\/{rel}","templated":true}]}}