{"id":1693,"date":"2021-05-12T00:24:06","date_gmt":"2021-05-12T00:24:06","guid":{"rendered":"https:\/\/211md.org\/?page_id=1693"},"modified":"2025-10-29T07:00:11","modified_gmt":"2025-10-29T11:00:11","slug":"comte-de-charles","status":"publish","type":"page","link":"https:\/\/211md.org\/fr\/resources-by-county\/charles-county\/","title":{"rendered":"Comt\u00e9 de Charles"},"content":{"rendered":"<h2><a href=\"https:\/\/search.211md.org\/\" target=\"_blank\"  rel=\"noopener\">Trouver des ressources pr\u00e8s de chez moi<\/a><\/h2>\n\t\t\t<a href=\"https:\/\/search.211md.org\/\" target=\"_blank\" rel=\"noopener\">\n\t\t\t\t\t\t\tRechercher maintenant\n\t\t\t<\/a>\n\t<p><strong><a href=\"\/fr\/rejoignez-notre-base-de-donnees\/\">Ajoutez votre agence ou organisation \u00e0 notre base de donn\u00e9es de ressources.<\/a><\/strong><\/p>\n<p>Le 211 vous soutient dans le comt\u00e9 de Charles, pour des communaut\u00e9s comme Waldorf, Saint Charles, Bennsville, Accokeek, Hughesville, Indian Head, Potomac Heights, Pisgah, Holly Haven et d&#039;autres villes voisines.<\/p>\n\t\t<h2>\t\n\tComposez le 211<\/h2><p>Connectez-vous aux ressources communautaires et b\u00e9n\u00e9ficiez d&#039;une assistance 24 heures sur 24, 7 jours sur 7 et 365 jours par an.<\/p>\n\t<h2>Trouver de la nourriture dans le comt\u00e9 de Charles<\/h2>\n<p>La Charles County Food Connection est un ensemble d&#039;organisations locales engag\u00e9es \u00e0 faciliter la recherche de garde-manger dans la r\u00e9gion. L&#039;effort d&#039;acc\u00e8s unique \u00e0 la nourriture facilite la recherche d&#039;\u00e9v\u00e9nements de distribution en voiture et de garde-manger dans le comt\u00e9 de Charles.<\/p>\n<p>Vous pouvez consulter la liste de 40 garde-manger dans les villes du comt\u00e9 de Charles, comme Waldorf, Nanjemoy, La Plata, White Plains, Hughesville, Port Tobacco, Bryans Road, Indian Head et Pomfret. Choisissez la meilleure fa\u00e7on de trouver de la nourriture pr\u00e8s de chez vous\u00a0:<\/p>\n<ul>\n<li><a href=\"https:\/\/charlescountyfoodconnection.org\/about\/\" target=\"_blank\" rel=\"noopener\">Trouvez des garde-manger par votre code postal<\/a> code.<\/li>\n<li>Voir la <a href=\"https:\/\/charlescountyfoodconnection.org\/events\/\" target=\"_blank\" rel=\"noopener\">calendrier des \u00e9v\u00e9nements gastronomiques \u00e0 venir.<\/a><\/li>\n<li>Composez le 211<\/li>\n<li>T\u00e9l\u00e9chargez une liste de plus de 40 garde-manger.<\/li>\n<\/ul>\n\t\t<h3><a href=\"http:\/\/211md.org\/wp-content\/uploads\/2023\/12\/Charles_County_Food_Connection_Pantry_list_-_English.pdf\" target=\"_blank\" rel=\"noopener\">Liste du garde-manger de Charles County Food Connection (anglais)<\/a><\/h3>\n\t\t\t\t<a href=\"http:\/\/211md.org\/wp-content\/uploads\/2023\/12\/Charles_County_Food_Connection_Pantry_list_-_English.pdf\" target=\"_blank\" rel=\"noopener\" itemprop=\"url\">\n\t\t\t\t<img decoding=\"async\" src=\"http:\/\/211md.org\/wp-content\/uploads\/2023\/12\/Charles_County_Food_Connection_Pantry_list_-_English.jpg\" alt=\"Charles_County_Food_Connection_Pantry_list_-_anglais\" itemprop=\"image\" title=\"Charles_County_Food_Connection_Pantry_list_-_anglais\" onerror=\"this.style.display='none'\" loading=\"lazy\" \/>\n\t\t\t\t<\/a>\n\t\t\t<a href=\"http:\/\/211md.org\/wp-content\/uploads\/2023\/12\/Charles_County_Food_Connection_Pantry_list_-_English.pdf\" target=\"_blank\" rel=\"noopener\">\n\t\t\t\t\t\t\tT\u00e9l\u00e9charger\n\t\t\t\t\t<\/a>\n\t\t<h3><a href=\"http:\/\/211md.org\/wp-content\/uploads\/2023\/12\/Charles_County_Food_Connection_Pantry_list_-Spanish.pdf\" target=\"_blank\" rel=\"noopener\">Liste du garde-manger de Charles County Food Connection (espagnol)<\/a><\/h3>\n\t\t\t\t<a href=\"http:\/\/211md.org\/wp-content\/uploads\/2023\/12\/Charles_County_Food_Connection_Pantry_list_-Spanish.pdf\" target=\"_blank\" rel=\"noopener\" itemprop=\"url\">\n\t\t\t\t<img decoding=\"async\" src=\"http:\/\/211md.org\/wp-content\/uploads\/2023\/12\/Charles_County_Food_Connection_Pantry_list_-Spanish.jpg\" alt=\"Charles_County_Food_Connection_Pantry_list_-Espagnol\" itemprop=\"image\" title=\"Charles_County_Food_Connection_Pantry_list_-Espagnol\" onerror=\"this.style.display='none'\" loading=\"lazy\" \/>\n\t\t\t\t<\/a>\n\t\t\t<a href=\"http:\/\/211md.org\/wp-content\/uploads\/2023\/12\/Charles_County_Food_Connection_Pantry_list_-Spanish.pdf\" target=\"_blank\" rel=\"noopener\">\n\t\t\t\t\t\t\tT\u00e9l\u00e9charger\n\t\t\t\t\t<\/a>\n\t<h3>Repas d&#039;\u00e9t\u00e9\u00a0: d\u00e9jeuner offert<\/h3>\n<p>Si vous avez besoin d&#039;aide pour d\u00e9jeuner pendant l&#039;\u00e9t\u00e9, les \u00e9coles publiques du comt\u00e9 de Charles proposent des repas chauds gratuits \u00e0 tout enfant \u00e2g\u00e9 de 2 \u00e0 18 ans. Vous n&#039;avez pas besoin d&#039;\u00eatre r\u00e9sident du comt\u00e9.<\/p>\n<p>Le programme Lunch on Us est disponible en \u00e9t\u00e9 et la nourriture doit \u00eatre consomm\u00e9e sur place. <a href=\"https:\/\/www.ccboe.com\/\" target=\"_blank\" rel=\"noopener\">V\u00e9rifiez aupr\u00e8s du district scolaire<\/a> pour les dates et les lieux.<\/p>\n<h2>Aide avec les programmes d&#039;aide gouvernementale (DSS)<\/h2>\n<p>Le d\u00e9partement des services sociaux du comt\u00e9 de Charles peut vous aider \u00e0 vous connecter aux programmes gouvernementaux qui peuvent aider votre famille ainsi qu&#039;\u00e0 des programmes sp\u00e9cialis\u00e9s, notamment\u00a0:<\/p>\n<ul>\n<li><a href=\"https:\/\/211md.org\/fr\/ressources\/nourriture\/bons-alimentaires\/\">INSTANTAN\u00c9<\/a> (bons alimentaires)<\/li>\n<li>TCA (Assistance Temporaire en Esp\u00e8ces et TANF (Assistance Temporaire aux Familles n\u00e9cessiteuses)<\/li>\n<li>Assistance mon\u00e9taire d\u2019urgence (EAFC)<\/li>\n<li>Parentalit\u00e9 d&#039;accueil<\/li>\n<li>Paternit\u00e9<\/li>\n<li>M\u00e9dical<\/li>\n<li>Services de protection de l&#039;enfance<\/li>\n<\/ul>\n<p>Si vous avez une question concernant la pension alimentaire pour enfants, les bons d&#039;alimentation ou toute autre question individuelle, appelez le centre d&#039;appels client au 1-800-332-6347.<\/p>\n<p>Le D\u00e9partement des Services Sociaux est situ\u00e9 \u00e0 :<\/p>\n<p>200, avenue Kent<\/p>\n<p>La Plata, Maryland 20646<\/p>\n<p>Du lundi au vendredi, de 8h \u00e0 16h<\/p>\n<p>Num\u00e9ro principal\u00a0: 301-392-6400<\/p>\n<p>Centre d&#039;appels pour les cas individuels\u00a0: 1-800-332-6347<\/p>\n<h2>Soutenir les papas<\/h2>\n<p>Le programme Charles County Fatherhood aide les hommes qui souhaitent s&#039;impliquer dans la vie de leur enfant. Vous pouvez vous porter volontaire pour participer ou \u00eatre r\u00e9f\u00e9r\u00e9 par un partenaire communautaire local, les tribunaux ou le centre de d\u00e9tention.<\/p>\n<p>Le programme aide les p\u00e8res \u00e0 surmonter les obstacles gr\u00e2ce \u00e0 un programme de six semaines offrant\u00a0:<\/p>\n<ul>\n<li>comp\u00e9tences de la vie<\/li>\n<li>soutien<\/li>\n<li>formation professionnelle<\/li>\n<li>informations et ressources<\/li>\n<\/ul>\n<p>Les sujets incluent\u00a0:<\/p>\n<ul>\n<li>comprendre le r\u00f4le d&#039;un p\u00e8re<\/li>\n<li>la gestion du stress<\/li>\n<li>faire face en tant que p\u00e8re c\u00e9libataire<\/li>\n<li>pension alimentaire pour enfants<\/li>\n<li>devenir autonome<\/li>\n<li>d\u00e9velopper des comp\u00e9tences de vie<\/li>\n<\/ul>\n<p>C&#039;est un programme gratuit. <a href=\"https:\/\/charlescountydss.com\/fatherhood-and-motherhood\/\" target=\"_blank\" rel=\"noopener\">Connectez-vous au programme de paternit\u00e9 du comt\u00e9 de Charles<\/a>.<\/p>\n\t\t\t\t<img decoding=\"async\" src=\"http:\/\/211md.org\/wp-content\/uploads\/2023\/12\/dad-at-park-with-son-flying-a-kite.jpg\" alt=\"papa au parc avec son fils faisant voler un cerf-volant\" itemprop=\"image\" title=\"papa au parc avec son fils faisant voler un cerf-volant\" onerror=\"this.style.display='none'\" loading=\"lazy\" \/>\n\t\t\t\t<img decoding=\"async\" src=\"http:\/\/211md.org\/wp-content\/uploads\/2023\/12\/mom-feeding-child.jpg\" alt=\"maman nourrit son enfant\" itemprop=\"image\" title=\"maman nourrit son enfant\" onerror=\"this.style.display='none'\" loading=\"lazy\" \/>\n\t<h2>Femmes, nourrissons et enfants (WIC) dans le comt\u00e9 de Charles<\/h2>\n<p>Le minist\u00e8re de la Sant\u00e9 du comt\u00e9 de Charles propose une \u00e9ducation nutritionnelle, un soutien \u00e0 l&#039;allaitement maternel et des aliments compl\u00e9mentaires sains via WIC. Le programme aide les femmes, les nourrissons et les enfants \u00e0 avoir un avenir plus sain.<\/p>\n<p>Le programme est offert aux futures mamans admissibles, aux mamans post-partum et aux enfants. Le programme est disponible pour\u00a0:<\/p>\n<ul>\n<li>Femmes enceintes et jusqu&#039;\u00e0 6 semaines apr\u00e8s la grossesse<\/li>\n<li>Femmes en post-partum jusqu&#039;\u00e0 6 mois apr\u00e8s la naissance d&#039;un enfant.<\/li>\n<li>Les mamans qui allaitent jusqu&#039;au premier anniversaire de leur b\u00e9b\u00e9.<\/li>\n<li>Nourrissons jusqu&#039;\u00e0 leur premier anniversaire.<\/li>\n<li>Enfants jusqu&#039;\u00e0 5 ans.<\/li>\n<\/ul>\n<p>D&#039;autres directives de qualification s&#039;appliquent.<\/p>\n<p>Il existe des bureaux dans tout le Maryland, notamment dans les comt\u00e9s de Charles, Calvert et St. Mary&#039;s, ainsi qu&#039;\u00e0 Lexington Park, dans les bureaux m\u00e9dicaux de Solomons et dans le centre communautaire de Nanjemoy. La disponibilit\u00e9 peut varier selon l&#039;emplacement.<\/p>\n<p><a href=\"https:\/\/www.charlescountyhealth.org\/woman-infants-children-wic\/\" target=\"_blank\" rel=\"noopener\">D\u00e9couvrez si vous \u00eates admissible<\/a> et apprenez quand vous pouvez vous arr\u00eater dans un endroit \u00e0 proximit\u00e9.<\/p>\n<h3>D\u00e9partement de la sant\u00e9 du comt\u00e9 de Charles<\/h3>\n<p>Le minist\u00e8re de la Sant\u00e9 fournit \u00e9galement plusieurs autres services, notamment des programmes pour\u00a0:<\/p>\n<ul>\n<li>am\u00e9liorer votre sant\u00e9\n<ul>\n<li>Exemples:\n<ul>\n<li>perdre du poids<\/li>\n<li>g\u00e9rer les maladies chroniques<\/li>\n<li>pr\u00e9vention du diab\u00e8te et plus encore<\/li>\n<\/ul>\n<\/li>\n<\/ul>\n<\/li>\n<li>Pr\u00e9vention et d\u00e9pistage du VIH<\/li>\n<li>cabinet dentaire<\/li>\n<li>vaccinations<\/li>\n<li>d\u00e9pistages du cancer<\/li>\n<li>soutien \u00e0 la sant\u00e9 comportementale (sant\u00e9 mentale et consommation de substances)<\/li>\n<li>services aux personnes handicap\u00e9es<\/li>\n<\/ul>\n<p>Il existe \u00e9galement d&#039;autres programmes qui peuvent vous aider, vous et votre famille, \u00e0 pr\u00e9server votre sant\u00e9.<\/p>\n<p><a href=\"https:\/\/www.charlescountyhealth.org\/\" target=\"_blank\" rel=\"noopener\">Apprendre encore plus<\/a> sur les programmes offerts par le d\u00e9partement de sant\u00e9 du comt\u00e9 de Charles et <a href=\"https:\/\/211md.org\/fr\/ressources\/soins-de-sante\/assurance-sante\/\">programmes d&#039;assurance<\/a> offert par l&#039;\u00c9tat du Maryland pour soutenir les familles ayant besoin de soins m\u00e9dicaux.<\/p>\n<h2>Aide pour les besoins essentiels<\/h2>\n<p><strong><a href=\"https:\/\/www.lifestylesofmd.org\/\" target=\"_blank\" rel=\"noopener\">Styles de vie, Inc.<\/a><\/strong>\u00a0\u00e0 La Plata apporte aide, espoir et transformation. Leurs services comprennent de la nourriture, une garde-robe communautaire, une aide au logement, le transport, une aide fiscale, une aide fiscale et plus encore.<\/p>\n<p>Vous pouvez \u00e9galement composer le 211 pour acc\u00e9der aux ressources essentielles.<\/p>\n<h3><b>Aide \u00e0 l&#039;\u00e9nergie<\/b><\/h3>\n<p>Si vous avez besoin d&#039;une assistance \u00e9nerg\u00e9tique pour r\u00e9duire le co\u00fbt de votre facture de services publics ou \u00e9viter un avis de coupure, il existe\u00a0<strong><a href=\"https:\/\/211md.org\/fr\/ressources\/assistance-utilitaire\/\" target=\"_blank\" rel=\"noopener\">subventions disponibles par l&#039;interm\u00e9diaire de l&#039;Office of Home Energy Programs<\/a><\/strong><strong>.<\/strong><\/p>\n<p>Si vous avez besoin d&#039;aide pour remplir la demande ou si vous avez des questions sur les lignes directrices en mati\u00e8re de revenu ou les d\u00e9tails du programme, contactez le\u00a0<strong><a href=\"http:\/\/www.smtccac.org\/office-of-home-energy-program.aspx\" target=\"_blank\" rel=\"noopener\">Comit\u00e9 d&#039;action communautaire des trois comt\u00e9s du sud du Maryland<\/a><\/strong>\u00a0(SMTCCAC, Inc.) pour une aide locale concernant les subventions des services publics de l&#039;\u00c9tat.<\/p>\n<p>Vous pouvez \u00e9galement contacter votre service public si vous \u00eates en retard sur vos factures. Washington Gas et SMECO peuvent proposer un plan de paiement adapt\u00e9 \u00e0 votre situation.<\/p>\n\t\t<h4><a href=\"\/fr\/ressources\/vieillissement-handicap\/?utm_source=Home&#038;utm_medium=Referral&#038;utm_campaign=211Resources&#038;utm_content=Aging\" target=\"_self\">Vieillissement &amp; Handicap<\/a><\/h4>\n\t\t\t\t<a href=\"\/fr\/ressources\/vieillissement-handicap\/?utm_source=Home&#038;utm_medium=Referral&#038;utm_campaign=211Resources&#038;utm_content=Aging\"  target=\"_self\" itemprop=\"url\">\n\t\t\t\t<img decoding=\"async\" src=\"https:\/\/211md.org\/wp-content\/uploads\/bb-plugin\/cache\/2025_MdInfoNet_Icon-Sets_Aging-disability-square-c466727102cae71e5f27b8539bb51945-.png\" alt=\"\" itemprop=\"image\" onerror=\"this.style.display='none'\" loading=\"lazy\" \/>\n\t\t\t\t<\/a>\n\t\t<h4><a href=\"\/fr\/ressources\/enfants-familles\/?utm_source=Home&#038;utm_medium=Referral&#038;utm_campaign=211Resources&#038;utm_content=Children\" target=\"_self\">Enfants et familles<\/a><\/h4>\n\t\t\t\t<a href=\"\/fr\/ressources\/enfants-familles\/?utm_source=Home&#038;utm_medium=Referral&#038;utm_campaign=211Resources&#038;utm_content=Children\"  target=\"_self\" itemprop=\"url\">\n\t\t\t\t<img decoding=\"async\" src=\"https:\/\/211md.org\/wp-content\/uploads\/bb-plugin\/cache\/2025_211_Icon-Sets_Child-care-square-f3b0d4edab3dcc467fadb5f55f4064c6-.png\" alt=\"2025_211_Ensembles d&#039;ic\u00f4nes_Garde d&#039;enfants\" itemprop=\"image\" height=\"417\" width=\"417\" title=\"2025_211_Ensembles d&#039;ic\u00f4nes_Garde d&#039;enfants\" onerror=\"this.style.display='none'\" loading=\"lazy\" \/>\n\t\t\t\t<\/a>\n\t\t<h4><a href=\"\/fr\/ressources\/violence-familiale-domestique\/?utm_source=Home&#038;utm_medium=Referral&#038;utm_campaign=211Resources&#038;utm_content=Domestic\" target=\"_self\">Violence Domestique<\/a><\/h4>\n\t\t\t\t<a href=\"\/fr\/ressources\/violence-familiale-domestique\/?utm_source=Home&#038;utm_medium=Referral&#038;utm_campaign=211Resources&#038;utm_content=Domestic\"  target=\"_self\" itemprop=\"url\">\n\t\t\t\t<img decoding=\"async\" src=\"https:\/\/211md.org\/wp-content\/uploads\/bb-plugin\/cache\/2025_211_Icon-Sets_Domestic-Violence-square-7b597694a6f05fe90cdc376aa573bc63-.png\" alt=\"Ic\u00f4ne de violence domestique\" itemprop=\"image\" height=\"417\" width=\"417\" title=\"2025_211_Ensembles d&#039;ic\u00f4nes_Violence domestique\" onerror=\"this.style.display='none'\" loading=\"lazy\" \/>\n\t\t\t\t<\/a>\n\t\t<h4><a href=\"\/fr\/ressources\/recherche-demploi\/?utm_source=Home&#038;utm_medium=Referral&#038;utm_campaign=211Resources&#038;utm_content=Employment\" target=\"_self\">Emploi<\/a><\/h4>\n\t\t\t\t<a href=\"\/fr\/ressources\/recherche-demploi\/?utm_source=Home&#038;utm_medium=Referral&#038;utm_campaign=211Resources&#038;utm_content=Employment\"  target=\"_self\" itemprop=\"url\">\n\t\t\t\t<img decoding=\"async\" src=\"https:\/\/211md.org\/wp-content\/uploads\/bb-plugin\/cache\/2025_MdInfoNet_Icon-Sets_Employment-square-44707bd410e4df10a470bf130ebcea86-.png\" alt=\"\" itemprop=\"image\" onerror=\"this.style.display='none'\" loading=\"lazy\" \/>\n\t\t\t\t<\/a>\n\t\t<h4><a href=\"\/fr\/ressources\/soins-de-sante\/?utm_source=Home&#038;utm_medium=Referral&#038;utm_campaign=211Resources&#038;utm_content=Health%20Care\" target=\"_self\">Soins de sant\u00e9<\/a><\/h4>\n\t\t\t\t<a href=\"\/fr\/ressources\/soins-de-sante\/?utm_source=Home&#038;utm_medium=Referral&#038;utm_campaign=211Resources&#038;utm_content=Health%20Care\"  target=\"_self\" itemprop=\"url\">\n\t\t\t\t<img decoding=\"async\" src=\"https:\/\/211md.org\/wp-content\/uploads\/bb-plugin\/cache\/2025_MdInfoNet_Icon-Sets_Health-Care-square-dee98a0060cbe0e7f27eda253fc12679-.png\" alt=\"\" itemprop=\"image\" onerror=\"this.style.display='none'\" loading=\"lazy\" \/>\n\t\t\t\t<\/a>\n\t\t<h4><a href=\"\/fr\/ressources\/enfants-familles\/parente\/?utm_source=Home&#038;utm_medium=Referral&#038;utm_campaign=211Resources&#038;utm_content=Kinship\" target=\"_self\">Parent\u00e9<\/a><\/h4>\n\t\t\t\t<a href=\"\/fr\/ressources\/enfants-familles\/parente\/?utm_source=Home&#038;utm_medium=Referral&#038;utm_campaign=211Resources&#038;utm_content=Kinship\"  target=\"_self\" itemprop=\"url\">\n\t\t\t\t<img decoding=\"async\" src=\"https:\/\/211md.org\/wp-content\/uploads\/bb-plugin\/cache\/2025_211_Icon-Sets_Kinship-square-45bdf872866f5735f842c32071109267-.png\" alt=\"Ic\u00f4ne de parent\u00e9\" itemprop=\"image\" height=\"417\" width=\"417\" title=\"2025_211_Ensembles d&#039;ic\u00f4nes_Parent\u00e9\" onerror=\"this.style.display='none'\" loading=\"lazy\" \/>\n\t\t\t\t<\/a>\n\t\t<h4><a href=\"\/fr\/ressources\/services-juridiques\/?utm_source=Home&#038;utm_medium=Referral&#038;utm_campaign=211Resources&#038;utm_content=Legal\" target=\"_self\">Services juridiques<\/a><\/h4>\n\t\t\t\t<a href=\"\/fr\/ressources\/services-juridiques\/?utm_source=Home&#038;utm_medium=Referral&#038;utm_campaign=211Resources&#038;utm_content=Legal\"  target=\"_self\" itemprop=\"url\">\n\t\t\t\t<img decoding=\"async\" src=\"https:\/\/211md.org\/wp-content\/uploads\/bb-plugin\/cache\/2025_MdInfoNet_Icon-Sets_Legal-square-18fdf438feb8435588174d9046463257-.png\" alt=\"\" itemprop=\"image\" onerror=\"this.style.display='none'\" loading=\"lazy\" \/>\n\t\t\t\t<\/a>\n\t\t<h4><a href=\"\/fr\/ressources\/sante-mentale\/?utm_source=Home&#038;utm_medium=Referral&#038;utm_campaign=211Resources&#038;utm_content=Mental\" target=\"_self\">Sant\u00e9 mentale<\/a><\/h4>\n\t\t\t\t<a href=\"\/fr\/ressources\/sante-mentale\/?utm_source=Home&#038;utm_medium=Referral&#038;utm_campaign=211Resources&#038;utm_content=Mental\"  target=\"_self\" itemprop=\"url\">\n\t\t\t\t<img decoding=\"async\" src=\"https:\/\/211md.org\/wp-content\/uploads\/bb-plugin\/cache\/2025_MdInfoNet_Icon-Sets_Mental-Health-square-c59b38c4a993a947d4c9280fbe2d2fee-.png\" alt=\"\" itemprop=\"image\" onerror=\"this.style.display='none'\" loading=\"lazy\" \/>\n\t\t\t\t<\/a>\n\t\t<h4><a href=\"\/fr\/ressources\/mdreentry\/?utm_source=Home&#038;utm_medium=Referral&#038;utm_campaign=211Resources&#038;utm_content=Reentry\" target=\"_self\">Rentr\u00e9e<\/a><\/h4>\n\t\t\t\t<a href=\"\/fr\/ressources\/mdreentry\/?utm_source=Home&#038;utm_medium=Referral&#038;utm_campaign=211Resources&#038;utm_content=Reentry\"  target=\"_self\" itemprop=\"url\">\n\t\t\t\t<img decoding=\"async\" src=\"https:\/\/211md.org\/wp-content\/uploads\/bb-plugin\/cache\/2025_211_Icon-Sets_Reentry-square-8676fea38abd920a832f45642fe31cca-.png\" alt=\"Ic\u00f4ne de rentr\u00e9e\" itemprop=\"image\" height=\"417\" width=\"417\" title=\"2025_211_Ensembles d&#039;ic\u00f4nes_R\u00e9entr\u00e9e\" onerror=\"this.style.display='none'\" loading=\"lazy\" \/>\n\t\t\t\t<\/a>\n\t\t<h4><a href=\"\/fr\/ressources\/consommation-de-substances\/?utm_source=Home&#038;utm_medium=Referral&#038;utm_campaign=211Resources&#038;utm_content=Substance\" target=\"_self\">Consommation de substances<\/a><\/h4>\n\t\t\t\t<a href=\"\/fr\/ressources\/consommation-de-substances\/?utm_source=Home&#038;utm_medium=Referral&#038;utm_campaign=211Resources&#038;utm_content=Substance\"  target=\"_self\" itemprop=\"url\">\n\t\t\t\t<img decoding=\"async\" src=\"https:\/\/211md.org\/wp-content\/uploads\/bb-plugin\/cache\/2025_MdInfoNet_Icon-Sets_Substance-Abuse-square-9022fec9d18a64118ad685c101885b55-.png\" alt=\"\" itemprop=\"image\" onerror=\"this.style.display='none'\" loading=\"lazy\" \/>\n\t\t\t\t<\/a>\n\t\t<h4><a href=\"\/fr\/ressources\/anciens-combattants\/?utm_source=Home&#038;utm_medium=Referral&#038;utm_campaign=211Resources&#038;utm_content=Veterans\" target=\"_self\">anciens combattants<\/a><\/h4>\n\t\t\t\t<a href=\"\/fr\/ressources\/anciens-combattants\/?utm_source=Home&#038;utm_medium=Referral&#038;utm_campaign=211Resources&#038;utm_content=Veterans\"  target=\"_self\" itemprop=\"url\">\n\t\t\t\t<img decoding=\"async\" src=\"https:\/\/211md.org\/wp-content\/uploads\/bb-plugin\/cache\/2025_MdInfoNet_Icon-Sets_Rating-square-6e60d00cce4faa8e0a6d4ad7366aa733-.png\" alt=\"\" itemprop=\"image\" onerror=\"this.style.display='none'\" loading=\"lazy\" \/>\n\t\t\t\t<\/a>","protected":false},"excerpt":{"rendered":"<p>Trouvez des ressources pr\u00e8s de chez vous. Rechercher maintenant. Ajoutez votre agence ou organisation \u00e0 notre base de donn\u00e9es. Le 211 vous accompagne dans le comt\u00e9 de Charles, pour des communaut\u00e9s comme Waldorf, Saint Charles, Bennsville, Accokeek, Hughesville, Indian Head, Potomac Heights, Pisgah, Holly Haven et d&#039;autres villes voisines. Composez le 211. Connectez-vous aux ressources et au soutien communautaires 24h\/24, 7j\/7, 365j\/an. Trouvez de la nourriture \u00e0 Charles\u2026<\/p>","protected":false},"author":8,"featured_media":0,"parent":750,"menu_order":0,"comment_status":"closed","ping_status":"closed","template":"","meta":{"footnotes":""},"class_list":["post-1693","page","type-page","status-publish","hentry"],"_links":{"self":[{"href":"https:\/\/211md.org\/fr\/wp-json\/wp\/v2\/pages\/1693","targetHints":{"allow":["GET"]}}],"collection":[{"href":"https:\/\/211md.org\/fr\/wp-json\/wp\/v2\/pages"}],"about":[{"href":"https:\/\/211md.org\/fr\/wp-json\/wp\/v2\/types\/page"}],"author":[{"embeddable":true,"href":"https:\/\/211md.org\/fr\/wp-json\/wp\/v2\/users\/8"}],"replies":[{"embeddable":true,"href":"https:\/\/211md.org\/fr\/wp-json\/wp\/v2\/comments?post=1693"}],"version-history":[{"count":3,"href":"https:\/\/211md.org\/fr\/wp-json\/wp\/v2\/pages\/1693\/revisions"}],"predecessor-version":[{"id":34077,"href":"https:\/\/211md.org\/fr\/wp-json\/wp\/v2\/pages\/1693\/revisions\/34077"}],"up":[{"embeddable":true,"href":"https:\/\/211md.org\/fr\/wp-json\/wp\/v2\/pages\/750"}],"wp:attachment":[{"href":"https:\/\/211md.org\/fr\/wp-json\/wp\/v2\/media?parent=1693"}],"curies":[{"name":"wp","href":"https:\/\/api.w.org\/{rel}","templated":true}]}}