{"id":1694,"date":"2021-05-12T00:24:16","date_gmt":"2021-05-12T00:24:16","guid":{"rendered":"https:\/\/211md.org\/?page_id=1694"},"modified":"2025-10-29T06:56:09","modified_gmt":"2025-10-29T10:56:09","slug":"comte-de-calvert","status":"publish","type":"page","link":"https:\/\/211md.org\/fr\/resources-by-county\/calvert-county\/","title":{"rendered":"Comt\u00e9 de Calvert"},"content":{"rendered":"<h2><a href=\"https:\/\/search.211md.org\/\" target=\"_blank\"  rel=\"noopener\">Trouver des ressources pr\u00e8s de chez moi<\/a><\/h2>\n\t\t\t<a href=\"https:\/\/search.211md.org\/\" target=\"_blank\" rel=\"noopener\">\n\t\t\t\t\t\t\tRechercher maintenant\n\t\t\t<\/a>\n\t<p><strong><a href=\"\/fr\/rejoignez-notre-base-de-donnees\/\">Ajoutez votre agence ou organisation \u00e0 notre base de donn\u00e9es de ressources.<\/a><\/strong><\/p>\n\t<p>Vous n&#039;\u00eates pas seul dans le comt\u00e9 de Calvert. L&#039;aide est disponible 24 heures sur 24, 7 jours sur 7 et 365 jours par an pour les communaut\u00e9s de tout le comt\u00e9, notamment Prince Frederick, Dares Beach, Barstow, Bowens, Fox Hill, Woodbridge, Adelina, Port Republic, Mutual, Governor Run, Chesapeake Beach et plus encore.<\/p>\n<p>Composez le 211 pour trouver des ressources ou effectuez une recherche dans la base de donn\u00e9es 211.<\/p>\n\t\t<h2>\t\n\tComposez le 211<\/h2><p>Connectez-vous aux ressources communautaires et b\u00e9n\u00e9ficiez d&#039;une assistance 24 heures sur 24, 7 jours sur 7 et 365 jours par an.<\/p>\n<h2>Aide \u00e0 l&#039;\u00e9nergie<\/h2>\n<p>Si vous avez besoin d&#039;aide pour payer votre facture de services publics, vous pouvez demander une subvention aupr\u00e8s de l&#039;Office of Home Energy Programs (OHEP). Les subventions bas\u00e9es sur le revenu sont disponibles pour les factures d&#039;\u00e9lectricit\u00e9 et de gaz. Obtenez des informations d\u00e9taill\u00e9es sur le programme et <a href=\"https:\/\/211md.org\/fr\/ressources\/assistance-utilitaire\/\" target=\"_blank\" rel=\"noopener\">conseils pour remplir la demande<\/a>.<\/p>\n<p>Si vous avez besoin d&#039;aide pour remplir les formulaires OHEP et demander une aide aux services publics dans le comt\u00e9 de Calvert, contactez le <a href=\"http:\/\/www.smtccac.org\/office-of-home-energy-program.aspx\" target=\"_blank\" rel=\"noopener\">Comit\u00e9 d&#039;action communautaire des trois comt\u00e9s du sud du Maryland<\/a>\u00a0(SMTCCAC, Inc.) Ils ont des emplacements \u00e0 Huntingtown pour aider les r\u00e9sidents du comt\u00e9 de Calvert \u00e0 rendre leurs factures de services publics plus abordables.<\/p>\n<p>Vous pouvez \u00e9galement contacter votre fournisseur de services publics et vous renseigner sur les modalit\u00e9s de paiement des factures.<\/p>\n<p>&nbsp;<\/p>\n<h2>Sant\u00e9 mentale<\/h2>\n<p>Vous sentez-vous triste, d\u00e9prim\u00e9, seul ou anxieux\u00a0? Des ressources en sant\u00e9 mentale sont disponibles 24 heures sur 24, 7 jours sur 7, 365 jours par an en composant le 9-8-8 pour parler \u00e0 un conseiller en crise.<\/p>\n<p>Les\u00a0<a href=\"https:\/\/www.calverthealth.org\/personalhealth\/mentalhealth\/mhclinic.htm\" target=\"_blank\" rel=\"noopener\">D\u00e9partement de la sant\u00e9 du comt\u00e9 de Calvert<\/a>\u00a0dispose \u00e9galement d&#039;une clinique de sant\u00e9 mentale qui offre des services de sant\u00e9 mentale, notamment des \u00e9valuations, la gestion des m\u00e9dicaments et la th\u00e9rapie. Appelez le minist\u00e8re de la Sant\u00e9 de Prince Frederick pour obtenir de l&#039;aide : 410-535-5400, poste 318.<\/p>\n<p>Vous pouvez \u00e9galement <a href=\"https:\/\/search.988.mdinfonet.org\/\" target=\"_blank\" rel=\"noopener\">recherchez dans la base de donn\u00e9es de ressources en sant\u00e9 comportementale la plus compl\u00e8te de l&#039;\u00c9tat<\/a>, propuls\u00e9 par le Maryland Information Network.<\/p>\n<h2>Trouver de la nourriture dans le comt\u00e9 de Calvert<\/h2>\n<p>Le comt\u00e9 de Calvert dispose de plusieurs garde-manger et d&#039;une cuisine communautaire pour aider les personnes et les familles ayant besoin de nourriture. La cuisine communautaire et le centre de ressources More Tasty Blessings proposent un repas gratuit sur place tous les jeudis de 18 h \u00e0 19 h. Les emplacements changent selon le mois et vous pouvez <a href=\"http:\/\/eastjohnyouth.org\/programs\/tasty-blessings\" target=\"_blank\" rel=\"noopener\">retrouvez-les ici<\/a>.<\/p>\n<p>Les personnes \u00e2g\u00e9es peuvent \u00e9galement contacter le minist\u00e8re mobile Hands of God au 410-535-2275. M\u00eame si les seniors sont prioritaires, tous sont les bienvenus.<\/p>\n<p>Ce sont les autres garde-manger du comt\u00e9 de Calvert. Les horaires peuvent varier, alors appelez avant de vous rendre au garde-manger.<\/p>\n<p>&nbsp;<\/p>\n\t\t<h3>Garde-manger communautaire baptiste de Bayside<\/h3><p>\u00c9glise baptiste de Bayside<\/p>\n<p>3009, route de la plage de Chesapeake<\/p>\n<p>Plage de Chesapeake, Maryland 20732<\/p>\n<p>410-257-0712<\/p>\n<p>&nbsp;<\/p>\n<p>Paniers alimentaires pr\u00e9emball\u00e9s pour les communaut\u00e9s de Chesapeake Beach et de North Beach.<\/p>\n<p><strong>Samedi 9h30 \u2013 11h<\/strong><\/p>\n\t<iframe src=\"https:\/\/www.google.com\/maps\/embed\/v1\/place?q=3009+Chesapeake+Beach+Road%0AChesapeake+Beach%2C+MD+20732&#038;key=AIzaSyD09zQ9PNDNNy9TadMuzRV_UsPUoWKntt8\" aria-hidden=\"true\" title=\"Garde-manger communautaire de Bayside\"><\/iframe>\n\t\t<h3>Garde-manger de l\u2019\u00c9glise M\u00e9thodiste Unie de Brooks<\/h3><p>5550, chemin Mackall<\/p>\n<p>Saint L\u00e9onard, MD 20685<\/p>\n<p>410-586-3972<\/p>\n<p><strong>mardi 10h \u2013 12h\u00a0<\/strong><\/p>\n\t<iframe src=\"https:\/\/www.google.com\/maps\/embed\/v1\/place?q=5550+Mackall+Road%0ASaint+Leonard%2C+MD+20685&#038;key=AIzaSyD09zQ9PNDNNy9TadMuzRV_UsPUoWKntt8\" aria-hidden=\"true\" title=\"\u00c9glise M\u00e9thodiste Unie de Brooks\"><\/iframe>\n\t\t<h3>Garde-manger communautaire des \u00e9glises de Calvert<\/h3><p>100 promenade de foc<\/p>\n<p>Prince Frederick, MD 20678<\/p>\n<p>410-414-7474<\/p>\n<p>Ouvert \u00e0 toute personne du comt\u00e9 de Calvert, au nord de Broomes Island Road. <a href=\"https:\/\/www.cccfp.org\/\" target=\"_blank\" rel=\"noopener\">Obtenir plus d&#039;informations<\/a>.<\/p>\n<p><strong>Lundi, mardi, mercredi de 9h00 \u00e0 12h00\u00a0<\/strong><\/p>\n\t<iframe src=\"https:\/\/www.google.com\/maps\/embed\/v1\/place?q=100+Jibsail+Drive%0APrince+Frederick%2C+MD+20678&#038;key=AIzaSyD09zQ9PNDNNy9TadMuzRV_UsPUoWKntt8\" aria-hidden=\"true\" title=\"Garde-manger communautaire des \u00e9glises de Calvert\"><\/iframe>\n\t\t<h3>Garde-manger du phare de Calvert<\/h3><p>40, chemin Clay-Hammond<\/p>\n<p>Prince Frederick, MD 20678<\/p>\n<p>410-535-5515<\/p>\n<p>&nbsp;<\/p>\n<p><strong>Premier samedi de chaque mois de 11h00 \u00e0 13h00\u00a0<\/strong><\/p>\n\t<iframe src=\"https:\/\/www.google.com\/maps\/embed\/v1\/place?q=40+Clay+Hammond+Road%0APrince+Frederick%2C+MD+20678&#038;key=AIzaSyD09zQ9PNDNNy9TadMuzRV_UsPUoWKntt8\" aria-hidden=\"true\" title=\"Garde-manger du phare de Calvert\"><\/iframe>\n\t\t<h3>Chesapeake se soucie du garde-manger<\/h3><p>6045, route des \u00eeles Salomon<\/p>\n<p>Huntingtown, Maryland 20639<\/p>\n<p><a href=\"https:\/\/chesapeakechurch.org\/food-pantry\/\" target=\"_blank\" rel=\"noopener\">En savoir plus sur le garde-manger<\/a>.<\/p>\n<p>410-257-3444<\/p>\n<p>&nbsp;<\/p>\n<p><strong>Mardi 17h30 \u2013 19h30<\/strong><\/p>\n<p><strong>Jeudi 9h30 \u2013 12h00<\/strong><\/p>\n\t<iframe src=\"https:\/\/www.google.com\/maps\/embed\/v1\/place?q=6045+Solomons+Island+Road%0AHuntingtown%2C+MD+20639&#038;key=AIzaSyD09zQ9PNDNNy9TadMuzRV_UsPUoWKntt8\" aria-hidden=\"true\" title=\"Chesapeake se soucie du garde-manger\"><\/iframe>\n\t\t<h3>Premi\u00e8re \u00e9glise luth\u00e9rienne<\/h3><p>6300, boulevard sud du Maryland.<\/p>\n<p>Huntingtown, Maryland 20639<\/p>\n<p>410-257-3030<\/p>\n<p>&nbsp;<\/p>\n<p><b>Du lundi au jeudi de 9h \u00e0 14h<\/b><\/p>\n\t<iframe src=\"https:\/\/www.google.com\/maps\/embed\/v1\/place?q=6300+Southern+Maryland+Blvd.%0AHuntingtown%2C+MD+20639&#038;key=AIzaSyD09zQ9PNDNNy9TadMuzRV_UsPUoWKntt8\" aria-hidden=\"true\" title=\"Premi\u00e8re \u00e9glise luth\u00e9rienne\"><\/iframe>\n\t\t<h3>Garde-manger des Dames de la Charit\u00e9<\/h3><p>\u00c9glise catholique Saint-Antoine<\/p>\n<p>8823, avenue Dayton<\/p>\n<p>Plage Nord, MD 20714<\/p>\n<p>410-286-7086<\/p>\n<p>&nbsp;<\/p>\n<p><b>mardi 12h \u2013 14h\u00a0<\/b><\/p>\n<p><strong>2\u00e8me mercredi du mois de 17h \u00e0 19h<\/strong><\/p>\n<p><strong>Dernier samedi du mois de 10h \u00e0 12h<\/strong><\/p>\n<p><a href=\"https:\/\/stanthonycal.us\/ladies-of-charity\" target=\"_blank\" rel=\"noopener\">Voir les derniers horaires<\/a><\/p>\n\t<iframe src=\"https:\/\/www.google.com\/maps\/embed\/v1\/place?q=6300+Southern+Maryland+Blvd.%0AHuntingtown%2C+MD+20639&#038;key=AIzaSyD09zQ9PNDNNy9TadMuzRV_UsPUoWKntt8\" aria-hidden=\"true\" title=\"Premi\u00e8re \u00e9glise luth\u00e9rienne\"><\/iframe>\n\t\t<h3>Garde-manger de la paroisse de Middleham et Saint-Pierre<\/h3><p>10210, chemin HG Trueman<\/p>\n<p>Lusby, Maryland 20657<\/p>\n<p>410-326-4948<\/p>\n<p>&nbsp;<\/p>\n<p><strong>Appelez pour \u00eatre ajout\u00e9 \u00e0 la liste.<\/strong><\/p>\n\t<iframe src=\"https:\/\/www.google.com\/maps\/embed\/v1\/place?q=10210+H+G+Trueman+Road%0ALusby%2C+MD+20657&#038;key=AIzaSyD09zQ9PNDNNy9TadMuzRV_UsPUoWKntt8\" aria-hidden=\"true\" title=\"Garde-manger de la paroisse de Middleham et Saint-Pierre\"><\/iframe>\n\t\t<h3>Garde-manger m\u00e9thodiste uni de Mount Olive<\/h3><p>10, chemin du champ de foire<\/p>\n<p>Prince Frederick, MD 20678<\/p>\n<p>410-535-5756<\/p>\n<p>&nbsp;<\/p>\n<p><strong>2\u00e8me et 4\u00e8me mercredi de chaque mois de 13h30 \u00e0 15h30<\/strong><\/p>\n\t<iframe src=\"https:\/\/www.google.com\/maps\/embed\/v1\/place?q=10+Fairground+Road%0APrince+Frederick%2C+MD+20678&#038;key=AIzaSyD09zQ9PNDNNy9TadMuzRV_UsPUoWKntt8\" aria-hidden=\"true\" title=\"Garde-manger m\u00e9thodiste uni de Mount Olive\"><\/iframe>\n\t\t<h3>Garde-manger New Life Calvert<\/h3><p>9690, place Shepherds Creek<\/p>\n<p>La Plata, Maryland 20646<\/p>\n<p>301-609-8423<\/p>\n<p>&nbsp;<\/p>\n<p><strong>Du lundi au vendredi de 16h \u00e0 18h\u00a0<\/strong><\/p>\n<p><a href=\"https:\/\/www.newlife.live\/missions\/\" target=\"_blank\" rel=\"noopener\">En savoir plus sur le garde-manger<\/a>.<\/p>\n\t<iframe src=\"https:\/\/www.google.com\/maps\/embed\/v1\/place?q=9690+Shepherds+Creek+Place%0ALa+Plata%2C+MD+20646&#038;key=AIzaSyD09zQ9PNDNNy9TadMuzRV_UsPUoWKntt8\" aria-hidden=\"true\" title=\"Garde-manger New LIfe Calvert\"><\/iframe>\n\t\t<h3>Garde-manger du minist\u00e8re \u0153cum\u00e9nique SMILE<\/h3><p>10290, chemin HG Trueman<\/p>\n<p>Lusby, Maryland 20657<\/p>\n<p>410-326-0009<\/p>\n<p>Doit \u00eatre un client SMILE. <a href=\"https:\/\/smileinc.org\/food-pantry\/\" target=\"_blank\" rel=\"noopener\">Apprendre encore plus<\/a> sur l&#039;inscription aux services SMILE.<\/p>\n<p>&nbsp;<\/p>\n<p><strong>Lundi 9h \u2013 10h<\/strong><\/p>\n<p><strong>Mercredi 10h \u2013 14h<\/strong><\/p>\n<p><strong>Jeudi et vendredi de 10h \u00e0 12h<\/strong><\/p>\n<p><strong>Samedi 9h \u2013 12h<\/strong><\/p>\n\t<iframe src=\"https:\/\/www.google.com\/maps\/embed\/v1\/place?q=10290+H.G.+Trueman+Road%0ALusby%2C+Maryland+20657&#038;key=AIzaSyD09zQ9PNDNNy9TadMuzRV_UsPUoWKntt8\" aria-hidden=\"true\" title=\"Garde-manger du minist\u00e8re \u0153cum\u00e9nique SMILE\"><\/iframe>\n\t\t<h3>Garde-manger du centre de mission de Salomon<\/h3><p>\u00c9glise M\u00e9thodiste Unie de Salomon<\/p>\n<p>14454, route des \u00eeles Salomon Sud<\/p>\n<p>Salomons, MD 20688<\/p>\n<p>410-326-3278<\/p>\n<p>&nbsp;<\/p>\n<p><b>Mardi, mercredi, jeudi 10h \u2013 13h<\/b><\/p>\n\t<iframe src=\"https:\/\/www.google.com\/maps\/embed\/v1\/place?q=14454+Solomons+Island+Road+South%0ASolomons%2C+MD+20688&#038;key=AIzaSyD09zQ9PNDNNy9TadMuzRV_UsPUoWKntt8\" aria-hidden=\"true\" title=\"\u00c9glise M\u00e9thodiste Unie de Salomon\"><\/iframe>\n\t\t<h3>Garde-manger interconfessionnel St. John Vianney<\/h3><p>105, all\u00e9e Vianney<\/p>\n<p>Prince Frederick, MD 20678<\/p>\n<p>410-286-1944<\/p>\n<p>&nbsp;<\/p>\n<p><b>Mercredi 15h \u2013 18h<\/b><\/p>\n<p><a href=\"https:\/\/www.sjvchurch.net\/food-pantry\" target=\"_blank\" rel=\"noopener\">Apprenez-en davantage sur le garde-manger.<\/a><\/p>\n\t<iframe src=\"https:\/\/www.google.com\/maps\/embed\/v1\/place?q=105+Vianney+Lane%0APrince+Frederick%2C+MD+20678&#038;key=AIzaSyD09zQ9PNDNNy9TadMuzRV_UsPUoWKntt8\" aria-hidden=\"true\" title=\"Garde-manger interconfessionnel St. John Vianney\"><\/iframe>\n<h2>Obtenez de l&#039;aide pour d&#039;autres besoins essentiels<\/h2>\n<p>Si vous avez besoin d\u2019aide pour un autre besoin essentiel, vous pouvez :<\/p>\n<ul>\n<li>Composez le 211<\/li>\n<li>Recherchez parmi les 211 ressources ci-dessous pour obtenir des informations sur des programmes tels que WIC et SNAP (bons alimentaires)<\/li>\n<li>Consultez les annonces de <a href=\"https:\/\/ourcalvert.org\/services\" target=\"_blank\" rel=\"noopener\">Notre Calvert \u2013 Ressources pour la vie<\/a>, qui identifie les ressources locales comme le <a href=\"https:\/\/ourcalvert.org\/index.php\/\" target=\"_blank\" rel=\"noopener\">Banque de couches du comt\u00e9 de Calvert<\/a>, des organisations aidant avec des v\u00eatements et une aide financi\u00e8re et plus encore.<\/li>\n<\/ul>\n<p>Peu importe o\u00f9 vous habitez, le 211 est toujours disponible pour vous aider.<\/p>\n\t\t<h4><a href=\"\/fr\/ressources\/vieillissement-handicap\/?utm_source=Home&#038;utm_medium=Referral&#038;utm_campaign=211Resources&#038;utm_content=Aging\" target=\"_self\">Vieillissement &amp; Handicap<\/a><\/h4>\n\t\t\t\t<a href=\"\/fr\/ressources\/vieillissement-handicap\/?utm_source=Home&#038;utm_medium=Referral&#038;utm_campaign=211Resources&#038;utm_content=Aging\"  target=\"_self\" itemprop=\"url\">\n\t\t\t\t<img decoding=\"async\" src=\"https:\/\/211md.org\/wp-content\/uploads\/bb-plugin\/cache\/2025_MdInfoNet_Icon-Sets_Aging-disability-square-c466727102cae71e5f27b8539bb51945-.png\" alt=\"\" itemprop=\"image\" onerror=\"this.style.display='none'\" loading=\"lazy\" \/>\n\t\t\t\t<\/a>\n\t\t<h4><a href=\"\/fr\/ressources\/enfants-familles\/?utm_source=Home&#038;utm_medium=Referral&#038;utm_campaign=211Resources&#038;utm_content=Children\" target=\"_self\">Enfants et familles<\/a><\/h4>\n\t\t\t\t<a href=\"\/fr\/ressources\/enfants-familles\/?utm_source=Home&#038;utm_medium=Referral&#038;utm_campaign=211Resources&#038;utm_content=Children\"  target=\"_self\" itemprop=\"url\">\n\t\t\t\t<img decoding=\"async\" src=\"https:\/\/211md.org\/wp-content\/uploads\/bb-plugin\/cache\/2025_211_Icon-Sets_Child-care-square-f3b0d4edab3dcc467fadb5f55f4064c6-.png\" alt=\"2025_211_Ensembles d&#039;ic\u00f4nes_Garde d&#039;enfants\" itemprop=\"image\" height=\"417\" width=\"417\" title=\"2025_211_Ensembles d&#039;ic\u00f4nes_Garde d&#039;enfants\" onerror=\"this.style.display='none'\" loading=\"lazy\" \/>\n\t\t\t\t<\/a>\n\t\t<h4><a href=\"\/fr\/ressources\/violence-familiale-domestique\/?utm_source=Home&#038;utm_medium=Referral&#038;utm_campaign=211Resources&#038;utm_content=Domestic\" target=\"_self\">Violence Domestique<\/a><\/h4>\n\t\t\t\t<a href=\"\/fr\/ressources\/violence-familiale-domestique\/?utm_source=Home&#038;utm_medium=Referral&#038;utm_campaign=211Resources&#038;utm_content=Domestic\"  target=\"_self\" itemprop=\"url\">\n\t\t\t\t<img decoding=\"async\" src=\"https:\/\/211md.org\/wp-content\/uploads\/bb-plugin\/cache\/2025_211_Icon-Sets_Domestic-Violence-square-7b597694a6f05fe90cdc376aa573bc63-.png\" alt=\"Ic\u00f4ne de violence domestique\" itemprop=\"image\" height=\"417\" width=\"417\" title=\"2025_211_Ensembles d&#039;ic\u00f4nes_Violence domestique\" onerror=\"this.style.display='none'\" loading=\"lazy\" \/>\n\t\t\t\t<\/a>\n\t\t<h4><a href=\"\/fr\/ressources\/recherche-demploi\/?utm_source=Home&#038;utm_medium=Referral&#038;utm_campaign=211Resources&#038;utm_content=Employment\" target=\"_self\">Emploi<\/a><\/h4>\n\t\t\t\t<a href=\"\/fr\/ressources\/recherche-demploi\/?utm_source=Home&#038;utm_medium=Referral&#038;utm_campaign=211Resources&#038;utm_content=Employment\"  target=\"_self\" itemprop=\"url\">\n\t\t\t\t<img decoding=\"async\" src=\"https:\/\/211md.org\/wp-content\/uploads\/bb-plugin\/cache\/2025_MdInfoNet_Icon-Sets_Employment-square-44707bd410e4df10a470bf130ebcea86-.png\" alt=\"\" itemprop=\"image\" onerror=\"this.style.display='none'\" loading=\"lazy\" \/>\n\t\t\t\t<\/a>\n\t\t<h4><a href=\"\/fr\/ressources\/soins-de-sante\/?utm_source=Home&#038;utm_medium=Referral&#038;utm_campaign=211Resources&#038;utm_content=Health%20Care\" target=\"_self\">Soins de sant\u00e9<\/a><\/h4>\n\t\t\t\t<a href=\"\/fr\/ressources\/soins-de-sante\/?utm_source=Home&#038;utm_medium=Referral&#038;utm_campaign=211Resources&#038;utm_content=Health%20Care\"  target=\"_self\" itemprop=\"url\">\n\t\t\t\t<img decoding=\"async\" src=\"https:\/\/211md.org\/wp-content\/uploads\/bb-plugin\/cache\/2025_MdInfoNet_Icon-Sets_Health-Care-square-dee98a0060cbe0e7f27eda253fc12679-.png\" alt=\"\" itemprop=\"image\" onerror=\"this.style.display='none'\" loading=\"lazy\" \/>\n\t\t\t\t<\/a>\n\t\t<h4><a href=\"\/fr\/ressources\/enfants-familles\/parente\/?utm_source=Home&#038;utm_medium=Referral&#038;utm_campaign=211Resources&#038;utm_content=Kinship\" target=\"_self\">Parent\u00e9<\/a><\/h4>\n\t\t\t\t<a href=\"\/fr\/ressources\/enfants-familles\/parente\/?utm_source=Home&#038;utm_medium=Referral&#038;utm_campaign=211Resources&#038;utm_content=Kinship\"  target=\"_self\" itemprop=\"url\">\n\t\t\t\t<img decoding=\"async\" src=\"https:\/\/211md.org\/wp-content\/uploads\/bb-plugin\/cache\/2025_211_Icon-Sets_Kinship-square-45bdf872866f5735f842c32071109267-.png\" alt=\"Ic\u00f4ne de parent\u00e9\" itemprop=\"image\" height=\"417\" width=\"417\" title=\"2025_211_Ensembles d&#039;ic\u00f4nes_Parent\u00e9\" onerror=\"this.style.display='none'\" loading=\"lazy\" \/>\n\t\t\t\t<\/a>\n\t\t<h4><a href=\"\/fr\/ressources\/services-juridiques\/?utm_source=Home&#038;utm_medium=Referral&#038;utm_campaign=211Resources&#038;utm_content=Legal\" target=\"_self\">Services juridiques<\/a><\/h4>\n\t\t\t\t<a href=\"\/fr\/ressources\/services-juridiques\/?utm_source=Home&#038;utm_medium=Referral&#038;utm_campaign=211Resources&#038;utm_content=Legal\"  target=\"_self\" itemprop=\"url\">\n\t\t\t\t<img decoding=\"async\" src=\"https:\/\/211md.org\/wp-content\/uploads\/bb-plugin\/cache\/2025_MdInfoNet_Icon-Sets_Legal-square-18fdf438feb8435588174d9046463257-.png\" alt=\"\" itemprop=\"image\" onerror=\"this.style.display='none'\" loading=\"lazy\" \/>\n\t\t\t\t<\/a>\n\t\t<h4><a href=\"\/fr\/ressources\/sante-mentale\/?utm_source=Home&#038;utm_medium=Referral&#038;utm_campaign=211Resources&#038;utm_content=Mental\" target=\"_self\">Sant\u00e9 mentale<\/a><\/h4>\n\t\t\t\t<a href=\"\/fr\/ressources\/sante-mentale\/?utm_source=Home&#038;utm_medium=Referral&#038;utm_campaign=211Resources&#038;utm_content=Mental\"  target=\"_self\" itemprop=\"url\">\n\t\t\t\t<img decoding=\"async\" src=\"https:\/\/211md.org\/wp-content\/uploads\/bb-plugin\/cache\/2025_MdInfoNet_Icon-Sets_Mental-Health-square-c59b38c4a993a947d4c9280fbe2d2fee-.png\" alt=\"\" itemprop=\"image\" onerror=\"this.style.display='none'\" loading=\"lazy\" \/>\n\t\t\t\t<\/a>\n\t\t<h4><a href=\"\/fr\/ressources\/mdreentry\/?utm_source=Home&#038;utm_medium=Referral&#038;utm_campaign=211Resources&#038;utm_content=Reentry\" target=\"_self\">Rentr\u00e9e<\/a><\/h4>\n\t\t\t\t<a href=\"\/fr\/ressources\/mdreentry\/?utm_source=Home&#038;utm_medium=Referral&#038;utm_campaign=211Resources&#038;utm_content=Reentry\"  target=\"_self\" itemprop=\"url\">\n\t\t\t\t<img decoding=\"async\" src=\"https:\/\/211md.org\/wp-content\/uploads\/bb-plugin\/cache\/2025_211_Icon-Sets_Reentry-square-8676fea38abd920a832f45642fe31cca-.png\" alt=\"Ic\u00f4ne de rentr\u00e9e\" itemprop=\"image\" height=\"417\" width=\"417\" title=\"2025_211_Ensembles d&#039;ic\u00f4nes_R\u00e9entr\u00e9e\" onerror=\"this.style.display='none'\" loading=\"lazy\" \/>\n\t\t\t\t<\/a>\n\t\t<h4><a href=\"\/fr\/ressources\/consommation-de-substances\/?utm_source=Home&#038;utm_medium=Referral&#038;utm_campaign=211Resources&#038;utm_content=Substance\" target=\"_self\">Consommation de substances<\/a><\/h4>\n\t\t\t\t<a href=\"\/fr\/ressources\/consommation-de-substances\/?utm_source=Home&#038;utm_medium=Referral&#038;utm_campaign=211Resources&#038;utm_content=Substance\"  target=\"_self\" itemprop=\"url\">\n\t\t\t\t<img decoding=\"async\" src=\"https:\/\/211md.org\/wp-content\/uploads\/bb-plugin\/cache\/2025_MdInfoNet_Icon-Sets_Substance-Abuse-square-9022fec9d18a64118ad685c101885b55-.png\" alt=\"\" itemprop=\"image\" onerror=\"this.style.display='none'\" loading=\"lazy\" \/>\n\t\t\t\t<\/a>\n\t\t<h4><a href=\"\/fr\/ressources\/anciens-combattants\/?utm_source=Home&#038;utm_medium=Referral&#038;utm_campaign=211Resources&#038;utm_content=Veterans\" target=\"_self\">anciens combattants<\/a><\/h4>\n\t\t\t\t<a href=\"\/fr\/ressources\/anciens-combattants\/?utm_source=Home&#038;utm_medium=Referral&#038;utm_campaign=211Resources&#038;utm_content=Veterans\"  target=\"_self\" itemprop=\"url\">\n\t\t\t\t<img decoding=\"async\" src=\"https:\/\/211md.org\/wp-content\/uploads\/bb-plugin\/cache\/2025_MdInfoNet_Icon-Sets_Rating-square-6e60d00cce4faa8e0a6d4ad7366aa733-.png\" alt=\"\" itemprop=\"image\" onerror=\"this.style.display='none'\" loading=\"lazy\" \/>\n\t\t\t\t<\/a>","protected":false},"excerpt":{"rendered":"<p>Trouvez des ressources pr\u00e8s de chez vous. Ajoutez votre agence ou organisation \u00e0 notre base de donn\u00e9es. Vous n&#039;\u00eates pas seul dans le comt\u00e9 de Calvert. Une aide est disponible 24h\/24, 7j\/7 et 365j\/an pour les communaut\u00e9s du comt\u00e9, notamment Prince Frederick, Dares Beach, Barstow, Bowens, Fox Hill, Woodbridge, Adelina, Port Republic, Mutual, Governor Run, Chesapeake Beach et bien d&#039;autres. Composez le 211 pour trouver\u2026<\/p>","protected":false},"author":8,"featured_media":0,"parent":750,"menu_order":0,"comment_status":"closed","ping_status":"closed","template":"","meta":{"footnotes":""},"class_list":["post-1694","page","type-page","status-publish","hentry"],"_links":{"self":[{"href":"https:\/\/211md.org\/fr\/wp-json\/wp\/v2\/pages\/1694","targetHints":{"allow":["GET"]}}],"collection":[{"href":"https:\/\/211md.org\/fr\/wp-json\/wp\/v2\/pages"}],"about":[{"href":"https:\/\/211md.org\/fr\/wp-json\/wp\/v2\/types\/page"}],"author":[{"embeddable":true,"href":"https:\/\/211md.org\/fr\/wp-json\/wp\/v2\/users\/8"}],"replies":[{"embeddable":true,"href":"https:\/\/211md.org\/fr\/wp-json\/wp\/v2\/comments?post=1694"}],"version-history":[{"count":6,"href":"https:\/\/211md.org\/fr\/wp-json\/wp\/v2\/pages\/1694\/revisions"}],"predecessor-version":[{"id":34072,"href":"https:\/\/211md.org\/fr\/wp-json\/wp\/v2\/pages\/1694\/revisions\/34072"}],"up":[{"embeddable":true,"href":"https:\/\/211md.org\/fr\/wp-json\/wp\/v2\/pages\/750"}],"wp:attachment":[{"href":"https:\/\/211md.org\/fr\/wp-json\/wp\/v2\/media?parent=1694"}],"curies":[{"name":"wp","href":"https:\/\/api.w.org\/{rel}","templated":true}]}}