{"id":1695,"date":"2021-05-12T00:24:27","date_gmt":"2021-05-12T00:24:27","guid":{"rendered":"https:\/\/211md.org\/?page_id=1695"},"modified":"2025-10-29T07:07:49","modified_gmt":"2025-10-29T11:07:49","slug":"comte-de-prince-georges","status":"publish","type":"page","link":"https:\/\/211md.org\/fr\/resources-by-county\/prince-georges-county\/","title":{"rendered":"Comt\u00e9 de Prince George"},"content":{"rendered":"<p>211 is always available to support Prince George&#8217;s County residents. We have resources near you, no matter where you live: Hyattsville, Forestville, District Heights, Bowie, Laurel and other communities in Prince George&#8217;s County. Dial 211 any time of day and an Information and Referral Specialist can connect you to resources near you.<\/p>\n<p>Vous pouvez \u00e9galement <a href=\"https:\/\/search.211md.org\/search?location=Prince+George%27s+County%2C+Maryland%2C+United+States&amp;coords=-76.75184%2C38.816277&amp;distance=25&amp;utm_source=County&amp;utm_medium=Referral&amp;utm_campaign=PG&amp;utm_content=\" target=\"_blank\" rel=\"noopener\">rechercher dans la base de donn\u00e9es des ressources communautaires<\/a> pour trouver des ressources locales par votre code postal ou contactez l&#039;une des ressources ci-dessous.<\/p>\n\t\t<h2>\t\n\tComposez le 211<\/h2><p>Connectez-vous aux ressources communautaires et b\u00e9n\u00e9ficiez d&#039;une assistance 24 heures sur 24, 7 jours sur 7 et 365 jours par an.<\/p>\n\t\t\t\t<a href=\"https:\/\/search.211md.org\/search?location=Prince+George%27s+County%2C+Maryland%2C+United+States&#038;coords=-76.75184%2C38.816277&#038;distance=25&#038;utm_source=County&#038;utm_medium=Referral&#038;utm_campaign=PG&#038;utm_content=\"  target=\"_blank\" rel=\"noopener\"  itemprop=\"url\">\n\t\t\t\t<img decoding=\"async\" src=\"http:\/\/211md.org\/wp-content\/uploads\/2025\/07\/Prince-Georges-County-Resources.jpg\" alt=\"Ressources du comt\u00e9 de Prince George\" itemprop=\"image\" title=\"Ressources du comt\u00e9 de Prince George\" onerror=\"this.style.display='none'\" loading=\"lazy\" \/>\n\t\t\t\t<\/a>\n\t\t<h2>Rechercher des ressources par code postal<\/h2>\n\t\t<p>Trouvez des ressources locales pour la nourriture, le logement, l&#039;aide aux services publics, le soutien en sant\u00e9 mentale et plus encore dans la base de donn\u00e9es des ressources communautaires 211.<\/p>\n<p>This will take you directly to the 1400+ resources in Prince George&#8217;s County. You can then type in what you need in the box where it says &#8220;Search resources in Maryland.&#8221; Once you start typing, common searches will appear.<\/p>\n<p>Si vous devez effectuer une recherche dans une autre partie de l\u2019\u00c9tat, changez d\u2019emplacement.<\/p>\n<p>&nbsp;<\/p>\n\t\t\t<a href=\"https:\/\/search.211md.org\/search?location=Prince+George%27s+County%2C+Maryland%2C+United+States&#038;coords=-76.75184%2C38.816277&#038;distance=25&#038;utm_source=County&#038;utm_medium=Referral&#038;utm_campaign=PG&#038;utm_content=\" target=\"_blank\" rel=\"noopener\">\n\t\t\t\t\t\t\tTrouver des ressources locales\n\t\t\t\t\t<\/a>\n\t\t\t\t<img decoding=\"async\" src=\"http:\/\/211md.org\/wp-content\/uploads\/2023\/10\/Food-pantry-box-of-food.jpg\" alt=\"Bo\u00eete de garde-manger contenant de la nourriture\" itemprop=\"image\" title=\"Bo\u00eete de garde-manger contenant de la nourriture\" onerror=\"this.style.display='none'\" loading=\"lazy\" \/>\n\t<h2><b>Nourriture dans le comt\u00e9 de Prince George<\/b><\/h2>\n<p>Besoin de nourriture?\u00a0<a href=\"http:\/\/www.pgcfec.org\/what-we-do.html\" target=\"_blank\" rel=\"noopener\">Conseil d&#039;\u00e9quit\u00e9 alimentaire du comt\u00e9 de Prince George<\/a> fait appel \u00e0 divers partenaires pour aider les r\u00e9sidents \u00e0 trouver des aliments sains, abordables, durables, culturellement appropri\u00e9s et s\u00fbrs dans tous les quartiers.<\/p>\n<p>Le Food Equity Council de Largo, dans le Maryland, a une liste mise \u00e0 jour des garde-manger. De Bowie \u00e0 Capitol Heights, <a href=\"https:\/\/pgcfec.org\/resources\/find-food-food-pantry-listings\/\" target=\"_blank\" rel=\"noopener\">trouver un garde-manger pr\u00e8s de chez vous<\/a>.<\/p>\n<h3>Demander des bons d&#039;alimentation<\/h3>\n<p>Les bons d\u2019alimentation peuvent \u00e9galement aider les familles \u00e0 pr\u00e9parer des repas sains et peu co\u00fbteux.<\/p>\n<p>Vous pouvez obtenir de l&#039;aide aupr\u00e8s du D\u00e9partement des services sociaux (DSS) local, \u00e0 Landover, Hyattsville ou Temple Hillls. DSS sera \u00e9galement en mesure de vous aider avec d\u2019autres programmes d\u2019avantages sociaux. Vous pouvez \u00e9galement en apprendre davantage sur les autres programmes d\u2019aide offerts aux familles et sur les conditions d\u2019\u00e9ligibilit\u00e9. Contacter le <a href=\"https:\/\/www.princegeorgescountymd.gov\/1714\/Family-Investment-Division\" target=\"_blank\" rel=\"noopener\">D\u00e9partement des services sociaux du comt\u00e9 de Prince George<\/a> demander des bons d&#039;alimentation.<\/p>\n<p>Si vous avez des questions sur le fonctionnement du programme de bons d&#039;alimentation dans le Maryland, obtenez des r\u00e9ponses \u00e0 vos questions sur <a href=\"https:\/\/211md.org\/fr\/ressources\/nourriture\/bons-alimentaires\/\">Page d&#039;information sur les bons d&#039;alimentation du 211.<\/a><\/p>\n\t\t<h2>\t\n\tLigne d&#039;assistance t\u00e9l\u00e9phonique pour les sans-abri de Prince George<\/h2><p>1-888-731-0999 ou 301-864-7095<\/p>\n<h2>Abri d&#039;urgence<\/h2>\n<p>Si vous avez besoin d&#039;un logement temporaire, il existe des refuges d&#039;urgence dans tout le comt\u00e9 de Prince George. La Homeless Hotline organise le placement. Vous pouvez l&#039;appeler au 888-731-0999 ou au 301-864-7095.<\/p>\n<p>L&#039;aide est fournie 24 heures sur 24. Les r\u00e9f\u00e9rences se font selon le principe du premier arriv\u00e9, premier servi. <a href=\"https:\/\/www.princegeorgescountymd.gov\/1672\/Emergency-Shelter\" target=\"_blank\" rel=\"noopener\">Comte du Prince George<\/a>y d\u00e9taille les conditions d\u2019\u00e9ligibilit\u00e9 et la documentation n\u00e9cessaire.<\/p>\n<p>Au refuge, un gestionnaire de cas vous sera assign\u00e9 pour vous aider.<\/p>\n<p>Le 211 peut \u00e9galement vous aider \u00e0 vous connecter \u00e0 un refuge temporaire dans le comt\u00e9 de Prince George.<\/p>\n\t\t\t\t<img decoding=\"async\" src=\"http:\/\/211md.org\/wp-content\/uploads\/2024\/10\/211-at-City-of-Laurel-Multiservice-Center-1-363x400.jpg\" alt=\"211 au centre multiservices de la ville de Laurel\" itemprop=\"image\" title=\"211 au centre multiservices de la ville de Laurel\" onerror=\"this.style.display='none'\" loading=\"lazy\" \/>\n\t\t\t\t<img decoding=\"async\" src=\"https:\/\/211md.org\/wp-content\/plugins\/bb-plugin\/img\/pixel.png\" alt=\"\" itemprop=\"image\" onerror=\"this.style.display='none'\" loading=\"lazy\" \/>\n<h3>Logement \u00e0 court terme et soutien communautaire<\/h3>\n<p>Les <a href=\"https:\/\/laurelmsc.org\/\" target=\"_blank\" rel=\"noopener\">Centre multiservices de la ville de Laurel<\/a> fournit \u00e9galement des logements \u00e0 court terme et des services sociaux \u00e0 ceux qui vivent une transition de vie dans les comt\u00e9s de Prince George, d&#039;Anne Arundel et de Howard.<\/p>\n<p>Le centre de jour fournit des produits de premi\u00e8re n\u00e9cessit\u00e9 aux personnes sans abri, comme de la nourriture, des produits d&#039;hygi\u00e8ne et des douches, ainsi que des v\u00eatements. L&#039;\u00e9quipe peut \u00e9galement coordonner des services m\u00e9dicaux et de sant\u00e9 mentale gratuits.<\/p>\n<p>L&#039;\u00e9tablissement fournit \u00e9galement des services gr\u00e2ce \u00e0 des partenariats avec des agences et organisations communautaires, comme 211 Maryland. Notre \u00e9quipe sera sur place chaque mois pour mettre en relation les Marylanders avec les besoins essentiels afin d&#039;aider les individus \u00e0 \u00e9tablir leur ind\u00e9pendance.<\/p>\n<p>Le centre multiservices de la ville de Laurel accueillera \u00e9galement des \u00e9v\u00e9nements tels que le cours de stabilit\u00e9 financi\u00e8re de 8 semaines, avec une allocation financi\u00e8re pour ceux qui le terminent.<\/p>\n<p>Des transports en commun sont disponibles pour se rendre au Centre.<\/p>\n<p>&nbsp;<\/p>\n\t<h2>Sant\u00e9 mentale\u00a0: services communautaires de crise<\/h2>\n<p><a href=\"https:\/\/www.communitycrisis.org\/\" target=\"_blank\" rel=\"noopener\">Services communautaires de crise<\/a> (CCSI), qui fait partie du r\u00e9seau de centres d&#039;appels 211 Maryland et est situ\u00e9 \u00e0 Hyattsville, propose plusieurs programmes de r\u00e9ponse aux crises pour soutenir le comt\u00e9 de Prince George et ses environs.<\/p>\n<p>CCSI dispose d&#039;un refuge d&#039;urgence pour les victimes de violence domestique, coordonne le placement en refuge dans tout le comt\u00e9 de Prince George et offre des services de protection de l&#039;enfance apr\u00e8s les heures d&#039;ouverture pour les rapports de maltraitance et de n\u00e9gligence envers les enfants.<\/p>\n<p>Si vous avez besoin d&#039;un soutien imm\u00e9diat en mati\u00e8re de sant\u00e9 mentale, appelez ou envoyez un SMS au 988. Vous serez connect\u00e9 \u00e0 la Suicide &amp; Crisis Lifeline, que vous pourrez <a href=\"https:\/\/health.maryland.gov\/bha\/Pages\/988md.aspx\" target=\"_blank\" rel=\"noopener\">d\u00e9couvrez comment cela fonctionne dans le Maryland<\/a>.<\/p>\n<p>Si vous avez besoin de trouver des ressources en sant\u00e9 mentale dans votre communaut\u00e9, vous pouvez <a href=\"https:\/\/search.988.mdinfonet.org\/\" target=\"_blank\" rel=\"noopener\">rechercher ici<\/a>.<\/p>\n<h2>Assistance utilitaire<\/h2>\n<p>Si vous avez besoin d&#039;aide pour payer vos factures de services publics,\u00a0<a href=\"https:\/\/www.princegeorgescountymd.gov\/1677\/Energy-Assistance\" target=\"_blank\" rel=\"noopener\">Comt\u00e9 de Prince George<\/a>\u00a0propose plusieurs programmes d&#039;assistance aux services publics, y compris des subventions par l&#039;interm\u00e9diaire de l&#039;Office of Home Energy Programs (OHEP).\u00a0<a href=\"\/fr\/ressources\/assistance-utilitaire\/\" rel=\"noopener\">Voir les lignes directrices en mati\u00e8re de revenus<\/a>, des programmes et des instructions \u00e9tape par \u00e9tape pour remplir correctement la demande.<\/p>\n<p>Vous pouvez \u00e9galement demander de l&#039;aide pour remplir les formulaires d&#039;assistance \u00e9nerg\u00e9tique aupr\u00e8s du\u00a0<a href=\"https:\/\/www.princegeorgescountymd.gov\/Directory.aspx?DID=293\" target=\"_blank\" rel=\"noopener\">D\u00e9partement des services sociaux du comt\u00e9 de Prince George \u00e0 Landover<\/a>.<\/p>\n<p>Les\u00a0<a href=\"https:\/\/search.211md.org\/search\/ef9083b7c8f7a3af6cfaf8fcde246cce\" target=\"_blank\" rel=\"noopener\">Fonds de carburant du Maryland<\/a>\u00a0peut \u00eatre une ressource suppl\u00e9mentaire pour les clients de BG&amp;E.<\/p>\n<p>Un soutien local est \u00e9galement disponible pour les factures de services publics par l&#039;interm\u00e9diaire d&#039;organismes caritatifs catholiques \u00e0 Forestville,\u00a0<a href=\"https:\/\/www.laureladvocacy.org\/\" target=\"_blank\" rel=\"noopener\">Services de d\u00e9fense et de r\u00e9f\u00e9rence Laurel<\/a>\u00a0(LARS) et l&#039;Arm\u00e9e du Salut.<\/p>\n<h2>Aide financi\u00e8re<\/h2>\n<p>LARS peut \u00e9galement r\u00e9pondre \u00e0 vos besoins alimentaires et financiers, comme une aide au loyer pour \u00e9viter l&#039;expulsion, une aide avec un d\u00e9p\u00f4t de garantie pour un logement permanent et une assistance aux services publics pour les avis de coupure d&#039;\u00e9nergie. D\u00e9couvrez les lignes directrices du programme et les documents dont vous aurez besoin et <a href=\"https:\/\/www.laureladvocacy.org\/\" target=\"_blank\" rel=\"noopener\">calendrier<\/a>\u00a0un rendez-vous pour une aide financi\u00e8re.<\/p>\n\t\t\t\t<img decoding=\"async\" src=\"http:\/\/211md.org\/wp-content\/uploads\/2024\/05\/utility-bills.jpg\" alt=\"factures de services publics\" itemprop=\"image\" title=\"factures de services publics\" onerror=\"this.style.display='none'\" loading=\"lazy\" \/>\n\t<h2>Signalement de maltraitance ou de n\u00e9gligence envers les enfants en PG<\/h2>\n<p>Nous sommes tous responsables d\u2019assurer la s\u00e9curit\u00e9 des enfants et de signaler les cas pr\u00e9sum\u00e9s de maltraitance ou de n\u00e9gligence envers les enfants. Vous pouvez appeler les forces de l&#039;ordre ou contacter le <a href=\"https:\/\/www.princegeorgescountymd.gov\/1647\/Child-Protective-Services\" target=\"_blank\" rel=\"noopener\">D\u00e9partement des services sociaux du comt\u00e9 de Prince George<\/a> en appelant le 301-909-2450.<\/p>\n<p>La maltraitance des enfants peut \u00eatre\u00a0:<\/p>\n<ul>\n<li>Physique, sexuel ou \u00e9motionnel ou une combinaison. L&#039;abus n&#039;a pas besoin d&#039;\u00eatre visible.<\/li>\n<li>Ne pas prendre soin ou pr\u00eater attention \u00e0 un enfant.<\/li>\n<li>Agression ou exploitation sexuelle, qu\u2019il y ait ou non des blessures.<\/li>\n<li>D\u00e9ficience de la capacit\u00e9 mentale ou psychologique d&#039;un enfant \u00e0 fonctionner.<\/li>\n<\/ul>\n<p>Les signalements peuvent \u00eatre anonymes, mais il vous sera demand\u00e9 d&#039;identifier l&#039;emplacement de l&#039;enfant et de son tuteur, l&#039;\u00e2ge approximatif de l&#039;enfant et l&#039;identit\u00e9 des personnes responsables de la maltraitance ou de la n\u00e9gligence.<\/p>\n<p>&nbsp;<\/p>\n\t<h2>Composez le 211<\/h2>\n<p>Nous disposons \u00e9galement de ressources de premier ordre pour d\u2019autres comt\u00e9s du Maryland. <a href=\"https:\/\/211md.org\/fr\/ressources-par-comte\/\">Recherche par comt\u00e9<\/a>.<\/p>\n<p>Besoin d&#039;aide pour autre chose\u00a0? Composez le 211 ou recherchez des ressources. <a href=\"https:\/\/search.211md.org\/\" target=\"_blank\" rel=\"noopener\">page de recherche<\/a>, choisissez une cat\u00e9gorie d\u00e9roulante pour de meilleurs r\u00e9sultats et entrez votre code postal pour trouver des ressources locales.<\/p>\n<p>&nbsp;<\/p>\n\t\t<h4><a href=\"\/fr\/ressources\/vieillissement-handicap\/?utm_source=Home&#038;utm_medium=Referral&#038;utm_campaign=211Resources&#038;utm_content=Aging\" target=\"_self\">Vieillissement &amp; Handicap<\/a><\/h4>\n\t\t\t\t<a href=\"\/fr\/ressources\/vieillissement-handicap\/?utm_source=Home&#038;utm_medium=Referral&#038;utm_campaign=211Resources&#038;utm_content=Aging\"  target=\"_self\" itemprop=\"url\">\n\t\t\t\t<img decoding=\"async\" src=\"https:\/\/211md.org\/wp-content\/uploads\/bb-plugin\/cache\/2025_MdInfoNet_Icon-Sets_Aging-disability-square-c466727102cae71e5f27b8539bb51945-.png\" alt=\"\" itemprop=\"image\" onerror=\"this.style.display='none'\" loading=\"lazy\" \/>\n\t\t\t\t<\/a>\n\t\t<h4><a href=\"\/fr\/ressources\/enfants-familles\/?utm_source=Home&#038;utm_medium=Referral&#038;utm_campaign=211Resources&#038;utm_content=Children\" target=\"_self\">Enfants et familles<\/a><\/h4>\n\t\t\t\t<a href=\"\/fr\/ressources\/enfants-familles\/?utm_source=Home&#038;utm_medium=Referral&#038;utm_campaign=211Resources&#038;utm_content=Children\"  target=\"_self\" itemprop=\"url\">\n\t\t\t\t<img decoding=\"async\" src=\"https:\/\/211md.org\/wp-content\/uploads\/bb-plugin\/cache\/2025_211_Icon-Sets_Child-care-square-f3b0d4edab3dcc467fadb5f55f4064c6-.png\" alt=\"2025_211_Ensembles d&#039;ic\u00f4nes_Garde d&#039;enfants\" itemprop=\"image\" height=\"417\" width=\"417\" title=\"2025_211_Ensembles d&#039;ic\u00f4nes_Garde d&#039;enfants\" onerror=\"this.style.display='none'\" loading=\"lazy\" \/>\n\t\t\t\t<\/a>\n\t\t<h4><a href=\"\/fr\/ressources\/violence-familiale-domestique\/?utm_source=Home&#038;utm_medium=Referral&#038;utm_campaign=211Resources&#038;utm_content=Domestic\" target=\"_self\">Violence Domestique<\/a><\/h4>\n\t\t\t\t<a href=\"\/fr\/ressources\/violence-familiale-domestique\/?utm_source=Home&#038;utm_medium=Referral&#038;utm_campaign=211Resources&#038;utm_content=Domestic\"  target=\"_self\" itemprop=\"url\">\n\t\t\t\t<img decoding=\"async\" src=\"https:\/\/211md.org\/wp-content\/uploads\/bb-plugin\/cache\/2025_211_Icon-Sets_Domestic-Violence-square-7b597694a6f05fe90cdc376aa573bc63-.png\" alt=\"Ic\u00f4ne de violence domestique\" itemprop=\"image\" height=\"417\" width=\"417\" title=\"2025_211_Ensembles d&#039;ic\u00f4nes_Violence domestique\" onerror=\"this.style.display='none'\" loading=\"lazy\" \/>\n\t\t\t\t<\/a>\n\t\t<h4><a href=\"\/fr\/ressources\/recherche-demploi\/?utm_source=Home&#038;utm_medium=Referral&#038;utm_campaign=211Resources&#038;utm_content=Employment\" target=\"_self\">Emploi<\/a><\/h4>\n\t\t\t\t<a href=\"\/fr\/ressources\/recherche-demploi\/?utm_source=Home&#038;utm_medium=Referral&#038;utm_campaign=211Resources&#038;utm_content=Employment\"  target=\"_self\" itemprop=\"url\">\n\t\t\t\t<img decoding=\"async\" src=\"https:\/\/211md.org\/wp-content\/uploads\/bb-plugin\/cache\/2025_MdInfoNet_Icon-Sets_Employment-square-44707bd410e4df10a470bf130ebcea86-.png\" alt=\"\" itemprop=\"image\" onerror=\"this.style.display='none'\" loading=\"lazy\" \/>\n\t\t\t\t<\/a>\n\t\t<h4><a href=\"\/fr\/ressources\/soins-de-sante\/?utm_source=Home&#038;utm_medium=Referral&#038;utm_campaign=211Resources&#038;utm_content=Health%20Care\" target=\"_self\">Soins de sant\u00e9<\/a><\/h4>\n\t\t\t\t<a href=\"\/fr\/ressources\/soins-de-sante\/?utm_source=Home&#038;utm_medium=Referral&#038;utm_campaign=211Resources&#038;utm_content=Health%20Care\"  target=\"_self\" itemprop=\"url\">\n\t\t\t\t<img decoding=\"async\" src=\"https:\/\/211md.org\/wp-content\/uploads\/bb-plugin\/cache\/2025_MdInfoNet_Icon-Sets_Health-Care-square-dee98a0060cbe0e7f27eda253fc12679-.png\" alt=\"\" itemprop=\"image\" onerror=\"this.style.display='none'\" loading=\"lazy\" \/>\n\t\t\t\t<\/a>\n\t\t<h4><a href=\"\/fr\/ressources\/enfants-familles\/parente\/?utm_source=Home&#038;utm_medium=Referral&#038;utm_campaign=211Resources&#038;utm_content=Kinship\" target=\"_self\">Parent\u00e9<\/a><\/h4>\n\t\t\t\t<a href=\"\/fr\/ressources\/enfants-familles\/parente\/?utm_source=Home&#038;utm_medium=Referral&#038;utm_campaign=211Resources&#038;utm_content=Kinship\"  target=\"_self\" itemprop=\"url\">\n\t\t\t\t<img decoding=\"async\" src=\"https:\/\/211md.org\/wp-content\/uploads\/bb-plugin\/cache\/2025_211_Icon-Sets_Kinship-square-45bdf872866f5735f842c32071109267-.png\" alt=\"Ic\u00f4ne de parent\u00e9\" itemprop=\"image\" height=\"417\" width=\"417\" title=\"2025_211_Ensembles d&#039;ic\u00f4nes_Parent\u00e9\" onerror=\"this.style.display='none'\" loading=\"lazy\" \/>\n\t\t\t\t<\/a>\n\t\t<h4><a href=\"\/fr\/ressources\/services-juridiques\/?utm_source=Home&#038;utm_medium=Referral&#038;utm_campaign=211Resources&#038;utm_content=Legal\" target=\"_self\">Services juridiques<\/a><\/h4>\n\t\t\t\t<a href=\"\/fr\/ressources\/services-juridiques\/?utm_source=Home&#038;utm_medium=Referral&#038;utm_campaign=211Resources&#038;utm_content=Legal\"  target=\"_self\" itemprop=\"url\">\n\t\t\t\t<img decoding=\"async\" src=\"https:\/\/211md.org\/wp-content\/uploads\/bb-plugin\/cache\/2025_MdInfoNet_Icon-Sets_Legal-square-18fdf438feb8435588174d9046463257-.png\" alt=\"\" itemprop=\"image\" onerror=\"this.style.display='none'\" loading=\"lazy\" \/>\n\t\t\t\t<\/a>\n\t\t<h4><a href=\"\/fr\/ressources\/sante-mentale\/?utm_source=Home&#038;utm_medium=Referral&#038;utm_campaign=211Resources&#038;utm_content=Mental\" target=\"_self\">Sant\u00e9 mentale<\/a><\/h4>\n\t\t\t\t<a href=\"\/fr\/ressources\/sante-mentale\/?utm_source=Home&#038;utm_medium=Referral&#038;utm_campaign=211Resources&#038;utm_content=Mental\"  target=\"_self\" itemprop=\"url\">\n\t\t\t\t<img decoding=\"async\" src=\"https:\/\/211md.org\/wp-content\/uploads\/bb-plugin\/cache\/2025_MdInfoNet_Icon-Sets_Mental-Health-square-c59b38c4a993a947d4c9280fbe2d2fee-.png\" alt=\"\" itemprop=\"image\" onerror=\"this.style.display='none'\" loading=\"lazy\" \/>\n\t\t\t\t<\/a>\n\t\t<h4><a href=\"\/fr\/ressources\/mdreentry\/?utm_source=Home&#038;utm_medium=Referral&#038;utm_campaign=211Resources&#038;utm_content=Reentry\" target=\"_self\">Rentr\u00e9e<\/a><\/h4>\n\t\t\t\t<a href=\"\/fr\/ressources\/mdreentry\/?utm_source=Home&#038;utm_medium=Referral&#038;utm_campaign=211Resources&#038;utm_content=Reentry\"  target=\"_self\" itemprop=\"url\">\n\t\t\t\t<img decoding=\"async\" src=\"https:\/\/211md.org\/wp-content\/uploads\/bb-plugin\/cache\/2025_211_Icon-Sets_Reentry-square-8676fea38abd920a832f45642fe31cca-.png\" alt=\"Ic\u00f4ne de rentr\u00e9e\" itemprop=\"image\" height=\"417\" width=\"417\" title=\"2025_211_Ensembles d&#039;ic\u00f4nes_R\u00e9entr\u00e9e\" onerror=\"this.style.display='none'\" loading=\"lazy\" \/>\n\t\t\t\t<\/a>\n\t\t<h4><a href=\"\/fr\/ressources\/consommation-de-substances\/?utm_source=Home&#038;utm_medium=Referral&#038;utm_campaign=211Resources&#038;utm_content=Substance\" target=\"_self\">Consommation de substances<\/a><\/h4>\n\t\t\t\t<a href=\"\/fr\/ressources\/consommation-de-substances\/?utm_source=Home&#038;utm_medium=Referral&#038;utm_campaign=211Resources&#038;utm_content=Substance\"  target=\"_self\" itemprop=\"url\">\n\t\t\t\t<img decoding=\"async\" src=\"https:\/\/211md.org\/wp-content\/uploads\/bb-plugin\/cache\/2025_MdInfoNet_Icon-Sets_Substance-Abuse-square-9022fec9d18a64118ad685c101885b55-.png\" alt=\"\" itemprop=\"image\" onerror=\"this.style.display='none'\" loading=\"lazy\" \/>\n\t\t\t\t<\/a>\n\t\t<h4><a href=\"\/fr\/ressources\/anciens-combattants\/?utm_source=Home&#038;utm_medium=Referral&#038;utm_campaign=211Resources&#038;utm_content=Veterans\" target=\"_self\">anciens combattants<\/a><\/h4>\n\t\t\t\t<a href=\"\/fr\/ressources\/anciens-combattants\/?utm_source=Home&#038;utm_medium=Referral&#038;utm_campaign=211Resources&#038;utm_content=Veterans\"  target=\"_self\" itemprop=\"url\">\n\t\t\t\t<img decoding=\"async\" src=\"https:\/\/211md.org\/wp-content\/uploads\/bb-plugin\/cache\/2025_MdInfoNet_Icon-Sets_Rating-square-6e60d00cce4faa8e0a6d4ad7366aa733-.png\" alt=\"\" itemprop=\"image\" onerror=\"this.style.display='none'\" loading=\"lazy\" \/>\n\t\t\t\t<\/a>","protected":false},"excerpt":{"rendered":"<p>211 is always available to support Prince George&#8217;s County residents. We have resources near you, no matter where you live: Hyattsville, Forestville, District Heights, Bowie, Laurel and other communities in Prince George&#8217;s County. Dial 211 any time of day and an Information and Referral Specialist can connect you to resources near you. You can also&hellip;<\/p>","protected":false},"author":8,"featured_media":3897,"parent":750,"menu_order":0,"comment_status":"closed","ping_status":"closed","template":"","meta":{"footnotes":""},"class_list":["post-1695","page","type-page","status-publish","has-post-thumbnail","hentry"],"_links":{"self":[{"href":"https:\/\/211md.org\/fr\/wp-json\/wp\/v2\/pages\/1695","targetHints":{"allow":["GET"]}}],"collection":[{"href":"https:\/\/211md.org\/fr\/wp-json\/wp\/v2\/pages"}],"about":[{"href":"https:\/\/211md.org\/fr\/wp-json\/wp\/v2\/types\/page"}],"author":[{"embeddable":true,"href":"https:\/\/211md.org\/fr\/wp-json\/wp\/v2\/users\/8"}],"replies":[{"embeddable":true,"href":"https:\/\/211md.org\/fr\/wp-json\/wp\/v2\/comments?post=1695"}],"version-history":[{"count":11,"href":"https:\/\/211md.org\/fr\/wp-json\/wp\/v2\/pages\/1695\/revisions"}],"predecessor-version":[{"id":34087,"href":"https:\/\/211md.org\/fr\/wp-json\/wp\/v2\/pages\/1695\/revisions\/34087"}],"up":[{"embeddable":true,"href":"https:\/\/211md.org\/fr\/wp-json\/wp\/v2\/pages\/750"}],"wp:featuredmedia":[{"embeddable":true,"href":"https:\/\/211md.org\/fr\/wp-json\/wp\/v2\/media\/3897"}],"wp:attachment":[{"href":"https:\/\/211md.org\/fr\/wp-json\/wp\/v2\/media?parent=1695"}],"curies":[{"name":"wp","href":"https:\/\/api.w.org\/{rel}","templated":true}]}}