{"id":1696,"date":"2021-05-12T00:24:36","date_gmt":"2021-05-12T00:24:36","guid":{"rendered":"https:\/\/211md.org\/?page_id=1696"},"modified":"2026-03-20T16:48:27","modified_gmt":"2026-03-20T20:48:27","slug":"comte-danne-arundel","status":"publish","type":"page","link":"https:\/\/211md.org\/fr\/resources-by-county\/anne-arundel-county\/","title":{"rendered":"Comt\u00e9 d&#039;Anne Arundel"},"content":{"rendered":"<figure data-animation-delay=\"0\" data-animation-duration=\"1\" itemscope=\"\" itemtype=\"https:\/\/schema.org\/ImageObject\">\n\t\t\t\t<img decoding=\"async\" src=\"https:\/\/stg-maryland211-staging.kinsta.cloud\/wp-content\/uploads\/2025\/08\/5-1-scaled.png\" alt=\"5\" height=\"692\" width=\"2560\" title=\"5\" onerror=\"this.style.display='none'\" loading=\"lazy\">\n\t<\/figure>\n\t\t<p>We&#8217;re making it easy to find go-to community resources in Anne Arundel County.<\/p>\n<p>211&#8217;s guide to Anne Arundel County includes some of the most common resources for basic needs such as food and utility assistance.<\/p>\n<p>Or you can get started by searching for resources by ZIP code in 211&#8217;s Community Resource Database.<\/p>\n\t\t\t<a href=\"https:\/\/search.211md.org\/\" target=\"_blank\" rel=\"noopener\">\n\t\t\t\t\t\tSearch for resources nearby\n\t\t\t\t\t<\/a>\n<figure data-animation-delay=\"0\" data-animation-duration=\"1\" itemscope=\"\" itemtype=\"https:\/\/schema.org\/ImageObject\">\n\t\t\t\t<img decoding=\"async\" src=\"https:\/\/211md.org\/wp-content\/plugins\/bb-plugin\/img\/pixel.png\" alt=\"\" onerror=\"this.style.display='none'\" loading=\"lazy\">\n\t<\/figure>\n<figure data-animation-delay=\"0\" data-animation-duration=\"1.3\" itemscope=\"\" itemtype=\"https:\/\/schema.org\/ImageObject\">\n\t\t\t\t<img decoding=\"async\" src=\"https:\/\/stg-maryland211-staging.kinsta.cloud\/wp-content\/uploads\/2025\/08\/16.png\" alt=\"16\" height=\"1000\" width=\"1000\" title=\"16\" onerror=\"this.style.display='none'\" loading=\"lazy\">\n\t<\/figure>\n<figure itemscope=\"\" itemtype=\"https:\/\/schema.org\/ImageObject\">\n\t\t\t\t<img decoding=\"async\" src=\"https:\/\/211md.org\/wp-content\/uploads\/2022\/09\/free-food-box.jpg\" alt=\"bo\u00eete de nourriture gratuite\" height=\"667\" width=\"1000\" title=\"bo\u00eete-de-nourriture-gratuite\" onerror=\"this.style.display='none'\" loading=\"lazy\">\n\t<\/figure>\n\t<h2>Trouver de la nourriture<\/h2>\n<p>Dans le comt\u00e9 d&#039;Anne Arundel, la Food Access Warm Line peut vous aider \u00e0 localiser des banques alimentaires et d&#039;autres ressources alimentaires. Vous pouvez appeler le 410-222-FOOD (3663).<\/p>\n<p>You can also search our <a href=\"https:\/\/search.211md.org\/\" target=\"_blank\" rel=\"noopener\">Base de donn\u00e9es des ressources communautaires<\/a> by ZIP code or the <a href=\"https:\/\/aafoodbank.org\/pantry-map\/\" target=\"_blank\" rel=\"noopener\">Anne Arundel County Food Bank<\/a>.<\/p>\n<h3>Food and financial help<\/h3>\n<p>Serving People Across Neighborhoods (SPAN) is a community group helping individuals and families in a number of ways &#8211; through food and financial help.<\/p>\n<p>Call first to ensure you qualify for services. You can call 410-647-0089 between 10 a.m. and 1:30 p.m. Monday through Thursday. Hours may vary.<\/p>\n<p>Located in Severna Park, SPAN has two service areas. The primary area is the only one that helps with food.<\/p>\n<p>Residents in this primary area can also get financial assistance with prescriptions\/medical co-pays, utility turn-off notices, or eviction.<\/p>\n<p>The primary ZIP codes include:<\/p>\n<ul>\n<li aria-level=\"1\">21012 Arnold<\/li>\n<li aria-level=\"1\">21409 Col Large<\/li>\n<li aria-level=\"1\">21108 Millersville<\/li>\n<li aria-level=\"1\">21146, parc Severna<\/li>\n<\/ul>\n<p>Ces zones sont les seules \u00e9ligibles \u00e0 la nourriture. Vous pouvez recevoir de la nourriture deux fois le premier mois, puis une fois par mois.<\/p>\n\t<h2>SPAN&#8217;s Other Anne Arundel Programs<\/h2>\n<p>SPAN also has a secondary service area that provides financial assistance only. Secondary areas are eligible for:<\/p>\n<ul>\n<li>utility turn-off notices<\/li>\n<li>expulsion<\/li>\n<li>ordonnances<\/li>\n<li>medical co-pays<\/li>\n<\/ul>\n<p>Benefits are offered once every 12 months for those who qualify, and the benefit is up to $200 a year.<\/p>\n<p>La zone de service secondaire comprend\u00a0:<\/p>\n<ul>\n<li aria-level=\"1\">20755 Fort Meade<\/li>\n<li aria-level=\"1\">21090 Linthicum<\/li>\n<li aria-level=\"1\">2114 S\u00e9verne<\/li>\n<li aria-level=\"1\">21225 Parc de Brooklyn<\/li>\n<\/ul>\n<p>There are additional ZIP codes that may also qualify, but referrals are required from other agencies.<\/p>\n<p>With a referral from NCEON (410-255-3677), people in these ZIP codes may qualify:<\/p>\n<ul>\n<li>21122 Pasadena<\/li>\n<li aria-level=\"1\">21061 Glen Burnie<\/li>\n<\/ul>\n<p>For those living in these ZIP codes, a referral is required from Crofton Christian Caring Council (<a href=\"https:\/\/www.spanhelps.org\/need_help\" target=\"_blank\" rel=\"noopener\">Le num\u00e9ro de t\u00e9l\u00e9phone varie selon les jours<\/a>)<\/p>\n<ul>\n<li aria-level=\"1\">21032 Crownsville<\/li>\n<li aria-level=\"1\">21054 Jeux de hasard<\/li>\n<li aria-level=\"1\">21113 Odenton<\/li>\n<li aria-level=\"1\">21114 Crofton<\/li>\n<\/ul>\n<p><a href=\"https:\/\/www.spanhelps.org\/need_help\" target=\"_blank\" rel=\"noopener\">Obtenez de l&#039;aide de SPAN<\/a> ou appelez le 410-647-0889 pour les questions d&#039;\u00e9ligibilit\u00e9.<\/p>\n<figure data-animation-delay=\"0\" data-animation-duration=\"1\" itemscope=\"\" itemtype=\"https:\/\/schema.org\/ImageObject\">\n\t\t\t\t<img decoding=\"async\" src=\"http:\/\/211md.org\/wp-content\/uploads\/2022\/09\/Woman-holding-utility-bill-and-needing-help-paying-it.jpg\" alt=\"Femme tenant une facture de services publics et additionnant les co\u00fbts\" title=\"Femme-tenant-une-facture-d&#039;utilit\u00e9-et-ayant-besoin-d&#039;aide-pour-la-payer\" onerror=\"this.style.display='none'\" loading=\"lazy\">\n\t<\/figure>\n\t<h2>Pr\u00e9vention des expulsions<\/h2>\n<p>The Eviction Prevention Program (EPP) through the Arundel Community Development Services (ACDS) can help renters at the highest risk of eviction. There are limited funds available to those who qualify.<\/p>\n<p>It is not a long-term assistance program.<\/p>\n<p>The program helps those with an unexpected financial hardship that temporarily makes it difficult to pay rent, putting them at risk of imminent eviction and homelessness. <a href=\"https:\/\/acdsinc.org\/housing-resources\/renters\/acds-eviction-prevention-program\/\" target=\"_blank\" rel=\"noopener\">Les candidatures sont accept\u00e9es selon le principe du premier arriv\u00e9, premier servi<\/a>.<\/p>\n<p>ACDS dispose \u00e9galement d&#039;un programme pour emp\u00eacher les propri\u00e9taires de perdre leur maison. Vous pouvez en apprendre davantage sur leur <a href=\"https:\/\/acdsinc.org\/housing-resources\/homeowners\/foreclosure-prevention\/\" target=\"_blank\" rel=\"noopener\">conseils en mati\u00e8re de pr\u00e9vention des saisies<\/a>.<\/p>\n<h3>Logements \u00e0 court terme et besoins essentiels \u00e0 Laurel<\/h3>\n<p>Lorsqu&#039;ils ne se trouvent pas dans le comt\u00e9 d&#039;Anne Arundel, les r\u00e9sidents peuvent utiliser le <a href=\"https:\/\/laurelmsc.org\/\" target=\"_blank\" rel=\"noopener\">Centre de jour multiservices de la ville de Laurel<\/a> Pour les besoins de logement \u00e0 court terme, les produits d&#039;hygi\u00e8ne, les douches, la nourriture et les v\u00eatements. Le Centre multiservices facilite \u00e9galement l&#039;acc\u00e8s aux services de sant\u00e9 et aux services sociaux pour r\u00e9pondre aux besoins essentiels. Le Centre est accessible aux r\u00e9sidents d&#039;Anne Arundel, m\u00eame s&#039;il est situ\u00e9 dans le comt\u00e9 de Prince George.<\/p>\n<p>Des transports en commun sont disponibles pour se rendre au Centre Multiservices.<\/p>\n<h3>Housing And Utility Help from the Community Action Agency<\/h3>\n<p>Les&nbsp;<a href=\"https:\/\/www.aaccaa.org\/\" target=\"_blank\" rel=\"noopener\">Agence d&#039;action communautaire (CAC) du comt\u00e9 d&#039;Anne Arundel<\/a>&nbsp;fournit aux r\u00e9sidents ayant des revenus \u00e9ligibles une aide pour leurs factures de chauffage et d&#039;\u00e9lectricit\u00e9 et leurs besoins li\u00e9s au logement.<\/p>\n<p>L&#039;Agence d&#039;action communautaire&nbsp;<a href=\"https:\/\/www.aaccaa.org\/housing-assistance\" target=\"_blank\" rel=\"noopener\">programme de logement<\/a>&nbsp;est une ressource unique pour l\u2019aide d\u2019urgence ou d\u2019autres besoins qui perturbent la vie autonome. Ils comprennent l\u2019acc\u00e8s \u00e0 des ateliers de litt\u00e9ratie financi\u00e8re et \u00e0 des conseillers en logement qui peuvent aider \u00e0 pr\u00e9venir les saisies immobili\u00e8res, les expulsions, le r\u00e9tablissement du cr\u00e9dit, \u00e0 aider aux programmes d\u2019accession \u00e0 la propri\u00e9t\u00e9 pour la premi\u00e8re fois et \u00e0 g\u00e9rer les budgets.<\/p>\n<p>Si vous avez besoin d&#039;aide pour demander une aide aux services publics, l&#039;agence peut aider les r\u00e9sidents \u00e0 naviguer dans les programmes propos\u00e9s par le&nbsp;<a href=\"https:\/\/www.aaccaa.org\/energy-assistance\" target=\"_blank\" rel=\"noopener\">Bureau des programmes d&#039;\u00e9nergie domestique du Maryland<\/a>&nbsp;(OHEP). You can call CAC at 410-626-1900 for help with program guidelines and applications for electric, gas or home heating bills.<\/p>\n<p>Learn more about income guidelines and how to fill out the application in <a href=\"https:\/\/211md.org\/fr\/ressources\/assistance-utilitaire\/\" target=\"_blank\" rel=\"noopener\">211&#8217;s Utility Assistance Guide<\/a>.<\/p>\n<p>CAC propose \u00e9galement des services et des programmes th\u00e9rapeutiques, pr\u00e9ventifs et \u00e9ducatifs pour les enfants et les jeunes d&#039;Anne Arundel, un acc\u00e8s au Early Head Start Center ; programmes de sant\u00e9 et de bien-\u00eatre; et ils aident les r\u00e9sidents \u00e0 quitter les \u00e9tablissements correctionnels et \u00e0 retourner dans la communaut\u00e9.<\/p>\n<p>&nbsp;<\/p>\n\t\t<figure itemscope=\"\" itemtype=\"https:\/\/schema.org\/ImageObject\">\n\t\t\t\t<a href=\"https:\/\/search.211md.org\/\" target=\"_blank\" rel=\"noopener\" itemprop=\"url\">\n\t\t\t\t<img decoding=\"async\" src=\"https:\/\/stg-maryland211-staging.kinsta.cloud\/wp-content\/uploads\/2025\/08\/2025_MdInfoNet_Icon-Sets-white_Locate.png\" alt=\"\" onerror=\"this.style.display='none'\" loading=\"lazy\">\n\t\t\t\t<\/a>\n\t<\/figure>\n<h2><a href=\"https:\/\/search.211md.org\/\" target=\"_blank\" rel=\"noopener\">Trouver des ressources maintenant<\/a><\/h2><p>Trouver <strong>ressources communautaires <\/strong>Pour l&#039;alimentation, les soins de sant\u00e9, le logement et plus encore, consultez notre base de donn\u00e9es. Recherchez par code postal.<\/p>\n\t\t\t<a href=\"https:\/\/search.211md.org\/\" target=\"_blank\" rel=\"noopener\">\n\t\t\t\t\t\t\tRechercher maintenant\n\t\t\t<\/a>\n\t\t<h4><a href=\"\/fr\/ressources\/vieillissement-handicap\/?utm_source=Home&amp;utm_medium=Referral&amp;utm_campaign=211Resources&amp;utm_content=Aging\" target=\"_self\">Vieillissement &amp; Handicap<\/a><\/h4><figure itemscope=\"\" itemtype=\"https:\/\/schema.org\/ImageObject\">\n\t\t\t\t<a href=\"\/fr\/ressources\/vieillissement-handicap\/?utm_source=Home&amp;utm_medium=Referral&amp;utm_campaign=211Resources&amp;utm_content=Aging\" target=\"_self\" itemprop=\"url\">\n\t\t\t\t<img decoding=\"async\" src=\"https:\/\/211md.org\/wp-content\/uploads\/bb-plugin\/cache\/2025_MdInfoNet_Icon-Sets_Aging-disability-square-c466727102cae71e5f27b8539bb51945-.png\" alt=\"\" onerror=\"this.style.display='none'\" loading=\"lazy\">\n\t\t\t\t<\/a>\n\t<\/figure>\n\t\t<h4><a href=\"\/fr\/ressources\/enfants-familles\/?utm_source=Home&amp;utm_medium=Referral&amp;utm_campaign=211Resources&amp;utm_content=Children\" target=\"_self\">Enfants et familles<\/a><\/h4><figure itemscope=\"\" itemtype=\"https:\/\/schema.org\/ImageObject\">\n\t\t\t\t<a href=\"\/fr\/ressources\/enfants-familles\/?utm_source=Home&amp;utm_medium=Referral&amp;utm_campaign=211Resources&amp;utm_content=Children\" target=\"_self\" itemprop=\"url\">\n\t\t\t\t<img decoding=\"async\" src=\"https:\/\/211md.org\/wp-content\/uploads\/bb-plugin\/cache\/2025_211_Icon-Sets_Child-care-square-f3b0d4edab3dcc467fadb5f55f4064c6-.png\" alt=\"parent and child icon for child care\" height=\"417\" width=\"417\" title=\"2025_211_Ensembles d&#039;ic\u00f4nes_Garde d&#039;enfants\" onerror=\"this.style.display='none'\" loading=\"lazy\">\n\t\t\t\t<\/a>\n\t<\/figure>\n\t\t<h4><a href=\"\/fr\/ressources\/violence-familiale-domestique\/?utm_source=Home&amp;utm_medium=Referral&amp;utm_campaign=211Resources&amp;utm_content=Domestic\" target=\"_self\">Violence Domestique<\/a><\/h4><figure itemscope=\"\" itemtype=\"https:\/\/schema.org\/ImageObject\">\n\t\t\t\t<a href=\"\/fr\/ressources\/violence-familiale-domestique\/?utm_source=Home&amp;utm_medium=Referral&amp;utm_campaign=211Resources&amp;utm_content=Domestic\" target=\"_self\" itemprop=\"url\">\n\t\t\t\t<img decoding=\"async\" src=\"https:\/\/211md.org\/wp-content\/uploads\/bb-plugin\/cache\/2025_211_Icon-Sets_Domestic-Violence-square-7b597694a6f05fe90cdc376aa573bc63-.png\" alt=\"House with a heart in the middle icon\" height=\"417\" width=\"417\" title=\"2025_211_Ensembles d&#039;ic\u00f4nes_Violence domestique\" onerror=\"this.style.display='none'\" loading=\"lazy\">\n\t\t\t\t<\/a>\n\t<\/figure>\n\t\t<h4><a href=\"\/fr\/ressources\/recherche-demploi\/?utm_source=Home&amp;utm_medium=Referral&amp;utm_campaign=211Resources&amp;utm_content=Employment\" target=\"_self\">Emploi<\/a><\/h4><figure itemscope=\"\" itemtype=\"https:\/\/schema.org\/ImageObject\">\n\t\t\t\t<a href=\"\/fr\/ressources\/recherche-demploi\/?utm_source=Home&amp;utm_medium=Referral&amp;utm_campaign=211Resources&amp;utm_content=Employment\" target=\"_self\" itemprop=\"url\">\n\t\t\t\t<img decoding=\"async\" src=\"https:\/\/211md.org\/wp-content\/uploads\/bb-plugin\/cache\/2025_MdInfoNet_Icon-Sets_Employment-square-44707bd410e4df10a470bf130ebcea86-.png\" alt=\"\" onerror=\"this.style.display='none'\" loading=\"lazy\">\n\t\t\t\t<\/a>\n\t<\/figure>\n\t\t<h4><a href=\"\/fr\/ressources\/soins-de-sante\/?utm_source=Home&amp;utm_medium=Referral&amp;utm_campaign=211Resources&amp;utm_content=Health%20Care\" target=\"_self\">Soins de sant\u00e9<\/a><\/h4><figure itemscope=\"\" itemtype=\"https:\/\/schema.org\/ImageObject\">\n\t\t\t\t<a href=\"\/fr\/ressources\/soins-de-sante\/?utm_source=Home&amp;utm_medium=Referral&amp;utm_campaign=211Resources&amp;utm_content=Health%20Care\" target=\"_self\" itemprop=\"url\">\n\t\t\t\t<img decoding=\"async\" src=\"https:\/\/211md.org\/wp-content\/uploads\/bb-plugin\/cache\/2025_MdInfoNet_Icon-Sets_Health-Care-square-dee98a0060cbe0e7f27eda253fc12679-.png\" alt=\"\" onerror=\"this.style.display='none'\" loading=\"lazy\">\n\t\t\t\t<\/a>\n\t<\/figure>\n\t\t<h4><a href=\"\/fr\/ressources\/enfants-familles\/parente\/?utm_source=Home&amp;utm_medium=Referral&amp;utm_campaign=211Resources&amp;utm_content=Kinship\" target=\"_self\">Parent\u00e9<\/a><\/h4><figure itemscope=\"\" itemtype=\"https:\/\/schema.org\/ImageObject\">\n\t\t\t\t<a href=\"\/fr\/ressources\/enfants-familles\/parente\/?utm_source=Home&amp;utm_medium=Referral&amp;utm_campaign=211Resources&amp;utm_content=Kinship\" target=\"_self\" itemprop=\"url\">\n\t\t\t\t<img decoding=\"async\" src=\"https:\/\/211md.org\/wp-content\/uploads\/bb-plugin\/cache\/2025_211_Icon-Sets_Kinship-square-45bdf872866f5735f842c32071109267-.png\" alt=\"Ic\u00f4ne de parent\u00e9\" height=\"417\" width=\"417\" title=\"2025_211_Ensembles d&#039;ic\u00f4nes_Parent\u00e9\" onerror=\"this.style.display='none'\" loading=\"lazy\">\n\t\t\t\t<\/a>\n\t<\/figure>\n\t\t<h4><a href=\"\/fr\/ressources\/services-juridiques\/?utm_source=Home&amp;utm_medium=Referral&amp;utm_campaign=211Resources&amp;utm_content=Legal\" target=\"_self\">Services juridiques<\/a><\/h4><figure itemscope=\"\" itemtype=\"https:\/\/schema.org\/ImageObject\">\n\t\t\t\t<a href=\"\/fr\/ressources\/services-juridiques\/?utm_source=Home&amp;utm_medium=Referral&amp;utm_campaign=211Resources&amp;utm_content=Legal\" target=\"_self\" itemprop=\"url\">\n\t\t\t\t<img decoding=\"async\" src=\"https:\/\/211md.org\/wp-content\/uploads\/bb-plugin\/cache\/2025_MdInfoNet_Icon-Sets_Legal-square-18fdf438feb8435588174d9046463257-.png\" alt=\"\" onerror=\"this.style.display='none'\" loading=\"lazy\">\n\t\t\t\t<\/a>\n\t<\/figure>\n\t\t<h4><a href=\"\/fr\/ressources\/sante-mentale\/?utm_source=Home&amp;utm_medium=Referral&amp;utm_campaign=211Resources&amp;utm_content=Mental\" target=\"_self\">Sant\u00e9 mentale<\/a><\/h4><figure itemscope=\"\" itemtype=\"https:\/\/schema.org\/ImageObject\">\n\t\t\t\t<a href=\"\/fr\/ressources\/sante-mentale\/?utm_source=Home&amp;utm_medium=Referral&amp;utm_campaign=211Resources&amp;utm_content=Mental\" target=\"_self\" itemprop=\"url\">\n\t\t\t\t<img decoding=\"async\" src=\"https:\/\/211md.org\/wp-content\/uploads\/bb-plugin\/cache\/2025_MdInfoNet_Icon-Sets_Mental-Health-square-c59b38c4a993a947d4c9280fbe2d2fee-.png\" alt=\"\" onerror=\"this.style.display='none'\" loading=\"lazy\">\n\t\t\t\t<\/a>\n\t<\/figure>\n\t\t<h4><a href=\"\/fr\/ressources\/mdreentry\/?utm_source=Home&amp;utm_medium=Referral&amp;utm_campaign=211Resources&amp;utm_content=Reentry\" target=\"_self\">Rentr\u00e9e<\/a><\/h4><figure itemscope=\"\" itemtype=\"https:\/\/schema.org\/ImageObject\">\n\t\t\t\t<a href=\"\/fr\/ressources\/mdreentry\/?utm_source=Home&amp;utm_medium=Referral&amp;utm_campaign=211Resources&amp;utm_content=Reentry\" target=\"_self\" itemprop=\"url\">\n\t\t\t\t<img decoding=\"async\" src=\"https:\/\/211md.org\/wp-content\/uploads\/bb-plugin\/cache\/2025_211_Icon-Sets_Reentry-square-8676fea38abd920a832f45642fe31cca-.png\" alt=\"Ic\u00f4ne de rentr\u00e9e\" height=\"417\" width=\"417\" title=\"2025_211_Ensembles d&#039;ic\u00f4nes_R\u00e9entr\u00e9e\" onerror=\"this.style.display='none'\" loading=\"lazy\">\n\t\t\t\t<\/a>\n\t<\/figure>\n\t\t<h4><a href=\"\/fr\/ressources\/consommation-de-substances\/?utm_source=Home&amp;utm_medium=Referral&amp;utm_campaign=211Resources&amp;utm_content=Substance\" target=\"_self\">Consommation de substances<\/a><\/h4><figure itemscope=\"\" itemtype=\"https:\/\/schema.org\/ImageObject\">\n\t\t\t\t<a href=\"\/fr\/ressources\/consommation-de-substances\/?utm_source=Home&amp;utm_medium=Referral&amp;utm_campaign=211Resources&amp;utm_content=Substance\" target=\"_self\" itemprop=\"url\">\n\t\t\t\t<img decoding=\"async\" src=\"https:\/\/211md.org\/wp-content\/uploads\/bb-plugin\/cache\/2025_MdInfoNet_Icon-Sets_Substance-Abuse-square-4f414f085e657267739c181957754f48-.png\" alt=\"Pills for substance Use icon\" title=\"2025_MdInfoNet_Icon-Sets_Substance-Abuse\" onerror=\"this.style.display='none'\" loading=\"lazy\">\n\t\t\t\t<\/a>\n\t<\/figure>\n\t\t<h4><a href=\"\/fr\/ressources\/services-fiscaux\/\" target=\"_self\">Imp\u00f4ts<\/a><\/h4><figure itemscope=\"\" itemtype=\"https:\/\/schema.org\/ImageObject\">\n\t\t\t\t<a href=\"\/fr\/ressources\/services-fiscaux\/\" target=\"_self\" itemprop=\"url\">\n\t\t\t\t<img decoding=\"async\" src=\"https:\/\/211md.org\/wp-content\/uploads\/bb-plugin\/cache\/2025_MdInfoNet_Icon-Sets_Taxes-square-e2aa520919327b1fa037ee92d1164ad1-.png\" alt=\"Piece of paper for blue tax icon\" height=\"417\" width=\"417\" title=\"2025_MdInfoNet_Icon-Sets_Taxes\" onerror=\"this.style.display='none'\" loading=\"lazy\">\n\t\t\t\t<\/a>\n\t<\/figure>\n\t\t<h4><a href=\"\/fr\/ressources\/anciens-combattants\/?utm_source=Home&amp;utm_medium=Referral&amp;utm_campaign=211Resources&amp;utm_content=Veterans\" target=\"_self\">anciens combattants<\/a><\/h4><figure itemscope=\"\" itemtype=\"https:\/\/schema.org\/ImageObject\">\n\t\t\t\t<a href=\"\/fr\/ressources\/anciens-combattants\/?utm_source=Home&amp;utm_medium=Referral&amp;utm_campaign=211Resources&amp;utm_content=Veterans\" target=\"_self\" itemprop=\"url\">\n\t\t\t\t<img decoding=\"async\" src=\"https:\/\/211md.org\/wp-content\/uploads\/bb-plugin\/cache\/2025_MdInfoNet_Icon-Sets_Rating-square-6e60d00cce4faa8e0a6d4ad7366aa733-.png\" alt=\"\" onerror=\"this.style.display='none'\" loading=\"lazy\">\n\t\t\t\t<\/a>\n\t<\/figure>","protected":false},"excerpt":{"rendered":"<p>We&#8217;re making it easy to find go-to community resources in Anne Arundel County. 211&#8217;s guide to Anne Arundel County includes some of the most common resources for basic needs such as food and utility assistance. Or you can get started by searching for resources by ZIP code in 211&#8217;s Community Resource Database. Search for resources&hellip;<\/p>","protected":false},"author":8,"featured_media":0,"parent":750,"menu_order":0,"comment_status":"closed","ping_status":"closed","template":"","meta":{"footnotes":""},"class_list":["post-1696","page","type-page","status-publish","hentry"],"_links":{"self":[{"href":"https:\/\/211md.org\/fr\/wp-json\/wp\/v2\/pages\/1696","targetHints":{"allow":["GET"]}}],"collection":[{"href":"https:\/\/211md.org\/fr\/wp-json\/wp\/v2\/pages"}],"about":[{"href":"https:\/\/211md.org\/fr\/wp-json\/wp\/v2\/types\/page"}],"author":[{"embeddable":true,"href":"https:\/\/211md.org\/fr\/wp-json\/wp\/v2\/users\/8"}],"replies":[{"embeddable":true,"href":"https:\/\/211md.org\/fr\/wp-json\/wp\/v2\/comments?post=1696"}],"version-history":[{"count":7,"href":"https:\/\/211md.org\/fr\/wp-json\/wp\/v2\/pages\/1696\/revisions"}],"predecessor-version":[{"id":34426,"href":"https:\/\/211md.org\/fr\/wp-json\/wp\/v2\/pages\/1696\/revisions\/34426"}],"up":[{"embeddable":true,"href":"https:\/\/211md.org\/fr\/wp-json\/wp\/v2\/pages\/750"}],"wp:attachment":[{"href":"https:\/\/211md.org\/fr\/wp-json\/wp\/v2\/media?parent=1696"}],"curies":[{"name":"wp","href":"https:\/\/api.w.org\/{rel}","templated":true}]}}