{"id":1697,"date":"2021-05-12T00:24:44","date_gmt":"2021-05-12T00:24:44","guid":{"rendered":"https:\/\/211md.org\/?page_id=1697"},"modified":"2026-01-08T09:09:33","modified_gmt":"2026-01-08T14:09:33","slug":"comte-de-howard","status":"publish","type":"page","link":"https:\/\/211md.org\/fr\/resources-by-county\/howard-county\/","title":{"rendered":"Comt\u00e9 d&#039;Howard"},"content":{"rendered":"<img decoding=\"async\" src=\"https:\/\/stg-maryland211-staging.kinsta.cloud\/wp-content\/uploads\/2025\/08\/5-1-scaled.png\" alt=\"5\" itemprop=\"image\" height=\"692\" width=\"2560\" title=\"5\" onerror=\"this.style.display='none'\" loading=\"lazy\" \/>\n\t\t<p>Le 211 est l\u00e0 pour vous, que vous habitiez \u00e0 Columbia, North Laurel, Elkridge, Fulton, Savage, Ellicott City, Woodlawn, Catonsville, MacGills, Clarksville ou ailleurs dans le comt\u00e9 de Howard. Trouvez les meilleures ressources communautaires du comt\u00e9 de Howard.<\/p>\n\t\t\t<a href=\"#start\" target=\"_self\">\n\t\t\t\t\t\tCommencer\n\t\t\t\t\t<\/a>\n\t\t\t\t<img decoding=\"async\" src=\"https:\/\/211md.org\/wp-content\/plugins\/bb-plugin\/img\/pixel.png\" alt=\"\" itemprop=\"image\" onerror=\"this.style.display='none'\" loading=\"lazy\" \/>\n\t\t\t\t<img decoding=\"async\" src=\"https:\/\/stg-maryland211-staging.kinsta.cloud\/wp-content\/uploads\/2025\/08\/16.png\" alt=\"16\" itemprop=\"image\" height=\"1000\" width=\"1000\" title=\"16\" onerror=\"this.style.display='none'\" loading=\"lazy\" \/>\n\t<iframe src=\"https:\/\/www.google.com\/maps\/embed\/v1\/place?q=9385+Gerwig+Lane%2C+Suite+J+%0AColumbia%2C+Maryland+21046&#038;key=AIzaSyD09zQ9PNDNNy9TadMuzRV_UsPUoWKntt8\" aria-hidden=\"true\" title=\"Banque alimentaire du comt\u00e9 de Howard\"><\/iframe>\n\t<h2><b>Banque alimentaire du comt\u00e9 de Howard<\/b><\/h2>\n<p>Do you need food? The Howard County Food Bank located at 9385 Gerwig Lane, Suite J in Columbia, Maryland offers a grocery store layout where eligible individuals and families can choose the foods they&#8217;d like.<\/p>\n<p>La s\u00e9lection comprend\u00a0:<\/p>\n<ul>\n<li>produits frais<\/li>\n<li>laitier<\/li>\n<li>pains<\/li>\n<li>produits de boulangerie<\/li>\n<li>viande congel\u00e9e<\/li>\n<li>aliments en bo\u00eete<\/li>\n<li>couches<\/li>\n<li>lingettes<\/li>\n<li>nourriture pour b\u00e9b\u00e9s<\/li>\n<li>formule<\/li>\n<\/ul>\n<p>Shopping hours are Tuesday through Saturday. Walk-ins are welcome during the week, and it&#8217;s by appointment only on Saturday. Hours vary, so <a href=\"https:\/\/cac-hc.org\/food-assistance\/\" target=\"_blank\" rel=\"noopener\">v\u00e9rifier les horaires<\/a> pour chaque jour.<\/p>\n<p>Vous pouvez faire vos courses deux fois par mois, mais vous devez fournir des documents pour r\u00e9pondre aux crit\u00e8res d&#039;admissibilit\u00e9 avant de pouvoir recevoir l&#039;aide de la Banque alimentaire. Vous pouvez en savoir plus sur les crit\u00e8res d&#039;admissibilit\u00e9 et <a href=\"https:\/\/cac-hc.org\/food-assistance\/\" target=\"_blank\" rel=\"noopener\">postulez ici<\/a>.<\/p>\n<h3>Autres ressources alimentaires<\/h3>\n<p>Pour trouver d&#039;autres banques alimentaires et ressources dans le comt\u00e9 de Howard, composez le 211 ou consultez notre base de donn\u00e9es.<\/p>\n<p>Vous pouvez \u00e9galement utiliser le <a href=\"https:\/\/www.hclhic.org\/foodmap\" target=\"_blank\" rel=\"noopener\">Carte des connexions alimentaires du comt\u00e9 de Howard<\/a>, y compris les voies de transport.<\/p>\n<p>&nbsp;<\/p>\n<p>&nbsp;<\/p>\n\t<h2>Ressources alimentaires populaires<\/h2>\n<p>Recherchez dans la base de donn\u00e9es des ressources communautaires les organismes \u00e0 proximit\u00e9 qui peuvent apporter une aide alimentaire. Voici quelques recherches courantes pour commencer. Cliquez sur le bouton ci-dessous correspondant \u00e0 votre besoin, puis saisissez un code postal sur la page de r\u00e9sultats pour trouver les organismes \u00e0 proximit\u00e9.<\/p>\n\t\t\t<a href=\"https:\/\/search.211md.org\/search?query=BD-1800.2250&#038;query_label=Food+vouchers&#038;query_type=taxonomy&#038;utm_source=211&#038;utm_medium=Referral&#038;utm_campaign=Foodlink&#038;utm_content=Food%20Vouchers\" target=\"_blank\" rel=\"noopener\">\n\t\t\t\t\t\tBons alimentaires\n\t\t\t\t\t<\/a>\n\t\t\t<a href=\"https:\/\/search.211md.org\/search?query=Food+Banks+%26+Pantries&#038;query_label=Food+Banks+%26+Pantries&#038;query_type=taxonomy\" target=\"_blank\" rel=\"noopener\">\n\t\t\t\t\t\tBanque alimentaire\n\t\t\t\t\t<\/a>\n\t\t\t<a href=\"https:\/\/search.211md.org\/search?query=BD-1800.2250&#038;query_type=taxonomy&#038;query_label=&#038;utm_source=&#038;utm_medium=Referral&#038;utm_campaign=Foodlink&#038;utm_content=Fresh%20Food\" target=\"_blank\" rel=\"noopener\">\n\t\t\t\t\t\tNourriture fra\u00eeche\n\t\t\t\t\t<\/a>\n\t\t\t<a href=\"https:\/\/search.211md.org\/search?query=BD-1800.8200-250&#038;query_label=Formula%2FBaby+Food&#038;query_type=taxonomy&#038;utm_source=&#038;utm_medium=Referral&#038;utm_campaign=Foodlink&#038;utm_content=Baby%20Formula\" target=\"_blank\" rel=\"noopener\">\n\t\t\t\t\t\tFormule\/aliments pour b\u00e9b\u00e9s\n\t\t\t\t\t<\/a>\n\t\t\t<a href=\"https:\/\/search.211md.org\/search?query=BD-2400.2590&#038;query_type=taxonomy&#038;query_label=&#038;utm_source=&#038;utm_medium=Referral&#038;utm_campaign=Foodlink&#038;utm_content=Grocery%20Delivery\" target=\"_blank\" rel=\"noopener\">\n\t\t\t\t\t\tLivraison d&#039;\u00e9picerie\n\t\t\t\t\t<\/a>\n\t\t\t<a href=\"https:\/\/search.211md.org\/search?query=food+pantry&#038;query_label=food+pantry&#038;query_type=text\" target=\"_blank\" rel=\"noopener\">\n\t\t\t\t\t\tGarde-manger\n\t\t\t\t\t<\/a>\n<h2>Logement dans le comt\u00e9 de Howard<\/h2>\n<p>Si vous avez besoin d&#039;aide pour vous loger, le <a href=\"https:\/\/cac-hc.org\/housing-assistance\/\" target=\"_blank\" rel=\"noopener\">Conseil d&#039;action communautaire (CAC) du comt\u00e9 de Howard<\/a> accorde des subventions \u00e0 :<\/p>\n<ul>\n<li>emp\u00eacher l&#039;expulsion<\/li>\n<li>aide au paiement du premier mois de loyer ou d&#039;un mois de retard<\/li>\n<li>autres besoins d&#039;urgence en mati\u00e8re de logement<\/li>\n<\/ul>\n<p>Le financement est tr\u00e8s limit\u00e9, vous devez donc r\u00e9pondre \u00e0 toutes les exigences du programme. Vous pouvez <a href=\"https:\/\/cac-hc.org\/housing-assistance\/\" target=\"_blank\" rel=\"noopener\">r\u00e9pondre \u00e0 une s\u00e9rie de questions<\/a> pour voir si vous \u00eates admissible. En raison des fonds limit\u00e9s, vous devez envoyer tous les documents sp\u00e9cifiques au programme pour d\u00e9marrer le processus.<\/p>\n<h3>Centre de jour Laurel<\/h3>\n<p>Bien qu&#039;ils ne se trouvent pas dans le comt\u00e9 de Howard, les r\u00e9sidents sont \u00e9ligibles pour acc\u00e9der aux services du <a href=\"https:\/\/laurelmsc.org\/\" target=\"_blank\" rel=\"noopener\">Centre multiservices de la ville de Laurel<\/a>Un centre de jour r\u00e9pond aux besoins essentiels pour pr\u00e9venir le sans-abrisme et accompagner les personnes en transition de vie. Douches, produits d&#039;hygi\u00e8ne, v\u00eatements et nourriture sont disponibles, ainsi que des liens vers d&#039;autres ressources communautaires.<\/p>\n<p>&nbsp;<\/p>\n<h2><b>Factures de services publics<\/b><\/h2>\n<p>Si votre facture de services publics est en souffrance, vous pourriez avoir droit \u00e0 une aide du Bureau des programmes \u00e9nerg\u00e9tiques domestiques (OHEP). <a href=\"https:\/\/211md.org\/fr\/ressources\/assistance-utilitaire\/\">Apprendre<\/a> sur les directives en mati\u00e8re de revenus, les types de subventions d&#039;aide aux services publics disponibles pour les r\u00e9sidents du comt\u00e9 de Howard et comment remplir la demande.<\/p>\n<p>Si vous avez besoin d&#039;aide avec l&#039;application, vous pouvez <a href=\"https:\/\/cac-hc.org\/energy-assistance\/\" target=\"_blank\" rel=\"noopener\">contacter le Conseil d&#039;action communautaire<\/a> en Colombie.<\/p>\n<p>&nbsp;<\/p>\n<h2><b>Sant\u00e9 mentale<\/b><\/h2>\n<p>Il existe plusieurs organisations dans le comt\u00e9 de Howard offrant une aide en mati\u00e8re de sant\u00e9 mentale, notamment <strong><a href=\"https:\/\/grassrootscrisis.org\/services\/crisis-intervention\/\" target=\"_blank\" rel=\"noopener\">Intervention de crise \u00e0 la base<\/a><\/strong><strong>.<\/strong> Ils proposent un programme de conseil gratuit sans rendez-vous pour toute personne ayant besoin d&#039;un soutien imm\u00e9diat ou d&#039;une intervention en cas de crise en mati\u00e8re de sant\u00e9 mentale, personnelle, situationnelle ou familiale.<\/p>\n<p>Ils effectuent \u00e9galement un d\u00e9pistage des troubles li\u00e9s \u00e0 l&#039;usage de substances sur le site de Columbia Grassroots.<\/p>\n<p>Vous pouvez \u00e9galement toujours joindre un conseiller en cas de crise en appelant ou en envoyant un SMS au 988.<\/p>\n<p>Si vous avez besoin d&#039;un prestataire de sant\u00e9 comportementale, <a href=\"https:\/\/search.988.mdinfonet.org\/\" target=\"_blank\" rel=\"noopener\">rechercher un fournisseur<\/a>.<\/p>\n<p>&nbsp;<\/p>\n\t\t<h4><a href=\"\/fr\/ressources\/vieillissement-handicap\/?utm_source=Home&#038;utm_medium=Referral&#038;utm_campaign=211Resources&#038;utm_content=Aging\" target=\"_self\">Vieillissement &amp; Handicap<\/a><\/h4>\n\t\t\t\t<a href=\"\/fr\/ressources\/vieillissement-handicap\/?utm_source=Home&#038;utm_medium=Referral&#038;utm_campaign=211Resources&#038;utm_content=Aging\"  target=\"_self\" itemprop=\"url\">\n\t\t\t\t<img decoding=\"async\" src=\"https:\/\/211md.org\/wp-content\/uploads\/bb-plugin\/cache\/2025_MdInfoNet_Icon-Sets_Aging-disability-square-c466727102cae71e5f27b8539bb51945-.png\" alt=\"\" itemprop=\"image\" onerror=\"this.style.display='none'\" loading=\"lazy\" \/>\n\t\t\t\t<\/a>\n\t\t<h4><a href=\"\/fr\/ressources\/enfants-familles\/?utm_source=Home&#038;utm_medium=Referral&#038;utm_campaign=211Resources&#038;utm_content=Children\" target=\"_self\">Enfants et familles<\/a><\/h4>\n\t\t\t\t<a href=\"\/fr\/ressources\/enfants-familles\/?utm_source=Home&#038;utm_medium=Referral&#038;utm_campaign=211Resources&#038;utm_content=Children\"  target=\"_self\" itemprop=\"url\">\n\t\t\t\t<img decoding=\"async\" src=\"https:\/\/211md.org\/wp-content\/uploads\/bb-plugin\/cache\/2025_211_Icon-Sets_Child-care-square-f3b0d4edab3dcc467fadb5f55f4064c6-.png\" alt=\"parent and child icon for child care\" itemprop=\"image\" height=\"417\" width=\"417\" title=\"2025_211_Ensembles d&#039;ic\u00f4nes_Garde d&#039;enfants\" onerror=\"this.style.display='none'\" loading=\"lazy\" \/>\n\t\t\t\t<\/a>\n\t\t<h4><a href=\"\/fr\/ressources\/violence-familiale-domestique\/?utm_source=Home&#038;utm_medium=Referral&#038;utm_campaign=211Resources&#038;utm_content=Domestic\" target=\"_self\">Violence Domestique<\/a><\/h4>\n\t\t\t\t<a href=\"\/fr\/ressources\/violence-familiale-domestique\/?utm_source=Home&#038;utm_medium=Referral&#038;utm_campaign=211Resources&#038;utm_content=Domestic\"  target=\"_self\" itemprop=\"url\">\n\t\t\t\t<img decoding=\"async\" src=\"https:\/\/211md.org\/wp-content\/uploads\/bb-plugin\/cache\/2025_211_Icon-Sets_Domestic-Violence-square-7b597694a6f05fe90cdc376aa573bc63-.png\" alt=\"House with a heart in the middle icon\" itemprop=\"image\" height=\"417\" width=\"417\" title=\"2025_211_Ensembles d&#039;ic\u00f4nes_Violence domestique\" onerror=\"this.style.display='none'\" loading=\"lazy\" \/>\n\t\t\t\t<\/a>\n\t\t<h4><a href=\"\/fr\/ressources\/recherche-demploi\/?utm_source=Home&#038;utm_medium=Referral&#038;utm_campaign=211Resources&#038;utm_content=Employment\" target=\"_self\">Emploi<\/a><\/h4>\n\t\t\t\t<a href=\"\/fr\/ressources\/recherche-demploi\/?utm_source=Home&#038;utm_medium=Referral&#038;utm_campaign=211Resources&#038;utm_content=Employment\"  target=\"_self\" itemprop=\"url\">\n\t\t\t\t<img decoding=\"async\" src=\"https:\/\/211md.org\/wp-content\/uploads\/bb-plugin\/cache\/2025_MdInfoNet_Icon-Sets_Employment-square-44707bd410e4df10a470bf130ebcea86-.png\" alt=\"\" itemprop=\"image\" onerror=\"this.style.display='none'\" loading=\"lazy\" \/>\n\t\t\t\t<\/a>\n\t\t<h4><a href=\"\/fr\/ressources\/soins-de-sante\/?utm_source=Home&#038;utm_medium=Referral&#038;utm_campaign=211Resources&#038;utm_content=Health%20Care\" target=\"_self\">Soins de sant\u00e9<\/a><\/h4>\n\t\t\t\t<a href=\"\/fr\/ressources\/soins-de-sante\/?utm_source=Home&#038;utm_medium=Referral&#038;utm_campaign=211Resources&#038;utm_content=Health%20Care\"  target=\"_self\" itemprop=\"url\">\n\t\t\t\t<img decoding=\"async\" src=\"https:\/\/211md.org\/wp-content\/uploads\/bb-plugin\/cache\/2025_MdInfoNet_Icon-Sets_Health-Care-square-dee98a0060cbe0e7f27eda253fc12679-.png\" alt=\"\" itemprop=\"image\" onerror=\"this.style.display='none'\" loading=\"lazy\" \/>\n\t\t\t\t<\/a>\n\t\t<h4><a href=\"\/fr\/ressources\/enfants-familles\/parente\/?utm_source=Home&#038;utm_medium=Referral&#038;utm_campaign=211Resources&#038;utm_content=Kinship\" target=\"_self\">Parent\u00e9<\/a><\/h4>\n\t\t\t\t<a href=\"\/fr\/ressources\/enfants-familles\/parente\/?utm_source=Home&#038;utm_medium=Referral&#038;utm_campaign=211Resources&#038;utm_content=Kinship\"  target=\"_self\" itemprop=\"url\">\n\t\t\t\t<img decoding=\"async\" src=\"https:\/\/211md.org\/wp-content\/uploads\/bb-plugin\/cache\/2025_211_Icon-Sets_Kinship-square-45bdf872866f5735f842c32071109267-.png\" alt=\"Ic\u00f4ne de parent\u00e9\" itemprop=\"image\" height=\"417\" width=\"417\" title=\"2025_211_Ensembles d&#039;ic\u00f4nes_Parent\u00e9\" onerror=\"this.style.display='none'\" loading=\"lazy\" \/>\n\t\t\t\t<\/a>\n\t\t<h4><a href=\"\/fr\/ressources\/services-juridiques\/?utm_source=Home&#038;utm_medium=Referral&#038;utm_campaign=211Resources&#038;utm_content=Legal\" target=\"_self\">Services juridiques<\/a><\/h4>\n\t\t\t\t<a href=\"\/fr\/ressources\/services-juridiques\/?utm_source=Home&#038;utm_medium=Referral&#038;utm_campaign=211Resources&#038;utm_content=Legal\"  target=\"_self\" itemprop=\"url\">\n\t\t\t\t<img decoding=\"async\" src=\"https:\/\/211md.org\/wp-content\/uploads\/bb-plugin\/cache\/2025_MdInfoNet_Icon-Sets_Legal-square-18fdf438feb8435588174d9046463257-.png\" alt=\"\" itemprop=\"image\" onerror=\"this.style.display='none'\" loading=\"lazy\" \/>\n\t\t\t\t<\/a>\n\t\t<h4><a href=\"\/fr\/ressources\/sante-mentale\/?utm_source=Home&#038;utm_medium=Referral&#038;utm_campaign=211Resources&#038;utm_content=Mental\" target=\"_self\">Sant\u00e9 mentale<\/a><\/h4>\n\t\t\t\t<a href=\"\/fr\/ressources\/sante-mentale\/?utm_source=Home&#038;utm_medium=Referral&#038;utm_campaign=211Resources&#038;utm_content=Mental\"  target=\"_self\" itemprop=\"url\">\n\t\t\t\t<img decoding=\"async\" src=\"https:\/\/211md.org\/wp-content\/uploads\/bb-plugin\/cache\/2025_MdInfoNet_Icon-Sets_Mental-Health-square-c59b38c4a993a947d4c9280fbe2d2fee-.png\" alt=\"\" itemprop=\"image\" onerror=\"this.style.display='none'\" loading=\"lazy\" \/>\n\t\t\t\t<\/a>\n\t\t<h4><a href=\"\/fr\/ressources\/mdreentry\/?utm_source=Home&#038;utm_medium=Referral&#038;utm_campaign=211Resources&#038;utm_content=Reentry\" target=\"_self\">Rentr\u00e9e<\/a><\/h4>\n\t\t\t\t<a href=\"\/fr\/ressources\/mdreentry\/?utm_source=Home&#038;utm_medium=Referral&#038;utm_campaign=211Resources&#038;utm_content=Reentry\"  target=\"_self\" itemprop=\"url\">\n\t\t\t\t<img decoding=\"async\" src=\"https:\/\/211md.org\/wp-content\/uploads\/bb-plugin\/cache\/2025_211_Icon-Sets_Reentry-square-8676fea38abd920a832f45642fe31cca-.png\" alt=\"Ic\u00f4ne de rentr\u00e9e\" itemprop=\"image\" height=\"417\" width=\"417\" title=\"2025_211_Ensembles d&#039;ic\u00f4nes_R\u00e9entr\u00e9e\" onerror=\"this.style.display='none'\" loading=\"lazy\" \/>\n\t\t\t\t<\/a>\n\t\t<h4><a href=\"\/fr\/ressources\/consommation-de-substances\/?utm_source=Home&#038;utm_medium=Referral&#038;utm_campaign=211Resources&#038;utm_content=Substance\" target=\"_self\">Consommation de substances<\/a><\/h4>\n\t\t\t\t<a href=\"\/fr\/ressources\/consommation-de-substances\/?utm_source=Home&#038;utm_medium=Referral&#038;utm_campaign=211Resources&#038;utm_content=Substance\"  target=\"_self\" itemprop=\"url\">\n\t\t\t\t<img decoding=\"async\" src=\"https:\/\/211md.org\/wp-content\/uploads\/bb-plugin\/cache\/2025_MdInfoNet_Icon-Sets_Substance-Abuse-square-9022fec9d18a64118ad685c101885b55-.png\" alt=\"\" itemprop=\"image\" onerror=\"this.style.display='none'\" loading=\"lazy\" \/>\n\t\t\t\t<\/a>\n\t\t<h4><a href=\"\/fr\/ressources\/anciens-combattants\/?utm_source=Home&#038;utm_medium=Referral&#038;utm_campaign=211Resources&#038;utm_content=Veterans\" target=\"_self\">anciens combattants<\/a><\/h4>\n\t\t\t\t<a href=\"\/fr\/ressources\/anciens-combattants\/?utm_source=Home&#038;utm_medium=Referral&#038;utm_campaign=211Resources&#038;utm_content=Veterans\"  target=\"_self\" itemprop=\"url\">\n\t\t\t\t<img decoding=\"async\" src=\"https:\/\/211md.org\/wp-content\/uploads\/bb-plugin\/cache\/2025_MdInfoNet_Icon-Sets_Rating-square-6e60d00cce4faa8e0a6d4ad7366aa733-.png\" alt=\"\" itemprop=\"image\" onerror=\"this.style.display='none'\" loading=\"lazy\" \/>\n\t\t\t\t<\/a>","protected":false},"excerpt":{"rendered":"<p>211 has you covered whether you live in Columbia, North Laurel, Elkridge, Fulton, Savage, Ellicott City, Woodlawn, Catonsville, MacGills, Clarksville, or another area of Howard County. Find top community resources for Howard County. Get Started Howard County Food Bank Do you need food? The Howard County Food Bank located at 9385 Gerwig Lane, Suite J&hellip;<\/p>","protected":false},"author":8,"featured_media":0,"parent":750,"menu_order":0,"comment_status":"closed","ping_status":"closed","template":"","meta":{"footnotes":""},"class_list":["post-1697","page","type-page","status-publish","hentry"],"_links":{"self":[{"href":"https:\/\/211md.org\/fr\/wp-json\/wp\/v2\/pages\/1697","targetHints":{"allow":["GET"]}}],"collection":[{"href":"https:\/\/211md.org\/fr\/wp-json\/wp\/v2\/pages"}],"about":[{"href":"https:\/\/211md.org\/fr\/wp-json\/wp\/v2\/types\/page"}],"author":[{"embeddable":true,"href":"https:\/\/211md.org\/fr\/wp-json\/wp\/v2\/users\/8"}],"replies":[{"embeddable":true,"href":"https:\/\/211md.org\/fr\/wp-json\/wp\/v2\/comments?post=1697"}],"version-history":[{"count":5,"href":"https:\/\/211md.org\/fr\/wp-json\/wp\/v2\/pages\/1697\/revisions"}],"predecessor-version":[{"id":34183,"href":"https:\/\/211md.org\/fr\/wp-json\/wp\/v2\/pages\/1697\/revisions\/34183"}],"up":[{"embeddable":true,"href":"https:\/\/211md.org\/fr\/wp-json\/wp\/v2\/pages\/750"}],"wp:attachment":[{"href":"https:\/\/211md.org\/fr\/wp-json\/wp\/v2\/media?parent=1697"}],"curies":[{"name":"wp","href":"https:\/\/api.w.org\/{rel}","templated":true}]}}