{"id":1698,"date":"2021-05-12T00:24:53","date_gmt":"2021-05-12T00:24:53","guid":{"rendered":"https:\/\/211md.org\/?page_id=1698"},"modified":"2025-10-29T06:59:26","modified_gmt":"2025-10-29T10:59:26","slug":"comte-de-cecil","status":"publish","type":"page","link":"https:\/\/211md.org\/fr\/resources-by-county\/cecil-county\/","title":{"rendered":"Comt\u00e9 de Cecil"},"content":{"rendered":"<h2><a href=\"https:\/\/search.211md.org\/\" target=\"_blank\"  rel=\"noopener\">Trouver des ressources pr\u00e8s de chez moi<\/a><\/h2>\n\t\t\t<a href=\"https:\/\/search.211md.org\/\" target=\"_blank\" rel=\"noopener\">\n\t\t\t\t\t\t\tRechercher maintenant\n\t\t\t<\/a>\n\t<p><strong><a href=\"\/fr\/rejoignez-notre-base-de-donnees\/\">Ajoutez votre agence ou organisation \u00e0 notre base de donn\u00e9es de ressources.<\/a><\/strong><\/p>\n\t<p>Vous cherchez de l&#039;aide pour payer vos factures ? Le 211 peut vous aider \u00e0 trouver des ressources dans le comt\u00e9 de Cecil pour les services publics, la nourriture, le logement et plus encore.<\/p>\n<p>Vous pouvez trouver de l&#039;aide par\u00a0:<\/p>\n<ol>\n<li><a href=\"https:\/\/search.211md.org\/\" target=\"_blank\" rel=\"noopener\">Recherche dans la base de donn\u00e9es 211<\/a>.<\/li>\n<li>Appeler une agence r\u00e9pertori\u00e9e ci-dessous.<\/li>\n<li>Composez le 211 pour parler \u00e0 un sp\u00e9cialiste de l\u2019information et de l\u2019orientation qui pourra trouver la meilleure ressource pour votre situation.<\/li>\n<\/ol>\n<p>Le 211 offre une aide 24 heures sur 24, 7 jours sur 7, 365 jours par an.<\/p>\n\t\t<h2>\t\n\tComposez le 211<\/h2><p>Connectez-vous aux ressources communautaires et b\u00e9n\u00e9ficiez d&#039;une assistance 24 heures sur 24, 7 jours sur 7 et 365 jours par an.<\/p>\n<p>&nbsp;<\/p>\n<h2>Trouver de la nourriture<\/h2>\n<p>Si vous avez besoin d&#039;aide pour manger, le\u00a0<a href=\"https:\/\/search.211md.org\/search\/f1739f03a3f803f384052723112e26cc\" target=\"_blank\" rel=\"noopener\">Sensibilisation \u00e0 l&#039;Immacul\u00e9e Conception<\/a>\u00a0peut \u00eatre une ressource pour vous. 211 Les sp\u00e9cialistes de l&#039;information et de l&#039;orientation orientent les r\u00e9sidents du comt\u00e9 de Cecil vers le garde-manger d&#039;Elkton pour les produits alimentaires p\u00e9rissables et non p\u00e9rissables.<\/p>\n<p>\u00c0 Elkton, le\u00a0<a href=\"https:\/\/www.cecilhelp4u.com\/Help-Center.html\" target=\"_blank\" rel=\"noopener\">Centre d&#039;aide du comt\u00e9 de Cecil<\/a>\u00a0propose \u00e9galement des programmes d&#039;aide d&#039;urgence aux r\u00e9sidents tels que de la nourriture et des v\u00eatements. L&#039;organisation \u00e0 but non lucratif fait partie de la division des services sociaux du d\u00e9partement des services communautaires du comt\u00e9 de Cecil.<\/p>\n<p>Un entretien peut \u00eatre n\u00e9cessaire pour une aide alimentaire. Appelez le 410-996-0260 pour joindre le centre d&#039;aide du comt\u00e9 de Cecil.<\/p>\n<p>&nbsp;<\/p>\n<h2>Soutien \u00e0 la sant\u00e9 mentale et \u00e0 l\u2019abus de substances<\/h2>\n<p>Recherchez-vous des conseils ou un traitement, un soutien au r\u00e9tablissement, une d\u00e9sintoxication, des m\u00e9decins certifi\u00e9s Suboxone, un soutien aux v\u00e9t\u00e9rans, un r\u00e9tablissement de la douleur, un soutien au deuil ou un traitement de la toxicomanie\u00a0?<\/p>\n<p>Les\u00a0<a href=\"https:\/\/www.ccgov.org\/home\/showpublisheddocument?id=21957\" target=\"_blank\" rel=\"noopener\">Centre de r\u00e9cup\u00e9ration d&#039;alcool et de drogues du d\u00e9partement de sant\u00e9 du comt\u00e9 de Cecil<\/a> (ADRC) propose un guide complet des ressources de la communaut\u00e9 pour soutenir votre r\u00e9tablissement et votre bien-\u00eatre. Vous pouvez trouver des prestataires de soutien en mati\u00e8re de sant\u00e9 mentale et de toxicomanie\u00a0:<\/p>\n<ul>\n<li>conseils<\/li>\n<li>traitement de la toxicomanie<\/li>\n<li>soutien \u00e0 la r\u00e9cup\u00e9ration<\/li>\n<li>d\u00e9sintoxication<\/li>\n<li>Centres de traitement m\u00e9dicamenteux<\/li>\n<li>Fournisseurs Vivitrol<\/li>\n<li>M\u00e9decins certifi\u00e9s Suboxone<\/li>\n<li>soutien aux anciens combattants (drogues et alcool)<\/li>\n<li>prestataires de sant\u00e9 mentale<\/li>\n<li>r\u00e9cup\u00e9ration de la douleur<\/li>\n<li>soutien au deuil par suicide<\/li>\n<\/ul>\n<p>Les\u00a0<a href=\"https:\/\/cecilcountyhealth.org\/services\/behavioral-health\/addiction-services\/\" target=\"_blank\" rel=\"noopener\">D\u00e9partement de la sant\u00e9 du comt\u00e9 de Cecil<\/a> propose \u00e9galement une \u00e9ducation, une \u00e9valuation, une intervention et un traitement en mati\u00e8re de toxicomanie. Ces services sont accessibles aux adolescents, aux adultes et \u00e0 leurs familles.<\/p>\n<p>Vous pouvez \u00e9galement <a href=\"https:\/\/search.988.mdinfonet.org\/\" target=\"_blank\" rel=\"noopener\">recherchez dans la base de donn\u00e9es de ressources en sant\u00e9 comportementale la plus compl\u00e8te de l&#039;\u00c9tat<\/a>, qui est aliment\u00e9 par Maryland Information Network.<\/p>\n<h3>R\u00e9\u00e9crivez votre script<\/h3>\n<p>Si vous connaissez quelqu&#039;un qui souffre d&#039;un abus d&#039;opio\u00efdes ou si vous cherchez vous-m\u00eame du soutien,\u00a0<a href=\"https:\/\/www.rewriteyourscript.org\/\" target=\"_blank\" rel=\"noopener\">R\u00e9\u00e9crivez votre script<\/a>\u00a0propose plusieurs ressources pour le traitement, la r\u00e9cup\u00e9ration, les informations sur la r\u00e9ponse aux surdoses et la pr\u00e9vention dans le comt\u00e9 de Cecil.<\/p>\n<p>Trouvez des centres locaux de traitement et de r\u00e9tablissement qui peuvent vous aider, vous ou quelqu&#039;un que vous connaissez, sur la voie du r\u00e9tablissement.<\/p>\n<h3>MDHope<\/h3>\n<p>Vous pouvez \u00e9galement trouver des ressources, de l&#039;assistance et des sites d&#039;\u00e9limination de m\u00e9dicaments sur ordonnance en envoyant un SMS \u00e0 MDHope au 898-211.<\/p>\n<p><em>211 Maryland propose des programmes d&#039;alerte par SMS qui fournissent des informations sur les ressources sp\u00e9cifiques \u00e0 la r\u00e9gion ou fournissent des alertes en cas de catastrophe. Envoyez STOP au m\u00eame num\u00e9ro pour vous d\u00e9sinscrire. Termes SMS complets \u00e0 <a href=\"https:\/\/211md.org\/fr\/sms\/\">https:\/\/211md.org\/sms\/<\/a> s&#039;appliquera \u00e9galement.<\/em><\/p>\n<p><a href=\"\/fr\/about\/des-messages-texte\/md-espoir\/\" rel=\"noopener\">MDHope<\/a>\u00a0est un programme du 211 Maryland et de la Rx Abuse Leadership Initiative (RALI) du Maryland.<\/p>\n<p>&nbsp;<\/p>\n<h3><b>Rechercher de l&#039;aide par cat\u00e9gorie<\/b><\/h3>\n<p>Cherchez-vous de l&#039;aide pour une autre situation? <a href=\"\/fr\/ressources\/\">Recherchez dans la base de donn\u00e9es 211.<\/a><\/p>\n\t\t<h4><a href=\"\/fr\/ressources\/vieillissement-handicap\/?utm_source=Home&#038;utm_medium=Referral&#038;utm_campaign=211Resources&#038;utm_content=Aging\" target=\"_self\">Vieillissement &amp; Handicap<\/a><\/h4>\n\t\t\t\t<a href=\"\/fr\/ressources\/vieillissement-handicap\/?utm_source=Home&#038;utm_medium=Referral&#038;utm_campaign=211Resources&#038;utm_content=Aging\"  target=\"_self\" itemprop=\"url\">\n\t\t\t\t<img decoding=\"async\" src=\"https:\/\/211md.org\/wp-content\/uploads\/bb-plugin\/cache\/2025_MdInfoNet_Icon-Sets_Aging-disability-square-c466727102cae71e5f27b8539bb51945-.png\" alt=\"\" itemprop=\"image\" onerror=\"this.style.display='none'\" loading=\"lazy\" \/>\n\t\t\t\t<\/a>\n\t\t<h4><a href=\"\/fr\/ressources\/enfants-familles\/?utm_source=Home&#038;utm_medium=Referral&#038;utm_campaign=211Resources&#038;utm_content=Children\" target=\"_self\">Enfants et familles<\/a><\/h4>\n\t\t\t\t<a href=\"\/fr\/ressources\/enfants-familles\/?utm_source=Home&#038;utm_medium=Referral&#038;utm_campaign=211Resources&#038;utm_content=Children\"  target=\"_self\" itemprop=\"url\">\n\t\t\t\t<img decoding=\"async\" src=\"https:\/\/211md.org\/wp-content\/uploads\/bb-plugin\/cache\/2025_211_Icon-Sets_Child-care-square-f3b0d4edab3dcc467fadb5f55f4064c6-.png\" alt=\"2025_211_Ensembles d&#039;ic\u00f4nes_Garde d&#039;enfants\" itemprop=\"image\" height=\"417\" width=\"417\" title=\"2025_211_Ensembles d&#039;ic\u00f4nes_Garde d&#039;enfants\" onerror=\"this.style.display='none'\" loading=\"lazy\" \/>\n\t\t\t\t<\/a>\n\t\t<h4><a href=\"\/fr\/ressources\/violence-familiale-domestique\/?utm_source=Home&#038;utm_medium=Referral&#038;utm_campaign=211Resources&#038;utm_content=Domestic\" target=\"_self\">Violence Domestique<\/a><\/h4>\n\t\t\t\t<a href=\"\/fr\/ressources\/violence-familiale-domestique\/?utm_source=Home&#038;utm_medium=Referral&#038;utm_campaign=211Resources&#038;utm_content=Domestic\"  target=\"_self\" itemprop=\"url\">\n\t\t\t\t<img decoding=\"async\" src=\"https:\/\/211md.org\/wp-content\/uploads\/bb-plugin\/cache\/2025_211_Icon-Sets_Domestic-Violence-square-7b597694a6f05fe90cdc376aa573bc63-.png\" alt=\"Ic\u00f4ne de violence domestique\" itemprop=\"image\" height=\"417\" width=\"417\" title=\"2025_211_Ensembles d&#039;ic\u00f4nes_Violence domestique\" onerror=\"this.style.display='none'\" loading=\"lazy\" \/>\n\t\t\t\t<\/a>\n\t\t<h4><a href=\"\/fr\/ressources\/recherche-demploi\/?utm_source=Home&#038;utm_medium=Referral&#038;utm_campaign=211Resources&#038;utm_content=Employment\" target=\"_self\">Emploi<\/a><\/h4>\n\t\t\t\t<a href=\"\/fr\/ressources\/recherche-demploi\/?utm_source=Home&#038;utm_medium=Referral&#038;utm_campaign=211Resources&#038;utm_content=Employment\"  target=\"_self\" itemprop=\"url\">\n\t\t\t\t<img decoding=\"async\" src=\"https:\/\/211md.org\/wp-content\/uploads\/bb-plugin\/cache\/2025_MdInfoNet_Icon-Sets_Employment-square-44707bd410e4df10a470bf130ebcea86-.png\" alt=\"\" itemprop=\"image\" onerror=\"this.style.display='none'\" loading=\"lazy\" \/>\n\t\t\t\t<\/a>\n\t\t<h4><a href=\"\/fr\/ressources\/soins-de-sante\/?utm_source=Home&#038;utm_medium=Referral&#038;utm_campaign=211Resources&#038;utm_content=Health%20Care\" target=\"_self\">Soins de sant\u00e9<\/a><\/h4>\n\t\t\t\t<a href=\"\/fr\/ressources\/soins-de-sante\/?utm_source=Home&#038;utm_medium=Referral&#038;utm_campaign=211Resources&#038;utm_content=Health%20Care\"  target=\"_self\" itemprop=\"url\">\n\t\t\t\t<img decoding=\"async\" src=\"https:\/\/211md.org\/wp-content\/uploads\/bb-plugin\/cache\/2025_MdInfoNet_Icon-Sets_Health-Care-square-dee98a0060cbe0e7f27eda253fc12679-.png\" alt=\"\" itemprop=\"image\" onerror=\"this.style.display='none'\" loading=\"lazy\" \/>\n\t\t\t\t<\/a>\n\t\t<h4><a href=\"\/fr\/ressources\/enfants-familles\/parente\/?utm_source=Home&#038;utm_medium=Referral&#038;utm_campaign=211Resources&#038;utm_content=Kinship\" target=\"_self\">Parent\u00e9<\/a><\/h4>\n\t\t\t\t<a href=\"\/fr\/ressources\/enfants-familles\/parente\/?utm_source=Home&#038;utm_medium=Referral&#038;utm_campaign=211Resources&#038;utm_content=Kinship\"  target=\"_self\" itemprop=\"url\">\n\t\t\t\t<img decoding=\"async\" src=\"https:\/\/211md.org\/wp-content\/uploads\/bb-plugin\/cache\/2025_211_Icon-Sets_Kinship-square-45bdf872866f5735f842c32071109267-.png\" alt=\"Ic\u00f4ne de parent\u00e9\" itemprop=\"image\" height=\"417\" width=\"417\" title=\"2025_211_Ensembles d&#039;ic\u00f4nes_Parent\u00e9\" onerror=\"this.style.display='none'\" loading=\"lazy\" \/>\n\t\t\t\t<\/a>\n\t\t<h4><a href=\"\/fr\/ressources\/services-juridiques\/?utm_source=Home&#038;utm_medium=Referral&#038;utm_campaign=211Resources&#038;utm_content=Legal\" target=\"_self\">Services juridiques<\/a><\/h4>\n\t\t\t\t<a href=\"\/fr\/ressources\/services-juridiques\/?utm_source=Home&#038;utm_medium=Referral&#038;utm_campaign=211Resources&#038;utm_content=Legal\"  target=\"_self\" itemprop=\"url\">\n\t\t\t\t<img decoding=\"async\" src=\"https:\/\/211md.org\/wp-content\/uploads\/bb-plugin\/cache\/2025_MdInfoNet_Icon-Sets_Legal-square-18fdf438feb8435588174d9046463257-.png\" alt=\"\" itemprop=\"image\" onerror=\"this.style.display='none'\" loading=\"lazy\" \/>\n\t\t\t\t<\/a>\n\t\t<h4><a href=\"\/fr\/ressources\/sante-mentale\/?utm_source=Home&#038;utm_medium=Referral&#038;utm_campaign=211Resources&#038;utm_content=Mental\" target=\"_self\">Sant\u00e9 mentale<\/a><\/h4>\n\t\t\t\t<a href=\"\/fr\/ressources\/sante-mentale\/?utm_source=Home&#038;utm_medium=Referral&#038;utm_campaign=211Resources&#038;utm_content=Mental\"  target=\"_self\" itemprop=\"url\">\n\t\t\t\t<img decoding=\"async\" src=\"https:\/\/211md.org\/wp-content\/uploads\/bb-plugin\/cache\/2025_MdInfoNet_Icon-Sets_Mental-Health-square-c59b38c4a993a947d4c9280fbe2d2fee-.png\" alt=\"\" itemprop=\"image\" onerror=\"this.style.display='none'\" loading=\"lazy\" \/>\n\t\t\t\t<\/a>\n\t\t<h4><a href=\"\/fr\/ressources\/mdreentry\/?utm_source=Home&#038;utm_medium=Referral&#038;utm_campaign=211Resources&#038;utm_content=Reentry\" target=\"_self\">Rentr\u00e9e<\/a><\/h4>\n\t\t\t\t<a href=\"\/fr\/ressources\/mdreentry\/?utm_source=Home&#038;utm_medium=Referral&#038;utm_campaign=211Resources&#038;utm_content=Reentry\"  target=\"_self\" itemprop=\"url\">\n\t\t\t\t<img decoding=\"async\" src=\"https:\/\/211md.org\/wp-content\/uploads\/bb-plugin\/cache\/2025_211_Icon-Sets_Reentry-square-8676fea38abd920a832f45642fe31cca-.png\" alt=\"Ic\u00f4ne de rentr\u00e9e\" itemprop=\"image\" height=\"417\" width=\"417\" title=\"2025_211_Ensembles d&#039;ic\u00f4nes_R\u00e9entr\u00e9e\" onerror=\"this.style.display='none'\" loading=\"lazy\" \/>\n\t\t\t\t<\/a>\n\t\t<h4><a href=\"\/fr\/ressources\/consommation-de-substances\/?utm_source=Home&#038;utm_medium=Referral&#038;utm_campaign=211Resources&#038;utm_content=Substance\" target=\"_self\">Consommation de substances<\/a><\/h4>\n\t\t\t\t<a href=\"\/fr\/ressources\/consommation-de-substances\/?utm_source=Home&#038;utm_medium=Referral&#038;utm_campaign=211Resources&#038;utm_content=Substance\"  target=\"_self\" itemprop=\"url\">\n\t\t\t\t<img decoding=\"async\" src=\"https:\/\/211md.org\/wp-content\/uploads\/bb-plugin\/cache\/2025_MdInfoNet_Icon-Sets_Substance-Abuse-square-9022fec9d18a64118ad685c101885b55-.png\" alt=\"\" itemprop=\"image\" onerror=\"this.style.display='none'\" loading=\"lazy\" \/>\n\t\t\t\t<\/a>\n\t\t<h4><a href=\"\/fr\/ressources\/anciens-combattants\/?utm_source=Home&#038;utm_medium=Referral&#038;utm_campaign=211Resources&#038;utm_content=Veterans\" target=\"_self\">anciens combattants<\/a><\/h4>\n\t\t\t\t<a href=\"\/fr\/ressources\/anciens-combattants\/?utm_source=Home&#038;utm_medium=Referral&#038;utm_campaign=211Resources&#038;utm_content=Veterans\"  target=\"_self\" itemprop=\"url\">\n\t\t\t\t<img decoding=\"async\" src=\"https:\/\/211md.org\/wp-content\/uploads\/bb-plugin\/cache\/2025_MdInfoNet_Icon-Sets_Rating-square-6e60d00cce4faa8e0a6d4ad7366aa733-.png\" alt=\"\" itemprop=\"image\" onerror=\"this.style.display='none'\" loading=\"lazy\" \/>\n\t\t\t\t<\/a>","protected":false},"excerpt":{"rendered":"<p>Trouvez des ressources pr\u00e8s de chez vous. Recherchez maintenant. Ajoutez votre agence ou organisation \u00e0 notre base de donn\u00e9es. Besoin d&#039;aide pour payer vos factures\u00a0? Le 211 peut vous aider \u00e0 trouver des ressources dans le comt\u00e9 de Cecil pour les services publics, l&#039;alimentation, le logement et plus encore. Vous pouvez trouver de l&#039;aide\u00a0: en consultant la base de donn\u00e9es du 211\u00a0; en appelant une agence list\u00e9e ci-dessous\u00a0; en composant le 211 pour\u2026<\/p>","protected":false},"author":8,"featured_media":0,"parent":750,"menu_order":0,"comment_status":"closed","ping_status":"closed","template":"","meta":{"footnotes":""},"class_list":["post-1698","page","type-page","status-publish","hentry"],"_links":{"self":[{"href":"https:\/\/211md.org\/fr\/wp-json\/wp\/v2\/pages\/1698","targetHints":{"allow":["GET"]}}],"collection":[{"href":"https:\/\/211md.org\/fr\/wp-json\/wp\/v2\/pages"}],"about":[{"href":"https:\/\/211md.org\/fr\/wp-json\/wp\/v2\/types\/page"}],"author":[{"embeddable":true,"href":"https:\/\/211md.org\/fr\/wp-json\/wp\/v2\/users\/8"}],"replies":[{"embeddable":true,"href":"https:\/\/211md.org\/fr\/wp-json\/wp\/v2\/comments?post=1698"}],"version-history":[{"count":5,"href":"https:\/\/211md.org\/fr\/wp-json\/wp\/v2\/pages\/1698\/revisions"}],"predecessor-version":[{"id":34076,"href":"https:\/\/211md.org\/fr\/wp-json\/wp\/v2\/pages\/1698\/revisions\/34076"}],"up":[{"embeddable":true,"href":"https:\/\/211md.org\/fr\/wp-json\/wp\/v2\/pages\/750"}],"wp:attachment":[{"href":"https:\/\/211md.org\/fr\/wp-json\/wp\/v2\/media?parent=1698"}],"curies":[{"name":"wp","href":"https:\/\/api.w.org\/{rel}","templated":true}]}}