{"id":1701,"date":"2021-05-12T00:25:17","date_gmt":"2021-05-12T00:25:17","guid":{"rendered":"https:\/\/211md.org\/?page_id=1701"},"modified":"2026-01-08T09:38:03","modified_gmt":"2026-01-08T14:38:03","slug":"comte-de-baltimore","status":"publish","type":"page","link":"https:\/\/211md.org\/fr\/resources-by-county\/baltimore-county\/","title":{"rendered":"Comt\u00e9 de Baltimore"},"content":{"rendered":"<h2><a href=\"https:\/\/search.211md.org\/\" target=\"_blank\"  rel=\"noopener\">Trouver des ressources pr\u00e8s de chez moi<\/a><\/h2>\n\t\t\t<a href=\"https:\/\/search.211md.org\/\" target=\"_blank\" rel=\"noopener\">\n\t\t\t\t\t\t\tRechercher maintenant\n\t\t\t<\/a>\n\t<p><strong><a href=\"\/fr\/rejoignez-notre-base-de-donnees\/\">Ajoutez votre agence ou organisation \u00e0 notre base de donn\u00e9es de ressources.<\/a><\/strong><\/p>\n<p>Vous habitez \u00e0 Dundalk, Woodlawn, Gyndon, Worthington, Owings Mills, Towson, Middle River, Milford Mill, Cockeysville ou dans l&#039;une des nombreuses autres communes du comt\u00e9 de Baltimore\u00a0? Nous sommes disponibles 24\u00a0h\/24, 7\u00a0j\/7 et 365\u00a0j\/an. Composez le 211.<\/p>\n<p>211 Maryland facilite la connexion avec des ressources qui peuvent vous aider \u00e0 prosp\u00e9rer.<\/p>\n<h2>Bon de choix de logement<\/h2>\n<p>Si vous avez besoin d&#039;aide pour payer votre loyer, vous pourriez \u00eatre admissible \u00e0 la <a href=\"https:\/\/www.baltimorecountymd.gov\/departments\/housing\/housing-programs\" target=\"_blank\" rel=\"noopener\">Programme de bons de choix de logement (HCV)<\/a>, qui s&#039;appelait autrefois la section 8. Il peut y avoir une liste d&#039;attente. Votre place sur la liste est d\u00e9termin\u00e9e par les donn\u00e9es et l&#039;heure de votre demande.<\/p>\n<p><a href=\"https:\/\/baltimorecounty.myhousing.com\/?abandon=False\" target=\"_blank\" rel=\"noopener\">Demander des listes d&#039;attente de logement dans le comt\u00e9 de Baltimore<\/a>.<\/p>\n<h2><b>Nourriture<\/b><\/h2>\n<p>Si vous avez besoin de nourriture, vous pourrez peut-\u00eatre obtenir de l&#039;aide du <a href=\"https:\/\/www.canconnects.org\/food-pantry\" target=\"_blank\" rel=\"noopener\">Community Assistance Network Community Choice Pantry<\/a>. Le programme d&#039;admissibilit\u00e9 au revenu offre le petit-d\u00e9jeuner, le d\u00e9jeuner, le d\u00eener et deux collations par jour pendant une semaine (7 jours). Si vous \u00eates \u00e9ligible, vous pouvez recevoir des aliments suppl\u00e9mentaires une fois tous les 30 jours.<\/p>\n<p>Vous devez fournir des documents pour demander de l&#039;aide via le garde-manger. Vous pouvez \u00e9galement trouver des programmes alimentaires et un soutien dans le comt\u00e9 de Baltimore, dans le <a href=\"https:\/\/search.211md.org\/\" target=\"_blank\" rel=\"noopener\">base de donn\u00e9es 211<\/a> ou renseignez-vous <a href=\"https:\/\/211md.org\/fr\/ressources\/nourriture\/\">programmes alimentaires comme SNAP disponibles<\/a> aux personnes et aux familles \u00e9ligibles.<\/p>\n<h2><b>Assistance utilitaire<\/b><\/h2>\n<p>Le d\u00e9partement des services sociaux du comt\u00e9 de Baltimore peut \u00e9galement aider les r\u00e9sidents \u00e0 demander une aide \u00e9nerg\u00e9tique. Il existe plusieurs fa\u00e7ons d&#039;obtenir de l&#039;aide : avec une subvention de l&#039;\u00c9tat comme le Maryland Energy Assistance Program (MEAP) de l&#039;Office of Home Energy Programs (OHEP), le Fuel Fund si vous \u00eates un client BG&amp;E ou avec un plan de paiement de votre service public comme BG&amp;E.\u00a0<a href=\"\/fr\/ressources\/assistance-utilitaire\/\" rel=\"noopener\">D\u00e9couvrez toutes vos options pour payer votre facture de services publics<\/a>.<\/p>\n<h2>Pr\u00e9paration des d\u00e9clarations dans le comt\u00e9 de Baltimore<\/h2>\n<p>Vous cherchez de l&#039;aide pour d\u00e9clarer vos imp\u00f4ts ? Dans le comt\u00e9 de Baltimore, vous pouvez obtenir de l&#039;aide de la campagne CASH du Maryland. Ils ont un emplacement \u00e0 Randallstown, Catonsville et Dundalk si vous avez fait $60 000 ou moins. <a href=\"https:\/\/cashmd.org\/baltimore-locations\/\" target=\"_blank\" rel=\"noopener\">Prendre rendez-vous<\/a>t pour obtenir de l&#039;aide avec vos imp\u00f4ts dans le comt\u00e9 de Baltimore.<\/p>\n<p>Vous pouvez \u00e9galement rechercher un fournisseur de pr\u00e9paration de d\u00e9clarations gratuit dans le <a href=\"https:\/\/search.211md.org\/\" target=\"_blank\" rel=\"noopener\">211 base de donn\u00e9es de ressources<\/a>.<\/p>\n<h2>Nouveaux Am\u00e9ricains<\/h2>\n<p>Si vous \u00eates nouveau \u00e0 Baltimore, vous pouvez composer le 211 pour b\u00e9n\u00e9ficier d&#039;une assistance en mati\u00e8re d&#039;immigration centralis\u00e9e. <a href=\"https:\/\/211md.org\/fr\/ressources\/nouveau-aux-etats-unis-et-au-maryland\/\">trouver des ressources<\/a> qui soutiennent les Nouveaux Am\u00e9ricains de l\u2019\u00e9ducation \u00e0 la naturalisation.<\/p>\n<p>Vous pouvez \u00e9galement obtenir un soutien sp\u00e9cifique \u00e0 Baltimore aupr\u00e8s du bureau des affaires d&#039;immigration du maire. Ils ont <a href=\"https:\/\/mima.baltimorecity.gov\/wg\" target=\"_blank\" rel=\"noopener\">ressources par cat\u00e9gorie<\/a> et aussi un <a href=\"https:\/\/mima.baltimorecity.gov\/node\/15969\" target=\"_blank\" rel=\"noopener\">Bienvenue dans le guide de Baltimore,<\/a> disponible en plusieurs langues.<\/p>\n\t\t<h4><a href=\"\/fr\/ressources\/vieillissement-handicap\/?utm_source=Home&#038;utm_medium=Referral&#038;utm_campaign=211Resources&#038;utm_content=Aging\" target=\"_self\">Vieillissement &amp; Handicap<\/a><\/h4>\n\t\t\t\t<a href=\"\/fr\/ressources\/vieillissement-handicap\/?utm_source=Home&#038;utm_medium=Referral&#038;utm_campaign=211Resources&#038;utm_content=Aging\"  target=\"_self\" itemprop=\"url\">\n\t\t\t\t<img decoding=\"async\" src=\"https:\/\/211md.org\/wp-content\/uploads\/bb-plugin\/cache\/2025_MdInfoNet_Icon-Sets_Aging-disability-square-c466727102cae71e5f27b8539bb51945-.png\" alt=\"\" itemprop=\"image\" onerror=\"this.style.display='none'\" loading=\"lazy\" \/>\n\t\t\t\t<\/a>\n\t\t<h4><a href=\"\/fr\/ressources\/enfants-familles\/?utm_source=Home&#038;utm_medium=Referral&#038;utm_campaign=211Resources&#038;utm_content=Children\" target=\"_self\">Enfants et familles<\/a><\/h4>\n\t\t\t\t<a href=\"\/fr\/ressources\/enfants-familles\/?utm_source=Home&#038;utm_medium=Referral&#038;utm_campaign=211Resources&#038;utm_content=Children\"  target=\"_self\" itemprop=\"url\">\n\t\t\t\t<img decoding=\"async\" src=\"https:\/\/211md.org\/wp-content\/uploads\/bb-plugin\/cache\/2025_211_Icon-Sets_Child-care-square-f3b0d4edab3dcc467fadb5f55f4064c6-.png\" alt=\"2025_211_Ensembles d&#039;ic\u00f4nes_Garde d&#039;enfants\" itemprop=\"image\" height=\"417\" width=\"417\" title=\"2025_211_Ensembles d&#039;ic\u00f4nes_Garde d&#039;enfants\" onerror=\"this.style.display='none'\" loading=\"lazy\" \/>\n\t\t\t\t<\/a>\n\t\t<h4><a href=\"\/fr\/ressources\/violence-familiale-domestique\/?utm_source=Home&#038;utm_medium=Referral&#038;utm_campaign=211Resources&#038;utm_content=Domestic\" target=\"_self\">Violence Domestique<\/a><\/h4>\n\t\t\t\t<a href=\"\/fr\/ressources\/violence-familiale-domestique\/?utm_source=Home&#038;utm_medium=Referral&#038;utm_campaign=211Resources&#038;utm_content=Domestic\"  target=\"_self\" itemprop=\"url\">\n\t\t\t\t<img decoding=\"async\" src=\"https:\/\/211md.org\/wp-content\/uploads\/bb-plugin\/cache\/2025_211_Icon-Sets_Domestic-Violence-square-7b597694a6f05fe90cdc376aa573bc63-.png\" alt=\"Ic\u00f4ne de violence domestique\" itemprop=\"image\" height=\"417\" width=\"417\" title=\"2025_211_Ensembles d&#039;ic\u00f4nes_Violence domestique\" onerror=\"this.style.display='none'\" loading=\"lazy\" \/>\n\t\t\t\t<\/a>\n\t\t<h4><a href=\"\/fr\/ressources\/recherche-demploi\/?utm_source=Home&#038;utm_medium=Referral&#038;utm_campaign=211Resources&#038;utm_content=Employment\" target=\"_self\">Emploi<\/a><\/h4>\n\t\t\t\t<a href=\"\/fr\/ressources\/recherche-demploi\/?utm_source=Home&#038;utm_medium=Referral&#038;utm_campaign=211Resources&#038;utm_content=Employment\"  target=\"_self\" itemprop=\"url\">\n\t\t\t\t<img decoding=\"async\" src=\"https:\/\/211md.org\/wp-content\/uploads\/bb-plugin\/cache\/2025_MdInfoNet_Icon-Sets_Employment-square-44707bd410e4df10a470bf130ebcea86-.png\" alt=\"\" itemprop=\"image\" onerror=\"this.style.display='none'\" loading=\"lazy\" \/>\n\t\t\t\t<\/a>\n\t\t<h4><a href=\"\/fr\/ressources\/soins-de-sante\/?utm_source=Home&#038;utm_medium=Referral&#038;utm_campaign=211Resources&#038;utm_content=Health%20Care\" target=\"_self\">Soins de sant\u00e9<\/a><\/h4>\n\t\t\t\t<a href=\"\/fr\/ressources\/soins-de-sante\/?utm_source=Home&#038;utm_medium=Referral&#038;utm_campaign=211Resources&#038;utm_content=Health%20Care\"  target=\"_self\" itemprop=\"url\">\n\t\t\t\t<img decoding=\"async\" src=\"https:\/\/211md.org\/wp-content\/uploads\/bb-plugin\/cache\/2025_MdInfoNet_Icon-Sets_Health-Care-square-dee98a0060cbe0e7f27eda253fc12679-.png\" alt=\"\" itemprop=\"image\" onerror=\"this.style.display='none'\" loading=\"lazy\" \/>\n\t\t\t\t<\/a>\n\t\t<h4><a href=\"\/fr\/ressources\/enfants-familles\/parente\/?utm_source=Home&#038;utm_medium=Referral&#038;utm_campaign=211Resources&#038;utm_content=Kinship\" target=\"_self\">Parent\u00e9<\/a><\/h4>\n\t\t\t\t<a href=\"\/fr\/ressources\/enfants-familles\/parente\/?utm_source=Home&#038;utm_medium=Referral&#038;utm_campaign=211Resources&#038;utm_content=Kinship\"  target=\"_self\" itemprop=\"url\">\n\t\t\t\t<img decoding=\"async\" src=\"https:\/\/211md.org\/wp-content\/uploads\/bb-plugin\/cache\/2025_211_Icon-Sets_Kinship-square-45bdf872866f5735f842c32071109267-.png\" alt=\"Ic\u00f4ne de parent\u00e9\" itemprop=\"image\" height=\"417\" width=\"417\" title=\"2025_211_Ensembles d&#039;ic\u00f4nes_Parent\u00e9\" onerror=\"this.style.display='none'\" loading=\"lazy\" \/>\n\t\t\t\t<\/a>\n\t\t<h4><a href=\"\/fr\/ressources\/services-juridiques\/?utm_source=Home&#038;utm_medium=Referral&#038;utm_campaign=211Resources&#038;utm_content=Legal\" target=\"_self\">Services juridiques<\/a><\/h4>\n\t\t\t\t<a href=\"\/fr\/ressources\/services-juridiques\/?utm_source=Home&#038;utm_medium=Referral&#038;utm_campaign=211Resources&#038;utm_content=Legal\"  target=\"_self\" itemprop=\"url\">\n\t\t\t\t<img decoding=\"async\" src=\"https:\/\/211md.org\/wp-content\/uploads\/bb-plugin\/cache\/2025_MdInfoNet_Icon-Sets_Legal-square-18fdf438feb8435588174d9046463257-.png\" alt=\"\" itemprop=\"image\" onerror=\"this.style.display='none'\" loading=\"lazy\" \/>\n\t\t\t\t<\/a>\n\t\t<h4><a href=\"\/fr\/ressources\/sante-mentale\/?utm_source=Home&#038;utm_medium=Referral&#038;utm_campaign=211Resources&#038;utm_content=Mental\" target=\"_self\">Sant\u00e9 mentale<\/a><\/h4>\n\t\t\t\t<a href=\"\/fr\/ressources\/sante-mentale\/?utm_source=Home&#038;utm_medium=Referral&#038;utm_campaign=211Resources&#038;utm_content=Mental\"  target=\"_self\" itemprop=\"url\">\n\t\t\t\t<img decoding=\"async\" src=\"https:\/\/211md.org\/wp-content\/uploads\/bb-plugin\/cache\/2025_MdInfoNet_Icon-Sets_Mental-Health-square-c59b38c4a993a947d4c9280fbe2d2fee-.png\" alt=\"\" itemprop=\"image\" onerror=\"this.style.display='none'\" loading=\"lazy\" \/>\n\t\t\t\t<\/a>\n\t\t<h4><a href=\"\/fr\/ressources\/mdreentry\/?utm_source=Home&#038;utm_medium=Referral&#038;utm_campaign=211Resources&#038;utm_content=Reentry\" target=\"_self\">Rentr\u00e9e<\/a><\/h4>\n\t\t\t\t<a href=\"\/fr\/ressources\/mdreentry\/?utm_source=Home&#038;utm_medium=Referral&#038;utm_campaign=211Resources&#038;utm_content=Reentry\"  target=\"_self\" itemprop=\"url\">\n\t\t\t\t<img decoding=\"async\" src=\"https:\/\/211md.org\/wp-content\/uploads\/bb-plugin\/cache\/2025_211_Icon-Sets_Reentry-square-8676fea38abd920a832f45642fe31cca-.png\" alt=\"Ic\u00f4ne de rentr\u00e9e\" itemprop=\"image\" height=\"417\" width=\"417\" title=\"2025_211_Ensembles d&#039;ic\u00f4nes_R\u00e9entr\u00e9e\" onerror=\"this.style.display='none'\" loading=\"lazy\" \/>\n\t\t\t\t<\/a>\n\t\t<h4><a href=\"\/fr\/ressources\/consommation-de-substances\/?utm_source=Home&#038;utm_medium=Referral&#038;utm_campaign=211Resources&#038;utm_content=Substance\" target=\"_self\">Consommation de substances<\/a><\/h4>\n\t\t\t\t<a href=\"\/fr\/ressources\/consommation-de-substances\/?utm_source=Home&#038;utm_medium=Referral&#038;utm_campaign=211Resources&#038;utm_content=Substance\"  target=\"_self\" itemprop=\"url\">\n\t\t\t\t<img decoding=\"async\" src=\"https:\/\/211md.org\/wp-content\/uploads\/bb-plugin\/cache\/2025_MdInfoNet_Icon-Sets_Substance-Abuse-square-9022fec9d18a64118ad685c101885b55-.png\" alt=\"\" itemprop=\"image\" onerror=\"this.style.display='none'\" loading=\"lazy\" \/>\n\t\t\t\t<\/a>\n\t\t<h4><a href=\"\/fr\/ressources\/anciens-combattants\/?utm_source=Home&#038;utm_medium=Referral&#038;utm_campaign=211Resources&#038;utm_content=Veterans\" target=\"_self\">anciens combattants<\/a><\/h4>\n\t\t\t\t<a href=\"\/fr\/ressources\/anciens-combattants\/?utm_source=Home&#038;utm_medium=Referral&#038;utm_campaign=211Resources&#038;utm_content=Veterans\"  target=\"_self\" itemprop=\"url\">\n\t\t\t\t<img decoding=\"async\" src=\"https:\/\/211md.org\/wp-content\/uploads\/bb-plugin\/cache\/2025_MdInfoNet_Icon-Sets_Rating-square-6e60d00cce4faa8e0a6d4ad7366aa733-.png\" alt=\"\" itemprop=\"image\" onerror=\"this.style.display='none'\" loading=\"lazy\" \/>\n\t\t\t\t<\/a>","protected":false},"excerpt":{"rendered":"<p>Trouvez des ressources pr\u00e8s de chez vous. Rechercher maintenant. Ajoutez votre agence ou organisation \u00e0 notre base de donn\u00e9es. Habitez-vous \u00e0 Dundalk, Woodlawn, Gyndon, Worthington, Owings Mills, Towson, Middle River, Milford Mill, Cockeysville ou dans l&#039;une des nombreuses autres communes du comt\u00e9 de Baltimore\u00a0? Une aide est disponible 24\u00a0h\/24, 7\u00a0j\/7, 365\u00a0j\/an. Composez le 211. 211 Maryland vous permet de contacter facilement\u2026<\/p>","protected":false},"author":8,"featured_media":33784,"parent":750,"menu_order":0,"comment_status":"closed","ping_status":"closed","template":"","meta":{"footnotes":""},"class_list":["post-1701","page","type-page","status-publish","has-post-thumbnail","hentry"],"_links":{"self":[{"href":"https:\/\/211md.org\/fr\/wp-json\/wp\/v2\/pages\/1701","targetHints":{"allow":["GET"]}}],"collection":[{"href":"https:\/\/211md.org\/fr\/wp-json\/wp\/v2\/pages"}],"about":[{"href":"https:\/\/211md.org\/fr\/wp-json\/wp\/v2\/types\/page"}],"author":[{"embeddable":true,"href":"https:\/\/211md.org\/fr\/wp-json\/wp\/v2\/users\/8"}],"replies":[{"embeddable":true,"href":"https:\/\/211md.org\/fr\/wp-json\/wp\/v2\/comments?post=1701"}],"version-history":[{"count":3,"href":"https:\/\/211md.org\/fr\/wp-json\/wp\/v2\/pages\/1701\/revisions"}],"predecessor-version":[{"id":34073,"href":"https:\/\/211md.org\/fr\/wp-json\/wp\/v2\/pages\/1701\/revisions\/34073"}],"up":[{"embeddable":true,"href":"https:\/\/211md.org\/fr\/wp-json\/wp\/v2\/pages\/750"}],"wp:featuredmedia":[{"embeddable":true,"href":"https:\/\/211md.org\/fr\/wp-json\/wp\/v2\/media\/33784"}],"wp:attachment":[{"href":"https:\/\/211md.org\/fr\/wp-json\/wp\/v2\/media?parent=1701"}],"curies":[{"name":"wp","href":"https:\/\/api.w.org\/{rel}","templated":true}]}}