{"id":1702,"date":"2021-05-12T00:25:25","date_gmt":"2021-05-12T00:25:25","guid":{"rendered":"https:\/\/211md.org\/?page_id=1702"},"modified":"2025-10-29T06:58:36","modified_gmt":"2025-10-29T10:58:36","slug":"comte-de-carroll","status":"publish","type":"page","link":"https:\/\/211md.org\/fr\/resources-by-county\/carroll-county\/","title":{"rendered":"Comt\u00e9 de Carroll"},"content":{"rendered":"<h2><a href=\"https:\/\/search.211md.org\/\" target=\"_blank\"  rel=\"noopener\">Trouver des ressources pr\u00e8s de chez moi<\/a><\/h2>\n\t\t\t<a href=\"https:\/\/search.211md.org\/\" target=\"_blank\" rel=\"noopener\">\n\t\t\t\t\t\t\tRechercher maintenant\n\t\t\t<\/a>\n\t<p><strong><a href=\"\/fr\/rejoignez-notre-base-de-donnees\/\">Ajoutez votre agence ou organisation \u00e0 notre base de donn\u00e9es de ressources.<\/a><\/strong><\/p>\n<p>Dans le comt\u00e9 de Carroll, plusieurs organismes offrent aux r\u00e9sidents une aide financi\u00e8re pour couvrir leurs factures de services publics, leurs frais de logement et pour se nourrir. Certains organismes peuvent \u00e9galement apporter une aide en cas de probl\u00e8mes de sant\u00e9 mentale ou de toxicomanie.<\/p>\n<p>Ce guide de ressources rapide fournit certaines des agences les plus couramment r\u00e9f\u00e9renc\u00e9es dans le comt\u00e9 de Carroll. Il y a plus de 7 000 ressources dans la base de donn\u00e9es 211. Entrez un mot-cl\u00e9 ci-dessus et lancez votre recherche.<\/p>\n<p>Vous pouvez \u00e9galement toujours composer le 211. Un sp\u00e9cialiste des ressources en direct est disponible 24h\/24, 7j\/7 et 365j\/an.<\/p>\n<h3><b>Programmes de services sociaux du comt\u00e9 de Carroll<\/b><\/h3>\n<p>Les sp\u00e9cialistes de l&#039;information et de l&#039;aiguillage orientent g\u00e9n\u00e9ralement les appelants vers le\u00a0<strong><a href=\"https:\/\/hspinc.org\/\" target=\"_blank\" rel=\"noopener\">Programmes de services sociaux du comt\u00e9 de Carroll, Inc<\/a><\/strong><strong>.<\/strong>\u00a0L&#039;organisation \u00e0 but non lucratif offre de l&#039;espoir, du changement et des opportunit\u00e9s.<\/p>\n<p>Les services sociaux proposent plusieurs programmes pour aider ceux qui sont admissibles et ont besoin d&#039;aide pour\u00a0:<\/p>\n<ul>\n<li aria-level=\"1\"><strong><a href=\"https:\/\/hspinc.org\/shelter\/\" target=\"_blank\" rel=\"noopener\">Abri<\/a>\u00a0<\/strong><\/li>\n<li aria-level=\"1\">Expulsion et autres\u00a0<strong><a href=\"https:\/\/hspinc.org\/housing\/\" target=\"_blank\" rel=\"noopener\">besoins en logement<\/a><\/strong><\/li>\n<li aria-level=\"1\"><strong><a href=\"https:\/\/hspinc.org\/homeenergy\/\" target=\"_blank\" rel=\"noopener\">Assistance utilitaire<\/a><\/strong><\/li>\n<li aria-level=\"1\"><a href=\"https:\/\/hspinc.org\/vita\/\" target=\"_blank\" rel=\"noopener\">Imp\u00f4ts<\/a><\/li>\n<li aria-level=\"1\">V\u00eatements<\/li>\n<li aria-level=\"1\">\u00c9ducation financi\u00e8re<\/li>\n<li aria-level=\"1\">D\u00e9veloppement de l&#039;enfant<\/li>\n<\/ul>\n<p>Second Chances Free Store propose du petit \u00e9lectrom\u00e9nager, des d\u00e9corations, des jouets, des v\u00eatements et des meubles. L&#039;accent est mis sur ceux qui quittent leur refuge.\u00a0<strong><a href=\"https:\/\/hspinc.org\/secondchances\/\" target=\"_blank\" rel=\"noopener\">Appelez pour voir si vous \u00eates admissible \u00e0 magasiner<\/a><\/strong>\u00a0et pour prendre rendez-vous.<\/p>\n<p>&nbsp;<\/p>\n<h3><b>B\u00e2ton de berger \u00e0 Westminster<\/b><\/h3>\n<p>Vous pouvez \u00e9galement vous tourner vers\u00a0<strong><a href=\"https:\/\/www.shepstaff.org\/\" target=\"_blank\" rel=\"noopener\">B\u00e2ton de berger<\/a><\/strong>\u00a0pour les besoins essentiels. Il s&#039;agit d&#039;un centre de sensibilisation et de soutien chr\u00e9tien non confessionnel offrant de l&#039;aide aux r\u00e9sidents du comt\u00e9 de Carroll en crise. Le bureau de Westminster se trouve en face de l\u2019\u00e9glise \u00e9vang\u00e9lique luth\u00e9rienne Grace.<\/p>\n<p>Ils offrent \u00e0 la communaut\u00e9 de nombreux programmes, notamment :<\/p>\n<ul>\n<li aria-level=\"1\">Soupe populaire<\/li>\n<li aria-level=\"1\">V\u00eatements<\/li>\n<li aria-level=\"1\">Produits d&#039;hygi\u00e8ne<\/li>\n<li aria-level=\"1\">Aide financi\u00e8re d&#039;urgence<\/li>\n<\/ul>\n<p>L&#039;organisation offre gratuitement des articles m\u00e9nagers essentiels pour l&#039;hygi\u00e8ne et les soins personnels, par l&#039;interm\u00e9diaire de son\u00a0<strong><a href=\"https:\/\/www.shepstaff.org\/services\/blessings-closet\/\" target=\"_blank\" rel=\"noopener\">Placard des b\u00e9n\u00e9dictions<\/a><\/strong><strong>.<\/strong>\u00a0Ces articles peuvent inclure du d\u00e9sinfectant pour les mains, du d\u00e9tergent \u00e0 lessive, des sacs, du papier toilette, du shampoing, du d\u00e9odorant et bien plus encore.<\/p>\n<p>Le b\u00e2ton du berger fournit \u00e9galement\u00a0<strong><a href=\"https:\/\/www.shepstaff.org\/services\/emergency-financial-assistance\/\" target=\"_blank\" rel=\"noopener\">aide financi\u00e8re d&#039;urgence<\/a><\/strong>\u00a0pour les soins de sant\u00e9, le logement et les besoins li\u00e9s au m\u00e9nage, les services publics, le logement temporaire, les soins familiaux, les transports, les fun\u00e9railles, les emplois et autres demandes d&#039;urgence.<\/p>\n<p>&nbsp;<\/p>\n<h3><b>Rechercher de l&#039;aide par cat\u00e9gorie\u00a0<\/b><\/h3>\n<p>Besoin d&#039;aide pour autre chose\u00a0? Composez le 211 ou recherchez d&#039;autres ressources par cat\u00e9gorie.<\/p>\n\t\t<h4><a href=\"\/fr\/ressources\/vieillissement-handicap\/?utm_source=Home&#038;utm_medium=Referral&#038;utm_campaign=211Resources&#038;utm_content=Aging\" target=\"_self\">Vieillissement &amp; Handicap<\/a><\/h4>\n\t\t\t\t<a href=\"\/fr\/ressources\/vieillissement-handicap\/?utm_source=Home&#038;utm_medium=Referral&#038;utm_campaign=211Resources&#038;utm_content=Aging\"  target=\"_self\" itemprop=\"url\">\n\t\t\t\t<img decoding=\"async\" src=\"https:\/\/211md.org\/wp-content\/uploads\/bb-plugin\/cache\/2025_MdInfoNet_Icon-Sets_Aging-disability-square-c466727102cae71e5f27b8539bb51945-.png\" alt=\"\" itemprop=\"image\" onerror=\"this.style.display='none'\" loading=\"lazy\" \/>\n\t\t\t\t<\/a>\n\t\t<h4><a href=\"\/fr\/ressources\/enfants-familles\/?utm_source=Home&#038;utm_medium=Referral&#038;utm_campaign=211Resources&#038;utm_content=Children\" target=\"_self\">Enfants et familles<\/a><\/h4>\n\t\t\t\t<a href=\"\/fr\/ressources\/enfants-familles\/?utm_source=Home&#038;utm_medium=Referral&#038;utm_campaign=211Resources&#038;utm_content=Children\"  target=\"_self\" itemprop=\"url\">\n\t\t\t\t<img decoding=\"async\" src=\"https:\/\/211md.org\/wp-content\/uploads\/bb-plugin\/cache\/2025_211_Icon-Sets_Child-care-square-f3b0d4edab3dcc467fadb5f55f4064c6-.png\" alt=\"2025_211_Ensembles d&#039;ic\u00f4nes_Garde d&#039;enfants\" itemprop=\"image\" height=\"417\" width=\"417\" title=\"2025_211_Ensembles d&#039;ic\u00f4nes_Garde d&#039;enfants\" onerror=\"this.style.display='none'\" loading=\"lazy\" \/>\n\t\t\t\t<\/a>\n\t\t<h4><a href=\"\/fr\/ressources\/violence-familiale-domestique\/?utm_source=Home&#038;utm_medium=Referral&#038;utm_campaign=211Resources&#038;utm_content=Domestic\" target=\"_self\">Violence Domestique<\/a><\/h4>\n\t\t\t\t<a href=\"\/fr\/ressources\/violence-familiale-domestique\/?utm_source=Home&#038;utm_medium=Referral&#038;utm_campaign=211Resources&#038;utm_content=Domestic\"  target=\"_self\" itemprop=\"url\">\n\t\t\t\t<img decoding=\"async\" src=\"https:\/\/211md.org\/wp-content\/uploads\/bb-plugin\/cache\/2025_211_Icon-Sets_Domestic-Violence-square-7b597694a6f05fe90cdc376aa573bc63-.png\" alt=\"Ic\u00f4ne de violence domestique\" itemprop=\"image\" height=\"417\" width=\"417\" title=\"2025_211_Ensembles d&#039;ic\u00f4nes_Violence domestique\" onerror=\"this.style.display='none'\" loading=\"lazy\" \/>\n\t\t\t\t<\/a>\n\t\t<h4><a href=\"\/fr\/ressources\/recherche-demploi\/?utm_source=Home&#038;utm_medium=Referral&#038;utm_campaign=211Resources&#038;utm_content=Employment\" target=\"_self\">Emploi<\/a><\/h4>\n\t\t\t\t<a href=\"\/fr\/ressources\/recherche-demploi\/?utm_source=Home&#038;utm_medium=Referral&#038;utm_campaign=211Resources&#038;utm_content=Employment\"  target=\"_self\" itemprop=\"url\">\n\t\t\t\t<img decoding=\"async\" src=\"https:\/\/211md.org\/wp-content\/uploads\/bb-plugin\/cache\/2025_MdInfoNet_Icon-Sets_Employment-square-44707bd410e4df10a470bf130ebcea86-.png\" alt=\"\" itemprop=\"image\" onerror=\"this.style.display='none'\" loading=\"lazy\" \/>\n\t\t\t\t<\/a>\n\t\t<h4><a href=\"\/fr\/ressources\/soins-de-sante\/?utm_source=Home&#038;utm_medium=Referral&#038;utm_campaign=211Resources&#038;utm_content=Health%20Care\" target=\"_self\">Soins de sant\u00e9<\/a><\/h4>\n\t\t\t\t<a href=\"\/fr\/ressources\/soins-de-sante\/?utm_source=Home&#038;utm_medium=Referral&#038;utm_campaign=211Resources&#038;utm_content=Health%20Care\"  target=\"_self\" itemprop=\"url\">\n\t\t\t\t<img decoding=\"async\" src=\"https:\/\/211md.org\/wp-content\/uploads\/bb-plugin\/cache\/2025_MdInfoNet_Icon-Sets_Health-Care-square-dee98a0060cbe0e7f27eda253fc12679-.png\" alt=\"\" itemprop=\"image\" onerror=\"this.style.display='none'\" loading=\"lazy\" \/>\n\t\t\t\t<\/a>\n\t\t<h4><a href=\"\/fr\/ressources\/enfants-familles\/parente\/?utm_source=Home&#038;utm_medium=Referral&#038;utm_campaign=211Resources&#038;utm_content=Kinship\" target=\"_self\">Parent\u00e9<\/a><\/h4>\n\t\t\t\t<a href=\"\/fr\/ressources\/enfants-familles\/parente\/?utm_source=Home&#038;utm_medium=Referral&#038;utm_campaign=211Resources&#038;utm_content=Kinship\"  target=\"_self\" itemprop=\"url\">\n\t\t\t\t<img decoding=\"async\" src=\"https:\/\/211md.org\/wp-content\/uploads\/bb-plugin\/cache\/2025_211_Icon-Sets_Kinship-square-45bdf872866f5735f842c32071109267-.png\" alt=\"Ic\u00f4ne de parent\u00e9\" itemprop=\"image\" height=\"417\" width=\"417\" title=\"2025_211_Ensembles d&#039;ic\u00f4nes_Parent\u00e9\" onerror=\"this.style.display='none'\" loading=\"lazy\" \/>\n\t\t\t\t<\/a>\n\t\t<h4><a href=\"\/fr\/ressources\/services-juridiques\/?utm_source=Home&#038;utm_medium=Referral&#038;utm_campaign=211Resources&#038;utm_content=Legal\" target=\"_self\">Services juridiques<\/a><\/h4>\n\t\t\t\t<a href=\"\/fr\/ressources\/services-juridiques\/?utm_source=Home&#038;utm_medium=Referral&#038;utm_campaign=211Resources&#038;utm_content=Legal\"  target=\"_self\" itemprop=\"url\">\n\t\t\t\t<img decoding=\"async\" src=\"https:\/\/211md.org\/wp-content\/uploads\/bb-plugin\/cache\/2025_MdInfoNet_Icon-Sets_Legal-square-18fdf438feb8435588174d9046463257-.png\" alt=\"\" itemprop=\"image\" onerror=\"this.style.display='none'\" loading=\"lazy\" \/>\n\t\t\t\t<\/a>\n\t\t<h4><a href=\"\/fr\/ressources\/sante-mentale\/?utm_source=Home&#038;utm_medium=Referral&#038;utm_campaign=211Resources&#038;utm_content=Mental\" target=\"_self\">Sant\u00e9 mentale<\/a><\/h4>\n\t\t\t\t<a href=\"\/fr\/ressources\/sante-mentale\/?utm_source=Home&#038;utm_medium=Referral&#038;utm_campaign=211Resources&#038;utm_content=Mental\"  target=\"_self\" itemprop=\"url\">\n\t\t\t\t<img decoding=\"async\" src=\"https:\/\/211md.org\/wp-content\/uploads\/bb-plugin\/cache\/2025_MdInfoNet_Icon-Sets_Mental-Health-square-c59b38c4a993a947d4c9280fbe2d2fee-.png\" alt=\"\" itemprop=\"image\" onerror=\"this.style.display='none'\" loading=\"lazy\" \/>\n\t\t\t\t<\/a>\n\t\t<h4><a href=\"\/fr\/ressources\/mdreentry\/?utm_source=Home&#038;utm_medium=Referral&#038;utm_campaign=211Resources&#038;utm_content=Reentry\" target=\"_self\">Rentr\u00e9e<\/a><\/h4>\n\t\t\t\t<a href=\"\/fr\/ressources\/mdreentry\/?utm_source=Home&#038;utm_medium=Referral&#038;utm_campaign=211Resources&#038;utm_content=Reentry\"  target=\"_self\" itemprop=\"url\">\n\t\t\t\t<img decoding=\"async\" src=\"https:\/\/211md.org\/wp-content\/uploads\/bb-plugin\/cache\/2025_211_Icon-Sets_Reentry-square-8676fea38abd920a832f45642fe31cca-.png\" alt=\"Ic\u00f4ne de rentr\u00e9e\" itemprop=\"image\" height=\"417\" width=\"417\" title=\"2025_211_Ensembles d&#039;ic\u00f4nes_R\u00e9entr\u00e9e\" onerror=\"this.style.display='none'\" loading=\"lazy\" \/>\n\t\t\t\t<\/a>\n\t\t<h4><a href=\"\/fr\/ressources\/consommation-de-substances\/?utm_source=Home&#038;utm_medium=Referral&#038;utm_campaign=211Resources&#038;utm_content=Substance\" target=\"_self\">Consommation de substances<\/a><\/h4>\n\t\t\t\t<a href=\"\/fr\/ressources\/consommation-de-substances\/?utm_source=Home&#038;utm_medium=Referral&#038;utm_campaign=211Resources&#038;utm_content=Substance\"  target=\"_self\" itemprop=\"url\">\n\t\t\t\t<img decoding=\"async\" src=\"https:\/\/211md.org\/wp-content\/uploads\/bb-plugin\/cache\/2025_MdInfoNet_Icon-Sets_Substance-Abuse-square-9022fec9d18a64118ad685c101885b55-.png\" alt=\"\" itemprop=\"image\" onerror=\"this.style.display='none'\" loading=\"lazy\" \/>\n\t\t\t\t<\/a>\n\t\t<h4><a href=\"\/fr\/ressources\/anciens-combattants\/?utm_source=Home&#038;utm_medium=Referral&#038;utm_campaign=211Resources&#038;utm_content=Veterans\" target=\"_self\">anciens combattants<\/a><\/h4>\n\t\t\t\t<a href=\"\/fr\/ressources\/anciens-combattants\/?utm_source=Home&#038;utm_medium=Referral&#038;utm_campaign=211Resources&#038;utm_content=Veterans\"  target=\"_self\" itemprop=\"url\">\n\t\t\t\t<img decoding=\"async\" src=\"https:\/\/211md.org\/wp-content\/uploads\/bb-plugin\/cache\/2025_MdInfoNet_Icon-Sets_Rating-square-6e60d00cce4faa8e0a6d4ad7366aa733-.png\" alt=\"\" itemprop=\"image\" onerror=\"this.style.display='none'\" loading=\"lazy\" \/>\n\t\t\t\t<\/a>","protected":false},"excerpt":{"rendered":"<p>Trouvez des ressources pr\u00e8s de chez vous. Ajoutez votre agence ou organisation \u00e0 notre base de donn\u00e9es. Dans le comt\u00e9 de Carroll, plusieurs agences offrent aux r\u00e9sidents une aide financi\u00e8re pour couvrir leurs factures de services publics, leurs frais de logement et pour se nourrir. Certaines organisations peuvent \u00e9galement apporter une aide en cas de probl\u00e8mes de sant\u00e9 mentale et de toxicomanie. Ce guide rapide pr\u00e9sente quelques-unes des ressources les plus\u2026<\/p>","protected":false},"author":8,"featured_media":0,"parent":750,"menu_order":0,"comment_status":"closed","ping_status":"closed","template":"","meta":{"footnotes":""},"class_list":["post-1702","page","type-page","status-publish","hentry"],"_links":{"self":[{"href":"https:\/\/211md.org\/fr\/wp-json\/wp\/v2\/pages\/1702","targetHints":{"allow":["GET"]}}],"collection":[{"href":"https:\/\/211md.org\/fr\/wp-json\/wp\/v2\/pages"}],"about":[{"href":"https:\/\/211md.org\/fr\/wp-json\/wp\/v2\/types\/page"}],"author":[{"embeddable":true,"href":"https:\/\/211md.org\/fr\/wp-json\/wp\/v2\/users\/8"}],"replies":[{"embeddable":true,"href":"https:\/\/211md.org\/fr\/wp-json\/wp\/v2\/comments?post=1702"}],"version-history":[{"count":4,"href":"https:\/\/211md.org\/fr\/wp-json\/wp\/v2\/pages\/1702\/revisions"}],"predecessor-version":[{"id":34075,"href":"https:\/\/211md.org\/fr\/wp-json\/wp\/v2\/pages\/1702\/revisions\/34075"}],"up":[{"embeddable":true,"href":"https:\/\/211md.org\/fr\/wp-json\/wp\/v2\/pages\/750"}],"wp:attachment":[{"href":"https:\/\/211md.org\/fr\/wp-json\/wp\/v2\/media?parent=1702"}],"curies":[{"name":"wp","href":"https:\/\/api.w.org\/{rel}","templated":true}]}}