{"id":1703,"date":"2021-05-12T00:25:34","date_gmt":"2021-05-12T00:25:34","guid":{"rendered":"https:\/\/211md.org\/?page_id=1703"},"modified":"2026-02-04T09:38:24","modified_gmt":"2026-02-04T14:38:24","slug":"frederick-county","status":"publish","type":"page","link":"https:\/\/211md.org\/fr\/resources-by-county\/frederick-county\/","title":{"rendered":"Comt\u00e9 de Frederick"},"content":{"rendered":"<h2><a href=\"https:\/\/search.211md.org\/\" target=\"_blank\"  rel=\"noopener\">Trouver des ressources pr\u00e8s de chez moi<\/a><\/h2>\n\t\t\t<a href=\"https:\/\/search.211md.org\/\" target=\"_blank\" rel=\"noopener\">\n\t\t\t\t\t\t\tRechercher maintenant\n\t\t\t<\/a>\n\t<p><strong><a href=\"\/fr\/rejoignez-notre-base-de-donnees\/\">Ajoutez votre agence ou organisation \u00e0 notre base de donn\u00e9es de ressources.<\/a><\/strong><\/p>\n\t<p>Vivez-vous \u00e0 Frederick ou dans l&#039;une des communaut\u00e9s environnantes, notamment Ballenger Creek, Buckeystown, New Market, Mount Airy, Woodsboro, Braddock Heights ou Middletown\u00a0?<\/p>\n<p>Composez le 2-1-1 pour vous connecter aux ressources essentielles.<\/p>\n<p>Vous pouvez \u00e9galement effectuer une recherche dans la base de donn\u00e9es pour trouver des ressources pr\u00e8s de chez vous.<\/p>\n\t\t<h2>\t\n\tAppelez le 2-1-1<\/h2><p>Connectez-vous aux ressources communautaires et b\u00e9n\u00e9ficiez d&#039;une assistance 24 heures sur 24, 7 jours sur 7 et 365 jours par an.<\/p>\n<p>&nbsp;<\/p>\n<h2>Services de sant\u00e9 mentale sans rendez-vous dans le comt\u00e9 de Frederick<\/h2>\n<p>Dans le comt\u00e9 de Frederick, le <strong><a href=\"https:\/\/fcmha.org\/\" target=\"_blank\" rel=\"noopener\">Association pour la sant\u00e9 mentale du comt\u00e9 de Frederick<\/a><\/strong> (MHA) est un centre d&#039;appels 211 offrant une assistance en cas de crise 24\/7\/365.<\/p>\n<p>MHA a une urgence <strong><a href=\"https:\/\/fcmha.org\/how-we-help\/behavioral-health\" target=\"_blank\" rel=\"noopener\">service de sant\u00e9 comportementale sans rendez-vous<\/a><\/strong> \u00e0 Frederick, Maryland, emplacement. Des conseillers sont disponibles 24 heures sur 24 et 7 jours sur 7 pour vous aider en cas de crise de sant\u00e9 mentale, familiale ou relationnelle.<\/p>\nLa clinique sans rendez-vous est situ\u00e9e au :<br \/>\n340, all\u00e9e Montevue<br \/>\nFr\u00e9d\u00e9ric, MD 21702\n<p>Vous pouvez \u00e9galement utiliser leur <a href=\"https:\/\/fcmha.org\/how-we-help\/behavioral-health\/telehealth\/\" target=\"_blank\" rel=\"noopener\">services virtuels sans rendez-vous<\/a>.<\/p>\n<p>Si vous avez besoin d&#039;une aide imm\u00e9diate, vous pouvez \u00e9galement appeler ou envoyer un SMS au 988. Vous pouvez \u00e9galement<a href=\"https:\/\/search.988.mdinfonet.org\/\" target=\"_blank\" rel=\"noopener\"> recherchez la ressource de sant\u00e9 comportementale de l&#039;\u00c9tat<\/a> base de donn\u00e9es, aliment\u00e9e par Maryland Information Network.<\/p>\n<h3>Services de th\u00e9rapie et de conseil<\/h3>\n<p>Des services de th\u00e9rapie et de psychiatrie sont \u00e9galement disponibles moyennant des frais variables. Ils peuvent vous aider avec\u00a0:<\/p>\n<ul>\n<li>probl\u00e8mes de couple\/conjugaux<\/li>\n<li>probl\u00e8mes de comportement des enfants<\/li>\n<li>transitions de vie ou traumatisme<\/li>\n<li>d\u00e9pression<\/li>\n<li>troubles anxieux<\/li>\n<li>col\u00e8re<\/li>\n<li>Trouble d\u2019hyperactivit\u00e9 avec d\u00e9ficit de l\u2019attention (TDAH).<\/li>\n<\/ul>\n<p><strong><a href=\"https:\/\/fcmha.org\/how-we-help\/counseling-services\" target=\"_blank\" rel=\"noopener\">En savoir plus sur ces services de conseil<\/a><\/strong>, et fixer un rendez-vous.<\/p>\n<p>MHA propose \u00e9galement\u00a0<strong><a href=\"https:\/\/fcmha.org\/how-we-help\/support-groups\" target=\"_blank\" rel=\"noopener\">groupes de soutien<\/a><\/strong> pour les familles qui ont perdu un \u00eatre cher par suicide et les survivants du suicide. Tu n&#039;es pas seul. G\u00e9rez le deuil grave, la culpabilit\u00e9, la col\u00e8re, la d\u00e9pression et l&#039;oubli avec un groupe de soutien.<\/p>\n<h2>Aide m\u00e9dicale<\/h2>\n<p>La Coalition religieuse pour les besoins humains d&#039;urgence fournit <a href=\"https:\/\/thereligiouscoalition.org\/need-help\/healthcare-programs\/\" target=\"_blank\" rel=\"noopener\">ordonnance et assistance dentaire<\/a>. Ils aident quelques centaines de personnes chaque ann\u00e9e gr\u00e2ce \u00e0 ces programmes.<\/p>\n<p>Le programme de m\u00e9dicaments sur ordonnance offre une aide aux personnes qui ont besoin d&#039;aide pour payer des m\u00e9dicaments vitaux. Les ordonnances sont ex\u00e9cut\u00e9es dans les pharmacies partenaires.<\/p>\n<h3>Aide dentaire<\/h3>\n<p>Le programme dentaire est disponible pour les r\u00e9sidents du comt\u00e9 de Frederick \u00e2g\u00e9s de 51 ans et plus qui ont besoin d&#039;une aide dentaire d&#039;urgence avec des proc\u00e9dures dentaires simples.<\/p>\n<p>Pour les enfants, il y a une clinique dentaire p\u00e9diatrique au <a href=\"https:\/\/health.frederickcountymd.gov\/264\/Dental-Clinic\" target=\"_blank\" rel=\"noopener\">D\u00e9partement de la sant\u00e9 du comt\u00e9 de Frederick<\/a> pour les enfants non assur\u00e9s ou ceux qui ont une assistance m\u00e9dicale. Les services dentaires sont fournis aux enfants \u00e2g\u00e9s de 1 \u00e0 18 ans, y compris les enfants ayant des besoins sp\u00e9ciaux. Les enfants peuvent obtenir des nettoyages dentaires de routine, des radiographies, du fluorure, des obturations, des scellants et des extractions de routine.<\/p>\n<p>Bien que les adultes ne puissent pas se faire soigner \u00e0 la clinique dentaire du D\u00e9partement de la sant\u00e9, des bons sont fournis pour r\u00e9duire le co\u00fbt des chirurgies dentaires dans les cabinets priv\u00e9s locaux de chirurgiens buccaux.<\/p>\n<p>Si vous n&#039;\u00eates pas admissible \u00e0 l&#039;un de ces programmes dentaires dans le comt\u00e9 de Frederick, vous pouvez \u00e9galement <a href=\"https:\/\/211md.org\/fr\/ressources\/soins-de-sante\/soins-dentaires\/\">en savoir plus sur les autres soins dentaires<\/a> dans le Maryland.<\/p>\n<h3>D\u00e9pistages de soins pr\u00e9ventifs<\/h3>\n<p>La Division des services de sant\u00e9 communautaire du comt\u00e9 de Frederick fournit <a href=\"https:\/\/health.frederickcountymd.gov\/218\/Preventive-Health-Services\" target=\"_blank\" rel=\"noopener\">services de sant\u00e9 pr\u00e9ventifs gratuits<\/a>. Les personnes \u00e9ligibles peuvent obtenir un d\u00e9pistage gratuit du cancer colorectal, du cancer du sein ou du cancer du col de l&#039;ut\u00e9rus. Ils ont aussi un <a href=\"https:\/\/health.frederickcountymd.gov\/499\/Healthy-Hearts-Blood-Pressure-Self-Monit\" target=\"_blank\" rel=\"noopener\">Programme de tension art\u00e9rielle Healthy Hearts<\/a>, qui fournit des conseils et un soutien aux adultes souffrant d&#039;hypertension art\u00e9rielle.<\/p>\n<h2>Foyer pour sans-abris<\/h2>\n<p>Si vous ou quelqu&#039;un que vous connaissez avez besoin d&#039;un logement d&#039;urgence, vous pouvez obtenir de l&#039;aide au <a href=\"https:\/\/thereligiouscoalition.org\/need-help\/emergency-shelter-programs\/\" target=\"_blank\" rel=\"noopener\">Alan P Linton, Jr. Abri d&#039;urgence<\/a>. Il s&#039;agit du plus grand \u00e9tablissement du comt\u00e9 de Frederick, avec 88 lits pour adultes sans abri.<\/p>\n<p>La Coalition religieuse pour les besoins humains d&#039;urgence a \u00e9galement un <a href=\"https:\/\/thereligiouscoalition.org\/need-help\/emergency-shelter-programs\/emergency-family-shelter\/\" target=\"_blank\" rel=\"noopener\">refuge familial d&#039;urgence<\/a>.<\/p>\n<p>L&#039;organisation travaille \u00e9galement avec des individus sur la transition vers un logement permanent. <a href=\"https:\/\/thereligiouscoalition.org\/need-help\/after-shelter-programs\/\" target=\"_blank\" rel=\"noopener\">Apr\u00e8s la temp\u00eate<\/a> offre aux clients admissibles du refuge une aide au logement pendant un an. Le programme comprend des conseils budg\u00e9taires, un soutien \u00e0 la gestion de cas, une \u00e9ventuelle aide au d\u00e9p\u00f4t de garantie, une aide \u00e0 la location, une aide aux services publics, des cours de formation, une aide \u00e0 la prescription et une r\u00e9f\u00e9rence \u00e0 Second Chance Garage pour obtenir de l&#039;aide avec une voiture.<\/p>\n<h3>Soutien au transport<\/h3>\n<p>Si vous travaillez avec une agence de sant\u00e9 et de services sociaux dans le comt\u00e9 de Frederick et que vous avez besoin d&#039;aide pour le transport, vous pourriez avoir droit \u00e0 l&#039;aide de <a href=\"https:\/\/secondchancesgarage.org\/receive-a-car\/\" target=\"_blank\" rel=\"noopener\">Garage de la seconde chance<\/a>. Il s&#039;agit d&#039;un programme de v\u00e9hicules \u00e0 faible co\u00fbt. L&#039;organisation travaille avec <a href=\"https:\/\/secondchancesgarage.org\/partner-agencies\/\" target=\"_blank\" rel=\"noopener\">ces agences partenaires<\/a>. Vous devez recevoir un soutien continu de l&#039;un d&#039;entre eux ou \u00eatre un r\u00e9cent dipl\u00f4m\u00e9 de leur programme. L&#039;agence partenaire d\u00e9termine l&#039;\u00e9ligibilit\u00e9.<\/p>\n<p>Le grand public peut \u00e9galement acheter une voiture \u00e0 bas prix aupr\u00e8s de Second Chances Garage. Il n&#039;y a pas de plan de financement ou de paiement, et les b\u00e9n\u00e9fices soutiennent le programme de partenariat pour ceux qui en ont besoin.<\/p>\n<h2><b>Obtenez de l&#039;aide maintenant<\/b><\/h2>\n<p>Vous avez besoin d&#039;aide pour d\u00e9clarer vos imp\u00f4ts, trouver un garde-manger ou remplir une demande d&#039;aide aux services publics ? Composez le 2-1-1 et un sp\u00e9cialiste de l&#039;information et de l&#039;orientation peut vous aider 24\/7\/365.<\/p>\n<p>Le 211 vous mettra en relation avec une ressource locale, y compris le <a href=\"https:\/\/dhs.maryland.gov\/local-offices\/frederick-county\/\" target=\"_blank\" rel=\"noopener\">D\u00e9partement des services sociaux du comt\u00e9 de Frederick<\/a>, qui fournit \u00e9galement un soutien, notamment des bons d&#039;alimentation, une aide temporaire en esp\u00e8ces, des bourses de garde d&#039;enfants, Medicaid et bien plus encore.<\/p>\n<p>Vous pouvez \u00e9galement rechercher des ressources par cat\u00e9gorie.<\/p>\n\t\t<h4><a href=\"\/fr\/ressources\/vieillissement-handicap\/?utm_source=Home&#038;utm_medium=Referral&#038;utm_campaign=211Resources&#038;utm_content=Aging\" target=\"_self\">Vieillissement &amp; Handicap<\/a><\/h4>\n\t\t\t\t<a href=\"\/fr\/ressources\/vieillissement-handicap\/?utm_source=Home&#038;utm_medium=Referral&#038;utm_campaign=211Resources&#038;utm_content=Aging\"  target=\"_self\" itemprop=\"url\">\n\t\t\t\t<img decoding=\"async\" src=\"https:\/\/211md.org\/wp-content\/uploads\/bb-plugin\/cache\/2025_MdInfoNet_Icon-Sets_Aging-disability-square-c466727102cae71e5f27b8539bb51945-.png\" alt=\"\" itemprop=\"image\" onerror=\"this.style.display='none'\" loading=\"lazy\" \/>\n\t\t\t\t<\/a>\n\t\t<h4><a href=\"\/fr\/ressources\/enfants-familles\/?utm_source=Home&#038;utm_medium=Referral&#038;utm_campaign=211Resources&#038;utm_content=Children\" target=\"_self\">Enfants et familles<\/a><\/h4>\n\t\t\t\t<a href=\"\/fr\/ressources\/enfants-familles\/?utm_source=Home&#038;utm_medium=Referral&#038;utm_campaign=211Resources&#038;utm_content=Children\"  target=\"_self\" itemprop=\"url\">\n\t\t\t\t<img decoding=\"async\" src=\"https:\/\/211md.org\/wp-content\/uploads\/bb-plugin\/cache\/2025_211_Icon-Sets_Child-care-square-f3b0d4edab3dcc467fadb5f55f4064c6-.png\" alt=\"2025_211_Ensembles d&#039;ic\u00f4nes_Garde d&#039;enfants\" itemprop=\"image\" height=\"417\" width=\"417\" title=\"2025_211_Ensembles d&#039;ic\u00f4nes_Garde d&#039;enfants\" onerror=\"this.style.display='none'\" loading=\"lazy\" \/>\n\t\t\t\t<\/a>\n\t\t<h4><a href=\"\/fr\/ressources\/violence-familiale-domestique\/?utm_source=Home&#038;utm_medium=Referral&#038;utm_campaign=211Resources&#038;utm_content=Domestic\" target=\"_self\">Violence Domestique<\/a><\/h4>\n\t\t\t\t<a href=\"\/fr\/ressources\/violence-familiale-domestique\/?utm_source=Home&#038;utm_medium=Referral&#038;utm_campaign=211Resources&#038;utm_content=Domestic\"  target=\"_self\" itemprop=\"url\">\n\t\t\t\t<img decoding=\"async\" src=\"https:\/\/211md.org\/wp-content\/uploads\/bb-plugin\/cache\/2025_211_Icon-Sets_Domestic-Violence-square-7b597694a6f05fe90cdc376aa573bc63-.png\" alt=\"Ic\u00f4ne de violence domestique\" itemprop=\"image\" height=\"417\" width=\"417\" title=\"2025_211_Ensembles d&#039;ic\u00f4nes_Violence domestique\" onerror=\"this.style.display='none'\" loading=\"lazy\" \/>\n\t\t\t\t<\/a>\n\t\t<h4><a href=\"\/fr\/ressources\/recherche-demploi\/?utm_source=Home&#038;utm_medium=Referral&#038;utm_campaign=211Resources&#038;utm_content=Employment\" target=\"_self\">Emploi<\/a><\/h4>\n\t\t\t\t<a href=\"\/fr\/ressources\/recherche-demploi\/?utm_source=Home&#038;utm_medium=Referral&#038;utm_campaign=211Resources&#038;utm_content=Employment\"  target=\"_self\" itemprop=\"url\">\n\t\t\t\t<img decoding=\"async\" src=\"https:\/\/211md.org\/wp-content\/uploads\/bb-plugin\/cache\/2025_MdInfoNet_Icon-Sets_Employment-square-44707bd410e4df10a470bf130ebcea86-.png\" alt=\"\" itemprop=\"image\" onerror=\"this.style.display='none'\" loading=\"lazy\" \/>\n\t\t\t\t<\/a>\n\t\t<h4><a href=\"\/fr\/ressources\/soins-de-sante\/?utm_source=Home&#038;utm_medium=Referral&#038;utm_campaign=211Resources&#038;utm_content=Health%20Care\" target=\"_self\">Soins de sant\u00e9<\/a><\/h4>\n\t\t\t\t<a href=\"\/fr\/ressources\/soins-de-sante\/?utm_source=Home&#038;utm_medium=Referral&#038;utm_campaign=211Resources&#038;utm_content=Health%20Care\"  target=\"_self\" itemprop=\"url\">\n\t\t\t\t<img decoding=\"async\" src=\"https:\/\/211md.org\/wp-content\/uploads\/bb-plugin\/cache\/2025_MdInfoNet_Icon-Sets_Health-Care-square-dee98a0060cbe0e7f27eda253fc12679-.png\" alt=\"\" itemprop=\"image\" onerror=\"this.style.display='none'\" loading=\"lazy\" \/>\n\t\t\t\t<\/a>\n\t\t<h4><a href=\"\/fr\/ressources\/enfants-familles\/parente\/?utm_source=Home&#038;utm_medium=Referral&#038;utm_campaign=211Resources&#038;utm_content=Kinship\" target=\"_self\">Parent\u00e9<\/a><\/h4>\n\t\t\t\t<a href=\"\/fr\/ressources\/enfants-familles\/parente\/?utm_source=Home&#038;utm_medium=Referral&#038;utm_campaign=211Resources&#038;utm_content=Kinship\"  target=\"_self\" itemprop=\"url\">\n\t\t\t\t<img decoding=\"async\" src=\"https:\/\/211md.org\/wp-content\/uploads\/bb-plugin\/cache\/2025_211_Icon-Sets_Kinship-square-45bdf872866f5735f842c32071109267-.png\" alt=\"Ic\u00f4ne de parent\u00e9\" itemprop=\"image\" height=\"417\" width=\"417\" title=\"2025_211_Ensembles d&#039;ic\u00f4nes_Parent\u00e9\" onerror=\"this.style.display='none'\" loading=\"lazy\" \/>\n\t\t\t\t<\/a>\n\t\t<h4><a href=\"\/fr\/ressources\/services-juridiques\/?utm_source=Home&#038;utm_medium=Referral&#038;utm_campaign=211Resources&#038;utm_content=Legal\" target=\"_self\">Services juridiques<\/a><\/h4>\n\t\t\t\t<a href=\"\/fr\/ressources\/services-juridiques\/?utm_source=Home&#038;utm_medium=Referral&#038;utm_campaign=211Resources&#038;utm_content=Legal\"  target=\"_self\" itemprop=\"url\">\n\t\t\t\t<img decoding=\"async\" src=\"https:\/\/211md.org\/wp-content\/uploads\/bb-plugin\/cache\/2025_MdInfoNet_Icon-Sets_Legal-square-18fdf438feb8435588174d9046463257-.png\" alt=\"\" itemprop=\"image\" onerror=\"this.style.display='none'\" loading=\"lazy\" \/>\n\t\t\t\t<\/a>\n\t\t<h4><a href=\"\/fr\/ressources\/sante-mentale\/?utm_source=Home&#038;utm_medium=Referral&#038;utm_campaign=211Resources&#038;utm_content=Mental\" target=\"_self\">Sant\u00e9 mentale<\/a><\/h4>\n\t\t\t\t<a href=\"\/fr\/ressources\/sante-mentale\/?utm_source=Home&#038;utm_medium=Referral&#038;utm_campaign=211Resources&#038;utm_content=Mental\"  target=\"_self\" itemprop=\"url\">\n\t\t\t\t<img decoding=\"async\" src=\"https:\/\/211md.org\/wp-content\/uploads\/bb-plugin\/cache\/2025_MdInfoNet_Icon-Sets_Mental-Health-square-c59b38c4a993a947d4c9280fbe2d2fee-.png\" alt=\"\" itemprop=\"image\" onerror=\"this.style.display='none'\" loading=\"lazy\" \/>\n\t\t\t\t<\/a>\n\t\t<h4><a href=\"\/fr\/ressources\/mdreentry\/?utm_source=Home&#038;utm_medium=Referral&#038;utm_campaign=211Resources&#038;utm_content=Reentry\" target=\"_self\">Rentr\u00e9e<\/a><\/h4>\n\t\t\t\t<a href=\"\/fr\/ressources\/mdreentry\/?utm_source=Home&#038;utm_medium=Referral&#038;utm_campaign=211Resources&#038;utm_content=Reentry\"  target=\"_self\" itemprop=\"url\">\n\t\t\t\t<img decoding=\"async\" src=\"https:\/\/211md.org\/wp-content\/uploads\/bb-plugin\/cache\/2025_211_Icon-Sets_Reentry-square-8676fea38abd920a832f45642fe31cca-.png\" alt=\"Ic\u00f4ne de rentr\u00e9e\" itemprop=\"image\" height=\"417\" width=\"417\" title=\"2025_211_Ensembles d&#039;ic\u00f4nes_R\u00e9entr\u00e9e\" onerror=\"this.style.display='none'\" loading=\"lazy\" \/>\n\t\t\t\t<\/a>\n\t\t<h4><a href=\"\/fr\/ressources\/consommation-de-substances\/?utm_source=Home&#038;utm_medium=Referral&#038;utm_campaign=211Resources&#038;utm_content=Substance\" target=\"_self\">Consommation de substances<\/a><\/h4>\n\t\t\t\t<a href=\"\/fr\/ressources\/consommation-de-substances\/?utm_source=Home&#038;utm_medium=Referral&#038;utm_campaign=211Resources&#038;utm_content=Substance\"  target=\"_self\" itemprop=\"url\">\n\t\t\t\t<img decoding=\"async\" src=\"https:\/\/211md.org\/wp-content\/uploads\/bb-plugin\/cache\/2025_MdInfoNet_Icon-Sets_Substance-Abuse-square-9022fec9d18a64118ad685c101885b55-.png\" alt=\"\" itemprop=\"image\" onerror=\"this.style.display='none'\" loading=\"lazy\" \/>\n\t\t\t\t<\/a>\n\t\t<h4><a href=\"\/fr\/ressources\/anciens-combattants\/?utm_source=Home&#038;utm_medium=Referral&#038;utm_campaign=211Resources&#038;utm_content=Veterans\" target=\"_self\">anciens combattants<\/a><\/h4>\n\t\t\t\t<a href=\"\/fr\/ressources\/anciens-combattants\/?utm_source=Home&#038;utm_medium=Referral&#038;utm_campaign=211Resources&#038;utm_content=Veterans\"  target=\"_self\" itemprop=\"url\">\n\t\t\t\t<img decoding=\"async\" src=\"https:\/\/211md.org\/wp-content\/uploads\/bb-plugin\/cache\/2025_MdInfoNet_Icon-Sets_Rating-square-6e60d00cce4faa8e0a6d4ad7366aa733-.png\" alt=\"\" itemprop=\"image\" onerror=\"this.style.display='none'\" loading=\"lazy\" \/>\n\t\t\t\t<\/a>","protected":false},"excerpt":{"rendered":"<p>Trouver des ressources pr\u00e8s de chez moi Rechercher maintenant Ajoutez votre agence ou organisation \u00e0 notre base de donn\u00e9es de ressources. Vivez-vous \u00e0 Frederick ou dans l&#039;une des communaut\u00e9s environnantes, notamment Ballenger Creek, Buckeystown, New Market, Mount Airy, Woodsboro, Braddock Heights ou Middletown\u00a0? Composez le 2-1-1 pour vous connecter aux ressources essentielles. Vous pouvez \u00e9galement effectuer une recherche dans la base de donn\u00e9es pour trouver\u2026<\/p>","protected":false},"author":8,"featured_media":3795,"parent":750,"menu_order":0,"comment_status":"closed","ping_status":"closed","template":"","meta":{"footnotes":""},"class_list":["post-1703","page","type-page","status-publish","has-post-thumbnail","hentry"],"_links":{"self":[{"href":"https:\/\/211md.org\/fr\/wp-json\/wp\/v2\/pages\/1703","targetHints":{"allow":["GET"]}}],"collection":[{"href":"https:\/\/211md.org\/fr\/wp-json\/wp\/v2\/pages"}],"about":[{"href":"https:\/\/211md.org\/fr\/wp-json\/wp\/v2\/types\/page"}],"author":[{"embeddable":true,"href":"https:\/\/211md.org\/fr\/wp-json\/wp\/v2\/users\/8"}],"replies":[{"embeddable":true,"href":"https:\/\/211md.org\/fr\/wp-json\/wp\/v2\/comments?post=1703"}],"version-history":[{"count":3,"href":"https:\/\/211md.org\/fr\/wp-json\/wp\/v2\/pages\/1703\/revisions"}],"predecessor-version":[{"id":34080,"href":"https:\/\/211md.org\/fr\/wp-json\/wp\/v2\/pages\/1703\/revisions\/34080"}],"up":[{"embeddable":true,"href":"https:\/\/211md.org\/fr\/wp-json\/wp\/v2\/pages\/750"}],"wp:featuredmedia":[{"embeddable":true,"href":"https:\/\/211md.org\/fr\/wp-json\/wp\/v2\/media\/3795"}],"wp:attachment":[{"href":"https:\/\/211md.org\/fr\/wp-json\/wp\/v2\/media?parent=1703"}],"curies":[{"name":"wp","href":"https:\/\/api.w.org\/{rel}","templated":true}]}}