{"id":1937,"date":"2021-05-26T19:27:53","date_gmt":"2021-05-26T19:27:53","guid":{"rendered":"https:\/\/211md.org\/?page_id=1937"},"modified":"2023-10-31T14:59:25","modified_gmt":"2023-10-31T18:59:25","slug":"echapper-a-la-tristesse","status":"publish","type":"page","link":"https:\/\/211md.org\/fr\/escaping-sadness\/","title":{"rendered":"\u00c9chapper \u00e0 la tristesse"},"content":{"rendered":"<h1>\n\t\tSe sentir submerg\u00e9?\n\t<\/h1>\n\t<h2>Tu n&#039;es pas seul. 211 Maryland peut vous aider.<br>\nInscrivez-vous pour recevoir des messages de soutien inspirants de<\/h2>\n<h2>MDMINDHEALTH \/ MDSALUDMENTAL.<\/h2>\n\t\t\t<a href=\"sms:\/\/898-211;?&amp;body=MDMindHealth\" target=\"_blank\" rel=\"noopener\">\n\t\t\t\t\t\t\tS&#039;inscrire maintenant\n\t\t\t\t\t<\/a>\n\t\t\t<a href=\"sms:\/\/898-211;?&amp;body=MDSaludMental\" target=\"_blank\" rel=\"noopener\">\n\t\t\t\t\t\t\tS&#039;inscrire Ahora\n\t\t\t\t\t<\/a>\n\t<p>Envoyez MDMindHealth par SMS au 898-211. Para Espa\u00f1ol, texto MDSaludMental a 898-211.<\/p>\n<h2>\n\t\t1TP5S&#039;\u00e9chapper de la tristesse\n\t<\/h2>\n<h2>\n\t\tComment \u00e7a fonctionne\n\t<\/h2>\n\t\t\t\t<img loading=\"lazy\" decoding=\"async\" src=\"https:\/\/211md.org\/wp-content\/uploads\/2021\/05\/Screen-Shot-2021-05-26-at-11.27.15-AM.svg\" alt=\"Image du num\u00e9ro 1\" itemprop=\"image\" height=\"150\" width=\"150\" title=\"Image du num\u00e9ro 1\" onerror=\"this.style.display='none'\">\n<h3>Texte<\/h3>\t\t\n\t\t\t<p>Texte&nbsp;<strong>MDMindHealth<\/strong>&nbsp;au 898-211<\/p>\n<p>Para Espa\u00f1ol, texte&nbsp;<strong>MDSaludMental<\/strong>&nbsp;un 898-211<\/p>\nLa fr\u00e9quence des messages peut varier. Des messages et d\u00e9bits de donn\u00e9es peuvent \u00eatre appliqu\u00e9s.<br>\nEnvoyez STOP par SMS pour vous d\u00e9sabonner.&nbsp;<strong><a href=\"https:\/\/211md.org\/fr\/sms\/\">Politique de confidentialit\u00e9 et conditions d&#039;utilisation<\/a>.<\/strong>\n\t\t\t\t<img loading=\"lazy\" decoding=\"async\" src=\"https:\/\/211md.org\/wp-content\/uploads\/2021\/05\/Screen-Shot-2021-05-26-at-11.27.25-AM.svg\" alt=\"Image du chiffre 2\" itemprop=\"image\" height=\"150\" width=\"150\" title=\"Image du num\u00e9ro 2\" onerror=\"this.style.display='none'\">\n<h3>Obtenir de l&#039;aide<\/h3>\t\t\n\t\t\t<p>Nous enverrons des messages texte de soutien. Vous \u00eates aux commandes. Parlez \u00e0 un professionnel en direct ou d\u00e9sactivez-vous \u00e0 tout moment.<\/p>\n\t\t\t\t<img loading=\"lazy\" decoding=\"async\" src=\"https:\/\/211md.org\/wp-content\/uploads\/2021\/05\/Screen-Shot-2021-05-26-at-11.27.40-AM.svg\" alt=\"Image du chiffre 3\" itemprop=\"image\" height=\"149\" width=\"149\" title=\"Image du chiffre 3\" onerror=\"this.style.display='none'\">\n<h3>Rejoignez la communaut\u00e9<\/h3>\t\t\n\t\t\t<p>Rejoignez notre communaut\u00e9 pour trouver d&#039;autres personnes qui peuvent s&#039;identifier et obtenir un soutien continu.<\/p>","protected":false},"excerpt":{"rendered":"<p>Se sentir submerg\u00e9? Tu n&#039;es pas seul. 211 Maryland peut vous aider. Inscrivez-vous pour recevoir des messages de soutien inspirants de MDMINDHEALTH \/ MDSALUDMENTAL. Inscrivez-vous maintenant Inscrivez-vous \u00e0 Ahora Envoyez MDMindHealth au 898-211. Pour l&#039;espagnol, texte MDSaludMental au 898-211. #escapingsadness Comment \u00e7a marche Envoyez MDMindHealth au 898-211 Para Espa\u00f1ol, texto MDSaludMental au 898-211 La fr\u00e9quence des messages peut varier. Les d\u00e9bits de messages et de donn\u00e9es peuvent\u2026<\/p>","protected":false},"author":8,"featured_media":0,"parent":0,"menu_order":0,"comment_status":"closed","ping_status":"closed","template":"","meta":{"footnotes":""},"class_list":["post-1937","page","type-page","status-publish","hentry"],"_links":{"self":[{"href":"https:\/\/211md.org\/fr\/wp-json\/wp\/v2\/pages\/1937","targetHints":{"allow":["GET"]}}],"collection":[{"href":"https:\/\/211md.org\/fr\/wp-json\/wp\/v2\/pages"}],"about":[{"href":"https:\/\/211md.org\/fr\/wp-json\/wp\/v2\/types\/page"}],"author":[{"embeddable":true,"href":"https:\/\/211md.org\/fr\/wp-json\/wp\/v2\/users\/8"}],"replies":[{"embeddable":true,"href":"https:\/\/211md.org\/fr\/wp-json\/wp\/v2\/comments?post=1937"}],"version-history":[{"count":0,"href":"https:\/\/211md.org\/fr\/wp-json\/wp\/v2\/pages\/1937\/revisions"}],"wp:attachment":[{"href":"https:\/\/211md.org\/fr\/wp-json\/wp\/v2\/media?parent=1937"}],"curies":[{"name":"wp","href":"https:\/\/api.w.org\/{rel}","templated":true}]}}