{"id":1955,"date":"2021-05-26T21:47:39","date_gmt":"2021-05-26T21:47:39","guid":{"rendered":"https:\/\/211md.org\/?page_id=1955"},"modified":"2024-07-26T11:25:04","modified_gmt":"2024-07-26T15:25:04","slug":"stop-la-stigmatisation","status":"publish","type":"page","link":"https:\/\/211md.org\/fr\/stop-the-stigma\/","title":{"rendered":"Arr\u00eatez la stigmatisation"},"content":{"rendered":"<h1>\n\t\tArr\u00eatez la stigmatisation\n\t<\/h1>\n\t<h2>Un soutien li\u00e9 aux opio\u00efdes est disponible pour les particuliers, les amis, les membres de la famille et les professionnels.<\/h2>\n\t\t\t<a href=\"sms:\/\/898-211;?&#038;body=MDHope\" target=\"_blank\" rel=\"noopener\">\n\t\t\t\t\t\t\tS&#039;inscrire maintenant\n\t\t\t\t\t<\/a>\n<p>Si vous \u00eates sur mobile, cliquez sur le bouton pour ouvrir la messagerie texte. Sinon, envoyez MDHope par SMS au 898-211.<\/p>\n<h2>\n\t\t#stopthestigamd\n\t<\/h2>\n<h2>\n\t\tComment \u00e7a fonctionne\n\t<\/h2>\n\t\t\t\t<img loading=\"lazy\" decoding=\"async\" src=\"https:\/\/211md.org\/wp-content\/uploads\/2021\/05\/Screen-Shot-2021-05-26-at-11.27.15-AM.svg\" alt=\"Image du num\u00e9ro 1\" itemprop=\"image\" height=\"150\" width=\"150\" title=\"Image du num\u00e9ro 1\" onerror=\"this.style.display='none'\"  \/>\n<h3>Texte<\/h3><p>Texte\u00a0<strong>MDHope<\/strong>\u00a0au 898-211 pour vous inscrire aux SMS.\u00a0<sup>1<\/sup><\/p>\n\t\t\t\t<img loading=\"lazy\" decoding=\"async\" src=\"https:\/\/211md.org\/wp-content\/uploads\/2021\/05\/Screen-Shot-2021-05-26-at-11.27.25-AM.svg\" alt=\"Image du chiffre 2\" itemprop=\"image\" height=\"150\" width=\"150\" title=\"Image du num\u00e9ro 2\" onerror=\"this.style.display='none'\"  \/>\n<h3>Obtenir de l&#039;aide<\/h3><p>Trouvez des options de traitement, obtenez des informations sur la naloxone (m\u00e9dicament contre les surdoses), acc\u00e9dez \u00e0 une assistance ou parlez \u00e0 un professionnel en direct.<\/p>\n\t\t\t\t<img loading=\"lazy\" decoding=\"async\" src=\"https:\/\/211md.org\/wp-content\/uploads\/2021\/05\/Screen-Shot-2021-05-26-at-11.27.40-AM.svg\" alt=\"Image du chiffre 3\" itemprop=\"image\" height=\"149\" width=\"149\" title=\"Image du chiffre 3\" onerror=\"this.style.display='none'\"  \/>\n<h3>Utilisez notre cadre Facebook<\/h3><p>Montrez votre soutien en utilisant notre\u00a0<sup>2<\/sup><strong><a href=\"http:\/\/www.facebook.com\/profilepicframes\/?selected_overlay_id=213799703839814\" target=\"_blank\" rel=\"noopener\">Arr\u00eatez la stigmatisation Facebook<\/a><\/strong>\u00a0cadre.<\/p>\n<p><sup>1 <\/sup><em>211 Maryland propose des programmes d&#039;alerte par SMS qui fournissent des informations sur les ressources sp\u00e9cifiques \u00e0 la r\u00e9gion ou fournissent des alertes en cas de catastrophe. Envoyez STOP au m\u00eame num\u00e9ro pour vous d\u00e9sinscrire. Termes SMS complets \u00e0 <a href=\"https:\/\/211md.org\/fr\/sms\/\">https:\/\/211md.org\/sms\/<\/a> s&#039;appliquera \u00e9galement.<\/em><\/p>\n<p><sup>2<\/sup>\u00a0Acc\u00e9dez \u00e0 votre photo de profil, s\u00e9lectionnez Ajouter un cadre et recherchez Stop The Stigma Maryland. Partagez le cadre avec vos amis et les membres de votre famille. Si vous utilisez Instagram, Twitter ou LinkedIn,\u00a0<a href=\"https:\/\/211md.org\/wp-content\/uploads\/2021\/05\/stop-the-opioid-stigma-hand.jpg\" target=\"_blank\" rel=\"noopener\">t\u00e9l\u00e9charger cette image<\/a>\u00a0et utilisez-la comme photo de profil.<\/p>","protected":false},"excerpt":{"rendered":"<p>Halte \u00e0 la stigmatisation Un soutien li\u00e9 aux opio\u00efdes est disponible pour les particuliers, les amis, les membres de la famille et les professionnels. Inscrivez-vous maintenant Si vous \u00eates sur mobile, cliquez sur le bouton pour ouvrir la messagerie texte. Sinon, envoyez MDHope par SMS au 898-211. #stopthestigmamd Comment \u00e7a marche Text Text MDHope au 898-211 pour vous inscrire aux SMS. 1 Obtenez de l&#039;aide Trouvez des options de traitement, obtenez des informations sur la naloxone\u2026<\/p>","protected":false},"author":8,"featured_media":0,"parent":0,"menu_order":0,"comment_status":"closed","ping_status":"closed","template":"","meta":{"footnotes":""},"class_list":["post-1955","page","type-page","status-publish","hentry"],"_links":{"self":[{"href":"https:\/\/211md.org\/fr\/wp-json\/wp\/v2\/pages\/1955","targetHints":{"allow":["GET"]}}],"collection":[{"href":"https:\/\/211md.org\/fr\/wp-json\/wp\/v2\/pages"}],"about":[{"href":"https:\/\/211md.org\/fr\/wp-json\/wp\/v2\/types\/page"}],"author":[{"embeddable":true,"href":"https:\/\/211md.org\/fr\/wp-json\/wp\/v2\/users\/8"}],"replies":[{"embeddable":true,"href":"https:\/\/211md.org\/fr\/wp-json\/wp\/v2\/comments?post=1955"}],"version-history":[{"count":0,"href":"https:\/\/211md.org\/fr\/wp-json\/wp\/v2\/pages\/1955\/revisions"}],"wp:attachment":[{"href":"https:\/\/211md.org\/fr\/wp-json\/wp\/v2\/media?parent=1955"}],"curies":[{"name":"wp","href":"https:\/\/api.w.org\/{rel}","templated":true}]}}