{"id":1963,"date":"2021-05-27T13:01:12","date_gmt":"2021-05-27T13:01:12","guid":{"rendered":"https:\/\/211md.org\/?page_id=1963"},"modified":"2023-08-02T09:40:34","modified_gmt":"2023-08-02T13:40:34","slug":"aide-location-covid","status":"publish","type":"page","link":"https:\/\/211md.org\/fr\/resources\/housing-shelter\/covid-rental-help\/","title":{"rendered":"Aide \u00e0 la location COVID"},"content":{"rendered":"<h2>Programme d&#039;aide \u00e0 la location d&#039;urgence du Maryland (ERAP)<\/h2>\n<p>Vous rencontrez des difficult\u00e9s pour payer votre loyer \u00e0 cause du COVID-19 ? Vous pourriez \u00eatre admissible \u00e0 une aide financi\u00e8re pour les paiements de location en cours ou en souffrance. De nombreux programmes ont \u00e9puis\u00e9 le financement pour l&#039;aide au loyer li\u00e9e \u00e0 COVID-19, mais vous pouvez toujours \u00eatre en mesure d&#039;obtenir de l&#039;aide par le biais d&#039;un autre <a href=\"https:\/\/211md.org\/fr\/ressources\/logement-refuge\/\">source de logement<\/a>. Si vous avez besoin d&#039;aide pour le loyer, appelez le 2-1-1.<\/p>\n<p>Les propri\u00e9taires peuvent \u00e9galement aider les locataires \u00e0 demander une aide.<\/p>\n\t<iframe loading=\"lazy\" width=\"560\" height=\"315\" src=\"https:\/\/www.youtube.com\/embed\/6Fomy15JX-E\" title=\"Lecteur vid\u00e9o YouTube\" frameborder=\"0\" allow=\"accelerometer; autoplay; clipboard-write; encrypted-media; gyroscope; picture-in-picture\" allowfullscreen><\/iframe>\n\t<p>La fa\u00e7on dont vous demandez de l&#039;aide d\u00e9pend de votre lieu de r\u00e9sidence. Le\u00a0<a href=\"https:\/\/dhcd.maryland.gov\/Pages\/EvictionPrevention\/default.aspx\" target=\"_blank\" rel=\"noopener\">D\u00e9partement du logement et du d\u00e9veloppement communautaire du Maryland<\/a> travaille avec les juridictions locales et les soci\u00e9t\u00e9s de gestion immobili\u00e8re pour distribuer les fonds f\u00e9d\u00e9raux.<\/p>\n<h3><b>Trouver de l&#039;aide pour louer localement<\/b><\/h3>\n<p>Le financement est limit\u00e9 et tous les m\u00e9nages peuvent ne pas recevoir d&#039;aide. Bien que certains programmes portent des noms diff\u00e9rents, la plupart sont consid\u00e9r\u00e9s comme le programme d&#039;aide au loyer d&#039;urgence ou PIU.<\/p>\n<p>L&#039;\u00c9tat travaille en partenariat avec des agences locales pour administrer les fonds.<\/p>\n<p>En savoir plus sur le processus de demande, la documentation requise, les directives sur les revenus et les agences partenaires.<\/p>\n<p><strong>Remarque : De nombreux programmes sont termin\u00e9s.<\/strong><\/p>\n<ul>\n<li><a href=\"https:\/\/covidrentrelief.alleghenycounty.us\/\" target=\"_blank\" rel=\"noopener\">Allegany ERAP \u2013 programme termin\u00e9<\/a><\/li>\n<li><a href=\"https:\/\/acdsinc.org\/housing-resources\/renters\/acds-eviction-prevention-program\/\" target=\"_blank\" rel=\"noopener\">Programme de pr\u00e9vention des expulsions des Services de d\u00e9veloppement communautaire Anne Arundel (ACDS)<\/a><\/li>\n<li><a href=\"https:\/\/www.bmorechildren.com\/residents\" target=\"_blank\" rel=\"noopener\">Assistance \u00e0 la location de la ville de Baltimore<\/a><\/li>\n<li><a href=\"https:\/\/www.baltimorecountymd.gov\/departments\/housing\/eviction-prevention-program\" target=\"_blank\" rel=\"noopener\">Programme de pr\u00e9vention des expulsions COVID-19 du comt\u00e9 de Baltimore<\/a><\/li>\n<li><a href=\"https:\/\/www.calvertcountymd.gov\/3056\/Rental-Assistance-Form\" target=\"_blank\" rel=\"noopener\">Aide \u00e0 la location du comt\u00e9 de Calvert<\/a><\/li>\n<li><a href=\"https:\/\/carolinemd.seamlessdocs.com\/f\/RENTUTILITY\" target=\"_blank\" rel=\"noopener\">PARE du comt\u00e9 de Caroline<\/a><\/li>\n<li><a href=\"https:\/\/www.carrollcountymd.gov\/government\/directory\/citizen-services\/housing-community-development\" target=\"_blank\" rel=\"noopener\">Comt\u00e9 de Carroll<\/a><\/li>\n<li><a href=\"https:\/\/www.ccgov.org\/government\/community-services\/housing\" target=\"_blank\" rel=\"noopener\">Comt\u00e9 de Cecil<\/a><\/li>\n<li>Comt\u00e9 de Charles (<a href=\"https:\/\/charlescountydss.com\/eviction\" target=\"_blank\" rel=\"noopener\">D\u00e9partement des services sociaux<\/a>\u00a0et\u00a0<a href=\"https:\/\/www.smtccac.org\/emergency-assistance.aspx\" target=\"_blank\" rel=\"noopener\">Comit\u00e9 d&#039;action communautaire des trois comt\u00e9s du sud du Maryland (SMTCCAC) ERAP<\/a>) \u2013 termin\u00e9<\/li>\n<li>Comt\u00e9 de Dorchester<\/li>\n<li>Comt\u00e9 de Frederick \u2013 termin\u00e9, mais <a href=\"https:\/\/thereligiouscoalition.org\/need-help\/rental-assistance-program\/\" target=\"_blank\" rel=\"noopener\">La coalition religieuse<\/a> peut \u00eatre en mesure d&#039;aider avec le loyer impay\u00e9<\/li>\n<li><a href=\"https:\/\/www.howardcountymd.gov\/DHCD-COVID\" target=\"_blank\" rel=\"noopener\">All\u00e8gement du paiement du logement COVID-19 du comt\u00e9 de Howard<\/a> \u2013 termin\u00e9<\/li>\n<li><a href=\"https:\/\/www.mrdc.net\/our-programs\/housing\/erap\/\" target=\"_blank\" rel=\"noopener\">Kent County Maryland D\u00e9veloppement rural COVID-19 ERAP<\/a><\/li>\n<li><a href=\"https:\/\/www.princegeorgescountymd.gov\/3703\/Emergency-Rental-Assistance-Program\" target=\"_blank\" rel=\"noopener\">Programme d&#039;aide d&#039;urgence au loyer du comt\u00e9 de Prince George<\/a><\/li>\n<li><a href=\"https:\/\/www.qac.org\/154\/Housing\" target=\"_blank\" rel=\"noopener\">Comt\u00e9 de la Reine Anne<\/a><\/li>\n<li><a href=\"https:\/\/talbotcovid19.org\/financial-assistance\/\" target=\"_blank\" rel=\"noopener\">Comt\u00e9 de Talbot<\/a><\/li>\n<li><a href=\"https:\/\/www.wicomicocounty.org\/728\/Emergency-Rental-Assistance-Program\" target=\"_blank\" rel=\"noopener\">Comt\u00e9 de Wicomico<\/a><\/li>\n<li><a href=\"https:\/\/dhs.maryland.gov\/local-offices\/worcester-county\/\" target=\"_blank\" rel=\"noopener\">Comt\u00e9 de Worcester<\/a>\u00a0(D\u00e9partement des services sociaux)<\/li>\n<\/ul>\n<p>Vous pouvez appeler le 2-1-1 pour obtenir les derni\u00e8res informations sur le programme d&#039;aide \u00e0 la location d&#039;urgence du Maryland ou appeler le 1-877-546-5595.<\/p>\n<h3><b>Aide financi\u00e8re<\/b><\/h3>\n<p>Une aide financi\u00e8re peut \u00e9galement \u00eatre disponible via une organisation \u00e0 but non lucratif, une \u00e9glise ou une agence locale.\u00a0<a href=\"https:\/\/search.211md.org\/search?query=BH-3800.7000&amp;query_type=taxonomy&amp;query_label=&amp;query_language=en\" target=\"_blank\" rel=\"noopener\">Rechercher dans la base de donn\u00e9es 211 les programmes d&#039;aide li\u00e9s au logement<\/a>\u00a0ou appelez le 2-1-1 et parlez \u00e0 un sp\u00e9cialiste de l&#039;information et de l&#039;orientation 24\/7\/365.<\/p>\n<h3>Aide juridique<\/h3>\n<p>Si vous risquez d&#039;\u00eatre expuls\u00e9 et avez besoin d&#039;une aide juridique,\u00a0<a href=\"\/fr\/podcast\/podcast-episode-6-mvls\/\" rel=\"noopener\">trouver un service juridique local gratuit et \u00e0 prix r\u00e9duit<\/a>.<\/p>\n<h2>Informations connexes<\/h2>\n<p><a title=\"Pr\u00e9vention des expulsions\" href=\"https:\/\/211md.org\/fr\/ressources\/logement-refuge\/prevention-des-expulsions\/\">Pr\u00e9vention des expulsions<\/a><\/p>\n<p><a href=\"https:\/\/211md.org\/fr\/ressources\/logement-refuge\/aide-location-covid\/\">Aide \u00e0 la location COVID<\/a><\/p>\n<p><a title=\"Hypoth\u00e8que\/Forclusion \" href=\"https:\/\/211md.org\/fr\/ressources\/logement-refuge\/saisie-hypothecaire\/\">Hypoth\u00e8que\/Forclusion<\/a><\/p>\n<p><a href=\"https:\/\/211md.org\/fr\/ressources\/logement-refuge\/senior-housing\/\" target=\"_blank\" rel=\"noopener\">Logement pour personnes \u00e2g\u00e9es<\/a><\/p>\n<h2>\n\t\tTrouver des ressources\n\t<\/h2>\n\t\t\t\t<a href=\"\/fr\/ressources\/vieillissement-handicap\/\" target=\"_self\" itemprop=\"url\" rel=\"noopener\">\n\t\t\t\t<img loading=\"lazy\" decoding=\"async\" src=\"https:\/\/211md.org\/wp-content\/uploads\/bb-plugin\/cache\/Mask-Group-41@2x-circle-73eaadba4cad8269faa4720e25cf1c85-.png\" alt=\"Les pieds d&#039;une femme plus \u00e2g\u00e9e et d&#039;une femme plus jeune marchant ensemble\" itemprop=\"image\" height=\"500\" width=\"500\" title=\"Services aux personnes handicap\u00e9es\" onerror=\"this.style.display='none'\"  \/>\n\t\t\t\t<\/a>\n\t\t<h3><a href=\"\/fr\/ressources\/vieillissement-handicap\/\" target=\"_self\" rel=\"noopener\">Vieillissement &amp; Handicap<\/a><\/h3>\t\t\n\t\t\t\t<a href=\"\/fr\/ressources\/enfants-familles\/\" target=\"_self\" itemprop=\"url\" rel=\"noopener\">\n\t\t\t\t<img loading=\"lazy\" decoding=\"async\" src=\"https:\/\/211md.org\/wp-content\/uploads\/bb-plugin\/cache\/Mask-Group-38@2x-circle-ac40d46265fbec62083cd27f6dcf23b0-.png\" alt=\"Un jeune gar\u00e7on et une fille souriant et regardant la cam\u00e9ra\" itemprop=\"image\" height=\"500\" width=\"500\" title=\"Groupe de masques 38@2x\" onerror=\"this.style.display='none'\"  \/>\n\t\t\t\t<\/a>\n\t\t<h3><a href=\"\/fr\/ressources\/enfants-familles\/\" target=\"_self\" rel=\"noopener\">Enfants et familles<\/a><\/h3>\t\t\n\t\t\t\t<a href=\"\/fr\/ressources\/centre-de-ressources-covid-19\/\" target=\"_self\" itemprop=\"url\" rel=\"noopener\">\n\t\t\t\t<img loading=\"lazy\" decoding=\"async\" src=\"https:\/\/211md.org\/wp-content\/uploads\/bb-plugin\/cache\/Mask-Group-35-circle-1d65595bca7a4e0f07d3d14ca4f42835-.png\" alt=\"Un homme et une femme qui se cognent le coude\" itemprop=\"image\" height=\"500\" width=\"500\" title=\"Groupe de masques 35\" onerror=\"this.style.display='none'\"  \/>\n\t\t\t\t<\/a>\n\t\t<h3><a href=\"\/fr\/ressources\/centre-de-ressources-covid-19\/\" target=\"_self\" rel=\"noopener\">Ressources COVID-19<\/a><\/h3>\t\t\n\t\t\t\t<a href=\"\/fr\/ressources\/violence-familiale-domestique\/\" target=\"_self\" itemprop=\"url\" rel=\"noopener\">\n\t\t\t\t<img loading=\"lazy\" decoding=\"async\" src=\"https:\/\/211md.org\/wp-content\/uploads\/bb-plugin\/cache\/Mask-Group-39@2x-circle-b2589197a13c791d910f46dd10b27a87-.png\" alt=\"Deux paires de mains se tenant\" itemprop=\"image\" height=\"500\" width=\"500\" title=\"Groupe de masques 39@2x\" onerror=\"this.style.display='none'\"  \/>\n\t\t\t\t<\/a>\n\t\t<h3><a href=\"\/fr\/ressources\/violence-familiale-domestique\/\" target=\"_self\" rel=\"noopener\">Violence domestique\/familiale<\/a><\/h3>\t\t\n\t\t\t\t<a href=\"\/fr\/ressources\/recherche-demploi\/\" target=\"_self\" itemprop=\"url\" rel=\"noopener\">\n\t\t\t\t<img loading=\"lazy\" decoding=\"async\" src=\"https:\/\/211md.org\/wp-content\/uploads\/bb-plugin\/cache\/Employment-circle-bf72562329e950df948954f5d3f44b2e-.png\" alt=\"Un m\u00e9canicien automobile\" itemprop=\"image\" height=\"500\" width=\"500\" title=\"Emploi\" onerror=\"this.style.display='none'\"  \/>\n\t\t\t\t<\/a>\n\t\t<h3><a href=\"\/fr\/ressources\/recherche-demploi\/\" target=\"_self\" rel=\"noopener\">Emploi<\/a><\/h3>\t\t\n\t\t\t\t<a href=\"\/fr\/ressources\/soins-de-sante\/\" target=\"_self\" itemprop=\"url\" rel=\"noopener\">\n\t\t\t\t<img loading=\"lazy\" decoding=\"async\" src=\"https:\/\/211md.org\/wp-content\/uploads\/bb-plugin\/cache\/Mask-Group-35@2x-circle-94be10c13e4adae1683b4589dc2f5b2f-.png\" alt=\"Docteur regardant la jambe des gar\u00e7ons\" itemprop=\"image\" height=\"500\" width=\"500\" title=\"Groupe de masques 35@2x\" onerror=\"this.style.display='none'\"  \/>\n\t\t\t\t<\/a>\n\t\t<h3><a href=\"\/fr\/ressources\/soins-de-sante\/\" target=\"_self\" rel=\"noopener\">Soins de sant\u00e9<\/a><\/h3>\t\t\n\t\t\t\t<a href=\"\/fr\/ressources\/nourriture\/\" target=\"_self\" itemprop=\"url\" rel=\"noopener\">\n\t\t\t\t<img loading=\"lazy\" decoding=\"async\" src=\"https:\/\/211md.org\/wp-content\/uploads\/bb-plugin\/cache\/Mask-Group-32@2x-circle-1c6d647dcaf998fa079d26735cedc92b-.png\" alt=\"L\u00e9gumes frais\" itemprop=\"image\" height=\"500\" width=\"500\" title=\"Groupe de masques 32@2x\" onerror=\"this.style.display='none'\"  \/>\n\t\t\t\t<\/a>\n\t\t<h3><a href=\"\/fr\/ressources\/nourriture\/\" target=\"_self\" rel=\"noopener\">Nourriture<\/a><\/h3>\t\t\n\t\t\t\t<a href=\"\/fr\/ressources\/logement-refuge\/\" target=\"_self\" itemprop=\"url\" rel=\"noopener\">\n\t\t\t\t<img loading=\"lazy\" decoding=\"async\" src=\"https:\/\/211md.org\/wp-content\/uploads\/bb-plugin\/cache\/Mask-Group-34@2x-circle-b99c55fc16ef21f35e2f2a1f7cc37b9a-.png\" alt=\"Balcon complexe d&#039;appartements\" itemprop=\"image\" height=\"500\" width=\"500\" title=\"Complexe d&#039;appartements\" onerror=\"this.style.display='none'\"  \/>\n\t\t\t\t<\/a>\n\t\t<h3><a href=\"\/fr\/ressources\/logement-refuge\/\" target=\"_self\" rel=\"noopener\">Logement &amp; Abri<\/a><\/h3>\t\t\n\t\t\t\t<a href=\"\/fr\/ressources\/nouveau-aux-etats-unis-et-au-maryland\/\" target=\"_self\" itemprop=\"url\" rel=\"noopener\">\n\t\t\t\t<img loading=\"lazy\" decoding=\"async\" src=\"https:\/\/211md.org\/wp-content\/uploads\/bb-plugin\/cache\/American-flag-circle-0016cc327e27ef7aeb080f1da6c6e98b-.jpg\" alt=\"drapeau am\u00e9ricain\" itemprop=\"image\" height=\"364\" width=\"1366\" title=\"Drapeau am\u00e9ricain\" onerror=\"this.style.display='none'\"  \/>\n\t\t\t\t<\/a>\n\t\t<h3><a href=\"\/fr\/ressources\/nouveau-aux-etats-unis-et-au-maryland\/\" target=\"_self\" rel=\"noopener\">Immigration<\/a><\/h3>\t\t\n\t\t\t\t<a href=\"\/fr\/ressources\/services-juridiques\/\" target=\"_self\" itemprop=\"url\" rel=\"noopener\">\n\t\t\t\t<img loading=\"lazy\" decoding=\"async\" src=\"https:\/\/211md.org\/wp-content\/uploads\/bb-plugin\/cache\/Housing-Legal-circle-9a8f3c1c72c54b6e1ce612d2993c1ad4-.png\" alt=\"Marteau juridique avec un mod\u00e8le en plastique d&#039;une maison \u00e0 c\u00f4t\u00e9\" itemprop=\"image\" height=\"348\" width=\"460\" title=\"Juridique du logement\" onerror=\"this.style.display='none'\"  \/>\n\t\t\t\t<\/a>\n\t\t<h3><a href=\"\/fr\/ressources\/services-juridiques\/\" target=\"_self\" rel=\"noopener\">Services juridiques<\/a><\/h3>\t\t\n\t\t\t\t<a href=\"\/fr\/ressources\/sante-mentale\/\" target=\"_self\" itemprop=\"url\" rel=\"noopener\">\n\t\t\t\t<img loading=\"lazy\" decoding=\"async\" src=\"https:\/\/211md.org\/wp-content\/uploads\/bb-plugin\/cache\/Mask-Group-40@2x-circle-7bd9426367852fb3d841bc4bdc57a550-.png\" alt=\"Les profils d&#039;un homme et d&#039;une femme\" itemprop=\"image\" height=\"500\" width=\"500\" title=\"Groupe de masques 40@2x\" onerror=\"this.style.display='none'\"  \/>\n\t\t\t\t<\/a>\n\t\t<h3><a href=\"\/fr\/ressources\/sante-mentale\/\" target=\"_self\" rel=\"noopener\">Sant\u00e9 mentale<\/a><\/h3>\t\t\n\t\t\t\t<a href=\"\/fr\/arreter\/\" target=\"_self\" itemprop=\"url\" rel=\"noopener\">\n\t\t\t\t<img loading=\"lazy\" decoding=\"async\" src=\"https:\/\/211md.org\/wp-content\/uploads\/bb-plugin\/cache\/Background-section-MDStophate-circle-08e2bae1cf9f2ad6cc83e01e23da8cb9-.jpg\" alt=\"Arri\u00e8re-plan-section-MDStophate\" itemprop=\"image\" height=\"768\" width=\"1366\" title=\"Arri\u00e8re-plan-section-MDStophate\" onerror=\"this.style.display='none'\"  \/>\n\t\t\t\t<\/a>\n\t\t<h3><a href=\"\/fr\/arreter\/\" target=\"_self\" rel=\"noopener\">Arr\u00eatez la haine<\/a><\/h3>\t\t\n\t\t\t\t<a href=\"\/fr\/ressources\/consommation-de-substances\/\" target=\"_self\" itemprop=\"url\" rel=\"noopener\">\n\t\t\t\t<img loading=\"lazy\" decoding=\"async\" src=\"https:\/\/211md.org\/wp-content\/uploads\/bb-plugin\/cache\/Substance-Use-circle-ad2d564932dc31267e0c32a6fb2d915c-.png\" alt=\"Pilules cassantes \u00e0 la main\" itemprop=\"image\" height=\"500\" width=\"500\" title=\"Consommation de substances\" onerror=\"this.style.display='none'\"  \/>\n\t\t\t\t<\/a>\n\t\t<h3><a href=\"\/fr\/ressources\/consommation-de-substances\/\" target=\"_self\" rel=\"noopener\">Consommation de substances<\/a><\/h3>\t\t\n\t\t\t\t<a href=\"\/fr\/ressources\/services-fiscaux\/\" target=\"_self\" itemprop=\"url\" rel=\"noopener\">\n\t\t\t\t<img loading=\"lazy\" decoding=\"async\" src=\"https:\/\/211md.org\/wp-content\/uploads\/bb-plugin\/cache\/Mask-Group-34-circle-166a606e37e61188c9a17d5e634cda3c-.png\" alt=\"Personne remplissant les formulaires d&#039;imp\u00f4t sur le revenu\" itemprop=\"image\" height=\"500\" width=\"500\" title=\"Groupe de masques 34\" onerror=\"this.style.display='none'\"  \/>\n\t\t\t\t<\/a>\n\t\t<h3><a href=\"\/fr\/ressources\/services-fiscaux\/\" target=\"_self\" rel=\"noopener\">Services fiscaux<\/a><\/h3>\t\t\n\t\t\t\t<a href=\"\/fr\/ressources\/assistance-utilitaire\/\" target=\"_self\" itemprop=\"url\" rel=\"noopener\">\n\t\t\t\t<img loading=\"lazy\" decoding=\"async\" src=\"https:\/\/211md.org\/wp-content\/uploads\/bb-plugin\/cache\/Mask-Group-37@2x-circle-9661a11b9c4082079c9a1f06bc539567-.png\" alt=\"Une ampoule allum\u00e9e\" itemprop=\"image\" height=\"500\" width=\"500\" title=\"Masque Groupe 37@2x\" onerror=\"this.style.display='none'\"  \/>\n\t\t\t\t<\/a>\n\t\t<h3><a href=\"\/fr\/ressources\/assistance-utilitaire\/\" target=\"_self\" rel=\"noopener\">Assistance utilitaire<\/a><\/h3>\t\t\n\t\t\t\t<a href=\"\/fr\/ressources\/anciens-combattants\/\" target=\"_self\" itemprop=\"url\" rel=\"noopener\">\n\t\t\t\t<img loading=\"lazy\" decoding=\"async\" src=\"https:\/\/211md.org\/wp-content\/uploads\/bb-plugin\/cache\/Veterans-circle-b5b2b017288a5af0f61a41d0f31d0f82-.png\" alt=\"Un soldat serrant la main de quelqu&#039;un et souriant\" itemprop=\"image\" height=\"500\" width=\"500\" title=\"anciens combattants\" onerror=\"this.style.display='none'\"  \/>\n\t\t\t\t<\/a>\n\t\t<h3><a href=\"\/fr\/ressources\/anciens-combattants\/\" target=\"_self\" rel=\"noopener\">anciens combattants<\/a><\/h3>","protected":false},"excerpt":{"rendered":"<p>Programme d&#039;aide d&#039;urgence au logement dans le Maryland (ERAP) Avez-vous des difficult\u00e9s \u00e0 payer votre loyer \u00e0 cause du COVID-19\u00a0? Vous pourriez avoir droit \u00e0 une aide financi\u00e8re pour les paiements de loyer en cours ou en souffrance. De nombreux programmes ont \u00e9puis\u00e9 le financement de l\u2019aide au loyer li\u00e9e au COVID-19, mais vous pourrez peut-\u00eatre toujours obtenir de l\u2019aide aupr\u00e8s d\u2019une autre source de logement. Si tu\u2026<\/p>","protected":false},"author":8,"featured_media":2434,"parent":926,"menu_order":0,"comment_status":"closed","ping_status":"closed","template":"","meta":{"footnotes":""},"class_list":["post-1963","page","type-page","status-publish","has-post-thumbnail","hentry"],"_links":{"self":[{"href":"https:\/\/211md.org\/fr\/wp-json\/wp\/v2\/pages\/1963","targetHints":{"allow":["GET"]}}],"collection":[{"href":"https:\/\/211md.org\/fr\/wp-json\/wp\/v2\/pages"}],"about":[{"href":"https:\/\/211md.org\/fr\/wp-json\/wp\/v2\/types\/page"}],"author":[{"embeddable":true,"href":"https:\/\/211md.org\/fr\/wp-json\/wp\/v2\/users\/8"}],"replies":[{"embeddable":true,"href":"https:\/\/211md.org\/fr\/wp-json\/wp\/v2\/comments?post=1963"}],"version-history":[{"count":0,"href":"https:\/\/211md.org\/fr\/wp-json\/wp\/v2\/pages\/1963\/revisions"}],"up":[{"embeddable":true,"href":"https:\/\/211md.org\/fr\/wp-json\/wp\/v2\/pages\/926"}],"wp:featuredmedia":[{"embeddable":true,"href":"https:\/\/211md.org\/fr\/wp-json\/wp\/v2\/media\/2434"}],"wp:attachment":[{"href":"https:\/\/211md.org\/fr\/wp-json\/wp\/v2\/media?parent=1963"}],"curies":[{"name":"wp","href":"https:\/\/api.w.org\/{rel}","templated":true}]}}