{"id":2010,"date":"2021-05-27T23:22:41","date_gmt":"2021-05-27T23:22:41","guid":{"rendered":"https:\/\/211md.org\/?page_id=2010"},"modified":"2026-01-08T09:44:30","modified_gmt":"2026-01-08T14:44:30","slug":"baltimore-nourriture","status":"publish","type":"page","link":"https:\/\/211md.org\/fr\/resources\/food\/baltimore-food\/","title":{"rendered":"Trouver de la nourriture \u00e0 Baltimore City"},"content":{"rendered":"<img decoding=\"async\" src=\"https:\/\/stg-maryland211-staging.kinsta.cloud\/wp-content\/uploads\/2025\/08\/5-1-scaled.png\" alt=\"5\" itemprop=\"image\" height=\"692\" width=\"2560\" title=\"5\" onerror=\"this.style.display='none'\" loading=\"lazy\" \/>\n\t\t<p>Looking for food in Baltimore City? There are several options available, including grocery delivery and produce box distribution.<\/p>\n\t\t\t<a href=\"#start\" target=\"_self\">\n\t\t\t\t\t\tCommencer\n\t\t\t\t\t<\/a>\n\t\t\t\t<img decoding=\"async\" src=\"https:\/\/211md.org\/wp-content\/plugins\/bb-plugin\/img\/pixel.png\" alt=\"\" itemprop=\"image\" onerror=\"this.style.display='none'\" loading=\"lazy\" \/>\n\t\t\t\t<img decoding=\"async\" src=\"https:\/\/stg-maryland211-staging.kinsta.cloud\/wp-content\/uploads\/2025\/08\/16.png\" alt=\"16\" itemprop=\"image\" height=\"1000\" width=\"1000\" title=\"16\" onerror=\"this.style.display='none'\" loading=\"lazy\" \/>\n\t\t\t\t<img decoding=\"async\" src=\"http:\/\/211md.org\/wp-content\/uploads\/2022\/05\/food-donation-box-from-food-bank.png\" alt=\"bo\u00eete de dons alimentaires de la banque alimentaire\" itemprop=\"image\" title=\"bo\u00eete de dons alimentaires de la banque alimentaire\" onerror=\"this.style.display='none'\" loading=\"lazy\" \/>\n\t<h2>Free Food Programs in Baltimore City<\/h2>\n<p>La r\u00e9gion de Baltimore dispose de ressources et d&#039;un soutien pour les personnes touch\u00e9es par la fermeture des services f\u00e9d\u00e9raux ou qui sont confront\u00e9es \u00e0 l&#039;ins\u00e9curit\u00e9 alimentaire pour toute autre raison.<\/p>\n<h3>Produce Box Distribution<\/h3>\n<p>Residents can also get a 15-pound box of fresh produce, filled with fruits and vegetables, at locations throughout Baltimore City. These distribution events are held several days a week, and are expected to last through January 2026. There are 30 sites throughout Baltimore City, and events are held on various days of the week.<\/p>\n<p><a href=\"https:\/\/www.baltimorecity.gov\/shutdown\" target=\"_blank\" rel=\"noopener\">Trouver<\/a> a date and location near you.<\/p>\n<h3>Home Delivered Food<\/h3>\n<p>If you are a Baltimore City resident and can&#8217;t afford meals or groceries and currently have no food at home or will run out before you can buy more, you may be able to request a free home-delivered grocery box. The box includes a week&#8217;s worth of non-perishable food.<\/p>\n<p>This program is typically available to adults 55+, but call and check the latest eligibility requirements.<\/p>\n<p>Sign up by contacting Maryland Access Point (MAP) in Baltimore City. Call 410-396-2273 (CARE).<\/p>\n\t<h3>Projet alimentaire<\/h3>\n<p>L&#039;initiative \u201c The Food Project \u201d de l&#039;UEMPOWER du Maryland propose un march\u00e9 alimentaire \u00e9ph\u00e9m\u00e8re dans le sud-ouest de Baltimore les mardis, jeudis et samedis. <a href=\"https:\/\/uempowerofmd.org\/the-food-project\/?fbclid=IwY2xjawNxoNJleHRuA2FlbQIxMABicmlkETF3WTRRMDFLWFgwcHFFYlBtAR7qY9aV3YUtn5csOAVMtq8igpfX7AZ0v-7JWNvfe_oC_Rz1og0p4yGTuL1lFg_aem_Cl_KH5FjNS0DfR4JLciMVA\" target=\"_blank\" rel=\"noopener\">Consultez les horaires les plus r\u00e9cents<\/a> UEMPOWER organise des distributions de repas et de nourriture, et livre \u00e9galement des repas aux personnes confin\u00e9es \u00e0 domicile. L&#039;association travaille avec des partenaires pour aider les individus et les familles \u00e0 s&#039;orienter parmi les aides sociales, les documents administratifs, les v\u00eatements, etc.<\/p>\n<p>Si vous avez besoin de nourriture ou d&#039;autres services, <a href=\"https:\/\/thefoodproject.jotform.com\/app\/252085176374966?fbclid=IwY2xjawNxn-1leHRuA2FlbQIxMABicmlkETF3WTRRMDFLWFgwcHFFYlBtAR4GlBC5R51LegBz-zIyswV4WOJWYca16ElrcV3SBIRFuCKwoKuZVm_aO4TyQg_aem_rcnPv2jagyzJg97yxnAMzw\" target=\"_blank\" rel=\"noopener\">Veuillez remplir ce formulaire d&#039;admission<\/a>.<\/p>\n<h3>So What Else Food Program<\/h3>\n<p>Pour vos courses, vos produits de base et vos couches, rendez-vous chez So What Else. La vari\u00e9t\u00e9, la quantit\u00e9 et la qualit\u00e9 des aliments peuvent varier d&#039;un jour \u00e0 l&#039;autre. Pensez \u00e0 apporter un sac ou un chariot pour transporter vos achats. Situ\u00e9 dans le sud-ouest de Baltimore, le Baltimore Resource Center vient en aide \u00e0 la communaut\u00e9 plusieurs jours par semaine. <a href=\"https:\/\/sowhatelse.org\/\" target=\"_blank\" rel=\"noopener\">Consultez leurs horaires les plus r\u00e9cents<\/a> et s&#039;informer sur les \u00e9v\u00e9nements sp\u00e9ciaux organis\u00e9s pour les personnes touch\u00e9es par la fermeture des services f\u00e9d\u00e9raux.<\/p>\n<h3>R\u00e9seau de r\u00e9frig\u00e9rateurs<\/h3>\n<p>Le r\u00e9seau BMore Community Fridge Network est un r\u00e9seau de r\u00e9frig\u00e9rateurs approvisionn\u00e9s en nourriture dans la r\u00e9gion de Baltimore. <a href=\"https:\/\/www.google.com\/maps\/d\/u\/0\/viewer?mid=144OL4Q89OhRc2JInBCT-TMrvVjZ5zG4&amp;ll=39.3519417%2C-76.60977299999999&amp;z=18\" target=\"_blank\" rel=\"noopener\">Trouvez des endroits o\u00f9 manger<\/a>.<\/p>\n\t\t\t\t<a href=\"https:\/\/search.211md.org\/\" target=\"_blank\" rel=\"noopener\" itemprop=\"url\">\n\t\t\t\t<img decoding=\"async\" src=\"https:\/\/stg-maryland211-staging.kinsta.cloud\/wp-content\/uploads\/2025\/08\/2025_MdInfoNet_Icon-Sets-white_Locate.png\" alt=\"\" itemprop=\"image\" onerror=\"this.style.display='none'\" loading=\"lazy\" \/>\n\t\t\t\t<\/a>\n<h2><a href=\"https:\/\/search.211md.org\/\" target=\"_blank\" rel=\"noopener\">Recherches courantes sur les aliments de la ville de Baltimore<\/a><\/h2><p>Click on the type of food you&#8217;re looking for in the Baltimore area, and search 211&#8217;s Community Resource Database. Narrow the results by entering a ZIP code.<\/p>\n\t\t\t<a href=\"https:\/\/search.211md.org\/search?query=BD-1800.2250&#038;query_type=taxonomy&#038;query_label=\" target=\"_blank\" rel=\"noopener\">\n\t\t\t\t\t\tBons alimentaires\n\t\t\t\t\t<\/a>\n\t\t\t<a href=\"https:\/\/search.211md.org\/search?query=BD-1800.2000&#038;query_type=taxonomy&#038;query_label=\" target=\"_blank\" rel=\"noopener\">\n\t\t\t\t\t\tGarde-manger\n\t\t\t\t\t<\/a>\n\t\t\t<a href=\"https:\/\/search.211md.org\/search?query=BD-1875.2000&#038;query_type=taxonomy&#038;query_label=\" target=\"_blank\" rel=\"noopener\">\n\t\t\t\t\t\tBanque alimentaire\n\t\t\t\t\t<\/a>\n\t\t\t<a href=\"https:\/\/search.211md.org\/search?query=BD-1800.8200-255&#038;query_label=Fresh+Food&#038;query_type=taxonomy&#038;distance=25\" target=\"_blank\" rel=\"noopener\">\n\t\t\t\t\t\tNourriture fra\u00eeche\n\t\t\t\t\t<\/a>\n\t\t\t<a href=\"https:\/\/search.211md.org\/search?query=Baby+Formula+%26+Food&#038;query_label=Baby+Formula+%26+Food&#038;query_type=taxonomy&#038;distance=25\" target=\"_blank\" rel=\"noopener\">\n\t\t\t\t\t\tFormule\/aliments pour b\u00e9b\u00e9s\n\t\t\t\t\t<\/a>\n\t\t\t<a href=\"https:\/\/search.211md.org\/search?query=BD-2400.2590&#038;query_type=taxonomy&#038;query_label=\" target=\"_blank\" rel=\"noopener\">\n\t\t\t\t\t\tLivraison d&#039;\u00e9picerie\n\t\t\t\t\t<\/a>\n\t<h2><b>R\u00e9ductions sur les \u00e9piceries \u00e0 Baltimore<\/b><\/h2>\n<p>Il existe deux autres moyens d\u2019\u00e9conomiser sur les courses\u00a0:<\/p>\n<ul>\n<li>PARTAGER le r\u00e9seau alimentaire<\/li>\n<li>B&#039;More Fresh (via Amazon)<\/li>\n<\/ul>\n<p>Les\u00a0<a href=\"https:\/\/211md.org\/fr\/ressources\/nourriture\/\" target=\"_blank\" rel=\"noopener\">PARTAGER le r\u00e9seau alimentaire<\/a> est une association \u00e0 but non lucratif qui propose des produits d&#039;\u00e9picerie sains \u00e0 environ la moiti\u00e9 du prix de vente au d\u00e9tail. Les menus sont mis \u00e0 jour chaque mois et les points de retrait sont r\u00e9partis dans tout le Maryland.<\/p>\n<h3>R\u00e9ductions Amazon<\/h3>\n<p>Les b\u00e9n\u00e9ficiaires du programme SNAP de la ville de Baltimore (anciennement appel\u00e9 bons alimentaires) peuvent recevoir un bon d&#039;achat $20 via B&#039;More Fresh et Amazon. S&#039;agissant d&#039;un programme Amazon, les produits seront livr\u00e9s.<\/p>\n<p>Les bons sont disponibles une fois par mois et doivent \u00eatre d\u00e9pens\u00e9s dans les 30 jours.<\/p>\n<p>Voici comment cela fonctionne.<\/p>\n<ul>\n<li>D\u00e9pensez $5 en fruits et l\u00e9gumes frais ou surgel\u00e9s \u00e9ligibles au programme SNAP\/EBT.<\/li>\n<li>Obtenez un bon d&#039;achat de $30 apr\u00e8s l&#039;achat.<\/li>\n<li>D\u00e9pensez le bon.<\/li>\n<li>Le processus peut \u00eatre r\u00e9p\u00e9t\u00e9 une fois par mois.<\/li>\n<\/ul>\n<p><em>Remarque : les d\u00e9tails du programme sont susceptibles d\u2019\u00eatre modifi\u00e9s.\u00a0<\/em><\/p>\n\t\t\t\t<img decoding=\"async\" src=\"https:\/\/211md.org\/wp-content\/uploads\/2021\/05\/Food-Donation.png\" alt=\"la nourriture \u00e0 Baltimore\" itemprop=\"image\" height=\"348\" width=\"460\" title=\"Don alimentaire\" onerror=\"this.style.display='none'\" loading=\"lazy\" \/>\n\t<h2>SNAP et WIC<\/h2>\n<p>Si vous avez besoin d\u2019aide pour payer vos courses, deux programmes d\u2019aide alimentaire sont disponibles.<\/p>\n<p>Lisez nos guides 211 sur les deux programmes\u00a0:<\/p>\n<ul>\n<li><a href=\"https:\/\/211md.org\/fr\/ressources\/nourriture\/bons-alimentaires\/\">Programme d&#039;assistance nutritionnelle suppl\u00e9mentaire ou SNAP<\/a>\u00a0(anciennement bons d&#039;alimentation) <\/li>\n<li><a href=\"https:\/\/211md.org\/fr\/ressources\/nourriture\/wic\/\">WIC<\/a> \u2013 pour les femmes enceintes et allaitantes admissibles et les enfants jusqu&#039;\u00e0 5 ans<\/li>\n<\/ul>\n<p>Obtenez de l&#039;aide pour ces demandes. Le personnel des services sociaux se rend chaque semaine dans les centres du Partenariat d&#039;action communautaire de la ville de Baltimore (BCCAP) pour participer \u00e0 ces programmes alimentaires. <a href=\"https:\/\/www.bmorechildren.com\/assistance\" target=\"_blank\" rel=\"noopener\">Contactez BCCAP<\/a> pour obtenir de l&#039;aide.<\/p>\n<h3>Trouver des banques alimentaires<\/h3>\n<p>La base de donn\u00e9es des ressources communautaires 211 r\u00e9pertorie les ressources alimentaires de la r\u00e9gion de Baltimore, des banques alimentaires aux soupes populaires. Trouvez ce que vous cherchez gr\u00e2ce \u00e0 ces recherches alimentaires courantes. Saisissez un code postal pour affiner votre recherche.<\/p>\n<p>&nbsp;<\/p>\n\t\t\t<a href=\"https:\/\/search.211md.org\/search?query=BD-1800.8200-250%2CNL-6000.9500%2CBD-5000.1500%2CBD-2400.2590%2CBD-5000.8300&#038;query_label=I+need+food+or+food+assistance.&#038;query_type=taxonomy&#038;distance=25\" target=\"_blank\" rel=\"noopener\">\n\t\t\t\t\t\tBaltimore City Food resources\n\t\t\t\t\t<\/a>\n\t\t\t\t<img decoding=\"async\" src=\"https:\/\/211md.org\/wp-content\/plugins\/bb-plugin\/img\/pixel.png\" alt=\"\" itemprop=\"image\" onerror=\"this.style.display='none'\" loading=\"lazy\" \/>\n\t\t\t\t<img decoding=\"async\" src=\"https:\/\/211md.org\/wp-content\/uploads\/bb-plugin\/cache\/Call-center-specialst-circle-4e9ecd7b3425be4576416abc911049bb-.jpg\" alt=\"Sp\u00e9cialiste des centres d&#039;appels\" itemprop=\"image\" title=\"Sp\u00e9cialiste des centres d&#039;appels\" onerror=\"this.style.display='none'\" loading=\"lazy\" \/>\n<h2>Composez le 211<\/h2><p>Parlez \u00e0 une personne attentionn\u00e9e et compatissante 24h\/24 et 7j\/7. Elle peut \u00e9galement vous orienter vers des ressources.\u00a0<\/p>\n\t\t\t<a href=\"tel:%20+211\" target=\"_blank\" rel=\"noopener\">\n\t\t\t\t\t\tComposez le 211 (mobile)\n\t\t\t\t\t<\/a>\n<h2>\n\t\t\tInformations connexes\t<\/h2>\n\t\t<h4><a href=\"\/fr\/ressources\/vieillissement-handicap\/?utm_source=Home&#038;utm_medium=Referral&#038;utm_campaign=211Resources&#038;utm_content=Aging\" target=\"_self\">Vieillissement &amp; Handicap<\/a><\/h4>\n\t\t\t\t<a href=\"\/fr\/ressources\/vieillissement-handicap\/?utm_source=Home&#038;utm_medium=Referral&#038;utm_campaign=211Resources&#038;utm_content=Aging\"  target=\"_self\" itemprop=\"url\">\n\t\t\t\t<img decoding=\"async\" src=\"https:\/\/211md.org\/wp-content\/uploads\/bb-plugin\/cache\/2025_MdInfoNet_Icon-Sets_Aging-disability-square-c466727102cae71e5f27b8539bb51945-.png\" alt=\"\" itemprop=\"image\" onerror=\"this.style.display='none'\" loading=\"lazy\" \/>\n\t\t\t\t<\/a>\n\t\t<h4><a href=\"\/fr\/ressources\/enfants-familles\/?utm_source=Home&#038;utm_medium=Referral&#038;utm_campaign=211Resources&#038;utm_content=Children\" target=\"_self\">Enfants et familles<\/a><\/h4>\n\t\t\t\t<a href=\"\/fr\/ressources\/enfants-familles\/?utm_source=Home&#038;utm_medium=Referral&#038;utm_campaign=211Resources&#038;utm_content=Children\"  target=\"_self\" itemprop=\"url\">\n\t\t\t\t<img decoding=\"async\" src=\"https:\/\/211md.org\/wp-content\/uploads\/bb-plugin\/cache\/2025_211_Icon-Sets_Child-care-square-f3b0d4edab3dcc467fadb5f55f4064c6-.png\" alt=\"parent and child icon for child care\" itemprop=\"image\" height=\"417\" width=\"417\" title=\"2025_211_Ensembles d&#039;ic\u00f4nes_Garde d&#039;enfants\" onerror=\"this.style.display='none'\" loading=\"lazy\" \/>\n\t\t\t\t<\/a>\n\t\t<h4><a href=\"\/fr\/ressources\/violence-familiale-domestique\/?utm_source=Home&#038;utm_medium=Referral&#038;utm_campaign=211Resources&#038;utm_content=Domestic\" target=\"_self\">Violence Domestique<\/a><\/h4>\n\t\t\t\t<a href=\"\/fr\/ressources\/violence-familiale-domestique\/?utm_source=Home&#038;utm_medium=Referral&#038;utm_campaign=211Resources&#038;utm_content=Domestic\"  target=\"_self\" itemprop=\"url\">\n\t\t\t\t<img decoding=\"async\" src=\"https:\/\/211md.org\/wp-content\/uploads\/bb-plugin\/cache\/2025_211_Icon-Sets_Domestic-Violence-square-7b597694a6f05fe90cdc376aa573bc63-.png\" alt=\"House with a heart in the middle icon\" itemprop=\"image\" height=\"417\" width=\"417\" title=\"2025_211_Ensembles d&#039;ic\u00f4nes_Violence domestique\" onerror=\"this.style.display='none'\" loading=\"lazy\" \/>\n\t\t\t\t<\/a>\n\t\t<h4><a href=\"\/fr\/ressources\/recherche-demploi\/?utm_source=Home&#038;utm_medium=Referral&#038;utm_campaign=211Resources&#038;utm_content=Employment\" target=\"_self\">Emploi<\/a><\/h4>\n\t\t\t\t<a href=\"\/fr\/ressources\/recherche-demploi\/?utm_source=Home&#038;utm_medium=Referral&#038;utm_campaign=211Resources&#038;utm_content=Employment\"  target=\"_self\" itemprop=\"url\">\n\t\t\t\t<img decoding=\"async\" src=\"https:\/\/211md.org\/wp-content\/uploads\/bb-plugin\/cache\/2025_MdInfoNet_Icon-Sets_Employment-square-44707bd410e4df10a470bf130ebcea86-.png\" alt=\"\" itemprop=\"image\" onerror=\"this.style.display='none'\" loading=\"lazy\" \/>\n\t\t\t\t<\/a>\n\t\t<h4><a href=\"\/fr\/ressources\/soins-de-sante\/?utm_source=Home&#038;utm_medium=Referral&#038;utm_campaign=211Resources&#038;utm_content=Health%20Care\" target=\"_self\">Soins de sant\u00e9<\/a><\/h4>\n\t\t\t\t<a href=\"\/fr\/ressources\/soins-de-sante\/?utm_source=Home&#038;utm_medium=Referral&#038;utm_campaign=211Resources&#038;utm_content=Health%20Care\"  target=\"_self\" itemprop=\"url\">\n\t\t\t\t<img decoding=\"async\" src=\"https:\/\/211md.org\/wp-content\/uploads\/bb-plugin\/cache\/2025_MdInfoNet_Icon-Sets_Health-Care-square-dee98a0060cbe0e7f27eda253fc12679-.png\" alt=\"\" itemprop=\"image\" onerror=\"this.style.display='none'\" loading=\"lazy\" \/>\n\t\t\t\t<\/a>\n\t\t<h4><a href=\"\/fr\/ressources\/enfants-familles\/parente\/?utm_source=Home&#038;utm_medium=Referral&#038;utm_campaign=211Resources&#038;utm_content=Kinship\" target=\"_self\">Parent\u00e9<\/a><\/h4>\n\t\t\t\t<a href=\"\/fr\/ressources\/enfants-familles\/parente\/?utm_source=Home&#038;utm_medium=Referral&#038;utm_campaign=211Resources&#038;utm_content=Kinship\"  target=\"_self\" itemprop=\"url\">\n\t\t\t\t<img decoding=\"async\" src=\"https:\/\/211md.org\/wp-content\/uploads\/bb-plugin\/cache\/2025_211_Icon-Sets_Kinship-square-45bdf872866f5735f842c32071109267-.png\" alt=\"Ic\u00f4ne de parent\u00e9\" itemprop=\"image\" height=\"417\" width=\"417\" title=\"2025_211_Ensembles d&#039;ic\u00f4nes_Parent\u00e9\" onerror=\"this.style.display='none'\" loading=\"lazy\" \/>\n\t\t\t\t<\/a>\n\t\t<h4><a href=\"\/fr\/ressources\/services-juridiques\/?utm_source=Home&#038;utm_medium=Referral&#038;utm_campaign=211Resources&#038;utm_content=Legal\" target=\"_self\">Services juridiques<\/a><\/h4>\n\t\t\t\t<a href=\"\/fr\/ressources\/services-juridiques\/?utm_source=Home&#038;utm_medium=Referral&#038;utm_campaign=211Resources&#038;utm_content=Legal\"  target=\"_self\" itemprop=\"url\">\n\t\t\t\t<img decoding=\"async\" src=\"https:\/\/211md.org\/wp-content\/uploads\/bb-plugin\/cache\/2025_MdInfoNet_Icon-Sets_Legal-square-18fdf438feb8435588174d9046463257-.png\" alt=\"\" itemprop=\"image\" onerror=\"this.style.display='none'\" loading=\"lazy\" \/>\n\t\t\t\t<\/a>\n\t\t<h4><a href=\"\/fr\/ressources\/sante-mentale\/?utm_source=Home&#038;utm_medium=Referral&#038;utm_campaign=211Resources&#038;utm_content=Mental\" target=\"_self\">Sant\u00e9 mentale<\/a><\/h4>\n\t\t\t\t<a href=\"\/fr\/ressources\/sante-mentale\/?utm_source=Home&#038;utm_medium=Referral&#038;utm_campaign=211Resources&#038;utm_content=Mental\"  target=\"_self\" itemprop=\"url\">\n\t\t\t\t<img decoding=\"async\" src=\"https:\/\/211md.org\/wp-content\/uploads\/bb-plugin\/cache\/2025_MdInfoNet_Icon-Sets_Mental-Health-square-c59b38c4a993a947d4c9280fbe2d2fee-.png\" alt=\"\" itemprop=\"image\" onerror=\"this.style.display='none'\" loading=\"lazy\" \/>\n\t\t\t\t<\/a>\n\t\t<h4><a href=\"\/fr\/ressources\/mdreentry\/?utm_source=Home&#038;utm_medium=Referral&#038;utm_campaign=211Resources&#038;utm_content=Reentry\" target=\"_self\">Rentr\u00e9e<\/a><\/h4>\n\t\t\t\t<a href=\"\/fr\/ressources\/mdreentry\/?utm_source=Home&#038;utm_medium=Referral&#038;utm_campaign=211Resources&#038;utm_content=Reentry\"  target=\"_self\" itemprop=\"url\">\n\t\t\t\t<img decoding=\"async\" src=\"https:\/\/211md.org\/wp-content\/uploads\/bb-plugin\/cache\/2025_211_Icon-Sets_Reentry-square-8676fea38abd920a832f45642fe31cca-.png\" alt=\"Ic\u00f4ne de rentr\u00e9e\" itemprop=\"image\" height=\"417\" width=\"417\" title=\"2025_211_Ensembles d&#039;ic\u00f4nes_R\u00e9entr\u00e9e\" onerror=\"this.style.display='none'\" loading=\"lazy\" \/>\n\t\t\t\t<\/a>\n\t\t<h4><a href=\"\/fr\/ressources\/consommation-de-substances\/?utm_source=Home&#038;utm_medium=Referral&#038;utm_campaign=211Resources&#038;utm_content=Substance\" target=\"_self\">Consommation de substances<\/a><\/h4>\n\t\t\t\t<a href=\"\/fr\/ressources\/consommation-de-substances\/?utm_source=Home&#038;utm_medium=Referral&#038;utm_campaign=211Resources&#038;utm_content=Substance\"  target=\"_self\" itemprop=\"url\">\n\t\t\t\t<img decoding=\"async\" src=\"https:\/\/211md.org\/wp-content\/uploads\/bb-plugin\/cache\/2025_MdInfoNet_Icon-Sets_Substance-Abuse-square-9022fec9d18a64118ad685c101885b55-.png\" alt=\"\" itemprop=\"image\" onerror=\"this.style.display='none'\" loading=\"lazy\" \/>\n\t\t\t\t<\/a>\n\t\t<h4><a href=\"\/fr\/ressources\/anciens-combattants\/?utm_source=Home&#038;utm_medium=Referral&#038;utm_campaign=211Resources&#038;utm_content=Veterans\" target=\"_self\">anciens combattants<\/a><\/h4>\n\t\t\t\t<a href=\"\/fr\/ressources\/anciens-combattants\/?utm_source=Home&#038;utm_medium=Referral&#038;utm_campaign=211Resources&#038;utm_content=Veterans\"  target=\"_self\" itemprop=\"url\">\n\t\t\t\t<img decoding=\"async\" src=\"https:\/\/211md.org\/wp-content\/uploads\/bb-plugin\/cache\/2025_MdInfoNet_Icon-Sets_Rating-square-6e60d00cce4faa8e0a6d4ad7366aa733-.png\" alt=\"\" itemprop=\"image\" onerror=\"this.style.display='none'\" loading=\"lazy\" \/>\n\t\t\t\t<\/a>","protected":false},"excerpt":{"rendered":"<p>Looking for food in Baltimore City? There are several options available, including grocery delivery and produce box distribution. Get Started Free Food Programs in Baltimore City The Baltimore City area has resources and support for those impacted by the federal shutdown or who are facing food insecurity for any other reason. Produce Box Distribution Residents&hellip;<\/p>","protected":false},"author":8,"featured_media":3034,"parent":746,"menu_order":0,"comment_status":"closed","ping_status":"closed","template":"","meta":{"footnotes":""},"class_list":["post-2010","page","type-page","status-publish","has-post-thumbnail","hentry"],"_links":{"self":[{"href":"https:\/\/211md.org\/fr\/wp-json\/wp\/v2\/pages\/2010","targetHints":{"allow":["GET"]}}],"collection":[{"href":"https:\/\/211md.org\/fr\/wp-json\/wp\/v2\/pages"}],"about":[{"href":"https:\/\/211md.org\/fr\/wp-json\/wp\/v2\/types\/page"}],"author":[{"embeddable":true,"href":"https:\/\/211md.org\/fr\/wp-json\/wp\/v2\/users\/8"}],"replies":[{"embeddable":true,"href":"https:\/\/211md.org\/fr\/wp-json\/wp\/v2\/comments?post=2010"}],"version-history":[{"count":11,"href":"https:\/\/211md.org\/fr\/wp-json\/wp\/v2\/pages\/2010\/revisions"}],"predecessor-version":[{"id":34242,"href":"https:\/\/211md.org\/fr\/wp-json\/wp\/v2\/pages\/2010\/revisions\/34242"}],"up":[{"embeddable":true,"href":"https:\/\/211md.org\/fr\/wp-json\/wp\/v2\/pages\/746"}],"wp:featuredmedia":[{"embeddable":true,"href":"https:\/\/211md.org\/fr\/wp-json\/wp\/v2\/media\/3034"}],"wp:attachment":[{"href":"https:\/\/211md.org\/fr\/wp-json\/wp\/v2\/media?parent=2010"}],"curies":[{"name":"wp","href":"https:\/\/api.w.org\/{rel}","templated":true}]}}