{"id":2217,"date":"2021-06-21T08:33:23","date_gmt":"2021-06-21T12:33:23","guid":{"rendered":"https:\/\/211md.org\/?page_id=2217"},"modified":"2025-07-01T09:09:03","modified_gmt":"2025-07-01T13:09:03","slug":"healthcheck","status":"publish","type":"page","link":"https:\/\/211md.org\/fr\/healthcheck\/","title":{"rendered":"Bilan de sant\u00e9 211"},"content":{"rendered":"<h2>Bilans de sant\u00e9 mentale<\/h2>\n<p><b>Bilan de sant\u00e9 termin\u00e9. Si vous avez besoin d&#039;aide en sant\u00e9 mentale, appelez ou envoyez un SMS au 988. <a href=\"https:\/\/health.maryland.gov\/bha\/Pages\/988md.aspx\" target=\"_blank\" rel=\"noopener\">En savoir plus sur le 988 dans le Maryland<\/a>.<\/b><\/p>\n\t\t\t\t<img decoding=\"async\" src=\"http:\/\/211md.org\/wp-content\/uploads\/2021\/06\/Image-Placeholder@2x.png\" alt=\"Bilan de sant\u00e9\" itemprop=\"image\" title=\"Image-Placeholder@2x\" onerror=\"this.style.display='none'\" loading='lazy' \/>\n<h2>Thomas Bloom Raskin<\/h2>\n<p>Tu n&#039;es pas seul! Tommy Raskin a aussi march\u00e9 dans vos souliers. Le jeune homme de 25 ans est le fils du membre du Congr\u00e8s Jamie Raskin, de Takoma Park et du 8e district du Congr\u00e8s du Maryland. Tommy a lutt\u00e9 contre la d\u00e9pression avant de se suicider.<\/p>\n<p>C&#039;est \u00e0 sa m\u00e9moire que nous rendons hommage avec le Thomas Bloom Raskin Act\/211 Health Check.<\/p>\n<p>Le soutien t\u00e9l\u00e9phonique proactif en sant\u00e9 mentale offre une connexion individuelle avec un sp\u00e9cialiste chaleureux et attentionn\u00e9 form\u00e9 \u00e0 la pr\u00e9vention du suicide et au soutien en sant\u00e9 mentale.<\/p>","protected":false},"excerpt":{"rendered":"<p>Bilans de sant\u00e9 mentale termin\u00e9s. Si vous avez besoin d&#039;aide en sant\u00e9 mentale, appelez ou envoyez un SMS au 988. En savoir plus sur le 988 dans le Maryland. Thomas Bloom Raskin\u00a0: Vous n&#039;\u00eates pas seul\u00a0! Tommy Raskin a v\u00e9cu la m\u00eame chose. Ce jeune homme de 25\u00a0ans est le fils du d\u00e9put\u00e9 Jamie Raskin, de Takoma Park et du 8e district du Maryland. Tommy a lutt\u00e9\u2026<\/p>","protected":false},"author":8,"featured_media":0,"parent":0,"menu_order":0,"comment_status":"closed","ping_status":"closed","template":"","meta":{"footnotes":""},"class_list":["post-2217","page","type-page","status-publish","hentry"],"_links":{"self":[{"href":"https:\/\/211md.org\/fr\/wp-json\/wp\/v2\/pages\/2217","targetHints":{"allow":["GET"]}}],"collection":[{"href":"https:\/\/211md.org\/fr\/wp-json\/wp\/v2\/pages"}],"about":[{"href":"https:\/\/211md.org\/fr\/wp-json\/wp\/v2\/types\/page"}],"author":[{"embeddable":true,"href":"https:\/\/211md.org\/fr\/wp-json\/wp\/v2\/users\/8"}],"replies":[{"embeddable":true,"href":"https:\/\/211md.org\/fr\/wp-json\/wp\/v2\/comments?post=2217"}],"version-history":[{"count":7,"href":"https:\/\/211md.org\/fr\/wp-json\/wp\/v2\/pages\/2217\/revisions"}],"predecessor-version":[{"id":4823,"href":"https:\/\/211md.org\/fr\/wp-json\/wp\/v2\/pages\/2217\/revisions\/4823"}],"wp:attachment":[{"href":"https:\/\/211md.org\/fr\/wp-json\/wp\/v2\/media?parent=2217"}],"curies":[{"name":"wp","href":"https:\/\/api.w.org\/{rel}","templated":true}]}}