{"id":2528,"date":"2022-01-28T11:46:44","date_gmt":"2022-01-28T16:46:44","guid":{"rendered":"https:\/\/211md.org\/?page_id=2528"},"modified":"2026-04-13T08:21:22","modified_gmt":"2026-04-13T12:21:22","slug":"211-day","status":"publish","type":"page","link":"https:\/\/211md.org\/fr\/211-day\/","title":{"rendered":"211 jours"},"content":{"rendered":"<h2>\n\t\tDu bonjour \u00e0 l&#039;aide, le 211 est l\u00e0.\n\t<\/h2>\n\t<h3>499 000 appels, SMS et discussions Web.<\/h3>\n<p>Pour c\u00e9l\u00e9brer le jour 211, faites un don \u00e0 notre organisation \u00e0 but non lucratif 501(c)(3) afin que le 211 puisse continuer \u00e0 changer des vies.<\/p>\n\t\t\t<a href=\"\/fr\/donner\/\" target=\"_self\" role=\"button\" rel=\"noopener\">\n\t\t\t\t\t\t\tDonner\n\t\t\t\t\t<\/a>\n<h2>\n\t\tR\u00e9seau de centres d&#039;appels 211\n\t<\/h2>\n\t<p>211 sp\u00e9cialistes professionnellement form\u00e9s et certifi\u00e9s sont disponibles 24 heures sur 24, 7 jours sur 7, 365 jours par an.<\/p>\n\t\t\t\t<img decoding=\"async\" src=\"https:\/\/211md.org\/wp-content\/uploads\/2022\/01\/211-Maryland-Call-Center-Network-CCSI.jpg\" alt=\"211-Maryland-Call-Center-Network-CCSI\" itemprop=\"image\" title=\"211-Maryland-Call-Center-Network-CCSI\" onerror=\"this.style.display='none'\">\n\t<h2>211 jours<\/h2>\n<p>Le 11 f\u00e9vrier de chaque ann\u00e9e, le r\u00e9seau 211 c\u00e9l\u00e8bre la Journ\u00e9e 211. C&#039;est une c\u00e9l\u00e9bration de la mani\u00e8re dont le 211 connecte les individus aux services de sant\u00e9 et sociaux essentiels.<\/p>\n<p>Le service gratuit et confidentiel est disponible dans les communaut\u00e9s aux \u00c9tats-Unis et au Canada 24 heures sur 24, 7 jours sur 7 et 365 jours par an.<\/p>\n<p><strong><a href=\"\/fr\/about\/\" target=\"_blank\" rel=\"noopener\">Apprenez-en davantage sur l\u2019histoire du 211 Maryland<\/a>.<\/strong><\/p>\n\t<h2>Le pouvoir des partenariats<\/h2>\n<p>Les agences d&#039;\u00c9tat et \u00e0 but non lucratif exploitent la capacit\u00e9 de 211 Maryland pour atteindre les Marylanders. Ensemble, nous renfor\u00e7ons le Maryland.<\/p>\n\t\t\t\t<img decoding=\"async\" src=\"https:\/\/211md.org\/wp-content\/uploads\/2022\/01\/Maryland-Access-Point.jpg\" alt=\"Site Web du point d&#039;acc\u00e8s du Maryland\" itemprop=\"image\" title=\"Point d&#039;acc\u00e8s du Maryland\" onerror=\"this.style.display='none'\">\n<h3>Point d&#039;acc\u00e8s du Maryland<\/h3>\t\t\n<p>211 Maryland a con\u00e7u une nouvelle fa\u00e7on de communiquer avec les personnes \u00e2g\u00e9es par le biais de messages texte et a accru l&#039;acc\u00e8s aux informations sur le vieillissement et le handicap en int\u00e9grant le site Web et la base de donn\u00e9es Maryland Access Point (MAP) de longue date de l&#039;\u00c9tat au site Web 211 et au r\u00e9seau de centres d&#039;appels 24h\/24 et 7j\/7.<\/p>\n<p>Partenaire\u00a0: D\u00e9partement du vieillissement du Maryland (MDoA)<\/p>\n\t\t\t\t<img decoding=\"async\" src=\"https:\/\/211md.org\/wp-content\/uploads\/2021\/06\/image002.png\" alt=\"image002\" itemprop=\"image\" title=\"image002\" onerror=\"this.style.display='none'\">\n<h3>Bilan de sant\u00e9 211<\/h3>\t\t\n<p>Ce programme unique en son genre connecte chaque semaine les habitants du Maryland \u00e0 un soutien en sant\u00e9 mentale gratuit et confidentiel.<\/p>\n<p>Partenaire : D\u00e9partement de la Sant\u00e9 du Maryland.<\/p>\n\t\t\t\t<img decoding=\"async\" src=\"https:\/\/211md.org\/wp-content\/uploads\/2022\/01\/African-American-girl-texting.jpg\" alt=\"Envoyer des SMS \u00e0 une fille afro-am\u00e9ricaine\" itemprop=\"image\" title=\"Envoyer des SMS \u00e0 une fille afro-am\u00e9ricaine\" onerror=\"this.style.display='none'\">\n<h3>Alertes texte MdReady\/MdListo<\/h3>\t\t\n\t\t\t<p>Le programme d&#039;envoi de SMS du 211 Maryland tient les habitants du Maryland inform\u00e9s avant, pendant et apr\u00e8s une urgence de sant\u00e9 et de s\u00e9curit\u00e9 publiques.<\/p>\n<p>Partenaire\u00a0: D\u00e9partement de gestion des urgences du Maryland (MDEM)<\/p>\n\t\t\t<a href=\"\/fr\/partenaire\/\" target=\"_self\" role=\"button\" rel=\"noopener\">\n\t\t\t\t\t\t\tPartenons\n\t\t\t\t\t<\/a>","protected":false},"excerpt":{"rendered":"<p>Du bonjour \u00e0 l&#039;aide, le 211 est l\u00e0. 499 000 appels, SMS et discussions Web. Pour c\u00e9l\u00e9brer le jour 211, faites un don \u00e0 notre organisation \u00e0 but non lucratif 501(c)(3) afin que le 211 puisse continuer \u00e0 changer des vies. Faites un don R\u00e9seau de centres d&#039;appels 211 Des sp\u00e9cialistes 211 professionnellement form\u00e9s et certifi\u00e9s sont disponibles 24 heures sur 24, 7 jours sur 7, 365 jours par an. Journ\u00e9e 211 Le 11 f\u00e9vrier de chaque ann\u00e9e, le r\u00e9seau 211 c\u00e9l\u00e8bre\u2026<\/p>","protected":false},"author":7,"featured_media":0,"parent":0,"menu_order":0,"comment_status":"closed","ping_status":"closed","template":"","meta":{"footnotes":""},"class_list":["post-2528","page","type-page","status-publish","hentry"],"_links":{"self":[{"href":"https:\/\/211md.org\/fr\/wp-json\/wp\/v2\/pages\/2528","targetHints":{"allow":["GET"]}}],"collection":[{"href":"https:\/\/211md.org\/fr\/wp-json\/wp\/v2\/pages"}],"about":[{"href":"https:\/\/211md.org\/fr\/wp-json\/wp\/v2\/types\/page"}],"author":[{"embeddable":true,"href":"https:\/\/211md.org\/fr\/wp-json\/wp\/v2\/users\/7"}],"replies":[{"embeddable":true,"href":"https:\/\/211md.org\/fr\/wp-json\/wp\/v2\/comments?post=2528"}],"version-history":[{"count":1,"href":"https:\/\/211md.org\/fr\/wp-json\/wp\/v2\/pages\/2528\/revisions"}],"predecessor-version":[{"id":4463,"href":"https:\/\/211md.org\/fr\/wp-json\/wp\/v2\/pages\/2528\/revisions\/4463"}],"wp:attachment":[{"href":"https:\/\/211md.org\/fr\/wp-json\/wp\/v2\/media?parent=2528"}],"curies":[{"name":"wp","href":"https:\/\/api.w.org\/{rel}","templated":true}]}}