{"id":2635,"date":"2022-03-21T10:48:51","date_gmt":"2022-03-21T14:48:51","guid":{"rendered":"https:\/\/211md.org\/?page_id=2635"},"modified":"2026-03-04T11:55:22","modified_gmt":"2026-03-04T16:55:22","slug":"mdyoungminds","status":"publish","type":"page","link":"https:\/\/211md.org\/fr\/about\/text-messages\/mdyoungminds\/","title":{"rendered":"MDYoungMinds\u00a0:\u00a0messages texte pour la sant\u00e9 mentale des adolescents"},"content":{"rendered":"<figure itemscope itemtype=\"https:\/\/schema.org\/ImageObject\">\n\t\t\t\t<img decoding=\"async\" src=\"http:\/\/211md.org\/wp-content\/uploads\/2025\/06\/Two-teens-talking-on-way-to-basketball-court.jpg\" alt=\"Deux adolescents discutent en se rendant au terrain de basket\" title=\"Deux adolescents discutent en se rendant au terrain de basket\" onerror=\"this.style.display='none'\" loading=\"lazy\" \/>\n\t<\/figure>\n\t<h2>Comment fonctionne MDYoungMinds<\/h2>\n<p>MD Young Minds est un programme de messagerie texte qui connecte les adolescents et les adolescents avec des textes de soutien. Ils se concentrent sur les pr\u00e9occupations et les soucis des adolescents. C&#039;est un programme con\u00e7u par le <a href=\"https:\/\/health.maryland.gov\/newsroom\/Pages\/Maryland-Department-of-Health-launches-Youth-Suicide-Prevention-Toolkit-and-MD-Young-Minds-progra.aspx\" target=\"_blank\" rel=\"noopener\">D\u00e9partement de la sant\u00e9 du Maryland,<\/a>\u00a0Bureau de pr\u00e9vention du suicide et utilise la plateforme de SMS de 211 Maryland.<\/p>\n<p>Dans le Maryland, un adolescent sur cinq a envisag\u00e9 de tenter de se suicider au cours de la derni\u00e8re ann\u00e9e, selon l&#039;enqu\u00eate sur le comportement pand\u00e9mique des jeunes du Maryland de 2021.<\/p>\n<p>Les messages continus rappellent \u00e9galement aux jeunes qu&#039;un soutien imm\u00e9diat en mati\u00e8re de sant\u00e9 mentale est toujours disponible via la ligne de vie 988 Suicide &amp; Crisis. Vous pouvez appeler ou envoyer un SMS au 988. <a href=\"https:\/\/health.maryland.gov\/bha\/Pages\/988md.aspx\" target=\"_blank\" rel=\"noopener\">En savoir plus sur le 988 dans le Maryland<\/a>, un programme d&#039;administration de la sant\u00e9 comportementale du minist\u00e8re de la Sant\u00e9 du Maryland.<\/p>\n<p>MDYoungMinds est une extension de <a href=\"https:\/\/211md.org\/fr\/about\/des-messages-texte\/md-sante-de-lesprit\/\" target=\"_blank\" rel=\"noopener\">MDMindHealth\/MDSaludMental<\/a>, qui propose des SMS en anglais et en espagnol pour adultes.<\/p>\n<p>Inscrivez-vous en envoyant un texto \u00e0 MYoungMinds au 898-211.<\/p>\n<p><em>211 Maryland propose des programmes d&#039;alerte par SMS qui fournissent des informations sur les ressources sp\u00e9cifiques \u00e0 la r\u00e9gion ou des alertes en cas de catastrophe. Des frais de messagerie et de donn\u00e9es peuvent s&#039;appliquer et la fr\u00e9quence des messages peut varier. Pour obtenir de l&#039;aide, envoyez HELP par SMS. Pour vous d\u00e9sinscrire, envoyez STOP par SMS au m\u00eame num\u00e9ro. Conditions compl\u00e8tes des SMS sur <a href=\"https:\/\/211md.org\/fr\/sms\/\">https:\/\/211md.org\/sms\/<\/a>\u00a0s&#039;appliquera \u00e9galement.<\/em><\/p>\n\t\t\t<a href=\"sms:\/\/898-211;?&#038;body=MDYoungMinds\" target=\"_blank\" rel=\"noopener\">\n\t\t\t\t\t\t\tTexte MDYoungMinds\n\t\t\t\t\t<\/a>","protected":false},"excerpt":{"rendered":"<p>Comment fonctionne MDYoungMinds MD Young Minds est un programme de messagerie texte qui connecte les adolescents et les adolescents avec des textes de soutien. Ils se concentrent sur les pr\u00e9occupations et les soucis des adolescents. Il s&#039;agit d&#039;un programme con\u00e7u par le minist\u00e8re de la Sant\u00e9 du Maryland, Bureau de pr\u00e9vention du suicide, et utilise la plateforme de messagerie texte de 211 Maryland. Dans le Maryland, un adolescent sur cinq a envisag\u00e9 de tenter de se suicider en...<\/p>","protected":false},"author":7,"featured_media":2662,"parent":962,"menu_order":0,"comment_status":"closed","ping_status":"closed","template":"","meta":{"footnotes":""},"class_list":["post-2635","page","type-page","status-publish","has-post-thumbnail","hentry"],"_links":{"self":[{"href":"https:\/\/211md.org\/fr\/wp-json\/wp\/v2\/pages\/2635","targetHints":{"allow":["GET"]}}],"collection":[{"href":"https:\/\/211md.org\/fr\/wp-json\/wp\/v2\/pages"}],"about":[{"href":"https:\/\/211md.org\/fr\/wp-json\/wp\/v2\/types\/page"}],"author":[{"embeddable":true,"href":"https:\/\/211md.org\/fr\/wp-json\/wp\/v2\/users\/7"}],"replies":[{"embeddable":true,"href":"https:\/\/211md.org\/fr\/wp-json\/wp\/v2\/comments?post=2635"}],"version-history":[{"count":2,"href":"https:\/\/211md.org\/fr\/wp-json\/wp\/v2\/pages\/2635\/revisions"}],"predecessor-version":[{"id":34413,"href":"https:\/\/211md.org\/fr\/wp-json\/wp\/v2\/pages\/2635\/revisions\/34413"}],"up":[{"embeddable":true,"href":"https:\/\/211md.org\/fr\/wp-json\/wp\/v2\/pages\/962"}],"wp:featuredmedia":[{"embeddable":true,"href":"https:\/\/211md.org\/fr\/wp-json\/wp\/v2\/media\/2662"}],"wp:attachment":[{"href":"https:\/\/211md.org\/fr\/wp-json\/wp\/v2\/media?parent=2635"}],"curies":[{"name":"wp","href":"https:\/\/api.w.org\/{rel}","templated":true}]}}