{"id":3132,"date":"2022-06-14T08:07:18","date_gmt":"2022-06-14T12:07:18","guid":{"rendered":"https:\/\/211md.org\/?page_id=3132"},"modified":"2024-09-05T10:25:02","modified_gmt":"2024-09-05T14:25:02","slug":"jespere","status":"publish","type":"page","link":"https:\/\/211md.org\/fr\/resources\/substance-use\/mdhope\/","title":{"rendered":"Obtenez une assistance opio\u00efde dans le Maryland avec MDHope"},"content":{"rendered":"<h2>Il y a de l&#039;espoir si Y<strong>ou quelqu&#039;un que vous connaissez<\/strong>w Consomme des opio\u00efdes.<\/h2>\n\t<p>Envoyez MDHope au 898211. C\u2019est gratuit et confidentiel.<\/p>\n\t\t\t<a href=\"sms:\/\/898-211;?&#038;body=MDHope\" target=\"_blank\" rel=\"noopener\">\n\t\t\t\t\t\t\tS&#039;inscrire maintenant\n\t\t\t\t\t<\/a>\n\t<p><em>Des frais de messagerie et de donn\u00e9es peuvent s&#039;appliquer et la fr\u00e9quence des messages peut varier. Pour obtenir de l&#039;aide, envoyez HELP par SMS. Pour vous d\u00e9sinscrire, envoyez STOP par SMS au m\u00eame num\u00e9ro. Conditions compl\u00e8tes des SMS sur\u00a0<a href=\"https:\/\/211md.org\/fr\/sms\/\">https:\/\/211md.org\/sms\/<\/a>\u00a0s&#039;appliquera \u00e9galement.<\/em><\/p>\n<h2>\n\t\tComment fonctionne MDHope\n\t<\/h2>\n\t\t\t\t<img loading=\"lazy\" decoding=\"async\" src=\"https:\/\/211md.org\/wp-content\/uploads\/2021\/05\/Screen-Shot-2021-05-26-at-11.27.15-AM.svg\" alt=\"Image du num\u00e9ro 1\" itemprop=\"image\" height=\"150\" width=\"150\" title=\"Image du num\u00e9ro 1\" onerror=\"this.style.display='none'\"  \/>\n<h3>Texte<\/h3><p>Texte\u00a0<strong>MDHope<\/strong>\u00a0au 898-211 pour vous inscrire aux SMS.\u00a0<sup>1<\/sup><\/p>\n<p><sup>1<\/sup><em>211 Maryland propose des programmes d&#039;alerte par SMS qui fournissent des informations sur les ressources sp\u00e9cifiques \u00e0 la r\u00e9gion ou des alertes en cas de catastrophe. Des frais de messagerie et de donn\u00e9es peuvent s&#039;appliquer et la fr\u00e9quence des messages peut varier. Pour obtenir de l&#039;aide, envoyez HELP par SMS. Pour vous d\u00e9sinscrire, envoyez STOP par SMS au m\u00eame num\u00e9ro. Les conditions g\u00e9n\u00e9rales compl\u00e8tes des SMS sur https:\/\/211md.org\/sms\/ s&#039;appliquent \u00e9galement.<\/em><\/p>\n\t\t\t\t<img loading=\"lazy\" decoding=\"async\" src=\"https:\/\/211md.org\/wp-content\/uploads\/2021\/05\/Screen-Shot-2021-05-26-at-11.27.25-AM.svg\" alt=\"Image du chiffre 2\" itemprop=\"image\" height=\"150\" width=\"150\" title=\"Image du num\u00e9ro 2\" onerror=\"this.style.display='none'\"  \/>\n<h3>Entrez votre code postal<\/h3><p>Lorsque vous y \u00eates invit\u00e9, fournissez votre code postal afin que nous puissions trouver des ressources locales pour vous aider \u00e0 trouver l&#039;espoir.<\/p>\n\t\t\t\t<img loading=\"lazy\" decoding=\"async\" src=\"https:\/\/211md.org\/wp-content\/uploads\/2021\/05\/Screen-Shot-2021-05-26-at-11.27.40-AM.svg\" alt=\"Image du chiffre 3\" itemprop=\"image\" height=\"149\" width=\"149\" title=\"Image du chiffre 3\" onerror=\"this.style.display='none'\"  \/>\n<h3>Trouver de l&#039;aide<\/h3><p>Connectez-vous aux ressources locales en nous indiquant si vous recherchez de l&#039;aide pour vous-m\u00eame, un ami, un membre de votre famille ou un client. Le 211 vous enverra les informations que vous demandez, telles que <a href=\"https:\/\/sundown.org\/\" target=\"_blank\" rel=\"noopener\">centres de traitement<\/a>, m\u00e9dicaments contre les surdoses, \u00e9limination s\u00e9curitaire des m\u00e9dicaments ou soutien \u00e0 la pr\u00e9vention.<\/p>\n<p><strong>Vous pouvez \u00e9galement vous connecter avec une personne en direct \u00e0 tout moment.<\/strong><\/p>\n\t<h2>Connectez les autres \u00e0 MDHope<\/h2>\n<p>Imprimez la carte de sensibilisation t\u00e9l\u00e9chargeable et la fiche d&#039;information pour connecter les Marylanders \u00e0 l&#039;espoir.<\/p>\n\t\t\t\t<a href=\"\/wp-content\/uploads\/2022\/07\/2022-06_211MDHope-OutreachCard_063022_PRINT.pdf\" target=\"_blank\" rel=\"noopener\" itemprop=\"url\">\n\t\t\t\t<img loading=\"lazy\" decoding=\"async\" src=\"https:\/\/211md.org\/wp-content\/uploads\/2022\/07\/MDHope-Outreach-Card-July-2022.jpg\" alt=\"Carte de sensibilisation MDHope pour la consommation d&#039;opio\u00efdes\" itemprop=\"image\" height=\"600\" width=\"1050\" title=\"Carte de sensibilisation MDHope juillet 2022\" onerror=\"this.style.display='none'\"  \/>\n\t\t\t\t<\/a>\n\t<p><a href=\"\/wp-content\/uploads\/2022\/07\/2022-06_211MDHope-OutreachCard_063022_PRINT.pdf\" target=\"_blank\" rel=\"noopener\"><strong>T\u00e9l\u00e9charger<\/strong><\/a><\/p>\n\t\t\t\t<a href=\"\/wp-content\/uploads\/2022\/07\/MDHope-Printable-Fact-Sheet-2022.pdf\" target=\"_blank\" rel=\"noopener\" itemprop=\"url\">\n\t\t\t\t<img loading=\"lazy\" decoding=\"async\" src=\"https:\/\/211md.org\/wp-content\/uploads\/2022\/07\/MDHope-Fact-Sheet-scaled.jpg\" alt=\"Fiche d&#039;information MDHope\" itemprop=\"image\" height=\"2560\" width=\"1978\" title=\"Fiche d&#039;information MDHope\" onerror=\"this.style.display='none'\"  \/>\n\t\t\t\t<\/a>\n\t<p><a href=\"\/wp-content\/uploads\/2022\/07\/MDHope-Printable-Fact-Sheet-2022.pdf\" target=\"_blank\" rel=\"noopener\"><strong>T\u00e9l\u00e9charger<\/strong><\/a><\/p>","protected":false},"excerpt":{"rendered":"<p>Il y a de l&#039;espoir si vous ou quelqu&#039;un que vous connaissez consommez des opio\u00efdes. Envoyez MDHope par SMS au 898211. C&#039;est gratuit et confidentiel. Inscrivez-vous maintenant Des frais de messagerie et de donn\u00e9es peuvent s&#039;appliquer et la fr\u00e9quence des messages peut varier. Pour obtenir de l&#039;aide, envoyez HELP par SMS. Pour vous d\u00e9sinscrire, envoyez STOP par SMS au m\u00eame num\u00e9ro. Les conditions g\u00e9n\u00e9rales compl\u00e8tes des SMS sur https:\/\/211md.org\/sms\/ s&#039;appliquent \u00e9galement. Comment fonctionne MDHope SMS\u2026<\/p>","protected":false},"author":7,"featured_media":3172,"parent":837,"menu_order":0,"comment_status":"closed","ping_status":"closed","template":"","meta":{"footnotes":""},"class_list":["post-3132","page","type-page","status-publish","has-post-thumbnail","hentry"],"_links":{"self":[{"href":"https:\/\/211md.org\/fr\/wp-json\/wp\/v2\/pages\/3132","targetHints":{"allow":["GET"]}}],"collection":[{"href":"https:\/\/211md.org\/fr\/wp-json\/wp\/v2\/pages"}],"about":[{"href":"https:\/\/211md.org\/fr\/wp-json\/wp\/v2\/types\/page"}],"author":[{"embeddable":true,"href":"https:\/\/211md.org\/fr\/wp-json\/wp\/v2\/users\/7"}],"replies":[{"embeddable":true,"href":"https:\/\/211md.org\/fr\/wp-json\/wp\/v2\/comments?post=3132"}],"version-history":[{"count":0,"href":"https:\/\/211md.org\/fr\/wp-json\/wp\/v2\/pages\/3132\/revisions"}],"up":[{"embeddable":true,"href":"https:\/\/211md.org\/fr\/wp-json\/wp\/v2\/pages\/837"}],"wp:featuredmedia":[{"embeddable":true,"href":"https:\/\/211md.org\/fr\/wp-json\/wp\/v2\/media\/3172"}],"wp:attachment":[{"href":"https:\/\/211md.org\/fr\/wp-json\/wp\/v2\/media?parent=3132"}],"curies":[{"name":"wp","href":"https:\/\/api.w.org\/{rel}","templated":true}]}}