{"id":3207,"date":"2022-09-15T16:24:14","date_gmt":"2022-09-15T20:24:14","guid":{"rendered":"https:\/\/211md.org\/?page_id=3207"},"modified":"2025-09-09T11:28:33","modified_gmt":"2025-09-09T15:28:33","slug":"aide-sur-les-signes-d-alerte-et-le-surdosage","status":"publish","type":"page","link":"https:\/\/211md.org\/fr\/resources\/substance-use\/warning-signs-and-overdose-help\/","title":{"rendered":"Comment aider quelqu&#039;un qui fait une overdose"},"content":{"rendered":"<img loading=\"lazy\" decoding=\"async\" src=\"https:\/\/211md.org\/wp-content\/uploads\/2022\/07\/Dad-with-hand-on-his-sons-shoulder-providing-support.jpg\" alt=\"Papa avec la main sur l&#039;\u00e9paule de son fils pour le soutenir\" itemprop=\"image\" height=\"683\" width=\"1024\" title=\"Papa-avec-la-main-sur-l&#039;\u00e9paule-de-son-fils apportant son soutien\" onerror=\"this.style.display='none'\"  \/>\n\t<p>La toxicomanie est une maladie complexe du cerveau. Dans un contexte m\u00e9dical, vous pouvez entendre parler de d\u00e9pendance appel\u00e9e trouble li\u00e9 \u00e0 l&#039;utilisation de substances.<\/p>\n<p>Bien qu&#039;il soit difficile de naviguer dans ces situations, il est essentiel d&#039;obtenir une personne l&#039;aide dont elle a besoin d\u00e8s que possible.<\/p>\n<p>Les personnes peuvent \u00e9galement \u00eatre aux prises avec des probl\u00e8mes de sant\u00e9 mentale ou d&#039;autres probl\u00e8mes de sant\u00e9 sous-jacents. Et, avec la consommation de drogue, il y a toujours le risque d&#039;une surdose mortelle.<\/p>\n<h2>Panneaux de signalisation<\/h2>\n<p>La d\u00e9pendance peut toucher n&#039;importe qui dans le Maryland, quel que soit son \u00e2ge, sa race ou sa profession.<\/p>\n<p>Vous pouvez aider \u00e0 mettre fin \u00e0 la stigmatisation de la d\u00e9pendance en connaissant les signes de la d\u00e9pendance et en fournissant \u00e0 la personne l&#039;aide dont elle a besoin d\u00e8s que possible.<\/p>\n<h3>Signes de trouble li\u00e9 \u00e0 la consommation de substances<\/h3>\n<p>Ce sont les signes d&#039;une personne ayant un trouble li\u00e9 \u00e0 l&#039;utilisation de substances.<\/p>\n<ul>\n<li>Consulter plusieurs m\u00e9decins pour obtenir des ordonnances<\/li>\n<li>Changer d&#039;humeur ou de comportement<\/li>\n<li>Irritabilit\u00e9<\/li>\n<li>Retrait des \u00e9v\u00e9nements sociaux et des activit\u00e9s<\/li>\n<li>Des difficult\u00e9s financi\u00e8res inexpliqu\u00e9es<\/li>\n<li>Dormir \u00e0 des heures irr\u00e9guli\u00e8res<\/li>\n<li>Consommation plus fr\u00e9quente de substances<\/li>\n<\/ul>\n<p>Les stigmates emp\u00eachent souvent les individus d&#039;obtenir l&#039;aide dont ils ont besoin.<\/p>\n<p>Si quelqu&#039;un que vous connaissez montre des signes de d\u00e9pendance, vous pouvez l&#039;aider en lui fournissant des ressources de soutien et en l&#039;encourageant \u00e0 obtenir de l&#039;aide.<\/p>\n<p>Ne les aidez pas en les aidant \u00e0 payer leur loyer ou en leur fournissant une autre aide financi\u00e8re.<\/p>\n<p>Enlevez \u00e9galement les anciens m\u00e9dicaments sur ordonnance de votre maison.\u00a0<a href=\"https:\/\/211md.org\/fr\/ressources\/consommation-de-substances\/elimination-des-medicaments\/\">Il existe des moyens gratuits de se d\u00e9barrasser des anciens m\u00e9dicaments<\/a>\u00a0vous pr\u00e9venez donc la consommation de substances et prot\u00e9gez l&#039;environnement.<\/p>\n<p>Concentrez-vous sur la d\u00e9pendance et\u00a0<a href=\"https:\/\/211md.org\/fr\/ressources\/consommation-de-substances\/\">trouver des options de traitement dans le Maryland<\/a>.<\/p>\n<h3>Reconna\u00eetre les signes d&#039;une surdose<\/h3>\n<p>Les drogues contiennent souvent l&#039;opio\u00efde synth\u00e9tique puissant et mortel connu sous le nom de fentanyl. C&#039;est 50 fois plus fort que l&#039;h\u00e9ro\u00efne et la principale cause de d\u00e9c\u00e8s par surdose dans le Maryland.<\/p>\n<p>Vous ne pouvez pas le voir, le sentir ou le go\u00fbter. Il est souvent ajout\u00e9 \u00e0 d&#039;autres m\u00e9dicaments parce qu&#039;il est si puissant.<\/p>\n<p>Si vous vous inqui\u00e9tez pour quelqu&#039;un et pensez qu&#039;il pourrait avoir une d\u00e9pendance, vous devez \u00e9galement \u00eatre conscient des signes d&#039;une surdose.<\/p>\n<p>Les signes d&#039;un surdosage comprennent:<\/p>\n<ul>\n<li>Bruits de ronflement ou de gargouillis forts<\/li>\n<li>Les l\u00e8vres ou les ongles deviennent bleus<\/li>\n<li>Peau p\u00e2le\/gris\u00e2tre<\/li>\n<li>Insensible, \u00e9vanoui, incapable de parler ou personne incoh\u00e9rente<\/li>\n<li>Corps mou<\/li>\n<li>Rythme cardiaque lent ou arr\u00eat\u00e9<\/li>\n<li>Respiration superficielle, lente, arr\u00eat\u00e9e ou irr\u00e9guli\u00e8re<\/li>\n<li>Motricit\u00e9 et coordination m\u00e9diocres<\/li>\n<li>Petites pupilles qui ne r\u00e9agissent pas \u00e0 la lumi\u00e8re ou au mouvement<\/li>\n<li>Saisies<\/li>\n<li>Peau moite<\/li>\n<\/ul>\n\t<h2><strong>Comment vous pouvez aider \u00e0 sauver une vie avec la naloxone<\/strong><\/h2>\n<p>80% des d\u00e9c\u00e8s par surdose surviennent \u00e0 l&#039;int\u00e9rieur d&#039;une maison, selon un\u00a0<a href=\"https:\/\/www.cdc.gov\/stopoverdose\/naloxone\/index.html\" target=\"_blank\" rel=\"noopener\">Rapport sur les signes vitaux des Centers for Disease Control (CDC)<\/a>.<\/p>\n<p>40% de l&#039;\u00e9poque, quelqu&#039;un d&#039;autre est pr\u00e9sent, selon le CDC.<\/p>\n<p>La naloxone aide les passants \u00e0 inverser les effets de la surdose.<\/p>\n<p>Les familles devraient avoir sous la main les m\u00e9dicaments vitaux si elles connaissent une personne aux prises avec un trouble li\u00e9 \u00e0 l&#039;utilisation d&#039;opio\u00efdes.<\/p>\n\t<iframe loading=\"lazy\" width=\"560\" height=\"315\" src=\"https:\/\/www.youtube.com\/embed\/Sm5Tbb8YcgQ\" title=\"Lecteur vid\u00e9o YouTube\" frameborder=\"0\" allow=\"accelerometer; autoplay; clipboard-write; encrypted-media; gyroscope; picture-in-picture\" allowfullscreen><\/iframe>\n\t\t<h3>Envoyez le texte MDHope au 898211<\/h3><p>Connectez-vous \u00e0 la naloxone pr\u00e8s de chez vous, aux sites d\u2019\u00e9limination des m\u00e9dicaments sur ordonnance et aux ressources sur la consommation de substances.<\/p>\n<p><em>211 Maryland propose des programmes d&#039;alerte par SMS qui fournissent des informations sur les ressources sp\u00e9cifiques \u00e0 la r\u00e9gion ou des alertes en cas de catastrophe. Des frais de messagerie et de donn\u00e9es peuvent s&#039;appliquer. La fr\u00e9quence des messages peut varier. Envoyez un SMS STOP au m\u00eame num\u00e9ro pour vous d\u00e9sabonner. Pour obtenir de l&#039;aide, envoyez un SMS HELP. Conditions compl\u00e8tes des SMS sur <a href=\"https:\/\/211md.org\/fr\/sms\/\">https:\/\/211md.org\/sms\/<\/a> s&#039;appliquera \u00e9galement.<\/em><\/p>\n\t<h3>O\u00f9 obtenir de la naloxone dans le Maryland<\/h3>\n<p>Si vous ne voulez pas que les informations vous soient envoy\u00e9es par SMS via MDHope, il existe d&#039;autres moyens de trouver le fournisseur de naloxone le plus proche dans votre r\u00e9gion.<\/p>\n<p>Vous pouvez \u00e9galement visiter un Overdose Response Program (ODR) dans le Maryland pour recevoir de la naloxone.\u00a0<a href=\"https:\/\/health.maryland.gov\/pha\/NALOXONE\/Pages\/Approved-Entities.aspx\" target=\"_blank\" rel=\"noopener\">Vous pouvez trouver le plus proche ici<\/a>.<\/p>\n<p>Vous pouvez \u00e9galement entrer dans une pharmacie et obtenir le m\u00e9dicament sans ordonnance et sans formation. Il est couvert par la plupart des assurances et Maryland Medicaid. Cependant, il se peut qu&#039;il ne soit pas en stock. L&#039;inventaire peut varier.<\/p>\n<p><a href=\"https:\/\/nextdistro.org\/maryland\" target=\"_blank\" rel=\"noopener\">R\u00e9duction des m\u00e9faits suivante<\/a>\u00a0et le\u00a0<a href=\"https:\/\/baltimoreharmreduction.org\/\" target=\"_blank\" rel=\"noopener\">Coalition pour la r\u00e9duction des m\u00e9faits de Baltimore<\/a>\u00a0enverra \u00e9galement gratuitement les m\u00e9dicaments vitaux aux r\u00e9sidents du Maryland. Le programme est con\u00e7u pour les personnes qui ne souhaitent pas obtenir les m\u00e9dicaments en personne.<\/p>\n<p>Vous devrez regarder une vid\u00e9o de formation de 4 minutes, r\u00e9pondre \u00e0 un court questionnaire et fournir des informations pour recevoir de la naloxone. La formation est disponible en anglais et en espagnol.\u00a0<a href=\"https:\/\/nextdistro.org\/maryland-language\" target=\"_blank\" rel=\"noopener\">Suivez la formation<\/a>.<\/p>\n\t<h2>La loi du bon samaritain du Maryland<\/h2>\n<p>La loi pr\u00e9voit certaines protections l\u00e9gales lorsque vous appelez le 9-1-1 pour aider une personne qui vit une surdose d&#039;urgence.<\/p>\n<p>Si vous \u00eates t\u00e9moin d&#039;une urgence m\u00e9dicale caus\u00e9e par une surdose, composez imm\u00e9diatement le 9-1-1.<\/p>\n<p><a href=\"https:\/\/health.maryland.gov\/qahealth\/substance-abuse\/Pages\/Good-Samaritan-Law.aspx\" target=\"_blank\" rel=\"noopener\">La loi du bon samaritain du Maryland<\/a>\u00a0vous permet d&#039;obtenir de l&#039;aide sans crainte d&#039;arrestation ou de poursuites pour plusieurs d\u00e9lits, notamment :<\/p>\n<ul>\n<li>5-601 : Poss\u00e9der ou administrer des CDS<\/li>\n<li>5-619\u00a0: Accessoires pour la consommation de drogues<\/li>\n<li>5-620\u00a0: Accessoires contr\u00f4l\u00e9s<\/li>\n<li>\u00a7 10-114\u00a0: Possession d&#039;alcool par un mineur<\/li>\n<li>\u00a7 10-116\u00a0: Obtention d&#039;alcool pour la consommation de mineurs<\/li>\n<li>\u00a7 10-117 : Fourniture ou autorisation de consommation d&#039;alcool par des mineurs<\/li>\n<\/ul>\n<p>Il vous prot\u00e8ge \u00e9galement contre la violation de la lib\u00e9ration conditionnelle, de la probation et de la lib\u00e9ration provisoire si la preuve de la violation a \u00e9t\u00e9 obtenue en obtenant de l&#039;aide ou en fournissant une assistance qui aide \u00e0 sauver la vie de quelqu&#039;un.<\/p>\n<p>L&#039;objectif est d&#039;aider une personne qui vit une surdose d&#039;urgence.<\/p>\n<p>Vous n&#039;\u00eates pas prot\u00e9g\u00e9 si vous \u00eates t\u00e9moin de l&#039;urgence et que vous n&#039;aidez pas la personne. Les forces de l&#039;ordre peuvent \u00e9galement mener des enqu\u00eates et recueillir des preuves, car cela ne s&#039;applique pas aux crimes li\u00e9s \u00e0 la drogue ou \u00e0 d&#039;autres crimes non r\u00e9pertori\u00e9s.<\/p>\n\t\t\t\t<img loading=\"lazy\" decoding=\"async\" src=\"https:\/\/211md.org\/wp-content\/uploads\/2022\/07\/Naloxone-NARCAN-nasal-spray.jpg\" alt=\"Vaporisateur nasal Naloxone Narcan\" itemprop=\"image\" height=\"683\" width=\"1024\" title=\"Naloxone-NARCAN-nasal-spray\" onerror=\"this.style.display='none'\"  \/>\n<h2>Comment aider quelqu&#039;un qui fait une overdose<\/h2>\n<p>Naloxone\/NARCAN\u00ae annule imm\u00e9diatement les effets d&#039;une surdose. Il existe une forme injectable ou plus commun\u00e9ment, un spray nasal. Il est facile \u00e0 utiliser et disponible sans ordonnance.<\/p>\n<p>Dans la seule ville de Baltimore, il a sauv\u00e9 plus de 2800 vies.<\/p>\n<p>Si vous disposez de NARCAN\u00ae, vous pouvez l&#039;utiliser pour apporter une aide imm\u00e9diate en attendant l&#039;arriv\u00e9e du personnel m\u00e9dical.<\/p>\n<h3>Utiliser la naloxone<\/h3>\n<p>La naloxone est un vaporisateur nasal ou un auto-injecteur qui est utilis\u00e9 dans l&#039;ext\u00e9rieur de la cuisse de l&#039;individu.<\/p>\n<p>Voici les \u00e9tapes \u00e0 suivre si vous soup\u00e7onnez que quelqu&#039;un fait une surdose :<\/p>\n<h4>1. Attirez leur attention.<\/h4>\n<p>Criez apr\u00e8s la personne et demandez-lui si elle a besoin d&#039;aide.<\/p>\n<h4>2. Frottez leur sternum.<\/h4>\n<p>Frottez fermement vos jointures de haut en bas au milieu de la poitrine de la personne.<\/p>\n<h4>3. Composez le 9-1-1.<\/h4>\n<h4>4. Donnez de la naloxone.<\/h4>\n<p>Placez l&#039;embout de la buse dans l&#039;une ou l&#039;autre des narines jusqu&#039;\u00e0 ce que vos doigts touchent le bas du nez de la personne.<\/p>\n<p>Appuyez fermement pour lib\u00e9rer le m\u00e9dicament.<\/p>\n<p>Si la premi\u00e8re dose ne fonctionne pas en 1 \u00e0 3 minutes, r\u00e9p\u00e9tez.<\/p>\n<h4>5. Soutenez leur respiration.<\/h4>\n<p>Placez la personne sur le dos et inclinez son menton en arri\u00e8re. Assurez-vous que rien ne bloque ses voies respiratoires.<\/p>\n<p>Pincez le nez de la personne et couvrez sa bouche avec la v\u00f4tre. Soufflez 2 respirations r\u00e9guli\u00e8res, puis r\u00e9p\u00e9tez avec 1 respiration toutes les 5 secondes.<\/p>\n<p>Vous pouvez \u00e9galement faire des compressions thoraciques si vous avez suivi une formation en RCR.<\/p>\n<h4>6. Aidez la personne \u00e0 se r\u00e9tablir.<\/h4>\n<p>Restez avec la personne jusqu&#039;\u00e0 l&#039;arriv\u00e9e des secours.<\/p>\n<p>Si la personne s&#039;am\u00e9liore, placez-la sur le ventre, le visage et la t\u00eate tourn\u00e9s sur le c\u00f4t\u00e9. Mettez sa main sous sa t\u00eate et pliez ses genoux pour le soutenir.<\/p>\n<p>La naloxone ne fera aucun mal si elle est administr\u00e9e \u00e0 une personne qui n&#039;a pas d&#039;opio\u00efdes dans son syst\u00e8me.<\/p>\n<h2>Informations connexes<\/h2>\n<p><a href=\"https:\/\/211md.org\/fr\/ressources\/consommation-de-substances\/\">Trouver un traitement<\/a><\/p>\n<p><a href=\"https:\/\/211md.org\/fr\/ressources\/consommation-de-substances\/elimination-des-medicaments\/\">\u00c9limination des m\u00e9dicaments sur ordonnance<\/a><\/p>\n<p><a href=\"https:\/\/211md.org\/fr\/jespere\/\">MDHope<\/a><\/p>\n\t<h2>Besoin de parler?<\/h2>\n\t<h2>Appelez ou envoyez un SMS au 988<\/h2>\n\t\t\t<a href=\"https:\/\/988lifeline.org\/chat\/\" target=\"_blank\" rel=\"noopener\">\n\t\t\t\t\t\t\tDiscutez maintenant (anglais)\n\t\t\t\t\t<\/a>\n\t\t\t<a href=\"https:\/\/988lifeline.org\/es\/chat\/\" target=\"_blank\" rel=\"noopener\">\n\t\t\t\t\t\t\tCh\u00e2teau Ahora (espagnol)\n\t\t\t\t\t<\/a>\n\t<p>Toute personne ayant besoin d\u2019aide en mati\u00e8re de sant\u00e9 mentale ou de toxicomanie peut appeler le 988. <a href=\"https:\/\/988min.org\/\" target=\"_blank\" rel=\"noopener\"> Apprenez-en davantage sur le 988 dans le Maryland.<\/a><\/p>\n<h2>\n\t\tTrouver des ressources\n\t<\/h2>\n\t\t\t\t<a href=\"\/fr\/ressources\/vieillissement-handicap\/\"  target=\"_self\" itemprop=\"url\">\n\t\t\t\t<img loading=\"lazy\" decoding=\"async\" src=\"https:\/\/211md.org\/wp-content\/uploads\/bb-plugin\/cache\/Mask-Group-41@2x-circle-73eaadba4cad8269faa4720e25cf1c85-.png\" alt=\"Les pieds d&#039;une femme plus \u00e2g\u00e9e et d&#039;une femme plus jeune marchant ensemble\" itemprop=\"image\" height=\"500\" width=\"500\" title=\"Services aux personnes handicap\u00e9es\" onerror=\"this.style.display='none'\"  \/>\n\t\t\t\t<\/a>\n\t\t<h3><a href=\"\/fr\/ressources\/vieillissement-handicap\/\" target=\"_self\">Vieillissement &amp; Handicap<\/a><\/h3>\t\n\t\t\t\t<a href=\"\/fr\/ressources\/enfants-familles\/\"  target=\"_self\" itemprop=\"url\">\n\t\t\t\t<img loading=\"lazy\" decoding=\"async\" src=\"https:\/\/211md.org\/wp-content\/uploads\/bb-plugin\/cache\/Mask-Group-38@2x-circle-ac40d46265fbec62083cd27f6dcf23b0-.png\" alt=\"Un jeune gar\u00e7on et une fille souriant et regardant la cam\u00e9ra\" itemprop=\"image\" height=\"500\" width=\"500\" title=\"Groupe de masques 38@2x\" onerror=\"this.style.display='none'\"  \/>\n\t\t\t\t<\/a>\n\t\t<h3><a href=\"\/fr\/ressources\/enfants-familles\/\" target=\"_self\">Enfants et familles<\/a><\/h3>\t\n\t\t\t\t<a href=\"\/fr\/ressources\/violence-familiale-domestique\/\"  target=\"_self\" itemprop=\"url\">\n\t\t\t\t<img loading=\"lazy\" decoding=\"async\" src=\"https:\/\/211md.org\/wp-content\/uploads\/bb-plugin\/cache\/Mask-Group-39@2x-circle-b2589197a13c791d910f46dd10b27a87-.png\" alt=\"Deux paires de mains se tenant\" itemprop=\"image\" height=\"500\" width=\"500\" title=\"Groupe de masques 39@2x\" onerror=\"this.style.display='none'\"  \/>\n\t\t\t\t<\/a>\n\t\t<h3><a href=\"\/fr\/ressources\/violence-familiale-domestique\/\" target=\"_self\">Violence domestique\/familiale<\/a><\/h3>\t\n\t\t\t\t<a href=\"\/fr\/ressources\/recherche-demploi\/\"  target=\"_self\" itemprop=\"url\">\n\t\t\t\t<img loading=\"lazy\" decoding=\"async\" src=\"https:\/\/211md.org\/wp-content\/uploads\/bb-plugin\/cache\/Employment-circle-bf72562329e950df948954f5d3f44b2e-.png\" alt=\"Un m\u00e9canicien automobile\" itemprop=\"image\" height=\"500\" width=\"500\" title=\"Emploi\" onerror=\"this.style.display='none'\"  \/>\n\t\t\t\t<\/a>\n\t\t<h3><a href=\"\/fr\/ressources\/recherche-demploi\/\" target=\"_self\">Emploi<\/a><\/h3>\t\n\t\t\t\t<a href=\"\/fr\/ressources\/soins-de-sante\/\"  target=\"_self\" itemprop=\"url\">\n\t\t\t\t<img loading=\"lazy\" decoding=\"async\" src=\"https:\/\/211md.org\/wp-content\/uploads\/bb-plugin\/cache\/Mask-Group-35@2x-circle-94be10c13e4adae1683b4589dc2f5b2f-.png\" alt=\"Docteur regardant la jambe des gar\u00e7ons\" itemprop=\"image\" height=\"500\" width=\"500\" title=\"Groupe de masques 35@2x\" onerror=\"this.style.display='none'\"  \/>\n\t\t\t\t<\/a>\n\t\t<h3><a href=\"\/fr\/ressources\/soins-de-sante\/\" target=\"_self\">Soins de sant\u00e9<\/a><\/h3>\t\n\t\t\t\t<a href=\"\/fr\/ressources\/nourriture\/\"  target=\"_self\" itemprop=\"url\">\n\t\t\t\t<img loading=\"lazy\" decoding=\"async\" src=\"https:\/\/211md.org\/wp-content\/uploads\/bb-plugin\/cache\/Mask-Group-32@2x-circle-1c6d647dcaf998fa079d26735cedc92b-.png\" alt=\"L\u00e9gumes frais\" itemprop=\"image\" height=\"500\" width=\"500\" title=\"Groupe de masques 32@2x\" onerror=\"this.style.display='none'\"  \/>\n\t\t\t\t<\/a>\n\t\t<h3><a href=\"\/fr\/ressources\/nourriture\/\" target=\"_self\">Nourriture<\/a><\/h3>\t\n\t\t\t\t<a href=\"\/fr\/ressources\/logement-refuge\/\"  target=\"_self\" itemprop=\"url\">\n\t\t\t\t<img loading=\"lazy\" decoding=\"async\" src=\"https:\/\/211md.org\/wp-content\/uploads\/bb-plugin\/cache\/Mask-Group-34@2x-circle-b99c55fc16ef21f35e2f2a1f7cc37b9a-.png\" alt=\"Balcon complexe d&#039;appartements\" itemprop=\"image\" height=\"500\" width=\"500\" title=\"Complexe d&#039;appartements\" onerror=\"this.style.display='none'\"  \/>\n\t\t\t\t<\/a>\n\t\t<h3><a href=\"\/fr\/ressources\/logement-refuge\/\" target=\"_self\">Logement &amp; Abri<\/a><\/h3>\t\n\t\t\t\t<a href=\"\/fr\/ressources\/nouveau-aux-etats-unis-et-au-maryland\/\"  target=\"_self\" itemprop=\"url\">\n\t\t\t\t<img loading=\"lazy\" decoding=\"async\" src=\"https:\/\/211md.org\/wp-content\/uploads\/bb-plugin\/cache\/American-flag-circle-0016cc327e27ef7aeb080f1da6c6e98b-.jpg\" alt=\"nouveau aux \u00c9tats-Unis\" itemprop=\"image\" height=\"364\" width=\"1366\" title=\"Drapeau am\u00e9ricain\" onerror=\"this.style.display='none'\"  \/>\n\t\t\t\t<\/a>\n\t\t<h3><a href=\"\/fr\/ressources\/nouveau-aux-etats-unis-et-au-maryland\/\" target=\"_self\">Immigration<\/a><\/h3>\t\n\t\t\t\t<a href=\"\/fr\/ressources\/enfants-familles\/parente\/\"  target=\"_self\" itemprop=\"url\">\n\t\t\t\t<img decoding=\"async\" src=\"https:\/\/211md.org\/wp-content\/uploads\/bb-plugin\/cache\/kinship-family-navigating-a-computer-circle-045fee9d587aefb20221bfea41a2cf9b-.png\" alt=\"famille de parent\u00e9 naviguant sur un ordinateur\" itemprop=\"image\" title=\"famille de parent\u00e9 naviguant sur un ordinateur\" onerror=\"this.style.display='none'\"  \/>\n\t\t\t\t<\/a>\n\t\t<h3><a href=\"\/fr\/ressources\/enfants-familles\/parente\/\" target=\"_self\">Parent\u00e9<\/a><\/h3>\t\n\t\t\t\t<a href=\"\/fr\/ressources\/services-juridiques\/\"  target=\"_self\" itemprop=\"url\">\n\t\t\t\t<img loading=\"lazy\" decoding=\"async\" src=\"https:\/\/211md.org\/wp-content\/uploads\/bb-plugin\/cache\/Housing-Legal-circle-9a8f3c1c72c54b6e1ce612d2993c1ad4-.png\" alt=\"Marteau juridique avec un mod\u00e8le en plastique d&#039;une maison \u00e0 c\u00f4t\u00e9\" itemprop=\"image\" height=\"348\" width=\"460\" title=\"Juridique du logement\" onerror=\"this.style.display='none'\"  \/>\n\t\t\t\t<\/a>\n\t\t<h3><a href=\"\/fr\/ressources\/services-juridiques\/\" target=\"_self\">Services juridiques<\/a><\/h3>\t\n\t\t\t\t<a href=\"\/fr\/ressources\/sante-mentale\/\"  target=\"_self\" itemprop=\"url\">\n\t\t\t\t<img loading=\"lazy\" decoding=\"async\" src=\"https:\/\/211md.org\/wp-content\/uploads\/bb-plugin\/cache\/Mask-Group-40@2x-circle-7bd9426367852fb3d841bc4bdc57a550-.png\" alt=\"Les profils d&#039;un homme et d&#039;une femme\" itemprop=\"image\" height=\"500\" width=\"500\" title=\"Groupe de masques 40@2x\" onerror=\"this.style.display='none'\"  \/>\n\t\t\t\t<\/a>\n\t\t<h3><a href=\"\/fr\/ressources\/sante-mentale\/\" target=\"_self\">Sant\u00e9 mentale<\/a><\/h3>\t\n\t\t\t\t<a href=\"\/fr\/ressources\/mdreentry\/\"  target=\"_self\" itemprop=\"url\">\n\t\t\t\t<img loading=\"lazy\" decoding=\"async\" src=\"https:\/\/211md.org\/wp-content\/uploads\/bb-plugin\/cache\/Diverse-group-of-community-members-circle-4457c114cd48613bc79a0fb50060319c-.jpg\" alt=\"Groupe diversifi\u00e9 de membres de la communaut\u00e9\" itemprop=\"image\" height=\"800\" width=\"1200\" title=\"Groupe diversifi\u00e9 de membres de la communaut\u00e9\" onerror=\"this.style.display='none'\"  \/>\n\t\t\t\t<\/a>\n\t\t<h3><a href=\"\/fr\/ressources\/mdreentry\/\" target=\"_self\">Rentr\u00e9e<\/a><\/h3>\t\n\t\t\t\t<a href=\"\/fr\/arreter\/\"  target=\"_self\" itemprop=\"url\">\n\t\t\t\t<img loading=\"lazy\" decoding=\"async\" src=\"https:\/\/211md.org\/wp-content\/uploads\/bb-plugin\/cache\/Background-section-MDStophate-circle-08e2bae1cf9f2ad6cc83e01e23da8cb9-.jpg\" alt=\"Arri\u00e8re-plan-section-MDStophate\" itemprop=\"image\" height=\"768\" width=\"1366\" title=\"Arri\u00e8re-plan-section-MDStophate\" onerror=\"this.style.display='none'\"  \/>\n\t\t\t\t<\/a>\n\t\t<h3><a href=\"\/fr\/arreter\/\" target=\"_self\">Arr\u00eatez la haine<\/a><\/h3>\t\n\t\t\t\t<a href=\"\/fr\/ressources\/consommation-de-substances\/\"  target=\"_self\" itemprop=\"url\">\n\t\t\t\t<img loading=\"lazy\" decoding=\"async\" src=\"https:\/\/211md.org\/wp-content\/uploads\/bb-plugin\/cache\/Substance-Use-circle-ad2d564932dc31267e0c32a6fb2d915c-.png\" alt=\"Pilules cassantes \u00e0 la main\" itemprop=\"image\" height=\"500\" width=\"500\" title=\"Consommation de substances\" onerror=\"this.style.display='none'\"  \/>\n\t\t\t\t<\/a>\n\t\t<h3><a href=\"\/fr\/ressources\/consommation-de-substances\/\" target=\"_self\">Consommation de substances<\/a><\/h3>\t\n\t\t\t\t<a href=\"\/fr\/ressources\/services-fiscaux\/\"  target=\"_self\" itemprop=\"url\">\n\t\t\t\t<img loading=\"lazy\" decoding=\"async\" src=\"https:\/\/211md.org\/wp-content\/uploads\/bb-plugin\/cache\/Mask-Group-34-circle-166a606e37e61188c9a17d5e634cda3c-.png\" alt=\"Personne remplissant les formulaires d&#039;imp\u00f4t sur le revenu\" itemprop=\"image\" height=\"500\" width=\"500\" title=\"Groupe de masques 34\" onerror=\"this.style.display='none'\"  \/>\n\t\t\t\t<\/a>\n\t\t<h3><a href=\"\/fr\/ressources\/services-fiscaux\/\" target=\"_self\">Services fiscaux<\/a><\/h3>\t\n\t\t\t\t<a href=\"\/fr\/ressources\/assistance-utilitaire\/\"  target=\"_self\" itemprop=\"url\">\n\t\t\t\t<img loading=\"lazy\" decoding=\"async\" src=\"https:\/\/211md.org\/wp-content\/uploads\/bb-plugin\/cache\/Mask-Group-37@2x-circle-9661a11b9c4082079c9a1f06bc539567-.png\" alt=\"Une ampoule allum\u00e9e\" itemprop=\"image\" height=\"500\" width=\"500\" title=\"Masque Groupe 37@2x\" onerror=\"this.style.display='none'\"  \/>\n\t\t\t\t<\/a>\n\t\t<h3><a href=\"\/fr\/ressources\/assistance-utilitaire\/\" target=\"_self\">Assistance utilitaire<\/a><\/h3>\t\n\t\t\t\t<a href=\"\/fr\/ressources\/anciens-combattants\/\"  target=\"_self\" itemprop=\"url\">\n\t\t\t\t<img decoding=\"async\" src=\"https:\/\/211md.org\/wp-content\/uploads\/bb-plugin\/cache\/Veterans-circle-7c6972a59826c74f1f658f61df785fc3-.png\" alt=\"Un soldat serrant la main de quelqu&#039;un et souriant\" itemprop=\"image\" title=\"anciens combattants\" onerror=\"this.style.display='none'\"  \/>\n\t\t\t\t<\/a>\n\t\t<h3><a href=\"\/fr\/ressources\/anciens-combattants\/\" target=\"_self\">anciens combattants<\/a><\/h3>","protected":false},"excerpt":{"rendered":"<p>La toxicomanie est une maladie complexe du cerveau. Dans un contexte m\u00e9dical, vous pouvez entendre parler de d\u00e9pendance appel\u00e9e trouble li\u00e9 \u00e0 l&#039;utilisation de substances. Bien qu&#039;il soit difficile de naviguer dans ces situations, il est essentiel d&#039;obtenir une personne l&#039;aide dont elle a besoin d\u00e8s que possible. Les personnes peuvent \u00e9galement \u00eatre aux prises avec des probl\u00e8mes de sant\u00e9 mentale ou d&#039;autres probl\u00e8mes de sant\u00e9 sous-jacents. Et, avec de la drogue\u2026<\/p>","protected":false},"author":7,"featured_media":3209,"parent":837,"menu_order":0,"comment_status":"closed","ping_status":"closed","template":"","meta":{"footnotes":""},"class_list":["post-3207","page","type-page","status-publish","has-post-thumbnail","hentry"],"_links":{"self":[{"href":"https:\/\/211md.org\/fr\/wp-json\/wp\/v2\/pages\/3207","targetHints":{"allow":["GET"]}}],"collection":[{"href":"https:\/\/211md.org\/fr\/wp-json\/wp\/v2\/pages"}],"about":[{"href":"https:\/\/211md.org\/fr\/wp-json\/wp\/v2\/types\/page"}],"author":[{"embeddable":true,"href":"https:\/\/211md.org\/fr\/wp-json\/wp\/v2\/users\/7"}],"replies":[{"embeddable":true,"href":"https:\/\/211md.org\/fr\/wp-json\/wp\/v2\/comments?post=3207"}],"version-history":[{"count":3,"href":"https:\/\/211md.org\/fr\/wp-json\/wp\/v2\/pages\/3207\/revisions"}],"predecessor-version":[{"id":33795,"href":"https:\/\/211md.org\/fr\/wp-json\/wp\/v2\/pages\/3207\/revisions\/33795"}],"up":[{"embeddable":true,"href":"https:\/\/211md.org\/fr\/wp-json\/wp\/v2\/pages\/837"}],"wp:featuredmedia":[{"embeddable":true,"href":"https:\/\/211md.org\/fr\/wp-json\/wp\/v2\/media\/3209"}],"wp:attachment":[{"href":"https:\/\/211md.org\/fr\/wp-json\/wp\/v2\/media?parent=3207"}],"curies":[{"name":"wp","href":"https:\/\/api.w.org\/{rel}","templated":true}]}}