{"id":3547,"date":"2022-12-08T16:52:55","date_gmt":"2022-12-08T21:52:55","guid":{"rendered":"https:\/\/211md.org\/?page_id=3547"},"modified":"2026-02-02T08:38:51","modified_gmt":"2026-02-02T13:38:51","slug":"conditions","status":"publish","type":"page","link":"https:\/\/211md.org\/fr\/terms\/","title":{"rendered":"Conditions d&#039;utilisation"},"content":{"rendered":"<p><strong>En vigueur depuis le 29 avril 2022<\/strong><\/p>\n<p>IMPORTANT \u2013 CECI EST UN ACCORD L\u00c9GAL ENTRE VOUS (r\u00e9f\u00e9renc\u00e9 ici comme \u00ab vous \u00bb ou \u00ab utilisateur \u00bb ou avec \u00ab votre \u00bb) ET LE MARYLAND INFORMATION NETWORK 2-1-1 MARYLAND, INC. (r\u00e9f\u00e9renc\u00e9 ici comme \u00ab 211MD \u00bb) QUI S&#039;APPLIQUE CHAQUE FOIS QUE VOUS UTILISEZ OU ACC\u00c9DEZ AU SITE WEB DE 211MD SUR www.211md.org ET \u00c0 TOUTE AUTRE PROPRI\u00c9T\u00c9 EN LIGNE CONTR\u00d4L\u00c9E OU OP\u00c9R\u00c9E PAR 211MD DE TEMPS \u00c0 MOMENT (r\u00e9f\u00e9renc\u00e9es collectivement ici sous le nom de \u00ab\u00a0Site\u00a0\u00bb). VOUS DEVEZ DONC LIRE ATTENTIVEMENT LES TERMES ET CONDITIONS SUIVANTES CONTENUS DANS LES PR\u00c9SENTES CONDITIONS D&#039;UTILISATION (\u00ab CGU \u00bb) CAR ILS R\u00c9GISSENT VOTRE UTILISATION DU SITE. SI VOUS N&#039;ACCEPTEZ PAS CES CGU, VOUS N&#039;\u00caTES PAS AUTORIS\u00c9 \u00c0 UTILISER OU \u00c0 ACC\u00c9DER AUTREMENT AU SITE.<\/p>\n<p><strong>1. SOMMAIRE.<\/strong>&nbsp;Le Site ne se substitue pas \u00e0 un avis m\u00e9dical professionnel, \u00e0 des services professionnels de sant\u00e9 ou juridiques, ou \u00e0 l&#039;application de la loi par la police. Si vous pensez vivre une urgence, appelez imm\u00e9diatement le 911.<\/p>\n<p><strong>2. OCTROI DE LICENCE.<\/strong>&nbsp;Le site appartient \u00e0 211MD et est mis \u00e0 disposition par 211MD, et les pr\u00e9sentes conditions d&#039;utilisation vous fournissent une licence personnelle, r\u00e9vocable, limit\u00e9e, non exclusive, non transf\u00e9rable et ne pouvant faire l&#039;objet d&#039;une sous-licence pour utiliser le site, sous r\u00e9serve de votre respect continu des pr\u00e9sentes conditions d&#039;utilisation. Vous pouvez imprimer et t\u00e9l\u00e9charger des documents et des informations du site uniquement pour votre usage personnel et uniquement \u00e0 des fins \u00e9ducatives, \u00e0 condition que toutes les copies papier contiennent tous les avis de droit d&#039;auteur et autres avis applicables contenus dans ces documents et informations et que vous ne distribuez ou ne divulguez pas ces informations. mat\u00e9riaux et informations. Vous ne pouvez pas acc\u00e9der ou utiliser le Site ou tout mat\u00e9riel via le Site \u00e0 des fins non autoris\u00e9es, y compris, mais sans s&#039;y limiter, \u00e0 des fins commerciales.<\/p>\n<p><strong>3. RESTRICTIONS D&#039;OCTROI DE LICENCE.<\/strong>&nbsp;Ces conditions d&#039;utilisation ne sont qu&#039;une licence et non une cession ou une vente. 211MD ne transf\u00e8re aucun droit de propri\u00e9t\u00e9 ou int\u00e9r\u00eat ou titre de propri\u00e9t\u00e9 intellectuelle dans et vers le Site \u00e0 vous ou \u00e0 quelqu&#039;un d&#039;autre. De plus, 211MD se r\u00e9serve tous les droits non express\u00e9ment accord\u00e9s par les pr\u00e9sentes CGU. En cons\u00e9quence, vous ne pouvez pas modifier, traduire, d\u00e9compiler, cr\u00e9er des \u0153uvres d\u00e9riv\u00e9es de, copier, distribuer, d\u00e9sassembler, diffuser, transmettre, publier, supprimer ou alt\u00e9rer tout avis ou \u00e9tiquette de propri\u00e9t\u00e9, autoriser, sous-licencier, transf\u00e9rer, vendre, refl\u00e9ter , encadrer, exploiter, louer, donner \u00e0 bail, sous \u00e9tiquette priv\u00e9e, accorder une s\u00fbret\u00e9 sur, ou utiliser autrement le Site d&#039;une mani\u00e8re non express\u00e9ment autoris\u00e9e par les pr\u00e9sentes. De plus, vous ne devez pas modifier les copies de tout mat\u00e9riel du Site, les images et les graphiques s\u00e9par\u00e9ment du texte qui l&#039;accompagne, ou supprimer ou modifier les avis de droit d&#039;auteur, de marque ou de droits de propri\u00e9t\u00e9 des copies de tout mat\u00e9riel.<\/p>\n<p><strong>4. OBLIGATIONS DE L&#039;UTILISATEUR.<\/strong>&nbsp;En acc\u00e9dant ou en utilisant le Site, vous d\u00e9clarez et garantissez que vous avez au moins dix-huit (18) ans (ou l&#039;\u00e2ge l\u00e9gal de la majorit\u00e9, selon le plus \u00e9lev\u00e9) et que vous fournirez, \u00e0 tout moment, des informations vraies, exactes, \u00e0 jour et informations compl\u00e8tes lors de la soumission d&#039;informations ou de documents sur ou via le site, y compris, sans s&#039;y limiter, lorsque vous fournissez des informations via un formulaire de soumission du site. En outre, vous acceptez de respecter toutes les lois et r\u00e9glementations locales, \u00e9tatiques, nationales et internationales applicables en ce qui concerne votre utilisation du Site. Vous reconnaissez et acceptez \u00e9galement que l&#039;utilisation d&#039;Internet se fait uniquement \u00e0 vos propres risques.<\/p>\n<p><strong>5. COMPTE.<\/strong>&nbsp;L&#039;inscription \u00e0 un compte pour l&#039;utilisation de zones ou d&#039;outils restreints au compte du site peut n\u00e9cessiter des informations d&#039;identification d&#039;acc\u00e8s, telles qu&#039;une adresse e-mail, un nom d&#039;utilisateur, un num\u00e9ro de t\u00e9l\u00e9phone ou un mot de passe, ou le respect d&#039;autres exigences d&#039;acc\u00e8s particuli\u00e8res telles que d\u00e9sign\u00e9es par 211MD \u00e0 sa seule discr\u00e9tion. de temps en temps. Vous acceptez par la pr\u00e9sente de consid\u00e9rer et de conserver vos informations d&#039;identification comme des informations confidentielles et acceptez que votre compte vous est personnel et que vous ne fournirez les informations de compte \u00e0 aucune autre personne. Vous devez imm\u00e9diatement informer 211MD si vous soup\u00e7onnez ou prenez connaissance d&#039;une perte, d&#039;un vol ou d&#039;une utilisation non autoris\u00e9e de vos identifiants d&#039;acc\u00e8s. 211MD a le droit, \u00e0 sa seule discr\u00e9tion, de d\u00e9sactiver tout nom d&#039;utilisateur, mot de passe ou autre identifiant si, de l&#039;avis de 211MD, vous avez viol\u00e9 une disposition de ces CGU ou pour quelque raison que ce soit ou sans raison.<\/p>\n<p><strong>6. COTISATIONS DES UTILISATEURS. J<\/strong>Le Site peut contenir des fonctionnalit\u00e9s interactives qui vous permettent de soumettre, de publier ou de transmettre du contenu \u00e0 d&#039;autres utilisateurs sur ou via le Site (\u00ab\u00a0Contributions des utilisateurs\u00a0\u00bb). En publiant une contribution utilisateur sur le site, vous accordez \u00e0 211D le droit d&#039;utiliser, de reproduire, de modifier, d&#039;afficher et de transf\u00e9rer ou divulguer de toute autre mani\u00e8re \u00e0 des tiers toute partie de l&#039;ensemble de la contribution utilisateur. En publiant une contribution utilisateur, vous garantissez que vous poss\u00e9dez tous les droits sur la contribution utilisateur et que la contribution utilisateur est conforme aux pr\u00e9sentes conditions d&#039;utilisation. 211MD n&#039;est pas responsable envers vous ou toute autre partie du contenu ou de l&#039;exactitude des contributions utilisateur publi\u00e9es par vous ou tout autre utilisateur du site. 211MD se r\u00e9serve \u00e9galement le droit de supprimer ou de refuser de publier toute contribution d&#039;utilisateur pour quelque raison que ce soit ou sans raison.<\/p>\n<p><strong>7. DROITS DE PROPRI\u00c9T\u00c9.<\/strong>&nbsp;Le Site appartient \u00e0 The Maryland Information Network 2-1-1 Maryland, Inc. Copyright 2021-2022 \u00a9 211 Maryland et\/ou ses conc\u00e9dants. Tous les droits sont r\u00e9serv\u00e9s. Sauf indication contraire, toute information ou mat\u00e9riel t\u00e9l\u00e9chargeable ou imprimable disponible sur le Site appartient \u00e0 211MD et\/ou \u00e0 ses conc\u00e9dants de licence. 211 MARYLAND, 2-1-1 MD, Maryland Information Network et tous les autres noms, logos et ic\u00f4nes identifiant 211MD et ses services sont des marques d\u00e9pos\u00e9es de 211MD, et toute utilisation de ces marques sans l&#039;autorisation \u00e9crite expresse de 211MD est strictement interdite. Les autres services, produits ou noms de soci\u00e9t\u00e9 mentionn\u00e9s peuvent \u00eatre des marques commerciales et\/ou des marques de service de leurs propri\u00e9taires respectifs.<\/p>\n<p><strong>8. AUTRES TERMES ET CONDITIONS.<\/strong>&nbsp;Des avis, termes et conditions suppl\u00e9mentaires peuvent s&#039;appliquer aux abonnements num\u00e9riques, \u00e0 la participation \u00e0 l&#039;enqu\u00eate, au paiement, \u00e0 la communication par SMS (service de messages courts) ou \u00e0 la participation \u00e0 un programme ou \u00e0 un \u00e9v\u00e9nement (le cas \u00e9ch\u00e9ant). Vous acceptez de vous conformer \u00e0 ces autres avis, modalit\u00e9s et conditions, selon le cas. En cas de conflit entre les pr\u00e9sentes CGU et ces avis, termes et conditions suppl\u00e9mentaires, 211MD r\u00e9soudra tout conflit de bonne foi \u00e0 sa seule discr\u00e9tion, mais ces derniers termes pr\u00e9vaudront g\u00e9n\u00e9ralement en ce qui concerne leur objet respectif.<\/p>\n<p><strong>9. R\u00c9TROACTION.<\/strong>&nbsp;211MD accueille vos commentaires et suggestions sur les services de 211MD ou sur la mani\u00e8re d&#039;am\u00e9liorer le site. En transmettant des suggestions, des informations, du mat\u00e9riel ou tout autre contenu (collectivement, \u00ab Commentaires \u00bb) \u00e0 211MD, vous d\u00e9clarez et garantissez que vous poss\u00e9dez tous les droits sur ces commentaires et que les commentaires n&#039;enfreignent ni ne violent les droits d&#039;un tiers. De plus, la soumission de commentaires accordera \u00e0 211MD une licence irr\u00e9vocable, perp\u00e9tuelle et libre de droits pour que 211MD puisse utiliser ces commentaires de quelque mani\u00e8re, \u00e0 toute fin et sur tout support, dans le cadre de la mission de 211MD.<\/p>\n<p><strong>10. POLITIQUE DE CONFIDENTIALIT\u00c9.<\/strong>&nbsp;S&#039;il te plait regarde&nbsp;<a href=\"https:\/\/211md.org\/fr\/politique-de-confidentialite\/#privacy\" target=\"_blank\" rel=\"noopener\">Politique de confidentialit\u00e9 de 211MD<\/a>&nbsp;pour un r\u00e9sum\u00e9 des pratiques de collecte et d\u2019utilisation des informations personnelles de 211MD. Vous reconnaissez et acceptez \u00e9galement qu&#039;en plus des informations indiqu\u00e9es dans la politique de confidentialit\u00e9, 211MD peut envoyer des informations d&#039;identification vous concernant aux autorit\u00e9s dans le cadre de son service de signalement des crimes haineux #MDStopHate, ou dans le cadre d&#039;autres services de signalement tiers de 211MD.<\/p>\n<p><strong>11. LIENS VERS D&#039;AUTRES SITES.<\/strong>&nbsp;211MD peut fournir des liens, \u00e0 sa seule discr\u00e9tion, vers d&#039;autres sites Web tiers ou fournir un acc\u00e8s \u00e0 une ou plusieurs pages tierces sur une ou plusieurs plateformes de m\u00e9dias sociaux. Ces autres sites ou pages, y compris les plateformes de m\u00e9dias sociaux, sont g\u00e9r\u00e9s par des tiers sur lesquels 211MD n&#039;exerce aucun contr\u00f4le. Ces liens n&#039;impliquent aucune approbation \u00e0 l&#039;\u00e9gard d&#039;un tiers ou des informations, produits ou services fournis par un tiers, sauf indication contraire expresse de 211MD.<\/p>\n<p><strong>12. AVIS DE NON-RESPONSABILIT\u00c9.<\/strong>&nbsp;LE SITE EST FOURNI \u00ab TEL QUEL \u00bb ET \u00ab SELON LA DISPONIBILIT\u00c9 \u00bb ET PEUT COMPRENDRE DES ERREURS, DES OMISSIONS OU D&#039;AUTRES INEXACTITUDES. 211MD D\u00c9CLINE EXPRESS\u00c9MENT TOUTE GARANTIE, EXPRESSE OU IMPLICITE, Y COMPRIS, SANS LIMITATION, TOUTE GARANTIE DE QUALIT\u00c9 MARCHANDE, D&#039;ADAPTATION \u00c0 UN USAGE PARTICULIER OU DE NON-VIOLATION.<\/p>\n<p><strong>13. LIMITATION DE RESPONSABILIT\u00c9.<\/strong>&nbsp;DANS TOUTE LA MESURE PR\u00c9VUE PAR LA LOI, VOUS ABSOLUZ ET LIB\u00c9REZ EXPRESS\u00c9MENT 211MD DE TOUTE R\u00c9CLAMATION DE PR\u00c9JUDICE R\u00c9SULTANT D&#039;UNE CAUSE AU-DEL\u00c0 DU CONTR\u00d4LE DE 211MD. DE PLUS, EN AUCUN CAS 211MD NE POURRA \u00caTRE RESPONSABLE DES DOMMAGES INDIRECTS, PUNITIFS, ACCESSOIRES, SP\u00c9CIAUX OU CONS\u00c9CUTIFS D\u00c9COULANT DE OU LI\u00c9S DE QUELQUE MANI\u00c8RE \u00c0 L&#039;UTILISATION DU SITE OU AU RETARD OU \u00c0 L&#039;INCAPACIT\u00c9 D&#039;UTILISER LE SITE, M\u00caME SI 211MD A \u00c9T\u00c9 AVIS\u00c9 DE LA POSSIBILIT\u00c9 DE TELS DOMMAGES. NONOBSTANT CE QUI PR\u00c9C\u00c8DE, LA RESPONSABILIT\u00c9 TOTALE DE 211MD POUR VIOLATION DES PR\u00c9SENTES CGU EST LA CESSATION D&#039;UTILISATION DU SITE ET POUR TOUTE AUTRE RAISON LI\u00c9E \u00c0 VOTRE UTILISATION DU SITE, QUELQUE QUE CE SOIT, POUR UN MONTANT N&#039;EXC\u00c9DANT PAS CENT ($100) DOLLARS.<\/p>\n<p>CERTAINES JURIDICTIONS N&#039;AUTORISENT PAS L&#039;EXCLUSION, L&#039;EXCLUSION OU LA LIMITATION DE CERTAINES GARANTIES, CONDITIONS, RESPONSABILIT\u00c9S ET DOMMAGES ET, PAR CONS\u00c9QUENT, CERTAINES DES EXCLUSIONS ET LIMITATIONS CI-DESSUS PEUVENT NE PAS S&#039;APPLIQUER \u00c0 VOUS. DANS DE TELLES JURIDICTIONS, LA RESPONSABILIT\u00c9 DE 211MD SERA LIMIT\u00c9E DANS TOUTE LA MESURE PERMISE PAR LA LOI APPLICABLE.<\/p>\n<p><strong>14. APPLICATION DE LA S\u00c9CURIT\u00c9.<\/strong>&nbsp;Vous ne pouvez pas utiliser le Site ou l&#039;un des donn\u00e9es, syst\u00e8mes, r\u00e9seaux ou services de 211MD pour vous engager, favoriser ou promouvoir un comportement ill\u00e9gal, abusif ou irresponsable, y compris, sans limitation, acc\u00e9der ou utiliser les donn\u00e9es, syst\u00e8mes ou r\u00e9seaux de 211MD de mani\u00e8re mani\u00e8re non autoris\u00e9e, tenter de sonder, analyser ou tester la vuln\u00e9rabilit\u00e9 du syst\u00e8me ou du r\u00e9seau de 211MD, contourner toute mesure de s\u00e9curit\u00e9 ou d&#039;authentification, surveiller toute donn\u00e9e ou trafic, interf\u00e9rer avec tout service, collecter ou utiliser \u00e0 partir du site des adresses e-mail ou d&#039;autres identifiants, collecter ou utiliser des informations du site sans le consentement de 211MD (ici ou autrement), utiliser des informations d&#039;en-t\u00eate de paquet TCP-IP fausses, trompeuses ou trompeuses, utiliser le site pour distribuer des logiciels ou des outils qui collectent des informations, distribuer des publicit\u00e9s ou s&#039;engager dans conduite susceptible d\u2019entra\u00eener des repr\u00e9sailles contre 211MD ou ses donn\u00e9es, syst\u00e8mes ou r\u00e9seau. L&#039;utilisation r\u00e9elle ou tent\u00e9e non autoris\u00e9e du Site peut entra\u00eener des poursuites p\u00e9nales et\/ou civiles, y compris, sans s&#039;y limiter, des sanctions en vertu du Computer Fraud and Abuse Act de 1986 en vertu de la loi f\u00e9d\u00e9rale am\u00e9ricaine. 211MD se r\u00e9serve le droit de visualiser, surveiller et\/ou enregistrer l&#039;activit\u00e9 sur le site afin de maintenir la s\u00e9curit\u00e9 du site. Une telle activit\u00e9 enregistr\u00e9e est soumise \u00e0 un examen par les organismes charg\u00e9s de l&#039;application de la loi. 211MD se conformera \u00e9galement \u00e0 toutes les ordonnances du tribunal ou assignations \u00e0 compara\u00eetre impliquant des demandes d&#039;informations. 211MD se r\u00e9serve le droit \u00e0 tout moment de suspendre ou de mettre fin au fonctionnement ou \u00e0 l&#039;acc\u00e8s au site ou \u00e0 toute partie du site.<\/p>\n<strong>15. INJONCTION.<\/strong>&nbsp;Vous acceptez que 211MD ait le droit, en plus des autres recours disponibles, de demander et d&#039;obtenir une injonction ou une autre r\u00e9paration \u00e9quitable appropri\u00e9e d&#039;un tribunal comp\u00e9tent interdisant toute violation, potentielle ou r\u00e9elle, de vos obligations en vertu de toute disposition des pr\u00e9sentes CGU. . En cons\u00e9quence, vous renoncez par la pr\u00e9sente \u00e0 toute exigence que 211MD d\u00e9pose une caution ou autre garantie dans le cas o\u00f9 une injonction ou une r\u00e9paration \u00e9quitable serait demand\u00e9e ou accord\u00e9e \u00e0 211MD pour faire appliquer toute disposition des pr\u00e9sentes CGU.<br>\n16. DUR\u00c9E ET R\u00c9SILIATION. Ces CGU entreront en vigueur (ou reprendront effet) au moment o\u00f9 vous reconnaissez (par exemple, cochez une case) que vous avez lu, compris et acceptez de respecter les termes et conditions du Site, cr\u00e9ez un compte sur le Site, r\u00e9pondre via le Site \u00e0 une demande d&#039;informations et\/ou commencer \u00e0 t\u00e9l\u00e9charger, acc\u00e9der ou utiliser le Site, selon l&#039;action ou l&#039;\u00e9v\u00e9nement le plus pr\u00e9coce. 211MD se r\u00e9serve le droit, \u00e0 tout moment et pour des motifs raisonnables, de refuser votre acc\u00e8s au Site ou \u00e0 toute partie de celui-ci et ces CGU prendront \u00e9galement fin automatiquement si vous ne respectez pas ses termes et conditions, sous r\u00e9serve des droits de survie de certaines dispositions identifi\u00e9es. ci-dessous. La r\u00e9siliation sera effective sans pr\u00e9avis. Vous pouvez \u00e9galement r\u00e9silier ces CGU \u00e0 tout moment en cessant d&#039;utiliser le Site, mais toutes les dispositions applicables de ces CGU survivront \u00e0 la r\u00e9siliation, comme identifi\u00e9 ci-dessous, et chaque r\u00e9acc\u00e8s ou utilisation du Site appliquera \u00e0 nouveau ces CGU (alors en vigueur). pour vous. En cas de r\u00e9siliation, vous devez d\u00e9truire toutes les copies de tout aspect du site en votre possession. Les dispositions concernant les droits de propri\u00e9t\u00e9 de 211MD, les commentaires, les exclusions de responsabilit\u00e9 (de garantie), les limitations de responsabilit\u00e9, la renonciation et la divisibilit\u00e9, l&#039;int\u00e9gralit\u00e9 de l&#039;accord, l&#039;injonction et la loi applicable survivront \u00e0 la r\u00e9siliation des pr\u00e9sentes CGU pour quelque raison que ce soit.\n<p><strong>17. DROIT APPLICABLE.<\/strong>&nbsp;Le Site est contr\u00f4l\u00e9 et exploit\u00e9 par 211MD \u00e0 partir de ses bureaux aux \u00c9tats-Unis. Ces conditions d&#039;utilisation ont \u00e9t\u00e9 r\u00e9dig\u00e9es et seront interpr\u00e9t\u00e9es et appliqu\u00e9es conform\u00e9ment aux lois de l&#039;\u00c9tat du Maryland telles qu&#039;appliqu\u00e9es aux accords conclus et enti\u00e8rement ex\u00e9cut\u00e9s dans l&#039;\u00c9tat du Maryland. Toute action visant \u00e0 faire respecter les pr\u00e9sentes CGU sera intent\u00e9e devant les tribunaux pr\u00e9sidant l&#039;\u00c9tat du Maryland, et toutes les parties aux pr\u00e9sentes CGU acceptent express\u00e9ment d&#039;\u00eatre soumises \u00e0 la juridiction de ces tribunaux. L&#039;acc\u00e8s au Site peut ne pas \u00eatre l\u00e9gal pour certaines personnes ou dans certains pays. Si vous acc\u00e9dez au Site depuis l&#039;ext\u00e9rieur des \u00c9tats-Unis, vous le faites de votre propre initiative et \u00eates responsable du respect des lois locales. Une version imprim\u00e9e des pr\u00e9sentes CGU et de tout avis connexe donn\u00e9 sous forme \u00e9lectronique sera recevable dans les proc\u00e9dures judiciaires ou administratives.<\/p>\n<p><strong>18. RENONCIATION ET DIVISIBILIT\u00c9.<\/strong>&nbsp;Le fait de ne pas insister sur l&#039;ex\u00e9cution stricte de l&#039;un des termes et conditions des pr\u00e9sentes CGU ne constituera pas une renonciation \u00e0 tout d\u00e9faut ou d\u00e9faut d&#039;ex\u00e9cution ult\u00e9rieur. Aucune renonciation par 211MD \u00e0 tout droit en vertu des pr\u00e9sentes CGU ne sera r\u00e9put\u00e9e \u00eatre soit une renonciation \u00e0 tout autre droit ou disposition, soit une renonciation \u00e0 ce m\u00eame droit ou disposition \u00e0 tout autre moment. Si une partie de ces CGU est jug\u00e9e invalide ou inapplicable conform\u00e9ment \u00e0 la loi applicable, y compris, mais sans s&#039;y limiter, les exclusions de garantie, le lieu, la r\u00e9clamation et les limitations de responsabilit\u00e9 \u00e9nonc\u00e9es ci-dessus, alors la disposition invalide ou inapplicable sera r\u00e9put\u00e9e remplac\u00e9e par une disposition valide et ex\u00e9cutoire qui correspond le plus clairement \u00e0 l&#039;intention de la disposition d&#039;origine et le reste des pr\u00e9sentes CGU restera en vigueur.<\/p>\n<p><strong>19. INT\u00c9GRALIT\u00c9 DU CONTRAT.<\/strong>&nbsp;Aucune relation de coentreprise, de partenariat, d&#039;emploi, d&#039;affiliation ou d&#039;agence n&#039;existe entre vous et 211MD \u00e0 la suite de ces conditions d&#039;utilisation ou de votre utilisation du site. Ces conditions d&#039;utilisation repr\u00e9sentent l&#039;int\u00e9gralit\u00e9 de l&#039;accord entre vous et 211MD concernant l&#039;utilisation du site et remplacent toutes les communications et propositions ant\u00e9rieures ou contemporaines, qu&#039;elles soient \u00e9lectroniques, orales ou \u00e9crites entre vous et 211MD concernant le site. Vous ne pouvez c\u00e9der, d\u00e9l\u00e9guer ou transf\u00e9rer aucun droit en vertu des pr\u00e9sentes CGU sans le consentement \u00e9crit pr\u00e9alable de 211MD. Veuillez noter que 211MD se r\u00e9serve le droit de modifier les termes et conditions des pr\u00e9sentes CGU en publiant une CGU r\u00e9vis\u00e9e et une annonce correspondante de la CGU r\u00e9vis\u00e9e, ou en vous en envoyant par la poste et\/ou par e-mail un avis. En outre, 211MD peut ajouter, modifier ou supprimer tout aspect, programme ou fonctionnalit\u00e9 du Site, mais 211MD n&#039;est pas tenu d&#039;ajouter une mise \u00e0 niveau, une am\u00e9lioration ou une modification. Votre utilisation continue du Site apr\u00e8s toute modification annonc\u00e9e sera d\u00e9finitivement consid\u00e9r\u00e9e comme une acceptation de toute modification des termes et conditions des pr\u00e9sentes CGU. En cons\u00e9quence, vous \u00eates tenu de v\u00e9rifier les annonces et de revoir p\u00e9riodiquement ces conditions d&#039;utilisation.<\/p>\n<p><strong>20. NOUS CONTACTER.<\/strong>&nbsp;Si vous avez des questions concernant le site ou si vous souhaitez obtenir plus d&#039;informations concernant 211MD, veuillez contacter 211MD \u00e0 info@211md.org (e-mail).<\/p>","protected":false},"excerpt":{"rendered":"<p>En vigueur \u00e0 compter du 29 avril 2022 IMPORTANT\u00a0\u2013\u00a0CECI EST UN ACCORD JURIDIQUE ENTRE VOUS (r\u00e9f\u00e9renc\u00e9 ici par \u00ab vous \u00bb ou \u00ab utilisateur \u00bb ou par \u00ab votre \u00bb) ET LE MARYLAND INFORMATION NETWORK 2-1-1 MARYLAND, INC. (r\u00e9f\u00e9renc\u00e9 ici comme \u00ab 211MD \u00bb) QUI S&#039;APPLIQUE CHAQUE FOIS QUE VOUS UTILISEZ OU ACC\u00c9DEZ AU SITE WEB DE 211MD SUR www.211md.org ET \u00c0 TOUTE AUTRE PROPRI\u00c9T\u00c9 EN LIGNE CONTR\u00d4L\u00c9E OU\u2026<\/p>","protected":false},"author":13,"featured_media":0,"parent":0,"menu_order":0,"comment_status":"closed","ping_status":"closed","template":"","meta":{"footnotes":""},"class_list":["post-3547","page","type-page","status-publish","hentry"],"_links":{"self":[{"href":"https:\/\/211md.org\/fr\/wp-json\/wp\/v2\/pages\/3547","targetHints":{"allow":["GET"]}}],"collection":[{"href":"https:\/\/211md.org\/fr\/wp-json\/wp\/v2\/pages"}],"about":[{"href":"https:\/\/211md.org\/fr\/wp-json\/wp\/v2\/types\/page"}],"author":[{"embeddable":true,"href":"https:\/\/211md.org\/fr\/wp-json\/wp\/v2\/users\/13"}],"replies":[{"embeddable":true,"href":"https:\/\/211md.org\/fr\/wp-json\/wp\/v2\/comments?post=3547"}],"version-history":[{"count":0,"href":"https:\/\/211md.org\/fr\/wp-json\/wp\/v2\/pages\/3547\/revisions"}],"wp:attachment":[{"href":"https:\/\/211md.org\/fr\/wp-json\/wp\/v2\/media?parent=3547"}],"curies":[{"name":"wp","href":"https:\/\/api.w.org\/{rel}","templated":true}]}}