{"id":3749,"date":"2023-04-18T10:47:02","date_gmt":"2023-04-18T14:47:02","guid":{"rendered":"https:\/\/211md.org\/?page_id=3749"},"modified":"2025-09-20T11:24:47","modified_gmt":"2025-09-20T15:24:47","slug":"tables-a-langer","status":"publish","type":"page","link":"https:\/\/211md.org\/fr\/changing-tables\/","title":{"rendered":"Trouver une table \u00e0 langer dans le Maryland"},"content":{"rendered":"<img decoding=\"async\" src=\"https:\/\/stg-maryland211-staging.kinsta.cloud\/wp-content\/uploads\/2025\/08\/5-1-scaled.png\" alt=\"5\" itemprop=\"image\" height=\"692\" width=\"2560\" title=\"5\" onerror=\"this.style.display='none'\" loading=\"lazy\" \/>\n\t\t<h1><a href=\"#start\" target=\"_self\">En-t\u00eate de page par d\u00e9faut<\/a><\/h1><p>Est-il difficile de changer une couche en public ou de prodiguer des soins personnels \u00e0 un enfant ou \u00e0 un adulte ?<\/p>\n<p>Des tables \u00e0 langer et des installations universelles sont accessibles aux soignants pour leur permettre de prodiguer les soins dont ils ont besoin, quelle que soit la taille de la personne ou ses besoins sp\u00e9cifiques.<\/p>\n<p>Trouvez-en un \u00e0 proximit\u00e9.<\/p>\n\t\t\t<a href=\"#start\" target=\"_self\">\n\t\t\t\t\t\tCommencer\n\t\t\t\t\t<\/a>\n\t\t\t\t<img decoding=\"async\" src=\"https:\/\/211md.org\/wp-content\/plugins\/bb-plugin\/img\/pixel.png\" alt=\"\" itemprop=\"image\" onerror=\"this.style.display='none'\" loading=\"lazy\" \/>\n\t\t\t\t<img decoding=\"async\" src=\"https:\/\/stg-maryland211-staging.kinsta.cloud\/wp-content\/uploads\/2025\/08\/16.png\" alt=\"16\" itemprop=\"image\" height=\"1000\" width=\"1000\" title=\"16\" onerror=\"this.style.display='none'\" loading=\"lazy\" \/>\n\t\t\t\t<img decoding=\"async\" src=\"https:\/\/211md.org\/wp-content\/uploads\/2023\/04\/Changing-Table-at-Southern-Regional-Aquatic-Wellness-Center.jpg\" alt=\"Table \u00e0 langer au Southern Regional Aquatic Wellness Center\" itemprop=\"image\" height=\"800\" width=\"1200\" title=\"Table \u00e0 langer au Southern Regional Aquatic Wellness Center\" onerror=\"this.style.display='none'\" loading=\"lazy\" \/>\n\t\tAvec l&#039;aimable autorisation : D\u00e9partement des parcs et des loisirs du comt\u00e9 de Prince George\n\t<h2>O\u00f9 trouver des tables \u00e0 langer universelles<\/h2>\n<p>Le 211 aide les soignants \u00e0 localiser ces installations dans des lieux publics dans tout le Maryland.<\/p>\n<p>Ils sont situ\u00e9s \u00e0 :<\/p>\n<ul>\n<li>parcs<\/li>\n<li>centres de loisirs<\/li>\n<li>transports publics en commun (gare routi\u00e8re ou a\u00e9roport)<\/li>\n<\/ul>\n<p>Depuis octobre 2022, <a href=\"https:\/\/mgaleg.maryland.gov\/2021RS\/Chapters_noln\/CH_224_sb0061t.pdf\" target=\"_blank\" rel=\"noopener\">Loi du Maryland<\/a> exige cette option d&#039;accessibilit\u00e9 pour les b\u00e2timents neufs et certains b\u00e2timents r\u00e9nov\u00e9s dot\u00e9s de toilettes publiques.<\/p>\n<p>Les agences sont responsables de signaler l\u2019information au 211.<\/p>\n<p>Si vous souhaitez ajouter une installation, veuillez envoyer un e-mail <a href=\"mailto:resources@211md.org\">resources@211md.org<\/a>.<\/p>\n\t\t\t<a href=\"mailto:%20resources@211md.org\" target=\"_blank\" rel=\"noopener\">\n\t\t\t\t\t\tAjouter une table \u00e0 langer\n\t\t\t\t\t<\/a>\n\t<h2>Liste des vestiaires<\/h2>\n<p>C&#039;est ici que vous pouvez trouver ces installations accessibles et changeantes dans le Maryland.<\/p>\n<h3>Comt\u00e9 d&#039;Anne Arundel<\/h3>\n<p>Dans le comt\u00e9 d&#039;Anne Arundel, les voyageurs peuvent trouver une table \u00e0 langer \u00e0 l&#039;a\u00e9roport.<\/p>\n<h4>A\u00e9roport de Baltimore-Washington<\/h4>\n<ul>\n<li>Adresse : 7050 Friendship Rd, Baltimore MD 21240<\/li>\n<li>Notes sur l&#039;emplacement : Avant le contr\u00f4le de s\u00e9curit\u00e9 dans le terminal A, \u00e0 l&#039;int\u00e9rieur du contr\u00f4le de s\u00e9curit\u00e9 entre les terminaux B et C, dans le hall D par la porte D7<\/li>\n<li><a href=\"http:\/\/www.bwiairport.com\/flying-with-us\/accessibility\" target=\"_blank\" rel=\"noopener\">Site web<\/a><\/li>\n<li>T\u00e9l\u00e9phone : 410-859-7242<\/li>\n<li>Courriel : adabwi@bwiairport.com<\/li>\n<li>Caract\u00e9ristiques:\n<ul>\n<li>Nombre de vestiaires pour adultes : 3<\/li>\n<li>R\u00e9glable en hauteur : NON<\/li>\n<li>Toilettes individuelles\/non genr\u00e9es\/familiales : OUI<\/li>\n<li>Pommeau de douche \u00e0 main\/installation de douche : NON<\/li>\n<li>Capacit\u00e9 de poids : N\/A<\/li>\n<\/ul>\n<\/li>\n<\/ul>\n\t\t\t\t<img decoding=\"async\" src=\"https:\/\/211md.org\/wp-content\/uploads\/2024\/03\/Gary-J.-Arthur-Community-Center-Changing-Facility-with-tract-lift--300x400.jpg\" alt=\"Vestiaire du centre communautaire Gary J. Arthur avec \u00e9l\u00e9vateur de tractus\" itemprop=\"image\" height=\"400\" width=\"300\" title=\"Vestiaire du centre communautaire Gary J. Arthur avec ascenseur \u00e0 voies\" onerror=\"this.style.display='none'\" loading=\"lazy\" \/>\n\t<h3>Comt\u00e9 d&#039;Howard<\/h3>\n<p>Dans le comt\u00e9 de Howard, plusieurs centres communautaires et culturels disposent de tables \u00e0 langer. Parmi ceux-ci\u00a0:<\/p>\n<ul>\n<li>Centre communautaire Gary J.Arthur<\/li>\n<li>Centre culturel Harriet Tubman<\/li>\n<li>Centre communautaire de North Laurel<\/li>\n<\/ul>\n<h4>Centre communautaire Gary J.Arthur<\/h4>\n<ul>\n<li>Adresse\u00a0: 2400 MD-97, Cooksville, Maryland<\/li>\n<li>Notes sur l&#039;emplacement : Situ\u00e9 \u00e0 c\u00f4t\u00e9 du couloir principal du centre<\/li>\n<li><a href=\"https:\/\/www.howardcountymd.gov\/recreation-parks\/gary-j-arthur-community-center\" target=\"_blank\" rel=\"noopener\">Site web<\/a>\u00a0<\/li>\n<li>T\u00e9l\u00e9phone : 410-313-4840<\/li>\n<li>E-mail: <a href=\"mailto:spotts@howardcountymd.gov\">spotts@howardcountymd.gov<\/a><\/li>\n<li>Caract\u00e9ristiques:\n<ul>\n<li>Nombre de vestiaires pour adultes : 1<\/li>\n<li>R\u00e9glable en hauteur : OUI<\/li>\n<li>Toilettes individuelles\/non genr\u00e9es\/familiales : OUI (2)<\/li>\n<li>Pommeau de douche \u00e0 main\/douche avec syst\u00e8me de levage sur rail : OUI<\/li>\n<li>Capacit\u00e9 de poids : 500 lb.<\/li>\n<\/ul>\n<\/li>\n<\/ul>\n\t\t\t\t<img decoding=\"async\" src=\"https:\/\/211md.org\/wp-content\/plugins\/bb-plugin\/img\/pixel.png\" alt=\"\" itemprop=\"image\" onerror=\"this.style.display='none'\" loading=\"lazy\" \/>\n\t<h4>Centre culturel Harriet Tubman<\/h4>\n<ul>\n<li>Adresse\u00a0: 8045 Harriet Tubman Lane, Columbia, MD 21044<\/li>\n<li>Notes sur l&#039;emplacement : Situ\u00e9 \u00e0 c\u00f4t\u00e9 du couloir principal du centre<\/li>\n<li><a href=\"https:\/\/www.howardcountymd.gov\/htcc\" target=\"_blank\" rel=\"noopener\">Site web<\/a><\/li>\n<li>T\u00e9l\u00e9phone : 410-313-0860<\/li>\n<li>E-mail: <a href=\"mailto:spotts@howardcountymd.gov\">spotts@howardcountymd.gov<\/a><\/li>\n<li>Caract\u00e9ristiques:\n<ul>\n<li>Nombre de vestiaires pour adultes : 1<\/li>\n<li>R\u00e9glable en hauteur : OUI<\/li>\n<li>Toilettes individuelles\/non genr\u00e9es\/familiales : OUI (2)<\/li>\n<li>Pommeau de douche \u00e0 main\/installation de douche : NON<\/li>\n<li>Capacit\u00e9 de poids : 500 lb.<\/li>\n<\/ul>\n<\/li>\n<\/ul>\n\t\t\t\t<img decoding=\"async\" src=\"https:\/\/211md.org\/wp-content\/uploads\/2023\/04\/Harriet-Tubman-Cultural-Center-Changing-Table.jpg\" alt=\"Table \u00e0 langer du centre culturel Harriet Tubman\" itemprop=\"image\" height=\"800\" width=\"1200\" title=\"Table \u00e0 langer du centre culturel Harriet Tubman\" onerror=\"this.style.display='none'\" loading=\"lazy\" \/>\n\t\tAvec l&#039;aimable autorisation du D\u00e9partement des loisirs et des parcs du comt\u00e9 de Howard\n\t\t\t\t<img decoding=\"async\" src=\"https:\/\/211md.org\/wp-content\/uploads\/2023\/04\/Bathroom-with-changing-table-at-North-Laurel-Community-Center.jpg\" alt=\"Salle de bain avec table \u00e0 langer au centre communautaire North Laurel\" itemprop=\"image\" height=\"800\" width=\"1200\" title=\"Salle de bain avec table \u00e0 langer au centre communautaire North Laurel\" onerror=\"this.style.display='none'\" loading=\"lazy\" \/>\n\t\tAvec l&#039;aimable autorisation du D\u00e9partement des loisirs et des parcs du comt\u00e9 de Howard\n\t<h4>Nord<strong> Centre communautaire Laurier<\/strong><\/h4>\n<ul>\n<li>Adresse : 9411 Whisky Bottom Road, Laurel MD 20723<\/li>\n<li>Notes sur l&#039;emplacement : Situ\u00e9 \u00e0 c\u00f4t\u00e9 du couloir principal du centre<\/li>\n<li><a href=\"https:\/\/www.howardcountymd.gov\/nlcc\" target=\"_blank\" rel=\"noopener\">Site web<\/a><\/li>\n<li>T\u00e9l\u00e9phone : 410-313-0390<\/li>\n<li>E-mail: <a href=\"mailto:spotts@howardcountymd.gov\">spotts@howardcountymd.gov<\/a><\/li>\n<li>Caract\u00e9ristiques:\n<ul>\n<li>Nombre de vestiaires pour adultes : 1<\/li>\n<li>R\u00e9glable en hauteur : OUI<\/li>\n<li>Toilettes individuelles\/non genr\u00e9es\/familiales : OUI (2)<\/li>\n<li>Pommeau de douche \u00e0 main\/installation de douche : NON<\/li>\n<li>Capacit\u00e9 de poids : 500 lb.<\/li>\n<\/ul>\n<\/li>\n<\/ul>\n\t<h3>Comt\u00e9 de Montgomery<\/h3>\n<p>Trouvez la table \u00e0 langer universelle dans le comt\u00e9 de Montgomery.<\/p>\n<h4>Th\u00e9\u00e2tre F. Scott Fitzgerald au Rockville Civic Center Park<\/h4>\n<ul>\n<li>Adresse\u00a0: 603 Edmonston Drive, Rockville, MD 20851<\/li>\n<li>Remarques sur l&#039;emplacement : Situ\u00e9 dans les toilettes familiales\/non genr\u00e9es, \u00e0 c\u00f4t\u00e9 du hall du rez-de-chauss\u00e9e<\/li>\n<li><a href=\"https:\/\/www.rockvillemd.gov\/382\/F-Scott-Fitzgerald-Theatre\" target=\"_blank\" rel=\"noopener\">Site web<\/a><\/li>\n<li>T\u00e9l\u00e9phone : 240-314-8690 ; Maryland Relay 7-1-1 pour les clients sourds, malentendants ou ayant des troubles de la parole.<\/li>\n<li>E-mail:\u00a0<u><a title=\"mailto:theatre@rockvillemd.gov\" href=\"mailto:theatre@rockvillemd.gov\" data-linkindex=\"21\">theatre@rockvillemd.gov<\/a><\/u><\/li>\n<li>\u00a0Caract\u00e9ristiques:\n<ul>\n<li>Nombre de vestiaires pour adultes : 1<\/li>\n<li>R\u00e9glable en hauteur : OUI<\/li>\n<li>Toilettes individuelles\/non genr\u00e9es\/familiales : OUI<\/li>\n<li>Pommeau de douche \u00e0 main\/installation de douche : NON<\/li>\n<li>Monte-charge\/\u00e9l\u00e9vateur de plafond : NON<\/li>\n<li>Capacit\u00e9 de poids : 500 lb.<\/li>\n<\/ul>\n<\/li>\n<\/ul>\n\t<h3>Comt\u00e9 de Prince George<\/h3>\n<p>Dans le comt\u00e9 de Prince George, les tables \u00e0 langer se trouvent \u00e0 :<\/p>\n<ul>\n<li>Centre communautaire de Marlow Heights<\/li>\n<li>Centre de bien-\u00eatre aquatique r\u00e9gional du Sud<\/li>\n<li>Complexe aquatique et r\u00e9cr\u00e9atif de la zone sud<\/li>\n<\/ul>\n<h4>Centre communautaire de Marlow Heights<\/h4>\n<ul>\n<li>Adresse physique\u00a0: 2800 Saint Claire Drive, Temple Hills, MD 20748<\/li>\n<li>Notes sur l&#039;emplacement : \u00c0 c\u00f4t\u00e9 de la salle polyvalente A<\/li>\n<li><u><a id=\"OWA74e1bdd9-939f-26ac-528c-76ef36bd5334\" title=\"https:\/\/www.pgparks.com\/facilities\/marlow-heights-community-center-community-center\" href=\"https:\/\/www.pgparks.com\/facilities\/marlow-heights-community-center\" data-auth=\"NotApplicable\" target=\"_blank\" rel=\"noopener\">Site web<\/a><\/u><\/li>\n<li>T\u00e9l\u00e9phone : 301-423-0505 ; Maryland Relay 7-1-1 pour les clients sourds, malentendants ou ayant des troubles de la parole.<\/li>\n<li>E-mail:\u00a0<u><a id=\"OWA126ee38b-7b28-cb25-0846-ed787bdefdff\" title=\"mailto:DisabilityServices@pgparks.com\" href=\"mailto:DisabilityServices@pgparks.com\">DisabilityServices@pgparks.com<\/a><\/u><\/li>\n<li>\u00a0Caract\u00e9ristiques:\n<ul>\n<li>Nombre d&#039;adultes<\/li>\n<li>R\u00e9glable en hauteur : OUI<\/li>\n<li>Toilettes individuelles\/non genr\u00e9es\/familiales : OUI<\/li>\n<li>Pommeau de douche \u00e0 main\/installation de douche : NON<\/li>\n<li>Monte-charge\/\u00e9l\u00e9vateur de plafond : Non<\/li>\n<li>Capacit\u00e9 de poids : 500 lb.<\/li>\n<\/ul>\n<\/li>\n<\/ul>\n\t\t\t\t<img decoding=\"async\" src=\"http:\/\/211md.org\/wp-content\/uploads\/2025\/07\/Marlow-Heights-Community-Center-Changing-Table.jpg\" alt=\"Table \u00e0 langer du centre communautaire de Marlow Heights\" itemprop=\"image\" title=\"Table \u00e0 langer du centre communautaire de Marlow Heights\" onerror=\"this.style.display='none'\" loading=\"lazy\" \/>\n\t\tAvec l&#039;aimable autorisation du D\u00e9partement des loisirs et des parcs du comt\u00e9 de Prince George\n\t\t\t\t<img decoding=\"async\" src=\"https:\/\/211md.org\/wp-content\/uploads\/2023\/04\/Universal-Changing-Table-up-against-wall.jpg\" alt=\"Table \u00e0 langer universelle contre le mur\" itemprop=\"image\" height=\"800\" width=\"1200\" title=\"Table \u00e0 langer universelle contre le mur\" onerror=\"this.style.display='none'\" loading=\"lazy\" \/>\n\t\tAvec l&#039;aimable autorisation : D\u00e9partement des parcs et des loisirs du comt\u00e9 de Prince George\n\t<h4>Centre de bien-\u00eatre aquatique r\u00e9gional du Sud<\/h4>\n<ul>\n<li>Adresse physique : 7011 Bock Road, Fort Washington, MD 20744<\/li>\n<li>Notes sur l&#039;emplacement : Hors centre aquatique\/hall de la piscine.<\/li>\n<li><a href=\"https:\/\/www.pgparks.com\/5117\/Southern-Regional-Aquatic-Wellness-Cente\" target=\"_blank\" rel=\"noopener\">Site web<\/a><\/li>\n<li>T\u00e9l\u00e9phone : 301-749-4180 ; Maryland Relay 7-1-1 pour les clients sourds, malentendants ou ayant un trouble de la parole.<\/li>\n<li>Courriel\u00a0: AdaptedAquatics@pgparks.com<\/li>\n<li>Caract\u00e9ristiques\n<ul>\n<li>Nombre de vestiaires pour adultes : 1<\/li>\n<li>R\u00e9glable en hauteur : OUI<\/li>\n<li>Toilettes individuelles\/non genr\u00e9es\/familiales : OUI<\/li>\n<li>Pommeau de douche \u00e0 main\/dispositif de douche : OUI<\/li>\n<li>Capacit\u00e9 de poids : 484 lb.<\/li>\n<\/ul>\n<\/li>\n<\/ul>\n\t<h4>Complexe aquatique et r\u00e9cr\u00e9atif de la zone sud<\/h4>\n<ul>\n<li data-olk-copy-source=\"MessageBody\">Adresse physique : 13601 Missouri Ave, Brandywine, MD 20613<\/li>\n<li>Remarques sur l&#039;emplacement : \u00c0 c\u00f4t\u00e9 du hall principal, pr\u00e8s de l&#039;entr\u00e9e de la piscine<\/li>\n<li><a title=\"https:\/\/pgparks.com\/facilities\/southern-area-aquatic-and-recreation-complex\" href=\"https:\/\/pgparks.com\/facilities\/southern-area-aquatic-and-recreation-complex\" target=\"_blank\" rel=\"noopener\" data-auth=\"NotApplicable\" data-linkindex=\"2\">Site web<\/a><\/li>\n<li>T\u00e9l\u00e9phone : 301-782-1442 ; Maryland Relay 7-1-1 pour les clients sourds, malentendants ou souffrant de troubles de la parole.<\/li>\n<li>E-mail:\u00a0<a title=\"mailto:DisabilityServices@pgparks.com\" href=\"mailto:DisabilityServices@pgparks.com\" data-linkindex=\"3\">DisabilityServices@pgparks.com<\/a>\n<ul type=\"circle\">\n<li>Caract\u00e9ristiques:<\/li>\n<li>Nombre de vestiaires pour adultes : 1<\/li>\n<li>R\u00e9glable en hauteur : OUI<\/li>\n<li>Toilettes individuelles\/non genr\u00e9es\/familiales : OUI<\/li>\n<li>Pommeau de douche \u00e0 main\/dispositif de douche : OUI<\/li>\n<li>Monte-charge\/\u00e9l\u00e9vateur de plafond : OUI (apportez votre propre \u00e9lingue)<\/li>\n<li>Capacit\u00e9 de poids : 500 lb.<\/li>\n<\/ul>\n<\/li>\n<\/ul>\n\t\t\t\t<img decoding=\"async\" src=\"https:\/\/211md.org\/wp-content\/uploads\/2025\/01\/Southern-Area-Aquatics-and-Recreation-Complex-Changing-Table.jpg\" alt=\"Table \u00e0 langer du complexe aquatique et r\u00e9cr\u00e9atif de la zone sud\" itemprop=\"image\" height=\"800\" width=\"1200\" title=\"Table \u00e0 langer du complexe aquatique et r\u00e9cr\u00e9atif de la zone sud\" onerror=\"this.style.display='none'\" loading=\"lazy\" \/>\n\t\tAvec l&#039;aimable autorisation : D\u00e9partement des parcs et des loisirs du comt\u00e9 de Prince George\n<h2>\n\t\t\tInformations connexes\t<\/h2>\n\t\t<h4><a href=\"\/fr\/ressources\/vieillissement-handicap\/\" target=\"_self\">Vieillissement &amp; Handicap<\/a><\/h4>\n\t\t\t\t<a href=\"\/fr\/ressources\/vieillissement-handicap\/\"  target=\"_self\" itemprop=\"url\">\n\t\t\t\t<img decoding=\"async\" src=\"https:\/\/211md.org\/wp-content\/uploads\/bb-plugin\/cache\/2025_MdInfoNet_Icon-Sets_Aging-disability-square-c466727102cae71e5f27b8539bb51945-.png\" alt=\"2025_MdInfoNet_Ensembles d&#039;ic\u00f4nes_Vieillissement-handicap\" itemprop=\"image\" title=\"2025_MdInfoNet_Ensembles d&#039;ic\u00f4nes_Vieillissement-handicap\" onerror=\"this.style.display='none'\" loading=\"lazy\" \/>\n\t\t\t\t<\/a>\n\t\t<h4><a href=\"https:\/\/211md.org\/fr\/ressources\/enfants-familles\/\" target=\"_blank\" rel=\"noopener\">Enfants et familles<\/a><\/h4>\n\t\t\t\t<a href=\"https:\/\/211md.org\/fr\/ressources\/enfants-familles\/\" target=\"_blank\" rel=\"noopener\" itemprop=\"url\">\n\t\t\t\t<img decoding=\"async\" src=\"https:\/\/211md.org\/wp-content\/uploads\/bb-plugin\/cache\/2025_211_Icon-Sets_Child-care-square-a8953c7678f51ed443764342b64ee948-.png\" alt=\"2025_211_Ensembles d&#039;ic\u00f4nes_Garde d&#039;enfants\" itemprop=\"image\" title=\"2025_211_Ensembles d&#039;ic\u00f4nes_Garde d&#039;enfants\" onerror=\"this.style.display='none'\" loading=\"lazy\" \/>\n\t\t\t\t<\/a>\n\t\t<h4><a href=\"\/fr\/ressources\/violence-familiale-domestique\/\" target=\"_self\">Violence Domestique<\/a><\/h4>\n\t\t\t\t<a href=\"\/fr\/ressources\/violence-familiale-domestique\/\"  target=\"_self\" itemprop=\"url\">\n\t\t\t\t<img decoding=\"async\" src=\"https:\/\/211md.org\/wp-content\/uploads\/bb-plugin\/cache\/2025_211_Icon-Sets_Domestic-Violence-square-e6e48b12d9d44dadd394e0d40debfd96-.png\" alt=\"Ic\u00f4ne de violence domestique\" itemprop=\"image\" title=\"2025_211_Ensembles d&#039;ic\u00f4nes_Violence domestique\" onerror=\"this.style.display='none'\" loading=\"lazy\" \/>\n\t\t\t\t<\/a>\n\t\t<h4><a href=\"\/fr\/ressources\/recherche-demploi\/\" target=\"_self\">Emploi<\/a><\/h4>\n\t\t\t\t<a href=\"\/fr\/ressources\/recherche-demploi\/\"  target=\"_self\" itemprop=\"url\">\n\t\t\t\t<img decoding=\"async\" src=\"https:\/\/211md.org\/wp-content\/uploads\/bb-plugin\/cache\/2025_MdInfoNet_Icon-Sets_Employment-square-44707bd410e4df10a470bf130ebcea86-.png\" alt=\"2025_MdInfoNet_Ensembles d&#039;ic\u00f4nes_Emploi\" itemprop=\"image\" title=\"2025_MdInfoNet_Ensembles d&#039;ic\u00f4nes_Emploi\" onerror=\"this.style.display='none'\" loading=\"lazy\" \/>\n\t\t\t\t<\/a>\n\t\t<h4><a href=\"\/fr\/ressources\/soins-de-sante\/\" target=\"_self\">Soins de sant\u00e9<\/a><\/h4>\n\t\t\t\t<a href=\"\/fr\/ressources\/soins-de-sante\/\"  target=\"_self\" itemprop=\"url\">\n\t\t\t\t<img decoding=\"async\" src=\"https:\/\/211md.org\/wp-content\/uploads\/bb-plugin\/cache\/2025_MdInfoNet_Icon-Sets_Health-Care-square-dee98a0060cbe0e7f27eda253fc12679-.png\" alt=\"2025_MdInfoNet_Ensembles d&#039;ic\u00f4nes_Soins de sant\u00e9\" itemprop=\"image\" title=\"2025_MdInfoNet_Ensembles d&#039;ic\u00f4nes_Soins de sant\u00e9\" onerror=\"this.style.display='none'\" loading=\"lazy\" \/>\n\t\t\t\t<\/a>\n\t\t<h4><a href=\"\/fr\/ressources\/enfants-familles\/parente\/\" target=\"_self\">Parent\u00e9<\/a><\/h4>\n\t\t\t\t<a href=\"\/fr\/ressources\/enfants-familles\/parente\/\"  target=\"_self\" itemprop=\"url\">\n\t\t\t\t<img decoding=\"async\" src=\"https:\/\/211md.org\/wp-content\/uploads\/bb-plugin\/cache\/2025_211_Icon-Sets_Kinship-square-21d4c353354c53c083c80118abb066f2-.png\" alt=\"Ic\u00f4ne de parent\u00e9\" itemprop=\"image\" title=\"2025_211_Ensembles d&#039;ic\u00f4nes_Parent\u00e9\" onerror=\"this.style.display='none'\" loading=\"lazy\" \/>\n\t\t\t\t<\/a>\n\t\t<h4><a href=\"\/fr\/ressources\/services-juridiques\/\" target=\"_self\">Services juridiques<\/a><\/h4>\n\t\t\t\t<a href=\"\/fr\/ressources\/services-juridiques\/\"  target=\"_self\" itemprop=\"url\">\n\t\t\t\t<img decoding=\"async\" src=\"https:\/\/211md.org\/wp-content\/uploads\/bb-plugin\/cache\/2025_MdInfoNet_Icon-Sets_Legal-square-18fdf438feb8435588174d9046463257-.png\" alt=\"2025_MdInfoNet_Ensembles d&#039;ic\u00f4nes_L\u00e9gal\" itemprop=\"image\" title=\"2025_MdInfoNet_Ensembles d&#039;ic\u00f4nes_L\u00e9gal\" onerror=\"this.style.display='none'\" loading=\"lazy\" \/>\n\t\t\t\t<\/a>\n\t\t<h4><a href=\"\/fr\/ressources\/sante-mentale\/\" target=\"_self\">Sant\u00e9 mentale<\/a><\/h4>\n\t\t\t\t<a href=\"\/fr\/ressources\/sante-mentale\/\"  target=\"_self\" itemprop=\"url\">\n\t\t\t\t<img decoding=\"async\" src=\"https:\/\/211md.org\/wp-content\/uploads\/bb-plugin\/cache\/2025_MdInfoNet_Icon-Sets_Mental-Health-square-c59b38c4a993a947d4c9280fbe2d2fee-.png\" alt=\"2025_MdInfoNet_Ensembles d&#039;ic\u00f4nes_Sant\u00e9 mentale\" itemprop=\"image\" title=\"2025_MdInfoNet_Ensembles d&#039;ic\u00f4nes_Sant\u00e9 mentale\" onerror=\"this.style.display='none'\" loading=\"lazy\" \/>\n\t\t\t\t<\/a>\n\t\t<h4><a href=\"\/fr\/ressources\/mdreentry\/\" target=\"_self\">Rentr\u00e9e<\/a><\/h4>\n\t\t\t\t<a href=\"\/fr\/ressources\/mdreentry\/\"  target=\"_self\" itemprop=\"url\">\n\t\t\t\t<img decoding=\"async\" src=\"https:\/\/211md.org\/wp-content\/uploads\/bb-plugin\/cache\/2025_211_Icon-Sets_Reentry-square-f36b65d903a62fd4c3819ff05988ca60-.png\" alt=\"Ic\u00f4ne de rentr\u00e9e\" itemprop=\"image\" title=\"2025_211_Ensembles d&#039;ic\u00f4nes_R\u00e9entr\u00e9e\" onerror=\"this.style.display='none'\" loading=\"lazy\" \/>\n\t\t\t\t<\/a>\n\t\t<h4><a href=\"\/fr\/ressources\/consommation-de-substances\/\" target=\"_self\">Consommation de substances<\/a><\/h4>\n\t\t\t\t<a href=\"\/fr\/ressources\/consommation-de-substances\/\"  target=\"_self\" itemprop=\"url\">\n\t\t\t\t<img decoding=\"async\" src=\"https:\/\/211md.org\/wp-content\/uploads\/bb-plugin\/cache\/2025_MdInfoNet_Icon-Sets_Substance-Abuse-square-9022fec9d18a64118ad685c101885b55-.png\" alt=\"2025_MdInfoNet_Ensembles d&#039;ic\u00f4nes_Abus de substances\" itemprop=\"image\" title=\"2025_MdInfoNet_Ensembles d&#039;ic\u00f4nes_Abus de substances\" onerror=\"this.style.display='none'\" loading=\"lazy\" \/>\n\t\t\t\t<\/a>\n\t\t<h4><a href=\"\/fr\/ressources\/anciens-combattants\/\" target=\"_self\">anciens combattants<\/a><\/h4>\n\t\t\t\t<a href=\"\/fr\/ressources\/anciens-combattants\/\"  target=\"_self\" itemprop=\"url\">\n\t\t\t\t<img decoding=\"async\" src=\"https:\/\/211md.org\/wp-content\/uploads\/bb-plugin\/cache\/2025_MdInfoNet_Icon-Sets_Rating-square-6e60d00cce4faa8e0a6d4ad7366aa733-.png\" alt=\"2025_MdInfoNet_Ensembles d&#039;ic\u00f4nes_\u00c9valuation\" itemprop=\"image\" title=\"2025_MdInfoNet_Ensembles d&#039;ic\u00f4nes_\u00c9valuation\" onerror=\"this.style.display='none'\" loading=\"lazy\" \/>\n\t\t\t\t<\/a>","protected":false},"excerpt":{"rendered":"<p>Est-il difficile de changer une couche en public ou de prodiguer des soins personnels \u00e0 un enfant ou \u00e0 un adulte\u00a0? Des tables \u00e0 langer et des installations universelles sont accessibles aux personnes soignantes pour leur permettre de prodiguer les soins n\u00e9cessaires, quelle que soit la taille ou les besoins sp\u00e9cifiques de la personne. Trouvez-en une \u00e0 proximit\u00e9. Pour commencer. Avec l&#039;aimable autorisation du D\u00e9partement des services sociaux du comt\u00e9 de Prince George\u2026<\/p>","protected":false},"author":7,"featured_media":3751,"parent":0,"menu_order":0,"comment_status":"closed","ping_status":"closed","template":"","meta":{"footnotes":""},"class_list":["post-3749","page","type-page","status-publish","has-post-thumbnail","hentry"],"_links":{"self":[{"href":"https:\/\/211md.org\/fr\/wp-json\/wp\/v2\/pages\/3749","targetHints":{"allow":["GET"]}}],"collection":[{"href":"https:\/\/211md.org\/fr\/wp-json\/wp\/v2\/pages"}],"about":[{"href":"https:\/\/211md.org\/fr\/wp-json\/wp\/v2\/types\/page"}],"author":[{"embeddable":true,"href":"https:\/\/211md.org\/fr\/wp-json\/wp\/v2\/users\/7"}],"replies":[{"embeddable":true,"href":"https:\/\/211md.org\/fr\/wp-json\/wp\/v2\/comments?post=3749"}],"version-history":[{"count":9,"href":"https:\/\/211md.org\/fr\/wp-json\/wp\/v2\/pages\/3749\/revisions"}],"predecessor-version":[{"id":33847,"href":"https:\/\/211md.org\/fr\/wp-json\/wp\/v2\/pages\/3749\/revisions\/33847"}],"wp:featuredmedia":[{"embeddable":true,"href":"https:\/\/211md.org\/fr\/wp-json\/wp\/v2\/media\/3751"}],"wp:attachment":[{"href":"https:\/\/211md.org\/fr\/wp-json\/wp\/v2\/media?parent=3749"}],"curies":[{"name":"wp","href":"https:\/\/api.w.org\/{rel}","templated":true}]}}