{"id":3838,"date":"2023-09-06T19:59:51","date_gmt":"2023-09-06T23:59:51","guid":{"rendered":"https:\/\/211md.org\/?page_id=3838"},"modified":"2023-10-31T16:26:11","modified_gmt":"2023-10-31T20:26:11","slug":"formulaire-de-commentaires-sur-lapplication-de-recherche","status":"publish","type":"page","link":"https:\/\/211md.org\/fr\/search-app-feedback-form\/","title":{"rendered":"Formulaire de commentaires sur l&#039;application de recherche"},"content":{"rendered":"<p>Ce formulaire est destin\u00e9 \u00e0 donner des commentaires aux d\u00e9veloppeurs de l&#039;application de recherche de 211 Maryland afin que nous puissions continuer \u00e0 am\u00e9liorer l&#039;exp\u00e9rience de recherche.<\/p>\n<p><strong>*Si vous recherchez de l&#039;aide ou des ressources,&nbsp;<a href=\"\/fr\/contactez-nous\/\">remplissez ce formulaire<\/a> plut\u00f4t.<\/strong><\/p>","protected":false},"excerpt":{"rendered":"<p>Ce formulaire est destin\u00e9 \u00e0 donner des commentaires aux d\u00e9veloppeurs de l&#039;application de recherche de 211 Maryland afin que nous puissions continuer \u00e0 am\u00e9liorer l&#039;exp\u00e9rience de recherche. *Si vous recherchez de l&#039;aide ou des ressources, remplissez plut\u00f4t ce formulaire.<\/p>","protected":false},"author":13,"featured_media":0,"parent":0,"menu_order":0,"comment_status":"closed","ping_status":"closed","template":"","meta":{"footnotes":""},"class_list":["post-3838","page","type-page","status-publish","hentry"],"_links":{"self":[{"href":"https:\/\/211md.org\/fr\/wp-json\/wp\/v2\/pages\/3838","targetHints":{"allow":["GET"]}}],"collection":[{"href":"https:\/\/211md.org\/fr\/wp-json\/wp\/v2\/pages"}],"about":[{"href":"https:\/\/211md.org\/fr\/wp-json\/wp\/v2\/types\/page"}],"author":[{"embeddable":true,"href":"https:\/\/211md.org\/fr\/wp-json\/wp\/v2\/users\/13"}],"replies":[{"embeddable":true,"href":"https:\/\/211md.org\/fr\/wp-json\/wp\/v2\/comments?post=3838"}],"version-history":[{"count":0,"href":"https:\/\/211md.org\/fr\/wp-json\/wp\/v2\/pages\/3838\/revisions"}],"wp:attachment":[{"href":"https:\/\/211md.org\/fr\/wp-json\/wp\/v2\/media?parent=3838"}],"curies":[{"name":"wp","href":"https:\/\/api.w.org\/{rel}","templated":true}]}}