{"id":4075,"date":"2024-06-17T08:03:13","date_gmt":"2024-06-17T12:03:13","guid":{"rendered":"https:\/\/211md.org\/?page_id=4075"},"modified":"2026-01-21T13:08:57","modified_gmt":"2026-01-21T18:08:57","slug":"mdreentry","status":"publish","type":"page","link":"https:\/\/211md.org\/fr\/resources\/mdreentry\/","title":{"rendered":"R\u00e9entr\u00e9e dans le Maryland"},"content":{"rendered":"<h2>Connectez-vous aux ressources de r\u00e9entr\u00e9e<\/h2>\n<p>Bienvenue sur la nouvelle page de ressources unique du Maryland pour aider les personnes incarc\u00e9r\u00e9es et anciennement incarc\u00e9r\u00e9es, ainsi que leurs familles. Trouvez les informations et les ressources dont vous avez besoin et que vous m\u00e9ritez.<\/p>\n<p>&nbsp;<\/p>\n\t\t<h3>\t\n\tR\u00e9-entr\u00e9e par SMS au 898-211<\/h3><p>Inscrivez-vous pour recevoir des messages texte contenant des informations de r\u00e9entr\u00e9e, des services, des programmes et des \u00e9v\u00e9nements.<\/p>\n<p><em>Les utilisateurs mobiles peuvent \u00e9galement cliquer sur le bouton ci-dessous pour s&#039;abonner par SMS.*<\/em><\/p>\n\t\t\t<a href=\"sms:\/\/898-211;?&#038;body=Reentry\"  target=\"_self\">\n\t\t\t\t\t\t\tS&#039;inscrire\n\t\t\t\t\t<\/a>\n\t<p><em>*Maryland Information Network 211 Maryland Inc. propose des programmes d&#039;alerte par SMS qui fournissent des informations sur les ressources r\u00e9gionales ou des alertes en cas de catastrophe. Des frais de SMS et de donn\u00e9es peuvent s&#039;appliquer, et la fr\u00e9quence des messages peut varier. Pour obtenir de l&#039;aide, envoyez \u00ab\u00a0HELP\u00a0\u00bb par SMS. Pour vous d\u00e9sinscrire, envoyez \u00ab\u00a0STOP\u00a0\u00bb par SMS au m\u00eame num\u00e9ro. Conditions compl\u00e8tes des SMS sur <a href=\"https:\/\/211md.org\/fr\/sms\/\">https:\/\/211md.org\/sms\/<\/a> s&#039;appliquera \u00e9galement.\u00a0<\/em><\/p>\n<figure itemscope itemtype=\"https:\/\/schema.org\/ImageObject\">\n\t\t\t\t<img decoding=\"async\" src=\"http:\/\/211md.org\/wp-content\/uploads\/2024\/06\/Department-of-Public-Safety-and-Corrections.png\" alt=\"Minist\u00e8re de la S\u00e9curit\u00e9 publique et des Services correctionnels\" title=\"Minist\u00e8re de la S\u00e9curit\u00e9 publique et des Services correctionnels\" onerror=\"this.style.display='none'\" loading=\"lazy\" \/>\n\t<\/figure>\n<figure itemscope itemtype=\"https:\/\/schema.org\/ImageObject\">\n\t\t\t\t<img decoding=\"async\" src=\"http:\/\/211md.org\/wp-content\/uploads\/2025\/05\/211-MIN_Logo-rgb.svg\" alt=\"Couleur du logo 211 MIN\" height=\"310\" width=\"1366\" title=\"211-MIN_Logo-rgb\" onerror=\"this.style.display='none'\" loading=\"lazy\" \/>\n\t<\/figure>\n\t<h2>Rechercher des ressources de r\u00e9insertion<\/h2>\n<h3><em>Premi\u00e8re base de donn\u00e9es de r\u00e9entr\u00e9e de ressources \u00e0 l&#039;\u00e9chelle de l&#039;\u00c9tat du Maryland<\/em><\/h3>\n\tTrouvez des ressources de r\u00e9insertion par code postal.<br \/>\nCes ressources sont s\u00e9lectionn\u00e9es par des organisations de confiance qui visent \u00e0 accro\u00eetre la s\u00e9curit\u00e9 et le bien-\u00eatre du public, r\u00e9duisant ainsi la r\u00e9cidive.\n\t\t\t<a href=\"https:\/\/search.211md.org\/search?filters%5Bspecial_populations%5D%5B0%5D=Justice%20Involvement\"  target=\"_blank\" rel=\"noopener\">\n\t\t\t\t\t\t\tRecherche\n\t\t\t\t\t<\/a>\n\t\t<h2>\t\n\tComposez le 211<\/h2><p>Connectez-vous aux ressources d&#039;emploi et communautaires 24 heures sur 24, 7 jours sur 7, 365 jours par an.<\/p>\n\t<h2>Emploi pour les personnes impliqu\u00e9es dans la justice<\/h2>\n<p>Les organisations du Maryland sont pr\u00eates \u00e0 aider les personnes impliqu\u00e9es dans la justice \u00e0 trouver un emploi afin qu&#039;elles puissent devenir ind\u00e9pendantes et r\u00e9ussir, pour elles et leur famille. Certaines entreprises s&#039;engagent \u00e0 offrir une seconde chance aux anciens d\u00e9tenus en les embauchant.<\/p>\n<p>D\u00e9couvrez les programmes disponibles pour aider les anciens incarc\u00e9r\u00e9s.<\/p>\n<h3>Navigateur de r\u00e9entr\u00e9e<\/h3>\n<p>Dans le cadre d&#039;un programme de sortie de prison, vous avez peut-\u00eatre rencontr\u00e9 un Reentry Navigator. Vous pouvez joindre un Reentry Navigator avant, pendant ou apr\u00e8s votre lib\u00e9ration.<\/p>\n<p>Ils peuvent vous aider avec des informations et des ressources pour\u00a0:<\/p>\n<ul>\n<li>opportunit\u00e9s d&#039;emploi<\/li>\n<li>comp\u00e9tences professionnelles<\/li>\n<li>l&#039;orientation professionnelle<\/li>\n<li>ateliers de radiation<\/li>\n<li>soutien communautaire<\/li>\n<\/ul>\n<p>Ils peuvent \u00e9galement vous connecter \u00e0 un American Job Center et \u00e0 ses services d&#039;assistance.<\/p>\n<p>Ces navigateurs sont disponibles dans tout le Maryland. Trouver un <a href=\"https:\/\/www.dllr.state.md.us\/employment\/reentry.shtml\" target=\"_blank\" rel=\"noopener\">Navigateur de r\u00e9entr\u00e9e<\/a> pr\u00e8s de toi.<\/p>\n<figure itemscope itemtype=\"https:\/\/schema.org\/ImageObject\">\n\t\t\t\t<img decoding=\"async\" src=\"https:\/\/211md.org\/wp-content\/plugins\/bb-plugin\/img\/pixel.png\" alt=\"\" onerror=\"this.style.display='none'\" loading=\"lazy\" \/>\n\t<\/figure>\n<figure itemscope itemtype=\"https:\/\/schema.org\/ImageObject\">\n\t\t\t\t<img decoding=\"async\" src=\"http:\/\/211md.org\/wp-content\/uploads\/2024\/06\/Job-training-in-a-warehouse.jpg\" alt=\"Formation professionnelle dans un entrep\u00f4t\" title=\"Formation professionnelle dans un entrep\u00f4t\" onerror=\"this.style.display='none'\" loading=\"lazy\" \/>\n\t<\/figure>\n\t<h3>Centres d&#039;emploi am\u00e9ricains du Maryland<\/h3>\n<p>De l&#039;aide est \u00e9galement disponible aupr\u00e8s de tous les centres d&#039;emploi am\u00e9ricains du Maryland. Ils peuvent fournir une assistance gratuite avec des services li\u00e9s \u00e0 l&#039;emploi tels que\u00a0:<\/p>\n<ul>\n<li>exploration de carri\u00e8re<\/li>\n<li>r\u00e9f\u00e9rences \u00e0 des programmes de formation<\/li>\n<li>services de placement<\/li>\n<li>reprendre la pr\u00e9paration<\/li>\n<li>ateliers de comp\u00e9tences professionnelles<\/li>\n<li>pr\u00e9paration au travail<\/li>\n<\/ul>\n<p><a href=\"https:\/\/www.dllr.state.md.us\/county\/\" target=\"_blank\" rel=\"noopener\">Trouvez-en un pr\u00e8s de chez vous<\/a>!<\/p>\n\t<h2>Trouver un emploi avec un casier judiciaire<\/h2>\n<p>Outre les Job Centers am\u00e9ricains, le <a href=\"https:\/\/mwejobs.maryland.gov\/vosnet\/default.aspx\" target=\"_blank\" rel=\"noopener\">\u00c9change de main-d&#039;\u0153uvre du Maryland<\/a> (MWE) peut r\u00e9pondre aux besoins li\u00e9s \u00e0 l&#039;emploi d&#039;un ancien prisonnier r\u00e9int\u00e9grant le march\u00e9 du travail.<\/p>\n<p>MWE est une ressource centrale pour les offres d&#039;emploi dans le Maryland, mais peut \u00e9galement vous aider avec ces services d&#039;emploi\u00a0:<\/p>\n<ul>\n<li><a href=\"https:\/\/mwejobs.maryland.gov\/vosnet\/JobBanks\/JobSearchCriteriaQuick.aspx\" target=\"_blank\" rel=\"noopener\">Chercher du travail<\/a><\/li>\n<li><a href=\"https:\/\/mwejobs.maryland.gov\/vosnet\/loginintro.aspx?action=resumes&amp;plang=E\" target=\"_blank\" rel=\"noopener\">cr\u00e9er un CV<\/a><\/li>\n<li><a href=\"https:\/\/mwejobs.maryland.gov\/vosnet\/MenuLandingPage.aspx?enc=+7ijYqb\/pbmrM\/FoEheZYzKCHV+pK2S8fEZwdY+SZUI=\" target=\"_blank\" rel=\"noopener\">utiliser les services de carri\u00e8re<\/a><\/li>\n<li><a href=\"https:\/\/mwejobs.maryland.gov\/vosnet\/default.aspx\" target=\"_blank\" rel=\"noopener\">trouver des cours et des formations<\/a><\/li>\n<\/ul>\n<p>Utilisez les outils MWE si vous \u00eates qualifi\u00e9 et \u00ab pr\u00eat \u00e0 l\u2019emploi \u00bb. MWE met en relation les employ\u00e9s et les employeurs qui souhaitent embaucher d&#039;anciens d\u00e9linquants \u00e0 la recherche d&#039;un emploi.<\/p>\n<p>D\u00e9couvrez d&#039;autres programmes de pr\u00e9paration \u00e0 l&#039;emploi sur <a href=\"https:\/\/211md.org\/fr\/ressources\/recherche-demploi\/\">Page g\u00e9n\u00e9rale d&#039;emploi du 211<\/a>.<\/p>\n<h3>Des entreprises engag\u00e9es dans une seconde chance<\/h3>\n<p>Les personnes anciennement incarc\u00e9r\u00e9es peuvent \u00e9galement rechercher des opportunit\u00e9s aupr\u00e8s des entreprises qui souhaitent offrir une seconde chance aux personnes impliqu\u00e9es dans la justice. <a href=\"https:\/\/secondchancebusinesscoalition.org\/about\" target=\"_blank\" rel=\"noopener\">Ceci est une liste des membres de la Second Chance Business Coalition.<\/a>. Les grandes entreprises du secteur priv\u00e9 offrent une seconde chance \u00e0 l\u2019embauche. Les anciens d\u00e9linquants peuvent v\u00e9rifier si l&#039;une des entreprises offre des opportunit\u00e9s d&#039;emploi.<\/p>\n<p>Dans le Maryland, <a href=\"https:\/\/secondchancebusinesscoalition.org\/find-partners?production_partnerOrganization%5Bmenu%5D%5Blocation.state%5D=Maryland\" target=\"_blank\" rel=\"noopener\">c&#039;est une liste<\/a> des partenaires de la Second Chance Business Coalition.<\/p>\n<p>Return Home Baltimore\u00ae propose \u00e9galement un <a href=\"https:\/\/returnhome.org\/services\/job-opportunities\" target=\"_blank\" rel=\"noopener\">liste des opportunit\u00e9s d&#039;emploi<\/a> pour les r\u00e9sidents de Baltimore de retour.<\/p>\n<h3>Pour les employeurs<\/h3>\n<p>Il existe \u00e9galement des programmes pour aider les employeurs int\u00e9ress\u00e9s \u00e0 embaucher des personnes anciennement incarc\u00e9r\u00e9es, comme le\u00a0<a href=\"https:\/\/www.dllr.state.md.us\/employment\/wotc.shtml\" target=\"_blank\" rel=\"noopener\">Cr\u00e9dit d&#039;imp\u00f4t pour opportunit\u00e9 de travail<\/a> et le\u00a0<a href=\"https:\/\/www.unicor.gov\/Inmate_Bonding.aspx\" target=\"_blank\" rel=\"noopener\">programme f\u00e9d\u00e9ral d&#039;obligations de fid\u00e9lit\u00e9<\/a> pour avoir embauch\u00e9 d&#039;anciens d\u00e9tenus f\u00e9d\u00e9raux.<\/p>\n<h2>Aide \u00e0 la suppression<\/h2>\n<p>Les avocats peuvent aider les personnes anciennement incarc\u00e9r\u00e9es \u00e0 obtenir la suppression de leur casier judiciaire. Il s&#039;agit d&#039;une proc\u00e9dure judiciaire au cours de laquelle vous demandez que les dossiers ant\u00e9rieurs soient scell\u00e9s ou d\u00e9truits.<\/p>\n<p>Maryland Legal Aid organise des cliniques hebdomadaires et mensuelles dans tout l&#039;\u00c9tat pour aider les personnes \u00e9ligibles \u00e0 r\u00e9soudre divers probl\u00e8mes juridiques, notamment la radiation. Les cliniques sont gratuites et g\u00e9r\u00e9es par Maryland Legal Aid, des avocats b\u00e9n\u00e9voles, des parajuristes, du personnel administratif et des \u00e9tudiants en droit.\u00a0 <a href=\"https:\/\/www.mdlab.org\/free-legal-clinics\/\" target=\"_blank\" rel=\"noopener\">V\u00e9rifiez si une clinique est ouverte prochainement dans votre r\u00e9gion<\/a>Certaines de ces cliniques se concentrent uniquement sur la suppression du casier judiciaire, et d&#039;autres fois, il s&#039;agit d&#039;une vari\u00e9t\u00e9 de probl\u00e8mes juridiques, dont la suppression peut \u00eatre l&#039;un d&#039;entre eux.<\/p>\n\t<h2>Soutien communautaire<\/h2>\n\t<p>D\u00e9partement de la s\u00e9curit\u00e9 publique et des services correctionnels (DPSCS) \u2013 <a href=\"https:\/\/www.dpscs.state.md.us\/index.shtml\" target=\"_blank\" rel=\"noopener\">Tous les programmes<\/a><\/p>\n<p>DPSCS \u2013 <a href=\"https:\/\/www.dpscs.state.md.us\/agencies\/ci.shtml\" target=\"_blank\" rel=\"noopener\">Programmes d\u2019investissement communautaire<\/a> (comme Reentry)<\/p>\n<p><a href=\"https:\/\/search.211md.org\/search?query=DPSCS&amp;query_label=Reentry%20Services&amp;query_type=taxonomy\" target=\"_blank\" rel=\"noopener\">211 Ressources de r\u00e9entr\u00e9e<\/a><\/p>\n<p><a href=\"https:\/\/returnhome.org\/\" target=\"_blank\" rel=\"noopener\">Retour \u00e0 la maison Baltimore<\/a><\/p>\n<p><a href=\"https:\/\/www.princegeorgescountymd.gov\/community\/health--human-services\/health-services\/programs--services\/behavioral-health\/the-bridge-center-at-adams-house\" target=\"_blank\" rel=\"noopener\">Centre de pont \u00e0 la maison d&#039;Adam<\/a> (Comt\u00e9 de Prince George)<\/p>\n<p>&nbsp;<\/p>\n\t\t<h4><a href=\"\/fr\/ressources\/vieillissement-handicap\/?utm_source=Home&#038;utm_medium=Referral&#038;utm_campaign=211Resources&#038;utm_content=Aging\" target=\"_self\">Vieillissement &amp; Handicap<\/a><\/h4><figure itemscope itemtype=\"https:\/\/schema.org\/ImageObject\">\n\t\t\t\t<a href=\"\/fr\/ressources\/vieillissement-handicap\/?utm_source=Home&#038;utm_medium=Referral&#038;utm_campaign=211Resources&#038;utm_content=Aging\"  target=\"_self\" itemprop=\"url\">\n\t\t\t\t<img decoding=\"async\" src=\"https:\/\/211md.org\/wp-content\/uploads\/bb-plugin\/cache\/2025_MdInfoNet_Icon-Sets_Aging-disability-square-c466727102cae71e5f27b8539bb51945-.png\" alt=\"\" onerror=\"this.style.display='none'\" loading=\"lazy\" \/>\n\t\t\t\t<\/a>\n\t<\/figure>\n\t\t<h4><a href=\"\/fr\/ressources\/enfants-familles\/?utm_source=Home&#038;utm_medium=Referral&#038;utm_campaign=211Resources&#038;utm_content=Children\" target=\"_self\">Enfants et familles<\/a><\/h4><figure itemscope itemtype=\"https:\/\/schema.org\/ImageObject\">\n\t\t\t\t<a href=\"\/fr\/ressources\/enfants-familles\/?utm_source=Home&#038;utm_medium=Referral&#038;utm_campaign=211Resources&#038;utm_content=Children\"  target=\"_self\" itemprop=\"url\">\n\t\t\t\t<img decoding=\"async\" src=\"https:\/\/211md.org\/wp-content\/uploads\/bb-plugin\/cache\/2025_211_Icon-Sets_Child-care-square-f3b0d4edab3dcc467fadb5f55f4064c6-.png\" alt=\"parent and child icon for child care\" height=\"417\" width=\"417\" title=\"2025_211_Ensembles d&#039;ic\u00f4nes_Garde d&#039;enfants\" onerror=\"this.style.display='none'\" loading=\"lazy\" \/>\n\t\t\t\t<\/a>\n\t<\/figure>\n\t\t<h4><a href=\"\/fr\/ressources\/violence-familiale-domestique\/?utm_source=Home&#038;utm_medium=Referral&#038;utm_campaign=211Resources&#038;utm_content=Domestic\" target=\"_self\">Violence Domestique<\/a><\/h4><figure itemscope itemtype=\"https:\/\/schema.org\/ImageObject\">\n\t\t\t\t<a href=\"\/fr\/ressources\/violence-familiale-domestique\/?utm_source=Home&#038;utm_medium=Referral&#038;utm_campaign=211Resources&#038;utm_content=Domestic\"  target=\"_self\" itemprop=\"url\">\n\t\t\t\t<img decoding=\"async\" src=\"https:\/\/211md.org\/wp-content\/uploads\/bb-plugin\/cache\/2025_211_Icon-Sets_Domestic-Violence-square-7b597694a6f05fe90cdc376aa573bc63-.png\" alt=\"House with a heart in the middle icon\" height=\"417\" width=\"417\" title=\"2025_211_Ensembles d&#039;ic\u00f4nes_Violence domestique\" onerror=\"this.style.display='none'\" loading=\"lazy\" \/>\n\t\t\t\t<\/a>\n\t<\/figure>\n\t\t<h4><a href=\"\/fr\/ressources\/recherche-demploi\/?utm_source=Home&#038;utm_medium=Referral&#038;utm_campaign=211Resources&#038;utm_content=Employment\" target=\"_self\">Emploi<\/a><\/h4><figure itemscope itemtype=\"https:\/\/schema.org\/ImageObject\">\n\t\t\t\t<a href=\"\/fr\/ressources\/recherche-demploi\/?utm_source=Home&#038;utm_medium=Referral&#038;utm_campaign=211Resources&#038;utm_content=Employment\"  target=\"_self\" itemprop=\"url\">\n\t\t\t\t<img decoding=\"async\" src=\"https:\/\/211md.org\/wp-content\/uploads\/bb-plugin\/cache\/2025_MdInfoNet_Icon-Sets_Employment-square-44707bd410e4df10a470bf130ebcea86-.png\" alt=\"\" onerror=\"this.style.display='none'\" loading=\"lazy\" \/>\n\t\t\t\t<\/a>\n\t<\/figure>\n\t\t<h4><a href=\"\/fr\/ressources\/soins-de-sante\/?utm_source=Home&#038;utm_medium=Referral&#038;utm_campaign=211Resources&#038;utm_content=Health%20Care\" target=\"_self\">Soins de sant\u00e9<\/a><\/h4><figure itemscope itemtype=\"https:\/\/schema.org\/ImageObject\">\n\t\t\t\t<a href=\"\/fr\/ressources\/soins-de-sante\/?utm_source=Home&#038;utm_medium=Referral&#038;utm_campaign=211Resources&#038;utm_content=Health%20Care\"  target=\"_self\" itemprop=\"url\">\n\t\t\t\t<img decoding=\"async\" src=\"https:\/\/211md.org\/wp-content\/uploads\/bb-plugin\/cache\/2025_MdInfoNet_Icon-Sets_Health-Care-square-dee98a0060cbe0e7f27eda253fc12679-.png\" alt=\"\" onerror=\"this.style.display='none'\" loading=\"lazy\" \/>\n\t\t\t\t<\/a>\n\t<\/figure>\n\t\t<h4><a href=\"\/fr\/ressources\/enfants-familles\/parente\/?utm_source=Home&#038;utm_medium=Referral&#038;utm_campaign=211Resources&#038;utm_content=Kinship\" target=\"_self\">Parent\u00e9<\/a><\/h4><figure itemscope itemtype=\"https:\/\/schema.org\/ImageObject\">\n\t\t\t\t<a href=\"\/fr\/ressources\/enfants-familles\/parente\/?utm_source=Home&#038;utm_medium=Referral&#038;utm_campaign=211Resources&#038;utm_content=Kinship\"  target=\"_self\" itemprop=\"url\">\n\t\t\t\t<img decoding=\"async\" src=\"https:\/\/211md.org\/wp-content\/uploads\/bb-plugin\/cache\/2025_211_Icon-Sets_Kinship-square-45bdf872866f5735f842c32071109267-.png\" alt=\"Ic\u00f4ne de parent\u00e9\" height=\"417\" width=\"417\" title=\"2025_211_Ensembles d&#039;ic\u00f4nes_Parent\u00e9\" onerror=\"this.style.display='none'\" loading=\"lazy\" \/>\n\t\t\t\t<\/a>\n\t<\/figure>\n\t\t<h4><a href=\"\/fr\/ressources\/services-juridiques\/?utm_source=Home&#038;utm_medium=Referral&#038;utm_campaign=211Resources&#038;utm_content=Legal\" target=\"_self\">Services juridiques<\/a><\/h4><figure itemscope itemtype=\"https:\/\/schema.org\/ImageObject\">\n\t\t\t\t<a href=\"\/fr\/ressources\/services-juridiques\/?utm_source=Home&#038;utm_medium=Referral&#038;utm_campaign=211Resources&#038;utm_content=Legal\"  target=\"_self\" itemprop=\"url\">\n\t\t\t\t<img decoding=\"async\" src=\"https:\/\/211md.org\/wp-content\/uploads\/bb-plugin\/cache\/2025_MdInfoNet_Icon-Sets_Legal-square-18fdf438feb8435588174d9046463257-.png\" alt=\"\" onerror=\"this.style.display='none'\" loading=\"lazy\" \/>\n\t\t\t\t<\/a>\n\t<\/figure>\n\t\t<h4><a href=\"\/fr\/ressources\/sante-mentale\/?utm_source=Home&#038;utm_medium=Referral&#038;utm_campaign=211Resources&#038;utm_content=Mental\" target=\"_self\">Sant\u00e9 mentale<\/a><\/h4><figure itemscope itemtype=\"https:\/\/schema.org\/ImageObject\">\n\t\t\t\t<a href=\"\/fr\/ressources\/sante-mentale\/?utm_source=Home&#038;utm_medium=Referral&#038;utm_campaign=211Resources&#038;utm_content=Mental\"  target=\"_self\" itemprop=\"url\">\n\t\t\t\t<img decoding=\"async\" src=\"https:\/\/211md.org\/wp-content\/uploads\/bb-plugin\/cache\/2025_MdInfoNet_Icon-Sets_Mental-Health-square-c59b38c4a993a947d4c9280fbe2d2fee-.png\" alt=\"\" onerror=\"this.style.display='none'\" loading=\"lazy\" \/>\n\t\t\t\t<\/a>\n\t<\/figure>\n\t\t<h4><a href=\"\/fr\/ressources\/mdreentry\/?utm_source=Home&#038;utm_medium=Referral&#038;utm_campaign=211Resources&#038;utm_content=Reentry\" target=\"_self\">Rentr\u00e9e<\/a><\/h4><figure itemscope itemtype=\"https:\/\/schema.org\/ImageObject\">\n\t\t\t\t<a href=\"\/fr\/ressources\/mdreentry\/?utm_source=Home&#038;utm_medium=Referral&#038;utm_campaign=211Resources&#038;utm_content=Reentry\"  target=\"_self\" itemprop=\"url\">\n\t\t\t\t<img decoding=\"async\" src=\"https:\/\/211md.org\/wp-content\/uploads\/bb-plugin\/cache\/2025_211_Icon-Sets_Reentry-square-8676fea38abd920a832f45642fe31cca-.png\" alt=\"Ic\u00f4ne de rentr\u00e9e\" height=\"417\" width=\"417\" title=\"2025_211_Ensembles d&#039;ic\u00f4nes_R\u00e9entr\u00e9e\" onerror=\"this.style.display='none'\" loading=\"lazy\" \/>\n\t\t\t\t<\/a>\n\t<\/figure>\n\t\t<h4><a href=\"\/fr\/ressources\/consommation-de-substances\/?utm_source=Home&#038;utm_medium=Referral&#038;utm_campaign=211Resources&#038;utm_content=Substance\" target=\"_self\">Consommation de substances<\/a><\/h4><figure itemscope itemtype=\"https:\/\/schema.org\/ImageObject\">\n\t\t\t\t<a href=\"\/fr\/ressources\/consommation-de-substances\/?utm_source=Home&#038;utm_medium=Referral&#038;utm_campaign=211Resources&#038;utm_content=Substance\"  target=\"_self\" itemprop=\"url\">\n\t\t\t\t<img decoding=\"async\" src=\"https:\/\/211md.org\/wp-content\/uploads\/bb-plugin\/cache\/2025_MdInfoNet_Icon-Sets_Substance-Abuse-square-9022fec9d18a64118ad685c101885b55-.png\" alt=\"\" onerror=\"this.style.display='none'\" loading=\"lazy\" \/>\n\t\t\t\t<\/a>\n\t<\/figure>\n\t\t<h4><a href=\"\/fr\/ressources\/anciens-combattants\/?utm_source=Home&#038;utm_medium=Referral&#038;utm_campaign=211Resources&#038;utm_content=Veterans\" target=\"_self\">anciens combattants<\/a><\/h4><figure itemscope itemtype=\"https:\/\/schema.org\/ImageObject\">\n\t\t\t\t<a href=\"\/fr\/ressources\/anciens-combattants\/?utm_source=Home&#038;utm_medium=Referral&#038;utm_campaign=211Resources&#038;utm_content=Veterans\"  target=\"_self\" itemprop=\"url\">\n\t\t\t\t<img decoding=\"async\" src=\"https:\/\/211md.org\/wp-content\/uploads\/bb-plugin\/cache\/2025_MdInfoNet_Icon-Sets_Rating-square-6e60d00cce4faa8e0a6d4ad7366aa733-.png\" alt=\"\" onerror=\"this.style.display='none'\" loading=\"lazy\" \/>\n\t\t\t\t<\/a>\n\t<\/figure>","protected":false},"excerpt":{"rendered":"<p>Connectez-vous aux ressources de r\u00e9entr\u00e9e Bienvenue sur la nouvelle page de ressources unique du Maryland pour aider les personnes incarc\u00e9r\u00e9es et anciennement incarc\u00e9r\u00e9es, ainsi que leurs familles. Trouvez les informations et les ressources dont vous avez besoin et que vous m\u00e9ritez.  Envoyez un SMS de r\u00e9entr\u00e9e au 898-211 Inscrivez-vous pour recevoir des messages texte contenant des informations, des services, des programmes et des \u00e9v\u00e9nements de r\u00e9entr\u00e9e. Les utilisateurs mobiles peuvent \u00e9galement cliquer sur le bouton\u2026<\/p>","protected":false},"author":7,"featured_media":4087,"parent":930,"menu_order":0,"comment_status":"closed","ping_status":"closed","template":"","meta":{"footnotes":""},"class_list":["post-4075","page","type-page","status-publish","has-post-thumbnail","hentry"],"_links":{"self":[{"href":"https:\/\/211md.org\/fr\/wp-json\/wp\/v2\/pages\/4075","targetHints":{"allow":["GET"]}}],"collection":[{"href":"https:\/\/211md.org\/fr\/wp-json\/wp\/v2\/pages"}],"about":[{"href":"https:\/\/211md.org\/fr\/wp-json\/wp\/v2\/types\/page"}],"author":[{"embeddable":true,"href":"https:\/\/211md.org\/fr\/wp-json\/wp\/v2\/users\/7"}],"replies":[{"embeddable":true,"href":"https:\/\/211md.org\/fr\/wp-json\/wp\/v2\/comments?post=4075"}],"version-history":[{"count":9,"href":"https:\/\/211md.org\/fr\/wp-json\/wp\/v2\/pages\/4075\/revisions"}],"predecessor-version":[{"id":33660,"href":"https:\/\/211md.org\/fr\/wp-json\/wp\/v2\/pages\/4075\/revisions\/33660"}],"up":[{"embeddable":true,"href":"https:\/\/211md.org\/fr\/wp-json\/wp\/v2\/pages\/930"}],"wp:featuredmedia":[{"embeddable":true,"href":"https:\/\/211md.org\/fr\/wp-json\/wp\/v2\/media\/4087"}],"wp:attachment":[{"href":"https:\/\/211md.org\/fr\/wp-json\/wp\/v2\/media?parent=4075"}],"curies":[{"name":"wp","href":"https:\/\/api.w.org\/{rel}","templated":true}]}}