{"id":4106,"date":"2024-07-10T20:00:00","date_gmt":"2024-07-11T00:00:00","guid":{"rendered":"https:\/\/211md.org\/?page_id=4106"},"modified":"2024-09-30T11:13:41","modified_gmt":"2024-09-30T15:13:41","slug":"deja-2","status":"publish","type":"page","link":"https:\/\/211md.org\/fr\/about\/text-messages\/mdready-2\/","title":{"rendered":"Alertes SMS MdReady personnalis\u00e9es"},"content":{"rendered":"<h2>Alertes SMS d&#039;urgence du Maryland<\/h2>\n<p>La nouvelle technologie de MdReady fournit des alertes ultra-rapides en cas de conditions m\u00e9t\u00e9orologiques extr\u00eames, d&#039;inondations, d&#039;incendies de for\u00eat et de menaces pour la sant\u00e9 publique. Recevez des alertes en fonction de votre emplacement et dans la langue de votre choix.<\/p>\n<p>Ce partenariat entre le 211 Maryland et le <a href=\"https:\/\/mdready.maryland.gov\/Pages\/default.aspx\" target=\"_blank\" rel=\"noopener\">D\u00e9partement de gestion des urgences du Maryland<\/a> vous tient inform\u00e9 afin que vous puissiez planifier et vous pr\u00e9parer.<\/p>\n\t\t\t\t<img decoding=\"async\" src=\"http:\/\/211md.org\/wp-content\/uploads\/2024\/07\/MdReady-Color-Logo.png\" alt=\"Logo couleur MdReady\" itemprop=\"image\" title=\"Logo couleur MdReady\" onerror=\"this.style.display='none'\"  \/>\n\t<h3>Personnalisez vos alertes<\/h3>\n<p><em>211 Maryland propose des programmes d&#039;alerte par SMS qui fournissent des informations sur les ressources sp\u00e9cifiques \u00e0 la r\u00e9gion ou des alertes en cas de catastrophe. Des frais de messagerie et de donn\u00e9es peuvent s&#039;appliquer. La fr\u00e9quence des messages peut varier. Texte <strong>ARR\u00caT<\/strong> au m\u00eame num\u00e9ro pour vous d\u00e9sabonner. Pour obtenir de l&#039;aide, envoyez un SMS <strong>AIDE<\/strong>. Conditions SMS compl\u00e8tes sur\u00a0<a href=\"https:\/\/211md.org\/fr\/sms\/\">https:\/\/211md.org\/sms\/<\/a>\u00a0et\u00a0<a href=\"https:\/\/211md.org\/fr\/politique-de-confidentialite\/\">politique de confidentialit\u00e9<\/a>\u00a0s&#039;appliquera \u00e9galement.\u00a0<\/em><\/p>\n\t<h2>\u00c0 propos de MdReady<\/h2>\n<p>Depuis f\u00e9vrier 2020, le 211 s\u2019est associ\u00e9 au MDEM pour diffuser des alertes par SMS avant, pendant et apr\u00e8s une crise. Pr\u00e8s de 190 000 personnes se sont abonn\u00e9es \u00e0 ces alertes.<\/p>\n<p>Cette nouvelle technologie nous permet de joindre les abonn\u00e9s en un peu plus de six minutes.<\/p>\n<p>En choisissant leur langue et leur(s) localisation(s) pr\u00e9f\u00e9r\u00e9e(s), les utilisateurs peuvent recevoir des alertes plus personnalis\u00e9es. La traduction est disponible en 183 langues.<\/p>\n<p>En cas d\u2019urgence comme une crue soudaine, le niveau de l\u2019eau peut monter de plusieurs m\u00e8tres en quelques minutes, donc chaque seconde compte.<\/p>\n<p>MdReady\/MdListo est toujours pr\u00eat \u00e0 aider le Maryland \u00e0 se pr\u00e9parer, \u00e0 rester inform\u00e9 et \u00e0 r\u00e9cup\u00e9rer.<\/p>\n<p>Pour acc\u00e9der aux conseils et informations de pr\u00e9paration, installez l&#039;application Web MdReady en visitant\u00a0<a href=\"http:\/\/mdready.maryland.gov\/\" target=\"_blank\" rel=\"noopener\">MdReady.Maryland.gov<\/a> sur le navigateur Web de votre appareil mobile.<\/p>\n<h3>\n\t\tFaites passer le message sur ces alertes\n\t<\/h3>\n\t<p>Nous appr\u00e9cions votre int\u00e9r\u00eat \u00e0 faire conna\u00eetre les alertes SMS MdReady de l&#039;\u00c9tat, qui informent les Marylanders avant, pendant et apr\u00e8s une crise.<\/p>\n<p>Aidez-nous \u00e0 faire passer le message ! <a href=\"https:\/\/forms.gle\/4BvexjFkxUy4qmfZ6?utm_source=Link&amp;utm_medium=211Web&amp;utm_campaign=Marketing&amp;utm_content=\" target=\"_blank\" rel=\"noopener\">Demander l&#039;acc\u00e8s aux fichiers MdReady<\/a>.<\/p>","protected":false},"excerpt":{"rendered":"<p>Alertes SMS d&#039;urgence du Maryland La nouvelle technologie de MdReady fournit des alertes ultra-rapides en cas de conditions m\u00e9t\u00e9orologiques extr\u00eames, d&#039;inondations, d&#039;incendies de for\u00eat et de menaces pour la sant\u00e9 publique. Recevez des alertes pour votre emplacement et dans votre langue pr\u00e9f\u00e9r\u00e9e. Ce partenariat entre 211 Maryland et le D\u00e9partement de gestion des urgences du Maryland vous tient inform\u00e9 afin que vous puissiez planifier et vous pr\u00e9parer. Personnalisez vos alertes 211 Maryland\u2026<\/p>","protected":false},"author":13,"featured_media":0,"parent":962,"menu_order":0,"comment_status":"closed","ping_status":"closed","template":"","meta":{"footnotes":""},"class_list":["post-4106","page","type-page","status-publish","hentry"],"_links":{"self":[{"href":"https:\/\/211md.org\/fr\/wp-json\/wp\/v2\/pages\/4106","targetHints":{"allow":["GET"]}}],"collection":[{"href":"https:\/\/211md.org\/fr\/wp-json\/wp\/v2\/pages"}],"about":[{"href":"https:\/\/211md.org\/fr\/wp-json\/wp\/v2\/types\/page"}],"author":[{"embeddable":true,"href":"https:\/\/211md.org\/fr\/wp-json\/wp\/v2\/users\/13"}],"replies":[{"embeddable":true,"href":"https:\/\/211md.org\/fr\/wp-json\/wp\/v2\/comments?post=4106"}],"version-history":[{"count":0,"href":"https:\/\/211md.org\/fr\/wp-json\/wp\/v2\/pages\/4106\/revisions"}],"up":[{"embeddable":true,"href":"https:\/\/211md.org\/fr\/wp-json\/wp\/v2\/pages\/962"}],"wp:attachment":[{"href":"https:\/\/211md.org\/fr\/wp-json\/wp\/v2\/media?parent=4106"}],"curies":[{"name":"wp","href":"https:\/\/api.w.org\/{rel}","templated":true}]}}